{"id":749,"date":"2021-02-03T18:53:33","date_gmt":"2021-02-03T17:53:33","guid":{"rendered":"http:\/\/nowastrona.up.lublin.pl\/wip\/?page_id=749"},"modified":"2024-05-11T10:42:14","modified_gmt":"2024-05-11T08:42:14","slug":"plany-studiow-obowiazujace-w-roku-akademickim-2020-2021-dla-i-roku-studiow-stacjonarnych-i-niestacjonarnych-pierwszego-i-drugiego-stopnia","status":"publish","type":"page","link":"https:\/\/up.lublin.pl\/wip\/ksztalcenie\/plany-studiow-obowiazujace-w-roku-akademickim-2020-2021-dla-i-roku-studiow-stacjonarnych-i-niestacjonarnych-pierwszego-i-drugiego-stopnia\/","title":{"rendered":"Plany studi\u00f3w obowi\u0105zuj\u0105ce w roku akademickim 2020\/2021 dla I roku studi\u00f3w stacjonarnych i niestacjonarnych pierwszego i drugiego stopnia"},"content":{"rendered":"\t\t<div data-elementor-type=\"wp-page\" data-elementor-id=\"749\" class=\"elementor elementor-749\" data-elementor-settings=\"[]\">\n\t\t\t\t\t\t<div class=\"elementor-inner\">\n\t\t\t\t\t\t\t<div class=\"elementor-section-wrap\">\n\t\t\t\t\t\t\t<section class=\"elementor-section elementor-top-section elementor-element elementor-element-aa4b3a9 elementor-section-boxed elementor-section-height-default elementor-section-height-default\" data-id=\"aa4b3a9\" data-element_type=\"section\">\n\t\t\t\t\t\t<div class=\"elementor-container elementor-column-gap-default\">\n\t\t\t\t\t\t\t<div class=\"elementor-row\">\n\t\t\t\t\t<div class=\"elementor-column elementor-col-100 elementor-top-column elementor-element elementor-element-1bfc672\" data-id=\"1bfc672\" data-element_type=\"column\">\n\t\t\t<div class=\"elementor-column-wrap elementor-element-populated\">\n\t\t\t\t\t\t\t<div class=\"elementor-widget-wrap\">\n\t\t\t\t\t\t<div class=\"elementor-element elementor-element-e18d5e0 elementor-widget elementor-widget-m5c\" data-id=\"e18d5e0\" data-element_type=\"widget\" data-widget_type=\"m5c.default\">\n\t\t\t\t<div class=\"elementor-widget-container\">\n\t\t\t<section class=\"mn-m5-c mn-m5-d2 mn-bg-white\">\n\t<div class=\"mn-grid\">\n\t\t\t\t<div class=\"mn-content mn-grid-9\">\n\t\t\t                <div class=\"mn-content-block active\">\n\t                                                        <div class=\"block-text\">\n\t                                        <h5>\u2190 <a href=\"http:\/\/up.lublin.pl\/wip\/ksztalcenie\/\">powr\u00f3t\u00a0<\/a><\/h5>\n                                        <\/div>\n\t\t\t\t\t\t                                                        <div class=\"block-text\">\n\t                                        <h1 style=\"text-align: center\">Plany studi\u00f3w obowi\u0105zuj\u0105ce w&nbsp;roku akademickim 2023\/2024 dla IV roku studi\u00f3w stacjonarnych i&nbsp;niestacjonarnych pierwszego stopnia<\/h1>\n<h3 style=\"text-align: center\">KIERUNEK | Specjalno\u015b\u0107<\/h3>\n<table width=\"100%\">\n<tbody>\n<tr>\n<td bgcolor=\"#669999\"><strong style=\"text-align: left\">In\u017cynieria \u015brodowiska<\/strong><\/td>\n<td colspan=\"2\" bgcolor=\"#669999\">\u00a0<\/td>\n<\/tr>\n<tr>\n<td>studia stacjonarne I&nbsp;stopnia<\/td>\n<td colspan=\"2\"><a href=\"\/files\/inzynieria\/plany-studiow-2020-2021\/IS\/plan_studiow_s_i_2020-2021.docx\" target=\"_blank\" rel=\"noopener noreferrer\"><img src=\"\/files\/images\/inzynieria\/Ico\/acrobat_ico.gif\" alt=\"acrobat\" \/><\/a><\/td>\n<\/tr>\n<tr>\n<td>studia niestacjonarne I&nbsp;stopnia<\/td>\n<td colspan=\"2\"><a href=\"\/files\/inzynieria\/plany-studiow-2020-2021\/IS\/plan_studiow_n_i_2020-2021.docx\" target=\"_blank\" rel=\"noopener noreferrer\"><img src=\"\/files\/images\/inzynieria\/Ico\/acrobat_ico.gif\" alt=\"acrobat\" \/><\/a><\/td>\n<\/tr>\n<tr>\n<td>studia stacjonarne II stopnia<\/td>\n<td colspan=\"2\"><a href=\"\/files\/inzynieria\/plany-studiow-2020-2021\/IS\/plan_studiow_s_ii_2020-2021.docx\" target=\"_blank\" rel=\"noopener noreferrer\"><img src=\"\/files\/images\/inzynieria\/Ico\/acrobat_ico.gif\" alt=\"acrobat\" \/><\/a><\/td>\n<\/tr>\n<tr>\n<td>studia niestacjonarne II stopnia<\/td>\n<td colspan=\"2\"><a href=\"\/files\/inzynieria\/plany-studiow-2020-2021\/IS\/plan_studiow_n_ii_2020-2021.docx\" target=\"_blank\" rel=\"noopener noreferrer\"><img src=\"\/files\/images\/inzynieria\/Ico\/acrobat_ico.gif\" alt=\"acrobat\" \/><\/a><\/td>\n<\/tr>\n<tr>\n<td>\u00a0<\/td>\n<td colspan=\"2\">\u00a0<\/td>\n<\/tr>\n<tr>\n<td bgcolor=\"#669999\"><strong style=\"text-align: left\">In\u017cynieria rolnicza i&nbsp;le\u015bna<\/strong><\/td>\n<td colspan=\"2\" bgcolor=\"#669999\">\u00a0<\/td>\n<\/tr>\n<tr>\n<td><span style=\"text-align: left\">specjalno\u015bc: <\/span><strong><span style=\"text-align: left\">inzynieria \u017cywno\u015bci<\/span><\/strong><\/td>\n<td colspan=\"2\">\u00a0<\/td>\n<\/tr>\n<tr>\n<td>studia stacjonarne I&nbsp;stopnia<\/td>\n<td colspan=\"2\"><a href=\"\/files\/inzynieria\/plany-studiow-2020-2021\/iril\/iz_i_st_stac.xlsx\" target=\"_blank\" rel=\"noopener noreferrer\"><img src=\"\/files\/images\/inzynieria\/Ico\/acrobat_ico.gif\" alt=\"acrobat\" \/><\/a><\/td>\n<\/tr>\n<tr>\n<td>studia niestacjonarne I&nbsp;stopnia<\/td>\n<td colspan=\"2\"><a href=\"\/files\/inzynieria\/plany-studiow-2020-2021\/iril\/iz_i_st_nstac.xlsx\" target=\"_blank\" rel=\"noopener noreferrer\"><img src=\"\/files\/images\/inzynieria\/Ico\/acrobat_ico.gif\" alt=\"acrobat\" \/><\/a><\/td>\n<\/tr>\n<tr>\n<td>specjalno\u015b\u0107: <strong>odnawialnie \u017ar\u00f3d\u0142a energii i&nbsp;ekoenergetyka<\/strong><\/td>\n<td colspan=\"2\">\u00a0<\/td>\n<\/tr>\n<tr>\n<td>studia stacjonarne I&nbsp;stopnia<\/td>\n<td colspan=\"2\"><a href=\"\/files\/inzynieria\/plany-studiow-2020-2021\/iril\/ozeie_i_st_stac.xlsx\" target=\"_blank\" rel=\"noopener noreferrer\"><img src=\"\/files\/images\/inzynieria\/Ico\/acrobat_ico.gif\" alt=\"acrobat\" \/><\/a><\/td>\n<\/tr>\n<tr>\n<td>studia niestacjonarne I&nbsp;stopnia<\/td>\n<td colspan=\"2\"><a href=\"\/files\/inzynieria\/plany-studiow-2020-2021\/iril\/ozeie_i_st_niest.xlsx\"><img src=\"\/files\/images\/inzynieria\/Ico\/acrobat_ico.gif\" alt=\"acrobat\" \/><\/a><\/td>\n<\/tr>\n<tr>\n<td>specjalno\u015b\u0107: <strong>technika motoryzacyjna i&nbsp;energetyka<\/strong><\/td>\n<td colspan=\"2\">\u00a0<\/td>\n<\/tr>\n<tr>\n<td>studia stacjonarne I&nbsp;stopnia<\/td>\n<td colspan=\"2\"><a href=\"\/files\/inzynieria\/plany-studiow-2020-2021\/iril\/tmie_i_st_stac.xlsx\" target=\"_blank\" rel=\"noopener noreferrer\"><img src=\"\/files\/images\/inzynieria\/Ico\/acrobat_ico.gif\" alt=\"acrobat\" \/><\/a><\/td>\n<\/tr>\n<tr>\n<td>studia niestacjonarne I&nbsp;stopnia<\/td>\n<td colspan=\"2\"><a href=\"\/files\/inzynieria\/plany-studiow-2020-2021\/iril\/tmie_i_st_nstac.xlsx\" target=\"_blank\" rel=\"noopener noreferrer\"><img src=\"\/files\/images\/inzynieria\/Ico\/acrobat_ico.gif\" alt=\"acrobat\" \/><\/a><\/td>\n<\/tr>\n<tr>\n<td>specjalno\u015b\u0107: <strong>systemy komputerowe w&nbsp;in\u017cynierii produkcji<\/strong><\/td>\n<td colspan=\"2\">\u00a0<\/td>\n<\/tr>\n<tr>\n<td>studia stacjonarne I&nbsp;stopnia<\/td>\n<td colspan=\"2\"><a href=\"\/files\/inzynieria\/plany-studiow-2020-2021\/iril\/skwip_i_st_stac.xlsx\"><img src=\"\/files\/images\/inzynieria\/Ico\/acrobat_ico.gif\" alt=\"acrobat\" \/><\/a><\/td>\n<\/tr>\n<tr>\n<td>studia niestacjonarne I&nbsp;stopnia<\/td>\n<td colspan=\"2\"><a href=\"\/files\/inzynieria\/plany-studiow-2020-2021\/iril\/skwip_i_st_nstac.xlsx\"><img src=\"\/files\/images\/inzynieria\/Ico\/acrobat_ico.gif\" alt=\"acrobat\" \/><\/a><\/td>\n<\/tr>\n<tr>\n<td>\n<p><em>przedmioty z&nbsp;obszar\u00f3w nauk humanistycznych i&nbsp;nauk spo\u0142ecznych<\/em><\/p>\n<p><em>studia stacjonarne<\/em><\/p>\n<\/td>\n<td colspan=\"2\"><a href=\"\/files\/inzynieria\/plany-studiow-2020-2021\/iril\/przedm_hum_i_spol_studia_st.xlsx\"><img src=\"\/files\/images\/inzynieria\/Ico\/acrobat_ico.gif\" alt=\"acrobat\" \/><\/a><\/td>\n<\/tr>\n<tr>\n<td>\n<p><em>przedmioty z&nbsp;obszar\u00f3w nauk humanistycznych i&nbsp;nauk spo\u0142ecznych<\/em><\/p>\n<p><em>studia niestacjonarne<\/em><\/p>\n<\/td>\n<td colspan=\"2\"><a href=\"\/files\/inzynieria\/plany-studiow-2020-2021\/iril\/przedm_hum_i_spol_studia_niest.xlsx\"><img src=\"\/files\/images\/inzynieria\/Ico\/acrobat_ico.gif\" alt=\"acrobat\" \/><\/a><\/td>\n<\/tr>\n<tr>\n<td>\n<p><em>fakultety i&nbsp;przedmioty do wyboru<\/em><\/p>\n<p><em>studia stacjonarne<\/em><\/p>\n<\/td>\n<td colspan=\"2\"><a href=\"\/files\/inzynieria\/plany-studiow-2020-2021\/iril\/fakultety_i_przedmioty_do_wyboru_stacj.xlsx\"><img src=\"\/files\/images\/inzynieria\/Ico\/acrobat_ico.gif\" alt=\"acrobat\" \/><\/a><\/td>\n<\/tr>\n<tr>\n<td>\n<p><em>fakultety i&nbsp;przedmioty do wyboru<\/em><\/p>\n<p><em>studia niestacjonarne<\/em><\/p>\n<\/td>\n<td colspan=\"2\"><a href=\"\/files\/inzynieria\/plany-studiow-2020-2021\/iril\/fakultety_i_przedmioty_do_wyboru_niest.xlsx\"><img src=\"\/files\/images\/inzynieria\/Ico\/acrobat_ico.gif\" alt=\"acrobat\" \/><\/a><\/td>\n<\/tr>\n<tr>\n<td>\u00a0<\/td>\n<td colspan=\"2\">\u00a0<\/td>\n<\/tr>\n<tr>\n<td bgcolor=\"#669999\"><strong>Zarz\u0105dzanie i&nbsp;in\u017cynieria produkcji<\/strong><\/td>\n<td bgcolor=\"#669999\">\u00a0<\/td>\n<td>\u00a0<\/td>\n<\/tr>\n<tr>\n<td>specjalno\u015b\u0107: <strong>in\u017cynieria zarz\u0105dzania produkcj\u0105 i&nbsp;us\u0142ugami<\/strong><\/td>\n<td>\u00a0<\/td>\n<td>\u00a0<\/td>\n<\/tr>\n<tr>\n<td>studia stacjonarne I&nbsp;stopnia<\/td>\n<td><a href=\"\/files\/inzynieria\/plany-studiow-2020-2021\/zip\/stacjonarne_i_stopien_izpiu.xlsx\" target=\"_blank\" rel=\"noopener noreferrer\"><img src=\"\/files\/images\/inzynieria\/Ico\/acrobat_ico.gif\" alt=\"acrobat\" \/><\/a><\/td>\n<td>\u00a0<\/td>\n<\/tr>\n<tr>\n<td>studia niestacjonarne I&nbsp;stopnia<\/td>\n<td><a href=\"\/files\/inzynieria\/plany-studiow-2020-2021\/zip\/niestacjonarne_i_stopien_izpiu.xlsx\" target=\"_blank\" rel=\"noopener noreferrer\"><img src=\"\/files\/images\/inzynieria\/Ico\/acrobat_ico.gif\" alt=\"acrobat\" \/><\/a><\/td>\n<td>\u00a0<\/td>\n<\/tr>\n<tr>\n<td>specjalno\u015b\u0107:<strong> zarz\u0105dzanie i&nbsp;in\u017cynieria przetw\u00f3rstwa spo\u017cywczego<\/strong><\/td>\n<td>\u00a0<\/td>\n<td>\u00a0<\/td>\n<\/tr>\n<tr>\n<td>studia stacjonarne I&nbsp;stopnia<\/td>\n<td><a href=\"\/files\/inzynieria\/plany-studiow-2020-2021\/zip\/stacjonarne_i_stopien_ziips.xlsx\" target=\"_blank\" rel=\"noopener noreferrer\"><img src=\"\/files\/images\/inzynieria\/Ico\/acrobat_ico.gif\" alt=\"acrobat\" \/><\/a><\/td>\n<td>\u00a0<\/td>\n<\/tr>\n<tr>\n<td>studia niestacjonarne I&nbsp;stopnia<\/td>\n<td><a href=\"\/files\/inzynieria\/plany-studiow-2020-2021\/zip\/niestacjonarne_i_stopien_ziips.xlsx\" target=\"_blank\" rel=\"noopener noreferrer\"><img src=\"\/files\/images\/inzynieria\/Ico\/acrobat_ico.gif\" alt=\"acrobat\" \/><\/a><\/td>\n<td>\u00a0<\/td>\n<\/tr>\n<tr>\n<td>\u00a0<\/td>\n<td>\u00a0<\/td>\n<td>\u00a0<\/td>\n<\/tr>\n<tr>\n<td bgcolor=\"#669999\"><strong>Geodezja i&nbsp;kartografia<\/strong><\/td>\n<td bgcolor=\"#669999\">\u00a0<\/td>\n<td>\u00a0<\/td>\n<\/tr>\n<tr>\n<td>specjalno\u015b\u0107: <strong>geodezyjno &#8211; kartograficzne bazy danych<\/strong><\/td>\n<td>\u00a0<\/td>\n<td>\u00a0<\/td>\n<\/tr>\n<tr>\n<td>studia stacjonarne I&nbsp;stopnia<\/td>\n<td><a href=\"https:\/\/up.lublin.pl\/wip\/wp-content\/uploads\/sites\/7\/2023\/09\/GiK-S-gkbd-III-rok-Zalacznik-nr-4a2-do-Uchwaly-nr-26.xlsx\" target=\"_blank\" rel=\"noopener noreferrer\"><img src=\"\/files\/images\/inzynieria\/Ico\/acrobat_ico.gif\" alt=\"acrobat\" \/><\/a><\/td>\n<td>\u00a0<\/td>\n<\/tr>\n<tr>\n<td>studia niestacjonarne I&nbsp;stopnia<\/td>\n<td><a href=\"https:\/\/up.lublin.pl\/wip\/wp-content\/uploads\/sites\/7\/2023\/09\/GiK-N-gkbd-III-rokZalacznik-nr-4a1-do-Uchwaly-nr-26.xlsx\" target=\"_blank\" rel=\"noopener noreferrer\"><img src=\"\/files\/images\/inzynieria\/Ico\/acrobat_ico.gif\" alt=\"acrobat\" \/><\/a><\/td>\n<td>\u00a0<\/td>\n<\/tr>\n<tr>\n<td>specjalno\u015b\u0107: <strong>geodezja rolna i&nbsp;gospodarka nieruchomo\u015bciami<\/strong><\/td>\n<td>\u00a0<\/td>\n<td>\u00a0<\/td>\n<\/tr>\n<tr>\n<td>studia stacjonarne I&nbsp;stopnia<\/td>\n<td><a href=\"https:\/\/up.lublin.pl\/wip\/wp-content\/uploads\/sites\/7\/2023\/09\/GiK-S-grign-III-r-Zalacznik-nr-4a4-do-Uchwaly-nr-26.xls\" target=\"_blank\" rel=\"noopener noreferrer\"><img src=\"\/files\/images\/inzynieria\/Ico\/acrobat_ico.gif\" alt=\"acrobat\" \/><\/a><\/td>\n<td>\u00a0<\/td>\n<\/tr>\n<tr>\n<td>studia niestacjonarne I&nbsp;stopnia<\/td>\n<td><a href=\"https:\/\/up.lublin.pl\/wip\/wp-content\/uploads\/sites\/7\/2023\/09\/GiK-N-grign-III-rokZalacznik-nr-4a3-do-Uchwaly-nr-26.xls\" target=\"_blank\" rel=\"noopener noreferrer\"><img src=\"\/files\/images\/inzynieria\/Ico\/acrobat_ico.gif\" alt=\"acrobat\" \/><\/a><\/td>\n<td>\u00a0<\/td>\n<\/tr>\n<tr>\n<td>\u00a0<\/td>\n<td>\u00a0<\/td>\n<td>\u00a0<\/td>\n<\/tr>\n<tr>\n<td bgcolor=\"#669999\"><strong>Transport i&nbsp;logistyka <\/strong><\/td>\n<td bgcolor=\"#669999\">\u00a0<\/td>\n<td>\u00a0<\/td>\n<\/tr>\n<tr>\n<td>specjalno\u015b\u0107:<strong> in\u017cynieria transportu i&nbsp;spedycja<\/strong><\/td>\n<td>\u00a0<\/td>\n<td>\u00a0<\/td>\n<\/tr>\n<tr>\n<td>studia stacjonarne I&nbsp;stopnia<\/td>\n<td><a href=\"https:\/\/up.lublin.pl\/wip\/wp-content\/uploads\/sites\/7\/2023\/10\/TiL_1_2023-24_ITiS-ST-dla-2020-21.pdf\" target=\"_blank\" rel=\"noopener noreferrer\"><img src=\"\/files\/images\/inzynieria\/Ico\/acrobat_ico.gif\" alt=\"acrobat\" data-wp-editing=\"1\" \/><\/a><\/td>\n<td>\u00a0<\/td>\n<\/tr>\n<tr>\n<td>studia stacjonarne II stopnia<\/td>\n<td><a href=\"\/files\/inzynieria\/plany-studiow-2020-2021\/til\/its_ii_st_stac.xlsx\" target=\"_blank\" rel=\"noopener noreferrer\"><img src=\"\/files\/images\/inzynieria\/Ico\/acrobat_ico.gif\" alt=\"acrobat\" \/><\/a><\/td>\n<td>\u00a0<\/td>\n<\/tr>\n<tr>\n<td>studia niestacjonarne I&nbsp;stopnia<\/td>\n<td><a href=\"https:\/\/up.lublin.pl\/wip\/wp-content\/uploads\/sites\/7\/2023\/10\/TiL_1_2023-24_ITiS-NS-dla-2020-21.pdf\" target=\"_blank\" rel=\"noopener noreferrer\"><img src=\"\/files\/images\/inzynieria\/Ico\/acrobat_ico.gif\" alt=\"acrobat\" \/><\/a><\/td>\n<td>\u00a0<\/td>\n<\/tr>\n<tr>\n<td>studia niestacjonarne II stopnia<\/td>\n<td><a href=\"\/files\/inzynieria\/plany-studiow-2020-2021\/til\/its_ii_st_nstac.xlsx\" target=\"_blank\" rel=\"noopener noreferrer\"><img src=\"\/files\/images\/inzynieria\/Ico\/acrobat_ico.gif\" alt=\"acrobat\" \/><\/a><\/td>\n<td>\u00a0<\/td>\n<\/tr>\n<tr>\n<td>specjalno\u015b\u0107: <strong>transport specjalistyczny<\/strong><\/td>\n<td>\u00a0<\/td>\n<td>\u00a0<\/td>\n<\/tr>\n<tr>\n<td>studia stacjonarne I&nbsp;stopnia<\/td>\n<td><a href=\"https:\/\/up.lublin.pl\/wip\/wp-content\/uploads\/sites\/7\/2023\/10\/TiL_1_2023-24_TS-ST-dla-2020-21.pdf\" target=\"_blank\" rel=\"noopener noreferrer\"><img src=\"\/files\/images\/inzynieria\/Ico\/acrobat_ico.gif\" alt=\"acrobat\" \/><\/a><\/td>\n<td>\u00a0<\/td>\n<\/tr>\n<tr>\n<td>studia stacjonarne II stopnia<\/td>\n<td><a href=\"\/files\/inzynieria\/plany-studiow-2020-2021\/til\/ts_i_st_nstac.xlsx\"><img src=\"\/files\/images\/inzynieria\/Ico\/acrobat_ico.gif\" alt=\"acrobat\" \/><\/a><\/td>\n<td>\u00a0<\/td>\n<\/tr>\n<tr>\n<td>studia niestacjonarne I&nbsp;stopnia<\/td>\n<td><a href=\"https:\/\/up.lublin.pl\/wip\/wp-content\/uploads\/sites\/7\/2023\/10\/TiL_1_2023-24_TS-NS-dla-2020-21.pdf\" target=\"_blank\" rel=\"noopener noreferrer\"><img src=\"\/files\/images\/inzynieria\/Ico\/acrobat_ico.gif\" alt=\"acrobat\" \/><\/a><\/td>\n<td>\u00a0<\/td>\n<\/tr>\n<tr>\n<td>studia niestacjonarne II stopnia<\/td>\n<td><a href=\"\/files\/inzynieria\/plany-studiow-2020-2021\/til\/ts_ii_st_nstac.xlsx\" target=\"_blank\" rel=\"noopener noreferrer\"><img src=\"\/files\/images\/inzynieria\/Ico\/acrobat_ico.gif\" alt=\"acrobat\" \/><\/a><\/td>\n<td>\u00a0<\/td>\n<\/tr>\n<tr>\n<td>\u00a0<\/td>\n<td>\u00a0<\/td>\n<td>\u00a0<\/td>\n<\/tr>\n<tr>\n<td bgcolor=\"#669999\"><strong>In\u017cynieria bezpiecze\u0144stwa<\/strong><\/td>\n<td bgcolor=\"#669999\">\u00a0<\/td>\n<td>\u00a0<\/td>\n<\/tr>\n<tr>\n<td>studia stacjonarne I&nbsp;stopnia<\/td>\n<td><img src=\"\/files\/images\/inzynieria\/Ico\/acrobat_ico.gif\" alt=\"acrobat\" \/><\/td>\n<td>\u00a0<\/td>\n<\/tr>\n<tr>\n<td>\u00a0<\/td>\n<td>\u00a0<\/td>\n<td>\u00a0<\/td>\n<\/tr>\n<tr>\n<td bgcolor=\"#669999\"><strong>In\u017cynieria przemys\u0142u spo\u017cywczego<\/strong><\/td>\n<td bgcolor=\"#669999\">\u00a0<\/td>\n<td>\u00a0<\/td>\n<\/tr>\n<tr>\n<td>studia stacjonarne II stopnia<\/td>\n<td><img src=\"\/files\/images\/inzynieria\/Ico\/acrobat_ico.gif\" alt=\"acrobat\" \/><\/td>\n<td>\u00a0<\/td>\n<\/tr>\n<tr>\n<td>studia niestacjonarne II stopnia<\/td>\n<td><img src=\"\/files\/images\/inzynieria\/Ico\/acrobat_ico.gif\" alt=\"acrobat\" \/><\/td>\n<td>\u00a0<\/td>\n<\/tr>\n<tr>\n<td><em>fakultety i&nbsp;przedmioty do wyboru<\/em> <em> stacjonarne i&nbsp;niestacjonarne<\/em><\/td>\n<td><img src=\"\/files\/images\/inzynieria\/Ico\/acrobat_ico.gif\" alt=\"acrobat\" \/><\/td>\n<td>\u00a0<\/td>\n<\/tr>\n<tr>\n<td>\u00a0<\/td>\n<td>\u00a0<\/td>\n<td>\u00a0<\/td>\n<\/tr>\n<tr>\n<td bgcolor=\"#669999\"><strong>In\u017cynieria chemiczna i&nbsp;procesowa<\/strong><\/td>\n<td bgcolor=\"#669999\">\u00a0<\/td>\n<td>\u00a0<\/td>\n<\/tr>\n<tr>\n<td>specjalno\u015b\u0107: <strong>in\u017cynieria przetw\u00f3rstwa materia\u0142\u00f3w biologicznych<\/strong><\/td>\n<td colspan=\"2\">\u00a0<\/td>\n<\/tr>\n<tr>\n<td>studia stacjonarne I&nbsp;stopnia<\/td>\n<td><a href=\"\/files\/inzynieria\/plany-studiow-2020-2021\/ichip\/ichip_i_st._stacjonarne_2020-21_.pdf\" target=\"_blank\" rel=\"noopener noreferrer\"><img src=\"\/files\/images\/inzynieria\/Ico\/acrobat_ico.gif\" alt=\"acrobat\" \/><\/a><\/td>\n<td>\u00a0<\/td>\n<\/tr>\n<tr>\n<td>studia niestacjonarne I&nbsp;stopnia<\/td>\n<td><a href=\"\/files\/inzynieria\/plany-studiow-2020-2021\/ichip\/ichip_i_st._niestacjonarne_2020-21_.pdf\" target=\"_blank\" rel=\"noopener noreferrer\"><img src=\"\/files\/images\/inzynieria\/Ico\/acrobat_ico.gif\" alt=\"acrobat\" \/><\/a><\/td>\n<td>\u00a0<\/td>\n<\/tr>\n<tr>\n<td>\u00a0<\/td>\n<td>\u00a0<\/td>\n<td>\u00a0<\/td>\n<\/tr>\n<tr>\n<td bgcolor=\"#669999\"><strong>Ekoenergetyka<\/strong><\/td>\n<td bgcolor=\"#669999\">\u00a0<\/td>\n<td>\u00a0<\/td>\n<\/tr>\n<tr>\n<td>studia stacjonarne I&nbsp;stopnia<\/td>\n<td><a href=\"\/files\/inzynieria\/plany-studiow-2020-2021\/eko\/eko_stac_20-21.xls\" target=\"_blank\" rel=\"noopener noreferrer\"><img src=\"\/files\/images\/inzynieria\/Ico\/acrobat_ico.gif\" alt=\"acrobat\" \/><\/a><\/td>\n<td>\u00a0<\/td>\n<\/tr>\n<tr>\n<td>studia niestacjonarne I&nbsp;stopnia<\/td>\n<td><a href=\"\/files\/inzynieria\/plany-studiow-2020-2021\/eko\/eko_nst_20-21.xlsx\"><img src=\"\/files\/images\/inzynieria\/Ico\/acrobat_ico.gif\" alt=\"acrobat\" \/><\/a><\/td>\n<td>\u00a0<\/td>\n<\/tr>\n<\/tbody>\n<\/table>\n<p style=\"text-align: center\">\u00a0<\/p>\n                                        <\/div>\n\t\t\t\t\t\t                                                        <div class=\"block-text\">\n\t                                        <h5>\u2190 <a href=\"http:\/\/up.lublin.pl\/wip\/ksztalcenie\/\">powr\u00f3t\u00a0<\/a><\/h5>\n                                        <\/div>\n\t\t\t\t\t\t                                <\/div>\n\t\t\t\t                <div class=\"mn-content-block\">\n\t                                <\/div>\n\t\t\t\t                <div class=\"mn-content-block\">\n\t                                <\/div>\n\t\t\t\t                <div class=\"mn-content-block\">\n\t                                <\/div>\n\t\t\t\t                <div class=\"mn-content-block\">\n\t                                <\/div>\n\t\t\t\t                <div class=\"mn-content-block\">\n\t                                <\/div>\n\t\t\t\t                <div class=\"mn-content-block\">\n\t                                <\/div>\n\t\t\t\t                <div class=\"mn-content-block\">\n\t                                <\/div>\n\t\t\t\t                <div class=\"mn-content-block\">\n\t                                <\/div>\n\t\t\t\t                <div class=\"mn-content-block\">\n\t                                <\/div>\n\t\t\t\t                <div class=\"mn-content-block\">\n\t                                <\/div>\n\t\t\t\t                <div class=\"mn-content-block\">\n\t                                <\/div>\n\t\t\t\t                <div class=\"mn-content-block\">\n\t                                <\/div>\n\t\t\t\t                <div class=\"mn-content-block\">\n\t                                <\/div>\n\t\t\t\t                <div class=\"mn-content-block\">\n\t                                <\/div>\n\t\t\t\t                <div class=\"mn-content-block\">\n\t                                <\/div>\n\t\t\t\t                <div class=\"mn-content-block\">\n\t                                <\/div>\n\t\t\t\t                <div class=\"mn-content-block\">\n\t                                <\/div>\n\t\t\t\t                <div class=\"mn-content-block\">\n\t                                <\/div>\n\t\t\t\t                <div class=\"mn-content-block\">\n\t                                <\/div>\n\t\t\t\t\t\t<\/div>\n\t<\/div>\n<\/section>\n\t\t<\/div>\n\t\t\t\t<\/div>\n\t\t\t\t\t\t<\/div>\n\t\t\t\t\t<\/div>\n\t\t<\/div>\n\t\t\t\t\t\t\t\t<\/div>\n\t\t\t\t\t<\/div>\n\t\t<\/section>\n\t\t\t\t\t\t<\/div>\n\t\t\t\t\t\t<\/div>\n\t\t\t\t\t<\/div>\n\t\t","protected":false},"excerpt":{"rendered":"<p>\u2190 powr\u00f3t&nbsp; Plany studi\u00f3w obowi\u0105zuj\u0105ce w&nbsp;roku akademickim 2023\/2024 dla IV roku studi\u00f3w stacjonarnych i&nbsp;niestacjonarnych pierwszego stopnia KIERUNEK | Specjalno\u015b\u0107 In\u017cynieria \u015brodowiska &nbsp; studia stacjonarne I&nbsp;stopnia studia niestacjonarne I&nbsp;stopnia studia stacjonarne II stopnia studia niestacjonarne II stopnia &nbsp; &nbsp; In\u017cynieria rolnicza i&nbsp;le\u015bna &nbsp; specjalno\u015bc: inzynieria \u017cywno\u015bci &nbsp; studia stacjonarne I&nbsp;stopnia studia niestacjonarne I&nbsp;stopnia specjalno\u015b\u0107: odnawialnie \u017ar\u00f3d\u0142a [&hellip;]<\/p>\n","protected":false},"author":2,"featured_media":0,"parent":159579,"menu_order":0,"comment_status":"closed","ping_status":"closed","template":"elementor_header_footer","meta":{"_monsterinsights_skip_tracking":false,"_monsterinsights_sitenote_active":false,"_monsterinsights_sitenote_note":"","_monsterinsights_sitenote_category":0},"_links":{"self":[{"href":"https:\/\/up.lublin.pl\/wip\/wp-json\/wp\/v2\/pages\/749"}],"collection":[{"href":"https:\/\/up.lublin.pl\/wip\/wp-json\/wp\/v2\/pages"}],"about":[{"href":"https:\/\/up.lublin.pl\/wip\/wp-json\/wp\/v2\/types\/page"}],"author":[{"embeddable":true,"href":"https:\/\/up.lublin.pl\/wip\/wp-json\/wp\/v2\/users\/2"}],"replies":[{"embeddable":true,"href":"https:\/\/up.lublin.pl\/wip\/wp-json\/wp\/v2\/comments?post=749"}],"version-history":[{"count":44,"href":"https:\/\/up.lublin.pl\/wip\/wp-json\/wp\/v2\/pages\/749\/revisions"}],"predecessor-version":[{"id":162102,"href":"https:\/\/up.lublin.pl\/wip\/wp-json\/wp\/v2\/pages\/749\/revisions\/162102"}],"up":[{"embeddable":true,"href":"https:\/\/up.lublin.pl\/wip\/wp-json\/wp\/v2\/pages\/159579"}],"wp:attachment":[{"href":"https:\/\/up.lublin.pl\/wip\/wp-json\/wp\/v2\/media?parent=749"}],"curies":[{"name":"wp","href":"https:\/\/api.w.org\/{rel}","templated":true}]}}