{"id":294,"date":"2020-11-25T12:53:24","date_gmt":"2020-11-25T11:53:24","guid":{"rendered":"http:\/\/nowastrona.up.lublin.pl\/wip\/?page_id=294"},"modified":"2025-06-25T07:44:22","modified_gmt":"2025-06-25T05:44:22","slug":"towarzystwa-naukowe","status":"publish","type":"page","link":"https:\/\/up.lublin.pl\/wip\/towarzystwa-naukowe\/","title":{"rendered":"Towarzystwa naukowe"},"content":{"rendered":"\t\t<div data-elementor-type=\"wp-page\" data-elementor-id=\"294\" class=\"elementor elementor-294\" data-elementor-settings=\"[]\">\n\t\t\t\t\t\t<div class=\"elementor-inner\">\n\t\t\t\t\t\t\t<div class=\"elementor-section-wrap\">\n\t\t\t\t\t\t\t<section class=\"elementor-section elementor-top-section elementor-element elementor-element-eb5c09d elementor-section-boxed elementor-section-height-default elementor-section-height-default\" data-id=\"eb5c09d\" data-element_type=\"section\">\n\t\t\t\t\t\t<div class=\"elementor-container elementor-column-gap-default\">\n\t\t\t\t\t\t\t<div class=\"elementor-row\">\n\t\t\t\t\t<div class=\"elementor-column elementor-col-100 elementor-top-column elementor-element elementor-element-596f8dd\" data-id=\"596f8dd\" data-element_type=\"column\">\n\t\t\t<div class=\"elementor-column-wrap elementor-element-populated\">\n\t\t\t\t\t\t\t<div class=\"elementor-widget-wrap\">\n\t\t\t\t\t\t<div class=\"elementor-element elementor-element-7dc402d elementor-widget elementor-widget-m2e\" data-id=\"7dc402d\" data-element_type=\"widget\" data-widget_type=\"m2e.default\">\n\t\t\t\t<div class=\"elementor-widget-container\">\n\t\t\t<section class=\"mn-m2-e mn-bg-green\">\n\t<div class=\"mn-grid\">\n\t\t<div class=\"mn-grid-3 mn-introtext\">\n\t\t\t\t\t\t\t<p class=\"mn-header\">Wydzia\u0142 In\u017cynierii Produkcji<\/p>\n\t\t\t\t\t\t\t\t\t\t\t<h3>\n\t\t\t\t\tTowarzystwa Naukowe\t\t\t\t<\/h3>\n\t\t\t\t\t\t\t\t\t\t\t\t<\/div>\n\t\t<div class=\"mn-grid-9 mn-image-container\">\n\t\t\t\t\t<\/div>\n\t<\/div>\n\t<\/section>\n\t\t<\/div>\n\t\t\t\t<\/div>\n\t\t\t\t\t\t<\/div>\n\t\t\t\t\t<\/div>\n\t\t<\/div>\n\t\t\t\t\t\t\t\t<\/div>\n\t\t\t\t\t<\/div>\n\t\t<\/section>\n\t\t\t\t<section class=\"elementor-section elementor-top-section elementor-element elementor-element-2b5f884 elementor-section-boxed elementor-section-height-default elementor-section-height-default\" data-id=\"2b5f884\" data-element_type=\"section\">\n\t\t\t\t\t\t<div class=\"elementor-container elementor-column-gap-default\">\n\t\t\t\t\t\t\t<div class=\"elementor-row\">\n\t\t\t\t\t<div class=\"elementor-column elementor-col-100 elementor-top-column elementor-element elementor-element-4e679ef\" data-id=\"4e679ef\" data-element_type=\"column\">\n\t\t\t<div class=\"elementor-column-wrap elementor-element-populated\">\n\t\t\t\t\t\t\t<div class=\"elementor-widget-wrap\">\n\t\t\t\t\t\t<div class=\"elementor-element elementor-element-4553c97 elementor-widget elementor-widget-m5c\" data-id=\"4553c97\" data-element_type=\"widget\" data-widget_type=\"m5c.default\">\n\t\t\t\t<div class=\"elementor-widget-container\">\n\t\t\t<section class=\"mn-m5-c mn-bg-white\">\n\t<div class=\"mn-grid\">\n\t\t            <div class=\"mn-menu-container mn-grid-3\">\n                <ul class=\"mn-bg-yellow\">\n\t                                        <li>\n                            <a href=\"#\" class=\"active\" data-hash=\"#spomasz\">\n                                Polskie Towarzystwo In\u017cynierii i&nbsp;Techniki Przetw\u00f3rstwa Spo\u017cywczego \u201eSpomasz\u201d                            <\/a>\n                        <\/li>\n                                                <li>\n                            <a href=\"#\" class=\"\" data-hash=\"#galeria_spomasz\">\n                                Galeria Spomasz                            <\/a>\n                        <\/li>\n                                                <li>\n                            <a href=\"#\" class=\"\" data-hash=\"#oddzial\">\n                                Oddzia\u0142 Polskiego Towarzystwa In\u017cynierii Rolniczej w&nbsp;Lublinie                            <\/a>\n                        <\/li>\n                                        <\/ul>\n            <\/div>\n\t        \t\t<div class=\"mn-content mn-grid-8\">\n\t\t\t                <div class=\"mn-content-block active\">\n\t                                                        <div class=\"block-text\">\n\t                                        <p style=\"text-align: center;\"><span style=\"font-size: 20px;\"><strong>ZARZ\u0104D POLSKIEGO TOWARZYSTWA IN\u017bYNIERII I\u00a0TECHNIKI PRZETW\u00d3RSTWA SPO\u017bYWCZEGO \u201eSPOMASZ\u201d 2024-2028<\/strong><\/span><b><br \/><\/b><\/p>\n<p><strong>Prezes<\/strong><br \/>Prof. dr hab. in\u017c. Pawe\u0142 Sobczak<br \/>Uniwersytet Przyrodniczy w&nbsp;Lublinie<br \/>\u00a0<br \/><strong>Wiceprezes<\/strong><br \/>Dr hab. in\u017c. S\u0142awomir Obidzi\u0144ski prof. PB,<br \/>Politechnika Bia\u0142ostocka<br \/>\u00a0<br \/><strong>Sekretarz<\/strong><br \/>Dr hab. in\u017c. Jacek Mazur prof. UP<br \/>Uniwersytet Przyrodniczy w&nbsp;Lublinie<\/p>\n<p><strong>Skarbnik<\/strong><br \/>Dr hab. in\u017c. Joanna Piepi\u00f3rka-Stepuk prof. PK<br \/>Politechnika Koszali\u0144ska<\/p>\n<p><strong>Cz\u0142onek Zarz\u0105du<\/strong><br \/>Prof. dr hab. in\u017c. Dariusz Andrejko<br \/>Uniwersytet Przyrodniczy w&nbsp;Lublinie<\/p>\n<p><span style=\"font-size: 16px;\"><strong>Komisja Rewizyjna Towarzystwa<\/strong> <\/span><\/p>\n<p><strong>Przewodnicz\u0105cy<\/strong><br \/>Dr hab. in\u017c. Agnieszka Starek-W\u00f3jcicka prof. UP<br \/>Uniwersytet Przyrodniczy w&nbsp;Lublinie<\/p>\n<p>Prof. dr\u00a0 hab. in\u017c. Dariusz Choszcz &#8211; Cz\u0142onek<br \/>Uniwersytet Warmi\u0144sko-Mazurski w&nbsp;Olsztynie<\/p>\n<p>Dr in\u017c. Tomasz \u017belazi\u0144ski \u2013 Cz\u0142onek<br \/>SGGW Warszawa.<\/p>\n<p>Link do strony: <a href=\"http:\/\/www.ptit-spomasz.com.pl\/inne-informacje\/\" target=\"_blank\" rel=\"noopener\">http:\/\/www.ptit-spomasz.com.pl\/inne-informacje\/<\/a><\/p>\n<p style=\"text-align: center;\"><span style=\"font-size: 20px;\"><strong>Historia<\/strong><\/span><\/p>\n<p>Polskie Towarzystwo In\u017cynierii i&nbsp;Techniki Przetw\u00f3rstwa Spo\u017cywczego \u201eSPOMASZ&#8221; dzia\u0142a w&nbsp;ramach ustawy o&nbsp;stowarzyszeniach, jako jednostka \u201enon-profit&#8221;.<br \/>Towarzystwo zosta\u0142o zarejestrowane w&nbsp;maju 1994 roku i&nbsp;powsta\u0142o w&nbsp;wyniku przekszta\u0142cenia z&nbsp;dzia\u0142aj\u0105cego od grudnia 1989 roku Stowarzyszenia Rozwoju Przemys\u0142u Maszyn Spo\u017cywczych i&nbsp;Urz\u0105dze\u0144 Handlowych \u201eSPOMASZ&#8221;.<\/p>\n<p>Towarzystwo \u201eSPOMASZ&#8221; przyj\u0119\u0142o w&nbsp;statucie jako swoje cele przede wszystkim:<br \/>&#8211; oddzia\u0142ywanie na rzecz bada\u0144 i&nbsp;rozwoju w&nbsp;Polsce produkcji nowoczesnych, wysokiej jako\u015bci maszyn i&nbsp;urz\u0105dze\u0144 dla przetw\u00f3rstwa spo\u017cywczego, gastronomii i&nbsp;handlu \u017cywno\u015bci\u0105, a&nbsp;tak\u017ce ochrony \u015brodowiska naturalnego &#8211; dla zaspokajania potrzeb krajowych i&nbsp;eksportowych,<br \/>&#8211; promowanie wynik\u00f3w zako\u0144czonych bada\u0144 i&nbsp;prac rozwojowych dotycz\u0105cych nowoczesnych rozwi\u0105za\u0144 materia\u0142owych, konstrukcyjnych i&nbsp;technologicznych w&nbsp;obszarze wytwarzania maszyn i&nbsp;urz\u0105dze\u0144,<br \/>&#8211; dbanie o&nbsp;wysok\u0105 pozycj\u0119 i&nbsp;presti\u017c cz\u0142onk\u00f3w Towarzystwa w&nbsp;stosunkach z&nbsp;jednostkami w&nbsp;kraju i&nbsp;za granic\u0105 oraz obrona praw cz\u0142onk\u00f3w Towarzystwa.<\/p>\n<p>Towarzystwo \u201eSPOMASZ&#8221; realizuje swoje cele statutowe poprzez m.in.:<br \/>&#8211; udost\u0119pnianie informacji w&nbsp;Biurze Towarzystwa oraz w&nbsp;publikowanych materia\u0142ach, w&nbsp;tym internetowych, o&nbsp;polskich producentach i&nbsp;produkowanych przez nich maszynach i&nbsp;urz\u0105dzeniach dla przetw\u00f3rstwa spo\u017cywczego, gastronomii i&nbsp;handlu \u017cywno\u015bci\u0105, a&nbsp;tak\u017ce ochrony \u015brodowiska naturalnego,<br \/>&#8211; wydawanie i&nbsp;redagowanie i&nbsp;czasopisma \u201eIn\u017cynieria Przetw\u00f3rstwa Spo\u017cywczego\u201d,<br \/>&#8211; organizowanie konferencji naukowo-technicznych na temat nowych trend\u00f3w w&nbsp;mechanizacji przetw\u00f3rstwa spo\u017cywczego, gastronomii i&nbsp;handlu \u017cywno\u015bci\u0105, a&nbsp;tak\u017ce w&nbsp;dziedzinie ochrony \u015brodowiska naturalnego,<br \/>&#8211; uczestnictwo w&nbsp;wystawach i&nbsp;targach celem propagowania dzia\u0142alno\u015bci Towarzystwa oraz jego cz\u0142onk\u00f3w, a&nbsp;tak\u017ce organizowanie wsp\u00f3lnych wyjazd\u00f3w na specjalistyczne konferencje, wystawy i&nbsp;targi zagraniczne,<br \/>&#8211; po\u015bredniczenie pomi\u0119dzy cz\u0142onkami towarzystwa a&nbsp;zainteresowanymi jednostkami organizacyjnymi krajowymi i&nbsp;zagranicznymi w&nbsp;kontaktach maj\u0105cych na celu rozw\u00f3j produkcji wysokiej jako\u015bci maszyn i&nbsp;urz\u0105dze\u0144.<\/p>\n                                        <\/div>\n\t\t\t\t\t\t                                <\/div>\n\t\t\t\t                <div class=\"mn-content-block\">\n\t                                                        <div class=\"block-text\">\n\t                                        <p><a href=\"https:\/\/up.lublin.pl\/wip\/wp-content\/uploads\/sites\/7\/2021\/04\/img_3905.jpg\"><img loading=\"lazy\" class=\"aligncenter size-full wp-image-140461\" src=\"https:\/\/up.lublin.pl\/wip\/wp-content\/uploads\/sites\/7\/2021\/04\/img_3905.jpg\" alt=\"\" width=\"5616\" height=\"3744\" \/><\/a> <a href=\"https:\/\/up.lublin.pl\/wip\/wp-content\/uploads\/sites\/7\/2021\/04\/img_3910.jpg\"><img loading=\"lazy\" class=\"aligncenter size-medium wp-image-140465\" src=\"https:\/\/up.lublin.pl\/wip\/wp-content\/uploads\/sites\/7\/2021\/04\/img_3910.jpg\" alt=\"\" width=\"1280\" height=\"853\" \/><\/a> <a href=\"https:\/\/up.lublin.pl\/wip\/wp-content\/uploads\/sites\/7\/2021\/04\/img_3961.jpg\"><img loading=\"lazy\" class=\"aligncenter size-medium wp-image-140469\" src=\"https:\/\/up.lublin.pl\/wip\/wp-content\/uploads\/sites\/7\/2021\/04\/img_3961.jpg\" alt=\"\" width=\"1280\" height=\"853\" \/><\/a><\/p>\n                                        <\/div>\n\t\t\t\t\t\t                                <\/div>\n\t\t\t\t                <div class=\"mn-content-block\">\n\t                                                        <div class=\"block-text\">\n\t                                        <p style=\"text-align: center\"><strong>ODDZIA\u0141 POLSKIEGO TOWARZYSTWA IN\u017bYNIERII ROLNICZEJ W&nbsp;LUBLINIE<\/strong><\/p>\n<p>Wi\u0119cej informacji znajduje si\u0119 pod adresem: <a href=\"https:\/\/www.up.lublin.pl\/ptir\/\">www.up.lublin.pl\/ptir<\/a><\/p>\n                                        <\/div>\n\t\t\t\t\t\t                                <\/div>\n\t\t\t\t\t\t<\/div>\n\t<\/div>\n<\/section>\n\t\t<\/div>\n\t\t\t\t<\/div>\n\t\t\t\t\t\t<\/div>\n\t\t\t\t\t<\/div>\n\t\t<\/div>\n\t\t\t\t\t\t\t\t<\/div>\n\t\t\t\t\t<\/div>\n\t\t<\/section>\n\t\t\t\t\t\t<\/div>\n\t\t\t\t\t\t<\/div>\n\t\t\t\t\t<\/div>\n\t\t","protected":false},"excerpt":{"rendered":"<p>Wydzia\u0142 In\u017cynierii Produkcji Towarzystwa Naukowe UP Wydzia\u0142 In\u017cynierii Produkcji Polskie Towarzystwo In\u017cynierii i&nbsp;Techniki Przetw\u00f3rstwa Spo\u017cywczego \u201eSpomasz\u201d Galeria Spomasz Oddzia\u0142 Polskiego Towarzystwa In\u017cynierii Rolniczej w&nbsp;Lublinie ZARZ\u0104D POLSKIEGO TOWARZYSTWA IN\u017bYNIERII I\u00a0TECHNIKI PRZETW\u00d3RSTWA SPO\u017bYWCZEGO \u201eSPOMASZ\u201d 2024-2028 PrezesProf. dr hab. in\u017c. Pawe\u0142 SobczakUniwersytet Przyrodniczy w&nbsp;Lublinie\u00a0WiceprezesDr hab. in\u017c. S\u0142awomir Obidzi\u0144ski prof. PB,Politechnika Bia\u0142ostocka\u00a0SekretarzDr hab. in\u017c. Jacek Mazur prof. UPUniwersytet Przyrodniczy [&hellip;]<\/p>\n","protected":false},"author":2,"featured_media":0,"parent":0,"menu_order":0,"comment_status":"closed","ping_status":"closed","template":"elementor_header_footer","meta":{"_monsterinsights_skip_tracking":false,"_monsterinsights_sitenote_active":false,"_monsterinsights_sitenote_note":"","_monsterinsights_sitenote_category":0},"_links":{"self":[{"href":"https:\/\/up.lublin.pl\/wip\/wp-json\/wp\/v2\/pages\/294"}],"collection":[{"href":"https:\/\/up.lublin.pl\/wip\/wp-json\/wp\/v2\/pages"}],"about":[{"href":"https:\/\/up.lublin.pl\/wip\/wp-json\/wp\/v2\/types\/page"}],"author":[{"embeddable":true,"href":"https:\/\/up.lublin.pl\/wip\/wp-json\/wp\/v2\/users\/2"}],"replies":[{"embeddable":true,"href":"https:\/\/up.lublin.pl\/wip\/wp-json\/wp\/v2\/comments?post=294"}],"version-history":[{"count":287,"href":"https:\/\/up.lublin.pl\/wip\/wp-json\/wp\/v2\/pages\/294\/revisions"}],"predecessor-version":[{"id":169376,"href":"https:\/\/up.lublin.pl\/wip\/wp-json\/wp\/v2\/pages\/294\/revisions\/169376"}],"wp:attachment":[{"href":"https:\/\/up.lublin.pl\/wip\/wp-json\/wp\/v2\/media?parent=294"}],"curies":[{"name":"wp","href":"https:\/\/api.w.org\/{rel}","templated":true}]}}