{"id":197,"date":"2020-11-24T20:45:46","date_gmt":"2020-11-24T19:45:46","guid":{"rendered":"http:\/\/nowastrona.up.lublin.pl\/wip\/?page_id=197"},"modified":"2025-09-30T12:52:28","modified_gmt":"2025-09-30T10:52:28","slug":"historia","status":"publish","type":"page","link":"https:\/\/up.lublin.pl\/wip\/wydzial\/historia\/","title":{"rendered":"Historia"},"content":{"rendered":"\t\t<div data-elementor-type=\"wp-page\" data-elementor-id=\"197\" class=\"elementor elementor-197\" data-elementor-settings=\"[]\">\n\t\t\t\t\t\t<div class=\"elementor-inner\">\n\t\t\t\t\t\t\t<div class=\"elementor-section-wrap\">\n\t\t\t\t\t\t\t<section class=\"elementor-section elementor-top-section elementor-element elementor-element-0d14b85 elementor-section-boxed elementor-section-height-default elementor-section-height-default\" data-id=\"0d14b85\" data-element_type=\"section\">\n\t\t\t\t\t\t<div class=\"elementor-container elementor-column-gap-default\">\n\t\t\t\t\t\t\t<div class=\"elementor-row\">\n\t\t\t\t\t<div class=\"elementor-column elementor-col-100 elementor-top-column elementor-element elementor-element-e428449\" data-id=\"e428449\" data-element_type=\"column\">\n\t\t\t<div class=\"elementor-column-wrap elementor-element-populated\">\n\t\t\t\t\t\t\t<div class=\"elementor-widget-wrap\">\n\t\t\t\t\t\t<div class=\"elementor-element elementor-element-60864c4 elementor-widget elementor-widget-m2e\" data-id=\"60864c4\" data-element_type=\"widget\" data-widget_type=\"m2e.default\">\n\t\t\t\t<div class=\"elementor-widget-container\">\n\t\t\t<section class=\"mn-m2-e mn-bg-green\">\n\t<div class=\"mn-grid\">\n\t\t<div class=\"mn-grid-3 mn-introtext\">\n\t\t\t\t\t\t\t<p class=\"mn-header\">Wydzia\u0142 In\u017cynierii Produkcji<\/p>\n\t\t\t\t\t\t\t\t\t\t\t<h3>\n\t\t\t\t\tHistoria\t\t\t\t<\/h3>\n\t\t\t\t\t\t\t\t\t\t\t\t<\/div>\n\t\t<div class=\"mn-grid-9 mn-image-container\">\n\t\t\t\t\t<\/div>\n\t<\/div>\n\t<\/section>\n\t\t<\/div>\n\t\t\t\t<\/div>\n\t\t\t\t\t\t<\/div>\n\t\t\t\t\t<\/div>\n\t\t<\/div>\n\t\t\t\t\t\t\t\t<\/div>\n\t\t\t\t\t<\/div>\n\t\t<\/section>\n\t\t\t\t<section class=\"elementor-section elementor-top-section elementor-element elementor-element-17fc245 elementor-section-boxed elementor-section-height-default elementor-section-height-default\" data-id=\"17fc245\" data-element_type=\"section\">\n\t\t\t\t\t\t<div class=\"elementor-container elementor-column-gap-default\">\n\t\t\t\t\t\t\t<div class=\"elementor-row\">\n\t\t\t\t\t<div class=\"elementor-column elementor-col-100 elementor-top-column elementor-element elementor-element-c1b8d1a\" data-id=\"c1b8d1a\" data-element_type=\"column\">\n\t\t\t<div class=\"elementor-column-wrap elementor-element-populated\">\n\t\t\t\t\t\t\t<div class=\"elementor-widget-wrap\">\n\t\t\t\t\t\t<div class=\"elementor-element elementor-element-169a9cb elementor-widget elementor-widget-m5c\" data-id=\"169a9cb\" data-element_type=\"widget\" data-widget_type=\"m5c.default\">\n\t\t\t\t<div class=\"elementor-widget-container\">\n\t\t\t<section class=\"mn-m5-c mn-m5-d2 mn-bg-white\">\n\t<div class=\"mn-grid\">\n\t\t\t\t<div class=\"mn-content mn-grid-9\">\n\t\t\t                <div class=\"mn-content-block active\">\n\t                                                        <div class=\"block-text\">\n\t                                        <h3 style=\"text-align: center\"><strong>Geneza powstania Wydzia\u0142u In\u017cynierii Produkcji<\/strong><\/h3>\n<h2><strong>Przed 1970 rokiem\u2026<\/strong><\/h2>\n<p style=\"text-align: justify\">Mimo, \u017ce za dat\u0119 powstania Wydzia\u0142u Techniki Rolniczej (obecnie \u2013 Wydzia\u0142u In\u017cynierii Produkcji) uznaje si\u0119 1 wrze\u015bnia 1970 roku, to jego pocz\u0105tk\u00f3w doszukiwa\u0107 si\u0119 mo\u017cna prawie 25 lat wcze\u015bniej, kiedy na Wydziale Rolnym UMCS w&nbsp;dniu\u00a0<strong>5 listopada 1946<\/strong>\u00a0roku powo\u0142ano do \u017cycia\u00a0<strong>Zak\u0142ad Maszynoznawstwa Rolniczego. 1\u00a0pa\u017adziernika 1950 r.<\/strong> Zak\u0142ad Maszynoznawstwa Rolniczego zosta\u0142 przekszta\u0142cony w&nbsp;Katedr\u0119 o&nbsp;tej samej nazwie, kt\u00f3rej pierwszym kierownikiem (w latach 1950-1951) by\u0142 mgr in\u017c. Roman F\u0105fara, a&nbsp;kuratorem \u2013 prof.\u00a0Stefan Ziemnicki (1950-1952).\u00a0<\/p>\n<p style=\"text-align: justify\">Z chwil\u0105 utworzenia w\u00a0<strong>1955 r.<\/strong>\u00a0Wy\u017cszej Szko\u0142y Rolniczej w&nbsp;Lublinie, Katedra Maszynoznawstwa Rolniczego sta\u0142a si\u0119 jednostk\u0105 Wydzia\u0142u Rolniczego. Po dziesi\u0119ciu latach funkcjonowania przemianowano j\u0105 w\u00a0<strong>1960\u00a0r.<\/strong>\u00a0na\u00a0<strong>Katedr\u0119 Mechanizacji Rolnictwa<\/strong>\u00a0\u2013 stosownie do rosn\u0105cych zada\u0144 naukowo-dydaktycznych.<\/p>\n<p style=\"text-align: justify\"><strong>1 wrze\u015bnia 1966 roku<\/strong>\u00a0na Wydziale Rolniczym powsta\u0142\u00a0<strong>Oddzia\u0142 Mechanizacji Rolnictwa<\/strong>.W\u00a0<strong>1968<\/strong>\u00a0roku Katedr\u0119 Mechanizacji Rolnictwa przekszta\u0142cono w\u00a0<strong>Instytut Techniki Rolniczej<\/strong>\u00a0z uprawnieniami wydzia\u0142u, a&nbsp;kierowanie jego dzia\u0142alno\u015bci\u0105 powierzono prof. Januszowi Hamanowi.\u00a0<\/p>\n<h2><strong>Wydzia\u0142 Techniki Rolniczej w&nbsp;latach 1970\/2003<\/strong><\/h2>\n<ul>\n<li><strong>1 wrze\u015bnia 1970<\/strong>\u00a0\u2013 powo\u0142anie do \u017cycia Wydzia\u0142u Techniki Rolniczej,<\/li>\n<li><strong>1970 r. \u2013 otrzymanie przez WTR \u2013 jako pierwszy w&nbsp;kraju \u2013 uprawnie\u0144 doktoryzowania w&nbsp;zakresie nauk technicznych, specjalno\u015b\u0107 \u2013 mechanizacja rolnictwa,<\/strong><\/li>\n<li><strong>1971 r. \u2013 otrzymanie przez WTR uprawnie\u0144 do przeprowadzania przewod\u00f3w habilitacyjnych i&nbsp;nadawania stopnia naukowego doktora habilitowanego,<\/strong><\/li>\n<li><strong>1979 r.<\/strong>\u00a0\u2013 przekszta\u0142cenie Katedry w\u00a0<strong>Instytut Zastosowa\u0144 Matematyki<\/strong>\u00a0oraz powo\u0142anie\u00a0<strong>O\u015brodka Informatyki<\/strong>,<\/li>\n<li><strong>1980 r.<\/strong>\u00a0\u2013 powo\u0142anie\u00a0<strong>Instytutu Eksploatacji Maszyn Przemys\u0142u Rolno-Spo\u017cywczego<\/strong>\u00a0(dyrektor &#8211; prof. dr hab. J\u00f3zef Grochowicz),\u00a0<\/li>\n<li><strong>1982 r.<\/strong>\u00a0\u2013 przekszta\u0142cenie Instytutu Eksploatacji Maszyn Przemys\u0142u Rolno-Spo\u017cywczego w\u00a0<strong>Instytut Techniki Rolno-Spo\u017cywczej<\/strong>\u00a0(dyrektor &#8211; prof. dr hab. J\u00f3zef Grochowicz), wyodr\u0119bnienie z&nbsp;dotychczasowej struktury Wydzia\u0142u\u00a0<strong>Instytutu Podstaw Techniki\u00a0<\/strong>(dyrektor &#8211; prof. dr hab. Tomasz Otmianowski) oraz powstanie\u00a0<strong>Instytutu Melioracji i&nbsp;Budownictwa Rolniczego<\/strong>\u00a0(dyrektor \u2013 prof. dr hab. Zygmunt Mazur),<\/li>\n<li><strong>1990 r<\/strong>. \u2013 zlikwidowanie Instytutu Eksploatacji Maszyn Przemys\u0142u Rolno-Spo\u017cywczego i&nbsp;powo\u0142anie samodzielnych jednostek \u2013 Katedr i&nbsp;Zak\u0142ad\u00f3w,<\/li>\n<li><strong>1999 r.<\/strong>\u00a0\u2013 przekszta\u0142cenie Instytutu Melioracji i&nbsp;Budownictwa Rolniczego w\u00a0<strong>Katedr\u0119 Melioracji i&nbsp;Budownictwa Rolniczego<\/strong>\u00a0(kierownik \u2013 prof. dr hab. Stanis\u0142aw Pa\u0142ys), Instytutu Zastosowa\u0144 Matematyki w\u00a0<strong>Katedr\u0119 Zastosowa\u0144 Matematyki<\/strong>\u00a0(kierownik \u2013 prof. dr hab. Tadeusz Przybysz) oraz Instytutu Podstaw Techniki w&nbsp;Katedr\u0119 Podstaw Techniki (kierownik \u2013 prof. dr hab. Andrzej Kusz),<\/li>\n<li><strong>2000 r.<\/strong>\u00a0\u2013 przekszta\u0142cenie Instytutu Zastosowa\u0144 Matematyki na\u00a0<strong>Katedr\u0119 Zastosowa\u0144 Matematyki<\/strong>\u00a0(kierownik &#8211; prof. dr hab. Miros\u0142awa Weso\u0142owska-Janczarek),<\/li>\n<\/ul>\n<h2><strong>Wydzia\u0142 In\u017cynierii Produkcji w&nbsp;latach 2003\/2020<\/strong><\/h2>\n<ul>\n<li><strong>27 czerwca 2003 r.<\/strong>\u00a0&#8211; zmiana nazwy Wydzia\u0142u z&nbsp;Wydzia\u0142u Techniki Rolniczej na Wydzia\u0142 In\u017cynierii Produkcji (WIP),<\/li>\n<li><strong>2004 r.<\/strong>\u00a0\u2013utworzenie\u00a0<strong>Pracowni Technologii Materia\u0142\u00f3w i&nbsp;Utrzymania Maszyn<\/strong>\u00a0(kierownik \u2013 dr in\u017c. Jolanta Marciniak),<\/li>\n<li><strong>2006 r.<\/strong>\u00a0\u2013 utworzenie w&nbsp;Katedrze Melioracji i&nbsp;Budownictwa Rolniczego\u00a0<strong>Laboratorium, Analityki W\u00f3d i&nbsp;\u015aciek\u00f3w<\/strong>\u00a0(dr hab. Krzysztof J\u00f3\u017awiakowski) oraz utworzenie w&nbsp;Katedrze Podstaw Techniki\u00a0<strong>Zak\u0142adu Modelowania i&nbsp;System\u00f3w Informacyjnych,<\/strong><\/li>\n<li><strong>2011 r.\u00a0<\/strong>\u2013 utworzenie w&nbsp;Katedrze Energetyki i&nbsp;Pojazd\u00f3w\u00a0<strong>Zak\u0142adu Logistyki i&nbsp;Zarz\u0105dzania Przedsi\u0119biorstwem<\/strong>\u00a0(kierownik \u2013 prof. dr hab. Wies\u0142aw Piekarski),<\/li>\n<li><strong>2013 r.<\/strong>\u00a0\u2013 otwarcie\u00a0<strong>Centrum Innowacyjno-Wdro\u017ceniowego Nowych Technik i&nbsp;Technologii w&nbsp;In\u017cynierii Rolniczej\u00a0<\/strong>przy ul. G\u0142\u0119bokiej 28 oraz utworzenie na Wydziale\u00a0<strong>Centralnego Laboratorium Badawczego<\/strong>\u00a0(pe\u0142nomocnik Rektora ds. Centralnego Laboratorium Badawczego WIP \u2013 prof. dr hab. Dariusz Andrejko),<\/li>\n<li><strong>2014 r.<\/strong>\u00a0\u2013 utworzenie w&nbsp;strukturze Katedry Eksploatacji Maszyn i&nbsp;Zarz\u0105dzania Procesami Produkcyjnymi\u00a0<strong>Zak\u0142adu Eksploatacji Maszyn Rolniczych i&nbsp;Urz\u0105dze\u0144 Ekoenergetycznych<\/strong>\u00a0(kierownik \u2013 prof. dr hab. Edmund Lorencowicz),<\/li>\n<li><strong>2015 r.<\/strong>\u00a0\u2013 utworzenie w&nbsp;ramach Katedry Fizyki\u00a0<strong>Pracowni Mechaniki<\/strong>\u00a0(kierownik \u2013 dr hab. Andrzej St\u0119pniewski) oraz w&nbsp;ramach Katedry Podstaw Techniki &#8211;\u00a0<strong>Zak\u0142adu Ergonomii<\/strong>\u00a0(kierownik \u2013 dr hab. Halina Pawlak) oraz\u00a0<strong>Pracowni In\u017cynierii Materia\u0142owej<\/strong>\u00a0(kierownik \u2013 dr hab. Jerzy Grudzi\u0144ski),<\/li>\n<li><strong>2017 r.<\/strong>\u00a0&#8211; utworzenie nowej Katedry pod nazw\u0105 Katedra Techniki Cieplnej i&nbsp;In\u017cynierii Procesowej (kierownik &#8211; prof. dr hab. Dariusz Dziki).<\/li>\n<\/ul>\n<p>Na Wydziale In\u017cynierii Produkcji studenci kszta\u0142ceni s\u0105 na 9 kierunkach studi\u00f3w. Dotychczas Wydzia\u0142 uko\u0144czy\u0142o\u00a0<strong>13.236<\/strong> student\u00f3w.<\/p>\n<p>Na Wydziale pracuje\u00a0<strong>153<\/strong> osoby, w&nbsp;tym <strong>121<\/strong> nauczycieli akademickich<\/p>\n<ul>\n<li>profesor z\u00a0tytu\u0142em na stanowisku profesora\u00a0 \u2013 <strong>17<\/strong><\/li>\n<li>dr hab. na stanowisku prof. uczelni\u00a0 \u2013 <strong>40<\/strong><\/li>\n<li>dr hab. na stanowisku adiunkta \u2013 <strong>5<\/strong><\/li>\n<li>doktor na stanowisku adiunkta\u00a0 \u2013 <strong>50<\/strong><\/li>\n<li>doktor na stanowisku asystenta \u2013 <strong>1<\/strong><\/li>\n<li>magister na stanowisku asystenta \u2013 <strong>7<\/strong><\/li>\n<li>doktor na stanowisku wyk\u0142adowcy\u00a0 \u2013 <strong>1<\/strong><\/li>\n<\/ul>\n<p>Stan kadrowy Wydzia\u0142u uzupe\u0142nia grupa <strong>32<\/strong> pracownik\u00f3w in\u017cynieryjno-technicznych.\u00a0<\/p>\n<p style=\"text-align: center\"><img loading=\"lazy\" class=\"aligncenter\" src=\"https:\/\/up.lublin.pl\/wip\/wp-content\/uploads\/sites\/7\/2021\/09\/2020-wip-jubi-50.jpg\" alt=\"\" width=\"700\" height=\"166\" \/>[ \u00a0<a href=\"https:\/\/up.lublin.pl\/wip\/wydzial\/jubileusze\/50lecie-wip\/\">50-lecie wydzia\u0142u<\/a>\u00a0 ]<\/p>\n                                        <\/div>\n\t\t\t\t\t\t                                <\/div>\n\t\t\t\t                <div class=\"mn-content-block\">\n\t                                <\/div>\n\t\t\t\t                <div class=\"mn-content-block\">\n\t                                <\/div>\n\t\t\t\t                <div class=\"mn-content-block\">\n\t                                <\/div>\n\t\t\t\t                <div class=\"mn-content-block\">\n\t                                <\/div>\n\t\t\t\t                <div class=\"mn-content-block\">\n\t                                <\/div>\n\t\t\t\t                <div class=\"mn-content-block\">\n\t                                <\/div>\n\t\t\t\t                <div class=\"mn-content-block\">\n\t                                <\/div>\n\t\t\t\t                <div class=\"mn-content-block\">\n\t                                <\/div>\n\t\t\t\t                <div class=\"mn-content-block\">\n\t                                <\/div>\n\t\t\t\t                <div class=\"mn-content-block\">\n\t                                <\/div>\n\t\t\t\t                <div class=\"mn-content-block\">\n\t                                <\/div>\n\t\t\t\t                <div class=\"mn-content-block\">\n\t                                <\/div>\n\t\t\t\t                <div class=\"mn-content-block\">\n\t                                <\/div>\n\t\t\t\t                <div class=\"mn-content-block\">\n\t                                <\/div>\n\t\t\t\t                <div class=\"mn-content-block\">\n\t                                <\/div>\n\t\t\t\t                <div class=\"mn-content-block\">\n\t                                <\/div>\n\t\t\t\t                <div class=\"mn-content-block\">\n\t                                <\/div>\n\t\t\t\t                <div class=\"mn-content-block\">\n\t                                <\/div>\n\t\t\t\t                <div class=\"mn-content-block\">\n\t                                <\/div>\n\t\t\t\t\t\t<\/div>\n\t<\/div>\n<\/section>\n\t\t<\/div>\n\t\t\t\t<\/div>\n\t\t\t\t\t\t<\/div>\n\t\t\t\t\t<\/div>\n\t\t<\/div>\n\t\t\t\t\t\t\t\t<\/div>\n\t\t\t\t\t<\/div>\n\t\t<\/section>\n\t\t\t\t\t\t<\/div>\n\t\t\t\t\t\t<\/div>\n\t\t\t\t\t<\/div>\n\t\t","protected":false},"excerpt":{"rendered":"<p>Wydzia\u0142 In\u017cynierii Produkcji Historia UP Wydzia\u0142 In\u017cynierii Produkcji Geneza powstania Wydzia\u0142u In\u017cynierii Produkcji Przed 1970 rokiem\u2026 Mimo, \u017ce za dat\u0119 powstania Wydzia\u0142u Techniki Rolniczej (obecnie \u2013 Wydzia\u0142u In\u017cynierii Produkcji) uznaje si\u0119 1 wrze\u015bnia 1970 roku, to jego pocz\u0105tk\u00f3w doszukiwa\u0107 si\u0119 mo\u017cna prawie 25 lat wcze\u015bniej, kiedy na Wydziale Rolnym UMCS w&nbsp;dniu\u00a05 listopada 1946\u00a0roku powo\u0142ano do [&hellip;]<\/p>\n","protected":false},"author":2,"featured_media":0,"parent":164,"menu_order":0,"comment_status":"closed","ping_status":"closed","template":"elementor_header_footer","meta":{"_monsterinsights_skip_tracking":false,"_monsterinsights_sitenote_active":false,"_monsterinsights_sitenote_note":"","_monsterinsights_sitenote_category":0},"_links":{"self":[{"href":"https:\/\/up.lublin.pl\/wip\/wp-json\/wp\/v2\/pages\/197"}],"collection":[{"href":"https:\/\/up.lublin.pl\/wip\/wp-json\/wp\/v2\/pages"}],"about":[{"href":"https:\/\/up.lublin.pl\/wip\/wp-json\/wp\/v2\/types\/page"}],"author":[{"embeddable":true,"href":"https:\/\/up.lublin.pl\/wip\/wp-json\/wp\/v2\/users\/2"}],"replies":[{"embeddable":true,"href":"https:\/\/up.lublin.pl\/wip\/wp-json\/wp\/v2\/comments?post=197"}],"version-history":[{"count":57,"href":"https:\/\/up.lublin.pl\/wip\/wp-json\/wp\/v2\/pages\/197\/revisions"}],"predecessor-version":[{"id":171076,"href":"https:\/\/up.lublin.pl\/wip\/wp-json\/wp\/v2\/pages\/197\/revisions\/171076"}],"up":[{"embeddable":true,"href":"https:\/\/up.lublin.pl\/wip\/wp-json\/wp\/v2\/pages\/164"}],"wp:attachment":[{"href":"https:\/\/up.lublin.pl\/wip\/wp-json\/wp\/v2\/media?parent=197"}],"curies":[{"name":"wp","href":"https:\/\/api.w.org\/{rel}","templated":true}]}}