{"id":195,"date":"2020-11-24T20:45:19","date_gmt":"2020-11-24T19:45:19","guid":{"rendered":"http:\/\/nowastrona.up.lublin.pl\/wip\/?page_id=195"},"modified":"2026-04-02T14:04:30","modified_gmt":"2026-04-02T12:04:30","slug":"komisje-wydzialowe","status":"publish","type":"page","link":"https:\/\/up.lublin.pl\/wip\/wydzial\/komisje-wydzialowe\/","title":{"rendered":"Komisje wydzia\u0142owe"},"content":{"rendered":"\t\t<div data-elementor-type=\"wp-page\" data-elementor-id=\"195\" class=\"elementor elementor-195\" data-elementor-settings=\"[]\">\n\t\t\t\t\t\t<div class=\"elementor-inner\">\n\t\t\t\t\t\t\t<div class=\"elementor-section-wrap\">\n\t\t\t\t\t\t\t<section class=\"elementor-section elementor-top-section elementor-element elementor-element-9ad6237 elementor-section-boxed elementor-section-height-default elementor-section-height-default\" data-id=\"9ad6237\" data-element_type=\"section\">\n\t\t\t\t\t\t<div class=\"elementor-container elementor-column-gap-default\">\n\t\t\t\t\t\t\t<div class=\"elementor-row\">\n\t\t\t\t\t<div class=\"elementor-column elementor-col-100 elementor-top-column elementor-element elementor-element-b4080a9\" data-id=\"b4080a9\" data-element_type=\"column\">\n\t\t\t<div class=\"elementor-column-wrap elementor-element-populated\">\n\t\t\t\t\t\t\t<div class=\"elementor-widget-wrap\">\n\t\t\t\t\t\t<div class=\"elementor-element elementor-element-d5c6d88 elementor-widget elementor-widget-m2e\" data-id=\"d5c6d88\" data-element_type=\"widget\" data-widget_type=\"m2e.default\">\n\t\t\t\t<div class=\"elementor-widget-container\">\n\t\t\t<section class=\"mn-m2-e mn-bg-green\">\n\t<div class=\"mn-grid\">\n\t\t<div class=\"mn-grid-3 mn-introtext\">\n\t\t\t\t\t\t\t<p class=\"mn-header\">Wydzia\u0142 In\u017cynierii Produkcji<\/p>\n\t\t\t\t\t\t\t\t\t\t\t<h3>\n\t\t\t\t\tKomisje wydzia\u0142owe\t\t\t\t<\/h3>\n\t\t\t\t\t\t\t\t\t\t\t\t<\/div>\n\t\t<div class=\"mn-grid-9 mn-image-container\">\n\t\t\t\t\t<\/div>\n\t<\/div>\n\t<\/section>\n\t\t<\/div>\n\t\t\t\t<\/div>\n\t\t\t\t\t\t<\/div>\n\t\t\t\t\t<\/div>\n\t\t<\/div>\n\t\t\t\t\t\t\t\t<\/div>\n\t\t\t\t\t<\/div>\n\t\t<\/section>\n\t\t\t\t<section class=\"elementor-section elementor-top-section elementor-element elementor-element-2730238 elementor-section-boxed elementor-section-height-default elementor-section-height-default\" data-id=\"2730238\" data-element_type=\"section\">\n\t\t\t\t\t\t<div class=\"elementor-container elementor-column-gap-default\">\n\t\t\t\t\t\t\t<div class=\"elementor-row\">\n\t\t\t\t\t<div class=\"elementor-column elementor-col-100 elementor-top-column elementor-element elementor-element-645025c\" data-id=\"645025c\" data-element_type=\"column\">\n\t\t\t<div class=\"elementor-column-wrap elementor-element-populated\">\n\t\t\t\t\t\t\t<div class=\"elementor-widget-wrap\">\n\t\t\t\t\t\t<div class=\"elementor-element elementor-element-7fe942d elementor-widget elementor-widget-m5c\" data-id=\"7fe942d\" data-element_type=\"widget\" data-widget_type=\"m5c.default\">\n\t\t\t\t<div class=\"elementor-widget-container\">\n\t\t\t<section class=\"mn-m5-c mn-m5-d2 mn-bg-white\">\n\t<div class=\"mn-grid\">\n\t\t\t\t<div class=\"mn-content mn-grid-9\">\n\t\t\t                <div class=\"mn-content-block active\">\n\t                                                        <ul class=\"mn-accordion\">\n                                            <li>\n                                                <h4 class=\"mn-accordion-title\">Sk\u0142ady sta\u0142ych Komisji Wydzia\u0142u In\u017cynierii Produkcji na kadencj\u0119 2024-2028<\/h4>\n                                                <div>\n\t\t\t\t\t\t\t\t\t                <p><strong>Wydzia\u0142owa Komisja ds. Jako\u015bci Kszta\u0142cenia<\/strong><\/p>\n<p>1. dr hab. Andrzej Mazur, prof. uczelni (prodziekan) \u2013 przewodnicz\u0105cy<br \/>2. dr hab. Andrzej Bochniak, prof. uczelni<br \/>3. dr hab. Alina Kowalczyk-Ju\u015bko, prof. uczelni<br \/>4. dr hab. Grzegorz Maj, prof. uczelni<br \/>5. dr hab. Beata Biernacka<br \/>6. dr Agnieszka Buczaj<br \/>7. dr Anna Skic<br \/>8. dr Sybilla Nazarewicz<\/p>\n<p><strong>Komisja ds. Organizacji i&nbsp;Rozwoju Wydzia\u0142u<\/strong><\/p>\n<p>1. prof. dr hab. Katarzyna Koz\u0142owicz \u2013 przewodnicz\u0105ca<br \/>2. prof. dr hab. Pawe\u0142 Sobczak<br \/>3. dr hab. Micha\u0142 Marzec, prof. uczelni<br \/>4. dr hab. Agnieszka Kubik \u2013 Komar, prof. uczelni<br \/>5. dr hab. Grzegorz Zaj\u0105c, prof. uczelni<\/p>\n<p><strong>Komisja ds. Kadr<\/strong><\/p>\n<p>1.dr hab. Zbigniew Kobus, prof. uczelni \u2013 przewodnicz\u0105cy<br \/>2. prof. dr hab. Dariusz Dziki<br \/>3. prof. dr hab. Mariusz Szymanek<br \/>4 .prof. dr hab. Wojciech Tana\u015b <br \/>5. dr hab. Tomasz S\u0142owik, prof. uczelni<br \/>6. dr hab. Artur Kraszkiewicz, prof. uczelni<br \/>7. dr Urszula Bronowicka- Mielniczuk<br \/>8. dr Radomir Obro\u015blak<\/p>\n<p><strong>Komisja Oceniaj\u0105ca Wydzia\u0142u In\u017cynierii Produkcji<\/strong><\/p>\n<p>1. prof. dr hab. Agnieszka W\u00f3jtowicz &#8211; przewodnicz\u0105ca<br \/>2. prof. dr hab. Renata R\u00f3\u017cy\u0142o<br \/>3. dr hab. Andrzej Kuranc, prof. uczelni<br \/>4. dr in\u017c. Karolina Beer-Lech<br \/>5. dr hab. Artur Serafin, prof. uczelni<\/p>\n                                                <\/div>\n                                            <\/li>\n                                        <\/ul>\n\t\t\t\t\t\t                                                        <ul class=\"mn-accordion\">\n                                            <li>\n                                                <h4 class=\"mn-accordion-title\">Sk\u0142ady Rad Programowych kierunk\u00f3w realizowanych na WIP na okres 2024-2028<\/h4>\n                                                <div>\n\t\t\t\t\t\t\t\t\t                <p><strong>Rady programowe kierunk\u00f3w na WIP\u00a0 UP w&nbsp;Lublinie<\/strong><\/p>\n<p><strong>\u2013 geodezja i\u00a0kartografia:<\/strong><\/p>\n<p>1) Przewodnicz\u0105cy: prof. dr hab. Wies\u0142aw Kosek<br \/>2) Cz\u0142onkowie:<br \/>a) prof. dr hab. Oleksandr Dorozhynskyy<br \/>b) dr in\u017c. Wojciech Cymerman<br \/>c) dr in\u017c. Roman Rybicki<br \/>d) dr Kamil Nie\u015bcioruk<br \/>e) Przedstawiciel student\u00f3w I&nbsp;stopnia<br \/>f) Przedstawiciel student\u00f3w II stopnia.<\/p>\n<p><strong>\u2013 in\u017cynieria chemiczna i\u00a0procesowa: <\/strong><\/p>\n<p>1) Przewodnicz\u0105cy: prof. dr hab. Agnieszka W\u00f3jtowicz<br \/>2) Cz\u0142onkowie:<br \/>a) dr hab. Marcin Mitrus, prof. uczelni<br \/>b) dr hab. in\u017c. Tomasz Guz<br \/>c) dr Agnieszka Sagan<br \/>d) dr in\u017c. Marek Domin<br \/>e) Przedstawiciel student\u00f3w I\u00a0stopnia.<\/p>\n<p><strong>\u2013 in\u017cynieria przemys\u0142u spo\u017cywczego:<\/strong><\/p>\n<p>1) Przewodnicz\u0105cy: dr hab. in\u017c. Dariusz G\u00f3ral, prof. uczelni<br \/>2) Cz\u0142onkowie:<br \/>a) prof. dr hab. Dariusz Dziki<br \/>b) dr hab. in\u017c. Jacek Mazur, prof. uczelni<br \/>c) prof. dr hab. in\u017c. Renata R\u00f3\u017cy\u0142o<br \/>d) prof. dr hab. Tomasz Oniszczuk<br \/>e) Przedstawiciel student\u00f3w II stopnia.<\/p>\n<p><strong>\u2013 in\u017cynieria rolnicza i\u00a0le\u015bna:<\/strong><\/p>\n<p>1) Przewodnicz\u0105cy: dr hab. in\u017c. Stanis\u0142aw Parafiniuk, prof. uczelni<br \/>2) Cz\u0142onkowie:<br \/>a) dr hab. in\u017c. Magdalena Kachel-G\u00f3recka, prof. uczelni<br \/>b) dr hab. in\u017c. Milan Koszel, prof. uczelni<br \/>c) dr hab. in\u017c. Marek Boryga, prof. uczelni<br \/>d) dr hab. in\u017c. Jacek Wasilewski, prof. uczelni<br \/>e) dr in\u017c. Karolina Beer-Lech<br \/>f) Przedstawiciel student\u00f3w I\u00a0stopnia<\/p>\n<p><strong>\u00a0<\/strong><strong>\u2013 zarz\u0105dzanie i\u00a0in\u017cynieria produkcji:<\/strong><\/p>\n<p>1) Przewodnicz\u0105cy: dr hab. in\u017c. Artur Kraszkiewicz, prof. uczelni<br \/>2) Cz\u0142onkowie:<br \/>a) dr hab. Zbigniew Stropek, prof. uczelni<br \/>b) dr in\u017c. Monika Krzywicka<br \/>c) dr in\u017c. Agnieszka Dudziak<br \/>d) dr hab. Beata Biernacka<br \/>e) Przedstawiciel student\u00f3w I\u00a0stopnia<br \/>f) Przedstawiciel student\u00f3w II stopnia.<\/p>\n<p><strong>\u2013 transport i\u00a0logistyka:<\/strong><\/p>\n<p>1) Przewodnicz\u0105cy: dr hab. Andrzej Kuranc, prof. uczelni<br \/>2) Cz\u0142onkowie:<br \/>a) dr hab. in\u017c. Grzegorz Maj, prof. uczelni<br \/>b) dr hab. in\u017c. Grzegorz Zaj\u0105c, prof. uczelni<br \/>c) dr hab. in\u017c. S\u0142awomir Ju\u015bci\u0144ski<br \/>d) dr in\u017c. Marek \u015acibisz<br \/>e) Przedstawiciel student\u00f3w I\u00a0stopnia<br \/>f) Przedstawiciel student\u00f3w II stopnia.<\/p>\n<p><strong>\u2013 ekoenergetyka:<\/strong><\/p>\n<p>1) Przewodnicz\u0105cy: dr hab. in\u017c. Alina Kowalczyk-Ju\u015bko, prof. uczelni<br \/>2) Cz\u0142onkowie:<br \/>a) dr hab. in\u017c. Joanna Szyszlak-Barg\u0142owicz, prof. uczelni<br \/>b) dr hab. in\u017c. Jacek Kapica, prof. uczelni<br \/>c) dr in\u017c. Wojciech Go\u0142\u0119biowski<br \/>d) dr in\u017c. Sybilla Nazarewicz<br \/>e) Przedstawiciel student\u00f3w I\u00a0stopnia.<\/p>\n<p><strong>\u2013 in\u017cynieria \u015brodowiska:<\/strong><\/p>\n<p>1) Przewodnicz\u0105cy: dr hab. in\u017c. Micha\u0142 Marzec, prof. uczelni<br \/>2) Cz\u0142onkowie:<br \/>a) prof. dr hab. Krzysztof J\u00f3\u017awiakowski<br \/>b) prof. dr hab. Tadeusz Siwiec<br \/>c) dr hab. in\u017c. Barbara Sowi\u0144ska-\u015awierkosz, prof. uczelni<br \/>d) dr. hab. in\u017c. Artur Serafin, prof. uczelni<br \/>e) Przedstawiciel student\u00f3w I\u00a0stopnia<br \/>f) Przedstawiciel student\u00f3w II stopnia.<\/p>\n<p><strong>\u2013 technika rolnicza i\u00a0agrotronika:<\/strong><\/p>\n<p>1)\u00a0Przewodnicz\u0105cy: dr hab. in\u017c. Stanis\u0142aw Parafiniuk, prof. uczelni<br \/>2)\u00a0Cz\u0142onkowie:<br \/>a) dr hab. in\u017c. Magdalena Kachel-G\u00f3recka, prof. uczelni<br \/>b)\u00a0dr hab. in\u017c. Milan Koszel, prof. uczelni<br \/>c)\u00a0dr hab. in\u017c. Jacek Wasilewski, prof. uczelni<br \/>d)\u00a0dr in\u017c.\u00a0Karolina Beer-Lech<br \/>e)\u00a0Przedstawiciel student\u00f3w I\u00a0stopnia<br \/>f)\u00a0Przedstawiciel student\u00f3w II stopnia<\/p>\n<p><strong>\u2013 informatyka przemys\u0142owa:<\/strong><\/p>\n<p>1) Przewodnicz\u0105cy: dr hab.\u00a0 Zbigniew Kobus, prof. czelni<br \/>2)\u00a0Cz\u0142onkowie:<br \/>a) dr hab. Andrzej Bochniak, prof. uczelni<br \/>b) dr in\u017c. Agata Blicharz-Kania<br \/>c) dr in\u017c. Waldemar Samociuk<br \/>d) dr in\u017c. Jacek Ogodniczek<br \/>e) dr El\u017cbieta Kubera<br \/>f)\u00a0Przedstawiciel student\u00f3w I\u00a0stopnia<\/p>\n<p><strong>\u2013 in\u017cynieria w&nbsp;bezpiecze\u0144stwie i&nbsp;obronno\u015bci:<\/strong><\/p>\n<p>1) Przewodnicz\u0105cy: prof. dr hab. Dariusz G\u00f3ral;<br \/>2) Cz\u0142onkowie:<br \/>a) prof. dr hab. Katarzyna Koz\u0142owicz,<br \/>b) dr in\u017c. Emilia Osm\u00f3lska,<br \/>c) dr in\u017c. Pawe\u0142 Karpi\u0144ski,<br \/>d) dr in\u017c. Jakub Soja,<br \/>e) Przedstawiciel student\u00f3w I&nbsp;stopnia.<\/p>\n                                                <\/div>\n                                            <\/li>\n                                        <\/ul>\n\t\t\t\t\t\t                                <\/div>\n\t\t\t\t                <div class=\"mn-content-block\">\n\t                                <\/div>\n\t\t\t\t                <div class=\"mn-content-block\">\n\t                                <\/div>\n\t\t\t\t                <div class=\"mn-content-block\">\n\t                                <\/div>\n\t\t\t\t                <div class=\"mn-content-block\">\n\t                                <\/div>\n\t\t\t\t                <div class=\"mn-content-block\">\n\t                                <\/div>\n\t\t\t\t                <div class=\"mn-content-block\">\n\t                                <\/div>\n\t\t\t\t                <div class=\"mn-content-block\">\n\t                                <\/div>\n\t\t\t\t                <div class=\"mn-content-block\">\n\t                                <\/div>\n\t\t\t\t                <div class=\"mn-content-block\">\n\t                                <\/div>\n\t\t\t\t                <div class=\"mn-content-block\">\n\t                                <\/div>\n\t\t\t\t                <div class=\"mn-content-block\">\n\t                                <\/div>\n\t\t\t\t                <div class=\"mn-content-block\">\n\t                                <\/div>\n\t\t\t\t                <div class=\"mn-content-block\">\n\t                                <\/div>\n\t\t\t\t                <div class=\"mn-content-block\">\n\t                                <\/div>\n\t\t\t\t                <div class=\"mn-content-block\">\n\t                                <\/div>\n\t\t\t\t                <div class=\"mn-content-block\">\n\t                                <\/div>\n\t\t\t\t                <div class=\"mn-content-block\">\n\t                                <\/div>\n\t\t\t\t                <div class=\"mn-content-block\">\n\t                                <\/div>\n\t\t\t\t                <div class=\"mn-content-block\">\n\t                                <\/div>\n\t\t\t\t\t\t<\/div>\n\t<\/div>\n<\/section>\n\t\t<\/div>\n\t\t\t\t<\/div>\n\t\t\t\t\t\t<\/div>\n\t\t\t\t\t<\/div>\n\t\t<\/div>\n\t\t\t\t\t\t\t\t<\/div>\n\t\t\t\t\t<\/div>\n\t\t<\/section>\n\t\t\t\t\t\t<\/div>\n\t\t\t\t\t\t<\/div>\n\t\t\t\t\t<\/div>\n\t\t","protected":false},"excerpt":{"rendered":"<p>Wydzia\u0142 In\u017cynierii Produkcji Komisje wydzia\u0142owe UP Wydzia\u0142 In\u017cynierii Produkcji Sk\u0142ady sta\u0142ych Komisji Wydzia\u0142u In\u017cynierii Produkcji na kadencj\u0119 2024-2028 Wydzia\u0142owa Komisja ds. Jako\u015bci Kszta\u0142cenia 1. dr hab. Andrzej Mazur, prof. uczelni (prodziekan) \u2013 przewodnicz\u0105cy2. dr hab. Andrzej Bochniak, prof. uczelni3. dr hab. Alina Kowalczyk-Ju\u015bko, prof. uczelni4. dr hab. Grzegorz Maj, prof. uczelni5. dr hab. Beata Biernacka6. [&hellip;]<\/p>\n","protected":false},"author":2,"featured_media":0,"parent":164,"menu_order":0,"comment_status":"closed","ping_status":"closed","template":"elementor_header_footer","meta":{"_monsterinsights_skip_tracking":false,"_monsterinsights_sitenote_active":false,"_monsterinsights_sitenote_note":"","_monsterinsights_sitenote_category":0},"_links":{"self":[{"href":"https:\/\/up.lublin.pl\/wip\/wp-json\/wp\/v2\/pages\/195"}],"collection":[{"href":"https:\/\/up.lublin.pl\/wip\/wp-json\/wp\/v2\/pages"}],"about":[{"href":"https:\/\/up.lublin.pl\/wip\/wp-json\/wp\/v2\/types\/page"}],"author":[{"embeddable":true,"href":"https:\/\/up.lublin.pl\/wip\/wp-json\/wp\/v2\/users\/2"}],"replies":[{"embeddable":true,"href":"https:\/\/up.lublin.pl\/wip\/wp-json\/wp\/v2\/comments?post=195"}],"version-history":[{"count":146,"href":"https:\/\/up.lublin.pl\/wip\/wp-json\/wp\/v2\/pages\/195\/revisions"}],"predecessor-version":[{"id":175501,"href":"https:\/\/up.lublin.pl\/wip\/wp-json\/wp\/v2\/pages\/195\/revisions\/175501"}],"up":[{"embeddable":true,"href":"https:\/\/up.lublin.pl\/wip\/wp-json\/wp\/v2\/pages\/164"}],"wp:attachment":[{"href":"https:\/\/up.lublin.pl\/wip\/wp-json\/wp\/v2\/media?parent=195"}],"curies":[{"name":"wp","href":"https:\/\/api.w.org\/{rel}","templated":true}]}}