{"id":173226,"date":"2025-12-09T09:05:06","date_gmt":"2025-12-09T08:05:06","guid":{"rendered":"https:\/\/up.lublin.pl\/wip\/?page_id=173226"},"modified":"2025-12-15T16:41:34","modified_gmt":"2025-12-15T15:41:34","slug":"skn-mechanizacji-rolnictwa-i-agrotroniki","status":"publish","type":"page","link":"https:\/\/up.lublin.pl\/wip\/kola-naukowe\/skn-mechanizacji-rolnictwa-i-agrotroniki\/","title":{"rendered":"SKN Mechanizacji Rolnictwa i Agrotroniki"},"content":{"rendered":"\t\t<div data-elementor-type=\"wp-page\" data-elementor-id=\"173226\" class=\"elementor elementor-173226\" data-elementor-settings=\"[]\">\n\t\t\t\t\t\t<div class=\"elementor-inner\">\n\t\t\t\t\t\t\t<div class=\"elementor-section-wrap\">\n\t\t\t\t\t\t\t<section class=\"elementor-section elementor-top-section elementor-element elementor-element-67e6c11 elementor-section-boxed elementor-section-height-default elementor-section-height-default\" data-id=\"67e6c11\" data-element_type=\"section\">\n\t\t\t\t\t\t<div class=\"elementor-container elementor-column-gap-default\">\n\t\t\t\t\t\t\t<div class=\"elementor-row\">\n\t\t\t\t\t<div class=\"elementor-column elementor-col-100 elementor-top-column elementor-element elementor-element-6a0ec8d\" data-id=\"6a0ec8d\" data-element_type=\"column\">\n\t\t\t<div class=\"elementor-column-wrap elementor-element-populated\">\n\t\t\t\t\t\t\t<div class=\"elementor-widget-wrap\">\n\t\t\t\t\t\t<div class=\"elementor-element elementor-element-946ee6b elementor-widget elementor-widget-m5h\" data-id=\"946ee6b\" data-element_type=\"widget\" data-widget_type=\"m5h.default\">\n\t\t\t\t<div class=\"elementor-widget-container\">\n\t\t\t<section class=\"mn-m5-h mn-bg-green\">\r\n\t<div class=\"mn-grid\">\r\n\t\t<div class=\"mn-content mn-grid-12\">\r\n\t\t\t<div class=\"mn-lead\">\r\n\t\t\t\t<p><strong><span style=\"font-size: 28px\">STUDENCKIE KO\u0141O NAUKOWE MECHANIZACJI ROLNICTWA I&nbsp;AGROTRONIKI<\/span><\/strong><\/p>\n<p><span style=\"font-size: 16px\"><strong>Opiekunowie: dr in\u017c. Ma\u0142gorzata G\u00f3ral-Kowalczyk, dr in\u017c. Maciej Sprawka<\/strong><\/span><\/p>\n<div style=\"text-align: left\">\u00a0<\/div>\n<div id=\"ext-gen1448\" class=\"mcntelementToProof\" style=\"text-align: left\">Studenckie Ko\u0142o Naukowe Mechanizacji Rolnictwa i&nbsp;Agrotroniki zosta\u0142o powo\u0142ane 16 kwietnia 2025 roku przy Katedrze Maszyn Rolniczych, Le\u015bnych i&nbsp;Transportowych. Od pocz\u0105tku swojej dzia\u0142alno\u015bci zrzesza student\u00f3w III i&nbsp;IV roku kierunku Technika Rolnicza i&nbsp;Agrotronika, kt\u00f3rzy pragn\u0105 rozwija\u0107 swoje pasje oraz zdobywa\u0107 nowe do\u015bwiadczenia.<\/div>\n<div class=\"mcntelementToProof\">\u00a0<\/div>\n<div class=\"mcntelementToProof\">\n<p><img loading=\"lazy\" class=\"wp-image-173428 aligncenter\" src=\"https:\/\/up.lublin.pl\/wip\/wp-content\/uploads\/sites\/7\/2025\/12\/SKN2.png\" alt=\"\" width=\"300\" height=\"135\" \/><\/p>\n<p style=\"text-align: left\">Nasza dzia\u0142alno\u015b\u0107:<\/p>\n<\/div>\n<ul>\n<li style=\"text-align: left\">\n<div class=\"mcntelementToProof\">Projekty badawcze i&nbsp;innowacyjne \u2013 m.in. . opracowywanie rozwi\u0105za\u0144 patentowych dotycz\u0105cych element\u00f3w maszyn rolniczych.<\/div>\n<\/li>\n<li style=\"text-align: left\">\n<div>Wyjazdy studyjne \u2013 wizyty w&nbsp;przedsi\u0119biorstwach takich jak WEREMCZUK FMR Sp. z&nbsp;o.o., Mzuri World czy CNH Industrial Polska.<\/div>\n<\/li>\n<li style=\"text-align: left\">\n<div>Spotkania integracyjne \u2013 sprzyjaj\u0105ce wymianie wiedzy i&nbsp;budowaniu relacji mi\u0119dzy studentami.<\/div>\n<\/li>\n<li>\n<div class=\"mcntelementToProof\" style=\"text-align: left\">Aktywno\u015b\u0107 spo\u0142eczna i&nbsp;charytatywna \u2013 w&nbsp;grudniu 2025 roku wsp\u00f3lnie z&nbsp;Ko\u0142em Zarz\u0105dzania i&nbsp;Ekonomii przygotowali\u015bmy paczk\u0119 dla rodziny z&nbsp;W\u0142odawy,\u00a0w ramach og\u00f3lnopolskiej akcji Szlachetna Paczka.<\/div>\n<\/li>\n<\/ul>\n<div class=\"mcntelementToProof\">\u00a0<\/div>\n<div>\u00a0<\/div>\n<div>\u00a0<\/div>\n<div><img loading=\"lazy\" class=\"alignnone wp-image-173408\" src=\"https:\/\/up.lublin.pl\/wip\/wp-content\/uploads\/sites\/7\/2025\/12\/Fot-1.jpeg\" alt=\"\" width=\"500\" height=\"281\" \/><\/div>\n<div><img loading=\"lazy\" class=\"alignnone wp-image-173412\" src=\"https:\/\/up.lublin.pl\/wip\/wp-content\/uploads\/sites\/7\/2025\/12\/Fot-2.jpeg\" alt=\"\" width=\"500\" height=\"375\" \/><\/div>\n<div><img loading=\"lazy\" class=\"alignnone wp-image-173416\" src=\"https:\/\/up.lublin.pl\/wip\/wp-content\/uploads\/sites\/7\/2025\/12\/Fot-3.jpeg\" alt=\"\" width=\"500\" height=\"333\" \/><\/div>\n<div><img loading=\"lazy\" class=\"alignnone wp-image-173424\" src=\"https:\/\/up.lublin.pl\/wip\/wp-content\/uploads\/sites\/7\/2025\/12\/Fot-5.jpeg\" alt=\"\" width=\"500\" height=\"375\" \/><\/div>\n<div style=\"text-align: left\">\u00a0<\/div>\n<div class=\"mcntelementToProof\" style=\"text-align: left\">Do\u0142\u0105cz do nas!<\/div>\n<div style=\"text-align: left\">Zapraszamy wszystkich zainteresowanych do wsp\u00f3lnej dzia\u0142alno\u015bci \u2013 nie tylko student\u00f3w kierunku TRiA. Nasze ko\u0142o to przestrze\u0144 dla os\u00f3b, kt\u00f3re chc\u0105 rozwija\u0107 swoje umiej\u0119tno\u015bci, zdobywa\u0107 praktyczne do\u015bwiadczenie i&nbsp;dzia\u0142a\u0107 w&nbsp;inspiruj\u0105cym \u015brodowisku akademickim.<\/div>\n<div style=\"text-align: left\">\u00a0<\/div>\n<p style=\"text-align: left\"><a href=\"https:\/\/www.facebook.com\/share\/1EbVczSRYZ\/\" target=\"_blank\" rel=\"noopener\">Facebook<\/a><br \/><a id=\"mcntOWA33f22417-a3ba-8f01-8c13-f9347318c17d\" class=\"mcntOWAAutoLink\" href=\"https:\/\/upedupl-my.sharepoint.com\/:b:\/g\/personal\/jacek_ogrodniczek_student_up_edu_pl\/IQCn0fEW4ZhPQaz4DPBbf04_AS4iazrLOws_726kAcy0Lj8?e=teSAQo\" target=\"_blank\" rel=\"noopener\">Prezentacja o&nbsp;kole <\/a><\/p>\n\t\t\t<\/div>\r\n\t\t<\/div>\r\n\t<\/div>\r\n<\/section>\r\n\t\t<\/div>\n\t\t\t\t<\/div>\n\t\t\t\t\t\t<\/div>\n\t\t\t\t\t<\/div>\n\t\t<\/div>\n\t\t\t\t\t\t\t\t<\/div>\n\t\t\t\t\t<\/div>\n\t\t<\/section>\n\t\t\t\t\t\t<\/div>\n\t\t\t\t\t\t<\/div>\n\t\t\t\t\t<\/div>\n\t\t","protected":false},"excerpt":{"rendered":"<p>STUDENCKIE KO\u0141O NAUKOWE MECHANIZACJI ROLNICTWA I&nbsp;AGROTRONIKI Opiekunowie: dr in\u017c. Ma\u0142gorzata G\u00f3ral-Kowalczyk, dr in\u017c. Maciej Sprawka \u00a0Studenckie Ko\u0142o Naukowe Mechanizacji Rolnictwa i&nbsp;Agrotroniki zosta\u0142o powo\u0142ane 16 kwietnia 2025 roku przy Katedrze Maszyn Rolniczych, Le\u015bnych i&nbsp;Transportowych. Od pocz\u0105tku swojej dzia\u0142alno\u015bci zrzesza student\u00f3w III i&nbsp;IV roku kierunku Technika Rolnicza i&nbsp;Agrotronika, kt\u00f3rzy pragn\u0105 rozwija\u0107 swoje pasje oraz zdobywa\u0107 nowe do\u015bwiadczenia.\u00a0 [&hellip;]<\/p>\n","protected":false},"author":262,"featured_media":0,"parent":142316,"menu_order":12,"comment_status":"closed","ping_status":"closed","template":"","meta":{"_monsterinsights_skip_tracking":false,"_monsterinsights_sitenote_active":false,"_monsterinsights_sitenote_note":"","_monsterinsights_sitenote_category":0},"_links":{"self":[{"href":"https:\/\/up.lublin.pl\/wip\/wp-json\/wp\/v2\/pages\/173226"}],"collection":[{"href":"https:\/\/up.lublin.pl\/wip\/wp-json\/wp\/v2\/pages"}],"about":[{"href":"https:\/\/up.lublin.pl\/wip\/wp-json\/wp\/v2\/types\/page"}],"author":[{"embeddable":true,"href":"https:\/\/up.lublin.pl\/wip\/wp-json\/wp\/v2\/users\/262"}],"replies":[{"embeddable":true,"href":"https:\/\/up.lublin.pl\/wip\/wp-json\/wp\/v2\/comments?post=173226"}],"version-history":[{"count":17,"href":"https:\/\/up.lublin.pl\/wip\/wp-json\/wp\/v2\/pages\/173226\/revisions"}],"predecessor-version":[{"id":173479,"href":"https:\/\/up.lublin.pl\/wip\/wp-json\/wp\/v2\/pages\/173226\/revisions\/173479"}],"up":[{"embeddable":true,"href":"https:\/\/up.lublin.pl\/wip\/wp-json\/wp\/v2\/pages\/142316"}],"wp:attachment":[{"href":"https:\/\/up.lublin.pl\/wip\/wp-json\/wp\/v2\/media?parent=173226"}],"curies":[{"name":"wp","href":"https:\/\/api.w.org\/{rel}","templated":true}]}}