{"id":170,"date":"2020-11-24T20:34:40","date_gmt":"2020-11-24T19:34:40","guid":{"rendered":"http:\/\/nowastrona.up.lublin.pl\/wip\/?page_id=170"},"modified":"2026-04-09T09:24:58","modified_gmt":"2026-04-09T07:24:58","slug":"dziekanat","status":"publish","type":"page","link":"https:\/\/up.lublin.pl\/wip\/dziekanat\/","title":{"rendered":"Dziekanat Wydzia\u0142u In\u017cynierii Produkcji"},"content":{"rendered":"\t\t<div data-elementor-type=\"wp-page\" data-elementor-id=\"170\" class=\"elementor elementor-170\" data-elementor-settings=\"[]\">\n\t\t\t\t\t\t<div class=\"elementor-inner\">\n\t\t\t\t\t\t\t<div class=\"elementor-section-wrap\">\n\t\t\t\t\t\t\t<section class=\"elementor-section elementor-top-section elementor-element elementor-element-bce8701 elementor-section-boxed elementor-section-height-default elementor-section-height-default\" data-id=\"bce8701\" data-element_type=\"section\">\n\t\t\t\t\t\t<div class=\"elementor-container elementor-column-gap-default\">\n\t\t\t\t\t\t\t<div class=\"elementor-row\">\n\t\t\t\t\t<div class=\"elementor-column elementor-col-100 elementor-top-column elementor-element elementor-element-00ad126\" data-id=\"00ad126\" data-element_type=\"column\">\n\t\t\t<div class=\"elementor-column-wrap elementor-element-populated\">\n\t\t\t\t\t\t\t<div class=\"elementor-widget-wrap\">\n\t\t\t\t\t\t<div class=\"elementor-element elementor-element-0dbcf52 elementor-widget elementor-widget-m2d\" data-id=\"0dbcf52\" data-element_type=\"widget\" data-widget_type=\"m2d.default\">\n\t\t\t\t<div class=\"elementor-widget-container\">\n\t\t\t<section class=\"mn-m2-d mn-bg-green\">\r\n\t<div class=\"mn-grid\">\r\n\t\t<div class=\"mn-grid-3 mn-introtext\">\r\n\t\t\t\t\t\t\t<h3>\r\n\t\t\t\t\tDZIEKANAT WYDZIA\u0141U IN\u017bYNIERII PRODUKCJI\t\t\t\t<\/h3>\r\n\t\t\t\t\t\t<\/div>\r\n\t\t\t            <div class=\"mn-grid-9 mn-image-container\">\r\n\t\t\t\t<img src=\"https:\/\/up.lublin.pl\/wip\/wp-content\/uploads\/sites\/7\/2021\/01\/ciw-4.jpg\" alt=\"\">\r\n            <\/div>\r\n\t\t\t\t        \r\n\r\n\t<\/div>\r\n\t<\/section>\r\n\t\t<\/div>\n\t\t\t\t<\/div>\n\t\t\t\t<div class=\"elementor-element elementor-element-b85a94b elementor-widget elementor-widget-m5c\" data-id=\"b85a94b\" data-element_type=\"widget\" data-widget_type=\"m5c.default\">\n\t\t\t\t<div class=\"elementor-widget-container\">\n\t\t\t<section class=\"mn-m5-c mn-bg-white\">\n\t<div class=\"mn-grid\">\n\t\t            <div class=\"mn-menu-container mn-grid-3\">\n                <ul class=\"mn-bg-yellow\">\n\t                                        <li>\n                            <a href=\"#\" class=\"active\" data-hash=\"#informacje\">\n                                Infomacje o&nbsp;dziekanacie                            <\/a>\n                        <\/li>\n                                                <li>\n                            <a href=\"#\" class=\"\" data-hash=\"#obsluga\">\n                                Obs\u0142uga student\u00f3w kierunk\u00f3w WIP                            <\/a>\n                        <\/li>\n                                                <li>\n                            <a href=\"#\" class=\"\" data-hash=\"#skargi_wnioski\">\n                                Sk\u0142adanie skarg i&nbsp;wniosk\u00f3w                            <\/a>\n                        <\/li>\n                                        <\/ul>\n            <\/div>\n\t        \t\t<div class=\"mn-content mn-grid-8\">\n\t\t\t                <div class=\"mn-content-block active\">\n\t                                                        <div class=\"block-text\">\n\t                                        <p style=\"text-align: center\"><strong>NA SKR\u00d3TY<\/strong><\/p>\n<hr \/>\n<p><a href=\"https:\/\/up.lublin.pl\/edukacja\/student\/tok-studiow\/organizacja-roku-akademickiego\/\">Kalendarz akademicki<\/a><br \/><a href=\"https:\/\/up.lublin.pl\/edukacja\/student\/tok-studiow\/terminy-zjazdow\/\">Terminarz zjazd\u00f3w<\/a><br \/><a href=\"https:\/\/up.lublin.pl\/edukacja\/student\/dydaktyka\/\">Dzia\u0142 Organizacji i&nbsp;Toku Studi\u00f3w<\/a><br \/><a href=\"https:\/\/up.lublin.pl\/edukacja\/student\/stypendia\/\">Stypendia i&nbsp;pomoc materialna<\/a><br \/><a href=\"https:\/\/up.lublin.pl\/edukacja\/student\/\">Informacje dla student\u00f3w<\/a><br \/><a href=\"https:\/\/wd.up.lublin.pl\/cas\/login?&amp;locale=pl\">Wirtualny Dziekanat<br \/><\/a><a href=\"https:\/\/up.lublin.pl\/wip\/ksztalcenie\/#szablony_podan\">Szablony poda\u0144<\/a><\/p>\n<hr \/>\n<p>\u00a0<\/p>\n                                        <\/div>\n\t\t\t\t\t\t                                                        <ul class=\"mn-accordion\">\n                                            <li>\n                                                <h4 class=\"mn-accordion-title\">DNI I&nbsp;GODZINY PRACY DZIEKANATU<\/h4>\n                                                <div>\n\t\t\t\t\t\t\t\t\t                <p style=\"text-align: center\"><strong>DNI I&nbsp;GODZINY PRACY DZIEKANATU<\/strong><\/p>\n<table border=\"0\" width=\"100%\" cellspacing=\"2\" cellpadding=\"4\">\n<tbody>\n<tr>\n<td>DZIE\u0143 TYGODNIA<\/td>\n<td>GODZINY<\/td>\n<\/tr>\n<tr>\n<td>Poniedzia\u0142ek<\/td>\n<td>11:00-14:00<\/td>\n<\/tr>\n<tr>\n<td>Wtorek<\/td>\n<td>11:00-14:00<\/td>\n<\/tr>\n<tr>\n<td><b>\u015aroda<\/b><\/td>\n<td><b>NIECZYNNE<br \/>DLA STUDENT\u00d3W<\/b><\/td>\n<\/tr>\n<tr>\n<td>Czwartek<\/td>\n<td>11:00-14:00<\/td>\n<\/tr>\n<tr>\n<td>Pi\u0105tek<\/td>\n<td>11:00-14:00<\/td>\n<\/tr>\n<tr>\n<td>Sobota (dla student\u00f3w studi\u00f3w niestacjonarnych tylko podczas zjazd\u00f3w)<\/td>\n<td>9:00-13:00<\/td>\n<\/tr>\n<\/tbody>\n<\/table>\n                                                <\/div>\n                                            <\/li>\n                                        <\/ul>\n\t\t\t\t\t\t                                <\/div>\n\t\t\t\t                <div class=\"mn-content-block\">\n\t                                                        <div class=\"block-text\">\n\t                                        <table style=\"border-collapse: collapse;width: 100%;height: 391px\">\n<tbody>\n<tr style=\"height: 138px\">\n<td style=\"width: 50%;height: 138px\">mgr <strong>Marta Czy\u017cykiewicz<\/strong><br \/>koordynator dziekanatu<br \/>starszy specjalista<br \/>pok. 138<br \/>tel. +48 81 531 96 67<br \/>e-mail: <a href=\"mailto:marta.czyzykiewicz@up.edu.pl\">marta.czyzykiewicz@up.edu.pl<\/a><\/td>\n<td style=\"width: 50%;height: 138px\">Kierunek<br \/><strong>informatyka przemys\u0142owa<\/strong><\/td>\n<\/tr>\n<tr style=\"height: 115px\">\n<td style=\"width: 50%;height: 115px\">mgr in\u017c. <strong>Magdalena Beeger<\/strong><br \/>starszy specjalista<br \/>pok. 131<br \/>tel. +48 81 531 96 65<br \/>e-mail: <a href=\"mailto:magdalena.beeger@up.edu.pl\">magdalena.beeger@up.edu.pl<\/a><\/td>\n<td style=\"width: 50%;height: 115px\">\n<p>Kierunki:<br \/><strong>zarz\u0105dzanie i&nbsp;in\u017cynieria produkcji<\/strong><br \/><strong>technika rolnicza i&nbsp;agrotronika<br \/>in\u017cynieria \u015brodowiska<br \/><\/strong><\/p>\n<\/td>\n<\/tr>\n<tr style=\"height: 115px\">\n<td style=\"width: 50%;height: 115px\">mgr in\u017c. <strong>Katarzyna Deneka<\/strong><br \/>starszy specjalista<br \/>pok. 136<br \/>tel. +48 81 531 96 64<br \/>e-mail: <a href=\"mailto:katarzyna.deneka@up.edu.pl\">katarzyna.deneka@up.edu.pl<\/a><\/td>\n<td style=\"width: 50%;height: 115px\">Kierunki:<br \/><strong>geodezja i&nbsp;kartografia<\/strong><br \/><strong>ekoenergetyka<\/strong><strong><br \/><\/strong><\/td>\n<\/tr>\n<tr style=\"height: 23px\">\n<td style=\"width: 50%;height: 23px\">mgr<strong> Aneta Ku\u015b<\/strong><br \/>specjalista<br \/>pok. 137<br \/>tel. +48 81 531 96 69<br \/>e-mail: <a href=\"mailto:aneta.kus@up.edu.pl\">aneta.kus@up.edu.pl<\/a><\/td>\n<td style=\"width: 50%;height: 23px\">Kierunek<br \/><strong>transport i&nbsp;logistyka<\/strong><\/td>\n<\/tr>\n<\/tbody>\n<\/table>\n                                        <\/div>\n\t\t\t\t\t\t                                <\/div>\n\t\t\t\t                <div class=\"mn-content-block\">\n\t                                                        <div class=\"block-text\">\n\t                                        <p>Przyjmowanie Student\u00f3w Wydzia\u0142u In\u017cynierii Produkcji\u00a0<u>w sprawie sk\u0142adania\u00a0<\/u><u>skarg i&nbsp;wniosk\u00f3w <\/u>odbywa\u00a0si\u0119\u00a0<u> w&nbsp;czwartki\u00a0 w&nbsp;godzinach: 9.00-10.00<\/u> w&nbsp;<strong>Dziekanacie Wydzia\u0142u\u00a0In\u017cynierii\u00a0Produkcji.<\/strong><\/p>\n<p>Przyjmowanie i&nbsp;za\u0142atwianie skarg i&nbsp;wniosk\u00f3w odbywa si\u0119 stosownie do zasad okre\u015blonych w<strong> <a href=\"https:\/\/up.lublin.pl\/bip\/wp-content\/uploads\/sites\/9\/2021\/05\/z-52-2021.pdf\">Zarz\u0105dzeniu nr 52<\/a>\u00a0Rektora Uniwersytetu Przyrodniczego w&nbsp;Lublinie z&nbsp;dnia 25 maja 2021 r.<\/strong> w&nbsp;sprawie zasad sk\u0142adania oraz rozpatrywania skarg i\u00a0wniosk\u00f3w\u00a0wnoszonych przez student\u00f3w Uniwersytetu Przyrodniczego w&nbsp;Lublinie.<\/p>\n<p><strong>Dziekan i&nbsp;Prodziekani WIP<\/strong><\/p>\n                                        <\/div>\n\t\t\t\t\t\t                                <\/div>\n\t\t\t\t\t\t<\/div>\n\t<\/div>\n<\/section>\n\t\t<\/div>\n\t\t\t\t<\/div>\n\t\t\t\t<div class=\"elementor-element elementor-element-8efce66 elementor-widget elementor-widget-m7d\" data-id=\"8efce66\" data-element_type=\"widget\" data-settings=\"{&quot;_animation&quot;:&quot;none&quot;}\" data-widget_type=\"m7d.default\">\n\t\t\t\t<div class=\"elementor-widget-container\">\n\t\t\t<section class=\"mn-m7-d\">\r\n\t<div class=\"map\">\r\n\t\t\t<\/div>\r\n\t<div class=\"mn-content mn-bg-yellow\">\r\n\t\t<div class=\"mn-grid\">\r\n\t\t\t<div class=\"mn-grid-7 mn-content-in\">\r\n\t\t\t\t<div class=\"mn-text\">\r\n\t\t\t\t\t<table style=\"border-collapse: collapse;width: 100%\">\n<tbody>\n<tr>\n<td style=\"width: 22.5953%\"><img loading=\"lazy\" class=\"alignnone wp-image-329\" style=\"font-family: inherit;font-size: inherit\" src=\"https:\/\/up.lublin.pl\/wip\/wp-content\/uploads\/sites\/7\/2021\/01\/dla-pracownikow-wd.jpg\" alt=\"Wirtualny Dziekanat\" width=\"66\" height=\"113\" \/><\/td>\n<td style=\"width: 77.4047%\">\n<p><span style=\"font-family: inherit;font-size: inherit\">20-612 L<\/span>UBLIN, ul.\u00a0<span style=\"font-family: inherit;font-size: inherit\">G\u0142\u0119boka 28, budynek Centrum Innowacyjno-<\/span><span style=\"font-family: inherit;font-size: inherit\">Wdro\u017ceniowego Nowych Technologii w&nbsp;In\u017cynierii Rolniczej<\/span><\/p>\n<p>tel.\u00a0\u00a0\u00a0+48 531 96 67,\u00a0+48 81 531 96 65,<br \/>fax.\u00a0 +48 81 531 96 69<br \/><a href=\"mailto:dziekanat.wip@up.edu.pl\">dziekanat.wip@up.edu.pl\u00a0<\/a><\/p>\n<\/td>\n<\/tr>\n<\/tbody>\n<\/table>\n\t\t\t\t<\/div>\r\n                \t\t\t\t<div class=\"mn-socials\">\r\n                                            <a href=\"https:\/\/www.linkedin.com\/school\/uniwersytet-przyrodniczy-w-lublinie\/\" target=\"_blank\">\r\n                            <img src=\"https:\/\/up.lublin.pl\/wip\/wp-content\/themes\/up-lublin\/assets\/images\/linkedin.svg\" alt=\"LinkedIn\">\r\n                        <\/a>\r\n                                            <a href=\"https:\/\/www.facebook.com\/up.lublin\/\" target=\"_blank\">\r\n                            <img src=\"https:\/\/up.lublin.pl\/wip\/wp-content\/themes\/up-lublin\/assets\/images\/fb.svg\" alt=\"Facebook\">\r\n                        <\/a>\r\n                    \t\t\t\t<\/div>\r\n                \t\t\t<\/div>\r\n\t\t\t<div class=\"mn-grid-5\">\r\n\t\t\t\t<div class=\"form-container form-contact_form mn-bg-grey-2\" data-class-send=\"contact_form-send\">\r\n\t\t\t\t\t\t\t\t\t\t\t<h2 class=\"mn-title\">\r\n\t\t\t\t\t\t\tDZIEKANAT WYDZIA\u0141U IN\u017bYNIERII PRODUKCJI\t\t\t\t\t\t<\/h2>\r\n\t\t\t\t\t\t\t\t\t\t\t<div class=\"form\">\r\n\t\t\t\t\t\t<div class=\"form-group form-group-0\">\r\n\t\t\t\t\t\t\t<div class=\"form-field field-name type-text\">\r\n\t\t\t\t\t\t\t\t<input name=\"name\" class=\"req\" type=\"text\" placeholder=\"Imi\u0119\">\r\n\t\t\t\t\t\t\t<\/div>\r\n\t\t\t\t\t\t\t<div class=\"form-field field-email type-email type-text\">\r\n\t\t\t\t\t\t\t\t<input name=\"email\" class=\"req email\" type=\"email\" placeholder=\"Adres email\">\r\n\t\t\t\t\t\t\t<\/div>\r\n\t\t\t\t\t\t\t<div class=\"form-field field-message type-textarea\">\r\n\t\t\t\t\t\t\t\t<textarea name=\"message\" class=\"req\" placeholder=\"Tre\u015b\u0107 wiadomo\u015bci\"><\/textarea>\r\n\t\t\t\t\t\t\t<\/div>\r\n\t\t\t\t\t\t<\/div>\r\n\t\t\t\t\t\t<div class=\"form-field form-submit\">\r\n\t\t\t\t\t\t\t<input name=\"form-confirm\" type=\"hidden\" value=\"\">\r\n\t\t\t\t\t\t\t<input name=\"form-type\" type=\"hidden\" value=\"contact_form\">\r\n\t\t\t\t\t\t\t<span class=\"submit-btn link btn btn-1\">Wy\u015blij<span><\/span><\/span>\r\n\t\t\t\t\t\t<\/div>\r\n\t\t\t\t\t<\/div>\r\n\t\t\t\t\t<div class=\"form-re\">\r\n\t\t\t\t\t\t<h3 class=\"ok\">\r\n\t\t\t\t\t\t\tDzi\u0119kujemy za przes\u0142an\u0105 wiadomo\u015b\u0107. Wkr\u00f3tce skontaktujemy si\u0119 z&nbsp;Pa\u0144stwem.\t\t\t\t\t\t<\/h3>\r\n\t\t\t\t\t\t<h3 class=\"err\">\r\n\t\t\t\t\t\t\tPodczas przesy\u0142ania formularza wyst\u0105pi\u0142 b\u0142\u0105d. Prosimy o&nbsp;kontakt telefoniczny.\t\t\t\t\t\t<\/h3>\r\n\t\t\t\t\t<\/div>\r\n\t\t\t\t<\/div>\r\n\t\t\t<\/div>\r\n\t\t<\/div>\r\n\t<\/div>\r\n<\/section>\r\n\t\t<\/div>\n\t\t\t\t<\/div>\n\t\t\t\t\t\t<\/div>\n\t\t\t\t\t<\/div>\n\t\t<\/div>\n\t\t\t\t\t\t\t\t<\/div>\n\t\t\t\t\t<\/div>\n\t\t<\/section>\n\t\t\t\t\t\t<\/div>\n\t\t\t\t\t\t<\/div>\n\t\t\t\t\t<\/div>\n\t\t","protected":false},"excerpt":{"rendered":"<p>DZIEKANAT WYDZIA\u0141U IN\u017bYNIERII PRODUKCJI UP Wydzia\u0142 In\u017cynierii Produkcji Infomacje o&nbsp;dziekanacie Obs\u0142uga student\u00f3w kierunk\u00f3w WIP Sk\u0142adanie skarg i&nbsp;wniosk\u00f3w NA SKR\u00d3TY Kalendarz akademickiTerminarz zjazd\u00f3wDzia\u0142 Organizacji i&nbsp;Toku Studi\u00f3wStypendia i&nbsp;pomoc materialnaInformacje dla student\u00f3wWirtualny DziekanatSzablony poda\u0144 \u00a0 DNI I&nbsp;GODZINY PRACY DZIEKANATU DNI I&nbsp;GODZINY PRACY DZIEKANATU DZIE\u0143 TYGODNIA GODZINY Poniedzia\u0142ek 11:00-14:00 Wtorek 11:00-14:00 \u015aroda NIECZYNNEDLA STUDENT\u00d3W Czwartek 11:00-14:00 Pi\u0105tek 11:00-14:00 Sobota [&hellip;]<\/p>\n","protected":false},"author":2,"featured_media":0,"parent":0,"menu_order":0,"comment_status":"closed","ping_status":"closed","template":"elementor_header_footer","meta":{"_monsterinsights_skip_tracking":false,"_monsterinsights_sitenote_active":false,"_monsterinsights_sitenote_note":"","_monsterinsights_sitenote_category":0},"_links":{"self":[{"href":"https:\/\/up.lublin.pl\/wip\/wp-json\/wp\/v2\/pages\/170"}],"collection":[{"href":"https:\/\/up.lublin.pl\/wip\/wp-json\/wp\/v2\/pages"}],"about":[{"href":"https:\/\/up.lublin.pl\/wip\/wp-json\/wp\/v2\/types\/page"}],"author":[{"embeddable":true,"href":"https:\/\/up.lublin.pl\/wip\/wp-json\/wp\/v2\/users\/2"}],"replies":[{"embeddable":true,"href":"https:\/\/up.lublin.pl\/wip\/wp-json\/wp\/v2\/comments?post=170"}],"version-history":[{"count":376,"href":"https:\/\/up.lublin.pl\/wip\/wp-json\/wp\/v2\/pages\/170\/revisions"}],"predecessor-version":[{"id":175504,"href":"https:\/\/up.lublin.pl\/wip\/wp-json\/wp\/v2\/pages\/170\/revisions\/175504"}],"wp:attachment":[{"href":"https:\/\/up.lublin.pl\/wip\/wp-json\/wp\/v2\/media?parent=170"}],"curies":[{"name":"wp","href":"https:\/\/api.w.org\/{rel}","templated":true}]}}