{"id":165601,"date":"2024-12-10T09:22:07","date_gmt":"2024-12-10T08:22:07","guid":{"rendered":"https:\/\/up.lublin.pl\/wip\/?page_id=165601"},"modified":"2025-04-17T16:21:39","modified_gmt":"2025-04-17T14:21:39","slug":"oplaty","status":"publish","type":"page","link":"https:\/\/up.lublin.pl\/wip\/wydzial\/jubileusze\/55lecie-wip\/oplaty\/","title":{"rendered":"Op\u0142aty"},"content":{"rendered":"\t\t<div data-elementor-type=\"wp-page\" data-elementor-id=\"165601\" class=\"elementor elementor-165601\" data-elementor-settings=\"[]\">\n\t\t\t\t\t\t<div class=\"elementor-inner\">\n\t\t\t\t\t\t\t<div class=\"elementor-section-wrap\">\n\t\t\t\t\t\t\t<section class=\"elementor-section elementor-top-section elementor-element elementor-element-27a3d76e elementor-section-boxed elementor-section-height-default elementor-section-height-default\" data-id=\"27a3d76e\" data-element_type=\"section\">\n\t\t\t\t\t\t<div class=\"elementor-container elementor-column-gap-default\">\n\t\t\t\t\t\t\t<div class=\"elementor-row\">\n\t\t\t\t\t<div class=\"elementor-column elementor-col-100 elementor-top-column elementor-element elementor-element-42201295\" data-id=\"42201295\" data-element_type=\"column\">\n\t\t\t<div class=\"elementor-column-wrap elementor-element-populated\">\n\t\t\t\t\t\t\t<div class=\"elementor-widget-wrap\">\n\t\t\t\t\t\t<div class=\"elementor-element elementor-element-721f801b elementor-widget elementor-widget-m2j\" data-id=\"721f801b\" data-element_type=\"widget\" data-widget_type=\"m2j.default\">\n\t\t\t\t<div class=\"elementor-widget-container\">\n\t\t\t<section class=\"mn-m2-h\">\n    <div class=\"mn-image-container mn-container\">\n                    <img src=\"https:\/\/up.lublin.pl\/wip\/wp-content\/uploads\/sites\/7\/2025\/01\/banner-55-lat.png\" alt=\"\">\n                        <\/div>\n    <div class=\"mn-grid mn-content\">\n            <\/div>\n<\/section>\n\t\t<\/div>\n\t\t\t\t<\/div>\n\t\t\t\t\t\t<\/div>\n\t\t\t\t\t<\/div>\n\t\t<\/div>\n\t\t\t\t\t\t\t\t<\/div>\n\t\t\t\t\t<\/div>\n\t\t<\/section>\n\t\t\t\t<section class=\"elementor-section elementor-top-section elementor-element elementor-element-76831968 elementor-section-boxed elementor-section-height-default elementor-section-height-default\" data-id=\"76831968\" data-element_type=\"section\">\n\t\t\t\t\t\t<div class=\"elementor-container elementor-column-gap-default\">\n\t\t\t\t\t\t\t<div class=\"elementor-row\">\n\t\t\t\t\t<div class=\"elementor-column elementor-col-100 elementor-top-column elementor-element elementor-element-49500038\" data-id=\"49500038\" data-element_type=\"column\">\n\t\t\t<div class=\"elementor-column-wrap elementor-element-populated\">\n\t\t\t\t\t\t\t<div class=\"elementor-widget-wrap\">\n\t\t\t\t\t\t<div class=\"elementor-element elementor-element-082bd6d elementor-widget elementor-widget-m5h\" data-id=\"082bd6d\" data-element_type=\"widget\" data-widget_type=\"m5h.default\">\n\t\t\t\t<div class=\"elementor-widget-container\">\n\t\t\t<section class=\"mn-m5-h mn-bg-green no-spacing\">\r\n\t<div class=\"mn-grid\">\r\n\t\t<div class=\"mn-content mn-grid-12\">\r\n\t\t\t<div class=\"mn-lead\">\r\n\t\t\t\t<h4 style=\"text-align: left\"><span style=\"color: #ecb247\"><a style=\"color: #ecb247\" href=\"https:\/\/up.lublin.pl\/wip\/wydzial\/jubileusze\/55lecie-wip\/\">\u2190 Powr\u00f3t do strony g\u0142\u00f3wnej&#8230;<\/a><\/span><\/h4>\n\t\t\t<\/div>\r\n\t\t<\/div>\r\n\t<\/div>\r\n<\/section>\r\n\t\t<\/div>\n\t\t\t\t<\/div>\n\t\t\t\t<div class=\"elementor-element elementor-element-d4398b3 elementor-widget elementor-widget-m5c\" data-id=\"d4398b3\" data-element_type=\"widget\" data-widget_type=\"m5c.default\">\n\t\t\t\t<div class=\"elementor-widget-container\">\n\t\t\t<section class=\"mn-m5-c mn-m5-d2 mn-bg-white\">\n\t<div class=\"mn-grid\">\n\t\t\t\t<div class=\"mn-content mn-grid-9\">\n\t\t\t                <div class=\"mn-content-block active\">\n\t                                                        <div class=\"block-text\">\n\t                                        <p><img loading=\"lazy\" class=\"aligncenter wp-image-165650\" src=\"https:\/\/up.lublin.pl\/wip\/wp-content\/uploads\/sites\/7\/2024\/12\/Obraz1.png\" alt=\"\" width=\"500\" height=\"89\" \/><\/p>\n<p style=\"text-align: left\">Wysoko\u015b\u0107 pe\u0142nej op\u0142aty konferencyjnej wynosi <strong>1500 z\u0142\/ 350<b>\u20ac<\/b> <\/strong>i obejmuje wy\u017cywienie (16 i&nbsp;17 wrze\u015bnia), uroczyst\u0105 kolacj\u0119, sesj\u0119 terenow\u0105, materia\u0142y konferencyjne.<\/p>\n<p style=\"text-align: left\">Op\u0142aty nie obejmuj\u0105 koszt\u00f3w podr\u00f3\u017cy i&nbsp;nocleg\u00f3w. Noclegi uczestnicy rezerwuj\u0105 we w\u0142asnym zakresie (wi\u0119cej informacji w&nbsp;kolejnym komunikacie).<\/p>\n<p style=\"text-align: left\">Op\u0142at\u0119 nale\u017cy kierowa\u0107 na konto:<\/p>\n<p>Uniwersytet Przyrodniczy w&nbsp;Lublinie<\/p>\n<p>Akademicka 13 20-950 Lublin NIP 712 010 37 75<\/p>\n<p><strong>Numer konta: <\/strong><strong>26 1240 5497 1111 0011 3333 1849 <\/strong><\/p>\n<p>Bank Pekao S.A. o\/ Lublin Krakowskie Przedmie\u015bcie 72, 20-076 Lublin<\/p>\n<p><strong>Tytu\u0142 przelewu: WIP55\/imi\u0119 i&nbsp;nazwisko uczestnika<\/strong><\/p>\n<p><strong>\u00a0<\/strong><\/p>\n<p><strong>Wa\u017cne terminy<\/strong><\/p>\n<p style=\"text-align: left\">do 30 kwietnia 2025 r. \u2014 zg\u0142oszenie wraz z&nbsp;tematem posteru<\/p>\n<p style=\"text-align: left\">do 30 kwietnia 2025 r.\u2014 dokonanie op\u0142aty konferencyjnej<\/p>\n                                        <\/div>\n\t\t\t\t\t\t                                <\/div>\n\t\t\t\t                <div class=\"mn-content-block\">\n\t                                <\/div>\n\t\t\t\t                <div class=\"mn-content-block\">\n\t                                <\/div>\n\t\t\t\t                <div class=\"mn-content-block\">\n\t                                <\/div>\n\t\t\t\t                <div class=\"mn-content-block\">\n\t                                <\/div>\n\t\t\t\t                <div class=\"mn-content-block\">\n\t                                <\/div>\n\t\t\t\t                <div class=\"mn-content-block\">\n\t                                <\/div>\n\t\t\t\t                <div class=\"mn-content-block\">\n\t                                <\/div>\n\t\t\t\t                <div class=\"mn-content-block\">\n\t                                <\/div>\n\t\t\t\t                <div class=\"mn-content-block\">\n\t                                <\/div>\n\t\t\t\t                <div class=\"mn-content-block\">\n\t                                <\/div>\n\t\t\t\t                <div class=\"mn-content-block\">\n\t                                <\/div>\n\t\t\t\t                <div class=\"mn-content-block\">\n\t                                <\/div>\n\t\t\t\t                <div class=\"mn-content-block\">\n\t                                <\/div>\n\t\t\t\t                <div class=\"mn-content-block\">\n\t                                <\/div>\n\t\t\t\t                <div class=\"mn-content-block\">\n\t                                <\/div>\n\t\t\t\t                <div class=\"mn-content-block\">\n\t                                <\/div>\n\t\t\t\t                <div class=\"mn-content-block\">\n\t                                <\/div>\n\t\t\t\t                <div class=\"mn-content-block\">\n\t                                <\/div>\n\t\t\t\t                <div class=\"mn-content-block\">\n\t                                <\/div>\n\t\t\t\t\t\t<\/div>\n\t<\/div>\n<\/section>\n\t\t<\/div>\n\t\t\t\t<\/div>\n\t\t\t\t\t\t<\/div>\n\t\t\t\t\t<\/div>\n\t\t<\/div>\n\t\t\t\t\t\t\t\t<\/div>\n\t\t\t\t\t<\/div>\n\t\t<\/section>\n\t\t\t\t<section class=\"elementor-section elementor-top-section elementor-element elementor-element-3ace5e7d elementor-section-boxed elementor-section-height-default elementor-section-height-default\" data-id=\"3ace5e7d\" data-element_type=\"section\">\n\t\t\t\t\t\t<div class=\"elementor-container elementor-column-gap-default\">\n\t\t\t\t\t\t\t<div class=\"elementor-row\">\n\t\t\t\t\t<div class=\"elementor-column elementor-col-100 elementor-top-column elementor-element elementor-element-715b4a7a\" data-id=\"715b4a7a\" data-element_type=\"column\">\n\t\t\t<div class=\"elementor-column-wrap elementor-element-populated\">\n\t\t\t\t\t\t\t<div class=\"elementor-widget-wrap\">\n\t\t\t\t\t\t<div class=\"elementor-element elementor-element-18399fad elementor-widget elementor-widget-m5h\" data-id=\"18399fad\" data-element_type=\"widget\" data-widget_type=\"m5h.default\">\n\t\t\t\t<div class=\"elementor-widget-container\">\n\t\t\t<section class=\"mn-m5-h mn-bg-green no-spacing\">\r\n\t<div class=\"mn-grid\">\r\n\t\t<div class=\"mn-content mn-grid-12\">\r\n\t\t\t<div class=\"mn-lead\">\r\n\t\t\t\t<h3><span style=\"font-size: 32px\">Kontakt \/ Contact<\/span><\/h3>\n\t\t\t<\/div>\r\n\t\t<\/div>\r\n\t<\/div>\r\n<\/section>\r\n\t\t<\/div>\n\t\t\t\t<\/div>\n\t\t\t\t\t\t<\/div>\n\t\t\t\t\t<\/div>\n\t\t<\/div>\n\t\t\t\t\t\t\t\t<\/div>\n\t\t\t\t\t<\/div>\n\t\t<\/section>\n\t\t\t\t<section class=\"elementor-section elementor-top-section elementor-element elementor-element-658d4331 elementor-section-boxed elementor-section-height-default elementor-section-height-default\" data-id=\"658d4331\" data-element_type=\"section\">\n\t\t\t\t\t\t<div class=\"elementor-container elementor-column-gap-default\">\n\t\t\t\t\t\t\t<div class=\"elementor-row\">\n\t\t\t\t\t<div class=\"elementor-column elementor-col-25 elementor-top-column elementor-element elementor-element-4d668b63\" data-id=\"4d668b63\" data-element_type=\"column\">\n\t\t\t<div class=\"elementor-column-wrap\">\n\t\t\t\t\t\t\t<div class=\"elementor-widget-wrap\">\n\t\t\t\t\t\t\t\t<\/div>\n\t\t\t\t\t<\/div>\n\t\t<\/div>\n\t\t\t\t<div class=\"elementor-column elementor-col-25 elementor-top-column elementor-element elementor-element-e1186c6\" data-id=\"e1186c6\" data-element_type=\"column\">\n\t\t\t<div class=\"elementor-column-wrap elementor-element-populated\">\n\t\t\t\t\t\t\t<div class=\"elementor-widget-wrap\">\n\t\t\t\t\t\t<div class=\"elementor-element elementor-element-ef0b262 elementor-widget elementor-widget-m5h\" data-id=\"ef0b262\" data-element_type=\"widget\" data-widget_type=\"m5h.default\">\n\t\t\t\t<div class=\"elementor-widget-container\">\n\t\t\t<section class=\"mn-m5-h mn-bg-green no-spacing\">\r\n\t<div class=\"mn-grid\">\r\n\t\t<div class=\"mn-content mn-grid-12\">\r\n\t\t\t<div class=\"mn-lead\">\r\n\t\t\t\t<p style=\"text-align: left\"><strong>Przewodnicz\u0105ca Komitetu Organizacyjnego <\/strong><br \/>Prof. dr hab. in\u017c. Katarzyna Koz\u0142owicz<br \/>tel.: 81 531-97-39<\/p>\n<p style=\"text-align: left\"><strong>Sekretarz Konferencji <\/strong><br \/>dr hab. in\u017c. Agnieszka Starek-W\u00f3jcicka, prof. uczelni<br \/>tel.: 81 5319727<br \/>e-mail: <u>agnieszka.starek@up.lublin.pl<\/u><\/p>\n\t\t\t<\/div>\r\n\t\t<\/div>\r\n\t<\/div>\r\n<\/section>\r\n\t\t<\/div>\n\t\t\t\t<\/div>\n\t\t\t\t\t\t<\/div>\n\t\t\t\t\t<\/div>\n\t\t<\/div>\n\t\t\t\t<div class=\"elementor-column elementor-col-25 elementor-top-column elementor-element elementor-element-48b52777\" data-id=\"48b52777\" data-element_type=\"column\">\n\t\t\t<div class=\"elementor-column-wrap elementor-element-populated\">\n\t\t\t\t\t\t\t<div class=\"elementor-widget-wrap\">\n\t\t\t\t\t\t<div class=\"elementor-element elementor-element-8489ccf elementor-widget elementor-widget-m5h\" data-id=\"8489ccf\" data-element_type=\"widget\" data-widget_type=\"m5h.default\">\n\t\t\t\t<div class=\"elementor-widget-container\">\n\t\t\t<section class=\"mn-m5-h mn-bg-green no-spacing\">\r\n\t<div class=\"mn-grid\">\r\n\t\t<div class=\"mn-content mn-grid-12\">\r\n\t\t\t<div class=\"mn-lead\">\r\n\t\t\t\t<p style=\"text-align: left\"><strong>Organizing Committee Chairperson<\/strong><br \/>Prof. Katarzyna Koz\u0142owicz<br \/>tel.: 81 531-97-39<\/p>\n<p style=\"text-align: left\"><strong>Secretary of the Conference<\/strong><br \/>PhD DSc Eng. Agnieszka Starek-W\u00f3jcicka, associate professor<br \/>tel.: 81 5319727<br \/>e-mail: <u>agnieszka.starek@up.lublin.pl<\/u><\/p>\n\t\t\t<\/div>\r\n\t\t<\/div>\r\n\t<\/div>\r\n<\/section>\r\n\t\t<\/div>\n\t\t\t\t<\/div>\n\t\t\t\t\t\t<\/div>\n\t\t\t\t\t<\/div>\n\t\t<\/div>\n\t\t\t\t<div class=\"elementor-column elementor-col-25 elementor-top-column elementor-element elementor-element-4e8b75ac\" data-id=\"4e8b75ac\" data-element_type=\"column\">\n\t\t\t<div class=\"elementor-column-wrap\">\n\t\t\t\t\t\t\t<div class=\"elementor-widget-wrap\">\n\t\t\t\t\t\t\t\t<\/div>\n\t\t\t\t\t<\/div>\n\t\t<\/div>\n\t\t\t\t\t\t\t\t<\/div>\n\t\t\t\t\t<\/div>\n\t\t<\/section>\n\t\t\t\t<section class=\"elementor-section elementor-top-section elementor-element elementor-element-6d61ed70 elementor-section-boxed elementor-section-height-default elementor-section-height-default\" data-id=\"6d61ed70\" data-element_type=\"section\">\n\t\t\t\t\t\t<div class=\"elementor-container elementor-column-gap-default\">\n\t\t\t\t\t\t\t<div class=\"elementor-row\">\n\t\t\t\t\t<div class=\"elementor-column elementor-col-100 elementor-top-column elementor-element elementor-element-e0190ad\" data-id=\"e0190ad\" data-element_type=\"column\">\n\t\t\t<div class=\"elementor-column-wrap\">\n\t\t\t\t\t\t\t<div class=\"elementor-widget-wrap\">\n\t\t\t\t\t\t\t\t<\/div>\n\t\t\t\t\t<\/div>\n\t\t<\/div>\n\t\t\t\t\t\t\t\t<\/div>\n\t\t\t\t\t<\/div>\n\t\t<\/section>\n\t\t\t\t\t\t<\/div>\n\t\t\t\t\t\t<\/div>\n\t\t\t\t\t<\/div>\n\t\t","protected":false},"excerpt":{"rendered":"<p>\u2190 Powr\u00f3t do strony g\u0142\u00f3wnej&#8230; Wysoko\u015b\u0107 pe\u0142nej op\u0142aty konferencyjnej wynosi 1500 z\u0142\/ 350\u20ac i obejmuje wy\u017cywienie (16 i&nbsp;17 wrze\u015bnia), uroczyst\u0105 kolacj\u0119, sesj\u0119 terenow\u0105, materia\u0142y konferencyjne. Op\u0142aty nie obejmuj\u0105 koszt\u00f3w podr\u00f3\u017cy i&nbsp;nocleg\u00f3w. Noclegi uczestnicy rezerwuj\u0105 we w\u0142asnym zakresie (wi\u0119cej informacji w&nbsp;kolejnym komunikacie). Op\u0142at\u0119 nale\u017cy kierowa\u0107 na konto: Uniwersytet Przyrodniczy w&nbsp;Lublinie Akademicka 13 20-950 Lublin NIP 712 [&hellip;]<\/p>\n","protected":false},"author":205,"featured_media":0,"parent":165387,"menu_order":0,"comment_status":"closed","ping_status":"closed","template":"elementor_header_footer","meta":{"_monsterinsights_skip_tracking":false,"_monsterinsights_sitenote_active":false,"_monsterinsights_sitenote_note":"","_monsterinsights_sitenote_category":0},"_links":{"self":[{"href":"https:\/\/up.lublin.pl\/wip\/wp-json\/wp\/v2\/pages\/165601"}],"collection":[{"href":"https:\/\/up.lublin.pl\/wip\/wp-json\/wp\/v2\/pages"}],"about":[{"href":"https:\/\/up.lublin.pl\/wip\/wp-json\/wp\/v2\/types\/page"}],"author":[{"embeddable":true,"href":"https:\/\/up.lublin.pl\/wip\/wp-json\/wp\/v2\/users\/205"}],"replies":[{"embeddable":true,"href":"https:\/\/up.lublin.pl\/wip\/wp-json\/wp\/v2\/comments?post=165601"}],"version-history":[{"count":83,"href":"https:\/\/up.lublin.pl\/wip\/wp-json\/wp\/v2\/pages\/165601\/revisions"}],"predecessor-version":[{"id":169011,"href":"https:\/\/up.lublin.pl\/wip\/wp-json\/wp\/v2\/pages\/165601\/revisions\/169011"}],"up":[{"embeddable":true,"href":"https:\/\/up.lublin.pl\/wip\/wp-json\/wp\/v2\/pages\/165387"}],"wp:attachment":[{"href":"https:\/\/up.lublin.pl\/wip\/wp-json\/wp\/v2\/media?parent=165601"}],"curies":[{"name":"wp","href":"https:\/\/api.w.org\/{rel}","templated":true}]}}