{"id":165599,"date":"2024-12-10T09:20:58","date_gmt":"2024-12-10T08:20:58","guid":{"rendered":"https:\/\/up.lublin.pl\/wip\/?page_id=165599"},"modified":"2025-09-15T16:34:48","modified_gmt":"2025-09-15T14:34:48","slug":"sponsorzy","status":"publish","type":"page","link":"https:\/\/up.lublin.pl\/wip\/wydzial\/jubileusze\/55lecie-wip\/sponsorzy\/","title":{"rendered":"Sponsorzy"},"content":{"rendered":"\t\t<div data-elementor-type=\"wp-page\" data-elementor-id=\"165599\" class=\"elementor elementor-165599\" data-elementor-settings=\"[]\">\n\t\t\t\t\t\t<div class=\"elementor-inner\">\n\t\t\t\t\t\t\t<div class=\"elementor-section-wrap\">\n\t\t\t\t\t\t\t<section class=\"elementor-section elementor-top-section elementor-element elementor-element-1d803a49 elementor-section-boxed elementor-section-height-default elementor-section-height-default\" data-id=\"1d803a49\" data-element_type=\"section\">\n\t\t\t\t\t\t<div class=\"elementor-container elementor-column-gap-default\">\n\t\t\t\t\t\t\t<div class=\"elementor-row\">\n\t\t\t\t\t<div class=\"elementor-column elementor-col-100 elementor-top-column elementor-element elementor-element-5f3e191c\" data-id=\"5f3e191c\" data-element_type=\"column\">\n\t\t\t<div class=\"elementor-column-wrap elementor-element-populated\">\n\t\t\t\t\t\t\t<div class=\"elementor-widget-wrap\">\n\t\t\t\t\t\t<div class=\"elementor-element elementor-element-2e9e957a elementor-widget elementor-widget-m2j\" data-id=\"2e9e957a\" data-element_type=\"widget\" data-widget_type=\"m2j.default\">\n\t\t\t\t<div class=\"elementor-widget-container\">\n\t\t\t<section class=\"mn-m2-h\">\n    <div class=\"mn-image-container mn-container\">\n                    <img src=\"https:\/\/up.lublin.pl\/wip\/wp-content\/uploads\/sites\/7\/2025\/01\/banner-55-lat.png\" alt=\"\">\n                        <\/div>\n    <div class=\"mn-grid mn-content\">\n            <\/div>\n<\/section>\n\t\t<\/div>\n\t\t\t\t<\/div>\n\t\t\t\t<div class=\"elementor-element elementor-element-1e40b43 elementor-widget elementor-widget-m5h\" data-id=\"1e40b43\" data-element_type=\"widget\" data-widget_type=\"m5h.default\">\n\t\t\t\t<div class=\"elementor-widget-container\">\n\t\t\t<section class=\"mn-m5-h mn-bg-green no-spacing\">\r\n\t<div class=\"mn-grid\">\r\n\t\t<div class=\"mn-content mn-grid-12\">\r\n\t\t\t<div class=\"mn-lead\">\r\n\t\t\t\t<h4 style=\"text-align: left\"><span style=\"color: #ecb247\"><a style=\"color: #ecb247\" href=\"https:\/\/up.lublin.pl\/wip\/wydzial\/jubileusze\/55lecie-wip\/\">\u2190 Powr\u00f3t do strony g\u0142\u00f3wnej&#8230;<\/a><\/span><\/h4>\n\t\t\t<\/div>\r\n\t\t<\/div>\r\n\t<\/div>\r\n<\/section>\r\n\t\t<\/div>\n\t\t\t\t<\/div>\n\t\t\t\t\t\t<\/div>\n\t\t\t\t\t<\/div>\n\t\t<\/div>\n\t\t\t\t\t\t\t\t<\/div>\n\t\t\t\t\t<\/div>\n\t\t<\/section>\n\t\t\t\t<section class=\"elementor-section elementor-top-section elementor-element elementor-element-73483e85 elementor-section-boxed elementor-section-height-default elementor-section-height-default\" data-id=\"73483e85\" data-element_type=\"section\">\n\t\t\t\t\t\t<div class=\"elementor-container elementor-column-gap-default\">\n\t\t\t\t\t\t\t<div class=\"elementor-row\">\n\t\t\t\t\t<div class=\"elementor-column elementor-col-100 elementor-top-column elementor-element elementor-element-2fab1810\" data-id=\"2fab1810\" data-element_type=\"column\">\n\t\t\t<div class=\"elementor-column-wrap elementor-element-populated\">\n\t\t\t\t\t\t\t<div class=\"elementor-widget-wrap\">\n\t\t\t\t\t\t<div class=\"elementor-element elementor-element-19e359b7 elementor-widget elementor-widget-m5h\" data-id=\"19e359b7\" data-element_type=\"widget\" data-widget_type=\"m5h.default\">\n\t\t\t\t<div class=\"elementor-widget-container\">\n\t\t\t<section class=\"mn-m5-h mn-bg-white no-spacing\">\r\n\t<div class=\"mn-grid\">\r\n\t\t<div class=\"mn-content mn-grid-12\">\r\n\t\t\t<div class=\"mn-lead\">\r\n\t\t\t\t<p class=\"mcntMsoNormal\" style=\"text-align: center\"><span id=\"ext-gen1495\"><strong><span style=\"font-size: 24px\"><img loading=\"lazy\" class=\"alignnone wp-image-170163\" src=\"https:\/\/up.lublin.pl\/wip\/wp-content\/uploads\/sites\/7\/2025\/09\/Biogas-v1.png\" alt=\"\" width=\"500\" height=\"545\" \/><\/span><\/strong><\/span><\/p>\n<p><img loading=\"lazy\" class=\"alignnone wp-image-170159\" src=\"https:\/\/up.lublin.pl\/wip\/wp-content\/uploads\/sites\/7\/2025\/09\/PZU-v1.png\" alt=\"\" width=\"500\" height=\"545\" \/><\/p>\n<p><img loading=\"lazy\" class=\"alignnone wp-image-170155\" src=\"https:\/\/up.lublin.pl\/wip\/wp-content\/uploads\/sites\/7\/2025\/09\/Aliplast-i-PLAN-v1.png\" alt=\"\" width=\"500\" height=\"545\" \/><\/p>\n<hr \/>\n<p><img loading=\"lazy\" class=\"alignnone wp-image-169559\" src=\"https:\/\/up.lublin.pl\/wip\/wp-content\/uploads\/sites\/7\/2025\/07\/coffee-and-sons-3.png\" alt=\"\" width=\"500\" height=\"149\" \/><\/p>\n<hr \/>\n<p><img loading=\"lazy\" class=\"alignnone wp-image-169378\" src=\"https:\/\/up.lublin.pl\/wip\/wp-content\/uploads\/sites\/7\/2025\/06\/perla.jpg\" alt=\"\" width=\"500\" height=\"269\" \/><\/p>\n<hr \/>\n<p><img loading=\"lazy\" class=\"alignnone wp-image-169622\" src=\"https:\/\/up.lublin.pl\/wip\/wp-content\/uploads\/sites\/7\/2025\/07\/stanlab_logo.jpg\" alt=\"\" width=\"500\" height=\"250\" \/><\/p>\n<hr \/>\n<p><img loading=\"lazy\" class=\"alignnone wp-image-169729\" src=\"https:\/\/up.lublin.pl\/wip\/wp-content\/uploads\/sites\/7\/2025\/08\/Lubellaa.png\" alt=\"\" width=\"500\" height=\"212\" \/><\/p>\n<hr \/>\n<p><img loading=\"lazy\" class=\"alignnone wp-image-169394\" src=\"https:\/\/up.lublin.pl\/wip\/wp-content\/uploads\/sites\/7\/2025\/06\/z-mojego-sadu.png\" alt=\"\" width=\"500\" height=\"474\" \/><\/p>\n<hr \/>\n<p><img loading=\"lazy\" class=\"alignnone wp-image-169404\" src=\"https:\/\/up.lublin.pl\/wip\/wp-content\/uploads\/sites\/7\/2025\/06\/Conbest_LOGO_czerw_czar.png\" alt=\"\" width=\"500\" height=\"131\" \/><\/p>\n<hr \/>\n<p><img loading=\"lazy\" class=\"alignnone wp-image-169753\" src=\"https:\/\/up.lublin.pl\/wip\/wp-content\/uploads\/sites\/7\/2025\/08\/Metrohm.png\" alt=\"\" width=\"500\" height=\"106\" \/><\/p>\n<hr \/>\n<p><img loading=\"lazy\" class=\"alignnone wp-image-169449\" src=\"https:\/\/up.lublin.pl\/wip\/wp-content\/uploads\/sites\/7\/2025\/06\/ms-spektrum.png\" alt=\"\" width=\"500\" height=\"108\" \/><\/p>\n<hr \/>\n<p><img loading=\"lazy\" class=\"alignnone wp-image-169925\" src=\"https:\/\/up.lublin.pl\/wip\/wp-content\/uploads\/sites\/7\/2025\/09\/Shim-Pol_bez-tla-002.png\" alt=\"\" width=\"500\" height=\"315\" \/><\/p>\n<hr \/>\n<p><img loading=\"lazy\" class=\"alignnone wp-image-169458 size-full\" src=\"https:\/\/up.lublin.pl\/wip\/wp-content\/uploads\/sites\/7\/2025\/06\/foss-1.png\" alt=\"\" width=\"319\" height=\"145\" \/><\/p>\n<hr \/>\n<p><img loading=\"lazy\" class=\"alignnone wp-image-169734 size-full\" src=\"https:\/\/up.lublin.pl\/wip\/wp-content\/uploads\/sites\/7\/2025\/08\/Piekarnia-Zubrzyccy.png\" alt=\"\" width=\"402\" height=\"150\" \/><\/p>\n<hr \/>\n<p><img loading=\"lazy\" class=\"alignnone wp-image-169934\" src=\"https:\/\/up.lublin.pl\/wip\/wp-content\/uploads\/sites\/7\/2025\/09\/10.-Winnica-Sienkiewicz-v2.png\" alt=\"\" width=\"500\" height=\"416\" \/><\/p>\n<hr \/>\n<p><img loading=\"lazy\" class=\"alignnone wp-image-169713 size-full\" src=\"https:\/\/up.lublin.pl\/wip\/wp-content\/uploads\/sites\/7\/2025\/07\/winnica-dwa-wzgorza.jpg\" alt=\"\" width=\"228\" height=\"133\" \/><\/p>\n<hr \/>\n<p><img loading=\"lazy\" class=\"alignnone size-full wp-image-169701\" src=\"https:\/\/up.lublin.pl\/wip\/wp-content\/uploads\/sites\/7\/2025\/07\/LOGO-KR.jpg\" alt=\"\" width=\"350\" height=\"371\" \/><\/p>\n<hr \/>\n<p><img loading=\"lazy\" class=\"alignnone size-full wp-image-169697\" src=\"https:\/\/up.lublin.pl\/wip\/wp-content\/uploads\/sites\/7\/2025\/07\/centrofarb_slider.jpg\" alt=\"\" width=\"228\" height=\"133\" \/><\/p>\n<hr \/>\n<p><img loading=\"lazy\" class=\"alignnone wp-image-169718\" src=\"https:\/\/up.lublin.pl\/wip\/wp-content\/uploads\/sites\/7\/2025\/07\/BMW_DLR_PION_2L_SZARY_BEST_AUTO.png\" alt=\"\" width=\"250\" height=\"261\" \/><\/p>\n<hr \/>\n<p><img loading=\"lazy\" class=\"alignnone wp-image-169741\" src=\"https:\/\/up.lublin.pl\/wip\/wp-content\/uploads\/sites\/7\/2025\/08\/Jasiolka.png\" alt=\"\" width=\"500\" height=\"289\" \/><\/p>\n<hr \/>\n<p><img loading=\"lazy\" class=\"alignnone wp-image-169938\" src=\"https:\/\/up.lublin.pl\/wip\/wp-content\/uploads\/sites\/7\/2025\/09\/20.-Reypol-v2.jpg\" alt=\"\" width=\"500\" height=\"347\" \/><\/p>\n<hr \/>\n<p><img loading=\"lazy\" class=\"alignnone wp-image-170038\" src=\"https:\/\/up.lublin.pl\/wip\/wp-content\/uploads\/sites\/7\/2025\/09\/001-BYSTRA-logopack-all-03.png\" alt=\"\" width=\"500\" height=\"182\" \/><\/p>\n<hr \/>\n<p><img loading=\"lazy\" class=\"alignnone wp-image-170188\" src=\"https:\/\/up.lublin.pl\/wip\/wp-content\/uploads\/sites\/7\/2025\/09\/motor-lublin.jpg\" alt=\"\" width=\"500\" height=\"500\" \/><\/p>\n<p>\u00a0<\/p>\n<hr \/>\n<p><strong><span id=\"ext-gen1495\">W sprawie sponsoringu prosimy kontaktowa\u0107 si\u0119 z&nbsp;dr hab. in\u017c. Agnieszk\u0105 Starek-W\u00f3jcick\u0105, prof. uczelni e-mail: <a class=\"mailto\" href=\"mailto:agnieszka.starek@up.lublin.pl\">agnieszka.starek@up.lublin.pl<\/a><\/span><\/strong><\/p>\n<p class=\"mcntMsoNormal\">\u00a0<\/p>\n\t\t\t<\/div>\r\n\t\t<\/div>\r\n\t<\/div>\r\n<\/section>\r\n\t\t<\/div>\n\t\t\t\t<\/div>\n\t\t\t\t\t\t<\/div>\n\t\t\t\t\t<\/div>\n\t\t<\/div>\n\t\t\t\t\t\t\t\t<\/div>\n\t\t\t\t\t<\/div>\n\t\t<\/section>\n\t\t\t\t<section class=\"elementor-section elementor-top-section elementor-element elementor-element-62119135 elementor-section-boxed elementor-section-height-default elementor-section-height-default\" data-id=\"62119135\" data-element_type=\"section\">\n\t\t\t\t\t\t<div class=\"elementor-container elementor-column-gap-default\">\n\t\t\t\t\t\t\t<div class=\"elementor-row\">\n\t\t\t\t\t<div class=\"elementor-column elementor-col-100 elementor-top-column elementor-element elementor-element-582e201e\" data-id=\"582e201e\" data-element_type=\"column\">\n\t\t\t<div class=\"elementor-column-wrap elementor-element-populated\">\n\t\t\t\t\t\t\t<div class=\"elementor-widget-wrap\">\n\t\t\t\t\t\t<div class=\"elementor-element elementor-element-2171d69e elementor-widget elementor-widget-m5h\" data-id=\"2171d69e\" data-element_type=\"widget\" data-widget_type=\"m5h.default\">\n\t\t\t\t<div class=\"elementor-widget-container\">\n\t\t\t<section class=\"mn-m5-h mn-bg-green no-spacing\">\r\n\t<div class=\"mn-grid\">\r\n\t\t<div class=\"mn-content mn-grid-12\">\r\n\t\t\t<div class=\"mn-lead\">\r\n\t\t\t\t<h3><span style=\"font-size: 32px\">Kontakt \/ Contact<\/span><\/h3>\n\t\t\t<\/div>\r\n\t\t<\/div>\r\n\t<\/div>\r\n<\/section>\r\n\t\t<\/div>\n\t\t\t\t<\/div>\n\t\t\t\t\t\t<\/div>\n\t\t\t\t\t<\/div>\n\t\t<\/div>\n\t\t\t\t\t\t\t\t<\/div>\n\t\t\t\t\t<\/div>\n\t\t<\/section>\n\t\t\t\t<section class=\"elementor-section elementor-top-section elementor-element elementor-element-5cef321e elementor-section-boxed elementor-section-height-default elementor-section-height-default\" data-id=\"5cef321e\" data-element_type=\"section\">\n\t\t\t\t\t\t<div class=\"elementor-container elementor-column-gap-default\">\n\t\t\t\t\t\t\t<div class=\"elementor-row\">\n\t\t\t\t\t<div class=\"elementor-column elementor-col-25 elementor-top-column elementor-element elementor-element-4c9caf45\" data-id=\"4c9caf45\" data-element_type=\"column\">\n\t\t\t<div class=\"elementor-column-wrap\">\n\t\t\t\t\t\t\t<div class=\"elementor-widget-wrap\">\n\t\t\t\t\t\t\t\t<\/div>\n\t\t\t\t\t<\/div>\n\t\t<\/div>\n\t\t\t\t<div class=\"elementor-column elementor-col-25 elementor-top-column elementor-element elementor-element-7e19a363\" data-id=\"7e19a363\" data-element_type=\"column\">\n\t\t\t<div class=\"elementor-column-wrap elementor-element-populated\">\n\t\t\t\t\t\t\t<div class=\"elementor-widget-wrap\">\n\t\t\t\t\t\t<div class=\"elementor-element elementor-element-68c69f74 elementor-widget elementor-widget-m5h\" data-id=\"68c69f74\" data-element_type=\"widget\" data-widget_type=\"m5h.default\">\n\t\t\t\t<div class=\"elementor-widget-container\">\n\t\t\t<section class=\"mn-m5-h mn-bg-green no-spacing\">\r\n\t<div class=\"mn-grid\">\r\n\t\t<div class=\"mn-content mn-grid-12\">\r\n\t\t\t<div class=\"mn-lead\">\r\n\t\t\t\t<p style=\"text-align: left\"><strong>Przewodnicz\u0105ca Komitetu Organizacyjnego <\/strong><br \/>Prof. dr hab. in\u017c. Katarzyna Koz\u0142owicz<br \/>tel.: 81 531-97-39<\/p>\n<p style=\"text-align: left\"><strong>Sekretarz Konferencji <\/strong><br \/>dr hab. in\u017c. Agnieszka Starek-W\u00f3jcicka, prof. uczelni<br \/>tel.: 81 5319727<br \/>e-mail: <u>agnieszka.starek@up.lublin.pl<\/u><\/p>\n\t\t\t<\/div>\r\n\t\t<\/div>\r\n\t<\/div>\r\n<\/section>\r\n\t\t<\/div>\n\t\t\t\t<\/div>\n\t\t\t\t\t\t<\/div>\n\t\t\t\t\t<\/div>\n\t\t<\/div>\n\t\t\t\t<div class=\"elementor-column elementor-col-25 elementor-top-column elementor-element elementor-element-53566d93\" data-id=\"53566d93\" data-element_type=\"column\">\n\t\t\t<div class=\"elementor-column-wrap elementor-element-populated\">\n\t\t\t\t\t\t\t<div class=\"elementor-widget-wrap\">\n\t\t\t\t\t\t<div class=\"elementor-element elementor-element-75c15e06 elementor-widget elementor-widget-m5h\" data-id=\"75c15e06\" data-element_type=\"widget\" data-widget_type=\"m5h.default\">\n\t\t\t\t<div class=\"elementor-widget-container\">\n\t\t\t<section class=\"mn-m5-h mn-bg-green no-spacing\">\r\n\t<div class=\"mn-grid\">\r\n\t\t<div class=\"mn-content mn-grid-12\">\r\n\t\t\t<div class=\"mn-lead\">\r\n\t\t\t\t<p style=\"text-align: left\"><strong>Organizing Committee Chairperson<\/strong><br \/>Prof.\u00a0 Katarzyna Koz\u0142owicz<br \/>tel.: 81 531-97-39<\/p>\n<p style=\"text-align: left\"><strong>Secretary of the Conference<\/strong><br \/>PhD DSc Eng. Agnieszka Starek-W\u00f3jcicka, associate professor<br \/>tel.: 81 5319727<br \/>e-mail: <u>agnieszka.starek@up.lublin.pl<\/u><\/p>\n\t\t\t<\/div>\r\n\t\t<\/div>\r\n\t<\/div>\r\n<\/section>\r\n\t\t<\/div>\n\t\t\t\t<\/div>\n\t\t\t\t\t\t<\/div>\n\t\t\t\t\t<\/div>\n\t\t<\/div>\n\t\t\t\t<div class=\"elementor-column elementor-col-25 elementor-top-column elementor-element elementor-element-67f8f9cb\" data-id=\"67f8f9cb\" data-element_type=\"column\">\n\t\t\t<div class=\"elementor-column-wrap\">\n\t\t\t\t\t\t\t<div class=\"elementor-widget-wrap\">\n\t\t\t\t\t\t\t\t<\/div>\n\t\t\t\t\t<\/div>\n\t\t<\/div>\n\t\t\t\t\t\t\t\t<\/div>\n\t\t\t\t\t<\/div>\n\t\t<\/section>\n\t\t\t\t<section class=\"elementor-section elementor-top-section elementor-element elementor-element-492e8aaa elementor-section-boxed elementor-section-height-default elementor-section-height-default\" data-id=\"492e8aaa\" data-element_type=\"section\">\n\t\t\t\t\t\t<div class=\"elementor-container elementor-column-gap-default\">\n\t\t\t\t\t\t\t<div class=\"elementor-row\">\n\t\t\t\t\t<div class=\"elementor-column elementor-col-100 elementor-top-column elementor-element elementor-element-5e82d3e8\" data-id=\"5e82d3e8\" data-element_type=\"column\">\n\t\t\t<div class=\"elementor-column-wrap\">\n\t\t\t\t\t\t\t<div class=\"elementor-widget-wrap\">\n\t\t\t\t\t\t\t\t<\/div>\n\t\t\t\t\t<\/div>\n\t\t<\/div>\n\t\t\t\t\t\t\t\t<\/div>\n\t\t\t\t\t<\/div>\n\t\t<\/section>\n\t\t\t\t\t\t<\/div>\n\t\t\t\t\t\t<\/div>\n\t\t\t\t\t<\/div>\n\t\t","protected":false},"excerpt":{"rendered":"<p>\u2190 Powr\u00f3t do strony g\u0142\u00f3wnej&#8230; \u00a0 W sprawie sponsoringu prosimy kontaktowa\u0107 si\u0119 z&nbsp;dr hab. in\u017c. Agnieszk\u0105 Starek-W\u00f3jcick\u0105, prof. uczelni e-mail: agnieszka.starek@up.lublin.pl \u00a0 Kontakt \/ Contact Przewodnicz\u0105ca Komitetu Organizacyjnego Prof. dr hab. in\u017c. Katarzyna Koz\u0142owicztel.: 81 531-97-39 Sekretarz Konferencji dr hab. in\u017c. Agnieszka Starek-W\u00f3jcicka, prof. uczelnitel.: 81 5319727e-mail: agnieszka.starek@up.lublin.pl Organizing Committee ChairpersonProf.\u00a0 Katarzyna Koz\u0142owicztel.: 81 531-97-39 [&hellip;]<\/p>\n","protected":false},"author":205,"featured_media":0,"parent":165387,"menu_order":0,"comment_status":"closed","ping_status":"closed","template":"elementor_header_footer","meta":{"_monsterinsights_skip_tracking":false,"_monsterinsights_sitenote_active":false,"_monsterinsights_sitenote_note":"","_monsterinsights_sitenote_category":0},"_links":{"self":[{"href":"https:\/\/up.lublin.pl\/wip\/wp-json\/wp\/v2\/pages\/165599"}],"collection":[{"href":"https:\/\/up.lublin.pl\/wip\/wp-json\/wp\/v2\/pages"}],"about":[{"href":"https:\/\/up.lublin.pl\/wip\/wp-json\/wp\/v2\/types\/page"}],"author":[{"embeddable":true,"href":"https:\/\/up.lublin.pl\/wip\/wp-json\/wp\/v2\/users\/205"}],"replies":[{"embeddable":true,"href":"https:\/\/up.lublin.pl\/wip\/wp-json\/wp\/v2\/comments?post=165599"}],"version-history":[{"count":155,"href":"https:\/\/up.lublin.pl\/wip\/wp-json\/wp\/v2\/pages\/165599\/revisions"}],"predecessor-version":[{"id":170194,"href":"https:\/\/up.lublin.pl\/wip\/wp-json\/wp\/v2\/pages\/165599\/revisions\/170194"}],"up":[{"embeddable":true,"href":"https:\/\/up.lublin.pl\/wip\/wp-json\/wp\/v2\/pages\/165387"}],"wp:attachment":[{"href":"https:\/\/up.lublin.pl\/wip\/wp-json\/wp\/v2\/media?parent=165599"}],"curies":[{"name":"wp","href":"https:\/\/api.w.org\/{rel}","templated":true}]}}