{"id":165597,"date":"2024-12-10T09:19:48","date_gmt":"2024-12-10T08:19:48","guid":{"rendered":"https:\/\/up.lublin.pl\/wip\/?page_id=165597"},"modified":"2025-09-03T09:23:02","modified_gmt":"2025-09-03T07:23:02","slug":"patronaty","status":"publish","type":"page","link":"https:\/\/up.lublin.pl\/wip\/wydzial\/jubileusze\/55lecie-wip\/patronaty\/","title":{"rendered":"Patronaty"},"content":{"rendered":"\t\t<div data-elementor-type=\"wp-page\" data-elementor-id=\"165597\" class=\"elementor elementor-165597\" data-elementor-settings=\"[]\">\n\t\t\t\t\t\t<div class=\"elementor-inner\">\n\t\t\t\t\t\t\t<div class=\"elementor-section-wrap\">\n\t\t\t\t\t\t\t<section class=\"elementor-section elementor-top-section elementor-element elementor-element-ce07984 elementor-section-boxed elementor-section-height-default elementor-section-height-default\" data-id=\"ce07984\" data-element_type=\"section\">\n\t\t\t\t\t\t<div class=\"elementor-container elementor-column-gap-default\">\n\t\t\t\t\t\t\t<div class=\"elementor-row\">\n\t\t\t\t\t<div class=\"elementor-column elementor-col-100 elementor-top-column elementor-element elementor-element-5825c6fd\" data-id=\"5825c6fd\" data-element_type=\"column\">\n\t\t\t<div class=\"elementor-column-wrap elementor-element-populated\">\n\t\t\t\t\t\t\t<div class=\"elementor-widget-wrap\">\n\t\t\t\t\t\t<div class=\"elementor-element elementor-element-1ac81feb elementor-widget elementor-widget-m2j\" data-id=\"1ac81feb\" data-element_type=\"widget\" data-widget_type=\"m2j.default\">\n\t\t\t\t<div class=\"elementor-widget-container\">\n\t\t\t<section class=\"mn-m2-h\">\n    <div class=\"mn-image-container mn-container\">\n                    <img src=\"https:\/\/up.lublin.pl\/wip\/wp-content\/uploads\/sites\/7\/2025\/01\/banner-55-lat.png\" alt=\"\">\n                        <\/div>\n    <div class=\"mn-grid mn-content\">\n            <\/div>\n<\/section>\n\t\t<\/div>\n\t\t\t\t<\/div>\n\t\t\t\t\t\t<\/div>\n\t\t\t\t\t<\/div>\n\t\t<\/div>\n\t\t\t\t\t\t\t\t<\/div>\n\t\t\t\t\t<\/div>\n\t\t<\/section>\n\t\t\t\t<section class=\"elementor-section elementor-top-section elementor-element elementor-element-7a93be56 elementor-section-boxed elementor-section-height-default elementor-section-height-default\" data-id=\"7a93be56\" data-element_type=\"section\">\n\t\t\t\t\t\t<div class=\"elementor-container elementor-column-gap-default\">\n\t\t\t\t\t\t\t<div class=\"elementor-row\">\n\t\t\t\t\t<div class=\"elementor-column elementor-col-100 elementor-top-column elementor-element elementor-element-25fc7f05\" data-id=\"25fc7f05\" data-element_type=\"column\">\n\t\t\t<div class=\"elementor-column-wrap elementor-element-populated\">\n\t\t\t\t\t\t\t<div class=\"elementor-widget-wrap\">\n\t\t\t\t\t\t<div class=\"elementor-element elementor-element-0e6fdeb elementor-widget elementor-widget-m5h\" data-id=\"0e6fdeb\" data-element_type=\"widget\" data-widget_type=\"m5h.default\">\n\t\t\t\t<div class=\"elementor-widget-container\">\n\t\t\t<section class=\"mn-m5-h mn-bg-green no-spacing\">\r\n\t<div class=\"mn-grid\">\r\n\t\t<div class=\"mn-content mn-grid-12\">\r\n\t\t\t<div class=\"mn-lead\">\r\n\t\t\t\t<h4 style=\"text-align: left\"><span style=\"color: #ecb247\"><a href=\"https:\/\/up.lublin.pl\/wip\/wydzial\/jubileusze\/55lecie-wip\/\">\u2190 Powr\u00f3t do strony g\u0142\u00f3wnej&#8230;<\/a><\/span><\/h4>\n\t\t\t<\/div>\r\n\t\t<\/div>\r\n\t<\/div>\r\n<\/section>\r\n\t\t<\/div>\n\t\t\t\t<\/div>\n\t\t\t\t<div class=\"elementor-element elementor-element-72f97747 elementor-widget elementor-widget-m5h\" data-id=\"72f97747\" data-element_type=\"widget\" data-widget_type=\"m5h.default\">\n\t\t\t\t<div class=\"elementor-widget-container\">\n\t\t\t<section class=\"mn-m5-h mn-bg-white no-spacing\">\r\n\t<div class=\"mn-grid\">\r\n\t\t<div class=\"mn-content mn-grid-12\">\r\n\t\t\t<div class=\"mn-lead\">\r\n\t\t\t\t<p><img loading=\"lazy\" class=\"aligncenter wp-image-165827\" src=\"https:\/\/up.lublin.pl\/wip\/wp-content\/uploads\/sites\/7\/2024\/12\/patronat-honorowy-rektora-5.png\" alt=\"\" width=\"800\" height=\"206\" \/><\/p>\n<hr \/>\n<p><img loading=\"lazy\" class=\"aligncenter wp-image-169284\" src=\"https:\/\/up.lublin.pl\/wip\/wp-content\/uploads\/sites\/7\/2025\/06\/patronat_prezydenta_lublin.jpg\" alt=\"\" width=\"800\" height=\"208\" \/><\/p>\n<hr \/>\n<p><img loading=\"lazy\" class=\"alignnone wp-image-168992\" src=\"https:\/\/up.lublin.pl\/wip\/wp-content\/uploads\/sites\/7\/2025\/04\/IGBB-logo1.png\" alt=\"\" width=\"149\" height=\"170\" \/><img loading=\"lazy\" class=\"alignnone wp-image-169012\" src=\"https:\/\/up.lublin.pl\/wip\/wp-content\/uploads\/sites\/7\/2025\/04\/Logo_PTIR_text.png\" alt=\"\" width=\"371\" height=\"150\" \/><\/p>\n\t\t\t<\/div>\r\n\t\t<\/div>\r\n\t<\/div>\r\n<\/section>\r\n\t\t<\/div>\n\t\t\t\t<\/div>\n\t\t\t\t<div class=\"elementor-element elementor-element-3a97eb1 elementor-widget elementor-widget-logoslider\" data-id=\"3a97eb1\" data-element_type=\"widget\" data-widget_type=\"logoslider.default\">\n\t\t\t\t<div class=\"elementor-widget-container\">\n\t\t\t\n    <section class=\"mn-m3-d  mn-bg-green\">\n                    <div class=\"mn-grid\">\n                <h2 class=\"mn-grid-12 mn-title\">\n                    Patronaty medialne                <\/h2>\n            <\/div>\n                    <div class=\"mn-grid\">\n            <div class=\"logoslider mn-events-list mn-grid-12\">\n                                    <div class=\"mn-event\" style=\"\">\n                        <a href=\"https:\/\/www.dziennikwschodni.pl\/\" target=\"_blank\">\n                            <div class=\"mn-image-container\">\n                                <img src=\"https:\/\/up.lublin.pl\/wip\/wp-content\/uploads\/sites\/7\/2025\/04\/dziennik-wschodni-1a.jpg\" alt=\"\" \/>\n                            <\/div>\n                            <div class=\"mn-content\">\n                                <h3>dzennik wschodni<\/h3>\n                            <\/div>\n                        <\/a>\n                    <\/div>\n                                        <div class=\"mn-event\" style=\"\">\n                        <a href=\"https:\/\/kurierlubelski.pl\" target=\"_blank\">\n                            <div class=\"mn-image-container\">\n                                <img src=\"https:\/\/up.lublin.pl\/wip\/wp-content\/uploads\/sites\/7\/2025\/03\/KURIER-LUBELSKI-logo_podglad-300x212-1.jpg\" alt=\"\" \/>\n                            <\/div>\n                            <div class=\"mn-content\">\n                                <h3>Kurier Lubelski<\/h3>\n                            <\/div>\n                        <\/a>\n                    <\/div>\n                                        <div class=\"mn-event\" style=\"\">\n                        <a href=\"https:\/\/radiofreee.pl\/\" target=\"_blank\">\n                            <div class=\"mn-image-container\">\n                                <img src=\"https:\/\/up.lublin.pl\/wip\/wp-content\/uploads\/sites\/7\/2025\/04\/radio-free-1.jpg\" alt=\"\" \/>\n                            <\/div>\n                            <div class=\"mn-content\">\n                                <h3>radio free<\/h3>\n                            <\/div>\n                        <\/a>\n                    <\/div>\n                                        <div class=\"mn-event\" style=\"\">\n                        <a href=\"https:\/\/radio.lublin.pl\/\" target=\"_blank\">\n                            <div class=\"mn-image-container\">\n                                <img src=\"https:\/\/up.lublin.pl\/wip\/wp-content\/uploads\/sites\/7\/2025\/04\/RL-logo1a.jpg\" alt=\"\" \/>\n                            <\/div>\n                            <div class=\"mn-content\">\n                                <h3>radio Lublin<\/h3>\n                            <\/div>\n                        <\/a>\n                    <\/div>\n                                        <div class=\"mn-event\" style=\"\">\n                        <a href=\"\" target=\"_blank\">\n                            <div class=\"mn-image-container\">\n                                <img src=\"https:\/\/up.lublin.pl\/wip\/wp-content\/uploads\/sites\/7\/2025\/04\/TVP3_Lublin_podst.jpg\" alt=\"\" \/>\n                            <\/div>\n                            <div class=\"mn-content\">\n                                <h3>TVP 3<\/h3>\n                            <\/div>\n                        <\/a>\n                    <\/div>\n                                        <div class=\"mn-event\" style=\"\">\n                        <a href=\"\" target=\"_blank\">\n                            <div class=\"mn-image-container\">\n                                <img src=\"https:\/\/up.lublin.pl\/wip\/wp-content\/uploads\/sites\/7\/2025\/04\/tvp_info-1.png\" alt=\"\" \/>\n                            <\/div>\n                            <div class=\"mn-content\">\n                                <h3>TVP info<\/h3>\n                            <\/div>\n                        <\/a>\n                    <\/div>\n                                        <div class=\"mn-event\" style=\"\">\n                        <a href=\"\" target=\"_blank\">\n                            <div class=\"mn-image-container\">\n                                <img src=\"https:\/\/up.lublin.pl\/wip\/wp-content\/uploads\/sites\/7\/2025\/04\/spotted-lublin-3-2.jpg\" alt=\"\" \/>\n                            <\/div>\n                            <div class=\"mn-content\">\n                                <h3>spotted lublin<\/h3>\n                            <\/div>\n                        <\/a>\n                    <\/div>\n                                        <div class=\"mn-event\" style=\"\">\n                        <a href=\"\" target=\"_blank\">\n                            <div class=\"mn-image-container\">\n                                <img src=\"https:\/\/up.lublin.pl\/wip\/wp-content\/uploads\/sites\/7\/2025\/09\/xLOGO-SMN.png\" alt=\"\" \/>\n                            <\/div>\n                            <div class=\"mn-content\">\n                                <h3><\/h3>\n                            <\/div>\n                        <\/a>\n                    <\/div>\n                                <\/div>\n        <\/div>\n    <\/section>\n\n    <script type=\"text\/javascript\" src=\"\/wp-includes\/js\/jquery\/jquery.min.js?ver=3.5.1\"><\/script>\n    <script type=\"text\/javascript\" src=\"https:\/\/cdn.jsdelivr.net\/npm\/slick-carousel@1.8.1\/slick\/slick.min.js\"><\/script>\n    <script>\n        (function ($) {\n            $(document).ready(function () {\n                $('.logoslider.slick-initialized').slick('unslick');\n                $('.logoslider:not(.slick-initialized)').slick({\n                    autoplay: true,\n                    autoplaySpeed:1500,\n                    dots: false,\n                    infinite: true,\n                    centerMode: false,\n                    arrows: true,\n                    nextPrev: '<button class=\"slide-arrow next-arrow\">Poprzednia<\/button>',\n                    nextArrow: '<button class=\"slide-arrow next-arrow\">Nast\u0119pna<\/button>',\n                    speed: 300,\n                    slidesToShow: 3,\n                    slidesToScroll: 1,\n                });\n\n            });\n        })(jQuery);\n    <\/script>\n    \t\t<\/div>\n\t\t\t\t<\/div>\n\t\t\t\t\t\t<\/div>\n\t\t\t\t\t<\/div>\n\t\t<\/div>\n\t\t\t\t\t\t\t\t<\/div>\n\t\t\t\t\t<\/div>\n\t\t<\/section>\n\t\t\t\t<section class=\"elementor-section elementor-top-section elementor-element elementor-element-4e042a0d elementor-section-boxed elementor-section-height-default elementor-section-height-default\" data-id=\"4e042a0d\" data-element_type=\"section\">\n\t\t\t\t\t\t<div class=\"elementor-container elementor-column-gap-default\">\n\t\t\t\t\t\t\t<div class=\"elementor-row\">\n\t\t\t\t\t<div class=\"elementor-column elementor-col-25 elementor-top-column elementor-element elementor-element-4d25aeda\" data-id=\"4d25aeda\" data-element_type=\"column\">\n\t\t\t<div class=\"elementor-column-wrap\">\n\t\t\t\t\t\t\t<div class=\"elementor-widget-wrap\">\n\t\t\t\t\t\t\t\t<\/div>\n\t\t\t\t\t<\/div>\n\t\t<\/div>\n\t\t\t\t<div class=\"elementor-column elementor-col-25 elementor-top-column elementor-element elementor-element-306b3f2b\" data-id=\"306b3f2b\" data-element_type=\"column\">\n\t\t\t<div class=\"elementor-column-wrap elementor-element-populated\">\n\t\t\t\t\t\t\t<div class=\"elementor-widget-wrap\">\n\t\t\t\t\t\t<div class=\"elementor-element elementor-element-f7e5ba6 elementor-widget elementor-widget-m5h\" data-id=\"f7e5ba6\" data-element_type=\"widget\" data-widget_type=\"m5h.default\">\n\t\t\t\t<div class=\"elementor-widget-container\">\n\t\t\t<section class=\"mn-m5-h mn-bg-green no-spacing\">\r\n\t<div class=\"mn-grid\">\r\n\t\t<div class=\"mn-content mn-grid-12\">\r\n\t\t\t<div class=\"mn-lead\">\r\n\t\t\t\t<p style=\"text-align: left\"><strong>Przewodnicz\u0105ca Komitetu Organizacyjnego <\/strong><br \/>Prof. dr hab. in\u017c. Katarzyna Koz\u0142owicz<br \/>tel.: 81 531-97-39<\/p>\n<p style=\"text-align: left\"><strong>Sekretarz Konferencji <\/strong><br \/>dr hab. in\u017c. Agnieszka Starek-W\u00f3jcicka, prof. uczelni<br \/>tel.: 81 5319727<br \/>e-mail: <u>agnieszka.starek@up.lublin.pl<\/u><\/p>\n\t\t\t<\/div>\r\n\t\t<\/div>\r\n\t<\/div>\r\n<\/section>\r\n\t\t<\/div>\n\t\t\t\t<\/div>\n\t\t\t\t\t\t<\/div>\n\t\t\t\t\t<\/div>\n\t\t<\/div>\n\t\t\t\t<div class=\"elementor-column elementor-col-25 elementor-top-column elementor-element elementor-element-68ee3d8f\" data-id=\"68ee3d8f\" data-element_type=\"column\">\n\t\t\t<div class=\"elementor-column-wrap elementor-element-populated\">\n\t\t\t\t\t\t\t<div class=\"elementor-widget-wrap\">\n\t\t\t\t\t\t<div class=\"elementor-element elementor-element-47a4f36b elementor-widget elementor-widget-m5h\" data-id=\"47a4f36b\" data-element_type=\"widget\" data-widget_type=\"m5h.default\">\n\t\t\t\t<div class=\"elementor-widget-container\">\n\t\t\t<section class=\"mn-m5-h mn-bg-green no-spacing\">\r\n\t<div class=\"mn-grid\">\r\n\t\t<div class=\"mn-content mn-grid-12\">\r\n\t\t\t<div class=\"mn-lead\">\r\n\t\t\t\t<p style=\"text-align: left\"><strong>Organizing Committee Chairperson<\/strong><br \/>Prof. Katarzyna Koz\u0142owicz<br \/>tel.: 81 531-97-39<\/p>\n<p style=\"text-align: left\"><strong>Secretary of the Conference<\/strong><br \/>PhD DSc Eng. Agnieszka Starek-W\u00f3jcicka, associate professor<br \/>tel.: 81 5319727<br \/>e-mail: <u>agnieszka.starek@up.lublin.pl<\/u><\/p>\n\t\t\t<\/div>\r\n\t\t<\/div>\r\n\t<\/div>\r\n<\/section>\r\n\t\t<\/div>\n\t\t\t\t<\/div>\n\t\t\t\t\t\t<\/div>\n\t\t\t\t\t<\/div>\n\t\t<\/div>\n\t\t\t\t<div class=\"elementor-column elementor-col-25 elementor-top-column elementor-element elementor-element-601aec49\" data-id=\"601aec49\" data-element_type=\"column\">\n\t\t\t<div class=\"elementor-column-wrap\">\n\t\t\t\t\t\t\t<div class=\"elementor-widget-wrap\">\n\t\t\t\t\t\t\t\t<\/div>\n\t\t\t\t\t<\/div>\n\t\t<\/div>\n\t\t\t\t\t\t\t\t<\/div>\n\t\t\t\t\t<\/div>\n\t\t<\/section>\n\t\t\t\t<section class=\"elementor-section elementor-top-section elementor-element elementor-element-e318f1e elementor-section-boxed elementor-section-height-default elementor-section-height-default\" data-id=\"e318f1e\" data-element_type=\"section\">\n\t\t\t\t\t\t<div class=\"elementor-container elementor-column-gap-default\">\n\t\t\t\t\t\t\t<div class=\"elementor-row\">\n\t\t\t\t\t<div class=\"elementor-column elementor-col-100 elementor-top-column elementor-element elementor-element-07e9f9d\" data-id=\"07e9f9d\" data-element_type=\"column\">\n\t\t\t<div class=\"elementor-column-wrap\">\n\t\t\t\t\t\t\t<div class=\"elementor-widget-wrap\">\n\t\t\t\t\t\t\t\t<\/div>\n\t\t\t\t\t<\/div>\n\t\t<\/div>\n\t\t\t\t\t\t\t\t<\/div>\n\t\t\t\t\t<\/div>\n\t\t<\/section>\n\t\t\t\t\t\t<\/div>\n\t\t\t\t\t\t<\/div>\n\t\t\t\t\t<\/div>\n\t\t","protected":false},"excerpt":{"rendered":"<p>\u2190 Powr\u00f3t do strony g\u0142\u00f3wnej&#8230; Patronaty medialne dzennik wschodni Kurier Lubelski radio free radio Lublin TVP 3 TVP info spotted lublin Przewodnicz\u0105ca Komitetu Organizacyjnego Prof. dr hab. in\u017c. Katarzyna Koz\u0142owicztel.: 81 531-97-39 Sekretarz Konferencji dr hab. in\u017c. Agnieszka Starek-W\u00f3jcicka, prof. uczelnitel.: 81 5319727e-mail: agnieszka.starek@up.lublin.pl Organizing Committee ChairpersonProf. Katarzyna Koz\u0142owicztel.: 81 531-97-39 Secretary of the ConferencePhD [&hellip;]<\/p>\n","protected":false},"author":205,"featured_media":0,"parent":165387,"menu_order":0,"comment_status":"closed","ping_status":"closed","template":"elementor_header_footer","meta":{"_monsterinsights_skip_tracking":false,"_monsterinsights_sitenote_active":false,"_monsterinsights_sitenote_note":"","_monsterinsights_sitenote_category":0},"_links":{"self":[{"href":"https:\/\/up.lublin.pl\/wip\/wp-json\/wp\/v2\/pages\/165597"}],"collection":[{"href":"https:\/\/up.lublin.pl\/wip\/wp-json\/wp\/v2\/pages"}],"about":[{"href":"https:\/\/up.lublin.pl\/wip\/wp-json\/wp\/v2\/types\/page"}],"author":[{"embeddable":true,"href":"https:\/\/up.lublin.pl\/wip\/wp-json\/wp\/v2\/users\/205"}],"replies":[{"embeddable":true,"href":"https:\/\/up.lublin.pl\/wip\/wp-json\/wp\/v2\/comments?post=165597"}],"version-history":[{"count":143,"href":"https:\/\/up.lublin.pl\/wip\/wp-json\/wp\/v2\/pages\/165597\/revisions"}],"predecessor-version":[{"id":169924,"href":"https:\/\/up.lublin.pl\/wip\/wp-json\/wp\/v2\/pages\/165597\/revisions\/169924"}],"up":[{"embeddable":true,"href":"https:\/\/up.lublin.pl\/wip\/wp-json\/wp\/v2\/pages\/165387"}],"wp:attachment":[{"href":"https:\/\/up.lublin.pl\/wip\/wp-json\/wp\/v2\/media?parent=165597"}],"curies":[{"name":"wp","href":"https:\/\/api.w.org\/{rel}","templated":true}]}}