{"id":165595,"date":"2024-12-10T09:19:07","date_gmt":"2024-12-10T08:19:07","guid":{"rendered":"https:\/\/up.lublin.pl\/wip\/?page_id=165595"},"modified":"2025-08-14T12:43:41","modified_gmt":"2025-08-14T10:43:41","slug":"komitet-organizacyjny","status":"publish","type":"page","link":"https:\/\/up.lublin.pl\/wip\/wydzial\/jubileusze\/55lecie-wip\/komitet-organizacyjny\/","title":{"rendered":"Komitet Organizacyjny"},"content":{"rendered":"\t\t<div data-elementor-type=\"wp-page\" data-elementor-id=\"165595\" class=\"elementor elementor-165595\" data-elementor-settings=\"[]\">\n\t\t\t\t\t\t<div class=\"elementor-inner\">\n\t\t\t\t\t\t\t<div class=\"elementor-section-wrap\">\n\t\t\t\t\t\t\t<section class=\"elementor-section elementor-top-section elementor-element elementor-element-69edee52 elementor-section-boxed elementor-section-height-default elementor-section-height-default\" data-id=\"69edee52\" data-element_type=\"section\">\n\t\t\t\t\t\t<div class=\"elementor-container elementor-column-gap-default\">\n\t\t\t\t\t\t\t<div class=\"elementor-row\">\n\t\t\t\t\t<div class=\"elementor-column elementor-col-100 elementor-top-column elementor-element elementor-element-7d2caee4\" data-id=\"7d2caee4\" data-element_type=\"column\">\n\t\t\t<div class=\"elementor-column-wrap elementor-element-populated\">\n\t\t\t\t\t\t\t<div class=\"elementor-widget-wrap\">\n\t\t\t\t\t\t<div class=\"elementor-element elementor-element-5b2a1433 elementor-widget elementor-widget-m2j\" data-id=\"5b2a1433\" data-element_type=\"widget\" data-widget_type=\"m2j.default\">\n\t\t\t\t<div class=\"elementor-widget-container\">\n\t\t\t<section class=\"mn-m2-h\">\n    <div class=\"mn-image-container mn-container\">\n                    <img src=\"https:\/\/up.lublin.pl\/wip\/wp-content\/uploads\/sites\/7\/2025\/01\/banner-55-lat.png\" alt=\"\">\n                        <\/div>\n    <div class=\"mn-grid mn-content\">\n            <\/div>\n<\/section>\n\t\t<\/div>\n\t\t\t\t<\/div>\n\t\t\t\t\t\t<\/div>\n\t\t\t\t\t<\/div>\n\t\t<\/div>\n\t\t\t\t\t\t\t\t<\/div>\n\t\t\t\t\t<\/div>\n\t\t<\/section>\n\t\t\t\t<section class=\"elementor-section elementor-top-section elementor-element elementor-element-6e5dcee elementor-section-boxed elementor-section-height-default elementor-section-height-default\" data-id=\"6e5dcee\" data-element_type=\"section\">\n\t\t\t\t\t\t<div class=\"elementor-container elementor-column-gap-default\">\n\t\t\t\t\t\t\t<div class=\"elementor-row\">\n\t\t\t\t\t<div class=\"elementor-column elementor-col-100 elementor-top-column elementor-element elementor-element-601a7ae8\" data-id=\"601a7ae8\" data-element_type=\"column\">\n\t\t\t<div class=\"elementor-column-wrap elementor-element-populated\">\n\t\t\t\t\t\t\t<div class=\"elementor-widget-wrap\">\n\t\t\t\t\t\t<div class=\"elementor-element elementor-element-da63767 elementor-widget elementor-widget-m5h\" data-id=\"da63767\" data-element_type=\"widget\" data-widget_type=\"m5h.default\">\n\t\t\t\t<div class=\"elementor-widget-container\">\n\t\t\t<section class=\"mn-m5-h mn-bg-green no-spacing\">\r\n\t<div class=\"mn-grid\">\r\n\t\t<div class=\"mn-content mn-grid-12\">\r\n\t\t\t<div class=\"mn-lead\">\r\n\t\t\t\t<h4 style=\"text-align: left\"><span style=\"color: #ecb247\"><a style=\"color: #ecb247\" href=\"https:\/\/up.lublin.pl\/wip\/wydzial\/jubileusze\/55lecie-wip\/\">\u2190  Powr\u00f3t do strony g\u0142\u00f3wnej&#8230;<\/a><\/span><\/h4>\n\t\t\t<\/div>\r\n\t\t<\/div>\r\n\t<\/div>\r\n<\/section>\r\n\t\t<\/div>\n\t\t\t\t<\/div>\n\t\t\t\t<div class=\"elementor-element elementor-element-2f4246b elementor-widget elementor-widget-m5c\" data-id=\"2f4246b\" data-element_type=\"widget\" data-widget_type=\"m5c.default\">\n\t\t\t\t<div class=\"elementor-widget-container\">\n\t\t\t<section class=\"mn-m5-c mn-m5-d2 mn-bg-white\">\n\t<div class=\"mn-grid\">\n\t\t\t\t<div class=\"mn-content mn-grid-9\">\n\t\t\t                <div class=\"mn-content-block active\">\n\t                                                        <div class=\"block-text\">\n\t                                        <h4 style=\"text-align: left\"><span style=\"font-size: 20px\">Komitet Organizacyjny<\/span><\/h4>\n<p style=\"text-align: left\">Prof. dr hab. Dariusz Andrejko &#8211; Dziekan<br \/>Dr hab. Monika Stoma, prof. uczelni &#8211; Prodziekan<br \/>Dr hab. in\u017c. Andrzej Mazur, prof. uczelni &#8211; Prodziekan<br \/>Prof. dr hab. in\u017c. Katarzyna Koz\u0142owicz &#8211; Przewodnicz\u0105ca<br \/>Dr hab. in\u017c. Agnieszka Starek-W\u00f3jcicka, prof. uczelni \u2013 Sekretarz<\/p>\n<p style=\"text-align: left\"><span style=\"font-size: 20px\"><b><span style=\"font-size: 16px\">Zesp\u00f3\u0142 ds. Naukowych<\/span><br \/><\/b><\/span>Prof. dr hab. in\u017c. S\u0142awomir Kocira<br \/>Dr hab. in\u017c. Alina Kowalczyk-Ju\u015bko, prof. uczelni<\/p>\n<p style=\"text-align: left\"><span style=\"font-size: 20px\"><span style=\"font-size: 16px\"><b>Zesp\u00f3\u0142 ds.<\/b> <strong>Strony Internetowej<\/strong><\/span><br \/><\/span>Dr hab. in\u017c. Jacek Mazur, prof. uczelni<br \/>Dr in\u017c. Ma\u0142gorzata G\u00f3ral-Kowalczyk<br \/>Dr Anna Skic<\/p>\n<p><strong><span style=\"font-size: 16px\">Zesp\u00f3\u0142 ds. Sponsoringu<br \/><\/span><\/strong>Prof. dr hab. Tomasz Oniszczuk<br \/>Dr hab. in\u017c. Maciej Combrzy\u0144ski, prof. uczelni<br \/>Dr in\u017c. Ma\u0142gorzata Wysocka<br \/>Mgr in\u017c. Jakub Soja<\/p>\n<p><strong><span style=\"font-size: 16px\">Zesp\u00f3\u0142 ds. Zakwaterowania i&nbsp;wy\u017cywienia<\/span><br \/><\/strong>Prof. dr hab. in\u017c. Renata R\u00f3\u017cy\u0142o<br \/>Prof. dr hab. in\u017c. Pawe\u0142 Sobczak<\/p>\n<p><strong><span style=\"font-size: 16px\">Zesp\u00f3\u0142 ds. Promocji<\/span><br \/><\/strong>Dr in\u017c. Agnieszka Dudziak<br \/>Dr in\u017c. Justyna Gabryszuk<br \/>Dr in\u017c. Jacek Ogrodniczek<br \/>Dr in\u017c. Emilia Osm\u00f3lska<br \/>Aleksandra Maciejewska \u2013 studentka<\/p>\n<p><strong><span style=\"font-size: 16px\">Zesp\u00f3\u0142 ds. Wizerunku i&nbsp;grafiki<\/span><br \/><\/strong>Dr in\u017c. Patrycja Pochwatka<br \/>Dr in\u017c. Pawe\u0142 Karpi\u0144ski<br \/>Mgr in\u017c. Agata Basak<br \/>Mgr in\u017c. Barbara K\u0119powicz<br \/>Mgr in\u017c. Klaudia Maci\u0105g<\/p>\n<p><strong><span style=\"font-size: 16px\">Zesp\u00f3\u0142 ds. Organizacyjnych<\/span><br \/><\/strong>Dr hab. in\u017c. Kamila Klimek, prof. uczelni<br \/>Dr in\u017c. Andrzej Mas\u0142owski<br \/>Mgr in\u017c. Edyta Sienkiewicz<\/p>\n<p style=\"text-align: left\">\u00a0<\/p>\n                                        <\/div>\n\t\t\t\t\t\t                                <\/div>\n\t\t\t\t                <div class=\"mn-content-block\">\n\t                                <\/div>\n\t\t\t\t                <div class=\"mn-content-block\">\n\t                                <\/div>\n\t\t\t\t                <div class=\"mn-content-block\">\n\t                                <\/div>\n\t\t\t\t                <div class=\"mn-content-block\">\n\t                                <\/div>\n\t\t\t\t                <div class=\"mn-content-block\">\n\t                                <\/div>\n\t\t\t\t                <div class=\"mn-content-block\">\n\t                                <\/div>\n\t\t\t\t                <div class=\"mn-content-block\">\n\t                                <\/div>\n\t\t\t\t                <div class=\"mn-content-block\">\n\t                                <\/div>\n\t\t\t\t                <div class=\"mn-content-block\">\n\t                                <\/div>\n\t\t\t\t                <div class=\"mn-content-block\">\n\t                                <\/div>\n\t\t\t\t                <div class=\"mn-content-block\">\n\t                                <\/div>\n\t\t\t\t                <div class=\"mn-content-block\">\n\t                                <\/div>\n\t\t\t\t                <div class=\"mn-content-block\">\n\t                                <\/div>\n\t\t\t\t                <div class=\"mn-content-block\">\n\t                                <\/div>\n\t\t\t\t                <div class=\"mn-content-block\">\n\t                                <\/div>\n\t\t\t\t                <div class=\"mn-content-block\">\n\t                                <\/div>\n\t\t\t\t                <div class=\"mn-content-block\">\n\t                                <\/div>\n\t\t\t\t                <div class=\"mn-content-block\">\n\t                                <\/div>\n\t\t\t\t                <div class=\"mn-content-block\">\n\t                                <\/div>\n\t\t\t\t\t\t<\/div>\n\t<\/div>\n<\/section>\n\t\t<\/div>\n\t\t\t\t<\/div>\n\t\t\t\t\t\t<\/div>\n\t\t\t\t\t<\/div>\n\t\t<\/div>\n\t\t\t\t\t\t\t\t<\/div>\n\t\t\t\t\t<\/div>\n\t\t<\/section>\n\t\t\t\t<section class=\"elementor-section elementor-top-section elementor-element elementor-element-11c724a8 elementor-section-boxed elementor-section-height-default elementor-section-height-default\" data-id=\"11c724a8\" data-element_type=\"section\">\n\t\t\t\t\t\t<div class=\"elementor-container elementor-column-gap-default\">\n\t\t\t\t\t\t\t<div class=\"elementor-row\">\n\t\t\t\t\t<div class=\"elementor-column elementor-col-100 elementor-top-column elementor-element elementor-element-5fedc5bb\" data-id=\"5fedc5bb\" data-element_type=\"column\">\n\t\t\t<div class=\"elementor-column-wrap elementor-element-populated\">\n\t\t\t\t\t\t\t<div class=\"elementor-widget-wrap\">\n\t\t\t\t\t\t<div class=\"elementor-element elementor-element-7a8b5f53 elementor-widget elementor-widget-m5h\" data-id=\"7a8b5f53\" data-element_type=\"widget\" data-widget_type=\"m5h.default\">\n\t\t\t\t<div class=\"elementor-widget-container\">\n\t\t\t<section class=\"mn-m5-h mn-bg-green no-spacing\">\r\n\t<div class=\"mn-grid\">\r\n\t\t<div class=\"mn-content mn-grid-12\">\r\n\t\t\t<div class=\"mn-lead\">\r\n\t\t\t\t<h3><span style=\"font-size: 32px\">Kontakt \/ Contact<\/span><\/h3>\n\t\t\t<\/div>\r\n\t\t<\/div>\r\n\t<\/div>\r\n<\/section>\r\n\t\t<\/div>\n\t\t\t\t<\/div>\n\t\t\t\t\t\t<\/div>\n\t\t\t\t\t<\/div>\n\t\t<\/div>\n\t\t\t\t\t\t\t\t<\/div>\n\t\t\t\t\t<\/div>\n\t\t<\/section>\n\t\t\t\t<section class=\"elementor-section elementor-top-section elementor-element elementor-element-436a01f9 elementor-section-boxed elementor-section-height-default elementor-section-height-default\" data-id=\"436a01f9\" data-element_type=\"section\">\n\t\t\t\t\t\t<div class=\"elementor-container elementor-column-gap-default\">\n\t\t\t\t\t\t\t<div class=\"elementor-row\">\n\t\t\t\t\t<div class=\"elementor-column elementor-col-25 elementor-top-column elementor-element elementor-element-1913e6ae\" data-id=\"1913e6ae\" data-element_type=\"column\">\n\t\t\t<div class=\"elementor-column-wrap\">\n\t\t\t\t\t\t\t<div class=\"elementor-widget-wrap\">\n\t\t\t\t\t\t\t\t<\/div>\n\t\t\t\t\t<\/div>\n\t\t<\/div>\n\t\t\t\t<div class=\"elementor-column elementor-col-25 elementor-top-column elementor-element elementor-element-796e35e5\" data-id=\"796e35e5\" data-element_type=\"column\">\n\t\t\t<div class=\"elementor-column-wrap elementor-element-populated\">\n\t\t\t\t\t\t\t<div class=\"elementor-widget-wrap\">\n\t\t\t\t\t\t<div class=\"elementor-element elementor-element-a61841d elementor-widget elementor-widget-m5h\" data-id=\"a61841d\" data-element_type=\"widget\" data-widget_type=\"m5h.default\">\n\t\t\t\t<div class=\"elementor-widget-container\">\n\t\t\t<section class=\"mn-m5-h mn-bg-green no-spacing\">\r\n\t<div class=\"mn-grid\">\r\n\t\t<div class=\"mn-content mn-grid-12\">\r\n\t\t\t<div class=\"mn-lead\">\r\n\t\t\t\t<p style=\"text-align: left\"><strong>Przewodnicz\u0105ca Komitetu Organizacyjnego <\/strong><br \/>Prof. dr hab. in\u017c. Katarzyna Koz\u0142owicz<br \/>tel.: 81 531-97-39<\/p>\n<p style=\"text-align: left\"><strong>Sekretarz Konferencji <\/strong><br \/>dr hab. in\u017c. Agnieszka Starek-W\u00f3jcicka, prof. uczelni<br \/>tel.: 81 5319727<br \/>e-mail: <u>agnieszka.starek@up.lublin.pl<\/u><\/p>\n\t\t\t<\/div>\r\n\t\t<\/div>\r\n\t<\/div>\r\n<\/section>\r\n\t\t<\/div>\n\t\t\t\t<\/div>\n\t\t\t\t\t\t<\/div>\n\t\t\t\t\t<\/div>\n\t\t<\/div>\n\t\t\t\t<div class=\"elementor-column elementor-col-25 elementor-top-column elementor-element elementor-element-7b310ed9\" data-id=\"7b310ed9\" data-element_type=\"column\">\n\t\t\t<div class=\"elementor-column-wrap elementor-element-populated\">\n\t\t\t\t\t\t\t<div class=\"elementor-widget-wrap\">\n\t\t\t\t\t\t<div class=\"elementor-element elementor-element-4a59cf29 elementor-widget elementor-widget-m5h\" data-id=\"4a59cf29\" data-element_type=\"widget\" data-widget_type=\"m5h.default\">\n\t\t\t\t<div class=\"elementor-widget-container\">\n\t\t\t<section class=\"mn-m5-h mn-bg-green no-spacing\">\r\n\t<div class=\"mn-grid\">\r\n\t\t<div class=\"mn-content mn-grid-12\">\r\n\t\t\t<div class=\"mn-lead\">\r\n\t\t\t\t<p style=\"text-align: left\"><strong>Organizing Comitee Chairperson<\/strong><br \/>Prof. Katarzyna Koz\u0142owicz<br \/>tel.: 81 531-97-39<\/p>\n<p style=\"text-align: left\"><strong>Secretary of the Conference<\/strong><br \/>PhD DSc Eng. Agnieszka Starek-W\u00f3jcicka, associate professor<br \/>tel.: 81 5319727<br \/>e-mail: <u>agnieszka.starek@up.lublin.pl<\/u><\/p>\n\t\t\t<\/div>\r\n\t\t<\/div>\r\n\t<\/div>\r\n<\/section>\r\n\t\t<\/div>\n\t\t\t\t<\/div>\n\t\t\t\t\t\t<\/div>\n\t\t\t\t\t<\/div>\n\t\t<\/div>\n\t\t\t\t<div class=\"elementor-column elementor-col-25 elementor-top-column elementor-element elementor-element-18304408\" data-id=\"18304408\" data-element_type=\"column\">\n\t\t\t<div class=\"elementor-column-wrap\">\n\t\t\t\t\t\t\t<div class=\"elementor-widget-wrap\">\n\t\t\t\t\t\t\t\t<\/div>\n\t\t\t\t\t<\/div>\n\t\t<\/div>\n\t\t\t\t\t\t\t\t<\/div>\n\t\t\t\t\t<\/div>\n\t\t<\/section>\n\t\t\t\t<section class=\"elementor-section elementor-top-section elementor-element elementor-element-3bc330e3 elementor-section-boxed elementor-section-height-default elementor-section-height-default\" data-id=\"3bc330e3\" data-element_type=\"section\">\n\t\t\t\t\t\t<div class=\"elementor-container elementor-column-gap-default\">\n\t\t\t\t\t\t\t<div class=\"elementor-row\">\n\t\t\t\t\t<div class=\"elementor-column elementor-col-100 elementor-top-column elementor-element elementor-element-5d2903e4\" data-id=\"5d2903e4\" data-element_type=\"column\">\n\t\t\t<div class=\"elementor-column-wrap\">\n\t\t\t\t\t\t\t<div class=\"elementor-widget-wrap\">\n\t\t\t\t\t\t\t\t<\/div>\n\t\t\t\t\t<\/div>\n\t\t<\/div>\n\t\t\t\t\t\t\t\t<\/div>\n\t\t\t\t\t<\/div>\n\t\t<\/section>\n\t\t\t\t\t\t<\/div>\n\t\t\t\t\t\t<\/div>\n\t\t\t\t\t<\/div>\n\t\t","protected":false},"excerpt":{"rendered":"<p>\u2190 Powr\u00f3t do strony g\u0142\u00f3wnej&#8230; Komitet Organizacyjny Prof. dr hab. Dariusz Andrejko &#8211; DziekanDr hab. Monika Stoma, prof. uczelni &#8211; ProdziekanDr hab. in\u017c. Andrzej Mazur, prof. uczelni &#8211; ProdziekanProf. dr hab. in\u017c. Katarzyna Koz\u0142owicz &#8211; Przewodnicz\u0105caDr hab. in\u017c. Agnieszka Starek-W\u00f3jcicka, prof. uczelni \u2013 Sekretarz Zesp\u00f3\u0142 ds. NaukowychProf. dr hab. in\u017c. S\u0142awomir KociraDr hab. in\u017c. Alina [&hellip;]<\/p>\n","protected":false},"author":205,"featured_media":0,"parent":165387,"menu_order":0,"comment_status":"closed","ping_status":"closed","template":"elementor_header_footer","meta":{"_monsterinsights_skip_tracking":false,"_monsterinsights_sitenote_active":false,"_monsterinsights_sitenote_note":"","_monsterinsights_sitenote_category":0},"_links":{"self":[{"href":"https:\/\/up.lublin.pl\/wip\/wp-json\/wp\/v2\/pages\/165595"}],"collection":[{"href":"https:\/\/up.lublin.pl\/wip\/wp-json\/wp\/v2\/pages"}],"about":[{"href":"https:\/\/up.lublin.pl\/wip\/wp-json\/wp\/v2\/types\/page"}],"author":[{"embeddable":true,"href":"https:\/\/up.lublin.pl\/wip\/wp-json\/wp\/v2\/users\/205"}],"replies":[{"embeddable":true,"href":"https:\/\/up.lublin.pl\/wip\/wp-json\/wp\/v2\/comments?post=165595"}],"version-history":[{"count":131,"href":"https:\/\/up.lublin.pl\/wip\/wp-json\/wp\/v2\/pages\/165595\/revisions"}],"predecessor-version":[{"id":169762,"href":"https:\/\/up.lublin.pl\/wip\/wp-json\/wp\/v2\/pages\/165595\/revisions\/169762"}],"up":[{"embeddable":true,"href":"https:\/\/up.lublin.pl\/wip\/wp-json\/wp\/v2\/pages\/165387"}],"wp:attachment":[{"href":"https:\/\/up.lublin.pl\/wip\/wp-json\/wp\/v2\/media?parent=165595"}],"curies":[{"name":"wp","href":"https:\/\/api.w.org\/{rel}","templated":true}]}}