{"id":165593,"date":"2024-12-10T09:17:49","date_gmt":"2024-12-10T08:17:49","guid":{"rendered":"https:\/\/up.lublin.pl\/wip\/?page_id=165593"},"modified":"2025-07-03T21:07:29","modified_gmt":"2025-07-03T19:07:29","slug":"komitet-naukowy","status":"publish","type":"page","link":"https:\/\/up.lublin.pl\/wip\/wydzial\/jubileusze\/55lecie-wip\/komitet-naukowy\/","title":{"rendered":"Komitet Naukowy"},"content":{"rendered":"\t\t<div data-elementor-type=\"wp-page\" data-elementor-id=\"165593\" class=\"elementor elementor-165593\" data-elementor-settings=\"[]\">\n\t\t\t\t\t\t<div class=\"elementor-inner\">\n\t\t\t\t\t\t\t<div class=\"elementor-section-wrap\">\n\t\t\t\t\t\t\t<section class=\"elementor-section elementor-top-section elementor-element elementor-element-6c59e320 elementor-section-boxed elementor-section-height-default elementor-section-height-default\" data-id=\"6c59e320\" data-element_type=\"section\">\n\t\t\t\t\t\t<div class=\"elementor-container elementor-column-gap-default\">\n\t\t\t\t\t\t\t<div class=\"elementor-row\">\n\t\t\t\t\t<div class=\"elementor-column elementor-col-100 elementor-top-column elementor-element elementor-element-5a87ab3f\" data-id=\"5a87ab3f\" data-element_type=\"column\">\n\t\t\t<div class=\"elementor-column-wrap elementor-element-populated\">\n\t\t\t\t\t\t\t<div class=\"elementor-widget-wrap\">\n\t\t\t\t\t\t<div class=\"elementor-element elementor-element-1a2ab967 elementor-widget elementor-widget-m2j\" data-id=\"1a2ab967\" data-element_type=\"widget\" data-widget_type=\"m2j.default\">\n\t\t\t\t<div class=\"elementor-widget-container\">\n\t\t\t<section class=\"mn-m2-h\">\n    <div class=\"mn-image-container mn-container\">\n                    <img src=\"https:\/\/up.lublin.pl\/wip\/wp-content\/uploads\/sites\/7\/2025\/01\/banner-55-lat.png\" alt=\"\">\n                        <\/div>\n    <div class=\"mn-grid mn-content\">\n            <\/div>\n<\/section>\n\t\t<\/div>\n\t\t\t\t<\/div>\n\t\t\t\t<div class=\"elementor-element elementor-element-64058ed elementor-widget elementor-widget-m5h\" data-id=\"64058ed\" data-element_type=\"widget\" data-widget_type=\"m5h.default\">\n\t\t\t\t<div class=\"elementor-widget-container\">\n\t\t\t<section class=\"mn-m5-h mn-bg-green no-spacing\">\r\n\t<div class=\"mn-grid\">\r\n\t\t<div class=\"mn-content mn-grid-12\">\r\n\t\t\t<div class=\"mn-lead\">\r\n\t\t\t\t<h4 style=\"text-align: left\"><span style=\"color: #ecb247\"><a style=\"color: #ecb247\" href=\"https:\/\/up.lublin.pl\/wip\/wydzial\/jubileusze\/55lecie-wip\/\">\u2190 Powr\u00f3t do strony g\u0142\u00f3wnej&#8230;<\/a><\/span><\/h4>\n\t\t\t<\/div>\r\n\t\t<\/div>\r\n\t<\/div>\r\n<\/section>\r\n\t\t<\/div>\n\t\t\t\t<\/div>\n\t\t\t\t\t\t<\/div>\n\t\t\t\t\t<\/div>\n\t\t<\/div>\n\t\t\t\t\t\t\t\t<\/div>\n\t\t\t\t\t<\/div>\n\t\t<\/section>\n\t\t\t\t<section class=\"elementor-section elementor-top-section elementor-element elementor-element-2d839135 elementor-section-boxed elementor-section-height-default elementor-section-height-default\" data-id=\"2d839135\" data-element_type=\"section\">\n\t\t\t\t\t\t<div class=\"elementor-container elementor-column-gap-default\">\n\t\t\t\t\t\t\t<div class=\"elementor-row\">\n\t\t\t\t\t<div class=\"elementor-column elementor-col-100 elementor-top-column elementor-element elementor-element-5da65e37\" data-id=\"5da65e37\" data-element_type=\"column\">\n\t\t\t<div class=\"elementor-column-wrap elementor-element-populated\">\n\t\t\t\t\t\t\t<div class=\"elementor-widget-wrap\">\n\t\t\t\t\t\t<div class=\"elementor-element elementor-element-6ccd8e30 elementor-widget elementor-widget-m5h\" data-id=\"6ccd8e30\" data-element_type=\"widget\" data-widget_type=\"m5h.default\">\n\t\t\t\t<div class=\"elementor-widget-container\">\n\t\t\t<section class=\"mn-m5-h mn-bg-white no-spacing\">\r\n\t<div class=\"mn-grid\">\r\n\t\t<div class=\"mn-content mn-grid-12\">\r\n\t\t\t<div class=\"mn-lead\">\r\n\t\t\t\t<table style=\"height: 1580px;width: 100%;border-collapse: collapse;border-style: hidden;border-color: #fafafa\">\n<tbody>\n<tr style=\"height: 1580px\">\n<td style=\"width: 13.2002%;height: 1580px\">\u00a0<\/td>\n<td style=\"width: 79.2568%;height: 1580px\">\n<p><span style=\"font-size: 16px\"><span style=\"font-size: 20px\"><br \/><strong>KOMITET NAUKOWY<\/strong><\/span><\/span><\/p>\n<p><span style=\"font-size: 16px\">1. Prof. dr hab. dr h.c. multi Rudolf Micha\u0142ek<\/span><br \/><span style=\"font-size: 16px\">2. Prof. dr hab. in\u017c. dr h.c. multi Arkadiusz M\u0119\u017cyk<\/span><br \/><span style=\"font-size: 16px\">3. Prof. dr hab. dr h.c. Lucjan Paw\u0142owski<\/span><br \/><span style=\"font-size: 16px\">4. Prof. dr hab. in\u017c. dr h.c. Jan Pawe\u0142ek<\/span><br \/><span style=\"font-size: 16px\">5. Prof. dr. hab. in\u017c., profesor honorowy Ond\u0159ej \u0160a\u0159ec<\/span><br \/><span style=\"font-size: 16px\">6. Prof. dr hab. Dariusz Andrejko<\/span><br \/><span style=\"font-size: 16px\">7. Prof. dr hab. Oleksandr Dorozhynskyy<\/span><br \/><span style=\"font-size: 16px\">8. Prof. dr hab. Dariusz Dziki<\/span><br \/><span style=\"font-size: 16px\">9. Prof. dr hab. in\u017c. Krzysztof Go\u0142acki<\/span><br \/><span style=\"font-size: 16px\">10. Prof. dr hab. in\u017c. Dariusz G\u00f3ral<\/span><br \/><span style=\"font-size: 16px\">11. Prof. dr hab. Krzysztof J\u00f3\u017awiakowski<\/span><br \/><span style=\"font-size: 16px\">12. Prof. dr hab. in\u017c. S\u0142awomir Kocira<\/span><br \/><span style=\"font-size: 16px\">13. Prof. dr hab. Wies\u0142aw Kosek<\/span><br \/><span style=\"font-size: 16px\">14. Prof. dr hab. in\u017c. Katarzyna Koz\u0142owicz<\/span><br \/><span style=\"font-size: 16px\">15. Prof. dr hab. in\u017c. Edmund Lorencowicz<\/span><br \/><span style=\"font-size: 16px\">16. Prof. dr hab. Andrzej Marczuk<\/span><br \/><span style=\"font-size: 16px\">17. Prof. dr hab. in\u017c. Rafa\u0142 Nadulski<\/span><br \/><span style=\"font-size: 16px\">18. Prof. dr hab. Tomasz Oniszczuk<\/span><br \/><span style=\"font-size: 16px\">19. Prof. dr hab. Marian Panasiewicz<\/span><br \/><span style=\"font-size: 16px\">20. Prof. dr hab. in\u017c. Renata R\u00f3\u017cy\u0142o<\/span><br \/><span style=\"font-size: 16px\">21. Prof. dr hab. Tadeusz Siwiec<\/span><br \/><span style=\"font-size: 16px\">22. Prof. dr hab. in\u017c. Pawe\u0142 Sobczak<\/span><br \/><span style=\"font-size: 16px\">23. Prof. dr hab. in\u017c. Mariusz Szymanek<\/span><br \/><span style=\"font-size: 16px\">24. Prof. dr hab. Wojciech Tana\u015b<\/span><br \/><span style=\"font-size: 16px\">25. Prof. dr hab. Agnieszka W\u00f3jtowicz<\/span><br \/><span style=\"font-size: 16px\">26. Prof. dr hab. Wioletta \u017bukiewicz-Sobczak<\/span><br \/><span style=\"font-size: 16px\">27. Dr hab. Andrzej Bochniak, prof. uczelni<\/span><br \/><span style=\"font-size: 16px\">28. Dr hab. in\u017c. Marek Boryga, prof. uczelni<\/span><br \/><span style=\"font-size: 16px\">29. Dr hab. in\u017c. Maciej Combrzy\u0144ski, prof. uczelni<\/span><br \/><span style=\"font-size: 16px\">30. Dr hab. in\u017c. Antoni Grzywna, prof. uczelni\u00a0\u00a0<\/span><br \/><span style=\"font-size: 16px\">31. Dr hab. in\u017c. Magdalena Kachel-G\u00f3recka, prof. uczelni<\/span><br \/><span style=\"font-size: 16px\">32. Dr hab. in\u017c. Jacek Kapica, prof. uczelni\u00a0\u00a0<\/span><br \/><span style=\"font-size: 16px\">33. Dr hab. in\u017c. Kamila Klimek, prof. uczelni\u00a0\u00a0\u00a0<\/span><br \/><span style=\"font-size: 16px\">34. Dr hab. in\u017c. Zbigniew Kobus, prof. uczelni\u00a0\u00a0<\/span><br \/><span style=\"font-size: 16px\">35. Dr hab. in\u017c. Milan Koszel, prof. uczelni<\/span><br \/><span style=\"font-size: 16px\">36. Dr hab. in\u017c. Artur Kraszkiewicz, prof. uczelni<\/span><br \/><span style=\"font-size: 16px\">37. Dr hab. Agnieszka Kubik-Komar, prof. uczelni\u00a0\u00a0<\/span><br \/><span style=\"font-size: 16px\">38. Dr hab. in\u017c. Ryszard Kulig, prof. uczelni<\/span><br \/><span style=\"font-size: 16px\">39. Dr hab. in\u017c. Andrzej Kuranc, prof. uczelni<\/span><br \/><span style=\"font-size: 16px\">40. Dr hab. Andrzej Krzykowski, prof. uczelni\u00a0\u00a0<\/span><br \/><span style=\"font-size: 16px\">41. Dr hab. in\u017c. Zbigniew Krzysiak, prof. uczelni\u00a0\u00a0<\/span><br \/><span style=\"font-size: 16px\">42. Dr hab. in\u017c. Alina Kowalczyk-Ju\u015bko, prof. uczelni\u00a0\u00a0<\/span><br \/><span style=\"font-size: 16px\">43. Dr hab. in\u017c. Grzegorz \u0141ysiak, prof. uczelni<\/span><br \/><span style=\"font-size: 16px\">44. Dr hab. in\u017c. Grzegorz Maj, prof. uczelni<\/span><br \/><span style=\"font-size: 16px\">45. Dr hab. in\u017c. Andrzej Mazur, prof. uczelni<\/span><br \/><span style=\"font-size: 16px\">46. Dr hab. in\u017c. Jacek Mazur, prof. uczelni<\/span><br \/><span style=\"font-size: 16px\">47. Dr hab. in\u017c. Micha\u0142 Marzec, prof. uczelni\u00a0\u00a0\u00a0<\/span><br \/><span style=\"font-size: 16px\">48. Dr hab. Marcin Mitrus, prof. uczelni\u00a0\u00a0<\/span><br \/><span style=\"font-size: 16px\">49. Dr hab. in\u017c. Stanis\u0142aw Parafiniuk, prof. uczelni<\/span><br \/><span style=\"font-size: 16px\">50. Dr hab. in\u017c. Leszek Rydzak, prof. uczelni<\/span><br \/><span style=\"font-size: 16px\">51. Dr hab. Stanis\u0142aw Rudy, prof. uczelni\u00a0\u00a0<\/span><br \/><span style=\"font-size: 16px\">52. Dr hab. in\u017c. Artur Serafin, prof. uczelni\u00a0\u00a0<\/span><br \/><span style=\"font-size: 16px\">53. Dr hab. in\u017c. Tomasz S\u0142owik, prof. uczelni<\/span><br \/><span style=\"font-size: 16px\">54. Dr hab. in\u017c. Anna Stankiewicz, prof. uczelni\u00a0\u00a0<\/span><br \/><span style=\"font-size: 16px\">55. Dr hab. in\u017c. Agnieszka Starek-W\u00f3jcicka, prof. uczelni<\/span><br \/><span style=\"font-size: 16px\">56. Dr hab. Monika Stoma, prof. uczelni<\/span><br \/><span style=\"font-size: 16px\">57. Dr hab. in\u017c. Zbigniew Stropek, prof. uczelni\u00a0\u00a0<\/span><br \/><span style=\"font-size: 16px\">58. Dr hab. in\u017c. Joanna Szyszlak-Barg\u0142owicz, prof. uczelni<\/span><br \/><span style=\"font-size: 16px\">59. Dr hab. Jacek Wawrzosek, prof. uczelni\u00a0\u00a0<\/span><br \/><span style=\"font-size: 16px\">60. Dr hab. in\u017c. Jacek Wasilewski,\u00a0 prof. uczelni<\/span><br \/><span style=\"font-size: 16px\">61. Dr hab. in\u017c. Grzegorz Zaj\u0105c, prof. uczelni\u00a0<\/span><br \/><span style=\"font-size: 16px\">62. Dr hab. Janusz Zarajczyk, prof. uczelni\u00a0\u00a0<\/span><br \/><span style=\"font-size: 16px\">63. Dr hab. in\u017c. Tomasz Guz<\/span><br \/><span style=\"font-size: 16px\">64. Dr hab. in\u017c. Oleh Ivanchuk<\/span><br \/><span style=\"font-size: 16px\">65. Dr hab. in\u017c. S\u0142awomir Ju\u015bci\u0144ski<\/span><br \/><span style=\"font-size: 16px\">66. Dr hab. Wojciech Przystupa<\/span><br \/><span style=\"font-size: 16px\">67. Dr hab. Marek Szmigielski<\/span><br \/><span style=\"font-size: 16px\">68. Dr hab. Andrzej Wi\u015bnicki<\/span><\/p>\n<\/td>\n<td style=\"width: 7.54295%;height: 1580px\">\u00a0<\/td>\n<\/tr>\n<\/tbody>\n<\/table>\n\t\t\t<\/div>\r\n\t\t<\/div>\r\n\t<\/div>\r\n<\/section>\r\n\t\t<\/div>\n\t\t\t\t<\/div>\n\t\t\t\t\t\t<\/div>\n\t\t\t\t\t<\/div>\n\t\t<\/div>\n\t\t\t\t\t\t\t\t<\/div>\n\t\t\t\t\t<\/div>\n\t\t<\/section>\n\t\t\t\t<section class=\"elementor-section elementor-top-section elementor-element elementor-element-17430667 elementor-section-boxed elementor-section-height-default elementor-section-height-default\" data-id=\"17430667\" data-element_type=\"section\">\n\t\t\t\t\t\t<div class=\"elementor-container elementor-column-gap-default\">\n\t\t\t\t\t\t\t<div class=\"elementor-row\">\n\t\t\t\t\t<div class=\"elementor-column elementor-col-100 elementor-top-column elementor-element elementor-element-1765e8e5\" data-id=\"1765e8e5\" data-element_type=\"column\">\n\t\t\t<div class=\"elementor-column-wrap elementor-element-populated\">\n\t\t\t\t\t\t\t<div class=\"elementor-widget-wrap\">\n\t\t\t\t\t\t<div class=\"elementor-element elementor-element-42155ea9 elementor-widget elementor-widget-m5h\" data-id=\"42155ea9\" data-element_type=\"widget\" data-widget_type=\"m5h.default\">\n\t\t\t\t<div class=\"elementor-widget-container\">\n\t\t\t<section class=\"mn-m5-h mn-bg-green no-spacing\">\r\n\t<div class=\"mn-grid\">\r\n\t\t<div class=\"mn-content mn-grid-12\">\r\n\t\t\t<div class=\"mn-lead\">\r\n\t\t\t\t<h3><span style=\"font-size: 32px\">Kontakt \/ Contact<\/span><\/h3>\n\t\t\t<\/div>\r\n\t\t<\/div>\r\n\t<\/div>\r\n<\/section>\r\n\t\t<\/div>\n\t\t\t\t<\/div>\n\t\t\t\t\t\t<\/div>\n\t\t\t\t\t<\/div>\n\t\t<\/div>\n\t\t\t\t\t\t\t\t<\/div>\n\t\t\t\t\t<\/div>\n\t\t<\/section>\n\t\t\t\t<section class=\"elementor-section elementor-top-section elementor-element elementor-element-65e6aae elementor-section-boxed elementor-section-height-default elementor-section-height-default\" data-id=\"65e6aae\" data-element_type=\"section\">\n\t\t\t\t\t\t<div class=\"elementor-container elementor-column-gap-default\">\n\t\t\t\t\t\t\t<div class=\"elementor-row\">\n\t\t\t\t\t<div class=\"elementor-column elementor-col-25 elementor-top-column elementor-element elementor-element-3c5c8750\" data-id=\"3c5c8750\" data-element_type=\"column\">\n\t\t\t<div class=\"elementor-column-wrap\">\n\t\t\t\t\t\t\t<div class=\"elementor-widget-wrap\">\n\t\t\t\t\t\t\t\t<\/div>\n\t\t\t\t\t<\/div>\n\t\t<\/div>\n\t\t\t\t<div class=\"elementor-column elementor-col-25 elementor-top-column elementor-element elementor-element-39a67d6c\" data-id=\"39a67d6c\" data-element_type=\"column\">\n\t\t\t<div class=\"elementor-column-wrap elementor-element-populated\">\n\t\t\t\t\t\t\t<div class=\"elementor-widget-wrap\">\n\t\t\t\t\t\t<div class=\"elementor-element elementor-element-53594730 elementor-widget elementor-widget-m5h\" data-id=\"53594730\" data-element_type=\"widget\" data-widget_type=\"m5h.default\">\n\t\t\t\t<div class=\"elementor-widget-container\">\n\t\t\t<section class=\"mn-m5-h mn-bg-green no-spacing\">\r\n\t<div class=\"mn-grid\">\r\n\t\t<div class=\"mn-content mn-grid-12\">\r\n\t\t\t<div class=\"mn-lead\">\r\n\t\t\t\t<p style=\"text-align: left\"><strong>Przewodnicz\u0105ca Komitetu Organizacyjnego <\/strong><br \/>Prof. dr hab. in\u017c. Katarzyna Koz\u0142owicz<br \/>tel.: 81 531-97-39<\/p>\n<p style=\"text-align: left\"><strong>Sekretarz Konferencji <\/strong><br \/>dr hab. in\u017c. Agnieszka Starek-W\u00f3jcicka, prof. uczelni<br \/>tel.: 81 5319727<br \/>e-mail: <u>agnieszka.starek@up.lublin.pl<\/u><\/p>\n\t\t\t<\/div>\r\n\t\t<\/div>\r\n\t<\/div>\r\n<\/section>\r\n\t\t<\/div>\n\t\t\t\t<\/div>\n\t\t\t\t\t\t<\/div>\n\t\t\t\t\t<\/div>\n\t\t<\/div>\n\t\t\t\t<div class=\"elementor-column elementor-col-25 elementor-top-column elementor-element elementor-element-4424d2e0\" data-id=\"4424d2e0\" data-element_type=\"column\">\n\t\t\t<div class=\"elementor-column-wrap elementor-element-populated\">\n\t\t\t\t\t\t\t<div class=\"elementor-widget-wrap\">\n\t\t\t\t\t\t<div class=\"elementor-element elementor-element-43e826ac elementor-widget elementor-widget-m5h\" data-id=\"43e826ac\" data-element_type=\"widget\" data-widget_type=\"m5h.default\">\n\t\t\t\t<div class=\"elementor-widget-container\">\n\t\t\t<section class=\"mn-m5-h mn-bg-green no-spacing\">\r\n\t<div class=\"mn-grid\">\r\n\t\t<div class=\"mn-content mn-grid-12\">\r\n\t\t\t<div class=\"mn-lead\">\r\n\t\t\t\t<p style=\"text-align: left\"><strong>Organizing Committee Chairperson<\/strong><br \/>Prof.\u00a0 Katarzyna Koz\u0142owicz<br \/>tel.: 81 531-97-39<\/p>\n<p style=\"text-align: left\"><strong>Secretary of the Conference<\/strong><br \/>PhD DSc Eng. Agnieszka Starek-W\u00f3jcicka, associate professor<br \/>tel.: 81 5319727<br \/>e-mail: <u>agnieszka.starek@up.lublin.pl<\/u><\/p>\n\t\t\t<\/div>\r\n\t\t<\/div>\r\n\t<\/div>\r\n<\/section>\r\n\t\t<\/div>\n\t\t\t\t<\/div>\n\t\t\t\t\t\t<\/div>\n\t\t\t\t\t<\/div>\n\t\t<\/div>\n\t\t\t\t<div class=\"elementor-column elementor-col-25 elementor-top-column elementor-element elementor-element-7ad8ff32\" data-id=\"7ad8ff32\" data-element_type=\"column\">\n\t\t\t<div class=\"elementor-column-wrap\">\n\t\t\t\t\t\t\t<div class=\"elementor-widget-wrap\">\n\t\t\t\t\t\t\t\t<\/div>\n\t\t\t\t\t<\/div>\n\t\t<\/div>\n\t\t\t\t\t\t\t\t<\/div>\n\t\t\t\t\t<\/div>\n\t\t<\/section>\n\t\t\t\t<section class=\"elementor-section elementor-top-section elementor-element elementor-element-58c26210 elementor-section-boxed elementor-section-height-default elementor-section-height-default\" data-id=\"58c26210\" data-element_type=\"section\">\n\t\t\t\t\t\t<div class=\"elementor-container elementor-column-gap-default\">\n\t\t\t\t\t\t\t<div class=\"elementor-row\">\n\t\t\t\t\t<div class=\"elementor-column elementor-col-100 elementor-top-column elementor-element elementor-element-14583215\" data-id=\"14583215\" data-element_type=\"column\">\n\t\t\t<div class=\"elementor-column-wrap\">\n\t\t\t\t\t\t\t<div class=\"elementor-widget-wrap\">\n\t\t\t\t\t\t\t\t<\/div>\n\t\t\t\t\t<\/div>\n\t\t<\/div>\n\t\t\t\t\t\t\t\t<\/div>\n\t\t\t\t\t<\/div>\n\t\t<\/section>\n\t\t\t\t\t\t<\/div>\n\t\t\t\t\t\t<\/div>\n\t\t\t\t\t<\/div>\n\t\t","protected":false},"excerpt":{"rendered":"<p>\u2190 Powr\u00f3t do strony g\u0142\u00f3wnej&#8230; \u00a0 KOMITET NAUKOWY 1. Prof. dr hab. dr h.c. multi Rudolf Micha\u0142ek2. Prof. dr hab. in\u017c. dr h.c. multi Arkadiusz M\u0119\u017cyk3. Prof. dr hab. dr h.c. Lucjan Paw\u0142owski4. Prof. dr hab. in\u017c. dr h.c. Jan Pawe\u0142ek5. Prof. dr. hab. in\u017c., profesor honorowy Ond\u0159ej \u0160a\u0159ec6. Prof. dr hab. Dariusz Andrejko7. Prof. [&hellip;]<\/p>\n","protected":false},"author":205,"featured_media":0,"parent":165387,"menu_order":0,"comment_status":"closed","ping_status":"closed","template":"elementor_header_footer","meta":{"_monsterinsights_skip_tracking":false,"_monsterinsights_sitenote_active":false,"_monsterinsights_sitenote_note":"","_monsterinsights_sitenote_category":0},"_links":{"self":[{"href":"https:\/\/up.lublin.pl\/wip\/wp-json\/wp\/v2\/pages\/165593"}],"collection":[{"href":"https:\/\/up.lublin.pl\/wip\/wp-json\/wp\/v2\/pages"}],"about":[{"href":"https:\/\/up.lublin.pl\/wip\/wp-json\/wp\/v2\/types\/page"}],"author":[{"embeddable":true,"href":"https:\/\/up.lublin.pl\/wip\/wp-json\/wp\/v2\/users\/205"}],"replies":[{"embeddable":true,"href":"https:\/\/up.lublin.pl\/wip\/wp-json\/wp\/v2\/comments?post=165593"}],"version-history":[{"count":77,"href":"https:\/\/up.lublin.pl\/wip\/wp-json\/wp\/v2\/pages\/165593\/revisions"}],"predecessor-version":[{"id":169520,"href":"https:\/\/up.lublin.pl\/wip\/wp-json\/wp\/v2\/pages\/165593\/revisions\/169520"}],"up":[{"embeddable":true,"href":"https:\/\/up.lublin.pl\/wip\/wp-json\/wp\/v2\/pages\/165387"}],"wp:attachment":[{"href":"https:\/\/up.lublin.pl\/wip\/wp-json\/wp\/v2\/media?parent=165593"}],"curies":[{"name":"wp","href":"https:\/\/api.w.org\/{rel}","templated":true}]}}