{"id":165588,"date":"2024-12-10T09:15:10","date_gmt":"2024-12-10T08:15:10","guid":{"rendered":"https:\/\/up.lublin.pl\/wip\/?page_id=165588"},"modified":"2025-09-13T11:29:54","modified_gmt":"2025-09-13T09:29:54","slug":"program","status":"publish","type":"page","link":"https:\/\/up.lublin.pl\/wip\/wydzial\/jubileusze\/55lecie-wip\/program\/","title":{"rendered":"Program"},"content":{"rendered":"\t\t<div data-elementor-type=\"wp-page\" data-elementor-id=\"165588\" class=\"elementor elementor-165588\" data-elementor-settings=\"[]\">\n\t\t\t\t\t\t<div class=\"elementor-inner\">\n\t\t\t\t\t\t\t<div class=\"elementor-section-wrap\">\n\t\t\t\t\t\t\t<section class=\"elementor-section elementor-top-section elementor-element elementor-element-37864f83 elementor-section-boxed elementor-section-height-default elementor-section-height-default\" data-id=\"37864f83\" data-element_type=\"section\">\n\t\t\t\t\t\t<div class=\"elementor-container elementor-column-gap-default\">\n\t\t\t\t\t\t\t<div class=\"elementor-row\">\n\t\t\t\t\t<div class=\"elementor-column elementor-col-100 elementor-top-column elementor-element elementor-element-476e9553\" data-id=\"476e9553\" data-element_type=\"column\">\n\t\t\t<div class=\"elementor-column-wrap elementor-element-populated\">\n\t\t\t\t\t\t\t<div class=\"elementor-widget-wrap\">\n\t\t\t\t\t\t<div class=\"elementor-element elementor-element-fbc26be elementor-widget elementor-widget-m2j\" data-id=\"fbc26be\" data-element_type=\"widget\" data-widget_type=\"m2j.default\">\n\t\t\t\t<div class=\"elementor-widget-container\">\n\t\t\t<section class=\"mn-m2-h\">\n    <div class=\"mn-image-container mn-container\">\n                    <img src=\"https:\/\/up.lublin.pl\/wip\/wp-content\/uploads\/sites\/7\/2025\/01\/banner-55-lat.png\" alt=\"\">\n                        <\/div>\n    <div class=\"mn-grid mn-content\">\n            <\/div>\n<\/section>\n\t\t<\/div>\n\t\t\t\t<\/div>\n\t\t\t\t\t\t<\/div>\n\t\t\t\t\t<\/div>\n\t\t<\/div>\n\t\t\t\t\t\t\t\t<\/div>\n\t\t\t\t\t<\/div>\n\t\t<\/section>\n\t\t\t\t<section class=\"elementor-section elementor-top-section elementor-element elementor-element-73acffc elementor-section-boxed elementor-section-height-default elementor-section-height-default\" data-id=\"73acffc\" data-element_type=\"section\">\n\t\t\t\t\t\t<div class=\"elementor-container elementor-column-gap-default\">\n\t\t\t\t\t\t\t<div class=\"elementor-row\">\n\t\t\t\t\t<div class=\"elementor-column elementor-col-100 elementor-top-column elementor-element elementor-element-719cdaea\" data-id=\"719cdaea\" data-element_type=\"column\">\n\t\t\t<div class=\"elementor-column-wrap elementor-element-populated\">\n\t\t\t\t\t\t\t<div class=\"elementor-widget-wrap\">\n\t\t\t\t\t\t<div class=\"elementor-element elementor-element-2341846 elementor-widget elementor-widget-m5h\" data-id=\"2341846\" data-element_type=\"widget\" data-widget_type=\"m5h.default\">\n\t\t\t\t<div class=\"elementor-widget-container\">\n\t\t\t<section class=\"mn-m5-h mn-bg-green no-spacing\">\r\n\t<div class=\"mn-grid\">\r\n\t\t<div class=\"mn-content mn-grid-12\">\r\n\t\t\t<div class=\"mn-lead\">\r\n\t\t\t\t<h4 style=\"text-align: left\"><span style=\"color: #ecb247\"><a style=\"color: #ecb247\" href=\"https:\/\/up.lublin.pl\/wip\/wydzial\/jubileusze\/55lecie-wip\/\">\u2190 Powr\u00f3t do strony g\u0142\u00f3wnej&#8230;<\/a><\/span><\/h4>\n\t\t\t<\/div>\r\n\t\t<\/div>\r\n\t<\/div>\r\n<\/section>\r\n\t\t<\/div>\n\t\t\t\t<\/div>\n\t\t\t\t<div class=\"elementor-element elementor-element-2824377 elementor-widget elementor-widget-m5c\" data-id=\"2824377\" data-element_type=\"widget\" data-widget_type=\"m5c.default\">\n\t\t\t\t<div class=\"elementor-widget-container\">\n\t\t\t<section class=\"mn-m5-c mn-m5-d2 mn-bg-white\">\n\t<div class=\"mn-grid\">\n\t\t\t\t<div class=\"mn-content mn-grid-9\">\n\t\t\t                <div class=\"mn-content-block active\">\n\t                                                        <div class=\"mn-cards-list\">\n                                            <div class=\"mn-card-container\">\n                                                <div>\n                                                    <img src=\"https:\/\/up.lublin.pl\/wip\/wp-content\/themes\/up-lublin\/assets\/images\/doc-ico.svg\" alt=\"\" \/>\n                                                    <h5>Wykaz referat\u00f3w i&nbsp;e-poster\u00f3w<\/h5>\n                                                <\/div>\n                                                <a href=\"https:\/\/up.lublin.pl\/wip\/wp-content\/uploads\/sites\/7\/2025\/09\/Wykaz-referatow-i-e-posterow-18-wrzesien-2025-popr..pdf\" class=\"mn-more\" target=\"_blank\">Zobacz<\/a>\n                                            <\/div>\n                                        <\/div>\n\t\t\t\t\t\t                                                        <div class=\"block-text\">\n\t                                        <p><img loading=\"lazy\" class=\"alignnone size-full wp-image-170123\" src=\"https:\/\/up.lublin.pl\/wip\/wp-content\/uploads\/sites\/7\/2025\/09\/Szczegolowy-Program-Wydarzenia-1.jpg\" alt=\"\" width=\"1170\" height=\"1654\" \/><br \/><img loading=\"lazy\" class=\"alignnone size-full wp-image-170127\" src=\"https:\/\/up.lublin.pl\/wip\/wp-content\/uploads\/sites\/7\/2025\/09\/Szczegolowy-Program-Wydarzenia-2.jpg\" alt=\"\" width=\"1170\" height=\"1654\" \/><br \/><img loading=\"lazy\" class=\"alignnone size-full wp-image-170131\" src=\"https:\/\/up.lublin.pl\/wip\/wp-content\/uploads\/sites\/7\/2025\/09\/Szczegolowy-Program-Wydarzenia-3.jpg\" alt=\"\" width=\"1170\" height=\"1654\" \/><br \/><img loading=\"lazy\" class=\"alignnone size-full wp-image-170135\" src=\"https:\/\/up.lublin.pl\/wip\/wp-content\/uploads\/sites\/7\/2025\/09\/Szczegolowy-Program-Wydarzenia-4.jpg\" alt=\"\" width=\"1170\" height=\"1654\" \/><br \/><img loading=\"lazy\" class=\"alignnone size-full wp-image-170139\" src=\"https:\/\/up.lublin.pl\/wip\/wp-content\/uploads\/sites\/7\/2025\/09\/Szczegolowy-Program-Wydarzenia-5.jpg\" alt=\"\" width=\"1170\" height=\"1654\" \/><br \/><img loading=\"lazy\" class=\"alignnone size-full wp-image-170143\" src=\"https:\/\/up.lublin.pl\/wip\/wp-content\/uploads\/sites\/7\/2025\/09\/Szczegolowy-Program-Wydarzenia-6.jpg\" alt=\"\" width=\"1170\" height=\"1654\" \/><br \/><img loading=\"lazy\" class=\"alignnone size-full wp-image-170147\" src=\"https:\/\/up.lublin.pl\/wip\/wp-content\/uploads\/sites\/7\/2025\/09\/Szczegolowy-Program-Wydarzenia-7.jpg\" alt=\"\" width=\"1170\" height=\"1654\" \/><\/p>\n                                        <\/div>\n\t\t\t\t\t\t                                <\/div>\n\t\t\t\t                <div class=\"mn-content-block\">\n\t                                <\/div>\n\t\t\t\t                <div class=\"mn-content-block\">\n\t                                <\/div>\n\t\t\t\t                <div class=\"mn-content-block\">\n\t                                <\/div>\n\t\t\t\t                <div class=\"mn-content-block\">\n\t                                <\/div>\n\t\t\t\t                <div class=\"mn-content-block\">\n\t                                <\/div>\n\t\t\t\t                <div class=\"mn-content-block\">\n\t                                <\/div>\n\t\t\t\t                <div class=\"mn-content-block\">\n\t                                <\/div>\n\t\t\t\t                <div class=\"mn-content-block\">\n\t                                <\/div>\n\t\t\t\t                <div class=\"mn-content-block\">\n\t                                <\/div>\n\t\t\t\t                <div class=\"mn-content-block\">\n\t                                <\/div>\n\t\t\t\t                <div class=\"mn-content-block\">\n\t                                <\/div>\n\t\t\t\t                <div class=\"mn-content-block\">\n\t                                <\/div>\n\t\t\t\t                <div class=\"mn-content-block\">\n\t                                <\/div>\n\t\t\t\t                <div class=\"mn-content-block\">\n\t                                <\/div>\n\t\t\t\t                <div class=\"mn-content-block\">\n\t                                <\/div>\n\t\t\t\t                <div class=\"mn-content-block\">\n\t                                <\/div>\n\t\t\t\t                <div class=\"mn-content-block\">\n\t                                <\/div>\n\t\t\t\t                <div class=\"mn-content-block\">\n\t                                <\/div>\n\t\t\t\t                <div class=\"mn-content-block\">\n\t                                <\/div>\n\t\t\t\t\t\t<\/div>\n\t<\/div>\n<\/section>\n\t\t<\/div>\n\t\t\t\t<\/div>\n\t\t\t\t\t\t<\/div>\n\t\t\t\t\t<\/div>\n\t\t<\/div>\n\t\t\t\t\t\t\t\t<\/div>\n\t\t\t\t\t<\/div>\n\t\t<\/section>\n\t\t\t\t<section class=\"elementor-section elementor-top-section elementor-element elementor-element-7aefcd66 elementor-section-boxed elementor-section-height-default elementor-section-height-default\" data-id=\"7aefcd66\" data-element_type=\"section\">\n\t\t\t\t\t\t<div class=\"elementor-container elementor-column-gap-default\">\n\t\t\t\t\t\t\t<div class=\"elementor-row\">\n\t\t\t\t\t<div class=\"elementor-column elementor-col-100 elementor-top-column elementor-element elementor-element-73dc4eea\" data-id=\"73dc4eea\" data-element_type=\"column\">\n\t\t\t<div class=\"elementor-column-wrap elementor-element-populated\">\n\t\t\t\t\t\t\t<div class=\"elementor-widget-wrap\">\n\t\t\t\t\t\t<div class=\"elementor-element elementor-element-4af8a84e elementor-widget elementor-widget-m5h\" data-id=\"4af8a84e\" data-element_type=\"widget\" data-widget_type=\"m5h.default\">\n\t\t\t\t<div class=\"elementor-widget-container\">\n\t\t\t<section class=\"mn-m5-h mn-bg-green no-spacing\">\r\n\t<div class=\"mn-grid\">\r\n\t\t<div class=\"mn-content mn-grid-12\">\r\n\t\t\t<div class=\"mn-lead\">\r\n\t\t\t\t<h3><span style=\"font-size: 32px\">Kontakt \/ Contact<\/span><\/h3>\n\t\t\t<\/div>\r\n\t\t<\/div>\r\n\t<\/div>\r\n<\/section>\r\n\t\t<\/div>\n\t\t\t\t<\/div>\n\t\t\t\t\t\t<\/div>\n\t\t\t\t\t<\/div>\n\t\t<\/div>\n\t\t\t\t\t\t\t\t<\/div>\n\t\t\t\t\t<\/div>\n\t\t<\/section>\n\t\t\t\t<section class=\"elementor-section elementor-top-section elementor-element elementor-element-2916fcd8 elementor-section-boxed elementor-section-height-default elementor-section-height-default\" data-id=\"2916fcd8\" data-element_type=\"section\">\n\t\t\t\t\t\t<div class=\"elementor-container elementor-column-gap-default\">\n\t\t\t\t\t\t\t<div class=\"elementor-row\">\n\t\t\t\t\t<div class=\"elementor-column elementor-col-25 elementor-top-column elementor-element elementor-element-492aeca1\" data-id=\"492aeca1\" data-element_type=\"column\">\n\t\t\t<div class=\"elementor-column-wrap\">\n\t\t\t\t\t\t\t<div class=\"elementor-widget-wrap\">\n\t\t\t\t\t\t\t\t<\/div>\n\t\t\t\t\t<\/div>\n\t\t<\/div>\n\t\t\t\t<div class=\"elementor-column elementor-col-25 elementor-top-column elementor-element elementor-element-12c44fd3\" data-id=\"12c44fd3\" data-element_type=\"column\">\n\t\t\t<div class=\"elementor-column-wrap elementor-element-populated\">\n\t\t\t\t\t\t\t<div class=\"elementor-widget-wrap\">\n\t\t\t\t\t\t<div class=\"elementor-element elementor-element-3e8cb21 elementor-widget elementor-widget-m5h\" data-id=\"3e8cb21\" data-element_type=\"widget\" data-widget_type=\"m5h.default\">\n\t\t\t\t<div class=\"elementor-widget-container\">\n\t\t\t<section class=\"mn-m5-h mn-bg-green no-spacing\">\r\n\t<div class=\"mn-grid\">\r\n\t\t<div class=\"mn-content mn-grid-12\">\r\n\t\t\t<div class=\"mn-lead\">\r\n\t\t\t\t<p style=\"text-align: left\"><strong>Przewodnicz\u0105ca Komitetu Organizacyjnego <\/strong><br \/>Prof. dr hab. in\u017c. Katarzyna Koz\u0142owicz<br \/>tel.: 81 531-97-39<\/p>\n<p style=\"text-align: left\"><strong>Sekretarz Konferencji <\/strong><br \/>dr hab. in\u017c. Agnieszka Starek-W\u00f3jcicka, prof. uczelni<br \/>tel.: 81 5319727<br \/>e-mail: <u>agnieszka.starek@up.lublin.pl<\/u><\/p>\n\t\t\t<\/div>\r\n\t\t<\/div>\r\n\t<\/div>\r\n<\/section>\r\n\t\t<\/div>\n\t\t\t\t<\/div>\n\t\t\t\t\t\t<\/div>\n\t\t\t\t\t<\/div>\n\t\t<\/div>\n\t\t\t\t<div class=\"elementor-column elementor-col-25 elementor-top-column elementor-element elementor-element-5714bd1e\" data-id=\"5714bd1e\" data-element_type=\"column\">\n\t\t\t<div class=\"elementor-column-wrap elementor-element-populated\">\n\t\t\t\t\t\t\t<div class=\"elementor-widget-wrap\">\n\t\t\t\t\t\t<div class=\"elementor-element elementor-element-5ea570fa elementor-widget elementor-widget-m5h\" data-id=\"5ea570fa\" data-element_type=\"widget\" data-widget_type=\"m5h.default\">\n\t\t\t\t<div class=\"elementor-widget-container\">\n\t\t\t<section class=\"mn-m5-h mn-bg-green no-spacing\">\r\n\t<div class=\"mn-grid\">\r\n\t\t<div class=\"mn-content mn-grid-12\">\r\n\t\t\t<div class=\"mn-lead\">\r\n\t\t\t\t<p style=\"text-align: left\"><strong>Organizing Committee Chairperson<\/strong><br \/>Prof. Katarzyna Koz\u0142owicz<br \/>tel.: 81 531-97-39<\/p>\n<p style=\"text-align: left\"><strong>Secretary of the Conference<\/strong><br \/>PhD DSc Eng. Agnieszka Starek-W\u00f3jcicka, associate professor<br \/>tel.: 81 5319727<br \/>e-mail: <u>agnieszka.starek@up.lublin.pl<\/u><\/p>\n\t\t\t<\/div>\r\n\t\t<\/div>\r\n\t<\/div>\r\n<\/section>\r\n\t\t<\/div>\n\t\t\t\t<\/div>\n\t\t\t\t\t\t<\/div>\n\t\t\t\t\t<\/div>\n\t\t<\/div>\n\t\t\t\t<div class=\"elementor-column elementor-col-25 elementor-top-column elementor-element elementor-element-223e0c64\" data-id=\"223e0c64\" data-element_type=\"column\">\n\t\t\t<div class=\"elementor-column-wrap\">\n\t\t\t\t\t\t\t<div class=\"elementor-widget-wrap\">\n\t\t\t\t\t\t\t\t<\/div>\n\t\t\t\t\t<\/div>\n\t\t<\/div>\n\t\t\t\t\t\t\t\t<\/div>\n\t\t\t\t\t<\/div>\n\t\t<\/section>\n\t\t\t\t\t\t<\/div>\n\t\t\t\t\t\t<\/div>\n\t\t\t\t\t<\/div>\n\t\t","protected":false},"excerpt":{"rendered":"<p>\u2190 Powr\u00f3t do strony g\u0142\u00f3wnej&#8230; Wykaz referat\u00f3w i&nbsp;e-poster\u00f3w Zobacz Kontakt \/ Contact Przewodnicz\u0105ca Komitetu Organizacyjnego Prof. dr hab. in\u017c. Katarzyna Koz\u0142owicztel.: 81 531-97-39 Sekretarz Konferencji dr hab. in\u017c. Agnieszka Starek-W\u00f3jcicka, prof. uczelnitel.: 81 5319727e-mail: agnieszka.starek@up.lublin.pl Organizing Committee ChairpersonProf. Katarzyna Koz\u0142owicztel.: 81 531-97-39 Secretary of the ConferencePhD DSc Eng. Agnieszka Starek-W\u00f3jcicka, associate professortel.: 81 5319727e-mail: agnieszka.starek@up.lublin.pl<\/p>\n","protected":false},"author":205,"featured_media":0,"parent":165387,"menu_order":0,"comment_status":"closed","ping_status":"closed","template":"elementor_header_footer","meta":{"_monsterinsights_skip_tracking":false,"_monsterinsights_sitenote_active":false,"_monsterinsights_sitenote_note":"","_monsterinsights_sitenote_category":0},"_links":{"self":[{"href":"https:\/\/up.lublin.pl\/wip\/wp-json\/wp\/v2\/pages\/165588"}],"collection":[{"href":"https:\/\/up.lublin.pl\/wip\/wp-json\/wp\/v2\/pages"}],"about":[{"href":"https:\/\/up.lublin.pl\/wip\/wp-json\/wp\/v2\/types\/page"}],"author":[{"embeddable":true,"href":"https:\/\/up.lublin.pl\/wip\/wp-json\/wp\/v2\/users\/205"}],"replies":[{"embeddable":true,"href":"https:\/\/up.lublin.pl\/wip\/wp-json\/wp\/v2\/comments?post=165588"}],"version-history":[{"count":146,"href":"https:\/\/up.lublin.pl\/wip\/wp-json\/wp\/v2\/pages\/165588\/revisions"}],"predecessor-version":[{"id":170177,"href":"https:\/\/up.lublin.pl\/wip\/wp-json\/wp\/v2\/pages\/165588\/revisions\/170177"}],"up":[{"embeddable":true,"href":"https:\/\/up.lublin.pl\/wip\/wp-json\/wp\/v2\/pages\/165387"}],"wp:attachment":[{"href":"https:\/\/up.lublin.pl\/wip\/wp-json\/wp\/v2\/media?parent=165588"}],"curies":[{"name":"wp","href":"https:\/\/api.w.org\/{rel}","templated":true}]}}