{"id":165496,"date":"2024-12-05T11:31:43","date_gmt":"2024-12-05T10:31:43","guid":{"rendered":"https:\/\/up.lublin.pl\/wip\/?page_id=165496"},"modified":"2025-08-25T08:43:40","modified_gmt":"2025-08-25T06:43:40","slug":"informacje-szczgolowe","status":"publish","type":"page","link":"https:\/\/up.lublin.pl\/wip\/wydzial\/jubileusze\/55lecie-wip\/informacje-szczgolowe\/","title":{"rendered":"Informacje Szczeg\u00f3\u0142owe"},"content":{"rendered":"\t\t<div data-elementor-type=\"wp-page\" data-elementor-id=\"165496\" class=\"elementor elementor-165496\" data-elementor-settings=\"[]\">\n\t\t\t\t\t\t<div class=\"elementor-inner\">\n\t\t\t\t\t\t\t<div class=\"elementor-section-wrap\">\n\t\t\t\t\t\t\t<section class=\"elementor-section elementor-top-section elementor-element elementor-element-878dafc elementor-section-boxed elementor-section-height-default elementor-section-height-default\" data-id=\"878dafc\" data-element_type=\"section\">\n\t\t\t\t\t\t<div class=\"elementor-container elementor-column-gap-default\">\n\t\t\t\t\t\t\t<div class=\"elementor-row\">\n\t\t\t\t\t\t\t\t\t<\/div>\n\t\t\t\t\t<\/div>\n\t\t<\/section>\n\t\t\t\t<section class=\"elementor-section elementor-top-section elementor-element elementor-element-3de5b8c7 elementor-section-boxed elementor-section-height-default elementor-section-height-default\" data-id=\"3de5b8c7\" data-element_type=\"section\">\n\t\t\t\t\t\t<div class=\"elementor-container elementor-column-gap-default\">\n\t\t\t\t\t\t\t<div class=\"elementor-row\">\n\t\t\t\t\t<div class=\"elementor-column elementor-col-100 elementor-top-column elementor-element elementor-element-79448532\" data-id=\"79448532\" data-element_type=\"column\">\n\t\t\t<div class=\"elementor-column-wrap elementor-element-populated\">\n\t\t\t\t\t\t\t<div class=\"elementor-widget-wrap\">\n\t\t\t\t\t\t<div class=\"elementor-element elementor-element-6e0f32e2 elementor-widget elementor-widget-m2j\" data-id=\"6e0f32e2\" data-element_type=\"widget\" data-widget_type=\"m2j.default\">\n\t\t\t\t<div class=\"elementor-widget-container\">\n\t\t\t<section class=\"mn-m2-h\">\n    <div class=\"mn-image-container mn-container\">\n                    <img src=\"https:\/\/up.lublin.pl\/wip\/wp-content\/uploads\/sites\/7\/2025\/01\/banner-55-lat.png\" alt=\"\">\n                        <\/div>\n    <div class=\"mn-grid mn-content\">\n            <\/div>\n<\/section>\n\t\t<\/div>\n\t\t\t\t<\/div>\n\t\t\t\t<div class=\"elementor-element elementor-element-007e7de elementor-widget elementor-widget-m5h\" data-id=\"007e7de\" data-element_type=\"widget\" data-widget_type=\"m5h.default\">\n\t\t\t\t<div class=\"elementor-widget-container\">\n\t\t\t<section class=\"mn-m5-h mn-bg-green no-spacing\">\r\n\t<div class=\"mn-grid\">\r\n\t\t<div class=\"mn-content mn-grid-12\">\r\n\t\t\t<div class=\"mn-lead\">\r\n\t\t\t\t<h4 style=\"text-align: left\"><span style=\"color: #ecb247\"><a style=\"color: #ecb247\" href=\"https:\/\/up.lublin.pl\/wip\/wydzial\/jubileusze\/55lecie-wip\/\">\u2190 Powr\u00f3t do strony g\u0142\u00f3wnej&#8230;<\/a><\/span><\/h4>\n\t\t\t<\/div>\r\n\t\t<\/div>\r\n\t<\/div>\r\n<\/section>\r\n\t\t<\/div>\n\t\t\t\t<\/div>\n\t\t\t\t\t\t<\/div>\n\t\t\t\t\t<\/div>\n\t\t<\/div>\n\t\t\t\t\t\t\t\t<\/div>\n\t\t\t\t\t<\/div>\n\t\t<\/section>\n\t\t\t\t<section class=\"elementor-section elementor-top-section elementor-element elementor-element-45e9135c elementor-section-boxed elementor-section-height-default elementor-section-height-default\" data-id=\"45e9135c\" data-element_type=\"section\">\n\t\t\t\t\t\t<div class=\"elementor-container elementor-column-gap-default\">\n\t\t\t\t\t\t\t<div class=\"elementor-row\">\n\t\t\t\t\t<div class=\"elementor-column elementor-col-100 elementor-top-column elementor-element elementor-element-78e119fe\" data-id=\"78e119fe\" data-element_type=\"column\">\n\t\t\t<div class=\"elementor-column-wrap elementor-element-populated\">\n\t\t\t\t\t\t\t<div class=\"elementor-widget-wrap\">\n\t\t\t\t\t\t<div class=\"elementor-element elementor-element-0e001f9 elementor-widget elementor-widget-m5c\" data-id=\"0e001f9\" data-element_type=\"widget\" data-widget_type=\"m5c.default\">\n\t\t\t\t<div class=\"elementor-widget-container\">\n\t\t\t<section class=\"mn-m5-c mn-m5-d2 mn-bg-white\">\n\t<div class=\"mn-grid\">\n\t\t\t\t<div class=\"mn-content mn-grid-9\">\n\t\t\t                <div class=\"mn-content-block active\">\n\t                                                        <div class=\"block-text\">\n\t                                        <p><img loading=\"lazy\" class=\"aligncenter wp-image-165650\" src=\"https:\/\/up.lublin.pl\/wip\/wp-content\/uploads\/sites\/7\/2024\/12\/Obraz1.png\" alt=\"\" width=\"500\" height=\"89\" \/><\/p>\n<p style=\"text-align: center\">Dziekan oraz Kolegium Wydzia\u0142u In\u017cynierii Produkcji<br \/>Uniwersytet Przyrodniczy w&nbsp;Lublinie<br \/>oraz Polskie Towarzystwo In\u017cynierii i&nbsp;Techniki Przetw\u00f3rstwa Spo\u017cywczego \u201eSPOMASZ\u201d<\/p>\n<p style=\"text-align: center\"><span style=\"font-size: 16px\">zapraszaj\u0105 na<strong> Jubileusz 55-lecia Wydzia\u0142u In\u017cynierii Produkcji Uniwersytetu Przyrodniczego w\u00a0Lublinie po\u0142\u0105czony z&nbsp;XXIV Og\u00f3lnopolsk\u0105 Konferencj\u0105 Naukow\u0105<br \/><\/strong><span style=\"line-height: 3\"><strong>\u201eOd specjalizacji do interdyscyplinarno\u015bci w&nbsp;in\u017cynierii produkcji\u201d<\/strong><\/span><\/span><br \/>pod patronatem Jego Magnificencji Rektora Uniwersytetu Przyrodniczego w\u00a0Lublinie<br \/>Prof. dra hab. Krzysztofa Kowalczyka<\/p>\n<p style=\"text-align: left\"><span style=\"font-size: 16px\">Jubileusz po\u0142\u0105czony z&nbsp;konferencj\u0105 odb\u0119dzie si\u0119 w&nbsp;dniach<strong> 16-18 wrze\u015bnia 2025 r<\/strong>. w&nbsp;Lublinie<br \/><\/span><\/p>\n<p style=\"text-align: center\"><strong>Tematyka konferencji<\/strong><\/p>\n<p style=\"text-align: justify\">Maszyny, urz\u0105dzenia i&nbsp;automatyzacja w&nbsp;przetw\u00f3rstwie \u017cywno\u015bci, Operacje jednostkowe i&nbsp;technologie w&nbsp;przetw\u00f3rstwie spo\u017cywczym i&nbsp;rolnictwie, Fizyczne i&nbsp;chemiczne w\u0142a\u015bciwo\u015bci \u017cywno\u015bci, \u00a0Projektowanie innowacyjnej \u017cywno\u015bci funkcjonalnej, Jako\u015b\u0107 i&nbsp;bezpiecze\u0144stwo w&nbsp;przemy\u015ble rolno-spo\u017cywczym, Organizacja i&nbsp;zarz\u0105dzanie procesami produkcyjnymi, Problemy gospodarki energi\u0105 i&nbsp;odpadami w&nbsp;przetw\u00f3rstwie rolno-spo\u017cywczym, Ergonomia i&nbsp;bezpiecze\u0144stwo, Transport i&nbsp;logistyka, Odnawialne \u017ar\u00f3d\u0142a energii, Biomasa i&nbsp;jej energetyczne zagospodarowanie, Nowe techniki stosowania biostymulator\u00f3w, nanocz\u0105stek w&nbsp;uprawach rolniczych, Technologie oczyszczania \u015bciek\u00f3w, Nauka w&nbsp;s\u0142u\u017cbie przemys\u0142u.<\/p>\n<p><strong>Op\u0142aty:<br \/><\/strong>1500 z\u0142\/ 350 \u20ac &#8211; pe\u0142na op\u0142ata konferencyjna<br \/>200 z\u0142 &#8211; op\u0142ata dla student\u00f3w bior\u0105cych udzia\u0142 w&nbsp;trzecim dniu Konferencji 18.09.2025r.<\/p>\n<p><strong>Wa\u017cne terminy:<br \/><\/strong><strong>do 30 marca 2025 r.<\/strong> \u2014 zg\u0142oszenie wraz z&nbsp;tematem posteru &#8211; przed\u0142u\u017cony termin do <strong>30 kwietnia 2025 r.<\/strong><br \/><strong>do 30 kwietnia 2025 r. <\/strong>\u2014 dokonanie op\u0142aty konferencyjnej,<br \/><span style=\"color: #ff0000\"><strong>do 4 wrze\u015bnia 2025 r<\/strong><\/span>. \u2014 przes\u0142anie referat\u00f3w i&nbsp;e-poster\u00f3w na adres:<br \/>e-mail: agnieszka.starek@up.lublin.pl<\/p>\n<p style=\"text-align: left\"><strong>Piki do pobrania:<\/strong><\/p>\n                                        <\/div>\n\t\t\t\t\t\t                                                        <div class=\"mn-cards-list\">\n                                            <div class=\"mn-card-container\">\n                                                <div>\n                                                    <img src=\"https:\/\/up.lublin.pl\/wip\/wp-content\/themes\/up-lublin\/assets\/images\/doc-ico.svg\" alt=\"\" \/>\n                                                    <h5>Komunikat  nr 1  POL<\/h5>\n                                                <\/div>\n                                                <a href=\"https:\/\/up.lublin.pl\/wip\/wp-content\/uploads\/sites\/7\/2025\/04\/Komunikat-nr-1-UP-WIP-2025-pol-1.pdf\" class=\"mn-more\" target=\"_blank\">Zobacz<\/a>\n                                            <\/div>\n                                        <\/div>\n\t\t\t\t\t\t                                                        <div class=\"mn-cards-list\">\n                                            <div class=\"mn-card-container\">\n                                                <div>\n                                                    <img src=\"https:\/\/up.lublin.pl\/wip\/wp-content\/themes\/up-lublin\/assets\/images\/doc-ico.svg\" alt=\"\" \/>\n                                                    <h5>Komunikat  nr 1  ANG<\/h5>\n                                                <\/div>\n                                                <a href=\"https:\/\/up.lublin.pl\/wip\/wp-content\/uploads\/sites\/7\/2025\/04\/Komunikat-nr-1-UP-WIP-2025-ang.pdf\" class=\"mn-more\" target=\"_blank\">Zobacz<\/a>\n                                            <\/div>\n                                        <\/div>\n\t\t\t\t\t\t                                                        <div class=\"mn-cards-list\">\n                                            <div class=\"mn-card-container\">\n                                                <div>\n                                                    <img src=\"https:\/\/up.lublin.pl\/wip\/wp-content\/themes\/up-lublin\/assets\/images\/doc-ico.svg\" alt=\"\" \/>\n                                                    <h5>Komunikat  nr 2 POL<\/h5>\n                                                <\/div>\n                                                <a href=\"https:\/\/up.lublin.pl\/wip\/wp-content\/uploads\/sites\/7\/2025\/08\/Komunikat-nr-2-POL-2.pdf\" class=\"mn-more\" target=\"_blank\">Zobacz<\/a>\n                                            <\/div>\n                                        <\/div>\n\t\t\t\t\t\t                                                        <div class=\"mn-cards-list\">\n                                            <div class=\"mn-card-container\">\n                                                <div>\n                                                    <img src=\"https:\/\/up.lublin.pl\/wip\/wp-content\/themes\/up-lublin\/assets\/images\/doc-ico.svg\" alt=\"\" \/>\n                                                    <h5>Komunikat  nr 2  ANG<\/h5>\n                                                <\/div>\n                                                <a href=\"https:\/\/up.lublin.pl\/wip\/wp-content\/uploads\/sites\/7\/2025\/08\/Komunikat-nr-2-ANG-2.pdf\" class=\"mn-more\" target=\"_blank\">Zobacz<\/a>\n                                            <\/div>\n                                        <\/div>\n\t\t\t\t\t\t                                                        <div class=\"mn-cards-list\">\n                                            <div class=\"mn-card-container\">\n                                                <div>\n                                                    <img src=\"https:\/\/up.lublin.pl\/wip\/wp-content\/themes\/up-lublin\/assets\/images\/doc-ico.svg\" alt=\"\" \/>\n                                                    <h5>REGULAMIN KONFERENCJI<\/h5>\n                                                <\/div>\n                                                <a href=\"https:\/\/up.lublin.pl\/wip\/wp-content\/uploads\/sites\/7\/2025\/01\/Regulamin-Konferencji-Jubileuszowej-55-WIP-2025.pdf\" class=\"mn-more\" target=\"_blank\">Zobacz<\/a>\n                                            <\/div>\n                                        <\/div>\n\t\t\t\t\t\t                                                        <div class=\"block-text\">\n\t                                        <h3 style=\"text-align: center\"><strong>Lokalizacja<\/strong><\/h3>\n<\/p>\n<p>\u00a0<\/p>\n                                        <\/div>\n\t\t\t\t\t\t                                                        <div class=\"mn-cards-list\">\n                                            <div class=\"mn-card-container\">\n                                                <div>\n                                                    <img src=\"https:\/\/up.lublin.pl\/wip\/wp-content\/themes\/up-lublin\/assets\/images\/doc-ico.svg\" alt=\"\" \/>\n                                                    <h5>Google maps<\/h5>\n                                                <\/div>\n                                                <a href=\"https:\/\/www.google.com\/maps\/place\/Centrum+Kongresowe+Uniwersytetu+Przyrodniczego+w+Lublinie\/@51.2436571,22.5432143,18.75z\/data=!3m1!5s0x472257635cb9c48d:0xb86958b87698ac72!4m6!3m5!1s0x4722576328b8a5f3:0x4267e3e4b5b8a7ad!8m2!3d51.2435552!4d22.5429083!16s%2Fg%2F1thwz5y9?entry=ttu&amp;g_ep=EgoyMDI1MDcwNi4wIKXMDSoASAFQAw%3D%3D\" class=\"mn-more\" target=\"_blank\">Zobacz<\/a>\n                                            <\/div>\n                                        <\/div>\n\t\t\t\t\t\t                                                        <div class=\"mn-cards-list\">\n                                            <div class=\"mn-card-container\">\n                                                <div>\n                                                    <img src=\"https:\/\/up.lublin.pl\/wip\/wp-content\/themes\/up-lublin\/assets\/images\/doc-ico.svg\" alt=\"\" \/>\n                                                    <h5>Open street map<\/h5>\n                                                <\/div>\n                                                <a href=\"https:\/\/www.openstreetmap.org\/way\/53150293#map=19\/51.243668\/22.542532\" class=\"mn-more\" target=\"_blank\">Zobacz<\/a>\n                                            <\/div>\n                                        <\/div>\n\t\t\t\t\t\t                                <\/div>\n\t\t\t\t                <div class=\"mn-content-block\">\n\t                                <\/div>\n\t\t\t\t                <div class=\"mn-content-block\">\n\t                                <\/div>\n\t\t\t\t                <div class=\"mn-content-block\">\n\t                                <\/div>\n\t\t\t\t                <div class=\"mn-content-block\">\n\t                                <\/div>\n\t\t\t\t                <div class=\"mn-content-block\">\n\t                                <\/div>\n\t\t\t\t                <div class=\"mn-content-block\">\n\t                                <\/div>\n\t\t\t\t                <div class=\"mn-content-block\">\n\t                                <\/div>\n\t\t\t\t                <div class=\"mn-content-block\">\n\t                                <\/div>\n\t\t\t\t                <div class=\"mn-content-block\">\n\t                                <\/div>\n\t\t\t\t                <div class=\"mn-content-block\">\n\t                                <\/div>\n\t\t\t\t                <div class=\"mn-content-block\">\n\t                                <\/div>\n\t\t\t\t                <div class=\"mn-content-block\">\n\t                                <\/div>\n\t\t\t\t                <div class=\"mn-content-block\">\n\t                                <\/div>\n\t\t\t\t                <div class=\"mn-content-block\">\n\t                                <\/div>\n\t\t\t\t                <div class=\"mn-content-block\">\n\t                                <\/div>\n\t\t\t\t                <div class=\"mn-content-block\">\n\t                                <\/div>\n\t\t\t\t                <div class=\"mn-content-block\">\n\t                                <\/div>\n\t\t\t\t                <div class=\"mn-content-block\">\n\t                                <\/div>\n\t\t\t\t                <div class=\"mn-content-block\">\n\t                                <\/div>\n\t\t\t\t\t\t<\/div>\n\t<\/div>\n<\/section>\n\t\t<\/div>\n\t\t\t\t<\/div>\n\t\t\t\t\t\t<\/div>\n\t\t\t\t\t<\/div>\n\t\t<\/div>\n\t\t\t\t\t\t\t\t<\/div>\n\t\t\t\t\t<\/div>\n\t\t<\/section>\n\t\t\t\t<section class=\"elementor-section elementor-top-section elementor-element elementor-element-2b384425 elementor-section-boxed elementor-section-height-default elementor-section-height-default\" data-id=\"2b384425\" data-element_type=\"section\">\n\t\t\t\t\t\t<div class=\"elementor-container elementor-column-gap-default\">\n\t\t\t\t\t\t\t<div class=\"elementor-row\">\n\t\t\t\t\t<div class=\"elementor-column elementor-col-100 elementor-top-column elementor-element elementor-element-754a9d95\" data-id=\"754a9d95\" data-element_type=\"column\">\n\t\t\t<div class=\"elementor-column-wrap elementor-element-populated\">\n\t\t\t\t\t\t\t<div class=\"elementor-widget-wrap\">\n\t\t\t\t\t\t<div class=\"elementor-element elementor-element-7cd4bedc elementor-widget elementor-widget-m5h\" data-id=\"7cd4bedc\" data-element_type=\"widget\" data-widget_type=\"m5h.default\">\n\t\t\t\t<div class=\"elementor-widget-container\">\n\t\t\t<section class=\"mn-m5-h mn-bg-green no-spacing\">\r\n\t<div class=\"mn-grid\">\r\n\t\t<div class=\"mn-content mn-grid-12\">\r\n\t\t\t<div class=\"mn-lead\">\r\n\t\t\t\t<h3><span style=\"font-size: 32px\">Kontakt \/ Contact<\/span><\/h3>\n\t\t\t<\/div>\r\n\t\t<\/div>\r\n\t<\/div>\r\n<\/section>\r\n\t\t<\/div>\n\t\t\t\t<\/div>\n\t\t\t\t\t\t<\/div>\n\t\t\t\t\t<\/div>\n\t\t<\/div>\n\t\t\t\t\t\t\t\t<\/div>\n\t\t\t\t\t<\/div>\n\t\t<\/section>\n\t\t\t\t<section class=\"elementor-section elementor-top-section elementor-element elementor-element-6e07c11a elementor-section-boxed elementor-section-height-default elementor-section-height-default\" data-id=\"6e07c11a\" data-element_type=\"section\">\n\t\t\t\t\t\t<div class=\"elementor-container elementor-column-gap-default\">\n\t\t\t\t\t\t\t<div class=\"elementor-row\">\n\t\t\t\t\t<div class=\"elementor-column elementor-col-25 elementor-top-column elementor-element elementor-element-449f94ce\" data-id=\"449f94ce\" data-element_type=\"column\">\n\t\t\t<div class=\"elementor-column-wrap\">\n\t\t\t\t\t\t\t<div class=\"elementor-widget-wrap\">\n\t\t\t\t\t\t\t\t<\/div>\n\t\t\t\t\t<\/div>\n\t\t<\/div>\n\t\t\t\t<div class=\"elementor-column elementor-col-25 elementor-top-column elementor-element elementor-element-4ef0c384\" data-id=\"4ef0c384\" data-element_type=\"column\">\n\t\t\t<div class=\"elementor-column-wrap elementor-element-populated\">\n\t\t\t\t\t\t\t<div class=\"elementor-widget-wrap\">\n\t\t\t\t\t\t<div class=\"elementor-element elementor-element-386d1547 elementor-widget elementor-widget-m5h\" data-id=\"386d1547\" data-element_type=\"widget\" data-widget_type=\"m5h.default\">\n\t\t\t\t<div class=\"elementor-widget-container\">\n\t\t\t<section class=\"mn-m5-h mn-bg-green no-spacing\">\r\n\t<div class=\"mn-grid\">\r\n\t\t<div class=\"mn-content mn-grid-12\">\r\n\t\t\t<div class=\"mn-lead\">\r\n\t\t\t\t<p style=\"text-align: left\"><strong>Przewodnicz\u0105ca Komitetu Organizacyjnego <\/strong><br \/>Prof. dr hab. in\u017c. Katarzyna Koz\u0142owicz<br \/>tel.: 81 531-97-39<\/p>\n<p style=\"text-align: left\"><strong>Sekretarz Konferencji <\/strong><br \/>dr hab. in\u017c. Agnieszka Starek-W\u00f3jcicka, prof. uczelni<br \/>tel.: 81 5319727<br \/>e-mail: <u>agnieszka.starek@up.lublin.pl<\/u><\/p>\n\t\t\t<\/div>\r\n\t\t<\/div>\r\n\t<\/div>\r\n<\/section>\r\n\t\t<\/div>\n\t\t\t\t<\/div>\n\t\t\t\t\t\t<\/div>\n\t\t\t\t\t<\/div>\n\t\t<\/div>\n\t\t\t\t<div class=\"elementor-column elementor-col-25 elementor-top-column elementor-element elementor-element-6de6b707\" data-id=\"6de6b707\" data-element_type=\"column\">\n\t\t\t<div class=\"elementor-column-wrap elementor-element-populated\">\n\t\t\t\t\t\t\t<div class=\"elementor-widget-wrap\">\n\t\t\t\t\t\t<div class=\"elementor-element elementor-element-5a1e254d elementor-widget elementor-widget-m5h\" data-id=\"5a1e254d\" data-element_type=\"widget\" data-widget_type=\"m5h.default\">\n\t\t\t\t<div class=\"elementor-widget-container\">\n\t\t\t<section class=\"mn-m5-h mn-bg-green no-spacing\">\r\n\t<div class=\"mn-grid\">\r\n\t\t<div class=\"mn-content mn-grid-12\">\r\n\t\t\t<div class=\"mn-lead\">\r\n\t\t\t\t<p style=\"text-align: left\"><strong>Organizing Committee Chairperson<\/strong><br \/>Prof.\u00a0 Katarzyna Koz\u0142owicz<br \/>tel.: 81 531-97-39<\/p>\n<p style=\"text-align: left\"><strong>Secretary of the Conference<\/strong><br \/>PhD DSc Eng. Agnieszka Starek-W\u00f3jcicka, associate professor<br \/>tel.: 81 5319727<br \/>e-mail: <u>agnieszka.starek@up.lublin.pl<\/u><\/p>\n\t\t\t<\/div>\r\n\t\t<\/div>\r\n\t<\/div>\r\n<\/section>\r\n\t\t<\/div>\n\t\t\t\t<\/div>\n\t\t\t\t\t\t<\/div>\n\t\t\t\t\t<\/div>\n\t\t<\/div>\n\t\t\t\t<div class=\"elementor-column elementor-col-25 elementor-top-column elementor-element elementor-element-13ac7880\" data-id=\"13ac7880\" data-element_type=\"column\">\n\t\t\t<div class=\"elementor-column-wrap\">\n\t\t\t\t\t\t\t<div class=\"elementor-widget-wrap\">\n\t\t\t\t\t\t\t\t<\/div>\n\t\t\t\t\t<\/div>\n\t\t<\/div>\n\t\t\t\t\t\t\t\t<\/div>\n\t\t\t\t\t<\/div>\n\t\t<\/section>\n\t\t\t\t<section class=\"elementor-section elementor-top-section elementor-element elementor-element-795908d elementor-section-boxed elementor-section-height-default elementor-section-height-default\" data-id=\"795908d\" data-element_type=\"section\">\n\t\t\t\t\t\t<div class=\"elementor-container elementor-column-gap-default\">\n\t\t\t\t\t\t\t<div class=\"elementor-row\">\n\t\t\t\t\t<div class=\"elementor-column elementor-col-100 elementor-top-column elementor-element elementor-element-37feed5\" data-id=\"37feed5\" data-element_type=\"column\">\n\t\t\t<div class=\"elementor-column-wrap\">\n\t\t\t\t\t\t\t<div class=\"elementor-widget-wrap\">\n\t\t\t\t\t\t\t\t<\/div>\n\t\t\t\t\t<\/div>\n\t\t<\/div>\n\t\t\t\t\t\t\t\t<\/div>\n\t\t\t\t\t<\/div>\n\t\t<\/section>\n\t\t\t\t\t\t<\/div>\n\t\t\t\t\t\t<\/div>\n\t\t\t\t\t<\/div>\n\t\t","protected":false},"excerpt":{"rendered":"<p>\u2190 Powr\u00f3t do strony g\u0142\u00f3wnej&#8230; Dziekan oraz Kolegium Wydzia\u0142u In\u017cynierii ProdukcjiUniwersytet Przyrodniczy w&nbsp;Lublinieoraz Polskie Towarzystwo In\u017cynierii i&nbsp;Techniki Przetw\u00f3rstwa Spo\u017cywczego \u201eSPOMASZ\u201d zapraszaj\u0105 na Jubileusz 55-lecia Wydzia\u0142u In\u017cynierii Produkcji Uniwersytetu Przyrodniczego w\u00a0Lublinie po\u0142\u0105czony z&nbsp;XXIV Og\u00f3lnopolsk\u0105 Konferencj\u0105 Naukow\u0105\u201eOd specjalizacji do interdyscyplinarno\u015bci w&nbsp;in\u017cynierii produkcji\u201dpod patronatem Jego Magnificencji Rektora Uniwersytetu Przyrodniczego w\u00a0LublinieProf. dra hab. Krzysztofa Kowalczyka Jubileusz po\u0142\u0105czony z&nbsp;konferencj\u0105 odb\u0119dzie [&hellip;]<\/p>\n","protected":false},"author":205,"featured_media":0,"parent":165387,"menu_order":0,"comment_status":"closed","ping_status":"closed","template":"elementor_header_footer","meta":{"_monsterinsights_skip_tracking":false,"_monsterinsights_sitenote_active":false,"_monsterinsights_sitenote_note":"","_monsterinsights_sitenote_category":0},"_links":{"self":[{"href":"https:\/\/up.lublin.pl\/wip\/wp-json\/wp\/v2\/pages\/165496"}],"collection":[{"href":"https:\/\/up.lublin.pl\/wip\/wp-json\/wp\/v2\/pages"}],"about":[{"href":"https:\/\/up.lublin.pl\/wip\/wp-json\/wp\/v2\/types\/page"}],"author":[{"embeddable":true,"href":"https:\/\/up.lublin.pl\/wip\/wp-json\/wp\/v2\/users\/205"}],"replies":[{"embeddable":true,"href":"https:\/\/up.lublin.pl\/wip\/wp-json\/wp\/v2\/comments?post=165496"}],"version-history":[{"count":194,"href":"https:\/\/up.lublin.pl\/wip\/wp-json\/wp\/v2\/pages\/165496\/revisions"}],"predecessor-version":[{"id":169802,"href":"https:\/\/up.lublin.pl\/wip\/wp-json\/wp\/v2\/pages\/165496\/revisions\/169802"}],"up":[{"embeddable":true,"href":"https:\/\/up.lublin.pl\/wip\/wp-json\/wp\/v2\/pages\/165387"}],"wp:attachment":[{"href":"https:\/\/up.lublin.pl\/wip\/wp-json\/wp\/v2\/media?parent=165496"}],"curies":[{"name":"wp","href":"https:\/\/api.w.org\/{rel}","templated":true}]}}