{"id":154034,"date":"2023-06-02T13:26:37","date_gmt":"2023-06-02T11:26:37","guid":{"rendered":"https:\/\/up.lublin.pl\/wip\/?page_id=154034"},"modified":"2023-06-02T13:28:07","modified_gmt":"2023-06-02T11:28:07","slug":"zawiadomienia","status":"publish","type":"page","link":"https:\/\/up.lublin.pl\/wip\/zawiadomienia\/","title":{"rendered":"Publiczna obrona rozpraw doktorskich \u2014 zawiadomienia"},"content":{"rendered":"\t\t<div data-elementor-type=\"wp-page\" data-elementor-id=\"154034\" class=\"elementor elementor-154034\" data-elementor-settings=\"[]\">\n\t\t\t\t\t\t<div class=\"elementor-inner\">\n\t\t\t\t\t\t\t<div class=\"elementor-section-wrap\">\n\t\t\t\t\t\t\t<section class=\"elementor-section elementor-top-section elementor-element elementor-element-767ed55 elementor-section-boxed elementor-section-height-default elementor-section-height-default\" data-id=\"767ed55\" data-element_type=\"section\">\n\t\t\t\t\t\t<div class=\"elementor-container elementor-column-gap-default\">\n\t\t\t\t\t\t\t<div class=\"elementor-row\">\n\t\t\t\t\t<div class=\"elementor-column elementor-col-100 elementor-top-column elementor-element elementor-element-98ed681\" data-id=\"98ed681\" data-element_type=\"column\">\n\t\t\t<div class=\"elementor-column-wrap elementor-element-populated\">\n\t\t\t\t\t\t\t<div class=\"elementor-widget-wrap\">\n\t\t\t\t\t\t<div class=\"elementor-element elementor-element-598a593 elementor-widget elementor-widget-m2k\" data-id=\"598a593\" data-element_type=\"widget\" data-widget_type=\"m2k.default\">\n\t\t\t\t<div class=\"elementor-widget-container\">\n\t\t\t<section class=\"mn-m2-d mn-bg-green\">\n    <div class=\"mn-grid\">\n        <div class=\"mn-grid-12 mn-introtext\">\n                            <h3>\n                    Publiczna obrona rozpraw doktorskich \u2014 zawiadomienia                <\/h3>\n                        <\/div>\n    <\/div>\n    <\/section>\n\t\t<\/div>\n\t\t\t\t<\/div>\n\t\t\t\t\t\t<\/div>\n\t\t\t\t\t<\/div>\n\t\t<\/div>\n\t\t\t\t\t\t\t\t<\/div>\n\t\t\t\t\t<\/div>\n\t\t<\/section>\n\t\t\t\t<section class=\"elementor-section elementor-top-section elementor-element elementor-element-d628a37 elementor-section-boxed elementor-section-height-default elementor-section-height-default\" data-id=\"d628a37\" data-element_type=\"section\">\n\t\t\t\t\t\t<div class=\"elementor-container elementor-column-gap-default\">\n\t\t\t\t\t\t\t<div class=\"elementor-row\">\n\t\t\t\t\t<div class=\"elementor-column elementor-col-100 elementor-top-column elementor-element elementor-element-24a32dd\" data-id=\"24a32dd\" data-element_type=\"column\">\n\t\t\t<div class=\"elementor-column-wrap elementor-element-populated\">\n\t\t\t\t\t\t\t<div class=\"elementor-widget-wrap\">\n\t\t\t\t\t\t<div class=\"elementor-element elementor-element-9b2c99d elementor-widget elementor-widget-m3e\" data-id=\"9b2c99d\" data-element_type=\"widget\" data-widget_type=\"m3e.default\">\n\t\t\t\t<div class=\"elementor-widget-container\">\n\t\t\t\r\n<section class=\"mn-m3-a mn-m3-e2  mn-bg-green\">\r\n    <div class=\"mn-grid\">\r\n                    <h2 class=\"custom-mn-grid-4\">Dyscyplina in\u017cynieria \u015brodowiska, g\u00f3rnictwo i energetyka:<\/h2>\r\n                                <div class=\"custom-mn-grid-8\">\r\n                                    <div class=\"mn-tabs\">\r\n                                                    <div class=\"mn-tabs\">\r\n                                <a href=\"https:\/\/up.lublin.pl\/wip\/category\/inzynieria-srodowiska-gornictwo-i-energetyka\/\" class=\"mn-more\"  >Zobacz wszystkie<\/a>\r\n                            <\/div>\r\n                                                                        <\/div>\r\n                                <\/div>\r\n                <\/div>\r\n    <div class=\"mn-grid\">\r\n\t                    <div class=\"mn-item mn-grid-3\">\r\n                    <div class=\"mn-images-container\">\r\n\t                                        <\/div>\r\n                                            <h5 class=\"mn-date\">15 stycznia 2026<\/h5>\r\n                                            <div class=\"mn-content\">\r\n                        <p>Publiczna obrona rozprawy doktorskiej mgra in\u017c. Jakuba Soi<\/p>\r\n                    <\/div>\r\n                    <a href=\"https:\/\/up.lublin.pl\/wip\/publiczna-obrona-rozprawy-doktorskiej-mgra-inz-jakuba-soi\/\" class=\"mn-more\">Zobacz wi\u0119cej<\/a>\r\n                <\/div>\r\n\t\t\t                    <div class=\"mn-item mn-grid-3\">\r\n                    <div class=\"mn-images-container\">\r\n\t                                        <\/div>\r\n                                            <h5 class=\"mn-date\">13 pa\u017adziernika 2025<\/h5>\r\n                                            <div class=\"mn-content\">\r\n                        <p>Zawiadomienie o publicznej obronie rozprawy doktorskiej mgr in\u017c. Kamili Szykowskiej<\/p>\r\n                    <\/div>\r\n                    <a href=\"https:\/\/up.lublin.pl\/wip\/zawiadomienie-o-publicznej-obronie-rozprawy-doktorskiej-mgr-inz-kamili-szykowskiej\/\" class=\"mn-more\">Zobacz wi\u0119cej<\/a>\r\n                <\/div>\r\n\t\t\t                    <div class=\"mn-item mn-grid-3\">\r\n                    <div class=\"mn-images-container\">\r\n\t                                        <\/div>\r\n                                            <h5 class=\"mn-date\">7 pa\u017adziernika 2025<\/h5>\r\n                                            <div class=\"mn-content\">\r\n                        <p>Zawiadomienie o publicznej obronie rozprawy doktorskiej mgra Patryka Sapiegi<\/p>\r\n                    <\/div>\r\n                    <a href=\"https:\/\/up.lublin.pl\/wip\/zawiadomienie-o-publicznej-obronie-rozprawy-doktorskiej-mgra-patryka-sapiegi\/\" class=\"mn-more\">Zobacz wi\u0119cej<\/a>\r\n                <\/div>\r\n\t\t\t                    <div class=\"mn-item mn-grid-3\">\r\n                    <div class=\"mn-images-container\">\r\n\t                                        <\/div>\r\n                                            <h5 class=\"mn-date\">27 maja 2025<\/h5>\r\n                                            <div class=\"mn-content\">\r\n                        <p>Og\u0142oszenie o publicznym kolokwium habilitacyjnym dr in\u017c. Jakuba Frankowskiego<\/p>\r\n                    <\/div>\r\n                    <a href=\"https:\/\/up.lublin.pl\/wip\/ogloszenie-o-publicznym-kolokwium-habilitacyjnym-dr-inz-jakuba-frankowskiego\/\" class=\"mn-more\">Zobacz wi\u0119cej<\/a>\r\n                <\/div>\r\n\t\t\t                    <div class=\"mn-item mn-grid-3\">\r\n                    <div class=\"mn-images-container\">\r\n\t                                        <\/div>\r\n                                            <h5 class=\"mn-date\">4 lutego 2025<\/h5>\r\n                                            <div class=\"mn-content\">\r\n                        <p>Publiczna obrona rozprawy doktorskiej mgra Tadeusza Grabowskiego<\/p>\r\n                    <\/div>\r\n                    <a href=\"https:\/\/up.lublin.pl\/wip\/publiczna-obrona-rozprawy-doktorskiej-mgra-tadeusza-grabowskiego\/\" class=\"mn-more\">Zobacz wi\u0119cej<\/a>\r\n                <\/div>\r\n\t\t\t                    <div class=\"mn-item mn-grid-3\">\r\n                    <div class=\"mn-images-container\">\r\n\t                                        <\/div>\r\n                                            <h5 class=\"mn-date\">4 stycznia 2025<\/h5>\r\n                                            <div class=\"mn-content\">\r\n                        <p>Obrona rozprawy doktorskiej Pani mgr. in\u017c. Natalii Kraus-Namro\u017cy<\/p>\r\n                    <\/div>\r\n                    <a href=\"https:\/\/up.lublin.pl\/wip\/obrona-rozprawy-doktorskiej-pani-mgr-inz-natalii-kraus-namrozy\/\" class=\"mn-more\">Zobacz wi\u0119cej<\/a>\r\n                <\/div>\r\n\t\t\t                    <div class=\"mn-item mn-grid-3\">\r\n                    <div class=\"mn-images-container\">\r\n\t                                        <\/div>\r\n                                            <h5 class=\"mn-date\">4 stycznia 2025<\/h5>\r\n                                            <div class=\"mn-content\">\r\n                        <p>Zawiadomienie o obronie rozprawy doktorskiej mgr. in\u017c. Dariusza Kozaka<\/p>\r\n                    <\/div>\r\n                    <a href=\"https:\/\/up.lublin.pl\/wip\/zawiadomienie-o-obronie-rozprawy-doktorskiej-mgr-inz-dariusza-kozaka\/\" class=\"mn-more\">Zobacz wi\u0119cej<\/a>\r\n                <\/div>\r\n\t\t\t                    <div class=\"mn-item mn-grid-3\">\r\n                    <div class=\"mn-images-container\">\r\n\t                                        <\/div>\r\n                                            <h5 class=\"mn-date\">4 stycznia 2025<\/h5>\r\n                                            <div class=\"mn-content\">\r\n                        <p>Obrona rozprawy doktorskiej mgr in\u017c. Olgi Zaj\u0105c<\/p>\r\n                    <\/div>\r\n                    <a href=\"https:\/\/up.lublin.pl\/wip\/obrona-rozprawy-doktorskiej-mgr-inz-olgi-zajac\/\" class=\"mn-more\">Zobacz wi\u0119cej<\/a>\r\n                <\/div>\r\n\t\t\t        <\/div>\r\n<\/section>\r\n\t\t<\/div>\n\t\t\t\t<\/div>\n\t\t\t\t\t\t<\/div>\n\t\t\t\t\t<\/div>\n\t\t<\/div>\n\t\t\t\t\t\t\t\t<\/div>\n\t\t\t\t\t<\/div>\n\t\t<\/section>\n\t\t\t\t<section class=\"elementor-section elementor-top-section elementor-element elementor-element-82ce947 elementor-section-boxed elementor-section-height-default elementor-section-height-default\" data-id=\"82ce947\" data-element_type=\"section\">\n\t\t\t\t\t\t<div class=\"elementor-container elementor-column-gap-default\">\n\t\t\t\t\t\t\t<div class=\"elementor-row\">\n\t\t\t\t\t<div class=\"elementor-column elementor-col-100 elementor-top-column elementor-element elementor-element-aebb9a2\" data-id=\"aebb9a2\" data-element_type=\"column\">\n\t\t\t<div class=\"elementor-column-wrap elementor-element-populated\">\n\t\t\t\t\t\t\t<div class=\"elementor-widget-wrap\">\n\t\t\t\t\t\t<div class=\"elementor-element elementor-element-ae0fc95 elementor-widget elementor-widget-m3e\" data-id=\"ae0fc95\" data-element_type=\"widget\" data-widget_type=\"m3e.default\">\n\t\t\t\t<div class=\"elementor-widget-container\">\n\t\t\t\r\n<section class=\"mn-m3-a mn-m3-e2  mn-bg-green\">\r\n    <div class=\"mn-grid\">\r\n                    <h2 class=\"custom-mn-grid-4\">Dyscyplina in\u017cynieria mechaniczna:<\/h2>\r\n                                <div class=\"custom-mn-grid-8\">\r\n                                    <div class=\"mn-tabs\">\r\n                                                    <div class=\"mn-tabs\">\r\n                                <a href=\"https:\/\/up.lublin.pl\/wip\/category\/inzynieria-mechaniczna\/\" class=\"mn-more\"  >Zobacz wszystkie<\/a>\r\n                            <\/div>\r\n                                                                        <\/div>\r\n                                <\/div>\r\n                <\/div>\r\n    <div class=\"mn-grid\">\r\n\t                    <div class=\"mn-item mn-grid-3\">\r\n                    <div class=\"mn-images-container\">\r\n\t                                        <\/div>\r\n                                            <h5 class=\"mn-date\">27 marca 2025<\/h5>\r\n                                            <div class=\"mn-content\">\r\n                        <p>Og\u0142oszenie o publicznej obronie rozprawy doktorskiej mgra in\u017c. Piotra Adama Kami\u0144skiego<\/p>\r\n                    <\/div>\r\n                    <a href=\"https:\/\/up.lublin.pl\/wip\/ogloszenie-o-publicznej-obronie-rozprawy-doktorskiej-mgra-inz-piotra-adama-kaminskiego\/\" class=\"mn-more\">Zobacz wi\u0119cej<\/a>\r\n                <\/div>\r\n\t\t\t                    <div class=\"mn-item mn-grid-3\">\r\n                    <div class=\"mn-images-container\">\r\n\t                                        <\/div>\r\n                                            <h5 class=\"mn-date\">4 stycznia 2025<\/h5>\r\n                                            <div class=\"mn-content\">\r\n                        <p>Obrona rozprawy doktorskiej mgr. in\u017c. Mateusza Fiedenia<\/p>\r\n                    <\/div>\r\n                    <a href=\"https:\/\/up.lublin.pl\/wip\/obrona-rozprawy-doktorskiej-mgr-inz-mateusza-fiedenia\/\" class=\"mn-more\">Zobacz wi\u0119cej<\/a>\r\n                <\/div>\r\n\t\t\t                    <div class=\"mn-item mn-grid-3\">\r\n                    <div class=\"mn-images-container\">\r\n\t                                        <\/div>\r\n                                            <h5 class=\"mn-date\">20 listopada 2024<\/h5>\r\n                                            <div class=\"mn-content\">\r\n                        <p>Og\u0142oszenie o publicznej obronie rozprawy doktorskiej mgra Konrada \u017bukiewicza<\/p>\r\n                    <\/div>\r\n                    <a href=\"https:\/\/up.lublin.pl\/wip\/ogloszenie-o-publicznej-obronie-rozprawy-doktorskiej-mgra-konrada-zukiewicza\/\" class=\"mn-more\">Zobacz wi\u0119cej<\/a>\r\n                <\/div>\r\n\t\t\t                    <div class=\"mn-item mn-grid-3\">\r\n                    <div class=\"mn-images-container\">\r\n\t                                        <\/div>\r\n                                            <h5 class=\"mn-date\">18 listopada 2024<\/h5>\r\n                                            <div class=\"mn-content\">\r\n                        <p>Zawiadomienie o publicznej obronie rozprawy doktorskiej m\u0142. bryg. mgr. in\u017c. \u0141ukasza Kuziora<\/p>\r\n                    <\/div>\r\n                    <a href=\"https:\/\/up.lublin.pl\/wip\/zawiadomienie-o-publicznej-obronie-rozprawy-doktorskiej-ml-bryg-mgr-inz-lukasza-kuziora\/\" class=\"mn-more\">Zobacz wi\u0119cej<\/a>\r\n                <\/div>\r\n\t\t\t                    <div class=\"mn-item mn-grid-3\">\r\n                    <div class=\"mn-images-container\">\r\n\t                                        <\/div>\r\n                                            <h5 class=\"mn-date\">18 listopada 2024<\/h5>\r\n                                            <div class=\"mn-content\">\r\n                        <p>Zawiadomienie o publicznej obronie rozprawy doktorskiej mgr in\u017c. Beaty Zieli\u0144skiej-Polit<\/p>\r\n                    <\/div>\r\n                    <a href=\"https:\/\/up.lublin.pl\/wip\/zawiadomienie-o-publicznej-obronie-rozprawy-doktorskiej-mgr-inz-beaty-zielinskiej-polit\/\" class=\"mn-more\">Zobacz wi\u0119cej<\/a>\r\n                <\/div>\r\n\t\t\t                    <div class=\"mn-item mn-grid-3\">\r\n                    <div class=\"mn-images-container\">\r\n\t                                        <\/div>\r\n                                            <h5 class=\"mn-date\">18 listopada 2024<\/h5>\r\n                                            <div class=\"mn-content\">\r\n                        <p>Zawiadomienie o publicznej obronie rozprawy doktorskiej mgr in\u017c. Marcina W\u0105sa<\/p>\r\n                    <\/div>\r\n                    <a href=\"https:\/\/up.lublin.pl\/wip\/zawiadomienie-o-publicznej-obronie-rozprawy-doktorskiej-mgr-inz-marcina-wasa\/\" class=\"mn-more\">Zobacz wi\u0119cej<\/a>\r\n                <\/div>\r\n\t\t\t                    <div class=\"mn-item mn-grid-3\">\r\n                    <div class=\"mn-images-container\">\r\n\t                                        <\/div>\r\n                                            <h5 class=\"mn-date\">18 listopada 2024<\/h5>\r\n                                            <div class=\"mn-content\">\r\n                        <p>Zawiadomienie o publicznej obronie rozprawy doktorskiej mgr in\u017c.  Krzysztofa Pikula<\/p>\r\n                    <\/div>\r\n                    <a href=\"https:\/\/up.lublin.pl\/wip\/zawiadomienie-o-publicznej-obronie-rozprawy-doktorskiej-mgr-inz-krzysztofa-pikula\/\" class=\"mn-more\">Zobacz wi\u0119cej<\/a>\r\n                <\/div>\r\n\t\t\t                    <div class=\"mn-item mn-grid-3\">\r\n                    <div class=\"mn-images-container\">\r\n\t                                        <\/div>\r\n                                            <h5 class=\"mn-date\">18 listopada 2024<\/h5>\r\n                                            <div class=\"mn-content\">\r\n                        <p>Zawiadomienie o publicznej obronie rozprawy doktorskiej mgr in\u017c. Krzysztofa Grodnego<\/p>\r\n                    <\/div>\r\n                    <a href=\"https:\/\/up.lublin.pl\/wip\/zawiadomienie-o-publicznej-obronie-rozprawy-doktorskiej-mgr-inz-krzysztofa-grodnego\/\" class=\"mn-more\">Zobacz wi\u0119cej<\/a>\r\n                <\/div>\r\n\t\t\t        <\/div>\r\n<\/section>\r\n\t\t<\/div>\n\t\t\t\t<\/div>\n\t\t\t\t\t\t<\/div>\n\t\t\t\t\t<\/div>\n\t\t<\/div>\n\t\t\t\t\t\t\t\t<\/div>\n\t\t\t\t\t<\/div>\n\t\t<\/section>\n\t\t\t\t\t\t<\/div>\n\t\t\t\t\t\t<\/div>\n\t\t\t\t\t<\/div>\n\t\t","protected":false},"excerpt":{"rendered":"<p>Publiczna obrona rozpraw doktorskich \u2014 zawiadomienia UP Wydzia\u0142 In\u017cynierii Produkcji Dyscyplina in\u017cynieria \u015brodowiska, g\u00f3rnictwo i energetyka: Zobacz wszystkie Dyscyplina in\u017cynieria mechaniczna: Zobacz wszystkie<\/p>\n","protected":false},"author":2,"featured_media":0,"parent":0,"menu_order":0,"comment_status":"closed","ping_status":"closed","template":"elementor_header_footer","meta":{"_monsterinsights_skip_tracking":false,"_monsterinsights_sitenote_active":false,"_monsterinsights_sitenote_note":"","_monsterinsights_sitenote_category":0},"_links":{"self":[{"href":"https:\/\/up.lublin.pl\/wip\/wp-json\/wp\/v2\/pages\/154034"}],"collection":[{"href":"https:\/\/up.lublin.pl\/wip\/wp-json\/wp\/v2\/pages"}],"about":[{"href":"https:\/\/up.lublin.pl\/wip\/wp-json\/wp\/v2\/types\/page"}],"author":[{"embeddable":true,"href":"https:\/\/up.lublin.pl\/wip\/wp-json\/wp\/v2\/users\/2"}],"replies":[{"embeddable":true,"href":"https:\/\/up.lublin.pl\/wip\/wp-json\/wp\/v2\/comments?post=154034"}],"version-history":[{"count":4,"href":"https:\/\/up.lublin.pl\/wip\/wp-json\/wp\/v2\/pages\/154034\/revisions"}],"predecessor-version":[{"id":154038,"href":"https:\/\/up.lublin.pl\/wip\/wp-json\/wp\/v2\/pages\/154034\/revisions\/154038"}],"wp:attachment":[{"href":"https:\/\/up.lublin.pl\/wip\/wp-json\/wp\/v2\/media?parent=154034"}],"curies":[{"name":"wp","href":"https:\/\/api.w.org\/{rel}","templated":true}]}}