{"id":146797,"date":"2022-03-03T11:50:14","date_gmt":"2022-03-03T10:50:14","guid":{"rendered":"https:\/\/up.lublin.pl\/wip\/?page_id=146797"},"modified":"2025-12-15T16:55:18","modified_gmt":"2025-12-15T15:55:18","slug":"skn-ekoenergetykow","status":"publish","type":"page","link":"https:\/\/up.lublin.pl\/wip\/kola-naukowe\/skn-ekoenergetykow\/","title":{"rendered":"SKN EKOENERGETYK\u00d3W"},"content":{"rendered":"\t\t<div data-elementor-type=\"wp-page\" data-elementor-id=\"146797\" class=\"elementor elementor-146797\" data-elementor-settings=\"[]\">\n\t\t\t\t\t\t<div class=\"elementor-inner\">\n\t\t\t\t\t\t\t<div class=\"elementor-section-wrap\">\n\t\t\t\t\t\t\t<section class=\"elementor-section elementor-top-section elementor-element elementor-element-395a11e elementor-section-boxed elementor-section-height-default elementor-section-height-default\" data-id=\"395a11e\" data-element_type=\"section\">\n\t\t\t\t\t\t<div class=\"elementor-container elementor-column-gap-default\">\n\t\t\t\t\t\t\t<div class=\"elementor-row\">\n\t\t\t\t\t<div class=\"elementor-column elementor-col-100 elementor-top-column elementor-element elementor-element-4b4494e\" data-id=\"4b4494e\" data-element_type=\"column\">\n\t\t\t<div class=\"elementor-column-wrap elementor-element-populated\">\n\t\t\t\t\t\t\t<div class=\"elementor-widget-wrap\">\n\t\t\t\t\t\t<div class=\"elementor-element elementor-element-14b6a00 elementor-widget elementor-widget-m5h\" data-id=\"14b6a00\" data-element_type=\"widget\" data-widget_type=\"m5h.default\">\n\t\t\t\t<div class=\"elementor-widget-container\">\n\t\t\t<section class=\"mn-m5-h mn-bg-green\">\r\n\t<div class=\"mn-grid\">\r\n\t\t<div class=\"mn-content mn-grid-12\">\r\n\t\t\t<div class=\"mn-lead\">\r\n\t\t\t\t<p style=\"text-align: center\"><span style=\"font-size: 28px\"><strong>STUDENCKIE KO\u0141O NAUKOWE <\/strong><strong>EKOENERGETYK\u00d3W<\/strong><\/span><\/p>\n<p style=\"text-align: center\"><span style=\"font-size: 24px\"><strong>Opiekun: dr hab. Magdalena Kachel, profesor uczelni<\/strong><\/span><\/p>\n<p style=\"text-align: left\">SKN \u201eEkoenergetycy\u201d powsta\u0142o w&nbsp;18.04.2011 roku przy Katedrze Eksploatacji Maszyn i&nbsp;Zarz\u0105dzania Procesami Produkcyjnymi. Studenci niniejszego ko\u0142a brali udzia\u0142 w&nbsp;licznych konferencjach naukowych, byli r\u00f3wnie\u017c organizatorami prelekcji dotycz\u0105cej \u201e<em>ODNAWIALNYCH \u0179R\u00d3DE\u0141 ENERGII \u2013zestawy laboratoryjne do wykorzystania eksperyment\u00f3w i&nbsp;bada\u0144 naukowych<\/em>\u201d prowadzonych przez Pana Antonio D\u017caja z&nbsp;firmy Heliocentis w&nbsp;Niemczech oraz przedstawicieli Firmy MGS Nauka z&nbsp;Krakowa. Studenci byli wsp\u00f3\u0142organizatorami debaty Nowocze\u015bnie-Energooszczdnie-Odpowiedzialni Inteligentne sieci Energetyczne, Demokracja Energetyczna (ekspertk\u0105, kt\u00f3ra omawia\u0142a t\u0119 tematyk\u0119 by\u0142a Pani Beata Maciejewska z&nbsp;Zielonego Instytutu). Cz\u0142onkowie Ko\u0142a organizowali wyjazdy zwi\u0105zane z&nbsp;ich zainteresowaniami bior\u0105c udzia\u0142 miedzy innymi w\u00a0Targach Odnawialnych \u0179r\u00f3de\u0142 energii w&nbsp;Poznaniu czy zwiedzaniu pierwszego pasywnego domu w&nbsp;Solcu ko\u0142o Wroc\u0142awia.<\/p>\n\t\t\t<\/div>\r\n\t\t<\/div>\r\n\t<\/div>\r\n<\/section>\r\n\t\t<\/div>\n\t\t\t\t<\/div>\n\t\t\t\t\t\t<\/div>\n\t\t\t\t\t<\/div>\n\t\t<\/div>\n\t\t\t\t\t\t\t\t<\/div>\n\t\t\t\t\t<\/div>\n\t\t<\/section>\n\t\t\t\t\t\t<\/div>\n\t\t\t\t\t\t<\/div>\n\t\t\t\t\t<\/div>\n\t\t","protected":false},"excerpt":{"rendered":"<p>STUDENCKIE KO\u0141O NAUKOWE EKOENERGETYK\u00d3W Opiekun: dr hab. Magdalena Kachel, profesor uczelni SKN \u201eEkoenergetycy\u201d powsta\u0142o w&nbsp;18.04.2011 roku przy Katedrze Eksploatacji Maszyn i&nbsp;Zarz\u0105dzania Procesami Produkcyjnymi. Studenci niniejszego ko\u0142a brali udzia\u0142 w&nbsp;licznych konferencjach naukowych, byli r\u00f3wnie\u017c organizatorami prelekcji dotycz\u0105cej \u201eODNAWIALNYCH \u0179R\u00d3DE\u0141 ENERGII \u2013zestawy laboratoryjne do wykorzystania eksperyment\u00f3w i&nbsp;bada\u0144 naukowych\u201d prowadzonych przez Pana Antonio D\u017caja z&nbsp;firmy Heliocentis w&nbsp;Niemczech oraz [&hellip;]<\/p>\n","protected":false},"author":262,"featured_media":0,"parent":142316,"menu_order":0,"comment_status":"closed","ping_status":"closed","template":"","meta":{"_monsterinsights_skip_tracking":false,"_monsterinsights_sitenote_active":false,"_monsterinsights_sitenote_note":"","_monsterinsights_sitenote_category":0},"_links":{"self":[{"href":"https:\/\/up.lublin.pl\/wip\/wp-json\/wp\/v2\/pages\/146797"}],"collection":[{"href":"https:\/\/up.lublin.pl\/wip\/wp-json\/wp\/v2\/pages"}],"about":[{"href":"https:\/\/up.lublin.pl\/wip\/wp-json\/wp\/v2\/types\/page"}],"author":[{"embeddable":true,"href":"https:\/\/up.lublin.pl\/wip\/wp-json\/wp\/v2\/users\/262"}],"replies":[{"embeddable":true,"href":"https:\/\/up.lublin.pl\/wip\/wp-json\/wp\/v2\/comments?post=146797"}],"version-history":[{"count":19,"href":"https:\/\/up.lublin.pl\/wip\/wp-json\/wp\/v2\/pages\/146797\/revisions"}],"predecessor-version":[{"id":173512,"href":"https:\/\/up.lublin.pl\/wip\/wp-json\/wp\/v2\/pages\/146797\/revisions\/173512"}],"up":[{"embeddable":true,"href":"https:\/\/up.lublin.pl\/wip\/wp-json\/wp\/v2\/pages\/142316"}],"wp:attachment":[{"href":"https:\/\/up.lublin.pl\/wip\/wp-json\/wp\/v2\/media?parent=146797"}],"curies":[{"name":"wp","href":"https:\/\/api.w.org\/{rel}","templated":true}]}}