{"id":146782,"date":"2022-03-03T11:47:51","date_gmt":"2022-03-03T10:47:51","guid":{"rendered":"https:\/\/up.lublin.pl\/wip\/?page_id=146782"},"modified":"2022-03-04T08:06:00","modified_gmt":"2022-03-04T07:06:00","slug":"skn-chlodnictwa","status":"publish","type":"page","link":"https:\/\/up.lublin.pl\/wip\/kola-naukowe\/skn-chlodnictwa\/","title":{"rendered":"SKN CH\u0141ODNICTWA"},"content":{"rendered":"\t\t<div data-elementor-type=\"wp-page\" data-elementor-id=\"146782\" class=\"elementor elementor-146782\" data-elementor-settings=\"[]\">\n\t\t\t\t\t\t<div class=\"elementor-inner\">\n\t\t\t\t\t\t\t<div class=\"elementor-section-wrap\">\n\t\t\t\t\t\t\t<section class=\"elementor-section elementor-top-section elementor-element elementor-element-8f8a287 elementor-section-boxed elementor-section-height-default elementor-section-height-default\" data-id=\"8f8a287\" data-element_type=\"section\">\n\t\t\t\t\t\t<div class=\"elementor-container elementor-column-gap-default\">\n\t\t\t\t\t\t\t<div class=\"elementor-row\">\n\t\t\t\t\t<div class=\"elementor-column elementor-col-100 elementor-top-column elementor-element elementor-element-b0d36b2\" data-id=\"b0d36b2\" data-element_type=\"column\">\n\t\t\t<div class=\"elementor-column-wrap elementor-element-populated\">\n\t\t\t\t\t\t\t<div class=\"elementor-widget-wrap\">\n\t\t\t\t\t\t<div class=\"elementor-element elementor-element-7ef09a3 elementor-widget elementor-widget-m5h\" data-id=\"7ef09a3\" data-element_type=\"widget\" data-widget_type=\"m5h.default\">\n\t\t\t\t<div class=\"elementor-widget-container\">\n\t\t\t<section class=\"mn-m5-h mn-bg-green\">\r\n\t<div class=\"mn-grid\">\r\n\t\t<div class=\"mn-content mn-grid-12\">\r\n\t\t\t<div class=\"mn-lead\">\r\n\t\t\t\t<p style=\"text-align: center\"><strong>STUDENCKIE KO\u0141O NAUKOWE CH\u0141ODNICTWA<\/strong><\/p>\n<p style=\"text-align: center\"><strong>Opiekun: dr in\u017c. Marek Domin<\/strong><\/p>\n<p style=\"text-align: left\">Studenckie Naukowe Ko\u0142o Ch\u0142odnictwa powsta\u0142o w&nbsp;1996 roku przy Zak\u0142adzie In\u017cynierii Ch\u0142odnictwa z&nbsp;inicjatywy prof. dr hab. Franciszka Kluzy oraz student\u00f3w specjalno\u015bci <em>Technika Rolno-Spo\u017cywcza <\/em>i<em> In\u017cynieria \u017bywno\u015bci<\/em>. Dnia 3 stycznia 1997 roku Ko\u0142o zosta\u0142o wpisane do rejestru k\u00f3\u0142 naukowych Akademii Rolniczej. Obecnie opiekunem ko\u0142a jest dr in\u017c. Marek Domin.<\/p>\n<p style=\"text-align: left\">Studenckie Ko\u0142o Naukowe Ch\u0142odnictwa dzia\u0142a przy Zak\u0142adzie Ch\u0142odnictwa i\u00a0Energetyki Przemys\u0142u Spo\u017cywczego w&nbsp;Katedrze Biologicznych Podstaw Technologii \u017bywno\u015bci i&nbsp;Pasz na Wydziale In\u017cynierii Produkcji Uniwersytetu Przyrodniczego w\u00a0Lublinie. Cz\u0142onkami Ko\u0142a s\u0105 studenci zar\u00f3wno studi\u00f3w I-go jak i&nbsp;II-go stopnia kierunku In\u017cynierii Przemys\u0142u Spo\u017cywczego, In\u017cynierii Chemiczna i&nbsp;Procesowa oraz doktoranci. Ko\u0142o Naukowe Ch\u0142odnictwa zajmuje si\u0119 problematyk\u0105 ch\u0142odnictwa, klimatyzacji, kriogeniki i&nbsp;energetyki. Istotnym elementem dzia\u0142alno\u015bci Ko\u0142a jest inicjowanie i\u00a0wspomaganie integracji student\u00f3w, procesu dydaktyczno-wychowawczego, a&nbsp;tak\u017ce przygotowanie do podj\u0119cia pracy zawodowej. G\u0142\u00f3wnym celem dzia\u0142alno\u015bci ko\u0142a jest pog\u0142\u0119bianie wiedzy i&nbsp;rozwijanie naukowych zainteresowa\u0144 student\u00f3w w&nbsp;dziedzinie szeroko rozumianego ch\u0142odnictwa wraz z&nbsp;jego wykorzystaniem w&nbsp;gospodarstwach domowych i&nbsp;przemy\u015ble spo\u017cywczym. Cz\u0142onkowie Ko\u0142a pod opiek\u0105 pracownik\u00f3w naukowych w\u0142\u0105czani s\u0105 w&nbsp;badania, kt\u00f3re le\u017c\u0105 w&nbsp;merytorycznym obszarze dzia\u0142alno\u015bci Katedry. Wymiernym efektem tej aktywno\u015bci jest udzia\u0142 cz\u0142onk\u00f3w Ko\u0142a w\u00a0Mi\u0119dzynarodowych Konferencjach K\u00f3\u0142 Naukowych, kt\u00f3re odbywaj\u0105 si\u0119 w&nbsp;r\u00f3\u017cnych o\u015brodkach.<\/p>\n<p style=\"text-align: left\">Aktywno\u015b\u0107 student\u00f3w nale\u017c\u0105cych do Ko\u0142a przejawia\u0142a si\u0119 tak\u017ce udzia\u0142em w&nbsp;pracach na rzecz Naszego Uniwersytetu Przyrodniczego oraz Wydzia\u0142u In\u017cynierii Produkcji przez udzia\u0142 w&nbsp;organizacji Dni Otwartych Uczelni, prezentuj\u0105c tam autorskie stoisko termowizji i&nbsp;liofilizacji. Uczestnicy ko\u0142a anga\u017cuj\u0105 si\u0119 r\u00f3wnie\u017c w&nbsp;Lubelski Festiwal Nauki czynnie bior\u0105c udzia\u0142 w&nbsp;organizacji warsztat\u00f3w np.: \u201eKuchnia molekularna w\u00a03D\u201d, \u201eLiofilizacja .jako recepta na \u017cywno\u015b\u0107 zdrow\u0105 i&nbsp;funkcjonaln\u0105\u201d. Corocznie uczestnicy Ko\u0142a prezentuj\u0105 ofert\u0119 uczelni kierowan\u0105 do maturzyst\u00f3w podczas zorganizowanych wyjazd\u00f3w do szk\u00f3\u0142 \u015brednich w&nbsp;ramach preorientacji lub organizowaniu na uczelni warsztat\u00f3w i&nbsp;zaj\u0119\u0107 pokazowych dla klas maturalnych.<\/p>\n<p><img loading=\"lazy\" class=\"alignnone  wp-image-146784\" src=\"https:\/\/up.lublin.pl\/wip\/wp-content\/uploads\/sites\/7\/2022\/03\/CH1.jpg\" alt=\"\" width=\"375\" height=\"282\" \/> <img loading=\"lazy\" class=\"alignnone  wp-image-146788\" src=\"https:\/\/up.lublin.pl\/wip\/wp-content\/uploads\/sites\/7\/2022\/03\/CH2.jpg\" alt=\"\" width=\"373\" height=\"281\" \/><\/p>\n\t\t\t<\/div>\r\n\t\t<\/div>\r\n\t<\/div>\r\n<\/section>\r\n\t\t<\/div>\n\t\t\t\t<\/div>\n\t\t\t\t\t\t<\/div>\n\t\t\t\t\t<\/div>\n\t\t<\/div>\n\t\t\t\t\t\t\t\t<\/div>\n\t\t\t\t\t<\/div>\n\t\t<\/section>\n\t\t\t\t\t\t<\/div>\n\t\t\t\t\t\t<\/div>\n\t\t\t\t\t<\/div>\n\t\t","protected":false},"excerpt":{"rendered":"<p>STUDENCKIE KO\u0141O NAUKOWE CH\u0141ODNICTWA Opiekun: dr in\u017c. Marek Domin Studenckie Naukowe Ko\u0142o Ch\u0142odnictwa powsta\u0142o w&nbsp;1996 roku przy Zak\u0142adzie In\u017cynierii Ch\u0142odnictwa z&nbsp;inicjatywy prof. dr hab. Franciszka Kluzy oraz student\u00f3w specjalno\u015bci Technika Rolno-Spo\u017cywcza i In\u017cynieria \u017bywno\u015bci. Dnia 3 stycznia 1997 roku Ko\u0142o zosta\u0142o wpisane do rejestru k\u00f3\u0142 naukowych Akademii Rolniczej. Obecnie opiekunem ko\u0142a jest dr in\u017c. Marek [&hellip;]<\/p>\n","protected":false},"author":262,"featured_media":0,"parent":142316,"menu_order":0,"comment_status":"closed","ping_status":"closed","template":"","meta":{"_monsterinsights_skip_tracking":false,"_monsterinsights_sitenote_active":false,"_monsterinsights_sitenote_note":"","_monsterinsights_sitenote_category":0},"_links":{"self":[{"href":"https:\/\/up.lublin.pl\/wip\/wp-json\/wp\/v2\/pages\/146782"}],"collection":[{"href":"https:\/\/up.lublin.pl\/wip\/wp-json\/wp\/v2\/pages"}],"about":[{"href":"https:\/\/up.lublin.pl\/wip\/wp-json\/wp\/v2\/types\/page"}],"author":[{"embeddable":true,"href":"https:\/\/up.lublin.pl\/wip\/wp-json\/wp\/v2\/users\/262"}],"replies":[{"embeddable":true,"href":"https:\/\/up.lublin.pl\/wip\/wp-json\/wp\/v2\/comments?post=146782"}],"version-history":[{"count":4,"href":"https:\/\/up.lublin.pl\/wip\/wp-json\/wp\/v2\/pages\/146782\/revisions"}],"predecessor-version":[{"id":146794,"href":"https:\/\/up.lublin.pl\/wip\/wp-json\/wp\/v2\/pages\/146782\/revisions\/146794"}],"up":[{"embeddable":true,"href":"https:\/\/up.lublin.pl\/wip\/wp-json\/wp\/v2\/pages\/142316"}],"wp:attachment":[{"href":"https:\/\/up.lublin.pl\/wip\/wp-json\/wp\/v2\/media?parent=146782"}],"curies":[{"name":"wp","href":"https:\/\/api.w.org\/{rel}","templated":true}]}}