{"id":146769,"date":"2022-03-03T11:41:00","date_gmt":"2022-03-03T10:41:00","guid":{"rendered":"https:\/\/up.lublin.pl\/wip\/?page_id=146769"},"modified":"2026-01-17T09:59:53","modified_gmt":"2026-01-17T08:59:53","slug":"skn-inzynierii-spozywczej","status":"publish","type":"page","link":"https:\/\/up.lublin.pl\/wip\/kola-naukowe\/skn-inzynierii-spozywczej\/","title":{"rendered":"SKN IN\u017bYNIERII SPO\u017bYWCZEJ"},"content":{"rendered":"\t\t<div data-elementor-type=\"wp-page\" data-elementor-id=\"146769\" class=\"elementor elementor-146769\" data-elementor-settings=\"[]\">\n\t\t\t\t\t\t<div class=\"elementor-inner\">\n\t\t\t\t\t\t\t<div class=\"elementor-section-wrap\">\n\t\t\t\t\t\t\t<section class=\"elementor-section elementor-top-section elementor-element elementor-element-ee6349d elementor-section-boxed elementor-section-height-default elementor-section-height-default\" data-id=\"ee6349d\" data-element_type=\"section\">\n\t\t\t\t\t\t<div class=\"elementor-container elementor-column-gap-default\">\n\t\t\t\t\t\t\t<div class=\"elementor-row\">\n\t\t\t\t\t<div class=\"elementor-column elementor-col-100 elementor-top-column elementor-element elementor-element-1f60cdb\" data-id=\"1f60cdb\" data-element_type=\"column\">\n\t\t\t<div class=\"elementor-column-wrap elementor-element-populated\">\n\t\t\t\t\t\t\t<div class=\"elementor-widget-wrap\">\n\t\t\t\t\t\t<div class=\"elementor-element elementor-element-05c6348 elementor-widget elementor-widget-m5h\" data-id=\"05c6348\" data-element_type=\"widget\" data-widget_type=\"m5h.default\">\n\t\t\t\t<div class=\"elementor-widget-container\">\n\t\t\t<section class=\"mn-m5-h mn-bg-green\">\r\n\t<div class=\"mn-grid\">\r\n\t\t<div class=\"mn-content mn-grid-12\">\r\n\t\t\t<div class=\"mn-lead\">\r\n\t\t\t\t<p style=\"text-align: center\"><strong>KO\u0141O NAUKOWE IN\u017bYNIERII SPO\u017bYWCZEJ<\/strong><\/p>\n<p style=\"text-align: center\"><strong>Opiekun: dr hab. in\u017c. Maciej Combrzy\u0144ski prof. uczelni<\/strong><\/p>\n<p>Ko\u0142o Naukowe In\u017cynierii Spo\u017cywczej dzia\u0142a od 1996 roku przy Katedrze In\u017cynierii Procesowej na Wydziale In\u017cynierii Produkcji UP w&nbsp;Lublinie. Celem dzia\u0142alno\u015bci KNIS jest poszerzanie zainteresowa\u0144 student\u00f3w i&nbsp;rozw\u00f3j ich umiej\u0119tno\u015bci w&nbsp;zakresie prowadzenia bada\u0144 naukowych dotycz\u0105cych r\u00f3\u017cnych zagadnie\u0144 zwi\u0105zanych z&nbsp;in\u017cynieri\u0105 przetw\u00f3rstwa spo\u017cywczego. Do najwa\u017cniejszych kierunk\u00f3w bada\u0144 naukowych realizowanych z&nbsp;udzia\u0142em zainteresowanych student\u00f3w mo\u017cna zaliczy\u0107 zagadnienia dotycz\u0105ce ci\u015bnieniowo-termicznej obr\u00f3bki surowc\u00f3w ro\u015blinnych na cele spo\u017cywcze i&nbsp;paszowe, a&nbsp;w szczeg\u00f3lno\u015bci z&nbsp;zastosowaniem techniki ekstruzji; wytwarzania \u017cywno\u015bci wygodnej wzbogacanej dodatkami prozdrowotnymi; w\u0142a\u015bciwo\u015bci fizykochemicznych i&nbsp;funkcjonalnych ekstrudat\u00f3w; in\u017cynierii procesu ekstruzji; in\u017cynierii biopolimer\u00f3w skrobiowych; modyfikacji skrobi metod\u0105 ekstruzji; opracowywania technologii wytwarzania ekstrudat\u00f3w spo\u017cywczych i&nbsp;paszowych; wytwarzania i&nbsp;badania skrobi modyfikowanych dla cel\u00f3w rolno-spo\u017cywczych i&nbsp;przemys\u0142owych; wytwarzania i&nbsp;badania skrobi termoplastycznych do cel\u00f3w opakowalnictwa; wytwarzania i&nbsp;badania form gi\u0119tkich opakowa\u0144 ze skrobi termoplastycznej kszta\u0142towanych technik\u0105 wyt\u0142aczania z&nbsp;rozdmuchem; badania cech wytrzyma\u0142o\u015bciowych materia\u0142\u00f3w opakowaniowych.<\/p>\n<p><img loading=\"lazy\" class=\"alignnone wp-image-146770\" src=\"https:\/\/up.lublin.pl\/wip\/wp-content\/uploads\/sites\/7\/2022\/03\/is2.jpg\" alt=\"\" width=\"455\" height=\"256\" \/> <img loading=\"lazy\" class=\"alignnone wp-image-146774\" src=\"https:\/\/up.lublin.pl\/wip\/wp-content\/uploads\/sites\/7\/2022\/03\/is-1.png\" alt=\"\" width=\"382\" height=\"254\" \/><\/p>\n<p>Studenci z&nbsp;Ko\u0142a Naukowego In\u017cynierii Spo\u017cywczej w&nbsp;okresie od 07.04.2022 do\u00a0 06.10.2023 uczestniczyli w&nbsp;realizacji projektu badawczego pt.: \u201eTechniczne i&nbsp;technologiczne aspekty produkcji wzbogacanych bezglutenowych przek\u0105sek ekstrudowanych\u201d w&nbsp;ramach programu realizowanego przez Ministerstwo Edukacji i&nbsp;Nauki (numer umowy SKN\/SP\/534982\/2022), dofinansowanego ze \u015brodk\u00f3w bud\u017cetu pa\u0144stwa w&nbsp;drodze konkursu og\u0142oszonego w&nbsp;dniu 21 wrze\u015bnia 2021 r. przez Ministra Edukacji i&nbsp;Nauki i&nbsp;w ramach programu \u201eSTUDENCKIE KO\u0141A NAUKOWE TWORZ\u0104 INNOWACJE\u201d, ustanowionego na podstawie art. 376 ust. 1 i&nbsp;ust. 2 pkt 1 ustawy z&nbsp;dnia 20 lipca 2018 r. \u2013 Prawo o&nbsp;szkolnictwie wy\u017cszym i&nbsp;nauce (Dz. U. z&nbsp;2021 r. poz. 478, 619, 1630, 2141 i&nbsp;2232).<\/p>\n<p>Przedmiotem projektu by\u0142o opracowanie za\u0142o\u017ce\u0144 technicznych i&nbsp;technologicznych do wytwarzania bezglutenowych przek\u0105sek wzbogacanych dodatkiem r\u00f3\u017cnych owoc\u00f3w, o&nbsp;podwy\u017cszonej warto\u015bci od\u017cywczej.<\/p>\n<p><img loading=\"lazy\" class=\"wp-image-149920 alignleft\" src=\"https:\/\/up.lublin.pl\/wip\/wp-content\/uploads\/sites\/7\/2022\/09\/sknis-5.jpg\" alt=\"\" width=\"350\" height=\"467\" \/><\/p>\n<p style=\"text-align: left\">Celem prac badawczych by\u0142o wytworzenie nowych produkt\u00f3w przek\u0105skowych oraz\u00a0 przeprowadzenie bada\u0144 cech fizykochemicznych surowc\u00f3w i&nbsp;wzbogacanych przek\u0105sek w&nbsp;zale\u017cno\u015bci od zastosowanych receptur i&nbsp;warunk\u00f3w obr\u00f3bki technologicznej umo\u017cliwiaj\u0105ce opracowanie i&nbsp;wytworzenie nowych prozdrowotnych i&nbsp;funkcjonalnych przek\u0105sek z&nbsp;surowc\u00f3w ro\u015blinnych z&nbsp;r\u00f3\u017cnym udzia\u0142em wybranych owoc\u00f3w. Wprowadzaj\u0105c owoce do receptur produkt\u00f3w przek\u0105skowych mo\u017cemy kreowa\u0107 ich unikatowe cechy jako\u015bciowe, wp\u0142ywa\u0107 na popraw\u0119 kondycji organizmu i&nbsp;nadawa\u0107 specyficzne w\u0142a\u015bciwo\u015bci \u017cywieniowe, stanowi\u0105ce o&nbsp;zaletach \u017cywno\u015bci prozdrowotnej czy funkcjonalnej.<\/p>\n<p style=\"text-align: left\">Przedmiot projektu by\u0142 zgodny z&nbsp;zakresem krajowych inteligentnych specjalizacji dotycz\u0105cych produkcji \u017cywno\u015bci wysokiej jako\u015bci i&nbsp;uwzgl\u0119dnia opracowanie innowacyjnych produkt\u00f3w pod wzgl\u0119dem sk\u0142adu, warto\u015bci od\u017cywczej oraz biodost\u0119pno\u015bci sk\u0142adnik\u00f3w, doskonalenie istniej\u0105cych oraz wprowadzanie nowych, innowacyjnych technologii produkcji i&nbsp;przetw\u00f3rstwa \u017cywno\u015bci oraz dzia\u0142ania zmierzaj\u0105ce do minimalizacji stopnia przetworzenia \u017cywno\u015bci oraz mo\u017cliwie pe\u0142nego zachowania sk\u0142adnik\u00f3w od\u017cywczych i&nbsp;korzystnych substancji bioaktywnych, a&nbsp;tak\u017ce dzia\u0142ania zmierzaj\u0105ce do maksymalizacji udzia\u0142u naturalnych surowc\u00f3w i&nbsp;ograniczenia stosowania dodatk\u00f3w do \u017cywno\u015bci.<\/p>\n<p style=\"text-align: left\">Zaplanowane prace badawcze pozwoli\u0142y na zwi\u0119kszenie wiedzy w&nbsp;obszarach traktowanych za priorytetowe dla rozwoju polskiej nauki i&nbsp;gospodarki, tj. w&nbsp;zakresie zwi\u0119kszania jako\u015bci produkt\u00f3w spo\u017cywczych i&nbsp;podnoszenia konkurencyjno\u015bci oraz efektywno\u015bci sektora spo\u017cywczego. Realizacja projektu pozwoli\u0142a na zaproponowanie gotowych rozwi\u0105za\u0144 na nowe produkty i&nbsp;mo\u017ce by\u0107 skierowana do potencjalnych firm zainteresowanych rezultatami zaplanowanych prac badawczych.<\/p>\n<p style=\"text-align: left\">Cele szczeg\u00f3\u0142owe projektu obejmowa\u0142y:<\/p>\n<p style=\"text-align: left\">&#8211; opracowanie receptur surowcowych nowych bezglutenowych produkt\u00f3w przek\u0105skowych z&nbsp;dodatkami owocowymi podwy\u017cszaj\u0105cymi ich warto\u015b\u0107 \u017cywieniow\u0105 i&nbsp;nadaj\u0105cymi atrakcyjno\u015b\u0107 sensoryczn\u0105;<\/p>\n<p style=\"text-align: left\">&#8211; przeprowadzenie procesu wytwarzania ekstrudat\u00f3w przek\u0105skowych z&nbsp;zastosowaniem zmiennych warunk\u00f3w procesu ekstruzji do uzyskania bezpo\u015brednio ekspandowanych przek\u0105sek bezglutenowych oraz analiza stabilno\u015bci i&nbsp;energoch\u0142onno\u015bci w&nbsp;zale\u017cno\u015bci od zastosowanych warunk\u00f3w procesu oraz u\u017cytych komponent\u00f3w;<\/p>\n<p style=\"text-align: left\">&#8211; badania laboratoryjne dotycz\u0105ce wybranych cech fizykochemicznych wytworzonych w&nbsp;r\u00f3\u017cnych warunkach procesowych produkt\u00f3w przek\u0105skowych w&nbsp;celu zweryfikowania wp\u0142ywu surowc\u00f3w i&nbsp;dodatk\u00f3w oraz warunk\u00f3w ekstruzji na cechy wyrob\u00f3w gotowych do spo\u017cycia;<\/p>\n<p style=\"text-align: left\">&#8211; analiz\u0119 uzyskanych rezultat\u00f3w pod k\u0105tem optymalizacji warunk\u00f3w wytwarzania dla konkretnych receptur i&nbsp;opracowanie zalece\u0144 techniczno-technologicznych na potrzeby rozwoju produkt\u00f3w i&nbsp;technologii w&nbsp;celu przygotowania rezultat\u00f3w projektu do ewentualnego wdro\u017cenia opracowanych rozwi\u0105za\u0144 na rynek.<\/p>\n<p>Pierwsze efekty prac badawczych zaprezentowane zosta\u0142y podczas Pikniku Naukowego w&nbsp;ramach XVIII Lubelskiego Festiwalu Nauki odbywaj\u0105cego si\u0119 11 wrze\u015bnia 2022 w&nbsp;ramach projektu piknikowego pt. \u201eSmacznie, zdrowo, kolorowo \u2013 nowoczesne przek\u0105ski zbo\u017cowo-owocowe\u201d. Wyniki prac badawczych by\u0142y prezentowane na konferencjach naukowych (2022, 2023 &#8211; Innowacje w&nbsp;praktyce, 2023 &#8211; XXVII MI\u0118DZYNARODOWA\u00a0 KONFERENCJA\u00a0 SKN (XXXIX Sejmik SKN) oraz opublikowane w&nbsp;czasopismach naukowych (<a href=\"https:\/\/doi.org\/10.3390\/app131910678\">https:\/\/doi.org\/10.3390\/app131910678<\/a>; <a href=\"https:\/\/doi.org\/10.2478\/agriceng-2024-0007\">https:\/\/doi.org\/10.2478\/agriceng-2024-0007<\/a>). \u00a0<\/p>\n<table style=\"border-collapse: collapse;width: 100%\">\n<tbody>\n<tr>\n<td style=\"width: 50%\"><span style=\"color: #ffffff\">Lubelski Festiwal Nauki 2022<\/span><\/td>\n<td style=\"width: 50%\">\u00a0<\/td>\n<\/tr>\n<tr>\n<td style=\"width: 50%\"><img loading=\"lazy\" class=\"aligncenter wp-image-149909\" src=\"https:\/\/up.lublin.pl\/wip\/wp-content\/uploads\/sites\/7\/2022\/09\/sknis-3-1.jpg\" alt=\"\" width=\"250\" height=\"333\" \/><\/td>\n<td style=\"width: 50%\"><img loading=\"lazy\" class=\"aligncenter wp-image-149901\" src=\"https:\/\/up.lublin.pl\/wip\/wp-content\/uploads\/sites\/7\/2022\/09\/sknis-1-1.jpg\" alt=\"\" width=\"250\" height=\"333\" \/><\/td>\n<\/tr>\n<tr>\n<td style=\"width: 50%\"><img loading=\"lazy\" class=\"aligncenter wp-image-149913\" src=\"https:\/\/up.lublin.pl\/wip\/wp-content\/uploads\/sites\/7\/2022\/09\/sknis-4-1.jpg\" alt=\"\" width=\"250\" height=\"333\" \/><\/td>\n<td style=\"width: 50%\"><img loading=\"lazy\" class=\"aligncenter wp-image-149905\" src=\"https:\/\/up.lublin.pl\/wip\/wp-content\/uploads\/sites\/7\/2022\/09\/sknis-2-1.jpg\" alt=\"\" width=\"250\" height=\"333\" \/><\/td>\n<\/tr>\n<tr>\n<td style=\"width: 50%\"><span style=\"color: #ffffff\">Konferencja Innowacje w&nbsp;praktyce 2022<\/span><\/td>\n<td style=\"width: 50%\">\u00a0<\/td>\n<\/tr>\n<tr>\n<td style=\"width: 50%\"><img loading=\"lazy\" class=\"aligncenter wp-image-172739\" src=\"https:\/\/up.lublin.pl\/wip\/wp-content\/uploads\/sites\/7\/2025\/11\/innowacje-2022_1.jpg\" alt=\"\" width=\"444\" height=\"333\" \/><\/td>\n<td style=\"width: 50%\"><img loading=\"lazy\" class=\"aligncenter wp-image-172743\" src=\"https:\/\/up.lublin.pl\/wip\/wp-content\/uploads\/sites\/7\/2025\/11\/innowacje-2022_2.jpg\" alt=\"\" width=\"250\" height=\"333\" \/><\/td>\n<\/tr>\n<tr>\n<td style=\"width: 50%\"><span style=\"color: #ffffff\">Konferencja Innowacje w&nbsp;praktyce 2023<\/span><\/td>\n<td style=\"width: 50%\">\u00a0<\/td>\n<\/tr>\n<tr>\n<td style=\"width: 50%\"><img loading=\"lazy\" class=\"aligncenter wp-image-172747\" src=\"https:\/\/up.lublin.pl\/wip\/wp-content\/uploads\/sites\/7\/2025\/11\/innowacje-2023_1.jpg\" alt=\"\" width=\"444\" height=\"250\" \/><\/td>\n<td style=\"width: 50%\"><img loading=\"lazy\" class=\"aligncenter wp-image-172751\" src=\"https:\/\/up.lublin.pl\/wip\/wp-content\/uploads\/sites\/7\/2025\/11\/innowacje-2023_2.jpg\" alt=\"\" width=\"444\" height=\"250\" \/><\/td>\n<\/tr>\n<\/tbody>\n<\/table>\n<p style=\"text-align: left\">Studenci z&nbsp;KNIS prezentowali r\u00f3wnie\u017c otrzymane przek\u0105ski w&nbsp;ramach Dni Otwartych UP w&nbsp;roku 2022, 2023, 2024, za\u015b w&nbsp;roku 2025 opracowali i&nbsp;zaprezentowali nowe smaki i&nbsp;kszta\u0142ty zach\u0119caj\u0105c m\u0142odzie\u017c do studiowania na WIP i&nbsp;w\u0142\u0105czenia si\u0119 w&nbsp;prace Ko\u0142a Naukowego In\u017cynierii Spo\u017cywczej.<\/p>\n<table style=\"border-collapse: collapse;width: 100%;height: 1444px\">\n<tbody>\n<tr style=\"height: 1444px\">\n<td style=\"width: 100%;height: 1444px\">\n<p><span style=\"color: #ffffff\">Dzie\u0144 Otwarty UP 2023<\/span><\/p>\n<table style=\"border-collapse: collapse;width: 100%\">\n<tbody>\n<tr>\n<td style=\"width: 50%\"><img loading=\"lazy\" class=\"wp-image-172755 aligncenter\" src=\"https:\/\/up.lublin.pl\/wip\/wp-content\/uploads\/sites\/7\/2025\/11\/dzien-otwarty-2023_1.jpg\" alt=\"\" width=\"444\" height=\"250\" \/><\/td>\n<td style=\"width: 50%\"><img loading=\"lazy\" class=\"wp-image-172759 aligncenter\" src=\"https:\/\/up.lublin.pl\/wip\/wp-content\/uploads\/sites\/7\/2025\/11\/dzien-otwarty-2023_2.jpg\" alt=\"\" width=\"444\" height=\"250\" \/><\/td>\n<\/tr>\n<tr>\n<td style=\"width: 50%\"><img loading=\"lazy\" class=\"aligncenter wp-image-172763\" src=\"https:\/\/up.lublin.pl\/wip\/wp-content\/uploads\/sites\/7\/2025\/11\/dzien-otwarty-2023_3.jpg\" alt=\"\" width=\"444\" height=\"250\" \/><\/td>\n<td style=\"width: 50%\"><img loading=\"lazy\" class=\"aligncenter wp-image-172767\" src=\"https:\/\/up.lublin.pl\/wip\/wp-content\/uploads\/sites\/7\/2025\/11\/dzien-otwarty-2023_4.jpg\" alt=\"\" width=\"444\" height=\"250\" \/><\/td>\n<\/tr>\n<\/tbody>\n<\/table>\n<p><span style=\"color: #ffffff\">Dzie\u0144 Otwarty UP 2024<\/span><\/p>\n<table style=\"border-collapse: collapse;width: 100%\">\n<tbody>\n<tr>\n<td style=\"width: 50%\"><img loading=\"lazy\" class=\"aligncenter wp-image-172771\" src=\"https:\/\/up.lublin.pl\/wip\/wp-content\/uploads\/sites\/7\/2025\/11\/dzien-otwarty-2024_1.jpg\" alt=\"\" width=\"444\" height=\"296\" \/><\/td>\n<td style=\"width: 50%\"><img loading=\"lazy\" class=\"aligncenter wp-image-172775\" src=\"https:\/\/up.lublin.pl\/wip\/wp-content\/uploads\/sites\/7\/2025\/11\/dzien-otwarty-2024_2.jpg\" alt=\"\" width=\"444\" height=\"296\" \/><\/td>\n<\/tr>\n<tr>\n<td style=\"width: 50%\"><img loading=\"lazy\" class=\"aligncenter wp-image-172779\" src=\"https:\/\/up.lublin.pl\/wip\/wp-content\/uploads\/sites\/7\/2025\/11\/dzien-otwarty-2024_3.jpg\" alt=\"\" width=\"444\" height=\"296\" \/><\/td>\n<td style=\"width: 50%\">\u00a0<\/td>\n<\/tr>\n<\/tbody>\n<\/table>\n<p><span style=\"color: #ffffff\"><span style=\"color: #ffffff\">Dzie\u0144 Otwarty UP 2025<\/span><\/span><\/p>\n<table style=\"border-collapse: collapse;width: 100.335%;height: 630px\">\n<tbody>\n<tr style=\"height: 445px\">\n<td style=\"width: 50.1678%;height: 445px\"><img loading=\"lazy\" class=\"aligncenter wp-image-172783\" src=\"https:\/\/up.lublin.pl\/wip\/wp-content\/uploads\/sites\/7\/2025\/11\/dzien-otwarty-2025_1.jpg\" alt=\"\" width=\"250\" height=\"444\" \/><\/td>\n<td style=\"width: 49.8322%;height: 445px\"><img loading=\"lazy\" class=\"aligncenter wp-image-172787\" src=\"https:\/\/up.lublin.pl\/wip\/wp-content\/uploads\/sites\/7\/2025\/11\/dzien-otwarty-2025_2.jpg\" alt=\"\" width=\"250\" height=\"445\" \/><\/td>\n<\/tr>\n<tr style=\"height: 185px\">\n<td style=\"width: 50.1678%;height: 185px;border-style: none\"><img loading=\"lazy\" class=\"aligncenter wp-image-172791\" src=\"https:\/\/up.lublin.pl\/wip\/wp-content\/uploads\/sites\/7\/2025\/11\/dzien-otwarty-2025_3.jpg\" alt=\"\" width=\"444\" height=\"250\" \/><\/td>\n<td style=\"width: 49.8322%;height: 185px\"><img loading=\"lazy\" class=\"aligncenter wp-image-172795\" src=\"https:\/\/up.lublin.pl\/wip\/wp-content\/uploads\/sites\/7\/2025\/11\/dzien-otwarty-2025_4.jpg\" alt=\"\" width=\"431\" height=\"250\" \/><\/td>\n<\/tr>\n<\/tbody>\n<\/table>\n<\/td>\n<\/tr>\n<\/tbody>\n<\/table>\n<p style=\"text-align: right\">Fotografie: Archiwum w\u0142asne<\/p>\n\t\t\t<\/div>\r\n\t\t<\/div>\r\n\t<\/div>\r\n<\/section>\r\n\t\t<\/div>\n\t\t\t\t<\/div>\n\t\t\t\t\t\t<\/div>\n\t\t\t\t\t<\/div>\n\t\t<\/div>\n\t\t\t\t\t\t\t\t<\/div>\n\t\t\t\t\t<\/div>\n\t\t<\/section>\n\t\t\t\t\t\t<\/div>\n\t\t\t\t\t\t<\/div>\n\t\t\t\t\t<\/div>\n\t\t","protected":false},"excerpt":{"rendered":"<p>KO\u0141O NAUKOWE IN\u017bYNIERII SPO\u017bYWCZEJ Opiekun: dr hab. in\u017c. Maciej Combrzy\u0144ski prof. uczelni Ko\u0142o Naukowe In\u017cynierii Spo\u017cywczej dzia\u0142a od 1996 roku przy Katedrze In\u017cynierii Procesowej na Wydziale In\u017cynierii Produkcji UP w&nbsp;Lublinie. Celem dzia\u0142alno\u015bci KNIS jest poszerzanie zainteresowa\u0144 student\u00f3w i&nbsp;rozw\u00f3j ich umiej\u0119tno\u015bci w&nbsp;zakresie prowadzenia bada\u0144 naukowych dotycz\u0105cych r\u00f3\u017cnych zagadnie\u0144 zwi\u0105zanych z&nbsp;in\u017cynieri\u0105 przetw\u00f3rstwa spo\u017cywczego. Do najwa\u017cniejszych kierunk\u00f3w bada\u0144 [&hellip;]<\/p>\n","protected":false},"author":262,"featured_media":0,"parent":142316,"menu_order":0,"comment_status":"closed","ping_status":"closed","template":"","meta":{"_monsterinsights_skip_tracking":false,"_monsterinsights_sitenote_active":false,"_monsterinsights_sitenote_note":"","_monsterinsights_sitenote_category":0},"_links":{"self":[{"href":"https:\/\/up.lublin.pl\/wip\/wp-json\/wp\/v2\/pages\/146769"}],"collection":[{"href":"https:\/\/up.lublin.pl\/wip\/wp-json\/wp\/v2\/pages"}],"about":[{"href":"https:\/\/up.lublin.pl\/wip\/wp-json\/wp\/v2\/types\/page"}],"author":[{"embeddable":true,"href":"https:\/\/up.lublin.pl\/wip\/wp-json\/wp\/v2\/users\/262"}],"replies":[{"embeddable":true,"href":"https:\/\/up.lublin.pl\/wip\/wp-json\/wp\/v2\/comments?post=146769"}],"version-history":[{"count":18,"href":"https:\/\/up.lublin.pl\/wip\/wp-json\/wp\/v2\/pages\/146769\/revisions"}],"predecessor-version":[{"id":173649,"href":"https:\/\/up.lublin.pl\/wip\/wp-json\/wp\/v2\/pages\/146769\/revisions\/173649"}],"up":[{"embeddable":true,"href":"https:\/\/up.lublin.pl\/wip\/wp-json\/wp\/v2\/pages\/142316"}],"wp:attachment":[{"href":"https:\/\/up.lublin.pl\/wip\/wp-json\/wp\/v2\/media?parent=146769"}],"curies":[{"name":"wp","href":"https:\/\/api.w.org\/{rel}","templated":true}]}}