{"id":142381,"date":"2021-07-21T10:28:24","date_gmt":"2021-07-21T08:28:24","guid":{"rendered":"https:\/\/up.lublin.pl\/wip\/?page_id=142381"},"modified":"2022-11-03T11:59:02","modified_gmt":"2022-11-03T10:59:02","slug":"projekty-badawcze","status":"publish","type":"page","link":"https:\/\/up.lublin.pl\/wip\/projekty-badawcze\/","title":{"rendered":"Projekty badawcze"},"content":{"rendered":"\t\t<div data-elementor-type=\"wp-page\" data-elementor-id=\"142381\" class=\"elementor elementor-142381\" data-elementor-settings=\"[]\">\n\t\t\t\t\t\t<div class=\"elementor-inner\">\n\t\t\t\t\t\t\t<div class=\"elementor-section-wrap\">\n\t\t\t\t\t\t\t<section class=\"elementor-section elementor-top-section elementor-element elementor-element-f65ecba elementor-section-boxed elementor-section-height-default elementor-section-height-default\" data-id=\"f65ecba\" data-element_type=\"section\">\n\t\t\t\t\t\t<div class=\"elementor-container elementor-column-gap-default\">\n\t\t\t\t\t\t\t<div class=\"elementor-row\">\n\t\t\t\t\t<div class=\"elementor-column elementor-col-100 elementor-top-column elementor-element elementor-element-9b7df9b\" data-id=\"9b7df9b\" data-element_type=\"column\">\n\t\t\t<div class=\"elementor-column-wrap elementor-element-populated\">\n\t\t\t\t\t\t\t<div class=\"elementor-widget-wrap\">\n\t\t\t\t\t\t<div class=\"elementor-element elementor-element-f241602 elementor-widget elementor-widget-m2k\" data-id=\"f241602\" data-element_type=\"widget\" data-widget_type=\"m2k.default\">\n\t\t\t\t<div class=\"elementor-widget-container\">\n\t\t\t<section class=\"mn-m2-d mn-bg-green\">\n    <div class=\"mn-grid\">\n        <div class=\"mn-grid-12 mn-introtext\">\n                            <h3>\n                    Projekty badawcze                <\/h3>\n                        <\/div>\n    <\/div>\n    <\/section>\n\t\t<\/div>\n\t\t\t\t<\/div>\n\t\t\t\t\t\t<\/div>\n\t\t\t\t\t<\/div>\n\t\t<\/div>\n\t\t\t\t\t\t\t\t<\/div>\n\t\t\t\t\t<\/div>\n\t\t<\/section>\n\t\t\t\t<section class=\"elementor-section elementor-top-section elementor-element elementor-element-261e7b3 elementor-section-boxed elementor-section-height-default elementor-section-height-default\" data-id=\"261e7b3\" data-element_type=\"section\">\n\t\t\t\t\t\t<div class=\"elementor-container elementor-column-gap-default\">\n\t\t\t\t\t\t\t<div class=\"elementor-row\">\n\t\t\t\t\t<div class=\"elementor-column elementor-col-100 elementor-top-column elementor-element elementor-element-a773bc3\" data-id=\"a773bc3\" data-element_type=\"column\">\n\t\t\t<div class=\"elementor-column-wrap elementor-element-populated\">\n\t\t\t\t\t\t\t<div class=\"elementor-widget-wrap\">\n\t\t\t\t\t\t<div class=\"elementor-element elementor-element-ac81936 elementor-widget elementor-widget-m3e\" data-id=\"ac81936\" data-element_type=\"widget\" data-widget_type=\"m3e.default\">\n\t\t\t\t<div class=\"elementor-widget-container\">\n\t\t\t\r\n<section class=\"mn-m3-a mn-m3-e2  mn-bg-green\">\r\n    <div class=\"mn-grid\">\r\n                    <\/div>\r\n    <div class=\"mn-grid\">\r\n\t                    <div class=\"mn-item mn-grid-3\">\r\n                    <div class=\"mn-images-container\">\r\n\t                                                <img src=\"https:\/\/up.lublin.pl\/wip\/wp-content\/uploads\/sites\/7\/2022\/11\/nawa_ow.jpg\" alt=\"Udzia\u0142 w konsorcjum jako partner wspieraj\u0105cy przy realizacji projektu \u201e\u017bywno\u015b\u0107, rolnictwo, medycyna i dekontaminacja: zimna plazma i technologie inteligentne w redukcji \u015bladu \u015brodowiskowego\u201d\" \/>\r\n\t\t                                        <\/div>\r\n                                        <div class=\"mn-content\">\r\n                        <p>Udzia\u0142 w konsorcjum jako partner wspieraj\u0105cy przy realizacji projektu \u201e\u017bywno\u015b\u0107, rolnictwo, medycyna i dekontaminacja: zimna plazma i technologie inteligentne w redukcji \u015bladu \u015brodowiskowego\u201d<\/p>\r\n                    <\/div>\r\n                    <a href=\"https:\/\/up.lublin.pl\/wip\/udzial-w-konsorcjum-jako-partner-wspierajacy-przy-realizacji-projektu-zywnosc-rolnictwo-medycyna-i-dekontaminacja-zimna-plazma-i-technologie-inteligentne-w-redukcji-sladu-srodowiskowego\/\" class=\"mn-more\">Zobacz wi\u0119cej<\/a>\r\n                <\/div>\r\n\t\t\t                    <div class=\"mn-item mn-grid-3\">\r\n                    <div class=\"mn-images-container\">\r\n\t                                                <img src=\"https:\/\/up.lublin.pl\/wip\/wp-content\/uploads\/sites\/7\/2023\/08\/mein_ow-1.jpg\" alt=\"Opis projektu: \u201cMikroskop FTIR\u201d\" \/>\r\n\t\t                                        <\/div>\r\n                                        <div class=\"mn-content\">\r\n                        <p>Opis projektu: \u201cMikroskop FTIR\u201d<\/p>\r\n                    <\/div>\r\n                    <a href=\"https:\/\/up.lublin.pl\/wip\/opis-projektu-mikroskop-ftir\/\" class=\"mn-more\">Zobacz wi\u0119cej<\/a>\r\n                <\/div>\r\n\t\t\t                    <div class=\"mn-item mn-grid-3\">\r\n                    <div class=\"mn-images-container\">\r\n\t                                                <img src=\"https:\/\/up.lublin.pl\/wip\/wp-content\/uploads\/sites\/7\/2023\/08\/mein_ow-1.jpg\" alt=\"Realizacja projektu \u201cSpektrofotometr fluorescencji rentgenowskiej z rozproszeniem energii\u201d\" \/>\r\n\t\t                                        <\/div>\r\n                                        <div class=\"mn-content\">\r\n                        <p>Realizacja projektu \u201cSpektrofotometr fluorescencji rentgenowskiej z rozproszeniem energii\u201d<\/p>\r\n                    <\/div>\r\n                    <a href=\"https:\/\/up.lublin.pl\/wip\/realizacja-projektu-finansowanego-ze-srodkow-budzetu-panstwa-przyznanego-przez-ministra-edukacji-i-nauki-w-ramach-dotacji-celowej-na-realizacje-inwestycji-zwiazanej-z-dzialalnoscia-naukowa-na-zakup-a\/\" class=\"mn-more\">Zobacz wi\u0119cej<\/a>\r\n                <\/div>\r\n\t\t\t                    <div class=\"mn-item mn-grid-3\">\r\n                    <div class=\"mn-images-container\">\r\n\t                                                <img src=\"https:\/\/up.lublin.pl\/wip\/wp-content\/uploads\/sites\/7\/2023\/08\/mein_ow-1.jpg\" alt=\"Opis projektu: 'System do monitorowania i automatycznej identyfikacji drobnoustroj\u00f3w w produkcji nowej \u017cywno\u015bci'\" \/>\r\n\t\t                                        <\/div>\r\n                                        <div class=\"mn-content\">\r\n                        <p>Opis projektu: \"System do monitorowania i automatycznej identyfikacji drobnoustroj\u00f3w w produkcji nowej \u017cywno\u015bci\"<\/p>\r\n                    <\/div>\r\n                    <a href=\"https:\/\/up.lublin.pl\/wip\/opis-projektu-system-do-monitorowania-i-automatycznej-identyfikacji-drobnoustrojow-w-produkcji-nowej-zywnosci\/\" class=\"mn-more\">Zobacz wi\u0119cej<\/a>\r\n                <\/div>\r\n\t\t\t                    <div class=\"mn-item mn-grid-3\">\r\n                    <div class=\"mn-images-container\">\r\n\t                                                <img src=\"https:\/\/up.lublin.pl\/wip\/wp-content\/uploads\/sites\/7\/2023\/08\/mein_ow-1.jpg\" alt=\"Trzy dotacje celowe przyznane przez Ministra Edukacji i\u00a0Nauki dla Wydzia\u0142u In\u017cynierii Produkcji\" \/>\r\n\t\t                                        <\/div>\r\n                                        <div class=\"mn-content\">\r\n                        <p>Trzy dotacje celowe przyznane przez Ministra Edukacji i\u00a0Nauki dla Wydzia\u0142u In\u017cynierii Produkcji<\/p>\r\n                    <\/div>\r\n                    <a href=\"https:\/\/up.lublin.pl\/wip\/system-do-monitorowania-i-automatycznej-identyfikacji-drobnoustrojow-w-produkcji-nowej-zywnosci\/\" class=\"mn-more\">Zobacz wi\u0119cej<\/a>\r\n                <\/div>\r\n\t\t\t                    <div class=\"mn-item mn-grid-3\">\r\n                    <div class=\"mn-images-container\">\r\n\t                                                <img src=\"https:\/\/up.lublin.pl\/wip\/wp-content\/uploads\/sites\/7\/2022\/11\/nawa_ow.jpg\" alt=\"Projekt: Kluczowe, d\u0142ugofalowe wsp\u00f3\u0142dzia\u0142ania dla opracowania innowacyjnego, ekologicznego podej\u015bcia w produkcji biostymulator\u00f3w\" \/>\r\n\t\t                                        <\/div>\r\n                                        <div class=\"mn-content\">\r\n                        <p>Projekt: Kluczowe, d\u0142ugofalowe wsp\u00f3\u0142dzia\u0142ania dla opracowania innowacyjnego, ekologicznego podej\u015bcia w produkcji biostymulator\u00f3w<\/p>\r\n                    <\/div>\r\n                    <a href=\"https:\/\/up.lublin.pl\/wip\/projekt-kluczowe-dlugofalowe-wspoldzialania-dla-opracowania-innowacyjnego-ekologicznego-podejscia-w-produkcji-biostymulatorow\/\" class=\"mn-more\">Zobacz wi\u0119cej<\/a>\r\n                <\/div>\r\n\t\t\t                    <div class=\"mn-item mn-grid-3\">\r\n                    <div class=\"mn-images-container\">\r\n\t                                                <img src=\"https:\/\/up.lublin.pl\/wip\/wp-content\/uploads\/sites\/7\/2022\/11\/soja_projekt_ow.jpg\" alt=\"NAWA: Program: Wsp\u00f3lne Projekty Badawcze. Wymiana bilateralna pomi\u0119dzy Polsk\u0105 a Belgi\u0105-Waloni\u0105 2019\" \/>\r\n\t\t                                        <\/div>\r\n                                        <div class=\"mn-content\">\r\n                        <p>NAWA: Program: Wsp\u00f3lne Projekty Badawcze. Wymiana bilateralna pomi\u0119dzy Polsk\u0105 a Belgi\u0105-Waloni\u0105 2019<\/p>\r\n                    <\/div>\r\n                    <a href=\"https:\/\/up.lublin.pl\/wip\/nawa-program-wspolne-projekty-badawcze-wymiana-bilateralna-pomiedzy-polska-a-belgia-walonia-2019\/\" class=\"mn-more\">Zobacz wi\u0119cej<\/a>\r\n                <\/div>\r\n\t\t\t                    <div class=\"mn-item mn-grid-3\">\r\n                    <div class=\"mn-images-container\">\r\n\t                                                <img src=\"https:\/\/up.lublin.pl\/wip\/wp-content\/uploads\/sites\/7\/2022\/10\/konferencja_inzprod_ow.jpg\" alt=\"\u201eXXIII Og\u00f3lnopolska Konferencja Naukowa \u00abPOST\u0118P W IN\u017bYNIERII PRODUKCJI\u00bb 2023\u201d\" \/>\r\n\t\t                                        <\/div>\r\n                                        <div class=\"mn-content\">\r\n                        <p>\u201eXXIII Og\u00f3lnopolska Konferencja Naukowa \u00abPOST\u0118P W IN\u017bYNIERII PRODUKCJI\u00bb 2023\u201d<\/p>\r\n                    <\/div>\r\n                    <a href=\"https:\/\/up.lublin.pl\/wip\/xxiii-ogolnopolska-konferencja-naukowa-postep-w-inzynierii-produkcji-2023\/\" class=\"mn-more\">Zobacz wi\u0119cej<\/a>\r\n                <\/div>\r\n\t\t\t        <\/div>\r\n<\/section>\r\n\t\t<\/div>\n\t\t\t\t<\/div>\n\t\t\t\t\t\t<\/div>\n\t\t\t\t\t<\/div>\n\t\t<\/div>\n\t\t\t\t\t\t\t\t<\/div>\n\t\t\t\t\t<\/div>\n\t\t<\/section>\n\t\t\t\t\t\t<\/div>\n\t\t\t\t\t\t<\/div>\n\t\t\t\t\t<\/div>\n\t\t","protected":false},"excerpt":{"rendered":"<p>Projekty badawcze UP Wydzia\u0142 In\u017cynierii Produkcji Projekt: Kluczowe, d\u0142ugofalowe wsp\u00f3\u0142dzia\u0142ania dla opracowania innowacyjnego, ekologicznego podej\u015bcia w produkcji biostymulator\u00f3w Zobacz wi\u0119cej NAWA: Program: Wsp\u00f3lne Projekty Badawcze. Wymiana bilateralna pomi\u0119dzy Polsk\u0105 a Belgi\u0105-Waloni\u0105 2019 Zobacz wi\u0119cej \u201eXXIII Og\u00f3lnopolska Konferencja Naukowa \u00abPOST\u0118P W IN\u017bYNIERII PRODUKCJI\u00bb 2023\u201d Zobacz wi\u0119cej \u201eMikronizowany b\u0142onnik z \u0142uski owsianej jako dodatek do pieczywa wysokob\u0142onnikowego [&hellip;]<\/p>\n","protected":false},"author":248,"featured_media":0,"parent":0,"menu_order":0,"comment_status":"closed","ping_status":"closed","template":"","meta":{"_monsterinsights_skip_tracking":false,"_monsterinsights_sitenote_active":false,"_monsterinsights_sitenote_note":"","_monsterinsights_sitenote_category":0},"_links":{"self":[{"href":"https:\/\/up.lublin.pl\/wip\/wp-json\/wp\/v2\/pages\/142381"}],"collection":[{"href":"https:\/\/up.lublin.pl\/wip\/wp-json\/wp\/v2\/pages"}],"about":[{"href":"https:\/\/up.lublin.pl\/wip\/wp-json\/wp\/v2\/types\/page"}],"author":[{"embeddable":true,"href":"https:\/\/up.lublin.pl\/wip\/wp-json\/wp\/v2\/users\/248"}],"replies":[{"embeddable":true,"href":"https:\/\/up.lublin.pl\/wip\/wp-json\/wp\/v2\/comments?post=142381"}],"version-history":[{"count":50,"href":"https:\/\/up.lublin.pl\/wip\/wp-json\/wp\/v2\/pages\/142381\/revisions"}],"predecessor-version":[{"id":173768,"href":"https:\/\/up.lublin.pl\/wip\/wp-json\/wp\/v2\/pages\/142381\/revisions\/173768"}],"wp:attachment":[{"href":"https:\/\/up.lublin.pl\/wip\/wp-json\/wp\/v2\/media?parent=142381"}],"curies":[{"name":"wp","href":"https:\/\/api.w.org\/{rel}","templated":true}]}}