{"id":142316,"date":"2021-07-17T11:33:18","date_gmt":"2021-07-17T09:33:18","guid":{"rendered":"https:\/\/up.lublin.pl\/wip\/?page_id=142316"},"modified":"2026-03-11T10:44:13","modified_gmt":"2026-03-11T09:44:13","slug":"kola-naukowe","status":"publish","type":"page","link":"https:\/\/up.lublin.pl\/wip\/kola-naukowe\/","title":{"rendered":"Ko\u0142a naukowe"},"content":{"rendered":"\t\t<div data-elementor-type=\"wp-page\" data-elementor-id=\"142316\" class=\"elementor elementor-142316\" data-elementor-settings=\"[]\">\n\t\t\t\t\t\t<div class=\"elementor-inner\">\n\t\t\t\t\t\t\t<div class=\"elementor-section-wrap\">\n\t\t\t\t\t\t\t<section class=\"elementor-section elementor-top-section elementor-element elementor-element-108134d elementor-section-boxed elementor-section-height-default elementor-section-height-default\" data-id=\"108134d\" data-element_type=\"section\">\n\t\t\t\t\t\t<div class=\"elementor-container elementor-column-gap-default\">\n\t\t\t\t\t\t\t<div class=\"elementor-row\">\n\t\t\t\t\t<div class=\"elementor-column elementor-col-100 elementor-top-column elementor-element elementor-element-a624637\" data-id=\"a624637\" data-element_type=\"column\">\n\t\t\t<div class=\"elementor-column-wrap elementor-element-populated\">\n\t\t\t\t\t\t\t<div class=\"elementor-widget-wrap\">\n\t\t\t\t\t\t<div class=\"elementor-element elementor-element-0101396 elementor-widget elementor-widget-m2d\" data-id=\"0101396\" data-element_type=\"widget\" data-widget_type=\"m2d.default\">\n\t\t\t\t<div class=\"elementor-widget-container\">\n\t\t\t<section class=\"mn-m2-d mn-bg-green\">\r\n\t<div class=\"mn-grid\">\r\n\t\t<div class=\"mn-grid-3 mn-introtext\">\r\n\t\t\t\t\t\t\t<h3>\r\n\t\t\t\t\tKo\u0142a naukowe\t\t\t\t<\/h3>\r\n\t\t\t\t\t\t<\/div>\r\n\t\t\t            <div class=\"mn-grid-9 mn-image-container\">\r\n\t\t\t\t<img src=\"https:\/\/up.lublin.pl\/wip\/wp-content\/uploads\/sites\/7\/2021\/07\/IMG_2582.jpg\" alt=\"\">\r\n            <\/div>\r\n\t\t\t\t        \r\n\r\n\t<\/div>\r\n\t<\/section>\r\n\t\t<\/div>\n\t\t\t\t<\/div>\n\t\t\t\t\t\t<\/div>\n\t\t\t\t\t<\/div>\n\t\t<\/div>\n\t\t\t\t\t\t\t\t<\/div>\n\t\t\t\t\t<\/div>\n\t\t<\/section>\n\t\t\t\t<section class=\"elementor-section elementor-top-section elementor-element elementor-element-e3571da elementor-section-boxed elementor-section-height-default elementor-section-height-default\" data-id=\"e3571da\" data-element_type=\"section\">\n\t\t\t\t\t\t<div class=\"elementor-container elementor-column-gap-default\">\n\t\t\t\t\t\t\t<div class=\"elementor-row\">\n\t\t\t\t\t<div class=\"elementor-column elementor-col-100 elementor-top-column elementor-element elementor-element-8641733\" data-id=\"8641733\" data-element_type=\"column\">\n\t\t\t<div class=\"elementor-column-wrap elementor-element-populated\">\n\t\t\t\t\t\t\t<div class=\"elementor-widget-wrap\">\n\t\t\t\t\t\t<div class=\"elementor-element elementor-element-daff19c elementor-widget elementor-widget-m5h\" data-id=\"daff19c\" data-element_type=\"widget\" data-widget_type=\"m5h.default\">\n\t\t\t\t<div class=\"elementor-widget-container\">\n\t\t\t<section class=\"mn-m5-h mn-bg-white\">\r\n\t<div class=\"mn-grid\">\r\n\t\t<div class=\"mn-content mn-grid-12\">\r\n\t\t\t<div class=\"mn-lead\">\r\n\t\t\t\t<table style=\"width: 100%;height: 1042px\">\n<tbody>\n<tr style=\"height: 23px\">\n<th style=\"width: 38.3085%;height: 23px\">Ko\u0142o naukowe<\/th>\n<th style=\"width: 21.393%;height: 23px\">Opiekun<\/th>\n<th style=\"width: 38.6401%;height: 23px\">Kontakt<\/th>\n<\/tr>\n<tr style=\"height: 46px\">\n<td style=\"width: 38.3085%;height: 46px\"><span style=\"text-decoration: underline\"><a href=\"https:\/\/up.lublin.pl\/wip\/kola-naukowe\/skn-chlodnictwa\/\">SKN Ch\u0142odnictwa<\/a><\/span><\/td>\n<td style=\"width: 21.393%;height: 46px\">dr in\u017c. Marek Domin<\/td>\n<td style=\"width: 38.6401%;height: 46px\"><a href=\"mailto:marek.domin@up.edu.pl\">marek.domin@up.edu.pl<\/a><\/td>\n<\/tr>\n<tr style=\"height: 69px\">\n<td style=\"width: 38.3085%;height: 69px\"><a href=\"https:\/\/up.lublin.pl\/wip\/kola-naukowe\/skn-inzynierii-spozywczej\/\"><span style=\"text-decoration: underline\">SKN In\u017cynierii Spo\u017cywczej<\/span><\/a><\/td>\n<td style=\"width: 21.393%;height: 69px\">dr hab. in\u017c. Maciej Combrzy\u0144ski prof. uczelni<\/td>\n<td style=\"width: 38.6401%;height: 69px\"><a href=\"mailto:maciej.combrzynski@up.edu.pl\">maciej.combrzynski@up.edu.pl<\/a><\/td>\n<\/tr>\n<tr style=\"height: 69px\">\n<td style=\"width: 38.3085%;height: 69px\"><a href=\"https:\/\/up.lublin.pl\/wip\/kola-naukowe\/kolo-naukowe-motoryzacji-rolnictwa\/\"><span style=\"text-decoration: underline\">SKN Motoryzacji Rolnictwa<\/span><\/a><\/td>\n<td style=\"width: 21.393%;height: 69px\">dr in\u017c. Krzysztof Plizga<\/td>\n<td style=\"width: 38.6401%;height: 69px\"><a href=\"mailto:krzysztof.plizga@up.edu.pl\">krzysztof.plizga@up.edu.pl<\/a><\/td>\n<\/tr>\n<tr style=\"height: 115px\">\n<td style=\"width: 38.3085%;height: 115px\"><a href=\"https:\/\/up.lublin.pl\/wip\/studenckie-kolo-naukowe-eksploatacji-i-zarzadzania-w-technice-rolniczej\/\"><span style=\"text-decoration: underline\">SKN Eksploatacji i&nbsp;Zarz\u0105dzania w&nbsp;Technice Rolniczej<\/span><\/a><\/td>\n<td style=\"width: 21.393%;height: 115px\">dr in\u017c. Artur Przywara<\/td>\n<td style=\"width: 38.6401%;height: 115px\"><a href=\"mailto:artur.przywara@up.edu.pl\">artur.przywara@up.edu.pl<\/a><\/td>\n<\/tr>\n<tr style=\"height: 92px\">\n<td style=\"width: 38.3085%;height: 92px\"><a href=\"https:\/\/up.lublin.pl\/wip\/kola-naukowe\/studenckie-kolo-naukowe-komputerowego-wspomagania-projektowania-cad\/\"><span style=\"text-decoration: underline\">SKN Komputerowego Wspomagania Projektowania &#8211; CAD<\/span><\/a><\/td>\n<td style=\"width: 21.393%;height: 92px\">dr hab. Zbigniew Krzysiak prof. uczelni<\/td>\n<td style=\"width: 38.6401%;height: 92px\"><a href=\"mailto:zbigniew.krzysiak@up.edu.pl\">zbigniew.krzysiak@up.edu.pl<\/a><\/td>\n<\/tr>\n<tr style=\"height: 92px\">\n<td style=\"width: 38.3085%;height: 92px\"><a href=\"https:\/\/up.lublin.pl\/wip\/kola-naukowe\/skn-ekoenergetykow\/\"><span style=\"text-decoration: underline\">SKN Ekoenergetyk\u00f3w<\/span><\/a><\/td>\n<td style=\"width: 21.393%;height: 92px\">dr hab. in\u017c. Magdalena Kachel prof. uczelni<\/td>\n<td style=\"width: 38.6401%;height: 92px\"><a href=\"mailto:magdalena.kachel@up.edu.pl\">magdalena.kachel@up.edu.pl<\/a><\/td>\n<\/tr>\n<tr style=\"height: 69px\">\n<td style=\"width: 38.3085%;height: 69px\"><a href=\"https:\/\/up.lublin.pl\/wip\/kola-naukowe\/geodezyjne-kolo-naukowe-equator\/\"><span style=\"text-decoration: underline\">Geodezyjne Ko\u0142o Naukowe &#8220;Equator&#8221;<\/span><\/a><\/td>\n<td style=\"width: 21.393%;height: 69px\">dr hab. in\u017c. Andrzej Mazur prof. uczelni,<br \/>dr in\u017c. Patrycja Pochwatka, mgr in\u017c. Barbara K\u0119powicz<\/td>\n<td style=\"width: 38.6401%;height: 69px\"><a href=\"mailto:andrzej.mazur@up.edu.pl\">andrzej.mazur@up.edu.pl<\/a><\/td>\n<\/tr>\n<tr style=\"height: 69px\">\n<td style=\"width: 38.3085%;height: 69px\"><a href=\"https:\/\/up.lublin.pl\/wip\/studenckie-kolo-naukowe-inzynierii-srodowiska\/\"><span style=\"text-decoration: underline\">SKN In\u017cynierii \u015arodowiska<\/span><\/a><\/td>\n<td style=\"width: 21.393%;height: 69px\">dr in\u017c. Magdalena Gizi\u0144ska-G\u00f3rna<\/td>\n<td style=\"width: 38.6401%;height: 69px\"><a class=\"mailto\" href=\"mailto:magdalena.gizinska-gorna@up.edu.pl\">magdalena.gizinska-gorna@up.edu.pl<\/a><\/td>\n<\/tr>\n<tr style=\"height: 92px\">\n<td style=\"width: 38.3085%;height: 92px\"><a href=\"https:\/\/up.lublin.pl\/wip\/studenckie-kolo-naukowe-food-design\/\"><span style=\"text-decoration: underline\">SKN Food Design<\/span><\/a><\/td>\n<td style=\"width: 21.393%;height: 92px\">dr in\u017c. Agata Blicharz-Kania, dr Marta Krajewska<\/td>\n<td style=\"width: 38.6401%;height: 92px\">\n<p><a href=\"mailto:agata.kania@up.edu.pl\">agata.kania@up.edu.pl<\/a><\/p>\n<p><a href=\"mailto:marta.krajewska@up.edu.pl\">marta.krajewska@up.edu.pl<\/a><\/p>\n<\/td>\n<\/tr>\n<tr style=\"height: 115px\">\n<td style=\"width: 38.3085%;height: 115px\"><a href=\"https:\/\/up.lublin.pl\/wip\/kola-naukowe\/skn-zarzadzania-i-ekonomii\/\"><span style=\"text-decoration: underline\">Miedzywydzia\u0142owe SKN Zarz\u0105dzania i&nbsp;Ekonomii<\/span><\/a><\/td>\n<td style=\"width: 21.393%;height: 115px\">dr in\u017c. Agnieszka Dudziak, dr in\u017c. Emilia Osm\u00f3lska<\/td>\n<td style=\"width: 38.6401%;height: 115px\">\n<p><a href=\"mailto:agnieszka.dudziak@up.edu.pl\">agnieszka.dudziak@up.edu.pl<\/a><\/p>\n<p><a href=\"mailto:emilia.osmolska@up.edu.pl\"><span id=\"ext-gen1571\" class=\"clickable\" data-mailaddress=\"emilia.osmolska@up.lublin.pl\" data-contactname=\"Osm\u00f3lska Emilia\"><span class=\"detail\">emilia.osmolska@up.edu.pl<\/span><\/span><\/a><\/p>\n<\/td>\n<\/tr>\n<tr style=\"height: 92px\">\n<td style=\"width: 38.3085%;height: 92px\"><a href=\"https:\/\/up.lublin.pl\/wip\/kola-naukowe\/miedzywydzialowe-studenckie-kolo-naukowe-ergonomii-i-bhp\/\"><span style=\"text-decoration: underline\">Mi\u0119dzywydzia\u0142owe SKN Ergonomii i&nbsp;BHP<\/span><\/a><\/td>\n<td style=\"width: 21.393%;height: 92px\">dr Anna Pecyna, dr Agnieszka Buczaj<\/td>\n<td style=\"width: 38.6401%;height: 92px\">\n<p><a href=\"mailto:anna.pecyna@up.edu.pl\">anna.pecyna@up.edu.pl<\/a><\/p>\n<p><a href=\"mailto:agnieszka.buczaj@up.edu.pl\">agnieszka.buczaj@up.edu.pl<\/a><\/p>\n<\/td>\n<\/tr>\n<tr style=\"height: 99px\">\n<td style=\"width: 38.3085%;height: 99px\"><a href=\"https:\/\/up.lublin.pl\/wip\/skn-mechanizacji-rolnictwa-i-agrotroniki\/\"><span style=\"text-decoration: underline\">SKN Mechanizacji Rolnictwa i&nbsp;Agrotroniki<\/span><\/a><\/td>\n<td style=\"width: 21.393%;height: 99px\">dr in\u017c. Ma\u0142gorzata G\u00f3ral-Kowalczyk, dr in\u017c. Maciej Sprawka<\/td>\n<td style=\"width: 38.6401%;height: 99px\"><a class=\"mailto\" href=\"mailto:malgorzata.goral-kowalczyk@up.edu.pl\">malgorzata.goral-kowalczyk@up.edu.pl<\/a><br \/><a class=\"mailto\" href=\"mailto:maciej.sprawka@up.edu.pl\">maciej.sprawka@up.edu.pl<\/a><\/td>\n<\/tr>\n<tr>\n<td style=\"width: 38.3085%\"><a href=\"https:\/\/skni.up.lublin.pl\/\"><span style=\"text-decoration: underline\">SKN Informatyk\u00f3w<\/span><\/a><\/td>\n<td style=\"width: 21.393%\">dr hab. Wojciech Przystupa<\/td>\n<td style=\"width: 38.6401%\"><a href=\"mailto:wojciech.przystupa@up.edu.pl\">wojciech.przystupa@up.edu.pl<\/a><\/td>\n<\/tr>\n<\/tbody>\n<\/table>\n\t\t\t<\/div>\r\n\t\t<\/div>\r\n\t<\/div>\r\n<\/section>\r\n\t\t<\/div>\n\t\t\t\t<\/div>\n\t\t\t\t\t\t<\/div>\n\t\t\t\t\t<\/div>\n\t\t<\/div>\n\t\t\t\t\t\t\t\t<\/div>\n\t\t\t\t\t<\/div>\n\t\t<\/section>\n\t\t\t\t\t\t<\/div>\n\t\t\t\t\t\t<\/div>\n\t\t\t\t\t<\/div>\n\t\t","protected":false},"excerpt":{"rendered":"<p>Ko\u0142a naukowe UP Wydzia\u0142 In\u017cynierii Produkcji Ko\u0142o naukowe Opiekun Kontakt SKN Ch\u0142odnictwa dr in\u017c. Marek Domin marek.domin@up.edu.pl SKN In\u017cynierii Spo\u017cywczej dr hab. in\u017c. Maciej Combrzy\u0144ski prof. uczelni maciej.combrzynski@up.edu.pl SKN Motoryzacji Rolnictwa dr in\u017c. Krzysztof Plizga krzysztof.plizga@up.edu.pl SKN Eksploatacji i&nbsp;Zarz\u0105dzania w&nbsp;Technice Rolniczej dr in\u017c. Artur Przywara artur.przywara@up.edu.pl SKN Komputerowego Wspomagania Projektowania &#8211; CAD dr hab. Zbigniew [&hellip;]<\/p>\n","protected":false},"author":248,"featured_media":0,"parent":0,"menu_order":0,"comment_status":"closed","ping_status":"closed","template":"","meta":{"_monsterinsights_skip_tracking":false,"_monsterinsights_sitenote_active":false,"_monsterinsights_sitenote_note":"","_monsterinsights_sitenote_category":0},"_links":{"self":[{"href":"https:\/\/up.lublin.pl\/wip\/wp-json\/wp\/v2\/pages\/142316"}],"collection":[{"href":"https:\/\/up.lublin.pl\/wip\/wp-json\/wp\/v2\/pages"}],"about":[{"href":"https:\/\/up.lublin.pl\/wip\/wp-json\/wp\/v2\/types\/page"}],"author":[{"embeddable":true,"href":"https:\/\/up.lublin.pl\/wip\/wp-json\/wp\/v2\/users\/248"}],"replies":[{"embeddable":true,"href":"https:\/\/up.lublin.pl\/wip\/wp-json\/wp\/v2\/comments?post=142316"}],"version-history":[{"count":153,"href":"https:\/\/up.lublin.pl\/wip\/wp-json\/wp\/v2\/pages\/142316\/revisions"}],"predecessor-version":[{"id":174936,"href":"https:\/\/up.lublin.pl\/wip\/wp-json\/wp\/v2\/pages\/142316\/revisions\/174936"}],"wp:attachment":[{"href":"https:\/\/up.lublin.pl\/wip\/wp-json\/wp\/v2\/media?parent=142316"}],"curies":[{"name":"wp","href":"https:\/\/api.w.org\/{rel}","templated":true}]}}