{"id":141982,"date":"2021-06-30T13:14:57","date_gmt":"2021-06-30T11:14:57","guid":{"rendered":"https:\/\/up.lublin.pl\/wip\/?page_id=141982"},"modified":"2022-10-12T12:09:31","modified_gmt":"2022-10-12T10:09:31","slug":"zaklad-maszynoznawstwa-rolniczego","status":"publish","type":"page","link":"https:\/\/up.lublin.pl\/wip\/wydzial\/struktura-i-pracownicy\/katedra-maszyn-rolniczych-lesnych-i-transportowych\/zaklad-maszynoznawstwa-rolniczego\/","title":{"rendered":"Zak\u0142ad Maszynoznawstwa Rolniczego"},"content":{"rendered":"\t\t<div data-elementor-type=\"wp-page\" data-elementor-id=\"141982\" class=\"elementor elementor-141982\" data-elementor-settings=\"[]\">\n\t\t\t\t\t\t<div class=\"elementor-inner\">\n\t\t\t\t\t\t\t<div class=\"elementor-section-wrap\">\n\t\t\t\t\t\t\t<section class=\"elementor-section elementor-top-section elementor-element elementor-element-3d40475 elementor-section-boxed elementor-section-height-default elementor-section-height-default\" data-id=\"3d40475\" data-element_type=\"section\">\n\t\t\t\t\t\t<div class=\"elementor-container elementor-column-gap-default\">\n\t\t\t\t\t\t\t<div class=\"elementor-row\">\n\t\t\t\t\t<div class=\"elementor-column elementor-col-100 elementor-top-column elementor-element elementor-element-cde62f6\" data-id=\"cde62f6\" data-element_type=\"column\">\n\t\t\t<div class=\"elementor-column-wrap elementor-element-populated\">\n\t\t\t\t\t\t\t<div class=\"elementor-widget-wrap\">\n\t\t\t\t\t\t<div class=\"elementor-element elementor-element-8813192 elementor-widget elementor-widget-m2k\" data-id=\"8813192\" data-element_type=\"widget\" data-widget_type=\"m2k.default\">\n\t\t\t\t<div class=\"elementor-widget-container\">\n\t\t\t<section class=\"mn-m2-d mn-bg-green\">\n    <div class=\"mn-grid\">\n        <div class=\"mn-grid-12 mn-introtext\">\n                            <h3>\n                    Zak\u0142ad Maszynoznawstwa Rolniczego                <\/h3>\n                        <\/div>\n    <\/div>\n    <\/section>\n\t\t<\/div>\n\t\t\t\t<\/div>\n\t\t\t\t\t\t<\/div>\n\t\t\t\t\t<\/div>\n\t\t<\/div>\n\t\t\t\t\t\t\t\t<\/div>\n\t\t\t\t\t<\/div>\n\t\t<\/section>\n\t\t\t\t<section class=\"elementor-section elementor-top-section elementor-element elementor-element-5b6e289 elementor-section-boxed elementor-section-height-default elementor-section-height-default\" data-id=\"5b6e289\" data-element_type=\"section\">\n\t\t\t\t\t\t<div class=\"elementor-container elementor-column-gap-default\">\n\t\t\t\t\t\t\t<div class=\"elementor-row\">\n\t\t\t\t\t<div class=\"elementor-column elementor-col-100 elementor-top-column elementor-element elementor-element-033853d\" data-id=\"033853d\" data-element_type=\"column\">\n\t\t\t<div class=\"elementor-column-wrap elementor-element-populated\">\n\t\t\t\t\t\t\t<div class=\"elementor-widget-wrap\">\n\t\t\t\t\t\t<div class=\"elementor-element elementor-element-6380830 elementor-widget elementor-widget-m5c\" data-id=\"6380830\" data-element_type=\"widget\" data-widget_type=\"m5c.default\">\n\t\t\t\t<div class=\"elementor-widget-container\">\n\t\t\t<section class=\"mn-m5-c mn-bg-white\">\n\t<div class=\"mn-grid\">\n\t\t            <div class=\"mn-menu-container mn-grid-3\">\n                <ul class=\"mn-bg-yellow\">\n\t                                        <li>\n                            <a href=\"#\" class=\"active\" data-hash=\"#dydaktyka\">\n                                Dydaktyka                            <\/a>\n                        <\/li>\n                                                <li>\n                            <a href=\"#\" class=\"\" data-hash=\"#badania\">\n                                Badania                            <\/a>\n                        <\/li>\n                                                <li>\n                            <a href=\"#\" class=\"\" data-hash=\"#historia\">\n                                Historia                            <\/a>\n                        <\/li>\n                                                <li>\n                            <a href=\"#\" class=\"\" data-hash=\"#oferta\">\n                                Oferta                            <\/a>\n                        <\/li>\n                                        <\/ul>\n            <\/div>\n\t        \t\t<div class=\"mn-content mn-grid-8\">\n\t\t\t                <div class=\"mn-content-block active\">\n\t                                                        <div class=\"block-text\">\n\t                                        <p><strong>Przedmioty realizowane na kierunku technika rolnicza i&nbsp;le\u015bna<\/strong><\/p>\n<ul>\n<li>sterowanie i&nbsp;nap\u0119dy hydrostatyczne i&nbsp;pneumatyczne,<\/li>\n<li>maszynoznawstwo rolnicze,<\/li>\n<li>ekologiczne aspekty technizacji rolnictwa,<\/li>\n<li>podstawy rolnictwa precyzyjnego,<\/li>\n<li>w\u0142a\u015bciwo\u015bci gleby i&nbsp;surowc\u00f3w ro\u015blinnych,<\/li>\n<li>w\u0142a\u015bciwo\u015bci surowc\u00f3w ro\u015blinnych,<\/li>\n<li>maszyny rolnicze; \u017ar\u00f3d\u0142a wsparcia obszar\u00f3w wiejskich (PD),<\/li>\n<li>technologie zbioru zb\u00f3\u017c (PD),<\/li>\n<li>produkcja pierwotna a&nbsp;bezpiecze\u0144stwo \u017cywno\u015bci (fakultet). <br \/>\u00a0<\/li>\n<\/ul>\n<p><strong>Przedmioty realizowane na kierunku zarz\u0105dzanie i&nbsp;in\u017cynieria produkcji<\/strong><\/p>\n<ul>\n<li>budowa planu marketingowego (PD),<\/li>\n<li>ekologiczne problemy techniki rolniczej,<\/li>\n<li>organizacja produkcji okopowych (PD),<\/li>\n<li>w\u0142a\u015bciwo\u015bci surowc\u00f3w ro\u015blinnych (SD),<\/li>\n<li>sterowanie i&nbsp;nap\u0119dy hydrostatyczne.<\/li>\n<\/ul>\n<p>\u00a0<\/p>\n<p><strong>Tematyka realizowanych prac dyplomowych <\/strong><\/p>\n<ol>\n<li>Technika i&nbsp;technologia pozyskiwania kukurydzy na cele paszowe, nasienne i&nbsp;spo\u017cywcze.<\/li>\n<li>Zagospodarowanie resztek po\u017cniwnych i&nbsp;odpad\u00f3w poprodukcyjnych w&nbsp;przemy\u015ble rolno-spo\u017cywczym.<\/li>\n<li>Sterowanie i&nbsp;nap\u0119dy hydrauliczne w&nbsp;maszynach i&nbsp;urz\u0105dzeniach rolniczych.<\/li>\n<li>Doskonalenie technologii w&nbsp;produkcji ro\u015blinnej.<\/li>\n<li>E-learning.<\/li>\n<li>Technologie i&nbsp;techniki produkcji burak\u00f3w cukrowych.<\/li>\n<li>W\u0142a\u015bciwo\u015bci technologiczne surowc\u00f3w rolniczych.<\/li>\n<li>Pozyskiwanie i&nbsp;zagospodarowanie odpad\u00f3w poprodukcyjnych na cele energetyczne.<\/li>\n<li>Energia odnawialna.<\/li>\n<li>Procesy przemieszczania\u00a0\u00a0<\/li>\n<li>transport.<\/li>\n<li>Sterowanie i&nbsp;nap\u0119dy hydrostatyczne w&nbsp;maszynach roboczych.<\/li>\n<\/ol>\n                                        <\/div>\n\t\t\t\t\t\t                                <\/div>\n\t\t\t\t                <div class=\"mn-content-block\">\n\t                                                        <div class=\"block-text\">\n\t                                        <p>prof. dr hab. Kazimierz Dreszer<\/p>\n<ul>\n<li>energia odnawialna,<\/li>\n<li>sterowanie i&nbsp;nap\u0119dy hydrostatyczne w&nbsp;maszynach roboczych (tworzenie bazy danych, programy komputerowego wspomagania napraw tych uk\u0142ad\u00f3w),\u00a0\u00a0<\/li>\n<li>kombajny zbo\u017cowe i&nbsp;technologie zbioru zb\u00f3\u017c,\u00a0\u00a0<\/li>\n<li>procesy przemieszczania\u00a0<\/li>\n<li>transport (przeno\u015bniki ci\u0119gnowe i&nbsp;bezci\u0119gnowe, transport pneumatyczny).<br \/>\u00a0<\/li>\n<\/ul>\n<p>prof. dr hab. Ignacy Niedzi\u00f3\u0142ka<\/p>\n<ul>\n<li>technologie zbioru i&nbsp;wykorzystania biomasy ro\u015blinnej na cele energetyczne,<\/li>\n<li>organizacja i&nbsp;technologia produkcji ro\u015blin energetycznych,<\/li>\n<li>bazy danych maszyn i&nbsp;narz\u0119dzi rolniczych do produkcji ro\u015blinnej,<\/li>\n<li>ekologiczne problemy stosowania techniki rolniczej.<br \/>\u00a0<\/li>\n<\/ul>\n<p>prof. dr hab. Ma\u0142gorzata Bzowska-Bakalarz<\/p>\n<ul>\n<li>badania ultrad\u017awi\u0119kowe sok\u00f3w spo\u017cywczych,<\/li>\n<li>nauczanie metod\u0105 e-learningow\u0105<\/li>\n<li>modyfikacje materia\u0142\u00f3w elektronicznych,<\/li>\n<li>perspektywy uprawy buraka cukrowego na tle organizacji rynku rolnego.<br \/>\u00a0<\/li>\n<\/ul>\n<p>dr hab. Wojciech Tana\u015b, prof. nadzw. UP<\/p>\n<ul>\n<li>\u015brodki mechanizacji,<\/li>\n<li>energooszcz\u0119dne techniki i&nbsp;technologie w&nbsp;produkcji ro\u015blinnej (w szczeg\u00f3lno\u015bci ro\u015blin okopowych).<br \/>\u00a0<\/li>\n<\/ul>\n<p>dr in\u017c. Mariusz Szymanek<\/p>\n<ul>\n<li>techniki i&nbsp;technologie w&nbsp;integrowanej i&nbsp;ekologicznej produkcji rolniczej,<\/li>\n<li>zastosowanie technik komputerowych w&nbsp;zarz\u0105dzaniu prac\u0105 maszyn rolniczych,<\/li>\n<li>bazy danych jako podstawowe \u017ar\u00f3d\u0142o informacji,<\/li>\n<li>techniki i&nbsp;technologie zbioru i&nbsp;pozyskiwania ziarna kukurydzy cukrowej na cele nasienne, przemys\u0142owe i&nbsp;spo\u017cywcze,<\/li>\n<li>nap\u0119dy i&nbsp;sterowanie hydrostatyczne w&nbsp;maszynach rolniczych,<\/li>\n<li>energetyczne aspekty nap\u0119du hydrostatycznego,<\/li>\n<li>w\u0142a\u015bciwo\u015bci agrofizyczne produkt\u00f3w ro\u015blinnych,<\/li>\n<li>pozyskiwanie i&nbsp;zagospodarowanie odpad\u00f3w poprodukcyjnych na cele energetyczne.<\/li>\n<\/ul>\n<p>\u00a0<\/p>\n<p><strong>Inne osi\u0105gni\u0119cia naukowe pracownik\u00f3w Katedry: <\/strong><br \/>W ramach prac dla przemys\u0142u cukrowniczego opracowano Kodeks Dobrych Praktyk w&nbsp;Produkcji Burak\u00f3w Cukrowych, kt\u00f3ry jest uchwa\u0142\u0105 nr 11 Komisji Bran\u017cowej ds. Cukru zosta\u0142 przyj\u0119ty jako obowi\u0105zuj\u0105cy wszystkich producent\u00f3w cukru i&nbsp;plantator\u00f3w burak\u00f3w na terytorium Rzeczpospolitej Polskiej [Bzowska-Bakalarz M., Bieganowski A. (red.), 2008. Kodeks dobrych praktyk w&nbsp;produkcji burak\u00f3w cukrowych. Wyd. IA PAN w&nbsp;Lublinie. Nak\u0142ad 34 600 egz.]. <\/p>\n<p>W ramach wsp\u00f3\u0142pracy z&nbsp;Przedsi\u0119biorstwem Handlowo-Us\u0142ugowym ENERGOKRAK sp. z&nbsp;o.o. w&nbsp;Krakowie dokonano opracowania pt. \u201eOcena g\u0142\u00f3wnych parametr\u00f3w u\u017cytkowych resztek po\u017cniwnych kukurydzy w&nbsp;aspekcie zagospodarowania ich jako biomasy w&nbsp;energetyce zawodowej\u201d. Planowana jest kontynuacja wsp\u00f3\u0142pracy w&nbsp;tym zakresie.<\/p>\n                                        <\/div>\n\t\t\t\t\t\t                                <\/div>\n\t\t\t\t                <div class=\"mn-content-block\">\n\t                                                        <div class=\"block-text\">\n\t                                        <p>Katedra powsta\u0142a 1 pa\u017adziernika 1997 r. w&nbsp;wyniku zmian organizacyjnych na Wydziale Techniki Rolniczej (obecnie Wydzia\u0142 In\u017cynierii Produkcji). Wywodzi si\u0119 z&nbsp;Katedry Mechanizacji Rolnictwa powsta\u0142ej w&nbsp;1960 r. W&nbsp;Katedrze zatrudnionych jest 8 os\u00f3b, w&nbsp;tym czworo to samodzielni pracownicy naukowi \u2013 prof. dr hab. Ma\u0142gorzata Bzowska-Bakalarz, prof. dr hab. Kazimierz A. Dreszer, prof. dr hab. Ignacy Niedzi\u00f3\u0142ka, dr hab. Wojciech Tana\u015b prof. nadzw. UP, adiunkt \u2013 dr in\u017c. Mariusz Szymanek i&nbsp;3 specjalist\u00f3w \u2013 dr in\u017c. Wojciech \u017bak, Gra\u017cyna Klepka, Kazimiera Pot\u0119ga. <\/p>\n<p>Pracownicy Katedry prowadz\u0105 zaj\u0119cia na wydzia\u0142ach In\u017cynierii Produkcji i&nbsp;Agrobioin\u017cynierii z&nbsp;nast\u0119puj\u0105cych przedmiot\u00f3w: sterowanie i&nbsp;nap\u0119dy hydrostatyczne i&nbsp;pneumatyczne; maszynoznawstwo rolnicze; ekologiczne aspekty technizacji rolnictwa; podstawy rolnictwa precyzyjnego; w\u0142a\u015bciwo\u015bci gleby i&nbsp;surowc\u00f3w ro\u015blinnych; w\u0142a\u015bciwo\u015bci surowc\u00f3w ro\u015blinnych; maszyny rolnicze; \u017ar\u00f3d\u0142a wsparcia obszar\u00f3w wiejskich (PD); technologie zbioru zb\u00f3\u017c (PD); <\/p>\n<p>Obci\u0105\u017cenie dydaktyczne Katedry wynosi og\u00f3\u0142em 1900 godzin. <\/p>\n<p>Do najwa\u017cniejszych prac naukowo-dydaktycznych realizowanych w&nbsp;Katedrze mo\u017cna zaliczy\u0107 badania dotycz\u0105ce: kombajn\u00f3w zbo\u017cowych, zmierzaj\u0105ce do ich optymalizacji konstrukcji i&nbsp;jako\u015bci; technologii zbioru kukurydzy, szczeg\u00f3lnie cukrowej; technologii zbioru burak\u00f3w cukrowych i&nbsp;ziemniak\u00f3w; w\u0142a\u015bciwo\u015bci mechanicznych p\u0142od\u00f3w rolnych. <br \/>vSzereg wynik\u00f3w bada\u0144 zosta\u0142o zastosowanych w&nbsp;praktyce, np. uniwersalizacja i&nbsp;modernizacja uk\u0142ad\u00f3w przemieszczania i&nbsp;wydzielania ziarna w&nbsp;kombajnach; technologie zbioru materia\u0142\u00f3w \u0142odygowych; modernizacja metod zbioru i&nbsp;transportu burak\u00f3w cukrowych oraz technologie pozyskiwania ziarna kukurydzy cukrowej. <br \/>vKatedra prowadzi \u015bcis\u0142\u0105 wsp\u00f3\u0142prac\u0119 z&nbsp;wieloma o\u015brodkami naukowo-badawczymi o&nbsp;mi\u0119dzynarodowym presti\u017cu, takimi jak: Instytut Mechanizacji Rolnictwa Narodowej Akademii Bia\u0142orusi w&nbsp;Mi\u0144sku, Bia\u0142oruski Uniwersytet Agrotechniczny w&nbsp;Mi\u0144sku, PIMR w&nbsp;Poznaniu, IBMER w&nbsp;Warszawie, Instytutem Agrofizyki PAN w&nbsp;Lublinie, Instytut Przemys\u0142u Cukrowniczego w&nbsp;Warszawie oraz wsp\u00f3\u0142pracuje z&nbsp;przemys\u0142em maszyn rolniczych (Sp\u00f3\u0142ka IC \u2013 New Holland \u2013 Bizon w&nbsp;P\u0142ocku; RAJDIMPEX \u2013 Zak\u0142ad Przetw\u00f3rstwa Owocowo-Warzywnego w&nbsp;Suchej Beskidzkiej; cukrownie i&nbsp;szereg innych). <\/p>\n<p>Pracownicy Katedry legitymuj\u0105 si\u0119 znacznymi osi\u0105gni\u0119ciami naukowymi, opublikowanymi w&nbsp;czasopismach zagranicznych i&nbsp;krajowych. Ilo\u015bciowo dorobek ten szacowany jest na ok. 600 oryginalnych prac tw\u00f3rczych, 18 podr\u0119cznik\u00f3w i&nbsp;skrypt\u00f3w, 500 innych publikacji naukowych, 400 prac nieopublikowanych, 400 referat\u00f3w i&nbsp;poster\u00f3w, prezentowanych na licznych konferencjach i&nbsp;kongresach naukowych, 10 patent\u00f3w. Ponadto w&nbsp;Katedrze przeprowadzono 10 przewod\u00f3w habilitacyjnych i&nbsp;16 doktorskich. <\/p>\n<p style=\"text-align: right;\"><i>Wojciech Tana\u015b <\/i><\/p>\n                                        <\/div>\n\t\t\t\t\t\t                                <\/div>\n\t\t\t\t                <div class=\"mn-content-block\">\n\t                                                        <div class=\"block-text\">\n\t                                        <p>Katedra prowadzi badania dotycz\u0105ce:\u00a0<\/p>\n<ul>\n<li>Technicznych i&nbsp;technologicznych uwarunkowa\u0144 burak\u00f3w cukrowych w&nbsp;regionie. Uzyskane wyniki s\u0105 podstaw\u0105 do oceny potencja\u0142u produkcyjnego zaplecza surowcowego dla przemys\u0142u cukrowniczego i&nbsp;potencjalnie dla energetycznego, a&nbsp;tak\u017ce mog\u0105 by\u0107 pomoc\u0105 w&nbsp;podejmowaniu racjonalnych decyzji zwi\u0105zanych z&nbsp;utrzymaniem si\u0119 rynku i&nbsp;rozwojem gospodarstwa rolnego. Informacje te b\u0119d\u0105 istotne nie tylko dla plantator\u00f3w, ale tak\u017ce dla odbiorc\u00f3w surowca (gorzelnie, cukrownie, wytw\u00f3rnie bioetanolu).<\/li>\n<li>W ramach prac dla przemys\u0142u cukrowniczego opracowano Kodeks Dobrych Praktyk w&nbsp;Produkcji Burak\u00f3w Cukrowych, kt\u00f3ry jest uchwa\u0142\u0105 nr 11 Komisji Bran\u017cowej ds. Cukru. Kodeks zosta\u0142 przyj\u0119ty jako obowi\u0105zuj\u0105cy wszystkich producent\u00f3w cukru i&nbsp;plantator\u00f3w burak\u00f3w na terytorium Rzeczpospolitej Polskiej. \u201eKodeks Dobrych Praktyk w&nbsp;Produkcji Burak\u00f3w Cukrowych\u201d (M. Bzowska-Bakalarz, A. Bieganowski) Wyd. IA PAN w&nbsp;Lublinie. Nak\u0142ad 34 600.<\/li>\n<li>Intensyfikacji procesu separacji w&nbsp;maszynach do zbioru ziemniak\u00f3w (wykorzystanie g\u00f3rki palcowej do separacji bry\u0142 gleby, konstrukcje rolkowego separatora czyszcz\u0105cego do ziemniak\u00f3w. Wsp\u00f3\u0142praca: AKPIL Pilzno, PIMR Pozna\u0144, Instytut Mech. Rolnictwa Narodowej Akademii Nauk Bia\u0142orusi;<\/li>\n<li>Doskonalenia konstrukcji zespo\u0142\u00f3w om\u0142otowych, przeznaczonych do pozyskiwania ziarna kukurydzy cukrowej (temat ten wi\u0105zany jest z&nbsp;realizacj\u0105 pracy doktorskiej S. Ko\u0142tysia);<\/li>\n<li>Realizowany jest r\u00f3wnie\u017c projekt badawczy finansowany przez MNiSzW pt.: \u201eOcena w\u0142a\u015bciwo\u015bci fizycznych, energetycznych i&nbsp;wytrzyma\u0142o\u015bciowych brykiet\u00f3w wytwarzanych z&nbsp;biomasy ro\u015blinnej\u201d, nr projektu NN313 315734 (TKW\/PB\/70) obejmuj\u0105cy lata 2008-2010. Kierownikiem projektu jest prof. dr hab. I. Niedzi\u00f3\u0142ka.<\/li>\n<\/ul>\n<p>W ramach wsp\u00f3\u0142pracy z&nbsp;Przedsi\u0119biorstwem Handlowo-Us\u0142ugowym ENERGOKRAK Sp. z&nbsp;o.o. w&nbsp;Krakowie dokonano opracowania pt.: \u201eOcena g\u0142\u00f3wnych parametr\u00f3w u\u017cytkowych resztek po\u017cniwnych kukurydzy w&nbsp;aspekcie zagospodarowania ich jako biomasy w&nbsp;energetyce zawodowej\u201d. Planowana jest kontynuacja wsp\u00f3\u0142pracy w&nbsp;tym zakresie.<\/p>\n<p>Kontakt:<br \/><strong>Kierownik katedry<br \/>prof. dr hab. Wojciech Tana\u015b<br \/>tel: 81-445-61-22<br \/>e-mail: wojciech.tanas@up.lublin.pl<\/strong><\/p>\n                                        <\/div>\n\t\t\t\t\t\t                                <\/div>\n\t\t\t\t\t\t<\/div>\n\t<\/div>\n<\/section>\n\t\t<\/div>\n\t\t\t\t<\/div>\n\t\t\t\t\t\t<\/div>\n\t\t\t\t\t<\/div>\n\t\t<\/div>\n\t\t\t\t\t\t\t\t<\/div>\n\t\t\t\t\t<\/div>\n\t\t<\/section>\n\t\t\t\t\t\t<\/div>\n\t\t\t\t\t\t<\/div>\n\t\t\t\t\t<\/div>\n\t\t","protected":false},"excerpt":{"rendered":"<p>Zak\u0142ad Maszynoznawstwa Rolniczego UP Wydzia\u0142 In\u017cynierii Produkcji Dydaktyka Badania Historia Oferta Przedmioty realizowane na kierunku technika rolnicza i&nbsp;le\u015bna sterowanie i&nbsp;nap\u0119dy hydrostatyczne i&nbsp;pneumatyczne, maszynoznawstwo rolnicze, ekologiczne aspekty technizacji rolnictwa, podstawy rolnictwa precyzyjnego, w\u0142a\u015bciwo\u015bci gleby i&nbsp;surowc\u00f3w ro\u015blinnych, w\u0142a\u015bciwo\u015bci surowc\u00f3w ro\u015blinnych, maszyny rolnicze; \u017ar\u00f3d\u0142a wsparcia obszar\u00f3w wiejskich (PD), technologie zbioru zb\u00f3\u017c (PD), produkcja pierwotna a&nbsp;bezpiecze\u0144stwo \u017cywno\u015bci (fakultet). \u00a0 [&hellip;]<\/p>\n","protected":false},"author":2,"featured_media":0,"parent":141977,"menu_order":0,"comment_status":"closed","ping_status":"closed","template":"elementor_header_footer","meta":{"_monsterinsights_skip_tracking":false,"_monsterinsights_sitenote_active":false,"_monsterinsights_sitenote_note":"","_monsterinsights_sitenote_category":0},"_links":{"self":[{"href":"https:\/\/up.lublin.pl\/wip\/wp-json\/wp\/v2\/pages\/141982"}],"collection":[{"href":"https:\/\/up.lublin.pl\/wip\/wp-json\/wp\/v2\/pages"}],"about":[{"href":"https:\/\/up.lublin.pl\/wip\/wp-json\/wp\/v2\/types\/page"}],"author":[{"embeddable":true,"href":"https:\/\/up.lublin.pl\/wip\/wp-json\/wp\/v2\/users\/2"}],"replies":[{"embeddable":true,"href":"https:\/\/up.lublin.pl\/wip\/wp-json\/wp\/v2\/comments?post=141982"}],"version-history":[{"count":13,"href":"https:\/\/up.lublin.pl\/wip\/wp-json\/wp\/v2\/pages\/141982\/revisions"}],"predecessor-version":[{"id":150720,"href":"https:\/\/up.lublin.pl\/wip\/wp-json\/wp\/v2\/pages\/141982\/revisions\/150720"}],"up":[{"embeddable":true,"href":"https:\/\/up.lublin.pl\/wip\/wp-json\/wp\/v2\/pages\/141977"}],"wp:attachment":[{"href":"https:\/\/up.lublin.pl\/wip\/wp-json\/wp\/v2\/media?parent=141982"}],"curies":[{"name":"wp","href":"https:\/\/api.w.org\/{rel}","templated":true}]}}