{"id":142056,"date":"2021-07-01T11:37:55","date_gmt":"2021-07-01T09:37:55","guid":{"rendered":"https:\/\/up.lublin.pl\/wip\/?page_id=142056"},"modified":"2021-07-01T11:58:59","modified_gmt":"2021-07-01T09:58:59","slug":"history","status":"publish","type":"page","link":"https:\/\/up.lublin.pl\/wip\/en\/about-faculty\/history\/","title":{"rendered":"History"},"content":{"rendered":"\t\t<div data-elementor-type=\"wp-page\" data-elementor-id=\"142056\" class=\"elementor elementor-142056 elementor-197\" data-elementor-settings=\"[]\">\n\t\t\t\t\t\t<div class=\"elementor-inner\">\n\t\t\t\t\t\t\t<div class=\"elementor-section-wrap\">\n\t\t\t\t\t\t\t<section class=\"elementor-section elementor-top-section elementor-element elementor-element-0d14b85 elementor-section-boxed elementor-section-height-default elementor-section-height-default\" data-id=\"0d14b85\" data-element_type=\"section\">\n\t\t\t\t\t\t<div class=\"elementor-container elementor-column-gap-default\">\n\t\t\t\t\t\t\t<div class=\"elementor-row\">\n\t\t\t\t\t<div class=\"elementor-column elementor-col-100 elementor-top-column elementor-element elementor-element-e428449\" data-id=\"e428449\" data-element_type=\"column\">\n\t\t\t<div class=\"elementor-column-wrap elementor-element-populated\">\n\t\t\t\t\t\t\t<div class=\"elementor-widget-wrap\">\n\t\t\t\t\t\t<div class=\"elementor-element elementor-element-60864c4 elementor-widget elementor-widget-m2e\" data-id=\"60864c4\" data-element_type=\"widget\" data-widget_type=\"m2e.default\">\n\t\t\t\t<div class=\"elementor-widget-container\">\n\t\t\t<section class=\"mn-m2-e mn-bg-green\">\n\t<div class=\"mn-grid\">\n\t\t<div class=\"mn-grid-3 mn-introtext\">\n\t\t\t\t\t\t\t<p class=\"mn-header\">Wydzia\u0142 In\u017cynierii Produkcji<\/p>\n\t\t\t\t\t\t\t\t\t\t\t<h3>\n\t\t\t\t\tHistoria\t\t\t\t<\/h3>\n\t\t\t\t\t\t\t\t\t\t\t\t<\/div>\n\t\t<div class=\"mn-grid-9 mn-image-container\">\n\t\t\t\t\t<\/div>\n\t<\/div>\n\t<\/section>\n\t\t<\/div>\n\t\t\t\t<\/div>\n\t\t\t\t\t\t<\/div>\n\t\t\t\t\t<\/div>\n\t\t<\/div>\n\t\t\t\t\t\t\t\t<\/div>\n\t\t\t\t\t<\/div>\n\t\t<\/section>\n\t\t\t\t<section class=\"elementor-section elementor-top-section elementor-element elementor-element-17fc245 elementor-section-boxed elementor-section-height-default elementor-section-height-default\" data-id=\"17fc245\" data-element_type=\"section\">\n\t\t\t\t\t\t<div class=\"elementor-container elementor-column-gap-default\">\n\t\t\t\t\t\t\t<div class=\"elementor-row\">\n\t\t\t\t\t<div class=\"elementor-column elementor-col-100 elementor-top-column elementor-element elementor-element-c1b8d1a\" data-id=\"c1b8d1a\" data-element_type=\"column\">\n\t\t\t<div class=\"elementor-column-wrap elementor-element-populated\">\n\t\t\t\t\t\t\t<div class=\"elementor-widget-wrap\">\n\t\t\t\t\t\t<div class=\"elementor-element elementor-element-169a9cb elementor-widget elementor-widget-m5c\" data-id=\"169a9cb\" data-element_type=\"widget\" data-widget_type=\"m5c.default\">\n\t\t\t\t<div class=\"elementor-widget-container\">\n\t\t\t<section class=\"mn-m5-c mn-m5-d2 mn-bg-white\">\n\t<div class=\"mn-grid\">\n\t\t\t\t<div class=\"mn-content mn-grid-9\">\n\t\t\t                <div class=\"mn-content-block active\">\n\t                                                        <div class=\"block-text\">\n\t                                        <h3>The genesis of the Faculty of Production Engineering<\/h3>\n<h1>Before 1970<\/h1>\n<p>Although the Faculty of Agricultural Engineering (presently the Faculty of Production Engineering) was established on 1 September 1970, its origins date back to almost 25 years earlier when, on 5 November 1946, the Sub-department of Agricultural\u00a0Machinery was created as part of the Agrarian Faculty of the\u00a0Maria Curie-Sk\u0142odowska University. On 1 October 1950, the Sub-department of Agricultural\u00a0Machinery was transformed into a&nbsp;department of the same name and the first director (1950-1951) was mgr in\u017c. Roman F\u0105fara, the curator was &#8211; prof. Stefan Ziemnicki (1950-1952).<\/p>\n<p>With the establishment in 1955, the Higher School of Agriculture in Lublin, the Department of Agricultural\u00a0Machinery became part of the Agrarian Faculty. After ten years of its operation, it was renamed in 1960, to the Department of Agricultural Mechanisation &#8211; as a&nbsp;result of the growing number of scientific and educational tasks.<\/p>\n<p>On 1 September 1966, within the Faculty of Agriculture there was a&nbsp;separate unit established &#8211; Agricultural Mechanisation. In 1968, the Department of Agricultural Mechanisation was transformed into the Institute of Agricultural Engineering and it was managed by prof. Janusz Haman.<\/p>\n<h1>The Faculty of Agricultural Engineering in 1970\/2003<\/h1>\n<p><strong>1 September 1970<\/strong> &#8211; establishment of the Faculty of Agricultural Engineering,<\/p>\n<p><strong>1970<\/strong> &#8211; the Faculty of Agricultural Engineering, as the first one in Poland, obtains the rights to award a&nbsp;doctoral degree in technical sciences, specialisation: agricultural mechanisation,<\/p>\n<p><strong>1971<\/strong> &#8211; the Faculty of Agricultural Engineering is authorised to conduct postdoctoral courses and award an academic title of doctor habilitated,<\/p>\n<p><strong>1979<\/strong> &#8211; a&nbsp;transformation of the department into the Institute of Applied Mathematics and establishment of the Centre for Computer Science,<\/p>\n<p><strong>1980<\/strong> &#8211; establishment of the Institute of Machinery Exploitation of the\u00a0Agri-Food Industry (director &#8211; prof. dr hab. Joseph Grochowicz),<\/p>\n<p><strong>1982<\/strong> &#8211; transformation of the Institute of Machinery Exploitation of the Agri-Food Industry into the Institute of Agri-Food Technology (director &#8211; prof. dr hab. J\u00f3zef Grochowicz), establishment of the Institute of\u00a0Technology Fundamentals (director &#8211; prof. dr hab. Tomasz Otmianowski) and establishment of the Institute of Land Reclamation and Agricultural Engineering (director &#8211; prof. dr hab. Zygmunt Mazur),<\/p>\n<p><strong>1990<\/strong> &#8211; closure of the Institute of Machinery Exploitation of the Agri-Food Industry and establishment of independent units &#8211; departments and sub-departments,<\/p>\n<p><strong>1999<\/strong> &#8211; transformation of the Institute of Land Reclamation and Agricultural Engineering into the Department of Land Reclamation and Agricultural Engineering (director &#8211; prof. dr hab. Stanis\u0142aw Pa\u0142ys), transformation of the Institute of Applied Mathematics into the Department of Applied Mathematics (director &#8211; prof. dr hab. Tadeusz Przybysz) and transformation of the Institute of Technology Fundamentals into the Department of Technology Fundamentals (director &#8211; prof. dr hab. Andrzej Kusz),<\/p>\n<p><strong>2000<\/strong> &#8211; transformation of the Institute of Applied Mathematics into the Department of Applied Mathematics (director &#8211; prof. dr hab. Miros\u0142awa Weso\u0142owska-Janczarek),<\/p>\n<h1>The Faculty of Production Engineering in 2003\/2020<\/h1>\n<p><strong>27 June 2003<\/strong> &#8211; changing the name of the Faculty of Agricultural Engineering to the Faculty of Production Engineering,<\/p>\n<p><strong>2004<\/strong> &#8211; establishment of the Laboratory of Materials Technology and Machinery Maintenance (director &#8211; dr in\u017c. Jolanta Marciniak),<\/p>\n<p><strong>2006<\/strong> &#8211; establishment of the Laboratory for Water and Wastewater Analytics in the Department of Land Reclamation and Agricultural Engineering (director: dr hab. Krzysztof J\u00f3\u017awiakowski) and creation of the Sub-department of\u00a0Modelling and Information Systems in the Department of Technology Fundamentals,<\/p>\n<p><strong>2011<\/strong> &#8211; establishment of the Sub-department of Logistics and Business Management in the Department of Energy and Vehicles (director:\u00a0 prof. dr hab. Wieslaw Piekarski),<\/p>\n<p><strong>2013<\/strong> &#8211; opening the Centre for Innovation and Implementation of New Techniques and Technologies in the Department of Agricultural Engineering\u00a0 at ul. G\u0142\u0119boka 28 and establishment of the Central Research Laboratory (the Rector&#8217;s representative for the laboratory: prof. dr hab. Dariusz Andrejko),<\/p>\n<p><strong>2014<\/strong> &#8211; creation in the structure of the Department\u00a0of\u00a0Machine Operation\u00a0and\u00a0Production Process Management, the Sub-department of Agricultural and Eco-energy Machine Operations (director &#8211; prof. dr hab. Edmund Lorencowicz),<\/p>\n<p><strong>2015<\/strong> &#8211; creation of the Laboratory for Mechanics in the Department of Physics (director: dr hab. Andrzej St\u0119pniewski) and establishment within the Department\u00a0of\u00a0Technology Fundamentals of the Sub-department of\u00a0Ergonomics (director: dr hab. Halina Pawlak) and the Laboratory for Materials Engineering (Director: dr hab. Jerzy Grudzinski),<\/p>\n<p><strong>2017<\/strong> &#8211; establishment of the Department of Thermal Technology and Food Process Engineering (director: prof. dr hab. Dariusz Dziki).<\/p>\n<p>At the Faculty of Production Engineering, there are 7 fields of study. Until now, 10,880 students have graduated from the faculty.<\/p>\n<p>There are 161 employees at the faculty, including 128 academic lecturers:<\/p>\n<p>titular professor &#8211; 18,<br \/>dr hab. at the position of professor &#8211; 36<br \/>dr hab. at the position of assistant professor &#8211; 17<br \/>assistant professor with a&nbsp;doctoral degree &#8211; 47<br \/>assistant with a&nbsp;doctoral degree &#8211; 1<br \/>assistant with a&nbsp;master&#8217;s degree &#8211; 3<br \/>lecturer with a&nbsp;doctoral degree &#8211; 1<br \/>lecturer with a&nbsp;master&#8217;s degree &#8211; 5<\/p>\n<p>There is also a&nbsp;group of 33 engineering and technical employees at the Faculty of Production Engineering.<\/p>\n                                        <\/div>\n\t\t\t\t\t\t                                <\/div>\n\t\t\t\t                <div class=\"mn-content-block\">\n\t                                <\/div>\n\t\t\t\t                <div class=\"mn-content-block\">\n\t                                <\/div>\n\t\t\t\t                <div class=\"mn-content-block\">\n\t                                <\/div>\n\t\t\t\t                <div class=\"mn-content-block\">\n\t                                <\/div>\n\t\t\t\t                <div class=\"mn-content-block\">\n\t                                <\/div>\n\t\t\t\t                <div class=\"mn-content-block\">\n\t                                <\/div>\n\t\t\t\t                <div class=\"mn-content-block\">\n\t                                <\/div>\n\t\t\t\t                <div class=\"mn-content-block\">\n\t                                <\/div>\n\t\t\t\t                <div class=\"mn-content-block\">\n\t                                <\/div>\n\t\t\t\t                <div class=\"mn-content-block\">\n\t                                <\/div>\n\t\t\t\t                <div class=\"mn-content-block\">\n\t                                <\/div>\n\t\t\t\t                <div class=\"mn-content-block\">\n\t                                <\/div>\n\t\t\t\t                <div class=\"mn-content-block\">\n\t                                <\/div>\n\t\t\t\t                <div class=\"mn-content-block\">\n\t                                <\/div>\n\t\t\t\t                <div class=\"mn-content-block\">\n\t                                <\/div>\n\t\t\t\t                <div class=\"mn-content-block\">\n\t                                <\/div>\n\t\t\t\t                <div class=\"mn-content-block\">\n\t                                <\/div>\n\t\t\t\t                <div class=\"mn-content-block\">\n\t                                <\/div>\n\t\t\t\t                <div class=\"mn-content-block\">\n\t                                <\/div>\n\t\t\t\t\t\t<\/div>\n\t<\/div>\n<\/section>\n\t\t<\/div>\n\t\t\t\t<\/div>\n\t\t\t\t\t\t<\/div>\n\t\t\t\t\t<\/div>\n\t\t<\/div>\n\t\t\t\t\t\t\t\t<\/div>\n\t\t\t\t\t<\/div>\n\t\t<\/section>\n\t\t\t\t\t\t<\/div>\n\t\t\t\t\t\t<\/div>\n\t\t\t\t\t<\/div>\n\t\t","protected":false},"excerpt":{"rendered":"<p>Wydzia\u0142 In\u017cynierii Produkcji Historia UP Wydzia\u0142 In\u017cynierii Produkcji The genesis of the Faculty of Production Engineering Before 1970 Although the Faculty of Agricultural Engineering (presently the Faculty of Production Engineering) was established on 1 September 1970, its origins date back to almost 25 years earlier when, on 5 November 1946, the Sub-department of Agricultural\u00a0Machinery was [&hellip;]<\/p>\n","protected":false},"author":2,"featured_media":0,"parent":142051,"menu_order":0,"comment_status":"closed","ping_status":"closed","template":"elementor_header_footer","meta":{"_monsterinsights_skip_tracking":false,"_monsterinsights_sitenote_active":false,"_monsterinsights_sitenote_note":"","_monsterinsights_sitenote_category":0},"_links":{"self":[{"href":"https:\/\/up.lublin.pl\/wip\/en\/wp-json\/wp\/v2\/pages\/142056"}],"collection":[{"href":"https:\/\/up.lublin.pl\/wip\/en\/wp-json\/wp\/v2\/pages"}],"about":[{"href":"https:\/\/up.lublin.pl\/wip\/en\/wp-json\/wp\/v2\/types\/page"}],"author":[{"embeddable":true,"href":"https:\/\/up.lublin.pl\/wip\/en\/wp-json\/wp\/v2\/users\/2"}],"replies":[{"embeddable":true,"href":"https:\/\/up.lublin.pl\/wip\/en\/wp-json\/wp\/v2\/comments?post=142056"}],"version-history":[{"count":4,"href":"https:\/\/up.lublin.pl\/wip\/en\/wp-json\/wp\/v2\/pages\/142056\/revisions"}],"predecessor-version":[{"id":142066,"href":"https:\/\/up.lublin.pl\/wip\/en\/wp-json\/wp\/v2\/pages\/142056\/revisions\/142066"}],"up":[{"embeddable":true,"href":"https:\/\/up.lublin.pl\/wip\/en\/wp-json\/wp\/v2\/pages\/142051"}],"wp:attachment":[{"href":"https:\/\/up.lublin.pl\/wip\/en\/wp-json\/wp\/v2\/media?parent=142056"}],"curies":[{"name":"wp","href":"https:\/\/api.w.org\/{rel}","templated":true}]}}