{"id":348,"date":"2020-11-20T09:12:33","date_gmt":"2020-11-20T08:12:33","guid":{"rendered":"http:\/\/nowastrona.up.lublin.pl\/weterynaria\/?page_id=348"},"modified":"2021-02-09T13:30:43","modified_gmt":"2021-02-09T12:30:43","slug":"jublieusz-70-lecia","status":"publish","type":"page","link":"https:\/\/up.lublin.pl\/weterynaria\/wydzial\/jubileusze\/jublieusz-70-lecia\/","title":{"rendered":"Jublieusz 70-lecia"},"content":{"rendered":"\t\t<div data-elementor-type=\"wp-page\" data-elementor-id=\"348\" class=\"elementor elementor-348\" data-elementor-settings=\"[]\">\n\t\t\t\t\t\t<div class=\"elementor-inner\">\n\t\t\t\t\t\t\t<div class=\"elementor-section-wrap\">\n\t\t\t\t\t\t\t<section class=\"elementor-section elementor-top-section elementor-element elementor-element-18a8fab elementor-section-boxed elementor-section-height-default elementor-section-height-default\" data-id=\"18a8fab\" data-element_type=\"section\">\n\t\t\t\t\t\t<div class=\"elementor-container elementor-column-gap-default\">\n\t\t\t\t\t\t\t<div class=\"elementor-row\">\n\t\t\t\t\t<div class=\"elementor-column elementor-col-100 elementor-top-column elementor-element elementor-element-4379883\" data-id=\"4379883\" data-element_type=\"column\">\n\t\t\t<div class=\"elementor-column-wrap elementor-element-populated\">\n\t\t\t\t\t\t\t<div class=\"elementor-widget-wrap\">\n\t\t\t\t\t\t<div class=\"elementor-element elementor-element-6a0045f elementor-widget elementor-widget-m2e\" data-id=\"6a0045f\" data-element_type=\"widget\" data-widget_type=\"m2e.default\">\n\t\t\t\t<div class=\"elementor-widget-container\">\n\t\t\t<section class=\"mn-m2-e mn-bg-green\">\n\t<div class=\"mn-grid\">\n\t\t<div class=\"mn-grid-3 mn-introtext\">\n\t\t\t\t\t\t\t<p class=\"mn-header\">Wydzia\u0142 Medycyny Weterynaryjnej<\/p>\n\t\t\t\t\t\t\t\t\t\t\t<h3>\n\t\t\t\t\tJubileusz 70-lecia\t\t\t\t<\/h3>\n\t\t\t\t\t\t\t\t\t\t\t\t<\/div>\n\t\t<div class=\"mn-grid-9 mn-image-container\">\n\t\t\t\t\t<\/div>\n\t<\/div>\n\t<\/section>\n\t\t<\/div>\n\t\t\t\t<\/div>\n\t\t\t\t\t\t<\/div>\n\t\t\t\t\t<\/div>\n\t\t<\/div>\n\t\t\t\t\t\t\t\t<\/div>\n\t\t\t\t\t<\/div>\n\t\t<\/section>\n\t\t\t\t<section class=\"elementor-section elementor-top-section elementor-element elementor-element-a2ae7b5 elementor-section-boxed elementor-section-height-default elementor-section-height-default\" data-id=\"a2ae7b5\" data-element_type=\"section\">\n\t\t\t\t\t\t<div class=\"elementor-container elementor-column-gap-default\">\n\t\t\t\t\t\t\t<div class=\"elementor-row\">\n\t\t\t\t\t<div class=\"elementor-column elementor-col-100 elementor-top-column elementor-element elementor-element-ed10c66\" data-id=\"ed10c66\" data-element_type=\"column\">\n\t\t\t<div class=\"elementor-column-wrap elementor-element-populated\">\n\t\t\t\t\t\t\t<div class=\"elementor-widget-wrap\">\n\t\t\t\t\t\t<div class=\"elementor-element elementor-element-e96a22a elementor-widget elementor-widget-m5c\" data-id=\"e96a22a\" data-element_type=\"widget\" data-widget_type=\"m5c.default\">\n\t\t\t\t<div class=\"elementor-widget-container\">\n\t\t\t<section class=\"mn-m5-c mn-bg-white\">\n\t<div class=\"mn-grid\">\n\t\t            <div class=\"mn-menu-container mn-grid-3\">\n                <ul class=\"mn-bg-yellow\">\n\t                                        <li>\n                            <a href=\"#\" class=\"active\" data-hash=\"#\">\n                                Informacje og\u00f3lne                            <\/a>\n                        <\/li>\n                                                <li>\n                            <a href=\"#\" class=\"\" data-hash=\"#\">\n                                Do pobrania (download)                            <\/a>\n                        <\/li>\n                                                <li>\n                            <a href=\"#\" class=\"\" data-hash=\"#\">\n                                Sponsorzy                            <\/a>\n                        <\/li>\n                                                <li>\n                            <a href=\"#\" class=\"\" data-hash=\"#\">\n                                Wystawcy                            <\/a>\n                        <\/li>\n                                                <li>\n                            <a href=\"#\" class=\"\" data-hash=\"#\">\n                                Partnerzy                            <\/a>\n                        <\/li>\n                                                <li>\n                            <a href=\"#\" class=\"\" data-hash=\"#\">\n                                Lokalizacja                            <\/a>\n                        <\/li>\n                                        <\/ul>\n            <\/div>\n\t        \t\t<div class=\"mn-content mn-grid-8\">\n\t\t\t                <div class=\"mn-content-block active\">\n\t                                                        <div class=\"block-text\">\n\t                                        <p><img loading=\"lazy\" class=\"aligncenter size-full wp-image-356\" src=\"http:\/\/nowastrona.up.lublin.pl\/weterynaria\/wp-content\/uploads\/sites\/3\/2020\/11\/70-lecie-med-wet.jpg\" alt=\"\" width=\"650\" height=\"203\" \/><\/p>\n<p style=\"text-align: center;\"><span style=\"font-size: 10pt;\">Uroczyste spotkanie z&nbsp;okazji 70-lecia Wydzia\u0142u<\/span><br \/><span style=\"font-size: 10pt;\">odb\u0119dzie si\u0119 w&nbsp;dniu 18 pa\u017adziernika 2014 r. (sobota)<\/span><br \/><span style=\"font-size: 10pt;\">w Restauracji \u201eEtiuda\u201d w&nbsp;Lublinie przy ul. Na\u0142\u0119czowskiej 123 o&nbsp;godz. 19.00.<\/span><\/p>\n<p>\u00a0<\/p>\n<h3 style=\"text-align: center;\">Oficjalne obchody odby\u0142y si\u0119 w&nbsp;dniach<br \/>od 19 do 20 wrze\u015bnia 2014 roku<\/h3>\n<p>\u00a0<\/p>\n<p>\u00a0<\/p>\n                                        <\/div>\n\t\t\t\t\t\t                                <\/div>\n\t\t\t\t                <div class=\"mn-content-block\">\n\t                                                        <div class=\"block-text\">\n\t                                        <table style=\"border-collapse: collapse; width: 100%; height: 253px;\">\n<tbody>\n<tr style=\"height: 23px;\">\n<th style=\"width: 50%; height: 23px; text-align: right;\">Do pobrania<\/th>\n<th style=\"width: 50%; height: 23px; text-align: right;\">Download<\/th>\n<\/tr>\n<tr style=\"height: 23px;\">\n<td style=\"width: 50%; height: 23px; text-align: right;\">\u00a0<\/td>\n<td style=\"width: 50%; height: 23px; text-align: right;\">Abstracts <a href=\"http:\/\/nowastrona.up.lublin.pl\/weterynaria\/wp-content\/uploads\/sites\/3\/2021\/02\/abstracts.pdf\">abstracts<\/a><\/td>\n<\/tr>\n<tr style=\"height: 23px;\">\n<td style=\"width: 50%; height: 23px; text-align: right;\"><a href=\"http:\/\/nowastrona.up.lublin.pl\/weterynaria\/wp-content\/uploads\/sites\/3\/2021\/02\/rejestracja_formularz.doc\">Rejestracja formularz<\/a><\/td>\n<td style=\"width: 50%; height: 23px; text-align: right;\"><a href=\"http:\/\/nowastrona.up.lublin.pl\/weterynaria\/wp-content\/uploads\/sites\/3\/2021\/02\/registration.doc\">Registration form<\/a><\/td>\n<\/tr>\n<tr style=\"height: 23px;\">\n<td style=\"width: 50%; height: 23px; text-align: right;\">Op\u0142aty <a href=\"http:\/\/nowastrona.up.lublin.pl\/weterynaria\/wp-content\/uploads\/sites\/3\/2021\/02\/oplaty.pdf\">oplaty<\/a><\/td>\n<td style=\"width: 50%; height: 23px; text-align: right;\">Payments <a href=\"http:\/\/nowastrona.up.lublin.pl\/weterynaria\/wp-content\/uploads\/sites\/3\/2021\/02\/payments.pdf\">payments<\/a><\/td>\n<\/tr>\n<tr style=\"height: 23px;\">\n<td style=\"width: 50%; height: 23px; text-align: right;\">Komitet Organizacyjny <a href=\"http:\/\/nowastrona.up.lublin.pl\/weterynaria\/wp-content\/uploads\/sites\/3\/2021\/02\/komitet_organizacyjny2.pdf\">komitet_organizacyjny2<\/a><\/td>\n<td style=\"width: 50%; height: 23px; text-align: right;\">The organising Committee <a href=\"http:\/\/nowastrona.up.lublin.pl\/weterynaria\/wp-content\/uploads\/sites\/3\/2021\/02\/the_organising_committee2.pdf\">the_organising_committee2<\/a><\/td>\n<\/tr>\n<tr style=\"height: 23px;\">\n<td style=\"width: 50%; height: 23px; text-align: right;\">Zakwaterowanie <a href=\"http:\/\/nowastrona.up.lublin.pl\/weterynaria\/wp-content\/uploads\/sites\/3\/2021\/02\/zakwaterowanie.pdf\">zakwaterowanie<\/a><\/td>\n<td style=\"width: 50%; height: 23px; text-align: right;\">Accomodation <a href=\"http:\/\/nowastrona.up.lublin.pl\/weterynaria\/wp-content\/uploads\/sites\/3\/2021\/02\/accommodation.pdf\">accommodation<\/a><\/td>\n<\/tr>\n<tr style=\"height: 23px;\">\n<td style=\"width: 50%; height: 23px; text-align: right;\">Komitet naukowy <a href=\"http:\/\/nowastrona.up.lublin.pl\/weterynaria\/wp-content\/uploads\/sites\/3\/2021\/02\/komitet_naukowy.pdf\">komitet_naukowy<\/a><\/td>\n<td style=\"width: 50%; height: 23px; text-align: right;\">Scientific Comitte <a href=\"http:\/\/nowastrona.up.lublin.pl\/weterynaria\/wp-content\/uploads\/sites\/3\/2021\/02\/scientific_committe.pdf\">scientific_committe<\/a><\/td>\n<\/tr>\n<tr style=\"height: 23px;\">\n<td style=\"width: 50%; height: 23px; text-align: right;\">Sesje <a href=\"http:\/\/nowastrona.up.lublin.pl\/weterynaria\/wp-content\/uploads\/sites\/3\/2021\/02\/sesje2.pdf\">sesje2<\/a><\/td>\n<td style=\"width: 50%; height: 23px; text-align: right;\">Sessions <a href=\"http:\/\/nowastrona.up.lublin.pl\/weterynaria\/wp-content\/uploads\/sites\/3\/2021\/02\/session2.pdf\">session2<\/a><\/td>\n<\/tr>\n<tr style=\"height: 23px;\">\n<td style=\"width: 50%; height: 23px; text-align: right;\">Program ramowy konferencji <a href=\"http:\/\/nowastrona.up.lublin.pl\/weterynaria\/wp-content\/uploads\/sites\/3\/2021\/02\/ramowy-program-konferencji.pdf\">ramowy-program-konferencji<\/a><\/td>\n<td style=\"width: 50%; height: 23px; text-align: right;\">Framework programme <a href=\"http:\/\/nowastrona.up.lublin.pl\/weterynaria\/wp-content\/uploads\/sites\/3\/2021\/02\/framework_programm.pdf\">framework_programm<\/a><\/td>\n<\/tr>\n<tr>\n<td style=\"width: 50%; text-align: right;\">Warsztaty histopatologiczne <a href=\"http:\/\/nowastrona.up.lublin.pl\/weterynaria\/wp-content\/uploads\/sites\/3\/2021\/02\/warsztaty_histopat.pdf\">warsztaty_histopat<\/a><\/td>\n<td style=\"width: 50%; text-align: right;\">\u00a0<\/td>\n<\/tr>\n<tr style=\"height: 23px;\">\n<td style=\"width: 50%; height: 23px; text-align: right;\">\u00a0<\/td>\n<td style=\"width: 50%; height: 23px; text-align: right;\">Conference Programme <a href=\"http:\/\/nowastrona.up.lublin.pl\/weterynaria\/wp-content\/uploads\/sites\/3\/2021\/02\/conference_programme.pdf\">conference_programme<\/a><\/td>\n<\/tr>\n<tr style=\"height: 23px;\">\n<td style=\"width: 50%; height: 23px; text-align: right;\">Plakaty <a href=\"http:\/\/nowastrona.up.lublin.pl\/weterynaria\/wp-content\/uploads\/sites\/3\/2021\/02\/plakaty.pdf\">plakaty<\/a><\/td>\n<td style=\"width: 50%; height: 23px; text-align: right;\">Posters <a href=\"http:\/\/nowastrona.up.lublin.pl\/weterynaria\/wp-content\/uploads\/sites\/3\/2021\/02\/posters.pdf\">posters<\/a><\/td>\n<\/tr>\n<\/tbody>\n<\/table>\n                                        <\/div>\n\t\t\t\t\t\t                                                        <div class=\"block-text\">\n\t                                        <p>\u00a0<\/p>\n<p style=\"text-align: center;\"><a href=\"http:\/\/nowastrona.up.lublin.pl\/weterynaria\/wp-content\/uploads\/sites\/3\/2021\/02\/warsztaty_kardiologiczne2.pdf\">Warsztaty i&nbsp;seminarium \u201cAktualne problemy kardiologii ps\u00f3w i&nbsp;kot\u00f3w\u201d \u201eEchokardiografia ps\u00f3w\u201d<\/a><\/p>\n                                        <\/div>\n\t\t\t\t\t\t                                <\/div>\n\t\t\t\t                <div class=\"mn-content-block\">\n\t                                                        <div class=\"block-text\">\n\t                                        <p><img loading=\"lazy\" class=\"aligncenter size-full wp-image-966\" src=\"http:\/\/nowastrona.up.lublin.pl\/weterynaria\/wp-content\/uploads\/sites\/3\/2021\/02\/sponsorzy-1.png\" alt=\"\" width=\"673\" height=\"281\" \/><\/p>\n                                        <\/div>\n\t\t\t\t\t\t                                <\/div>\n\t\t\t\t                <div class=\"mn-content-block\">\n\t                                                        <div class=\"block-text\">\n\t                                        <p><img loading=\"lazy\" class=\"aligncenter size-full wp-image-970\" src=\"http:\/\/nowastrona.up.lublin.pl\/weterynaria\/wp-content\/uploads\/sites\/3\/2021\/02\/wystawcy.png\" alt=\"\" width=\"585\" height=\"224\" \/><\/p>\n                                        <\/div>\n\t\t\t\t\t\t                                <\/div>\n\t\t\t\t                <div class=\"mn-content-block\">\n\t                                                        <div class=\"block-text\">\n\t                                        <p><img loading=\"lazy\" class=\"aligncenter size-full wp-image-974\" src=\"http:\/\/nowastrona.up.lublin.pl\/weterynaria\/wp-content\/uploads\/sites\/3\/2021\/02\/partnerzy.png\" alt=\"\" width=\"617\" height=\"210\" \/><\/p>\n                                        <\/div>\n\t\t\t\t\t\t                                <\/div>\n\t\t\t\t                <div class=\"mn-content-block\">\n\t                                                        <div class=\"block-text\">\n\t                                        <p><img loading=\"lazy\" class=\"aligncenter size-full wp-image-978\" src=\"http:\/\/nowastrona.up.lublin.pl\/weterynaria\/wp-content\/uploads\/sites\/3\/2021\/02\/mapka.jpg\" alt=\"\" width=\"962\" height=\"813\" \/><\/p>\n                                        <\/div>\n\t\t\t\t\t\t                                <\/div>\n\t\t\t\t\t\t<\/div>\n\t<\/div>\n<\/section>\n\t\t<\/div>\n\t\t\t\t<\/div>\n\t\t\t\t\t\t<\/div>\n\t\t\t\t\t<\/div>\n\t\t<\/div>\n\t\t\t\t\t\t\t\t<\/div>\n\t\t\t\t\t<\/div>\n\t\t<\/section>\n\t\t\t\t\t\t<\/div>\n\t\t\t\t\t\t<\/div>\n\t\t\t\t\t<\/div>\n\t\t","protected":false},"excerpt":{"rendered":"<p>Wydzia\u0142 Medycyny Weterynaryjnej Jubileusz 70-lecia UP Wydzia\u0142 Medycyny Weterynaryjnej Informacje og\u00f3lne Do pobrania (download) Sponsorzy Wystawcy Partnerzy Lokalizacja Uroczyste spotkanie z&nbsp;okazji 70-lecia Wydzia\u0142uodb\u0119dzie si\u0119 w&nbsp;dniu 18 pa\u017adziernika 2014 r. (sobota)w Restauracji \u201eEtiuda\u201d w&nbsp;Lublinie przy ul. Na\u0142\u0119czowskiej 123 o&nbsp;godz. 19.00. \u00a0 Oficjalne obchody odby\u0142y si\u0119 w&nbsp;dniachod 19 do 20 wrze\u015bnia 2014 roku \u00a0 \u00a0 Do pobrania [&hellip;]<\/p>\n","protected":false},"author":2,"featured_media":0,"parent":332,"menu_order":0,"comment_status":"closed","ping_status":"closed","template":"elementor_header_footer","meta":{"_monsterinsights_skip_tracking":false,"_monsterinsights_sitenote_active":false,"_monsterinsights_sitenote_note":"","_monsterinsights_sitenote_category":0},"_links":{"self":[{"href":"https:\/\/up.lublin.pl\/weterynaria\/wp-json\/wp\/v2\/pages\/348"}],"collection":[{"href":"https:\/\/up.lublin.pl\/weterynaria\/wp-json\/wp\/v2\/pages"}],"about":[{"href":"https:\/\/up.lublin.pl\/weterynaria\/wp-json\/wp\/v2\/types\/page"}],"author":[{"embeddable":true,"href":"https:\/\/up.lublin.pl\/weterynaria\/wp-json\/wp\/v2\/users\/2"}],"replies":[{"embeddable":true,"href":"https:\/\/up.lublin.pl\/weterynaria\/wp-json\/wp\/v2\/comments?post=348"}],"version-history":[{"count":19,"href":"https:\/\/up.lublin.pl\/weterynaria\/wp-json\/wp\/v2\/pages\/348\/revisions"}],"predecessor-version":[{"id":991,"href":"https:\/\/up.lublin.pl\/weterynaria\/wp-json\/wp\/v2\/pages\/348\/revisions\/991"}],"up":[{"embeddable":true,"href":"https:\/\/up.lublin.pl\/weterynaria\/wp-json\/wp\/v2\/pages\/332"}],"wp:attachment":[{"href":"https:\/\/up.lublin.pl\/weterynaria\/wp-json\/wp\/v2\/media?parent=348"}],"curies":[{"name":"wp","href":"https:\/\/api.w.org\/{rel}","templated":true}]}}