{"id":330,"date":"2020-11-18T14:39:30","date_gmt":"2020-11-18T13:39:30","guid":{"rendered":"http:\/\/nowastrona.up.lublin.pl\/weterynaria\/?page_id=330"},"modified":"2021-08-12T13:28:11","modified_gmt":"2021-08-12T11:28:11","slug":"historia","status":"publish","type":"page","link":"https:\/\/up.lublin.pl\/weterynaria\/wydzial\/historia\/","title":{"rendered":"Historia"},"content":{"rendered":"\t\t<div data-elementor-type=\"wp-page\" data-elementor-id=\"330\" class=\"elementor elementor-330\" data-elementor-settings=\"[]\">\n\t\t\t\t\t\t<div class=\"elementor-inner\">\n\t\t\t\t\t\t\t<div class=\"elementor-section-wrap\">\n\t\t\t\t\t\t\t<section class=\"elementor-section elementor-top-section elementor-element elementor-element-b88d440 elementor-section-boxed elementor-section-height-default elementor-section-height-default\" data-id=\"b88d440\" data-element_type=\"section\">\n\t\t\t\t\t\t<div class=\"elementor-container elementor-column-gap-default\">\n\t\t\t\t\t\t\t<div class=\"elementor-row\">\n\t\t\t\t\t<div class=\"elementor-column elementor-col-100 elementor-top-column elementor-element elementor-element-d444ed9\" data-id=\"d444ed9\" data-element_type=\"column\">\n\t\t\t<div class=\"elementor-column-wrap elementor-element-populated\">\n\t\t\t\t\t\t\t<div class=\"elementor-widget-wrap\">\n\t\t\t\t\t\t<div class=\"elementor-element elementor-element-1bd2331 elementor-widget elementor-widget-m2e\" data-id=\"1bd2331\" data-element_type=\"widget\" data-widget_type=\"m2e.default\">\n\t\t\t\t<div class=\"elementor-widget-container\">\n\t\t\t<section class=\"mn-m2-e mn-bg-green\">\n\t<div class=\"mn-grid\">\n\t\t<div class=\"mn-grid-3 mn-introtext\">\n\t\t\t\t\t\t\t<p class=\"mn-header\">Wydzia\u0142 Medycyny Weterynaryjnej<\/p>\n\t\t\t\t\t\t\t\t\t\t\t<h3>\n\t\t\t\t\tHistoria\t\t\t\t<\/h3>\n\t\t\t\t\t\t\t\t\t\t\t\t<\/div>\n\t\t<div class=\"mn-grid-9 mn-image-container\">\n\t\t\t\t\t<\/div>\n\t<\/div>\n\t<\/section>\n\t\t<\/div>\n\t\t\t\t<\/div>\n\t\t\t\t\t\t<\/div>\n\t\t\t\t\t<\/div>\n\t\t<\/div>\n\t\t\t\t\t\t\t\t<\/div>\n\t\t\t\t\t<\/div>\n\t\t<\/section>\n\t\t\t\t<section class=\"elementor-section elementor-top-section elementor-element elementor-element-300b768 elementor-section-boxed elementor-section-height-default elementor-section-height-default\" data-id=\"300b768\" data-element_type=\"section\">\n\t\t\t\t\t\t<div class=\"elementor-container elementor-column-gap-default\">\n\t\t\t\t\t\t\t<div class=\"elementor-row\">\n\t\t\t\t\t<div class=\"elementor-column elementor-col-100 elementor-top-column elementor-element elementor-element-d39bd56\" data-id=\"d39bd56\" data-element_type=\"column\">\n\t\t\t<div class=\"elementor-column-wrap elementor-element-populated\">\n\t\t\t\t\t\t\t<div class=\"elementor-widget-wrap\">\n\t\t\t\t\t\t<div class=\"elementor-element elementor-element-eb69a71 elementor-widget elementor-widget-m5c\" data-id=\"eb69a71\" data-element_type=\"widget\" data-widget_type=\"m5c.default\">\n\t\t\t\t<div class=\"elementor-widget-container\">\n\t\t\t<section class=\"mn-m5-c mn-m5-d2 mn-bg-white\">\n\t<div class=\"mn-grid\">\n\t\t\t\t<div class=\"mn-content mn-grid-9\">\n\t\t\t                <div class=\"mn-content-block active\">\n\t                                                        <div class=\"block-text\">\n\t                                        <p>Historia Wydzia\u0142u Medycyny Weterynaryjnej datuje si\u0119 od 10 pa\u017adziernika 1944 r. i&nbsp;jest nierozerwalnie zwi\u0105zana z&nbsp;powstaniem 23 pa\u017adziernika 1944 r. Uniwersytetem Marii Curie-Sk\u0142odowskiej. Powo\u0142ano w\u00f3wczas 4 pierwsze wydzia\u0142y: Przyrodniczy, Rolny, Lekarski i&nbsp;w\u0142a\u015bnie Wydzia\u0142 Weterynaryjny.<\/p>\n<p>W roku akademickim 1944\/1945 uruchomiono pierwsze dwa lata studi\u00f3w ze 160 studentami o&nbsp;r\u00f3\u017cnym stopniu zaawansowania wiedzy wyniesionej z&nbsp;przedwojennych uczelni weterynaryjnych. Powo\u0142ana komisja egzaminacyjna mog\u0142a ju\u017c w&nbsp;1945 r. wyda\u0107 7 pierwszych dyplom\u00f3w lekarza weterynarii w&nbsp;powojennej Polsce. W&nbsp;1945 r. nadano dwa stopnie doktora habilitowanego (Stefan Koeppe i&nbsp;Tadeusz \u017buli\u0144ski) oraz 5 stopni doktora nauk weterynaryjnych.<\/p>\n<p>W kwietniu 1946 r. powsta\u0142o 13 podstawowych katedr, cz\u0119sto wsp\u00f3lnych dla pozosta\u0142ych wydzia\u0142\u00f3w nowego uniwersytetu, a&nbsp;rozmieszczonych w&nbsp;r\u00f3\u017cnych cz\u0119\u015bciach miasta. W&nbsp;po\u0142owie lat 50. wybudowao nowy gmach\u00f3w dydaktyczny Collegium Veterinarium oraz kliniki weterynaryjne. Zlokalizowano w&nbsp;nich wszystkie jednostki Wydzia\u0142u, z&nbsp;wyj\u0105tkiem Zak\u0142adu Biochemii (siedziba przy ul. Lubartowskiej).<\/p>\n<p>Pierwszym dziekanem by\u0142 prof. dr J\u00f3zef Parnas. Dzie\u0142o to sukcesywnie kontynuowali kolejni dziekani Wydzia\u0142u, profesorowie: Kazimierz Krysiak, Alfred Trawi\u0144ski (4 kadencje), Tadeusz \u017buli\u0144ski i&nbsp;Marian Chomiak.<\/p>\n<p>\u00a0<\/p>\n<p>W roku 1955 Wydzia\u0142 wszed\u0142 w&nbsp;sk\u0142ad nowo powsta\u0142ej Wy\u017cszej Szko\u0142y Rolniczej (WSR), przemianowanej w&nbsp;1972 r. na Akademi\u0119 Rolnicz\u0105, a&nbsp;w 2008 Uniwersytet Przyrodniczy w&nbsp;Lublinie. W&nbsp;strukturze tej uczelni trzech profesor\u00f3w Wydzia\u0142u, Marian Chomiak, Janusz Welento (3 kadencje) i&nbsp;Edmund Prost (2 kadencje) pe\u0142ni\u0142o funkcje rektora. Natomiast funkcje dziekana Wydzia\u0142u pe\u0142nili profesorowie: Zdzis\u0142aw Finik (2 kadencje), Feliks Sta\u0144ski (2 kadencje), Edmund Prost (2 kadencje), Grzegorz Sta\u015bkiewicz i&nbsp;Janusz Welento, Stanis\u0142aw Wo\u0142oszyn, Jan Buczek, Janusz Wawrzkiewicz (2 kadencje), Zbigniew Pomorski (2 kadencje), Andrzej Wernicki (3 kadencje), Stanis\u0142aw Winiarczyk (2 kadencje). Obecnie dziekanem Wydzia\u0142u jest dr hab. Iwona Puzio prof. uczelni.<\/p>\n<p>W roku 1995 decyzj\u0105 Rady Wydzia\u0142u zmieniono jego nazw\u0119 na Wydzia\u0142 Medycyny Weterynaryjnej, podobnie jak 3 pozosta\u0142ych krajowych fakultet\u00f3w weterynaryjnych. Tym samym powr\u00f3cono do tradycyjnej nazwy, kt\u00f3r\u0105 nosi\u0142a ju\u017c w&nbsp;ko\u0144cu XIX w. Lwowska Akademia Medycyny Weterynaryjnej.<\/p>\n<h4>Tytu\u0142y honorowe dla pracownik\u00f3w Wydzia\u0142u<\/h4>\n<p>prof. dr hab. Janusz Welento, doctor honoris causa, Uniwersytet Rolniczy w&nbsp;Debreczynie (1978)<br \/>prof. dr hab. Grzegorz Sta\u015bkiewicz, doctor honoris causa, Akademia Rolnicza w&nbsp;Lublinie (1989)<br \/>prof. dr hab. Stefan St\u0119pkowski, doctor honoris causa, Akademia Rolnicza w&nbsp;Lublinie (1989);<br \/>prof. dr hab. Stanis\u0142aw Wo\u0142oszyn, doctor honoris causa, Wy\u017csza Szko\u0142a Weterynaryjna w&nbsp;Koszycach (1989)<br \/>prof. dr hab. Edmund Prost, doctor honoris causa, Uniwersytet Humboldta w&nbsp;Berlinie oraz w&nbsp;Akademia Rolnicza w&nbsp;Lublinie (1999);<br \/>prof. dr hab. Zbigniew Pomorski, profesor honoris causa, l\u2019\u0116cole Nationale V\u0117t\u0117rinaire de Lyon (1998)<\/p>\n<p>prof. dr hab. Stanis\u0142aw Winiarczyk,profesor honoris causa, Lwowski Narodowy Uniwersytet Medycyny Weterynaryjnej i&nbsp;Biotechnologii we Lwowie (2017)<\/p>\n                                        <\/div>\n\t\t\t\t\t\t                                <\/div>\n\t\t\t\t                <div class=\"mn-content-block\">\n\t                                <\/div>\n\t\t\t\t                <div class=\"mn-content-block\">\n\t                                <\/div>\n\t\t\t\t                <div class=\"mn-content-block\">\n\t                                <\/div>\n\t\t\t\t                <div class=\"mn-content-block\">\n\t                                <\/div>\n\t\t\t\t                <div class=\"mn-content-block\">\n\t                                <\/div>\n\t\t\t\t                <div class=\"mn-content-block\">\n\t                                <\/div>\n\t\t\t\t                <div class=\"mn-content-block\">\n\t                                <\/div>\n\t\t\t\t                <div class=\"mn-content-block\">\n\t                                <\/div>\n\t\t\t\t                <div class=\"mn-content-block\">\n\t                                <\/div>\n\t\t\t\t                <div class=\"mn-content-block\">\n\t                                <\/div>\n\t\t\t\t                <div class=\"mn-content-block\">\n\t                                <\/div>\n\t\t\t\t                <div class=\"mn-content-block\">\n\t                                <\/div>\n\t\t\t\t                <div class=\"mn-content-block\">\n\t                                <\/div>\n\t\t\t\t                <div class=\"mn-content-block\">\n\t                                <\/div>\n\t\t\t\t                <div class=\"mn-content-block\">\n\t                                <\/div>\n\t\t\t\t                <div class=\"mn-content-block\">\n\t                                <\/div>\n\t\t\t\t                <div class=\"mn-content-block\">\n\t                                <\/div>\n\t\t\t\t                <div class=\"mn-content-block\">\n\t                                <\/div>\n\t\t\t\t                <div class=\"mn-content-block\">\n\t                                <\/div>\n\t\t\t\t\t\t<\/div>\n\t<\/div>\n<\/section>\n\t\t<\/div>\n\t\t\t\t<\/div>\n\t\t\t\t\t\t<\/div>\n\t\t\t\t\t<\/div>\n\t\t<\/div>\n\t\t\t\t\t\t\t\t<\/div>\n\t\t\t\t\t<\/div>\n\t\t<\/section>\n\t\t\t\t\t\t<\/div>\n\t\t\t\t\t\t<\/div>\n\t\t\t\t\t<\/div>\n\t\t","protected":false},"excerpt":{"rendered":"<p>Wydzia\u0142 Medycyny Weterynaryjnej Historia UP Wydzia\u0142 Medycyny Weterynaryjnej Historia Wydzia\u0142u Medycyny Weterynaryjnej datuje si\u0119 od 10 pa\u017adziernika 1944 r. i&nbsp;jest nierozerwalnie zwi\u0105zana z&nbsp;powstaniem 23 pa\u017adziernika 1944 r. Uniwersytetem Marii Curie-Sk\u0142odowskiej. Powo\u0142ano w\u00f3wczas 4 pierwsze wydzia\u0142y: Przyrodniczy, Rolny, Lekarski i&nbsp;w\u0142a\u015bnie Wydzia\u0142 Weterynaryjny. W roku akademickim 1944\/1945 uruchomiono pierwsze dwa lata studi\u00f3w ze 160 studentami o&nbsp;r\u00f3\u017cnym stopniu [&hellip;]<\/p>\n","protected":false},"author":2,"featured_media":0,"parent":200,"menu_order":0,"comment_status":"closed","ping_status":"closed","template":"elementor_header_footer","meta":{"_monsterinsights_skip_tracking":false,"_monsterinsights_sitenote_active":false,"_monsterinsights_sitenote_note":"","_monsterinsights_sitenote_category":0},"_links":{"self":[{"href":"https:\/\/up.lublin.pl\/weterynaria\/wp-json\/wp\/v2\/pages\/330"}],"collection":[{"href":"https:\/\/up.lublin.pl\/weterynaria\/wp-json\/wp\/v2\/pages"}],"about":[{"href":"https:\/\/up.lublin.pl\/weterynaria\/wp-json\/wp\/v2\/types\/page"}],"author":[{"embeddable":true,"href":"https:\/\/up.lublin.pl\/weterynaria\/wp-json\/wp\/v2\/users\/2"}],"replies":[{"embeddable":true,"href":"https:\/\/up.lublin.pl\/weterynaria\/wp-json\/wp\/v2\/comments?post=330"}],"version-history":[{"count":20,"href":"https:\/\/up.lublin.pl\/weterynaria\/wp-json\/wp\/v2\/pages\/330\/revisions"}],"predecessor-version":[{"id":149270,"href":"https:\/\/up.lublin.pl\/weterynaria\/wp-json\/wp\/v2\/pages\/330\/revisions\/149270"}],"up":[{"embeddable":true,"href":"https:\/\/up.lublin.pl\/weterynaria\/wp-json\/wp\/v2\/pages\/200"}],"wp:attachment":[{"href":"https:\/\/up.lublin.pl\/weterynaria\/wp-json\/wp\/v2\/media?parent=330"}],"curies":[{"name":"wp","href":"https:\/\/api.w.org\/{rel}","templated":true}]}}