{"id":326,"date":"2020-11-18T14:39:00","date_gmt":"2020-11-18T13:39:00","guid":{"rendered":"http:\/\/nowastrona.up.lublin.pl\/weterynaria\/?page_id=326"},"modified":"2026-04-08T11:04:24","modified_gmt":"2026-04-08T09:04:24","slug":"komisje-wydzialowe","status":"publish","type":"page","link":"https:\/\/up.lublin.pl\/weterynaria\/wydzial\/komisje-wydzialowe\/","title":{"rendered":"Komisje wydzia\u0142owe"},"content":{"rendered":"\t\t<div data-elementor-type=\"wp-page\" data-elementor-id=\"326\" class=\"elementor elementor-326\" data-elementor-settings=\"[]\">\n\t\t\t\t\t\t<div class=\"elementor-inner\">\n\t\t\t\t\t\t\t<div class=\"elementor-section-wrap\">\n\t\t\t\t\t\t\t<section class=\"elementor-section elementor-top-section elementor-element elementor-element-969fe9e elementor-section-boxed elementor-section-height-default elementor-section-height-default\" data-id=\"969fe9e\" data-element_type=\"section\">\n\t\t\t\t\t\t<div class=\"elementor-container elementor-column-gap-default\">\n\t\t\t\t\t\t\t<div class=\"elementor-row\">\n\t\t\t\t\t<div class=\"elementor-column elementor-col-100 elementor-top-column elementor-element elementor-element-85517c2\" data-id=\"85517c2\" data-element_type=\"column\">\n\t\t\t<div class=\"elementor-column-wrap elementor-element-populated\">\n\t\t\t\t\t\t\t<div class=\"elementor-widget-wrap\">\n\t\t\t\t\t\t<div class=\"elementor-element elementor-element-6649616 elementor-widget elementor-widget-m2e\" data-id=\"6649616\" data-element_type=\"widget\" data-widget_type=\"m2e.default\">\n\t\t\t\t<div class=\"elementor-widget-container\">\n\t\t\t<section class=\"mn-m2-e mn-bg-green\">\n\t<div class=\"mn-grid\">\n\t\t<div class=\"mn-grid-3 mn-introtext\">\n\t\t\t\t\t\t\t<p class=\"mn-header\">Wydzia\u0142 Medycyny Weterynaryjnej<\/p>\n\t\t\t\t\t\t\t\t\t\t\t<h3>\n\t\t\t\t\tKomisje Wydzia\u0142owe\t\t\t\t<\/h3>\n\t\t\t\t\t\t\t\t\t\t\t\t<\/div>\n\t\t<div class=\"mn-grid-9 mn-image-container\">\n\t\t\t\t\t<\/div>\n\t<\/div>\n\t<\/section>\n\t\t<\/div>\n\t\t\t\t<\/div>\n\t\t\t\t\t\t<\/div>\n\t\t\t\t\t<\/div>\n\t\t<\/div>\n\t\t\t\t\t\t\t\t<\/div>\n\t\t\t\t\t<\/div>\n\t\t<\/section>\n\t\t\t\t<section class=\"elementor-section elementor-top-section elementor-element elementor-element-57d5135 elementor-section-boxed elementor-section-height-default elementor-section-height-default\" data-id=\"57d5135\" data-element_type=\"section\">\n\t\t\t\t\t\t<div class=\"elementor-container elementor-column-gap-default\">\n\t\t\t\t\t\t\t<div class=\"elementor-row\">\n\t\t\t\t\t<div class=\"elementor-column elementor-col-100 elementor-top-column elementor-element elementor-element-4ecfb4d\" data-id=\"4ecfb4d\" data-element_type=\"column\">\n\t\t\t<div class=\"elementor-column-wrap elementor-element-populated\">\n\t\t\t\t\t\t\t<div class=\"elementor-widget-wrap\">\n\t\t\t\t\t\t<div class=\"elementor-element elementor-element-ac4ac2f elementor-widget elementor-widget-m5c\" data-id=\"ac4ac2f\" data-element_type=\"widget\" data-widget_type=\"m5c.default\">\n\t\t\t\t<div class=\"elementor-widget-container\">\n\t\t\t<section class=\"mn-m5-c mn-m5-d2 mn-bg-white\">\n\t<div class=\"mn-grid\">\n\t\t\t\t<div class=\"mn-content mn-grid-9\">\n\t\t\t                <div class=\"mn-content-block active\">\n\t                                                        <ul class=\"mn-accordion\">\n                                            <li>\n                                                <h4 class=\"mn-accordion-title\">Sk\u0142ad Komisji ds. Kadr i&nbsp;Oceny Nauczycieli Akademickich<\/h4>\n                                                <div>\n\t\t\t\t\t\t\t\t\t                <p>Dr hab. Mariola Bochniarz, prof. uczelni \u2013 <strong>przewodnicz\u0105ca<\/strong><\/p>\n<p>Prof. dr hab. Krzysztof Tomczuk<\/p>\n<p>Prof dr hab. Witold K\u0119dzierski<\/p>\n<p>Prof dr hab. Piotr Brodzki<\/p>\n<p>Dr hab Leszek Guz prof uczelni<\/p>\n<p>Dr hab. Anna \u015amiech prof. uczelni<\/p>\n<p>Dr hab. Marek Bie\u0144ko prof. uczelni<\/p>\n<p>Dr hab. Sobczy\u0144ska-Rak<\/p>\n                                                <\/div>\n                                            <\/li>\n                                        <\/ul>\n\t\t\t\t\t\t                                                        <ul class=\"mn-accordion\">\n                                            <li>\n                                                <h4 class=\"mn-accordion-title\">Sk\u0142ad Zespo\u0142u ds. Dobrostanu<\/h4>\n                                                <div>\n\t\t\t\t\t\t\t\t\t                <p>Dr hab. \u0141ukasz Jarosz, prof. uczelni \u2013 <strong>przewodnicz\u0105cy<\/strong><\/p>\n<p>Prof. dr hab. Renata Urban-Chmiel<\/p>\n<p>dr hab Marek Bie\u0144ko prof uczelni<\/p>\n<p>dr hab Marta W\u00f3jcik prof uczelni<\/p>\n<p>dr Jan Marczuk<\/p>\n                                                <\/div>\n                                            <\/li>\n                                        <\/ul>\n\t\t\t\t\t\t                                                        <ul class=\"mn-accordion\">\n                                            <li>\n                                                <h4 class=\"mn-accordion-title\">Sk\u0142ad Zespo\u0142u ds. akredytacji EAEVE<\/h4>\n                                                <div>\n\t\t\t\t\t\t\t\t\t                <p>Prof. dr hab. Aneta Nowakiewicz<\/p>\n<p>Prof. dr hab. Roman D\u0105browski<\/p>\n<p>Prof. dr hab. \u0141ukasz Adaszek<\/p>\n<p>Prof. dr hab. Izabela Polkowska<\/p>\n<p>Dr hab. Wojciech \u0141opuszy\u0144ski prof. uczelni<\/p>\n<p>Dr hab. Agnieszka Marek prof. uczelni<\/p>\n<p>Dr hab. Beata Abramowicz<\/p>\n<p>Dr hab. Micha\u0142 Gondek<\/p>\n                                                <\/div>\n                                            <\/li>\n                                        <\/ul>\n\t\t\t\t\t\t                                                        <ul class=\"mn-accordion\">\n                                            <li>\n                                                <h4 class=\"mn-accordion-title\">Sk\u0142ad Zespo\u0142u ds. promocji Wydzia\u0142u<\/h4>\n                                                <div>\n\t\t\t\t\t\t\t\t\t                <p>Dr Ma\u0142gorzata Komar &#8211; <strong>przewodnicz\u0105ca<\/strong><\/p>\n<p>Dr Beata Nowicka<\/p>\n<p>Dr hab. Jerzy Zi\u0119tek<\/p>\n<p>Dr hab. Micha\u0142 Krzysiak, prof. uczelni<\/p>\n<p>Dr Rados\u0142aw Szalak<\/p>\n<p>Dr Monika Ma\u0107kowiak Dryka<\/p>\n<p>Lek. wet. Bart\u0142omiej Szymczak<\/p>\n<p>Lek. wet. Marco Wochnik<\/p>\n<p>mgr in\u017c Agata Hahaj &#8211; Siembida<\/p>\n                                                <\/div>\n                                            <\/li>\n                                        <\/ul>\n\t\t\t\t\t\t                                                        <ul class=\"mn-accordion\">\n                                            <li>\n                                                <h4 class=\"mn-accordion-title\">Sk\u0142ad Wydzia\u0142owej  Komisji ds. Jako\u015bci Kszta\u0142cenia<\/h4>\n                                                <div>\n\t\t\t\t\t\t\t\t\t                <p>Dr hab. Joanna Wessely \u2013 Szponder prof. uczelni \u2013 <strong>przewodnicz\u0105ca<\/strong><\/p>\n<p>Prof. dr hab. Izabela Polkowska<\/p>\n<p>Prof. dr hab. Roman D\u0105browski<\/p>\n<p>Dr hab. Sylwester Kowalik, prof. uczelni<\/p>\n<p>Dr hab. Leszek Guz, prof. uczelni<\/p>\n<p>Dr Tomasz Piech<\/p>\n<p>Martyna Fr\u0105tczak \u2013 przedstawiciel student\u00f3w<\/p>\n<p>lek. wet. Tomasz Brzana \u2013 przedstawiciel otoczenia spo\u0142eczno-gospodarczego<\/p>\n                                                <\/div>\n                                            <\/li>\n                                        <\/ul>\n\t\t\t\t\t\t                                                        <ul class=\"mn-accordion\">\n                                            <li>\n                                                <h4 class=\"mn-accordion-title\">Zesp\u00f3\u0142 ds. kontroli zarz\u0105dczej<\/h4>\n                                                <div>\n\t\t\t\t\t\t\t\t\t                <p><strong>Przewodnicz\u0105cy:\u00a0<\/strong><\/p>\n<ul>\n<li>prof. dr hab.Krzysztof Tomczuk<\/li>\n<\/ul>\n<p><strong>Cz\u0142onkowie:<\/strong><\/p>\n<ul>\n<li>dr hab. Dagmara St\u0119pie\u0144-Py\u015bniak prof. uczelni &#8211; obszar naukowy<\/li>\n<li>dr hab. Piotr Listos prof. uczelni &#8211; obszar dydaktyczny<\/li>\n<li>dr hab. Beata Abramowicz &#8211; obszar us\u0142ugowy (kliniki weterynaryjne)<\/li>\n<\/ul>\n                                                <\/div>\n                                            <\/li>\n                                        <\/ul>\n\t\t\t\t\t\t                                                        <ul class=\"mn-accordion\">\n                                            <li>\n                                                <h4 class=\"mn-accordion-title\">Komisja ds. Ewaluacji Dyscypliny Weterynaria<\/h4>\n                                                <div>\n\t\t\t\t\t\t\t\t\t                <ul>\n<li><span style=\"font-size: 14px\">dr hab. Renata Pyz \u0141ukasik- <strong>przewodnicz\u0105ca<\/strong><\/span><\/li>\n<li><span style=\"font-size: 14px\">dr hab. Marta Dec, prof. uczelni<\/span><\/li>\n<li><span style=\"font-size: 14px\">dr hab. Leszek Guz, prof. uczelni<\/span><\/li>\n<li><span style=\"font-size: 14px\">dr hab. Ma\u0142gorzata Kapica prof. uczelni<\/span><\/li>\n<li><span style=\"font-size: 14px\">dr hab. Beata \u0141ebkowska-Wieruszewska prof. uczelni<\/span><\/li>\n<li><span style=\"font-size: 14px\">dr hab. Waldemar Paszkiewicz, prof. uczelni<\/span><\/li>\n<\/ul>\n<div>\u00a0<\/div>\n                                                <\/div>\n                                            <\/li>\n                                        <\/ul>\n\t\t\t\t\t\t                                <\/div>\n\t\t\t\t                <div class=\"mn-content-block\">\n\t                                <\/div>\n\t\t\t\t                <div class=\"mn-content-block\">\n\t                                <\/div>\n\t\t\t\t                <div class=\"mn-content-block\">\n\t                                <\/div>\n\t\t\t\t                <div class=\"mn-content-block\">\n\t                                <\/div>\n\t\t\t\t                <div class=\"mn-content-block\">\n\t                                <\/div>\n\t\t\t\t                <div class=\"mn-content-block\">\n\t                                <\/div>\n\t\t\t\t                <div class=\"mn-content-block\">\n\t                                <\/div>\n\t\t\t\t                <div class=\"mn-content-block\">\n\t                                <\/div>\n\t\t\t\t                <div class=\"mn-content-block\">\n\t                                <\/div>\n\t\t\t\t                <div class=\"mn-content-block\">\n\t                                <\/div>\n\t\t\t\t                <div class=\"mn-content-block\">\n\t                                <\/div>\n\t\t\t\t                <div class=\"mn-content-block\">\n\t                                <\/div>\n\t\t\t\t                <div class=\"mn-content-block\">\n\t                                <\/div>\n\t\t\t\t                <div class=\"mn-content-block\">\n\t                                <\/div>\n\t\t\t\t                <div class=\"mn-content-block\">\n\t                                <\/div>\n\t\t\t\t                <div class=\"mn-content-block\">\n\t                                <\/div>\n\t\t\t\t                <div class=\"mn-content-block\">\n\t                                <\/div>\n\t\t\t\t                <div class=\"mn-content-block\">\n\t                                <\/div>\n\t\t\t\t                <div class=\"mn-content-block\">\n\t                                <\/div>\n\t\t\t\t\t\t<\/div>\n\t<\/div>\n<\/section>\n\t\t<\/div>\n\t\t\t\t<\/div>\n\t\t\t\t\t\t<\/div>\n\t\t\t\t\t<\/div>\n\t\t<\/div>\n\t\t\t\t\t\t\t\t<\/div>\n\t\t\t\t\t<\/div>\n\t\t<\/section>\n\t\t\t\t\t\t<\/div>\n\t\t\t\t\t\t<\/div>\n\t\t\t\t\t<\/div>\n\t\t","protected":false},"excerpt":{"rendered":"<p>Wydzia\u0142 Medycyny Weterynaryjnej Komisje Wydzia\u0142owe UP Wydzia\u0142 Medycyny Weterynaryjnej Sk\u0142ad Komisji ds. Kadr i&nbsp;Oceny Nauczycieli Akademickich Dr hab. Mariola Bochniarz, prof. uczelni \u2013 przewodnicz\u0105ca Prof. dr hab. Krzysztof Tomczuk Prof dr hab. Witold K\u0119dzierski Prof dr hab. Piotr Brodzki Dr hab Leszek Guz prof uczelni Dr hab. Anna \u015amiech prof. uczelni Dr hab. Marek Bie\u0144ko [&hellip;]<\/p>\n","protected":false},"author":2,"featured_media":0,"parent":200,"menu_order":0,"comment_status":"closed","ping_status":"closed","template":"elementor_header_footer","meta":{"_monsterinsights_skip_tracking":false,"_monsterinsights_sitenote_active":false,"_monsterinsights_sitenote_note":"","_monsterinsights_sitenote_category":0},"_links":{"self":[{"href":"https:\/\/up.lublin.pl\/weterynaria\/wp-json\/wp\/v2\/pages\/326"}],"collection":[{"href":"https:\/\/up.lublin.pl\/weterynaria\/wp-json\/wp\/v2\/pages"}],"about":[{"href":"https:\/\/up.lublin.pl\/weterynaria\/wp-json\/wp\/v2\/types\/page"}],"author":[{"embeddable":true,"href":"https:\/\/up.lublin.pl\/weterynaria\/wp-json\/wp\/v2\/users\/2"}],"replies":[{"embeddable":true,"href":"https:\/\/up.lublin.pl\/weterynaria\/wp-json\/wp\/v2\/comments?post=326"}],"version-history":[{"count":62,"href":"https:\/\/up.lublin.pl\/weterynaria\/wp-json\/wp\/v2\/pages\/326\/revisions"}],"predecessor-version":[{"id":166888,"href":"https:\/\/up.lublin.pl\/weterynaria\/wp-json\/wp\/v2\/pages\/326\/revisions\/166888"}],"up":[{"embeddable":true,"href":"https:\/\/up.lublin.pl\/weterynaria\/wp-json\/wp\/v2\/pages\/200"}],"wp:attachment":[{"href":"https:\/\/up.lublin.pl\/weterynaria\/wp-json\/wp\/v2\/media?parent=326"}],"curies":[{"name":"wp","href":"https:\/\/api.w.org\/{rel}","templated":true}]}}