{"id":324,"date":"2020-11-18T14:38:45","date_gmt":"2020-11-18T13:38:45","guid":{"rendered":"http:\/\/nowastrona.up.lublin.pl\/weterynaria\/?page_id=324"},"modified":"2025-12-15T10:43:48","modified_gmt":"2025-12-15T09:43:48","slug":"kolegium-wydzialu","status":"publish","type":"page","link":"https:\/\/up.lublin.pl\/weterynaria\/wydzial\/kolegium-wydzialu\/","title":{"rendered":"Kolegium wydzia\u0142u"},"content":{"rendered":"\t\t<div data-elementor-type=\"wp-page\" data-elementor-id=\"324\" class=\"elementor elementor-324\" data-elementor-settings=\"[]\">\n\t\t\t\t\t\t<div class=\"elementor-inner\">\n\t\t\t\t\t\t\t<div class=\"elementor-section-wrap\">\n\t\t\t\t\t\t\t<section class=\"elementor-section elementor-top-section elementor-element elementor-element-5da27c3 elementor-section-boxed elementor-section-height-default elementor-section-height-default\" data-id=\"5da27c3\" data-element_type=\"section\">\n\t\t\t\t\t\t<div class=\"elementor-container elementor-column-gap-default\">\n\t\t\t\t\t\t\t<div class=\"elementor-row\">\n\t\t\t\t\t<div class=\"elementor-column elementor-col-100 elementor-top-column elementor-element elementor-element-beeb0dc\" data-id=\"beeb0dc\" data-element_type=\"column\">\n\t\t\t<div class=\"elementor-column-wrap elementor-element-populated\">\n\t\t\t\t\t\t\t<div class=\"elementor-widget-wrap\">\n\t\t\t\t\t\t<div class=\"elementor-element elementor-element-c256cd2 elementor-widget elementor-widget-m2d\" data-id=\"c256cd2\" data-element_type=\"widget\" data-widget_type=\"m2d.default\">\n\t\t\t\t<div class=\"elementor-widget-container\">\n\t\t\t<section class=\"mn-m2-d mn-bg-green\">\r\n\t<div class=\"mn-grid\">\r\n\t\t<div class=\"mn-grid-12 mn-introtext\">\r\n\t\t\t\t\t\t\t<h3>\r\n\t\t\t\t\tKolegium wydzia\u0142u\t\t\t\t<\/h3>\r\n\t\t\t\t\t\t<\/div>\r\n\t\t\t        \r\n\r\n\t<\/div>\r\n\t<\/section>\r\n\t\t<\/div>\n\t\t\t\t<\/div>\n\t\t\t\t<div class=\"elementor-element elementor-element-a31e743 elementor-widget elementor-widget-m5c\" data-id=\"a31e743\" data-element_type=\"widget\" data-widget_type=\"m5c.default\">\n\t\t\t\t<div class=\"elementor-widget-container\">\n\t\t\t<section class=\"mn-m5-c mn-bg-white\">\n\t<div class=\"mn-grid\">\n\t\t            <div class=\"mn-menu-container mn-grid-3\">\n                <ul class=\"mn-bg-yellow\">\n\t                                        <li>\n                            <a href=\"#\" class=\"active\" data-hash=\"#\">\n                                Sk\u0142ad osobowy                            <\/a>\n                        <\/li>\n                                                <li>\n                            <a href=\"#\" class=\"\" data-hash=\"#\">\n                                Terminy posiedze\u0144                            <\/a>\n                        <\/li>\n                                                <li>\n                            <a href=\"#\" class=\"\" data-hash=\"#\">\n                                Komunikaty                            <\/a>\n                        <\/li>\n                                        <\/ul>\n            <\/div>\n\t        \t\t<div class=\"mn-content mn-grid-8\">\n\t\t\t                <div class=\"mn-content-block active\">\n\t                                                        <div class=\"block-text\">\n\t                                        <div class=\"block-text\">\n<h3>Kolegium Wydzia\u0142u Medycyny Weterynaryjnej<\/h3>\n<h4>Przewodnicz\u0105ca Kolegium Wydzia\u0142u:<\/p>\n<\/h4>\n<p>Prof. dr hab. Aneta Nowakiewicz<br \/>tel. 81-445-60-08<br \/>e-mail: <span id=\"eeb-861257-758327\">aneta.nowakiewicz@up.lublin.pl<\/span><\/p>\n<\/div>\n<div class=\"block-text\">\n<div class=\"block-text\">\n<h4>\u00a0<\/h4>\n<h4>Obs\u0142uga administracyjna <br \/>Kolegium Wydzia\u0142u:<\/p>\n<\/h4>\n<p>mgr in\u017c. Agata Rutkowska<br \/>tel. 81-528-47-25<br \/>e-mail: <span id=\"eeb-236988-253701\"><span id=\"eeb-640711-581417\">agata.rutkowska@up.lublin.pl<\/span><\/span><\/p>\n<p>\u00a0<\/p>\n<\/div>\n<\/div>\n                                        <\/div>\n\t\t\t\t\t\t                                                        <ul class=\"mn-accordion\">\n                                            <li>\n                                                <h4 class=\"mn-accordion-title\">Sk\u0142ad osobowy Kolegium Wydzia\u0142u Medycyny Weterynaryjnej - kadencja 2024-2028<\/h4>\n                                                <div>\n\t\t\t\t\t\t\t\t\t                <ol>\n<li>dr hab. Aneta NOWAKIEWICZ &#8211; DZIEKAN<\/li>\n<li>dr hab. \u0141ukasz ADASZEK &#8211; PRODZIEKAN<\/li>\n<li>dr hab. Marcin ARCISZEWSKI<\/li>\n<li>dr hab. Roman D\u0104BROWSKI<\/li>\n<li>dr hab. Marta KANKOFER<\/li>\n<li>dr hab. Izabela POLKOWSKA<\/li>\n<li>dr hab. Krzysztof TOMCZUK<\/li>\n<li>dr hab. Renata URBAN-CHMIEL<\/li>\n<li>Dr hab. Artur BURMA\u0143CZUK, uczelni<\/li>\n<li>Dr hab. Urszula KOSIOR-KORZECKA, prof. uczelni<\/li>\n<li>Dr hab. Piotr LISTOS, prof. uczelni<\/li>\n<li>Dr hab. Waldemar PASZKIEWICZ, prof. uczelni<\/li>\n<li>Dr hab. Iwona PUZIO, prof. uczelni<\/li>\n<li>Dr hab. Dagmara ST\u0118PIE\u0143-PY\u015aNIAK, prof. uczelni<\/li>\n<li>Dr hab. Marek SZCZUBIA\u0141, prof. uczelni<\/li>\n<li>Dr hab. Beata ABRAMOWICZ<\/li>\n<li>Dr hab. Micha\u0142 GONDEK<\/li>\n<li>Dr Agnieszka CHA\u0141ABIS-MAZUREK<\/li>\n<li>Dr Andrzej MILCZAK<\/li>\n<li>Dr Krzysztof PUK<\/li>\n<li>Mgr in\u017c. Roman LALAK<\/li>\n<li>Martyna FR\u0104TCZAK<\/li>\n<li>Olimpia GOLBA<\/li>\n<li>Krzysztof SKALSKI<\/li>\n<\/ol>\n                                                <\/div>\n                                            <\/li>\n                                        <\/ul>\n\t\t\t\t\t\t                                <\/div>\n\t\t\t\t                <div class=\"mn-content-block\">\n\t                                                        <div class=\"block-text\">\n\t                                        <p style=\"padding-left: 40px\"><span style=\"font-size: 16px\"><strong>Terminy posiedze\u0144 Kolegium w&nbsp;roku 2026<\/strong><\/span><\/p>\n<table style=\"border-collapse: collapse;width: 72.6852%\">\n<tbody>\n<tr>\n<td style=\"width: 25.5838%;text-align: center\"><span style=\"font-family: arial black, sans-serif\"><strong>22<\/strong><\/span><\/td>\n<td style=\"width: 22.5643%;text-align: center\"><span style=\"font-family: arial black, sans-serif\"><strong>stycznia<\/strong><\/span><\/td>\n<td style=\"width: 24.537%;text-align: center\"><span style=\"font-family: arial black, sans-serif\"><strong>2026r<\/strong><\/span><\/td>\n<\/tr>\n<tr>\n<td style=\"width: 25.5838%;text-align: center\"><span style=\"font-family: arial black, sans-serif\"><strong>19<\/strong><\/span><\/td>\n<td style=\"width: 22.5643%;text-align: center\"><span style=\"font-family: arial black, sans-serif\"><strong>lutego<\/strong><\/span><\/td>\n<td style=\"width: 24.537%;text-align: center\"><span style=\"font-family: arial black, sans-serif\"><strong>2026r<\/strong><\/span><\/td>\n<\/tr>\n<tr>\n<td style=\"width: 25.5838%;text-align: center\"><span style=\"font-family: arial black, sans-serif\"><strong>19<\/strong><\/span><\/td>\n<td style=\"width: 22.5643%;text-align: center\"><span style=\"font-family: arial black, sans-serif\"><strong>marca<\/strong><\/span><\/td>\n<td style=\"width: 24.537%;text-align: center\"><span style=\"font-family: arial black, sans-serif\"><strong>2026r<\/strong><\/span><\/td>\n<\/tr>\n<tr>\n<td style=\"width: 25.5838%;text-align: center\"><span style=\"font-family: arial black, sans-serif\"><strong>23<\/strong><\/span><\/td>\n<td style=\"width: 22.5643%;text-align: center\"><span style=\"font-family: arial black, sans-serif\"><strong>kwietnia<\/strong><\/span><\/td>\n<td style=\"width: 24.537%;text-align: center\"><span style=\"font-family: arial black, sans-serif\"><strong>2026r<\/strong><\/span><\/td>\n<\/tr>\n<tr>\n<td style=\"width: 25.5838%;text-align: center\"><span style=\"font-family: arial black, sans-serif\"><strong>21<\/strong><\/span><\/td>\n<td style=\"width: 22.5643%;text-align: center\"><span style=\"font-family: arial black, sans-serif\"><strong>maja<\/strong><\/span><\/td>\n<td style=\"width: 24.537%;text-align: center\"><span style=\"font-family: arial black, sans-serif\"><strong>2026r<\/strong><\/span><\/td>\n<\/tr>\n<tr>\n<td style=\"width: 25.5838%;text-align: center\"><span style=\"font-family: arial black, sans-serif\"><strong>25<\/strong><\/span><\/td>\n<td style=\"width: 22.5643%;text-align: center\"><span style=\"font-family: arial black, sans-serif\"><strong>czerwca<\/strong><\/span><\/td>\n<td style=\"width: 24.537%;text-align: center\"><span style=\"font-family: arial black, sans-serif\"><strong>2026r<\/strong><\/span><\/td>\n<\/tr>\n<tr>\n<td style=\"width: 25.5838%;text-align: center\"><span style=\"font-family: arial black, sans-serif\"><strong>24<\/strong><\/span><\/td>\n<td style=\"width: 22.5643%;text-align: center\"><span style=\"font-family: arial black, sans-serif\"><strong>wrze\u015bnia<\/strong><\/span><\/td>\n<td style=\"width: 24.537%;text-align: center\"><span style=\"font-family: arial black, sans-serif\"><strong>2026r<\/strong><\/span><\/td>\n<\/tr>\n<tr>\n<td style=\"width: 25.5838%;text-align: center\"><span style=\"font-family: arial black, sans-serif\"><strong>22<\/strong><\/span><\/td>\n<td style=\"width: 22.5643%;text-align: center\"><span style=\"font-family: arial black, sans-serif\"><strong>pa\u017adziernika<\/strong><\/span><\/td>\n<td style=\"width: 24.537%;text-align: center\"><span style=\"font-family: arial black, sans-serif\"><strong>2026r<\/strong><\/span><\/td>\n<\/tr>\n<tr>\n<td style=\"width: 25.5838%;text-align: center\"><span style=\"font-family: arial black, sans-serif\"><strong>19<\/strong><\/span><\/td>\n<td style=\"width: 22.5643%;text-align: center\"><span style=\"font-family: arial black, sans-serif\"><strong>listopada<\/strong><\/span><\/td>\n<td style=\"width: 24.537%;text-align: center\"><span style=\"font-family: arial black, sans-serif\"><strong>2026r<\/strong><\/span><\/td>\n<\/tr>\n<tr>\n<td style=\"width: 25.5838%;text-align: center\"><span style=\"font-family: arial black, sans-serif\"><strong>10<\/strong><\/span><\/td>\n<td style=\"width: 22.5643%;text-align: center\"><span style=\"font-family: arial black, sans-serif\"><strong>grudnia<\/strong><\/span><\/td>\n<td style=\"width: 24.537%;text-align: center\"><span style=\"font-family: arial black, sans-serif\"><strong>2026r<\/strong><\/span><\/td>\n<\/tr>\n<\/tbody>\n<\/table>\n                                        <\/div>\n\t\t\t\t\t\t                                <\/div>\n\t\t\t\t                <div class=\"mn-content-block\">\n\t                                <\/div>\n\t\t\t\t\t\t<\/div>\n\t<\/div>\n<\/section>\n\t\t<\/div>\n\t\t\t\t<\/div>\n\t\t\t\t\t\t<\/div>\n\t\t\t\t\t<\/div>\n\t\t<\/div>\n\t\t\t\t\t\t\t\t<\/div>\n\t\t\t\t\t<\/div>\n\t\t<\/section>\n\t\t\t\t\t\t<\/div>\n\t\t\t\t\t\t<\/div>\n\t\t\t\t\t<\/div>\n\t\t","protected":false},"excerpt":{"rendered":"<p>Kolegium wydzia\u0142u UP Wydzia\u0142 Medycyny Weterynaryjnej Sk\u0142ad osobowy Terminy posiedze\u0144 Komunikaty Kolegium Wydzia\u0142u Medycyny Weterynaryjnej Przewodnicz\u0105ca Kolegium Wydzia\u0142u: Prof. dr hab. Aneta Nowakiewicztel. 81-445-60-08e-mail: aneta.nowakiewicz@up.lublin.pl \u00a0 Obs\u0142uga administracyjna Kolegium Wydzia\u0142u: mgr in\u017c. Agata Rutkowskatel. 81-528-47-25e-mail: agata.rutkowska@up.lublin.pl \u00a0 Sk\u0142ad osobowy Kolegium Wydzia\u0142u Medycyny Weterynaryjnej &#8211; kadencja 2024-2028 dr hab. Aneta NOWAKIEWICZ &#8211; DZIEKAN dr hab. \u0141ukasz [&hellip;]<\/p>\n","protected":false},"author":2,"featured_media":0,"parent":200,"menu_order":0,"comment_status":"closed","ping_status":"closed","template":"elementor_header_footer","meta":{"_monsterinsights_skip_tracking":false,"_monsterinsights_sitenote_active":false,"_monsterinsights_sitenote_note":"","_monsterinsights_sitenote_category":0},"_links":{"self":[{"href":"https:\/\/up.lublin.pl\/weterynaria\/wp-json\/wp\/v2\/pages\/324"}],"collection":[{"href":"https:\/\/up.lublin.pl\/weterynaria\/wp-json\/wp\/v2\/pages"}],"about":[{"href":"https:\/\/up.lublin.pl\/weterynaria\/wp-json\/wp\/v2\/types\/page"}],"author":[{"embeddable":true,"href":"https:\/\/up.lublin.pl\/weterynaria\/wp-json\/wp\/v2\/users\/2"}],"replies":[{"embeddable":true,"href":"https:\/\/up.lublin.pl\/weterynaria\/wp-json\/wp\/v2\/comments?post=324"}],"version-history":[{"count":59,"href":"https:\/\/up.lublin.pl\/weterynaria\/wp-json\/wp\/v2\/pages\/324\/revisions"}],"predecessor-version":[{"id":166328,"href":"https:\/\/up.lublin.pl\/weterynaria\/wp-json\/wp\/v2\/pages\/324\/revisions\/166328"}],"up":[{"embeddable":true,"href":"https:\/\/up.lublin.pl\/weterynaria\/wp-json\/wp\/v2\/pages\/200"}],"wp:attachment":[{"href":"https:\/\/up.lublin.pl\/weterynaria\/wp-json\/wp\/v2\/media?parent=324"}],"curies":[{"name":"wp","href":"https:\/\/api.w.org\/{rel}","templated":true}]}}