{"id":319,"date":"2020-11-18T14:37:50","date_gmt":"2020-11-18T13:37:50","guid":{"rendered":"http:\/\/nowastrona.up.lublin.pl\/weterynaria\/?page_id=319"},"modified":"2025-11-27T14:21:26","modified_gmt":"2025-11-27T13:21:26","slug":"wladze","status":"publish","type":"page","link":"https:\/\/up.lublin.pl\/weterynaria\/wydzial\/wladze\/","title":{"rendered":"W\u0142adze"},"content":{"rendered":"\t\t<div data-elementor-type=\"wp-page\" data-elementor-id=\"319\" class=\"elementor elementor-319\" data-elementor-settings=\"[]\">\n\t\t\t\t\t\t<div class=\"elementor-inner\">\n\t\t\t\t\t\t\t<div class=\"elementor-section-wrap\">\n\t\t\t\t\t\t\t<section class=\"elementor-section elementor-top-section elementor-element elementor-element-8b06cbc elementor-section-boxed elementor-section-height-default elementor-section-height-default\" data-id=\"8b06cbc\" data-element_type=\"section\">\n\t\t\t\t\t\t<div class=\"elementor-container elementor-column-gap-default\">\n\t\t\t\t\t\t\t<div class=\"elementor-row\">\n\t\t\t\t\t<div class=\"elementor-column elementor-col-100 elementor-top-column elementor-element elementor-element-9cc539f\" data-id=\"9cc539f\" data-element_type=\"column\">\n\t\t\t<div class=\"elementor-column-wrap elementor-element-populated\">\n\t\t\t\t\t\t\t<div class=\"elementor-widget-wrap\">\n\t\t\t\t\t\t<div class=\"elementor-element elementor-element-ec895f2 elementor-widget elementor-widget-m2e\" data-id=\"ec895f2\" data-element_type=\"widget\" data-widget_type=\"m2e.default\">\n\t\t\t\t<div class=\"elementor-widget-container\">\n\t\t\t<section class=\"mn-m2-e mn-bg-green\">\n\t<div class=\"mn-grid\">\n\t\t<div class=\"mn-grid-3 mn-introtext\">\n\t\t\t\t\t\t\t\t\t\t<h3>\n\t\t\t\t\tW\u0142adze\t\t\t\t<\/h3>\n\t\t\t\t\t\t\t\t\t\t\t<p class=\"mn-header\">Wydzia\u0142u Medycyny Weterynaryjnej<\/p>\n\t\t\t\t\t\t\t\t\t<\/div>\n\t\t<div class=\"mn-grid-9 mn-image-container\">\n\t\t\t\t\t<\/div>\n\t<\/div>\n\t<\/section>\n\t\t<\/div>\n\t\t\t\t<\/div>\n\t\t\t\t\t\t<\/div>\n\t\t\t\t\t<\/div>\n\t\t<\/div>\n\t\t\t\t\t\t\t\t<\/div>\n\t\t\t\t\t<\/div>\n\t\t<\/section>\n\t\t\t\t<section class=\"elementor-section elementor-top-section elementor-element elementor-element-3de3da8 elementor-section-boxed elementor-section-height-default elementor-section-height-default\" data-id=\"3de3da8\" data-element_type=\"section\">\n\t\t\t\t\t\t<div class=\"elementor-container elementor-column-gap-default\">\n\t\t\t\t\t\t\t<div class=\"elementor-row\">\n\t\t\t\t\t<div class=\"elementor-column elementor-col-100 elementor-top-column elementor-element elementor-element-63be39d\" data-id=\"63be39d\" data-element_type=\"column\">\n\t\t\t<div class=\"elementor-column-wrap elementor-element-populated\">\n\t\t\t\t\t\t\t<div class=\"elementor-widget-wrap\">\n\t\t\t\t\t\t<div class=\"elementor-element elementor-element-e9bebcc elementor-widget elementor-widget-m5e\" data-id=\"e9bebcc\" data-element_type=\"widget\" data-widget_type=\"m5e.default\">\n\t\t\t\t<div class=\"elementor-widget-container\">\n\t\t\t<section class=\"mn-m5-e mn-bg-white\">\r\n\t<div class=\"mn-grid\">\r\n\t\t\t\t\t<div class=\"mn-img mn-grid-6\">\r\n\t\t\t\t\t\t\t\t\t<img src=\"https:\/\/up.lublin.pl\/weterynaria\/wp-content\/uploads\/sites\/3\/2025\/02\/prof_nowakiewicz.png\" alt=\"\">\r\n\t\t\t\t\t\t\t\t<\/div>\r\n\t\t\t\t\t<div class=\"mn-content mn-grid-6\">\r\n\t\t\t<h1 style=\"margin-top: 150px;\">Dziekan<br \/>prof. dr hab. Aneta Nowakiewicz<\/h1>\n<p>e-mail: <a href=\"mailto:aneta.nowakiewicz@up.edu.pl\">aneta.nowakiewicz@up.edu.pl<\/a><br \/>tel. +48 81 582 47 25<\/p>\n\t\t<\/div>\r\n\t\t\t<\/div>\r\n<\/section>\r\n\t\t<\/div>\n\t\t\t\t<\/div>\n\t\t\t\t\t\t<\/div>\n\t\t\t\t\t<\/div>\n\t\t<\/div>\n\t\t\t\t\t\t\t\t<\/div>\n\t\t\t\t\t<\/div>\n\t\t<\/section>\n\t\t\t\t<section class=\"elementor-section elementor-top-section elementor-element elementor-element-a8f8c85 elementor-section-boxed elementor-section-height-default elementor-section-height-default\" data-id=\"a8f8c85\" data-element_type=\"section\">\n\t\t\t\t\t\t<div class=\"elementor-container elementor-column-gap-default\">\n\t\t\t\t\t\t\t<div class=\"elementor-row\">\n\t\t\t\t\t<div class=\"elementor-column elementor-col-100 elementor-top-column elementor-element elementor-element-20d1598\" data-id=\"20d1598\" data-element_type=\"column\">\n\t\t\t<div class=\"elementor-column-wrap elementor-element-populated\">\n\t\t\t\t\t\t\t<div class=\"elementor-widget-wrap\">\n\t\t\t\t\t\t<div class=\"elementor-element elementor-element-05c06b7 elementor-widget elementor-widget-m5e\" data-id=\"05c06b7\" data-element_type=\"widget\" data-widget_type=\"m5e.default\">\n\t\t\t\t<div class=\"elementor-widget-container\">\n\t\t\t<section class=\"mn-m5-e mn-bg-white\">\r\n\t<div class=\"mn-grid\">\r\n\t\t\t\t<div class=\"mn-content mn-grid-6\">\r\n\t\t\t<h1 style=\"margin-top: 150px;\">Prodziekan ds. klinicznych<\/h1>\n<h1>prof. dr hab. \u0141ukasz Adaszek<\/h1>\n<p>e-mail: <a href=\"mailto:lukasz.adaszek@up.edu.pl\">lukasz.adaszek@up.edu.pl<\/a><br \/>tel. +48 81 528 47 21<\/p>\n\t\t<\/div>\r\n\t\t\t\t\t<div class=\"mn-img mn-grid-6\">\r\n\t\t\t\t\t\t\t\t\t<img src=\"https:\/\/up.lublin.pl\/weterynaria\/wp-content\/uploads\/sites\/3\/2025\/02\/prof_adaszek.png\" alt=\"\">\r\n\t\t\t\t\t\t\t\t<\/div>\r\n\t\t\t\t<\/div>\r\n<\/section>\r\n\t\t<\/div>\n\t\t\t\t<\/div>\n\t\t\t\t\t\t<\/div>\n\t\t\t\t\t<\/div>\n\t\t<\/div>\n\t\t\t\t\t\t\t\t<\/div>\n\t\t\t\t\t<\/div>\n\t\t<\/section>\n\t\t\t\t\t\t<\/div>\n\t\t\t\t\t\t<\/div>\n\t\t\t\t\t<\/div>\n\t\t","protected":false},"excerpt":{"rendered":"<p>W\u0142adze Wydzia\u0142u Medycyny Weterynaryjnej UP Wydzia\u0142 Medycyny Weterynaryjnej Dziekanprof. dr hab. Aneta Nowakiewicz e-mail: aneta.nowakiewicz@up.edu.pltel. +48 81 582 47 25 Prodziekan ds. klinicznych prof. dr hab. \u0141ukasz Adaszek e-mail: lukasz.adaszek@up.edu.pltel. +48 81 528 47 21<\/p>\n","protected":false},"author":2,"featured_media":0,"parent":200,"menu_order":0,"comment_status":"closed","ping_status":"closed","template":"elementor_header_footer","meta":{"_monsterinsights_skip_tracking":false,"_monsterinsights_sitenote_active":false,"_monsterinsights_sitenote_note":"","_monsterinsights_sitenote_category":0},"_links":{"self":[{"href":"https:\/\/up.lublin.pl\/weterynaria\/wp-json\/wp\/v2\/pages\/319"}],"collection":[{"href":"https:\/\/up.lublin.pl\/weterynaria\/wp-json\/wp\/v2\/pages"}],"about":[{"href":"https:\/\/up.lublin.pl\/weterynaria\/wp-json\/wp\/v2\/types\/page"}],"author":[{"embeddable":true,"href":"https:\/\/up.lublin.pl\/weterynaria\/wp-json\/wp\/v2\/users\/2"}],"replies":[{"embeddable":true,"href":"https:\/\/up.lublin.pl\/weterynaria\/wp-json\/wp\/v2\/comments?post=319"}],"version-history":[{"count":78,"href":"https:\/\/up.lublin.pl\/weterynaria\/wp-json\/wp\/v2\/pages\/319\/revisions"}],"predecessor-version":[{"id":166237,"href":"https:\/\/up.lublin.pl\/weterynaria\/wp-json\/wp\/v2\/pages\/319\/revisions\/166237"}],"up":[{"embeddable":true,"href":"https:\/\/up.lublin.pl\/weterynaria\/wp-json\/wp\/v2\/pages\/200"}],"wp:attachment":[{"href":"https:\/\/up.lublin.pl\/weterynaria\/wp-json\/wp\/v2\/media?parent=319"}],"curies":[{"name":"wp","href":"https:\/\/api.w.org\/{rel}","templated":true}]}}