{"id":210,"date":"2020-11-17T13:07:18","date_gmt":"2020-11-17T12:07:18","guid":{"rendered":"http:\/\/nowastrona.up.lublin.pl\/weterynaria\/?page_id=210"},"modified":"2022-05-25T14:17:05","modified_gmt":"2022-05-25T12:17:05","slug":"akredytacje","status":"publish","type":"page","link":"https:\/\/up.lublin.pl\/weterynaria\/akredytacje\/","title":{"rendered":"Akredytacje"},"content":{"rendered":"\t\t<div data-elementor-type=\"wp-page\" data-elementor-id=\"210\" class=\"elementor elementor-210\" data-elementor-settings=\"[]\">\n\t\t\t\t\t\t<div class=\"elementor-inner\">\n\t\t\t\t\t\t\t<div class=\"elementor-section-wrap\">\n\t\t\t\t\t\t\t<section class=\"elementor-section elementor-top-section elementor-element elementor-element-376caef elementor-section-boxed elementor-section-height-default elementor-section-height-default\" data-id=\"376caef\" data-element_type=\"section\">\n\t\t\t\t\t\t<div class=\"elementor-container elementor-column-gap-default\">\n\t\t\t\t\t\t\t<div class=\"elementor-row\">\n\t\t\t\t\t<div class=\"elementor-column elementor-col-100 elementor-top-column elementor-element elementor-element-90179ed\" data-id=\"90179ed\" data-element_type=\"column\">\n\t\t\t<div class=\"elementor-column-wrap elementor-element-populated\">\n\t\t\t\t\t\t\t<div class=\"elementor-widget-wrap\">\n\t\t\t\t\t\t<div class=\"elementor-element elementor-element-d9bba91 elementor-widget elementor-widget-m2e\" data-id=\"d9bba91\" data-element_type=\"widget\" data-widget_type=\"m2e.default\">\n\t\t\t\t<div class=\"elementor-widget-container\">\n\t\t\t<section class=\"mn-m2-e mn-bg-green\">\n\t<div class=\"mn-grid\">\n\t\t<div class=\"mn-grid-3 mn-introtext\">\n\t\t\t\t\t\t\t<p class=\"mn-header\">Wydzia\u0142 Medycyny Weterynaryjnej<\/p>\n\t\t\t\t\t\t\t\t\t\t\t<h3>\n\t\t\t\t\tAkredytacje\t\t\t\t<\/h3>\n\t\t\t\t\t\t\t\t\t\t\t\t<\/div>\n\t\t<div class=\"mn-grid-9 mn-image-container\">\n\t\t\t\t\t<\/div>\n\t<\/div>\n\t<\/section>\n\t\t<\/div>\n\t\t\t\t<\/div>\n\t\t\t\t\t\t<\/div>\n\t\t\t\t\t<\/div>\n\t\t<\/div>\n\t\t\t\t\t\t\t\t<\/div>\n\t\t\t\t\t<\/div>\n\t\t<\/section>\n\t\t\t\t<section class=\"elementor-section elementor-top-section elementor-element elementor-element-0c88010 elementor-section-boxed elementor-section-height-default elementor-section-height-default\" data-id=\"0c88010\" data-element_type=\"section\">\n\t\t\t\t\t\t<div class=\"elementor-container elementor-column-gap-default\">\n\t\t\t\t\t\t\t<div class=\"elementor-row\">\n\t\t\t\t\t<div class=\"elementor-column elementor-col-100 elementor-top-column elementor-element elementor-element-d170a73\" data-id=\"d170a73\" data-element_type=\"column\">\n\t\t\t<div class=\"elementor-column-wrap elementor-element-populated\">\n\t\t\t\t\t\t\t<div class=\"elementor-widget-wrap\">\n\t\t\t\t\t\t<div class=\"elementor-element elementor-element-4565985 elementor-widget elementor-widget-m5c\" data-id=\"4565985\" data-element_type=\"widget\" data-widget_type=\"m5c.default\">\n\t\t\t\t<div class=\"elementor-widget-container\">\n\t\t\t<section class=\"mn-m5-c mn-m5-d2 mn-bg-white\">\n\t<div class=\"mn-grid\">\n\t\t\t\t<div class=\"mn-content mn-grid-9\">\n\t\t\t                <div class=\"mn-content-block active\">\n\t                                                        <div class=\"block-text\">\n\t                                        <h3 style=\"text-align: center\">Akredytacja Europejskiego Stowarzyszenia<br \/>Wydzia\u0142\u00f3w Medycyny Weterynaryjnej (EAEVE).<\/h3>\n<p><strong>Wydzia\u0142 Medycyny Weterynaryjnej Uniwersytetu Przyrodniczego w&nbsp;Lublinie otrzyma\u0142 decyzj\u0119 o&nbsp;przyznaniu akredytacji Europejskiego Stowarzyszenia Wydzia\u0142\u00f3w Medycyny Weterynaryjnej (EAEVE). Tym samym potwierdzona zosta\u0142a wysoka jako\u015b\u0107 kszta\u0142cenia na kierunku weterynaria. Przyznana forma akredytacji obowi\u0105zuje do 2028 roku.<\/strong><\/p>\n<p><img loading=\"lazy\" class=\"alignnone size-full wp-image-154733\" src=\"https:\/\/up.lublin.pl\/weterynaria\/wp-content\/uploads\/sites\/3\/2022\/05\/Cert-EAEVE-jpg.jpg\" alt=\"\" width=\"7015\" height=\"4960\" \/><\/p>\n<p>Wydzia\u0142 Medycyny Weterynaryjnej UP w&nbsp;Lublinie otrzyma\u0142 europejsk\u0105 akredytacj\u0119 ju\u017c po raz trzeci, pierwszy raz mia\u0142o to miejsce w&nbsp;2005 r.<\/p>\n<p>Europejskie Stowarzyszenie Wydzia\u0142\u00f3w Weterynaryjnych (European Association of Establishments for Veterinary Education) powsta\u0142o w&nbsp;1988 r. Obecnie nale\u017cy do niego oko\u0142o 100 wydzia\u0142\u00f3w weterynaryjnych w&nbsp;Europie oraz w&nbsp;Izraelu i&nbsp;Turcji. Misj\u0105 EAEVE jest ocena, promocja i&nbsp;wspieranie wysokiego poziomu kszta\u0142cenia w&nbsp;zakresie medycyny weterynaryjnej.<\/p>\n                                        <\/div>\n\t\t\t\t\t\t                                <\/div>\n\t\t\t\t                <div class=\"mn-content-block\">\n\t                                <\/div>\n\t\t\t\t                <div class=\"mn-content-block\">\n\t                                <\/div>\n\t\t\t\t                <div class=\"mn-content-block\">\n\t                                <\/div>\n\t\t\t\t                <div class=\"mn-content-block\">\n\t                                <\/div>\n\t\t\t\t                <div class=\"mn-content-block\">\n\t                                <\/div>\n\t\t\t\t                <div class=\"mn-content-block\">\n\t                                <\/div>\n\t\t\t\t                <div class=\"mn-content-block\">\n\t                                <\/div>\n\t\t\t\t                <div class=\"mn-content-block\">\n\t                                <\/div>\n\t\t\t\t                <div class=\"mn-content-block\">\n\t                                <\/div>\n\t\t\t\t                <div class=\"mn-content-block\">\n\t                                <\/div>\n\t\t\t\t                <div class=\"mn-content-block\">\n\t                                <\/div>\n\t\t\t\t                <div class=\"mn-content-block\">\n\t                                <\/div>\n\t\t\t\t                <div class=\"mn-content-block\">\n\t                                <\/div>\n\t\t\t\t                <div class=\"mn-content-block\">\n\t                                <\/div>\n\t\t\t\t                <div class=\"mn-content-block\">\n\t                                <\/div>\n\t\t\t\t                <div class=\"mn-content-block\">\n\t                                <\/div>\n\t\t\t\t                <div class=\"mn-content-block\">\n\t                                <\/div>\n\t\t\t\t                <div class=\"mn-content-block\">\n\t                                <\/div>\n\t\t\t\t                <div class=\"mn-content-block\">\n\t                                <\/div>\n\t\t\t\t\t\t<\/div>\n\t<\/div>\n<\/section>\n\t\t<\/div>\n\t\t\t\t<\/div>\n\t\t\t\t\t\t<\/div>\n\t\t\t\t\t<\/div>\n\t\t<\/div>\n\t\t\t\t\t\t\t\t<\/div>\n\t\t\t\t\t<\/div>\n\t\t<\/section>\n\t\t\t\t\t\t<\/div>\n\t\t\t\t\t\t<\/div>\n\t\t\t\t\t<\/div>\n\t\t","protected":false},"excerpt":{"rendered":"<p>Wydzia\u0142 Medycyny Weterynaryjnej Akredytacje UP Wydzia\u0142 Medycyny Weterynaryjnej Akredytacja Europejskiego StowarzyszeniaWydzia\u0142\u00f3w Medycyny Weterynaryjnej (EAEVE). Wydzia\u0142 Medycyny Weterynaryjnej Uniwersytetu Przyrodniczego w&nbsp;Lublinie otrzyma\u0142 decyzj\u0119 o&nbsp;przyznaniu akredytacji Europejskiego Stowarzyszenia Wydzia\u0142\u00f3w Medycyny Weterynaryjnej (EAEVE). Tym samym potwierdzona zosta\u0142a wysoka jako\u015b\u0107 kszta\u0142cenia na kierunku weterynaria. Przyznana forma akredytacji obowi\u0105zuje do 2028 roku. Wydzia\u0142 Medycyny Weterynaryjnej UP w&nbsp;Lublinie otrzyma\u0142 europejsk\u0105 akredytacj\u0119 [&hellip;]<\/p>\n","protected":false},"author":2,"featured_media":0,"parent":0,"menu_order":0,"comment_status":"closed","ping_status":"closed","template":"elementor_header_footer","meta":{"_monsterinsights_skip_tracking":false,"_monsterinsights_sitenote_active":false,"_monsterinsights_sitenote_note":"","_monsterinsights_sitenote_category":0},"_links":{"self":[{"href":"https:\/\/up.lublin.pl\/weterynaria\/wp-json\/wp\/v2\/pages\/210"}],"collection":[{"href":"https:\/\/up.lublin.pl\/weterynaria\/wp-json\/wp\/v2\/pages"}],"about":[{"href":"https:\/\/up.lublin.pl\/weterynaria\/wp-json\/wp\/v2\/types\/page"}],"author":[{"embeddable":true,"href":"https:\/\/up.lublin.pl\/weterynaria\/wp-json\/wp\/v2\/users\/2"}],"replies":[{"embeddable":true,"href":"https:\/\/up.lublin.pl\/weterynaria\/wp-json\/wp\/v2\/comments?post=210"}],"version-history":[{"count":6,"href":"https:\/\/up.lublin.pl\/weterynaria\/wp-json\/wp\/v2\/pages\/210\/revisions"}],"predecessor-version":[{"id":154739,"href":"https:\/\/up.lublin.pl\/weterynaria\/wp-json\/wp\/v2\/pages\/210\/revisions\/154739"}],"wp:attachment":[{"href":"https:\/\/up.lublin.pl\/weterynaria\/wp-json\/wp\/v2\/media?parent=210"}],"curies":[{"name":"wp","href":"https:\/\/api.w.org\/{rel}","templated":true}]}}