{"id":159226,"date":"2023-10-24T13:16:32","date_gmt":"2023-10-24T11:16:32","guid":{"rendered":"https:\/\/up.lublin.pl\/weterynaria\/?page_id=159226"},"modified":"2024-09-30T15:40:32","modified_gmt":"2024-09-30T13:40:32","slug":"komitet-organizacyjny","status":"publish","type":"page","link":"https:\/\/up.lublin.pl\/weterynaria\/wydzial\/jubileusze\/jubileusz-80\/komitet-organizacyjny\/","title":{"rendered":"Komitet Organizacyjny | 80-lecie Wydzia\u0142u Medycyny Weterynaryjnej"},"content":{"rendered":"\t\t<div data-elementor-type=\"wp-page\" data-elementor-id=\"159226\" class=\"elementor elementor-159226\" data-elementor-settings=\"[]\">\n\t\t\t\t\t\t<div class=\"elementor-inner\">\n\t\t\t\t\t\t\t<div class=\"elementor-section-wrap\">\n\t\t\t\t\t\t\t<section class=\"elementor-section elementor-top-section elementor-element elementor-element-2157414a elementor-section-boxed elementor-section-height-default elementor-section-height-default\" data-id=\"2157414a\" data-element_type=\"section\">\n\t\t\t\t\t\t<div class=\"elementor-container elementor-column-gap-default\">\n\t\t\t\t\t\t\t<div class=\"elementor-row\">\n\t\t\t\t\t<div class=\"elementor-column elementor-col-100 elementor-top-column elementor-element elementor-element-6628543e\" data-id=\"6628543e\" data-element_type=\"column\">\n\t\t\t<div class=\"elementor-column-wrap elementor-element-populated\">\n\t\t\t\t\t\t\t<div class=\"elementor-widget-wrap\">\n\t\t\t\t\t\t<div class=\"elementor-element elementor-element-9ab744f elementor-widget elementor-widget-m2j\" data-id=\"9ab744f\" data-element_type=\"widget\" data-widget_type=\"m2j.default\">\n\t\t\t\t<div class=\"elementor-widget-container\">\n\t\t\t<section class=\"mn-m2-h\">\n    <div class=\"mn-image-container mn-container\">\n                    <img src=\"https:\/\/up.lublin.pl\/weterynaria\/wp-content\/uploads\/sites\/3\/2024\/01\/80lat-wmw-banner-PLv2-1.jpg\" alt=\"\">\n                        <\/div>\n    <div class=\"mn-grid mn-content\">\n            <\/div>\n<\/section>\n\t\t<\/div>\n\t\t\t\t<\/div>\n\t\t\t\t\t\t<\/div>\n\t\t\t\t\t<\/div>\n\t\t<\/div>\n\t\t\t\t\t\t\t\t<\/div>\n\t\t\t\t\t<\/div>\n\t\t<\/section>\n\t\t\t\t<section class=\"elementor-section elementor-top-section elementor-element elementor-element-26031b3f elementor-section-boxed elementor-section-height-default elementor-section-height-default\" data-id=\"26031b3f\" data-element_type=\"section\">\n\t\t\t\t\t\t<div class=\"elementor-container elementor-column-gap-default\">\n\t\t\t\t\t\t\t<div class=\"elementor-row\">\n\t\t\t\t\t<div class=\"elementor-column elementor-col-100 elementor-top-column elementor-element elementor-element-6ce6e24b\" data-id=\"6ce6e24b\" data-element_type=\"column\">\n\t\t\t<div class=\"elementor-column-wrap elementor-element-populated\">\n\t\t\t\t\t\t\t<div class=\"elementor-widget-wrap\">\n\t\t\t\t\t\t<div class=\"elementor-element elementor-element-45600443 elementor-widget elementor-widget-m5c\" data-id=\"45600443\" data-element_type=\"widget\" data-widget_type=\"m5c.default\">\n\t\t\t\t<div class=\"elementor-widget-container\">\n\t\t\t<section class=\"mn-m5-c mn-m5-d2 mn-bg-white\">\n\t<div class=\"mn-grid\">\n\t\t\t\t<div class=\"mn-content mn-grid-9\">\n\t\t\t                <div class=\"mn-content-block active\">\n\t                                                        <div class=\"block-text\">\n\t                                        <h3>Komitet organizacyjny<\/h3>\n<h4 style=\"text-align: left\"><strong>Przewodnicz\u0105ca:<\/strong><\/h4>\n<p>Dr hab. Iwona Puzio, prof. uczelni, email: <a href=\"mailto:iwona.puzio@up.lublin.pl\">iwona.puzio@up.lublin.pl<\/a> tel. 81 455 69 32<\/p>\n<h4><strong>Wiceprzewodnicz\u0105ca:<\/strong><\/h4>\n<p>Prof. dr hab. Aneta Nowakiewicz, emai: <a href=\"mailto:aneta.nowakiewicz@up.lublin.pl\">aneta.nowakiewicz@up.lublin.pl<\/a> tel. 81 445 60 08<\/p>\n<h4><strong>Wiceprzewodnicz\u0105cy:<\/strong><\/h4>\n<p>Prof. dr hab. \u0141ukasz Adaszek, email: <a href=\"mailto:lukasz.adaszek@up.lublin.pl\">lukasz.adaszek@up.lublin.pl<\/a> tel. 81 528 4645<\/p>\n<h4><strong>Sekretarz:<\/strong><\/h4>\n<p>Dr hab. Marta W\u00f3jcik, prof. uczelni, email: <a href=\"mailto:marta.wojcik@up.lublin.pl\">marta.wojcik@up.lublin.pl<\/a> tel. 81 445 67 83\u00a0<\/p>\n<h4><strong>Skarbnik:<\/strong><\/h4>\n<p>Dr hab. Anna Zacharko-Siembida, email: <a href=\"mailto:anna.zacharko@up.lublin.pl\">anna.zacharko@up.lublin.pl<\/a> tel: 81 445 69 43\u00a0<\/p>\n<h4>Cz\u0142onkowie:<\/h4>\n<p>Prof. dr hab. Marcin Arciszewski<\/p>\n<p>Prof. dr hab. Marta Kankofer<\/p>\n<p>Prof. dr hab. Rados\u0142aw Piotr Radzki<\/p>\n<p>Prof. dr hab. Krzysztof Szkucik<\/p>\n<p>Prof. dr hab. Krzysztof Tomczuk<\/p>\n<p>Dr hab. Marek Bie\u0144ko, prof. uczelni<\/p>\n<p>Dr hab. Monika Krajewska-W\u0119dzina, prof. uczelni<\/p>\n<p>Dr hab. Agnieszka Marek, prof. uczelni<\/p>\n<p>Dr hab. Joanna Wessely-Szponder<\/p>\n<p>Dr hab. Micha\u0142 Gondek<\/p>\n<p>Dr Ma\u0142gorzata Komar<\/p>\n<p>Dr Marta Demkowska-Kutrzepa<\/p>\n<p>Dr Maria Studzi\u0144ska<\/p>\n<p>Dr Monika Rocze\u0144-Karczmarz<\/p>\n<p>Dr Marta Staniec<\/p>\n<p>Dr Rados\u0142aw Szalak<\/p>\n<p>Lek. wet. Dominika Nguyen Ngoc<\/p>\n<p>Lek. wet. Marco Wochnik<\/p>\n<p>Liwia Arbatowska Prezydent IVSA Poland<\/p>\n                                        <\/div>\n\t\t\t\t\t\t                                                        <div class=\"block-text\">\n\t                                        <p style=\"text-align: center\"><a href=\"https:\/\/up.lublin.pl\/weterynaria\/wydzial\/jubileusze\/jubileusz-80\/\"><strong>Powr\u00f3t do strony g\u0142\u00f3wnej Jubileuszu<\/strong><\/a><\/p>\n                                        <\/div>\n\t\t\t\t\t\t                                <\/div>\n\t\t\t\t                <div class=\"mn-content-block\">\n\t                                <\/div>\n\t\t\t\t                <div class=\"mn-content-block\">\n\t                                <\/div>\n\t\t\t\t                <div class=\"mn-content-block\">\n\t                                <\/div>\n\t\t\t\t                <div class=\"mn-content-block\">\n\t                                <\/div>\n\t\t\t\t                <div class=\"mn-content-block\">\n\t                                <\/div>\n\t\t\t\t                <div class=\"mn-content-block\">\n\t                                <\/div>\n\t\t\t\t                <div class=\"mn-content-block\">\n\t                                <\/div>\n\t\t\t\t                <div class=\"mn-content-block\">\n\t                                <\/div>\n\t\t\t\t                <div class=\"mn-content-block\">\n\t                                <\/div>\n\t\t\t\t                <div class=\"mn-content-block\">\n\t                                <\/div>\n\t\t\t\t                <div class=\"mn-content-block\">\n\t                                <\/div>\n\t\t\t\t                <div class=\"mn-content-block\">\n\t                                <\/div>\n\t\t\t\t                <div class=\"mn-content-block\">\n\t                                <\/div>\n\t\t\t\t                <div class=\"mn-content-block\">\n\t                                <\/div>\n\t\t\t\t                <div class=\"mn-content-block\">\n\t                                <\/div>\n\t\t\t\t                <div class=\"mn-content-block\">\n\t                                <\/div>\n\t\t\t\t                <div class=\"mn-content-block\">\n\t                                <\/div>\n\t\t\t\t                <div class=\"mn-content-block\">\n\t                                <\/div>\n\t\t\t\t                <div class=\"mn-content-block\">\n\t                                <\/div>\n\t\t\t\t\t\t<\/div>\n\t<\/div>\n<\/section>\n\t\t<\/div>\n\t\t\t\t<\/div>\n\t\t\t\t\t\t<\/div>\n\t\t\t\t\t<\/div>\n\t\t<\/div>\n\t\t\t\t\t\t\t\t<\/div>\n\t\t\t\t\t<\/div>\n\t\t<\/section>\n\t\t\t\t\t\t<\/div>\n\t\t\t\t\t\t<\/div>\n\t\t\t\t\t<\/div>\n\t\t","protected":false},"excerpt":{"rendered":"<p>Komitet organizacyjny Przewodnicz\u0105ca: Dr hab. Iwona Puzio, prof. uczelni, email: iwona.puzio@up.lublin.pl tel. 81 455 69 32 Wiceprzewodnicz\u0105ca: Prof. dr hab. Aneta Nowakiewicz, emai: aneta.nowakiewicz@up.lublin.pl tel. 81 445 60 08 Wiceprzewodnicz\u0105cy: Prof. dr hab. \u0141ukasz Adaszek, email: lukasz.adaszek@up.lublin.pl tel. 81 528 4645 Sekretarz: Dr hab. Marta W\u00f3jcik, prof. uczelni, email: marta.wojcik@up.lublin.pl tel. 81 445 67 83\u00a0 [&hellip;]<\/p>\n","protected":false},"author":2,"featured_media":0,"parent":159174,"menu_order":0,"comment_status":"closed","ping_status":"closed","template":"elementor_header_footer","meta":{"_monsterinsights_skip_tracking":false,"_monsterinsights_sitenote_active":false,"_monsterinsights_sitenote_note":"","_monsterinsights_sitenote_category":0},"_links":{"self":[{"href":"https:\/\/up.lublin.pl\/weterynaria\/wp-json\/wp\/v2\/pages\/159226"}],"collection":[{"href":"https:\/\/up.lublin.pl\/weterynaria\/wp-json\/wp\/v2\/pages"}],"about":[{"href":"https:\/\/up.lublin.pl\/weterynaria\/wp-json\/wp\/v2\/types\/page"}],"author":[{"embeddable":true,"href":"https:\/\/up.lublin.pl\/weterynaria\/wp-json\/wp\/v2\/users\/2"}],"replies":[{"embeddable":true,"href":"https:\/\/up.lublin.pl\/weterynaria\/wp-json\/wp\/v2\/comments?post=159226"}],"version-history":[{"count":52,"href":"https:\/\/up.lublin.pl\/weterynaria\/wp-json\/wp\/v2\/pages\/159226\/revisions"}],"predecessor-version":[{"id":162393,"href":"https:\/\/up.lublin.pl\/weterynaria\/wp-json\/wp\/v2\/pages\/159226\/revisions\/162393"}],"up":[{"embeddable":true,"href":"https:\/\/up.lublin.pl\/weterynaria\/wp-json\/wp\/v2\/pages\/159174"}],"wp:attachment":[{"href":"https:\/\/up.lublin.pl\/weterynaria\/wp-json\/wp\/v2\/media?parent=159226"}],"curies":[{"name":"wp","href":"https:\/\/api.w.org\/{rel}","templated":true}]}}