{"id":159224,"date":"2023-10-24T13:15:49","date_gmt":"2023-10-24T11:15:49","guid":{"rendered":"https:\/\/up.lublin.pl\/weterynaria\/?page_id=159224"},"modified":"2024-01-24T12:24:19","modified_gmt":"2024-01-24T11:24:19","slug":"informacje","status":"publish","type":"page","link":"https:\/\/up.lublin.pl\/weterynaria\/wydzial\/jubileusze\/jubileusz-80\/informacje\/","title":{"rendered":"Informacje og\u00f3lne | 80-lecie Wydzia\u0142u Medycyny Weterynaryjnej"},"content":{"rendered":"\t\t<div data-elementor-type=\"wp-page\" data-elementor-id=\"159224\" class=\"elementor elementor-159224\" data-elementor-settings=\"[]\">\n\t\t\t\t\t\t<div class=\"elementor-inner\">\n\t\t\t\t\t\t\t<div class=\"elementor-section-wrap\">\n\t\t\t\t\t\t\t<section class=\"elementor-section elementor-top-section elementor-element elementor-element-1717f18 elementor-section-boxed elementor-section-height-default elementor-section-height-default\" data-id=\"1717f18\" data-element_type=\"section\">\n\t\t\t\t\t\t<div class=\"elementor-container elementor-column-gap-default\">\n\t\t\t\t\t\t\t<div class=\"elementor-row\">\n\t\t\t\t\t<div class=\"elementor-column elementor-col-100 elementor-top-column elementor-element elementor-element-11dd0c6\" data-id=\"11dd0c6\" data-element_type=\"column\">\n\t\t\t<div class=\"elementor-column-wrap elementor-element-populated\">\n\t\t\t\t\t\t\t<div class=\"elementor-widget-wrap\">\n\t\t\t\t\t\t<div class=\"elementor-element elementor-element-f8ae849 elementor-widget elementor-widget-m2j\" data-id=\"f8ae849\" data-element_type=\"widget\" data-widget_type=\"m2j.default\">\n\t\t\t\t<div class=\"elementor-widget-container\">\n\t\t\t<section class=\"mn-m2-h\">\n    <div class=\"mn-image-container mn-container\">\n                    <img src=\"https:\/\/up.lublin.pl\/weterynaria\/wp-content\/uploads\/sites\/3\/2024\/01\/80lat-wmw-banner-PLv2-1.jpg\" alt=\"\">\n                        <\/div>\n    <div class=\"mn-grid mn-content\">\n            <\/div>\n<\/section>\n\t\t<\/div>\n\t\t\t\t<\/div>\n\t\t\t\t\t\t<\/div>\n\t\t\t\t\t<\/div>\n\t\t<\/div>\n\t\t\t\t\t\t\t\t<\/div>\n\t\t\t\t\t<\/div>\n\t\t<\/section>\n\t\t\t\t<section class=\"elementor-section elementor-top-section elementor-element elementor-element-9839e25 elementor-section-boxed elementor-section-height-default elementor-section-height-default\" data-id=\"9839e25\" data-element_type=\"section\">\n\t\t\t\t\t\t<div class=\"elementor-container elementor-column-gap-default\">\n\t\t\t\t\t\t\t<div class=\"elementor-row\">\n\t\t\t\t\t<div class=\"elementor-column elementor-col-100 elementor-top-column elementor-element elementor-element-2b5fea1\" data-id=\"2b5fea1\" data-element_type=\"column\">\n\t\t\t<div class=\"elementor-column-wrap elementor-element-populated\">\n\t\t\t\t\t\t\t<div class=\"elementor-widget-wrap\">\n\t\t\t\t\t\t<div class=\"elementor-element elementor-element-7f6fa6a elementor-widget elementor-widget-m5c\" data-id=\"7f6fa6a\" data-element_type=\"widget\" data-widget_type=\"m5c.default\">\n\t\t\t\t<div class=\"elementor-widget-container\">\n\t\t\t<section class=\"mn-m5-c mn-m5-d2 mn-bg-white\">\n\t<div class=\"mn-grid\">\n\t\t\t\t<div class=\"mn-content mn-grid-9\">\n\t\t\t                <div class=\"mn-content-block active\">\n\t                                                        <div class=\"block-text\">\n\t                                        <h3 style=\"text-align: center\"><strong>80-lecie Wydzia\u0142u Medycyny Weterynaryjnej w&nbsp;Lublinie<\/strong><\/h3>\n<p>W\u0142adze Wydzia\u0142u Medycyny Weterynaryjnej Uniwersytetu Przyrodniczego w&nbsp;Lublinie oraz Komitet Organizacyjny maj\u0105 zaszczyt zaprosi\u0107 na obchody jubileuszu 80-lecia Wydzia\u0142u Medycyny Weterynaryjnej po\u0142\u0105czone z&nbsp;Mi\u0119dzynarodow\u0105 Konferencj\u0105 Naukow\u0105 ,,Cz\u0142owiek \u2013 Zwierz\u0119 &#8211; \u015arodowisko \u2013 nasze zdrowie, wsp\u00f3lne zdrowie\u2019\u2019. Uroczysto\u015bci jubileuszowe i&nbsp;towarzysz\u0105ca im konferencja odb\u0119d\u0105 si\u0119 w&nbsp;dniach 11-12 pa\u017adziernika 2024 r.<\/p>\n<p><strong>Zapraszamy serdecznie pracownik\u00f3w, student\u00f3w i&nbsp;absolwent\u00f3w Wydzia\u0142u, przedstawicieli zaprzyja\u017anionych z&nbsp;Wydzia\u0142em uczelni wy\u017cszych i&nbsp;o\u015brodk\u00f3w badawczych z&nbsp;Polski i&nbsp;z zagranicy, przedstawicieli otoczenia-spo\u0142eczno-gospodarczego wsp\u00f3\u0142pracuj\u0105cych z&nbsp;Wydzia\u0142em na r\u00f3\u017cnych p\u0142aszczyznach oraz ca\u0142e grono Przyjaci\u00f3\u0142 naszego Wydzia\u0142u. <\/strong><\/p>\n<p><strong>Zgodnie z&nbsp;tematem przewodnim konferencji udzia\u0142 w&nbsp;niej mog\u0105 wzi\u0105\u0107 przedstawiciele r\u00f3\u017cnych<\/strong> dyscyplin powi\u0105zanych ze zdrowiem zwierz\u0105t i&nbsp;cz\u0142owieka oraz stanem \u015brodowiska, pracownicy nauki i&nbsp;praktycy z&nbsp;kraju i&nbsp;zagranicy.<\/p>\n<p>Gor\u0105co zapraszamy do czynnego uczestnictwa w&nbsp;obradach naukowych i&nbsp;obchodach 80-lecia Wydzia\u0142u Medycyny Weterynaryjnej UP w&nbsp;Lublinie.<\/p>\n<p style=\"text-align: right\">W\u0142adze Wydzia\u0142u oraz Komitet Organizacyjny<\/p>\n                                        <\/div>\n\t\t\t\t\t\t                                <\/div>\n\t\t\t\t                <div class=\"mn-content-block\">\n\t                                <\/div>\n\t\t\t\t                <div class=\"mn-content-block\">\n\t                                <\/div>\n\t\t\t\t                <div class=\"mn-content-block\">\n\t                                <\/div>\n\t\t\t\t                <div class=\"mn-content-block\">\n\t                                <\/div>\n\t\t\t\t                <div class=\"mn-content-block\">\n\t                                <\/div>\n\t\t\t\t                <div class=\"mn-content-block\">\n\t                                <\/div>\n\t\t\t\t                <div class=\"mn-content-block\">\n\t                                <\/div>\n\t\t\t\t                <div class=\"mn-content-block\">\n\t                                <\/div>\n\t\t\t\t                <div class=\"mn-content-block\">\n\t                                <\/div>\n\t\t\t\t                <div class=\"mn-content-block\">\n\t                                <\/div>\n\t\t\t\t                <div class=\"mn-content-block\">\n\t                                <\/div>\n\t\t\t\t                <div class=\"mn-content-block\">\n\t                                <\/div>\n\t\t\t\t                <div class=\"mn-content-block\">\n\t                                <\/div>\n\t\t\t\t                <div class=\"mn-content-block\">\n\t                                <\/div>\n\t\t\t\t                <div class=\"mn-content-block\">\n\t                                <\/div>\n\t\t\t\t                <div class=\"mn-content-block\">\n\t                                <\/div>\n\t\t\t\t                <div class=\"mn-content-block\">\n\t                                <\/div>\n\t\t\t\t                <div class=\"mn-content-block\">\n\t                                <\/div>\n\t\t\t\t                <div class=\"mn-content-block\">\n\t                                <\/div>\n\t\t\t\t\t\t<\/div>\n\t<\/div>\n<\/section>\n\t\t<\/div>\n\t\t\t\t<\/div>\n\t\t\t\t\t\t<\/div>\n\t\t\t\t\t<\/div>\n\t\t<\/div>\n\t\t\t\t\t\t\t\t<\/div>\n\t\t\t\t\t<\/div>\n\t\t<\/section>\n\t\t\t\t\t\t<\/div>\n\t\t\t\t\t\t<\/div>\n\t\t\t\t\t<\/div>\n\t\t","protected":false},"excerpt":{"rendered":"<p>80-lecie Wydzia\u0142u Medycyny Weterynaryjnej w&nbsp;Lublinie W\u0142adze Wydzia\u0142u Medycyny Weterynaryjnej Uniwersytetu Przyrodniczego w&nbsp;Lublinie oraz Komitet Organizacyjny maj\u0105 zaszczyt zaprosi\u0107 na obchody jubileuszu 80-lecia Wydzia\u0142u Medycyny Weterynaryjnej po\u0142\u0105czone z&nbsp;Mi\u0119dzynarodow\u0105 Konferencj\u0105 Naukow\u0105 ,,Cz\u0142owiek \u2013 Zwierz\u0119 &#8211; \u015arodowisko \u2013 nasze zdrowie, wsp\u00f3lne zdrowie\u2019\u2019. Uroczysto\u015bci jubileuszowe i&nbsp;towarzysz\u0105ca im konferencja odb\u0119d\u0105 si\u0119 w&nbsp;dniach 11-12 pa\u017adziernika 2024 r. Zapraszamy serdecznie pracownik\u00f3w, student\u00f3w [&hellip;]<\/p>\n","protected":false},"author":2,"featured_media":0,"parent":159174,"menu_order":0,"comment_status":"closed","ping_status":"closed","template":"elementor_header_footer","meta":{"_monsterinsights_skip_tracking":false,"_monsterinsights_sitenote_active":false,"_monsterinsights_sitenote_note":"","_monsterinsights_sitenote_category":0},"_links":{"self":[{"href":"https:\/\/up.lublin.pl\/weterynaria\/wp-json\/wp\/v2\/pages\/159224"}],"collection":[{"href":"https:\/\/up.lublin.pl\/weterynaria\/wp-json\/wp\/v2\/pages"}],"about":[{"href":"https:\/\/up.lublin.pl\/weterynaria\/wp-json\/wp\/v2\/types\/page"}],"author":[{"embeddable":true,"href":"https:\/\/up.lublin.pl\/weterynaria\/wp-json\/wp\/v2\/users\/2"}],"replies":[{"embeddable":true,"href":"https:\/\/up.lublin.pl\/weterynaria\/wp-json\/wp\/v2\/comments?post=159224"}],"version-history":[{"count":25,"href":"https:\/\/up.lublin.pl\/weterynaria\/wp-json\/wp\/v2\/pages\/159224\/revisions"}],"predecessor-version":[{"id":159737,"href":"https:\/\/up.lublin.pl\/weterynaria\/wp-json\/wp\/v2\/pages\/159224\/revisions\/159737"}],"up":[{"embeddable":true,"href":"https:\/\/up.lublin.pl\/weterynaria\/wp-json\/wp\/v2\/pages\/159174"}],"wp:attachment":[{"href":"https:\/\/up.lublin.pl\/weterynaria\/wp-json\/wp\/v2\/media?parent=159224"}],"curies":[{"name":"wp","href":"https:\/\/api.w.org\/{rel}","templated":true}]}}