{"id":159174,"date":"2023-10-23T13:28:37","date_gmt":"2023-10-23T11:28:37","guid":{"rendered":"https:\/\/up.lublin.pl\/weterynaria\/?page_id=159174"},"modified":"2024-10-09T20:14:13","modified_gmt":"2024-10-09T18:14:13","slug":"jubileusz-80","status":"publish","type":"page","link":"https:\/\/up.lublin.pl\/weterynaria\/wydzial\/jubileusze\/jubileusz-80\/","title":{"rendered":"80-lecie Wydzia\u0142u Medycyny Weterynaryjnej"},"content":{"rendered":"\t\t<div data-elementor-type=\"wp-page\" data-elementor-id=\"159174\" class=\"elementor elementor-159174\" data-elementor-settings=\"[]\">\n\t\t\t\t\t\t<div class=\"elementor-inner\">\n\t\t\t\t\t\t\t<div class=\"elementor-section-wrap\">\n\t\t\t\t\t\t\t<section class=\"elementor-section elementor-top-section elementor-element elementor-element-027e420 elementor-section-boxed elementor-section-height-default elementor-section-height-default\" data-id=\"027e420\" data-element_type=\"section\">\n\t\t\t\t\t\t<div class=\"elementor-container elementor-column-gap-default\">\n\t\t\t\t\t\t\t<div class=\"elementor-row\">\n\t\t\t\t\t<div class=\"elementor-column elementor-col-100 elementor-top-column elementor-element elementor-element-6d79879\" data-id=\"6d79879\" data-element_type=\"column\">\n\t\t\t<div class=\"elementor-column-wrap elementor-element-populated\">\n\t\t\t\t\t\t\t<div class=\"elementor-widget-wrap\">\n\t\t\t\t\t\t<div class=\"elementor-element elementor-element-45827c1 elementor-widget elementor-widget-m2j\" data-id=\"45827c1\" data-element_type=\"widget\" data-widget_type=\"m2j.default\">\n\t\t\t\t<div class=\"elementor-widget-container\">\n\t\t\t<section class=\"mn-m2-h\">\n    <div class=\"mn-image-container mn-container\">\n                    <img src=\"https:\/\/up.lublin.pl\/weterynaria\/wp-content\/uploads\/sites\/3\/2024\/01\/80lat-wmw-banner-PLv2-1.jpg\" alt=\"\">\n                        <\/div>\n    <div class=\"mn-grid mn-content\">\n                    <div class=\"mn-content-block\">\n                <div class=\"mn-content-block active\">\n<div class=\"block-text\">\n<h3>\u00a0<\/h3>\n<h3 style=\"text-align: center\"><span style=\"color: #000000\"><strong>80-lecie Wydzia\u0142u Medycyny Weterynaryjnej w\u00a0Lublinie<\/strong><\/span><\/h3>\n<p style=\"text-align: left\"><span style=\"color: #000000\">W\u0142adze Wydzia\u0142u Medycyny Weterynaryjnej Uniwersytetu Przyrodniczego w\u00a0Lublinie oraz Komitet Organizacyjny maj\u0105 zaszczyt zaprosi\u0107 na obchody jubileuszu 80-lecia Wydzia\u0142u Medycyny Weterynaryjnej po\u0142\u0105czone z\u00a0Mi\u0119dzynarodow\u0105 Konferencj\u0105 Naukow\u0105 ,,Cz\u0142owiek \u2013 Zwierz\u0119 \u2013 \u015arodowisko \u2013 nasze zdrowie, wsp\u00f3lne zdrowie\u2019\u2019. Uroczysto\u015bci jubileuszowe i\u00a0towarzysz\u0105ca im konferencja odb\u0119d\u0105 si\u0119 w\u00a0dniach 11-12 pa\u017adziernika 2024 r.<\/span><\/p>\n<p style=\"text-align: left\"><span style=\"color: #000000\"><strong>Zapraszamy serdecznie pracownik\u00f3w, student\u00f3w i\u00a0absolwent\u00f3w Wydzia\u0142u, przedstawicieli zaprzyja\u017anionych z\u00a0Wydzia\u0142em uczelni wy\u017cszych i\u00a0o\u015brodk\u00f3w badawczych z\u00a0Polski i\u00a0z zagranicy, przedstawicieli otoczenia-spo\u0142eczno-gospodarczego wsp\u00f3\u0142pracuj\u0105cych z\u00a0Wydzia\u0142em na r\u00f3\u017cnych p\u0142aszczyznach oraz ca\u0142e grono Przyjaci\u00f3\u0142 naszego Wydzia\u0142u. <\/strong><\/span><\/p>\n<p style=\"text-align: left\"><span style=\"color: #000000\">Zgodnie z\u00a0tematem przewodnim konferencji udzia\u0142 w\u00a0niej mog\u0105 wzi\u0105\u0107 przedstawiciele r\u00f3\u017cnych dyscyplin powi\u0105zanych ze zdrowiem zwierz\u0105t i\u00a0cz\u0142owieka oraz stanem \u015brodowiska, pracownicy nauki i\u00a0praktycy z\u00a0kraju i\u00a0zagranicy.<\/span><\/p>\n<p style=\"text-align: left\"><span style=\"color: #000000\">Gor\u0105co zapraszamy do czynnego uczestnictwa w\u00a0obradach naukowych i\u00a0obchodach 80-lecia Wydzia\u0142u Medycyny Weterynaryjnej UP w\u00a0Lublinie.<\/span><\/p>\n<p style=\"text-align: right\"><em><span style=\"color: #000000\">W\u0142adze Wydzia\u0142u oraz Komitet Organizacyjny<\/span><\/em><\/p>\n<\/div>\n<\/div>\n<p>\u00a0<\/p>\n<h3 style=\"text-align: center\"><span style=\"color: #000000\"><strong>80th anniversary of the Faculty of Veterinary Medicine in Lublin<\/strong><\/span><\/h3>\n<p><span style=\"color: #000000\">The authorities of the Faculty of Veterinary Medicine of the University of Life Sciences in Lublin and the Organizing Committee have the honour to invite you to the celebration of the 80th anniversary of the Faculty of Veterinary Medicine and the International Scientific Conference &#8220;Human &#8211; Animal &#8211; Environment &#8211; our health, common health&#8221;. The anniversary celebrations and the accompanying conference will take place on October 11-12, 2024.<\/span><\/p>\n<p><span style=\"color: #000000\"><strong>We cordially invite employees, students and graduates of the Faculty, representatives of universities and research centres friendly to the Faculty from Poland and abroad, representatives of the socio-economic environment cooperating on various levels with the Faculty and the entire group of friends of our Faculty.<\/strong><\/span><\/p>\n<p><span style=\"color: #000000\">In line with the main theme of the Conference, representatives of various disciplines related to animal and human health and the state of the environment, scientists and practitioners from Poland and abroad can participate.<\/span><\/p>\n<p><span style=\"color: #000000\">We warmly invite you to actively participate in scientific discussions and celebrations of the 80th anniversary of the Faculty of Veterinary Medicine of the University of Life Sciences in Lublin.<\/span><\/p>\n<p style=\"text-align: right\"><em><span style=\"color: #000000\">Faculty Authorities and the Organizing Committee<\/span><\/em><\/p>\n            <\/div>\n                <\/div>\n<\/section>\n\t\t<\/div>\n\t\t\t\t<\/div>\n\t\t\t\t\t\t<\/div>\n\t\t\t\t\t<\/div>\n\t\t<\/div>\n\t\t\t\t\t\t\t\t<\/div>\n\t\t\t\t\t<\/div>\n\t\t<\/section>\n\t\t\t\t<section class=\"elementor-section elementor-top-section elementor-element elementor-element-38e7d4f elementor-section-boxed elementor-section-height-default elementor-section-height-default\" data-id=\"38e7d4f\" data-element_type=\"section\">\n\t\t\t\t\t\t<div class=\"elementor-container elementor-column-gap-default\">\n\t\t\t\t\t\t\t<div class=\"elementor-row\">\n\t\t\t\t\t<div class=\"elementor-column elementor-col-100 elementor-top-column elementor-element elementor-element-ab05b78\" data-id=\"ab05b78\" data-element_type=\"column\">\n\t\t\t<div class=\"elementor-column-wrap elementor-element-populated\">\n\t\t\t\t\t\t\t<div class=\"elementor-widget-wrap\">\n\t\t\t\t\t\t<div class=\"elementor-element elementor-element-de89471 elementor-widget elementor-widget-m4a\" data-id=\"de89471\" data-element_type=\"widget\" data-widget_type=\"m4a.default\">\n\t\t\t\t<div class=\"elementor-widget-container\">\n\t\t\t\t<section class=\"mn-m4_b mn-bg-white\">\n\t\t\t\t<div class=\"mn-grid\">\n\t\t\t\t\t\t\t<div class=\"mn-grid-3 mn-kat-m4-container\">\n\t\t\t\t\t\t\t\t\t\t\t\t\t\t\t\t<h3>Informacje og\u00f3lne \/ About Conference<\/h3>\n\t\t\t\t\t\t\t\t\t\t\t\t\t\t\t\t\t\t\t\t\t\t<a href=\"https:\/\/up.lublin.pl\/weterynaria\/wydzial\/jubileusze\/jubileusz-80\/informacje\/\" class=\"mn-more\">Zobacz wi\u0119cej<\/a>\n\t\t\t\t\t\t\t\t\t\t<\/div>\n\t\t\t\t\t\t\t\t<div class=\"mn-grid-3 mn-kat-m4-container\">\n\t\t\t\t\t\t\t\t\t\t\t\t\t\t\t\t<h3>Program uroczysto\u015bci i&nbsp;Konferencji Naukowej \/ Programme of the Anniversary Celebrations and Conference<\/h3>\n\t\t\t\t\t\t\t\t\t\t\t\t\t\t\t\t\t\t\t\t\t\t<a href=\"https:\/\/up.lublin.pl\/weterynaria\/wydzial\/jubileusze\/jubileusz-80\/program\/\" class=\"mn-more\">Zobacz wi\u0119cej<\/a>\n\t\t\t\t\t\t\t\t\t\t<\/div>\n\t\t\t\t\t\t\t\t<div class=\"mn-grid-3 mn-kat-m4-container\">\n\t\t\t\t\t\t\t\t\t\t\t\t\t\t\t\t<h3>Komitet Organizacyjny \/ Organizing committee<\/h3>\n\t\t\t\t\t\t\t\t\t\t\t\t\t\t\t\t\t\t\t\t\t\t<a href=\"https:\/\/up.lublin.pl\/weterynaria\/wydzial\/jubileusze\/jubileusz-80\/komitet-organizacyjny\/\" class=\"mn-more\">Zobacz wi\u0119cej<\/a>\n\t\t\t\t\t\t\t\t\t\t<\/div>\n\t\t\t\t\t\t\t\t<div class=\"mn-grid-3 mn-kat-m4-container\">\n\t\t\t\t\t\t\t\t\t\t\t\t\t\t\t\t<h3>Patronaty \/ Patronages<\/h3>\n\t\t\t\t\t\t\t\t\t\t\t\t\t\t\t\t\t\t\t\t\t\t<a href=\"https:\/\/up.lublin.pl\/weterynaria\/wydzial\/jubileusze\/jubileusz-80\/patronaty\/\" class=\"mn-more\">Zobacz wi\u0119cej<\/a>\n\t\t\t\t\t\t\t\t\t\t<\/div>\n\t\t\t\t\t\t\t\t<div class=\"mn-grid-3 mn-kat-m4-container\">\n\t\t\t\t\t\t\t\t\t\t\t\t\t\t\t\t<h3>Lokalizacja \/ Location<\/h3>\n\t\t\t\t\t\t\t\t\t\t\t\t\t\t\t\t\t\t\t\t\t\t<a href=\"https:\/\/up.lublin.pl\/weterynaria\/wydzial\/jubileusze\/jubileusz-80\/lokalizacja\/\" class=\"mn-more\">Zobacz wi\u0119cej<\/a>\n\t\t\t\t\t\t\t\t\t\t<\/div>\n\t\t\t\t\t\t\t\t<div class=\"mn-grid-3 mn-kat-m4-container\">\n\t\t\t\t\t\t\t\t\t\t\t\t\t\t\t\t<h3>Op\u0142aty i&nbsp;rejestracja \/ Registration and payment<\/h3>\n\t\t\t\t\t\t\t\t\t\t\t\t\t\t\t\t\t\t\t\t\t\t<a href=\"https:\/\/up.lublin.pl\/weterynaria\/wydzial\/jubileusze\/jubileusz-80\/rejestracja\/\" class=\"mn-more\">Zobacz wi\u0119cej<\/a>\n\t\t\t\t\t\t\t\t\t\t<\/div>\n\t\t\t\t\t\t\t\t<div class=\"mn-grid-3 mn-kat-m4-container\">\n\t\t\t\t\t\t\t\t\t\t\t\t\t\t\t\t<h3>Zakwaterowanie \/ Accommodation<\/h3>\n\t\t\t\t\t\t\t\t\t\t\t\t\t\t\t\t\t\t\t\t\t\t<a href=\"https:\/\/up.lublin.pl\/weterynaria\/wydzial\/jubileusze\/jubileusz-80\/zakwaterowanie\/\" class=\"mn-more\">Zobacz wi\u0119cej<\/a>\n\t\t\t\t\t\t\t\t\t\t<\/div>\n\t\t\t\t\t\t\t\t<div class=\"mn-grid-3 mn-kat-m4-container\">\n\t\t\t\t\t\t\t\t\t\t\t\t\t\t\t\t<h3>Rada Naukowa \/ Scientific Council<\/h3>\n\t\t\t\t\t\t\t\t\t\t\t\t\t\t\t\t\t\t\t\t\t\t<a href=\"https:\/\/up.lublin.pl\/weterynaria\/wydzial\/jubileusze\/jubileusz-80\/rada-naukowa\/\" class=\"mn-more\">Zobacz wi\u0119cej<\/a>\n\t\t\t\t\t\t\t\t\t\t<\/div>\n\t\t\t\t\t\t\t\t<div class=\"mn-grid-3 mn-kat-m4-container\">\n\t\t\t\t\t\t\t\t\t\t\t\t\t\t\t\t<h3>Sponsorzy \/ Sponsors<\/h3>\n\t\t\t\t\t\t\t\t\t\t\t\t\t\t\t\t\t\t\t\t\t\t<a href=\"https:\/\/up.lublin.pl\/weterynaria\/wydzial\/jubileusze\/jubileusz-80\/sponsorzy\/\" class=\"mn-more\">Zobacz wi\u0119cej<\/a>\n\t\t\t\t\t\t\t\t\t\t<\/div>\n\t\t\t\t\t\t\t\t<div class=\"mn-grid-3 mn-kat-m4-container\">\n\t\t\t\t\t\t\t\t\t\t\t\t\t\t\t\t<h3>Ksi\u0105\u017cka abstrakt\u00f3w \/ Book of abstracts | Postery \/ Posters<\/h3>\n\t\t\t\t\t\t\t\t\t\t\t\t\t\t\t\t\t\t\t\t\t\t<a href=\"https:\/\/up.lublin.pl\/weterynaria\/wydzial\/jubileusze\/jubileusz-80\/abstrakty\/\" class=\"mn-more\">Zobacz wi\u0119cej<\/a>\n\t\t\t\t\t\t\t\t\t\t<\/div>\n\t\t\t\t\t\t\t\t<div class=\"mn-grid-3 mn-kat-m4-container\">\n\t\t\t\t\t\t\t\t\t\t\t\t\t\t\t\t<h3>Transmisja Jubileuszu 80-lecia Wydzia\u0142u Medycyny Weterynaryjnej UP w&nbsp;Lublinie na kanale Youtube<\/h3>\n\t\t\t\t\t\t\t\t\t\t\t\t\t\t\t\t\t\t\t\t\t\t<a href=\"https:\/\/www.youtube.com\/live\/s7hsnMK59b4\" class=\"mn-more\">Zobacz wi\u0119cej<\/a>\n\t\t\t\t\t\t\t\t\t\t<\/div>\n\t\t\t\t\t\t<\/div>\n\t<\/section>\n\t\t\t<\/div>\n\t\t\t\t<\/div>\n\t\t\t\t\t\t<\/div>\n\t\t\t\t\t<\/div>\n\t\t<\/div>\n\t\t\t\t\t\t\t\t<\/div>\n\t\t\t\t\t<\/div>\n\t\t<\/section>\n\t\t\t\t\t\t<\/div>\n\t\t\t\t\t\t<\/div>\n\t\t\t\t\t<\/div>\n\t\t","protected":false},"excerpt":{"rendered":"<p>\u00a0 80-lecie Wydzia\u0142u Medycyny Weterynaryjnej w\u00a0Lublinie W\u0142adze Wydzia\u0142u Medycyny Weterynaryjnej Uniwersytetu Przyrodniczego w\u00a0Lublinie oraz Komitet Organizacyjny maj\u0105 zaszczyt zaprosi\u0107 na obchody jubileuszu 80-lecia Wydzia\u0142u Medycyny Weterynaryjnej po\u0142\u0105czone z\u00a0Mi\u0119dzynarodow\u0105 Konferencj\u0105 Naukow\u0105 ,,Cz\u0142owiek \u2013 Zwierz\u0119 \u2013 \u015arodowisko \u2013 nasze zdrowie, wsp\u00f3lne zdrowie\u2019\u2019. Uroczysto\u015bci jubileuszowe i\u00a0towarzysz\u0105ca im konferencja odb\u0119d\u0105 si\u0119 w\u00a0dniach 11-12 pa\u017adziernika 2024 r. Zapraszamy serdecznie pracownik\u00f3w, [&hellip;]<\/p>\n","protected":false},"author":2,"featured_media":0,"parent":332,"menu_order":0,"comment_status":"closed","ping_status":"closed","template":"elementor_header_footer","meta":{"_monsterinsights_skip_tracking":false,"_monsterinsights_sitenote_active":false,"_monsterinsights_sitenote_note":"","_monsterinsights_sitenote_category":0},"_links":{"self":[{"href":"https:\/\/up.lublin.pl\/weterynaria\/wp-json\/wp\/v2\/pages\/159174"}],"collection":[{"href":"https:\/\/up.lublin.pl\/weterynaria\/wp-json\/wp\/v2\/pages"}],"about":[{"href":"https:\/\/up.lublin.pl\/weterynaria\/wp-json\/wp\/v2\/types\/page"}],"author":[{"embeddable":true,"href":"https:\/\/up.lublin.pl\/weterynaria\/wp-json\/wp\/v2\/users\/2"}],"replies":[{"embeddable":true,"href":"https:\/\/up.lublin.pl\/weterynaria\/wp-json\/wp\/v2\/comments?post=159174"}],"version-history":[{"count":97,"href":"https:\/\/up.lublin.pl\/weterynaria\/wp-json\/wp\/v2\/pages\/159174\/revisions"}],"predecessor-version":[{"id":162727,"href":"https:\/\/up.lublin.pl\/weterynaria\/wp-json\/wp\/v2\/pages\/159174\/revisions\/162727"}],"up":[{"embeddable":true,"href":"https:\/\/up.lublin.pl\/weterynaria\/wp-json\/wp\/v2\/pages\/332"}],"wp:attachment":[{"href":"https:\/\/up.lublin.pl\/weterynaria\/wp-json\/wp\/v2\/media?parent=159174"}],"curies":[{"name":"wp","href":"https:\/\/api.w.org\/{rel}","templated":true}]}}