{"id":147948,"date":"2021-07-30T10:24:06","date_gmt":"2021-07-30T08:24:06","guid":{"rendered":"https:\/\/up.lublin.pl\/weterynaria\/?page_id=147948"},"modified":"2021-07-30T12:36:29","modified_gmt":"2021-07-30T10:36:29","slug":"dydaktyka","status":"publish","type":"page","link":"https:\/\/up.lublin.pl\/weterynaria\/wydzial\/struktura-i-pracownicy\/fizjologia\/dydaktyka\/","title":{"rendered":"Dydaktyka"},"content":{"rendered":"\t\t<div data-elementor-type=\"wp-page\" data-elementor-id=\"147948\" class=\"elementor elementor-147948\" data-elementor-settings=\"[]\">\n\t\t\t\t\t\t<div class=\"elementor-inner\">\n\t\t\t\t\t\t\t<div class=\"elementor-section-wrap\">\n\t\t\t\t\t\t\t<section class=\"elementor-section elementor-top-section elementor-element elementor-element-47f47e3 elementor-section-boxed elementor-section-height-default elementor-section-height-default\" data-id=\"47f47e3\" data-element_type=\"section\">\n\t\t\t\t\t\t<div class=\"elementor-container elementor-column-gap-default\">\n\t\t\t\t\t\t\t<div class=\"elementor-row\">\n\t\t\t\t\t<div class=\"elementor-column elementor-col-100 elementor-top-column elementor-element elementor-element-1bee0bd\" data-id=\"1bee0bd\" data-element_type=\"column\">\n\t\t\t<div class=\"elementor-column-wrap elementor-element-populated\">\n\t\t\t\t\t\t\t<div class=\"elementor-widget-wrap\">\n\t\t\t\t\t\t<div class=\"elementor-element elementor-element-70d4637 elementor-widget elementor-widget-m2e\" data-id=\"70d4637\" data-element_type=\"widget\" data-widget_type=\"m2e.default\">\n\t\t\t\t<div class=\"elementor-widget-container\">\n\t\t\t<section class=\"mn-m2-e mn-bg-green\">\n\t<div class=\"mn-grid\">\n\t\t<div class=\"mn-grid-3 mn-introtext\">\n\t\t\t\t\t\t\t<p class=\"mn-header\">Katedra Fizjologii Zwierz\u0105t<\/p>\n\t\t\t\t\t\t\t\t\t\t\t<h3>\n\t\t\t\t\tDydaktyka\t\t\t\t<\/h3>\n\t\t\t\t\t\t\t\t\t\t\t\t<\/div>\n\t\t<div class=\"mn-grid-9 mn-image-container\">\n\t\t\t\t\t<\/div>\n\t<\/div>\n\t<\/section>\n\t\t<\/div>\n\t\t\t\t<\/div>\n\t\t\t\t\t\t<\/div>\n\t\t\t\t\t<\/div>\n\t\t<\/div>\n\t\t\t\t\t\t\t\t<\/div>\n\t\t\t\t\t<\/div>\n\t\t<\/section>\n\t\t\t\t<section class=\"elementor-section elementor-top-section elementor-element elementor-element-e3b8788 elementor-section-boxed elementor-section-height-default elementor-section-height-default\" data-id=\"e3b8788\" data-element_type=\"section\">\n\t\t\t\t\t\t<div class=\"elementor-container elementor-column-gap-default\">\n\t\t\t\t\t\t\t<div class=\"elementor-row\">\n\t\t\t\t\t<div class=\"elementor-column elementor-col-100 elementor-top-column elementor-element elementor-element-ff42269\" data-id=\"ff42269\" data-element_type=\"column\">\n\t\t\t<div class=\"elementor-column-wrap elementor-element-populated\">\n\t\t\t\t\t\t\t<div class=\"elementor-widget-wrap\">\n\t\t\t\t\t\t<div class=\"elementor-element elementor-element-d2612a4 elementor-widget elementor-widget-m5c\" data-id=\"d2612a4\" data-element_type=\"widget\" data-widget_type=\"m5c.default\">\n\t\t\t\t<div class=\"elementor-widget-container\">\n\t\t\t<section class=\"mn-m5-c mn-bg-white\">\n\t<div class=\"mn-grid\">\n\t\t            <div class=\"mn-menu-container mn-grid-3\">\n                <ul class=\"mn-bg-yellow\">\n\t                                        <li>\n                            <a href=\"#\" class=\"active\" data-hash=\"#\">\n                                Dydaktyka                            <\/a>\n                        <\/li>\n                                                <li>\n                            <a href=\"#\" class=\"\" data-hash=\"#\">\n                                Polecane podr\u0119cznki                            <\/a>\n                        <\/li>\n                                                <li>\n                            <a href=\"#\" class=\"\" data-hash=\"#\">\n                                Godziny konsultacji                            <\/a>\n                        <\/li>\n                                        <\/ul>\n            <\/div>\n\t        \t\t<div class=\"mn-content mn-grid-8\">\n\t\t\t                <div class=\"mn-content-block active\">\n\t                                                        <div class=\"block-text\">\n\t                                        <h3>Wydzia\u0142 Medycyny Weterynaryjnej<\/h3>\n                                        <\/div>\n\t\t\t\t\t\t                                                        <div class=\"mn-cards-list\">\n                                            <div class=\"mn-card-container\">\n                                                <div>\n                                                    <img src=\"https:\/\/up.lublin.pl\/weterynaria\/wp-content\/themes\/up-lublin\/assets\/images\/doc-ico.svg\" alt=\"\" \/>\n                                                    <h5>Weterynaria<\/h5>\n                                                <\/div>\n                                                <a href=\"https:\/\/up.lublin.pl\/weterynaria\/wydzial\/struktura-i-pracownicy\/fizjologia\/dydaktyka\/weterynaria\/\" class=\"mn-more\" target=\"_blank\">Zobacz<\/a>\n                                            <\/div>\n                                        <\/div>\n\t\t\t\t\t\t                                                        <ul class=\"mn-accordion\">\n                                            <li>\n                                                <h4 class=\"mn-accordion-title\">Analityka weterynaryjna<\/h4>\n                                                <div>\n\t\t\t\t\t\t\t\t\t                <p><a href=\"https:\/\/up.lublin.pl\/weterynaria\/wp-content\/uploads\/sites\/3\/2021\/07\/analityka-2020-21korekta.pdf\">Program \u0107wicze\u0144<\/a><\/p>\n                                                <\/div>\n                                            <\/li>\n                                        <\/ul>\n\t\t\t\t\t\t                                                        <div class=\"block-text\">\n\t                                        <h3>Wydzia\u0142 Nauk o&nbsp;Zwierz\u0119tach i&nbsp;Biogospodarki<\/h3>\n                                        <\/div>\n\t\t\t\t\t\t                                                        <ul class=\"mn-accordion\">\n                                            <li>\n                                                <h4 class=\"mn-accordion-title\">Aktywno\u015b\u0107 fizyczna i&nbsp;agroturystyka kwalifikowana<\/h4>\n                                                <div>\n\t\t\t\t\t\t\t\t\t                <p><a href=\"https:\/\/up.lublin.pl\/weterynaria\/wp-content\/uploads\/sites\/3\/2021\/07\/aktywnoscfizyczna2020.pdf\">Program \u0107wicze\u0144<\/a><\/p>\n                                                <\/div>\n                                            <\/li>\n                                        <\/ul>\n\t\t\t\t\t\t                                                        <ul class=\"mn-accordion\">\n                                            <li>\n                                                <h4 class=\"mn-accordion-title\">Bezpiecze\u0144stwo i&nbsp;certyfikacja \u017cywno\u015bci<\/h4>\n                                                <div>\n\t\t\t\t\t\t\t\t\t                <p><a href=\"https:\/\/up.lublin.pl\/weterynaria\/wp-content\/uploads\/sites\/3\/2021\/07\/Bezpcert2021.pdf\">Program \u0107wicze\u0144<\/a><\/p>\n                                                <\/div>\n                                            <\/li>\n                                        <\/ul>\n\t\t\t\t\t\t                                                        <ul class=\"mn-accordion\">\n                                            <li>\n                                                <h4 class=\"mn-accordion-title\">Behawiorystyka zwierz\u0105t<\/h4>\n                                                <div>\n\t\t\t\t\t\t\t\t\t                <p><a href=\"https:\/\/up.lublin.pl\/weterynaria\/wydzial\/struktura-i-pracownicy\/fizjologia\/dydaktyka\/behawiorystyka-zwierzat\/\">Program \u0107wicze\u0144 stacjonarne<\/a><\/p>\n<p><a href=\"https:\/\/up.lublin.pl\/weterynaria\/wp-content\/uploads\/sites\/3\/2021\/07\/BehawiorystykaNST2020.pdf\">Program \u0107wicze\u0144 niestacjonarne<\/a><\/p>\n                                                <\/div>\n                                            <\/li>\n                                        <\/ul>\n\t\t\t\t\t\t                                                        <ul class=\"mn-accordion\">\n                                            <li>\n                                                <h4 class=\"mn-accordion-title\">Piel\u0119gnacja zwierz\u0105t i&nbsp;animaloterapia<\/h4>\n                                                <div>\n\t\t\t\t\t\t\t\t\t                <p><a href=\"https:\/\/up.lublin.pl\/weterynaria\/wp-content\/uploads\/sites\/3\/2021\/07\/PielegnacjaCW2020.pdf\">Program \u0107wicze\u0144<\/a><\/p>\n<p><a href=\"https:\/\/up.lublin.pl\/weterynaria\/wp-content\/uploads\/sites\/3\/2021\/07\/ZakresPIA-2019-20-N-M.pdf\"> Zakres wiadomo\u015bci uk\u0142ad nerwowo-mi\u0119\u015bniowy<\/a><\/p>\n                                                <\/div>\n                                            <\/li>\n                                        <\/ul>\n\t\t\t\t\t\t                                                        <ul class=\"mn-accordion\">\n                                            <li>\n                                                <h4 class=\"mn-accordion-title\">Bezpiecze\u0144stwo i&nbsp;higiena pracy<\/h4>\n                                                <div>\n\t\t\t\t\t\t\t\t\t                <p><a href=\"https:\/\/up.lublin.pl\/weterynaria\/wp-content\/uploads\/sites\/3\/2021\/07\/BHP-2021.pdf\">Program \u0107wicze\u0144<\/a><\/p>\n                                                <\/div>\n                                            <\/li>\n                                        <\/ul>\n\t\t\t\t\t\t                                                        <ul class=\"mn-accordion\">\n                                            <li>\n                                                <h4 class=\"mn-accordion-title\">Hipologia i&nbsp;je\u017adziectwo<\/h4>\n                                                <div>\n\t\t\t\t\t\t\t\t\t                <p><a href=\"https:\/\/up.lublin.pl\/weterynaria\/wp-content\/uploads\/sites\/3\/2021\/07\/FizKonia2020.pdf\">Program \u0107wicze\u0144<\/a><\/p>\n                                                <\/div>\n                                            <\/li>\n                                        <\/ul>\n\t\t\t\t\t\t                                                        <ul class=\"mn-accordion\">\n                                            <li>\n                                                <h4 class=\"mn-accordion-title\">Zootechnika st. stacjonarne<\/h4>\n                                                <div>\n\t\t\t\t\t\t\t\t\t                <p><a href=\"https:\/\/up.lublin.pl\/weterynaria\/wp-content\/uploads\/sites\/3\/2021\/07\/Zootechnik-2021.pdf\">Program \u0107wicze\u0144<\/a><\/p>\n                                                <\/div>\n                                            <\/li>\n                                        <\/ul>\n\t\t\t\t\t\t                                                        <div class=\"block-text\">\n\t                                        <h3>Wydzia\u0142 Biologii \u015arodowiskowej<\/h3>\n                                        <\/div>\n\t\t\t\t\t\t                                                        <ul class=\"mn-accordion\">\n                                            <li>\n                                                <h4 class=\"mn-accordion-title\">Biologia<\/h4>\n                                                <div>\n\t\t\t\t\t\t\t\t\t                <p><a href=\"https:\/\/up.lublin.pl\/weterynaria\/wp-content\/uploads\/sites\/3\/2021\/07\/Biologia-program-cwiczen-2018.pdf\">Program \u0107wicze\u0144<\/a><\/p>\n                                                <\/div>\n                                            <\/li>\n                                        <\/ul>\n\t\t\t\t\t\t                                                        <ul class=\"mn-accordion\">\n                                            <li>\n                                                <h4 class=\"mn-accordion-title\">Biokosmetologia stacjonarne<\/h4>\n                                                <div>\n\t\t\t\t\t\t\t\t\t                <p><a href=\"https:\/\/up.lublin.pl\/weterynaria\/wp-content\/uploads\/sites\/3\/2021\/07\/biokosmet-stacj20.pdf\">Program \u0107wicze\u0144<\/a><\/p>\n                                                <\/div>\n                                            <\/li>\n                                        <\/ul>\n\t\t\t\t\t\t                                                        <ul class=\"mn-accordion\">\n                                            <li>\n                                                <h4 class=\"mn-accordion-title\">Biokosmetologia niestacjonarne<\/h4>\n                                                <div>\n\t\t\t\t\t\t\t\t\t                <p><a href=\"https:\/\/up.lublin.pl\/weterynaria\/wp-content\/uploads\/sites\/3\/2021\/07\/biokosmet-nst20.pdf\">Program \u0107wicze\u0144<\/a><\/p>\n                                                <\/div>\n                                            <\/li>\n                                        <\/ul>\n\t\t\t\t\t\t                                                        <div class=\"block-text\">\n\t                                        <h3>Wydzia\u0142 Nauk o&nbsp;\u017bywno\u015bci i&nbsp;Biotechnologii<\/h3>\n                                        <\/div>\n\t\t\t\t\t\t                                                        <ul class=\"mn-accordion\">\n                                            <li>\n                                                <h4 class=\"mn-accordion-title\">Biotechnologia<\/h4>\n                                                <div>\n\t\t\t\t\t\t\t\t\t                <p><a href=\"https:\/\/up.lublin.pl\/weterynaria\/wp-content\/uploads\/sites\/3\/2021\/07\/Biotech-ST-2021.pdf\">Program \u0107wicze\u0144<\/a><\/p>\n                                                <\/div>\n                                            <\/li>\n                                        <\/ul>\n\t\t\t\t\t\t                                                        <ul class=\"mn-accordion\">\n                                            <li>\n                                                <h4 class=\"mn-accordion-title\">Dietetyka<\/h4>\n                                                <div>\n\t\t\t\t\t\t\t\t\t                <p><a href=\"https:\/\/up.lublin.pl\/weterynaria\/wp-content\/uploads\/sites\/3\/2021\/07\/Dietetyka-Stacon-2020-2021.pdf\">Program \u0107wicze\u0144 studia stacjonarne 2020-2021<\/a><\/p>\n<p><a href=\"https:\/\/up.lublin.pl\/weterynaria\/wp-content\/uploads\/sites\/3\/2021\/07\/KREW-dietetyka-2020.pdf\">Materia\u0142y dydaktyczne &#8211; krew<\/a><\/p>\n<p><a href=\"https:\/\/up.lublin.pl\/weterynaria\/wp-content\/uploads\/sites\/3\/2021\/07\/Dietetyka-Nstac-2020-2021.pdf\">Program \u0107wicze\u0144 studia stacjonarne 2020-2021<\/a><\/p>\n<p>\u00a0<\/p>\n                                                <\/div>\n                                            <\/li>\n                                        <\/ul>\n\t\t\t\t\t\t                                                        <ul class=\"mn-accordion\">\n                                            <li>\n                                                <h4 class=\"mn-accordion-title\">Technologia \u017cywno\u015bci i&nbsp;\u017cywienie cz\u0142owieka<\/h4>\n                                                <div>\n\t\t\t\t\t\t\t\t\t                <p><a href=\"https:\/\/up.lublin.pl\/weterynaria\/wp-content\/uploads\/sites\/3\/2021\/07\/Program-8-cwiczen-TZiZC-2019-2020.pdf\">Program \u0107wicze\u0144<\/a><\/p>\n                                                <\/div>\n                                            <\/li>\n                                        <\/ul>\n\t\t\t\t\t\t                                <\/div>\n\t\t\t\t                <div class=\"mn-content-block\">\n\t                                                        <div class=\"block-text\">\n\t                                        <table style=\"border-collapse: collapse; width: 100%; height: 556px;\">\n<tbody>\n<tr style=\"height: 168px;\">\n<td style=\"width: 29.3158%; height: 168px;\"><img loading=\"lazy\" class=\"aligncenter wp-image-147954 size-full\" src=\"https:\/\/up.lublin.pl\/weterynaria\/wp-content\/uploads\/sites\/3\/2021\/07\/car0s1fp7w.jpg\" alt=\"\" width=\"103\" height=\"145\" \/><\/td>\n<td style=\"width: 70.6842%; height: 168px; vertical-align: middle;\">\u201eFizjologia zwierz\u0105t\u201d pod redakcj\u0105 Tadeusza Krzymowskiego. Wydawnictwo PWRiL<\/td>\n<\/tr>\n<tr style=\"height: 192px;\">\n<td style=\"width: 29.3158%; height: 192px;\"><img loading=\"lazy\" class=\"aligncenter wp-image-147962\" src=\"https:\/\/up.lublin.pl\/weterynaria\/wp-content\/uploads\/sites\/3\/2021\/07\/tnyj4m2h81.jpg\" alt=\"\" width=\"102\" height=\"145\" \/><\/td>\n<td style=\"width: 70.6842%; height: 192px; vertical-align: middle;\">\u201eFizjologia cz\u0142owieka\u201d Stanis\u0142aw Konturek. Wydawnictwo Elsevier Urban &amp; Partner<\/td>\n<\/tr>\n<tr style=\"height: 173px;\">\n<td style=\"width: 29.3158%; height: 173px;\"><img loading=\"lazy\" class=\"aligncenter size-full wp-image-147958\" src=\"https:\/\/up.lublin.pl\/weterynaria\/wp-content\/uploads\/sites\/3\/2021\/07\/j5unwj4nkf.jpg\" alt=\"\" width=\"103\" height=\"150\" \/><\/td>\n<td style=\"width: 70.6842%; height: 173px; vertical-align: middle;\">\u201eFizjologia\u201d William F. Ganong. Wydawnictwo Lekarskie PZWL<\/td>\n<\/tr>\n<tr style=\"height: 23px;\">\n<td style=\"width: 29.3158%; height: 23px;\"><img loading=\"lazy\" class=\"aligncenter size-full wp-image-147950\" src=\"https:\/\/up.lublin.pl\/weterynaria\/wp-content\/uploads\/sites\/3\/2021\/07\/3vi8syutnt.jpg\" alt=\"\" width=\"104\" height=\"153\" \/><\/td>\n<td style=\"width: 70.6842%; height: 23px; vertical-align: middle;\">\u201eFizjologia\u201d John Bullock, Joseph Boyle, Michael B. Wang. Wydawnictwo Urban&amp;Partner<\/td>\n<\/tr>\n<\/tbody>\n<\/table>\n                                        <\/div>\n\t\t\t\t\t\t                                <\/div>\n\t\t\t\t                <div class=\"mn-content-block\">\n\t                                                        <div class=\"block-text\">\n\t                                        <div id=\"wb_Text1\">\n<p style=\"text-align: center;\"><strong>Godziny konsultacji pracownik\u00f3w Katedry Fizjologii Zwierz\u0105t<br \/>dla student\u00f3w w&nbsp;semestrze letnim 2020\/21<\/strong><\/p>\n<p><strong>dr hab. Marek Bie\u0144ko\u00a0\u00a0 \u00a0\u00a0 \u00a0\u00a0<\/strong> \u00a0\u00a0\u00a0\u00a0<\/p>\n<ul>\n<li>\n<p>wtorek 8.30-10.00<\/p>\n<\/li>\n<li>\n<p>\u015broda 13.00-14.00<\/p>\n<\/li>\n<\/ul>\n<p><strong>dr hab. Ma\u0142gorzata Kapica\u00a0<\/strong>\u00a0<\/p>\n<ul>\n<li>\n<p>czwartek 10.00-12.00<\/p>\n<\/li>\n<\/ul>\n<p><strong>dr hab. Sylwester Kowalik\u00a0\u00a0\u00a0<\/strong>\u00a0<\/p>\n<ul>\n<li>\n<p>poniedzia\u0142ek 11.00-12.00<\/p>\n<\/li>\n<li>\n<p>czwartek 11.30-12.30<\/p>\n<\/li>\n<\/ul>\n<p><strong>dr hab. Rados\u0142aw Radzki\u00a0\u00a0<\/strong><\/p>\n<ul>\n<li>\n<p>\u015broda 8.00-10.00<\/p>\n<\/li>\n<li>\n<p>pi\u0105tek 8.00-10.00<\/p>\n<\/li>\n<\/ul>\n<p><strong>dr Marta Paw\u0142owska-Olszewska\u00a0\u00a0<\/strong><\/p>\n<ul>\n<li>\n<p>poniedzia\u0142ek 12.00-13.00<\/p>\n<\/li>\n<li>\n<p>wtorek 11.00-12.00<\/p>\n<\/li>\n<\/ul>\n<p><strong>dr hab. Iwona Puzio\u00a0\u00a0<\/strong><\/p>\n<ul>\n<li>\n<p>wtorek 11.00-12.30<\/p>\n<\/li>\n<li>\n<p>czwartek 8.30-9.30<\/p>\n<\/li>\n<\/ul>\n<p><strong>dr Sylwia Szyma\u0144czyk\u00a0\u00a0<\/strong><\/p>\n<ul>\n<li>\n<p>\u015broda 13.00-14.00<\/p>\n<\/li>\n<li>\n<p>pi\u0105tek 13.00-14.00<\/p>\n<\/li>\n<\/ul>\n<p><strong>dr hab. Marcin Tatara\u00a0\u00a0<\/strong><\/p>\n<ul>\n<li>\n<p>poniedzia\u0142ek 11.00-14.00<\/p>\n<\/li>\n<li>\n<p>\/przez skype na \u017c\u0105danie\/<\/p>\n<\/li>\n<\/ul>\n<p><strong>prof. dr hab. Ewa Tomaszewska\u00a0<\/strong><\/p>\n<ul>\n<li>\n<p>wtorek 12.00-13.00<\/p>\n<\/li>\n<li>\n<p>\u015broda 12.30-13.15<\/p>\n<\/li>\n<\/ul>\n<\/div>\n                                        <\/div>\n\t\t\t\t\t\t                                <\/div>\n\t\t\t\t\t\t<\/div>\n\t<\/div>\n<\/section>\n\t\t<\/div>\n\t\t\t\t<\/div>\n\t\t\t\t\t\t<\/div>\n\t\t\t\t\t<\/div>\n\t\t<\/div>\n\t\t\t\t\t\t\t\t<\/div>\n\t\t\t\t\t<\/div>\n\t\t<\/section>\n\t\t\t\t\t\t<\/div>\n\t\t\t\t\t\t<\/div>\n\t\t\t\t\t<\/div>\n\t\t","protected":false},"excerpt":{"rendered":"<p>Katedra Fizjologii Zwierz\u0105t Dydaktyka UP Wydzia\u0142 Medycyny Weterynaryjnej Dydaktyka Polecane podr\u0119cznki Godziny konsultacji Wydzia\u0142 Medycyny Weterynaryjnej Weterynaria Zobacz Analityka weterynaryjna Program \u0107wicze\u0144 Wydzia\u0142 Nauk o&nbsp;Zwierz\u0119tach i&nbsp;Biogospodarki Aktywno\u015b\u0107 fizyczna i&nbsp;agroturystyka kwalifikowana Program \u0107wicze\u0144 Bezpiecze\u0144stwo i&nbsp;certyfikacja \u017cywno\u015bci Program \u0107wicze\u0144 Behawiorystyka zwierz\u0105t Program \u0107wicze\u0144 stacjonarne Program \u0107wicze\u0144 niestacjonarne Piel\u0119gnacja zwierz\u0105t i&nbsp;animaloterapia Program \u0107wicze\u0144 Zakres wiadomo\u015bci uk\u0142ad nerwowo-mi\u0119\u015bniowy Bezpiecze\u0144stwo [&hellip;]<\/p>\n","protected":false},"author":2,"featured_media":0,"parent":147940,"menu_order":0,"comment_status":"closed","ping_status":"closed","template":"elementor_header_footer","meta":{"_monsterinsights_skip_tracking":false,"_monsterinsights_sitenote_active":false,"_monsterinsights_sitenote_note":"","_monsterinsights_sitenote_category":0},"_links":{"self":[{"href":"https:\/\/up.lublin.pl\/weterynaria\/wp-json\/wp\/v2\/pages\/147948"}],"collection":[{"href":"https:\/\/up.lublin.pl\/weterynaria\/wp-json\/wp\/v2\/pages"}],"about":[{"href":"https:\/\/up.lublin.pl\/weterynaria\/wp-json\/wp\/v2\/types\/page"}],"author":[{"embeddable":true,"href":"https:\/\/up.lublin.pl\/weterynaria\/wp-json\/wp\/v2\/users\/2"}],"replies":[{"embeddable":true,"href":"https:\/\/up.lublin.pl\/weterynaria\/wp-json\/wp\/v2\/comments?post=147948"}],"version-history":[{"count":70,"href":"https:\/\/up.lublin.pl\/weterynaria\/wp-json\/wp\/v2\/pages\/147948\/revisions"}],"predecessor-version":[{"id":148277,"href":"https:\/\/up.lublin.pl\/weterynaria\/wp-json\/wp\/v2\/pages\/147948\/revisions\/148277"}],"up":[{"embeddable":true,"href":"https:\/\/up.lublin.pl\/weterynaria\/wp-json\/wp\/v2\/pages\/147940"}],"wp:attachment":[{"href":"https:\/\/up.lublin.pl\/weterynaria\/wp-json\/wp\/v2\/media?parent=147948"}],"curies":[{"name":"wp","href":"https:\/\/api.w.org\/{rel}","templated":true}]}}