{"id":147940,"date":"2021-07-30T10:17:40","date_gmt":"2021-07-30T08:17:40","guid":{"rendered":"https:\/\/up.lublin.pl\/weterynaria\/?page_id=147940"},"modified":"2021-09-10T00:46:10","modified_gmt":"2021-09-09T22:46:10","slug":"fizjologia","status":"publish","type":"page","link":"https:\/\/up.lublin.pl\/weterynaria\/wydzial\/struktura-i-pracownicy\/fizjologia\/","title":{"rendered":"Katedra Fizjologii Zwierz\u0105t"},"content":{"rendered":"\t\t<div data-elementor-type=\"wp-page\" data-elementor-id=\"147940\" class=\"elementor elementor-147940\" data-elementor-settings=\"[]\">\n\t\t\t\t\t\t<div class=\"elementor-inner\">\n\t\t\t\t\t\t\t<div class=\"elementor-section-wrap\">\n\t\t\t\t\t\t\t<section class=\"elementor-section elementor-top-section elementor-element elementor-element-1aa66a5 elementor-section-boxed elementor-section-height-default elementor-section-height-default\" data-id=\"1aa66a5\" data-element_type=\"section\">\n\t\t\t\t\t\t<div class=\"elementor-container elementor-column-gap-default\">\n\t\t\t\t\t\t\t<div class=\"elementor-row\">\n\t\t\t\t\t<div class=\"elementor-column elementor-col-100 elementor-top-column elementor-element elementor-element-d1a061b\" data-id=\"d1a061b\" data-element_type=\"column\">\n\t\t\t<div class=\"elementor-column-wrap elementor-element-populated\">\n\t\t\t\t\t\t\t<div class=\"elementor-widget-wrap\">\n\t\t\t\t\t\t<div class=\"elementor-element elementor-element-3abc45e elementor-widget elementor-widget-m2k\" data-id=\"3abc45e\" data-element_type=\"widget\" data-widget_type=\"m2k.default\">\n\t\t\t\t<div class=\"elementor-widget-container\">\n\t\t\t<section class=\"mn-m2-d mn-bg-green\">\n    <div class=\"mn-grid\">\n        <div class=\"mn-grid-12 mn-introtext\">\n                            <h3>\n                    Katedra Fizjologii Zwierz\u0105t                 <\/h3>\n                        <\/div>\n    <\/div>\n    <\/section>\n\t\t<\/div>\n\t\t\t\t<\/div>\n\t\t\t\t\t\t<\/div>\n\t\t\t\t\t<\/div>\n\t\t<\/div>\n\t\t\t\t\t\t\t\t<\/div>\n\t\t\t\t\t<\/div>\n\t\t<\/section>\n\t\t\t\t<section class=\"elementor-section elementor-top-section elementor-element elementor-element-1dffcf9 elementor-section-boxed elementor-section-height-default elementor-section-height-default\" data-id=\"1dffcf9\" data-element_type=\"section\">\n\t\t\t\t\t\t<div class=\"elementor-container elementor-column-gap-default\">\n\t\t\t\t\t\t\t<div class=\"elementor-row\">\n\t\t\t\t\t<div class=\"elementor-column elementor-col-100 elementor-top-column elementor-element elementor-element-07628cf\" data-id=\"07628cf\" data-element_type=\"column\">\n\t\t\t<div class=\"elementor-column-wrap elementor-element-populated\">\n\t\t\t\t\t\t\t<div class=\"elementor-widget-wrap\">\n\t\t\t\t\t\t<div class=\"elementor-element elementor-element-15f2ab3 elementor-widget elementor-widget-m4a\" data-id=\"15f2ab3\" data-element_type=\"widget\" data-widget_type=\"m4a.default\">\n\t\t\t\t<div class=\"elementor-widget-container\">\n\t\t\t\t<section class=\"mn-m4_b mn-bg-green\">\n\t\t\t\t<div class=\"mn-grid\">\n\t\t\t\t\t\t\t<div class=\"mn-grid-3 mn-kat-m4-container\">\n\t\t\t\t\t\t\t\t\t\t\t\t\t\t\t\t<h3>Dydaktyka<\/h3>\n\t\t\t\t\t\t\t\t\t\t\t\t\t\t\t\t\t\t\t\t\t\t<a href=\"https:\/\/up.lublin.pl\/weterynaria\/wydzial\/struktura-i-pracownicy\/fizjologia\/dydaktyka\/\" class=\"mn-more\">Zobacz wi\u0119cej<\/a>\n\t\t\t\t\t\t\t\t\t\t<\/div>\n\t\t\t\t\t\t\t\t<div class=\"mn-grid-3 mn-kat-m4-container\">\n\t\t\t\t\t\t\t\t\t\t\t\t\t\t\t\t<h3>Katedra<\/h3>\n\t\t\t\t\t\t\t\t\t\t\t\t\t\t\t\t\t\t\t\t\t\t<a href=\"https:\/\/up.lublin.pl\/weterynaria\/wydzial\/struktura-i-pracownicy\/fizjologia\/katedra\/\" class=\"mn-more\">Zobacz wi\u0119cej<\/a>\n\t\t\t\t\t\t\t\t\t\t<\/div>\n\t\t\t\t\t\t\t\t<div class=\"mn-grid-3 mn-kat-m4-container\">\n\t\t\t\t\t\t\t\t\t\t\t\t\t\t\t\t<h3>Kontakt<\/h3>\n\t\t\t\t\t\t\t\t\t\t\t\t\t\t\t\t\t\t\t\t\t\t<a href=\"https:\/\/up.lublin.pl\/weterynaria\/wydzial\/struktura-i-pracownicy\/fizjologia\/kontakt\/\" class=\"mn-more\">Zobacz wi\u0119cej<\/a>\n\t\t\t\t\t\t\t\t\t\t<\/div>\n\t\t\t\t\t\t\t\t<div class=\"mn-grid-3 mn-kat-m4-container\">\n\t\t\t\t\t\t\t\t\t\t\t\t\t\t\t\t<h3>Inne strony<\/h3>\n\t\t\t\t\t\t\t\t\t\t\t\t\t\t\t\t\t\t\t\t\t\t<a href=\"https:\/\/up.lublin.pl\/weterynaria\/wydzial\/struktura-i-pracownicy\/fizjologia\/inne-strony\/\" class=\"mn-more\">Zobacz wi\u0119cej<\/a>\n\t\t\t\t\t\t\t\t\t\t<\/div>\n\t\t\t\t\t\t<\/div>\n\t<\/section>\n\t\t\t<\/div>\n\t\t\t\t<\/div>\n\t\t\t\t\t\t<\/div>\n\t\t\t\t\t<\/div>\n\t\t<\/div>\n\t\t\t\t\t\t\t\t<\/div>\n\t\t\t\t\t<\/div>\n\t\t<\/section>\n\t\t\t\t<section class=\"elementor-section elementor-top-section elementor-element elementor-element-aed5d60 elementor-section-boxed elementor-section-height-default elementor-section-height-default\" data-id=\"aed5d60\" data-element_type=\"section\">\n\t\t\t\t\t\t<div class=\"elementor-container elementor-column-gap-default\">\n\t\t\t\t\t\t\t<div class=\"elementor-row\">\n\t\t\t\t\t<div class=\"elementor-column elementor-col-100 elementor-top-column elementor-element elementor-element-848d39c\" data-id=\"848d39c\" data-element_type=\"column\">\n\t\t\t<div class=\"elementor-column-wrap elementor-element-populated\">\n\t\t\t\t\t\t\t<div class=\"elementor-widget-wrap\">\n\t\t\t\t\t\t<div class=\"elementor-element elementor-element-d659ffd elementor-widget elementor-widget-m5a\" data-id=\"d659ffd\" data-element_type=\"widget\" data-widget_type=\"m5a.default\">\n\t\t\t\t<div class=\"elementor-widget-container\">\n\t\t\t<section class=\"mn-m5-a mn-bg-green\">\n\t<div class=\"mn-grid\">\n\t\t<h3 class=\"mn-grid-6\">Tablica og\u0142osze\u0144<\/h3>\n\t\t<div class=\"mn-grid-6 mn-lead\">\n\t\t\t<p><p><b><span style=\"font-size: large;\">Studenci II roku kierunku weterynaria<\/span><\/b><\/p>\n<div><b><span style=\"font-size: medium;\">Uwaga zamiana harmonogramu zaj\u0119\u0107 w&nbsp;dn. 21.12.20- 19.01.21<\/span><\/b><\/div>\n<\/p>\n\t\t<\/div>\n\t<\/div>\n<\/section>\n\t\t<\/div>\n\t\t\t\t<\/div>\n\t\t\t\t\t\t<\/div>\n\t\t\t\t\t<\/div>\n\t\t<\/div>\n\t\t\t\t\t\t\t\t<\/div>\n\t\t\t\t\t<\/div>\n\t\t<\/section>\n\t\t\t\t\t\t<\/div>\n\t\t\t\t\t\t<\/div>\n\t\t\t\t\t<\/div>\n\t\t","protected":false},"excerpt":{"rendered":"<p>Katedra Fizjologii Zwierz\u0105t UP Wydzia\u0142 Medycyny Weterynaryjnej Dydaktyka Zobacz wi\u0119cej Katedra Zobacz wi\u0119cej Kontakt Zobacz wi\u0119cej Inne strony Zobacz wi\u0119cej Tablica og\u0142osze\u0144 Studenci II roku kierunku weterynaria Uwaga zamiana harmonogramu zaj\u0119\u0107 w&nbsp;dn. 21.12.20- 19.01.21<\/p>\n","protected":false},"author":2,"featured_media":0,"parent":317,"menu_order":0,"comment_status":"closed","ping_status":"closed","template":"elementor_header_footer","meta":{"_monsterinsights_skip_tracking":false,"_monsterinsights_sitenote_active":false,"_monsterinsights_sitenote_note":"","_monsterinsights_sitenote_category":0},"_links":{"self":[{"href":"https:\/\/up.lublin.pl\/weterynaria\/wp-json\/wp\/v2\/pages\/147940"}],"collection":[{"href":"https:\/\/up.lublin.pl\/weterynaria\/wp-json\/wp\/v2\/pages"}],"about":[{"href":"https:\/\/up.lublin.pl\/weterynaria\/wp-json\/wp\/v2\/types\/page"}],"author":[{"embeddable":true,"href":"https:\/\/up.lublin.pl\/weterynaria\/wp-json\/wp\/v2\/users\/2"}],"replies":[{"embeddable":true,"href":"https:\/\/up.lublin.pl\/weterynaria\/wp-json\/wp\/v2\/comments?post=147940"}],"version-history":[{"count":23,"href":"https:\/\/up.lublin.pl\/weterynaria\/wp-json\/wp\/v2\/pages\/147940\/revisions"}],"predecessor-version":[{"id":149758,"href":"https:\/\/up.lublin.pl\/weterynaria\/wp-json\/wp\/v2\/pages\/147940\/revisions\/149758"}],"up":[{"embeddable":true,"href":"https:\/\/up.lublin.pl\/weterynaria\/wp-json\/wp\/v2\/pages\/317"}],"wp:attachment":[{"href":"https:\/\/up.lublin.pl\/weterynaria\/wp-json\/wp\/v2\/media?parent=147940"}],"curies":[{"name":"wp","href":"https:\/\/api.w.org\/{rel}","templated":true}]}}