{"id":147817,"date":"2021-07-30T09:18:30","date_gmt":"2021-07-30T07:18:30","guid":{"rendered":"https:\/\/up.lublin.pl\/weterynaria\/?page_id=147817"},"modified":"2021-08-23T14:06:21","modified_gmt":"2021-08-23T12:06:21","slug":"zaklad-chorob-wewnetrznych-zwierzat-towarzyszacych","status":"publish","type":"page","link":"https:\/\/up.lublin.pl\/weterynaria\/wydzial\/struktura-i-pracownicy\/choroby-wewnetrzne-zwierzat\/zaklad-chorob-wewnetrznych-zwierzat-towarzyszacych\/","title":{"rendered":"Zak\u0142ad Chor\u00f3b Wewn\u0119trznych Zwierz\u0105t Towarzysz\u0105cych"},"content":{"rendered":"\t\t<div data-elementor-type=\"wp-page\" data-elementor-id=\"147817\" class=\"elementor elementor-147817\" data-elementor-settings=\"[]\">\n\t\t\t\t\t\t<div class=\"elementor-inner\">\n\t\t\t\t\t\t\t<div class=\"elementor-section-wrap\">\n\t\t\t\t\t\t\t<section class=\"elementor-section elementor-top-section elementor-element elementor-element-bed55ab elementor-section-boxed elementor-section-height-default elementor-section-height-default\" data-id=\"bed55ab\" data-element_type=\"section\">\n\t\t\t\t\t\t<div class=\"elementor-container elementor-column-gap-default\">\n\t\t\t\t\t\t\t<div class=\"elementor-row\">\n\t\t\t\t\t<div class=\"elementor-column elementor-col-100 elementor-top-column elementor-element elementor-element-3415dfd\" data-id=\"3415dfd\" data-element_type=\"column\">\n\t\t\t<div class=\"elementor-column-wrap elementor-element-populated\">\n\t\t\t\t\t\t\t<div class=\"elementor-widget-wrap\">\n\t\t\t\t\t\t<div class=\"elementor-element elementor-element-14fcc7e elementor-widget elementor-widget-m2k\" data-id=\"14fcc7e\" data-element_type=\"widget\" data-widget_type=\"m2k.default\">\n\t\t\t\t<div class=\"elementor-widget-container\">\n\t\t\t<section class=\"mn-m2-d mn-bg-green\">\n    <div class=\"mn-grid\">\n        <div class=\"mn-grid-12 mn-introtext\">\n                            <h3>\n                    Zak\u0142ad Chor\u00f3b Wewn\u0119trznych Zwierz\u0105t Towarzysz\u0105cych                <\/h3>\n                        <\/div>\n    <\/div>\n    <\/section>\n\t\t<\/div>\n\t\t\t\t<\/div>\n\t\t\t\t\t\t<\/div>\n\t\t\t\t\t<\/div>\n\t\t<\/div>\n\t\t\t\t\t\t\t\t<\/div>\n\t\t\t\t\t<\/div>\n\t\t<\/section>\n\t\t\t\t<section class=\"elementor-section elementor-top-section elementor-element elementor-element-ab96d2a elementor-section-boxed elementor-section-height-default elementor-section-height-default\" data-id=\"ab96d2a\" data-element_type=\"section\">\n\t\t\t\t\t\t<div class=\"elementor-container elementor-column-gap-default\">\n\t\t\t\t\t\t\t<div class=\"elementor-row\">\n\t\t\t\t\t<div class=\"elementor-column elementor-col-100 elementor-top-column elementor-element elementor-element-be82969\" data-id=\"be82969\" data-element_type=\"column\">\n\t\t\t<div class=\"elementor-column-wrap elementor-element-populated\">\n\t\t\t\t\t\t\t<div class=\"elementor-widget-wrap\">\n\t\t\t\t\t\t<div class=\"elementor-element elementor-element-3fd4414 elementor-widget elementor-widget-m5c\" data-id=\"3fd4414\" data-element_type=\"widget\" data-widget_type=\"m5c.default\">\n\t\t\t\t<div class=\"elementor-widget-container\">\n\t\t\t<section class=\"mn-m5-c mn-bg-white\">\n\t<div class=\"mn-grid\">\n\t\t            <div class=\"mn-menu-container mn-grid-3\">\n                <ul class=\"mn-bg-yellow\">\n\t                                        <li>\n                            <a href=\"#\" class=\"active\" data-hash=\"#\">\n                                Dydaktyka                            <\/a>\n                        <\/li>\n                                        <\/ul>\n            <\/div>\n\t        \t\t<div class=\"mn-content mn-grid-8\">\n\t\t\t                <div class=\"mn-content-block active\">\n\t                                                        <div class=\"block-text\">\n\t                                        <p>Do pobrania: <\/p>\n<ul>\n<li><a href=\"https:\/\/up.lublin.pl\/weterynaria\/wp-content\/uploads\/sites\/3\/2021\/07\/zwierzeta_towarzyszace_-_karta_stazowa.doc\">Zwierz\u0119ta towarzysz\u0105ce &#8211; karta sta\u017cowa<\/a><\/li>\n<li><a href=\"https:\/\/up.lublin.pl\/weterynaria\/wp-content\/uploads\/sites\/3\/2021\/07\/plan_2016_2017_osobowo_2-1.xls\">Zwierz\u0119ta towarzysz\u0105ce &#8211; Plan zaj\u0119\u0107 2016\/2017 &#8211; osobowo<\/a><\/li>\n<li><a href=\"https:\/\/up.lublin.pl\/weterynaria\/wp-content\/uploads\/sites\/3\/2021\/07\/plan_2026_2017_przedmiotowo_2-1.xls\">Zwierz\u0119ta towarzysz\u0105ce &#8211; Plan zaj\u0119\u0107 2016\/2017 &#8211; przedmiotowo<\/a><\/li>\n<li><a href=\"https:\/\/up.lublin.pl\/weterynaria\/wp-content\/uploads\/sites\/3\/2021\/07\/choroby_psow_i_kotow_-_karta_zaliczeniowa_bloku_gatunkowego.pdf\">Choroby ps\u00f3w i&nbsp;kot\u00f3w &#8211; karta zaliczeniowa bloku gatunkowego<\/a><\/li>\n<li><a href=\"https:\/\/up.lublin.pl\/weterynaria\/wp-content\/uploads\/sites\/3\/2021\/07\/historia_choroby_2015_wzor_z_komentarzami._2_1.docx\">Historia choroby &#8211; wz\u00f3r z&nbsp;komentarzami<\/a><\/li>\n<li><a href=\"https:\/\/up.lublin.pl\/weterynaria\/wp-content\/uploads\/sites\/3\/2021\/07\/karta_stazu.doc\">Karta sta\u017cu<\/a><\/li>\n<\/ul>\n                                        <\/div>\n\t\t\t\t\t\t                                <\/div>\n\t\t\t\t\t\t<\/div>\n\t<\/div>\n<\/section>\n\t\t<\/div>\n\t\t\t\t<\/div>\n\t\t\t\t\t\t<\/div>\n\t\t\t\t\t<\/div>\n\t\t<\/div>\n\t\t\t\t\t\t\t\t<\/div>\n\t\t\t\t\t<\/div>\n\t\t<\/section>\n\t\t\t\t\t\t<\/div>\n\t\t\t\t\t\t<\/div>\n\t\t\t\t\t<\/div>\n\t\t","protected":false},"excerpt":{"rendered":"<p>Zak\u0142ad Chor\u00f3b Wewn\u0119trznych Zwierz\u0105t Towarzysz\u0105cych UP Wydzia\u0142 Medycyny Weterynaryjnej Dydaktyka Do pobrania: Zwierz\u0119ta towarzysz\u0105ce &#8211; karta sta\u017cowa Zwierz\u0119ta towarzysz\u0105ce &#8211; Plan zaj\u0119\u0107 2016\/2017 &#8211; osobowo Zwierz\u0119ta towarzysz\u0105ce &#8211; Plan zaj\u0119\u0107 2016\/2017 &#8211; przedmiotowo Choroby ps\u00f3w i&nbsp;kot\u00f3w &#8211; karta zaliczeniowa bloku gatunkowego Historia choroby &#8211; wz\u00f3r z&nbsp;komentarzami Karta sta\u017cu<\/p>\n","protected":false},"author":2,"featured_media":0,"parent":147767,"menu_order":0,"comment_status":"closed","ping_status":"closed","template":"elementor_header_footer","meta":{"_monsterinsights_skip_tracking":false,"_monsterinsights_sitenote_active":false,"_monsterinsights_sitenote_note":"","_monsterinsights_sitenote_category":0},"_links":{"self":[{"href":"https:\/\/up.lublin.pl\/weterynaria\/wp-json\/wp\/v2\/pages\/147817"}],"collection":[{"href":"https:\/\/up.lublin.pl\/weterynaria\/wp-json\/wp\/v2\/pages"}],"about":[{"href":"https:\/\/up.lublin.pl\/weterynaria\/wp-json\/wp\/v2\/types\/page"}],"author":[{"embeddable":true,"href":"https:\/\/up.lublin.pl\/weterynaria\/wp-json\/wp\/v2\/users\/2"}],"replies":[{"embeddable":true,"href":"https:\/\/up.lublin.pl\/weterynaria\/wp-json\/wp\/v2\/comments?post=147817"}],"version-history":[{"count":7,"href":"https:\/\/up.lublin.pl\/weterynaria\/wp-json\/wp\/v2\/pages\/147817\/revisions"}],"predecessor-version":[{"id":149678,"href":"https:\/\/up.lublin.pl\/weterynaria\/wp-json\/wp\/v2\/pages\/147817\/revisions\/149678"}],"up":[{"embeddable":true,"href":"https:\/\/up.lublin.pl\/weterynaria\/wp-json\/wp\/v2\/pages\/147767"}],"wp:attachment":[{"href":"https:\/\/up.lublin.pl\/weterynaria\/wp-json\/wp\/v2\/media?parent=147817"}],"curies":[{"name":"wp","href":"https:\/\/api.w.org\/{rel}","templated":true}]}}