{"id":147775,"date":"2021-07-30T09:11:33","date_gmt":"2021-07-30T07:11:33","guid":{"rendered":"https:\/\/up.lublin.pl\/weterynaria\/?page_id=147775"},"modified":"2021-08-23T14:04:42","modified_gmt":"2021-08-23T12:04:42","slug":"zaklad-chorob-wewnetrznych-zwierzat-gospodarskich-i-koni","status":"publish","type":"page","link":"https:\/\/up.lublin.pl\/weterynaria\/wydzial\/struktura-i-pracownicy\/choroby-wewnetrzne-zwierzat\/zaklad-chorob-wewnetrznych-zwierzat-gospodarskich-i-koni\/","title":{"rendered":"Zak\u0142ad Chor\u00f3b Wewn\u0119trznych Zwierz\u0105t Gospodarskich i Koni"},"content":{"rendered":"\t\t<div data-elementor-type=\"wp-page\" data-elementor-id=\"147775\" class=\"elementor elementor-147775\" data-elementor-settings=\"[]\">\n\t\t\t\t\t\t<div class=\"elementor-inner\">\n\t\t\t\t\t\t\t<div class=\"elementor-section-wrap\">\n\t\t\t\t\t\t\t<section class=\"elementor-section elementor-top-section elementor-element elementor-element-a1308ec elementor-section-boxed elementor-section-height-default elementor-section-height-default\" data-id=\"a1308ec\" data-element_type=\"section\">\n\t\t\t\t\t\t<div class=\"elementor-container elementor-column-gap-default\">\n\t\t\t\t\t\t\t<div class=\"elementor-row\">\n\t\t\t\t\t<div class=\"elementor-column elementor-col-100 elementor-top-column elementor-element elementor-element-d13357e\" data-id=\"d13357e\" data-element_type=\"column\">\n\t\t\t<div class=\"elementor-column-wrap elementor-element-populated\">\n\t\t\t\t\t\t\t<div class=\"elementor-widget-wrap\">\n\t\t\t\t\t\t<div class=\"elementor-element elementor-element-1a50f7f elementor-widget elementor-widget-m2k\" data-id=\"1a50f7f\" data-element_type=\"widget\" data-widget_type=\"m2k.default\">\n\t\t\t\t<div class=\"elementor-widget-container\">\n\t\t\t<section class=\"mn-m2-d mn-bg-green\">\n    <div class=\"mn-grid\">\n        <div class=\"mn-grid-12 mn-introtext\">\n                            <h3>\n                    Zak\u0142ad Chor\u00f3b Wewn\u0119trznych Zwierz\u0105t Gospodarskich i&nbsp;Koni                <\/h3>\n                        <\/div>\n    <\/div>\n    <\/section>\n\t\t<\/div>\n\t\t\t\t<\/div>\n\t\t\t\t\t\t<\/div>\n\t\t\t\t\t<\/div>\n\t\t<\/div>\n\t\t\t\t\t\t\t\t<\/div>\n\t\t\t\t\t<\/div>\n\t\t<\/section>\n\t\t\t\t<section class=\"elementor-section elementor-top-section elementor-element elementor-element-8f5bcc9 elementor-section-boxed elementor-section-height-default elementor-section-height-default\" data-id=\"8f5bcc9\" data-element_type=\"section\">\n\t\t\t\t\t\t<div class=\"elementor-container elementor-column-gap-default\">\n\t\t\t\t\t\t\t<div class=\"elementor-row\">\n\t\t\t\t\t<div class=\"elementor-column elementor-col-100 elementor-top-column elementor-element elementor-element-ed3f57a\" data-id=\"ed3f57a\" data-element_type=\"column\">\n\t\t\t<div class=\"elementor-column-wrap elementor-element-populated\">\n\t\t\t\t\t\t\t<div class=\"elementor-widget-wrap\">\n\t\t\t\t\t\t<div class=\"elementor-element elementor-element-eb60133 elementor-widget elementor-widget-m5c\" data-id=\"eb60133\" data-element_type=\"widget\" data-widget_type=\"m5c.default\">\n\t\t\t\t<div class=\"elementor-widget-container\">\n\t\t\t<section class=\"mn-m5-c mn-bg-white\">\n\t<div class=\"mn-grid\">\n\t\t            <div class=\"mn-menu-container mn-grid-3\">\n                <ul class=\"mn-bg-yellow\">\n\t                                        <li>\n                            <a href=\"#\" class=\"active\" data-hash=\"#\">\n                                Dydaktyka                            <\/a>\n                        <\/li>\n                                        <\/ul>\n            <\/div>\n\t        \t\t<div class=\"mn-content mn-grid-8\">\n\t\t\t                <div class=\"mn-content-block active\">\n\t                                                        <div class=\"block-text\">\n\t                                        <p>Do pobrania:\u00a0<\/p>\n<ul>\n<li><a href=\"https:\/\/up.lublin.pl\/weterynaria\/wp-content\/uploads\/sites\/3\/2021\/07\/program_stazy_klinicznych_z_zakresu_chorob_przezuwaczy.doc\">Program sta\u017cy klinicznych<\/a><\/li>\n<li><a href=\"https:\/\/up.lublin.pl\/weterynaria\/wp-content\/uploads\/sites\/3\/2021\/07\/staz_kliniczny_bydlo.doc\">Sta\u017c kliniczny &#8211; Byd\u0142o<\/a><\/li>\n<li><a href=\"https:\/\/up.lublin.pl\/weterynaria\/wp-content\/uploads\/sites\/3\/2021\/07\/staz_kliniczny_konie.doc\">Sta\u017c kliniczny &#8211; Konie<\/a><\/li>\n<li><a href=\"https:\/\/up.lublin.pl\/weterynaria\/wp-content\/uploads\/sites\/3\/2021\/07\/konie_karta_stazowa1.doc\">Karta sta\u017cowa &#8211; konie<\/a><\/li>\n<li><a href=\"https:\/\/up.lublin.pl\/weterynaria\/wp-content\/uploads\/sites\/3\/2021\/07\/bydlo_karta_stazowa1.doc\">Karta sta\u017cowa &#8211; byd\u0142o<\/a><\/li>\n<li><a href=\"https:\/\/up.lublin.pl\/weterynaria\/wp-content\/uploads\/sites\/3\/2021\/07\/wyjazdowe_umiejetnosci_studentow_gospodarskie.docx\">Wyjazdowe umiej\u0119tno\u015bci student\u00f3w &#8211; byd\u0142o<\/a><\/li>\n<li><a href=\"https:\/\/up.lublin.pl\/weterynaria\/wp-content\/uploads\/sites\/3\/2021\/07\/wyjazdowe_umiejetnosci_studentow_konie.docx\">Wyjazdowe umiej\u0119tno\u015bci student\u00f3w &#8211; konie<\/a><\/li>\n<li><a href=\"https:\/\/up.lublin.pl\/weterynaria\/wp-content\/uploads\/sites\/3\/2021\/07\/choroby_koni_-_karta_zaliczeniowa_bloku_gatunkowego.doc\">Karta zaliczeniowa bloku &#8211; choroby koni<\/a><\/li>\n<li><a href=\"https:\/\/up.lublin.pl\/weterynaria\/wp-content\/uploads\/sites\/3\/2021\/07\/choroby_zwierzat_gospodarskich_-_karta_zaliczeniowa_bloku_gatunkowego.doc\">Karta zaliczeniowa bloku &#8211; choroby zwierz\u0105t gospodarskich <\/a><\/li>\n<\/ul>\n                                        <\/div>\n\t\t\t\t\t\t                                <\/div>\n\t\t\t\t\t\t<\/div>\n\t<\/div>\n<\/section>\n\t\t<\/div>\n\t\t\t\t<\/div>\n\t\t\t\t\t\t<\/div>\n\t\t\t\t\t<\/div>\n\t\t<\/div>\n\t\t\t\t\t\t\t\t<\/div>\n\t\t\t\t\t<\/div>\n\t\t<\/section>\n\t\t\t\t\t\t<\/div>\n\t\t\t\t\t\t<\/div>\n\t\t\t\t\t<\/div>\n\t\t","protected":false},"excerpt":{"rendered":"<p>Zak\u0142ad Chor\u00f3b Wewn\u0119trznych Zwierz\u0105t Gospodarskich i&nbsp;Koni UP Wydzia\u0142 Medycyny Weterynaryjnej Dydaktyka Do pobrania:\u00a0 Program sta\u017cy klinicznych Sta\u017c kliniczny &#8211; Byd\u0142o Sta\u017c kliniczny &#8211; Konie Karta sta\u017cowa &#8211; konie Karta sta\u017cowa &#8211; byd\u0142o Wyjazdowe umiej\u0119tno\u015bci student\u00f3w &#8211; byd\u0142o Wyjazdowe umiej\u0119tno\u015bci student\u00f3w &#8211; konie Karta zaliczeniowa bloku &#8211; choroby koni Karta zaliczeniowa bloku &#8211; choroby zwierz\u0105t gospodarskich<\/p>\n","protected":false},"author":2,"featured_media":0,"parent":147767,"menu_order":0,"comment_status":"closed","ping_status":"closed","template":"elementor_header_footer","meta":{"_monsterinsights_skip_tracking":false,"_monsterinsights_sitenote_active":false,"_monsterinsights_sitenote_note":"","_monsterinsights_sitenote_category":0},"_links":{"self":[{"href":"https:\/\/up.lublin.pl\/weterynaria\/wp-json\/wp\/v2\/pages\/147775"}],"collection":[{"href":"https:\/\/up.lublin.pl\/weterynaria\/wp-json\/wp\/v2\/pages"}],"about":[{"href":"https:\/\/up.lublin.pl\/weterynaria\/wp-json\/wp\/v2\/types\/page"}],"author":[{"embeddable":true,"href":"https:\/\/up.lublin.pl\/weterynaria\/wp-json\/wp\/v2\/users\/2"}],"replies":[{"embeddable":true,"href":"https:\/\/up.lublin.pl\/weterynaria\/wp-json\/wp\/v2\/comments?post=147775"}],"version-history":[{"count":7,"href":"https:\/\/up.lublin.pl\/weterynaria\/wp-json\/wp\/v2\/pages\/147775\/revisions"}],"predecessor-version":[{"id":149675,"href":"https:\/\/up.lublin.pl\/weterynaria\/wp-json\/wp\/v2\/pages\/147775\/revisions\/149675"}],"up":[{"embeddable":true,"href":"https:\/\/up.lublin.pl\/weterynaria\/wp-json\/wp\/v2\/pages\/147767"}],"wp:attachment":[{"href":"https:\/\/up.lublin.pl\/weterynaria\/wp-json\/wp\/v2\/media?parent=147775"}],"curies":[{"name":"wp","href":"https:\/\/api.w.org\/{rel}","templated":true}]}}