{"id":147767,"date":"2021-07-30T09:06:12","date_gmt":"2021-07-30T07:06:12","guid":{"rendered":"https:\/\/up.lublin.pl\/weterynaria\/?page_id=147767"},"modified":"2022-10-13T14:38:12","modified_gmt":"2022-10-13T12:38:12","slug":"choroby-wewnetrzne-zwierzat","status":"publish","type":"page","link":"https:\/\/up.lublin.pl\/weterynaria\/wydzial\/struktura-i-pracownicy\/choroby-wewnetrzne-zwierzat\/","title":{"rendered":"Katedra i Klinika Chor\u00f3b Wewn\u0119trznych Zwierz\u0105t"},"content":{"rendered":"\t\t<div data-elementor-type=\"wp-page\" data-elementor-id=\"147767\" class=\"elementor elementor-147767\" data-elementor-settings=\"[]\">\n\t\t\t\t\t\t<div class=\"elementor-inner\">\n\t\t\t\t\t\t\t<div class=\"elementor-section-wrap\">\n\t\t\t\t\t\t\t<section class=\"elementor-section elementor-top-section elementor-element elementor-element-437a587 elementor-section-boxed elementor-section-height-default elementor-section-height-default\" data-id=\"437a587\" data-element_type=\"section\">\n\t\t\t\t\t\t<div class=\"elementor-container elementor-column-gap-default\">\n\t\t\t\t\t\t\t<div class=\"elementor-row\">\n\t\t\t\t\t<div class=\"elementor-column elementor-col-100 elementor-top-column elementor-element elementor-element-bc21d02\" data-id=\"bc21d02\" data-element_type=\"column\">\n\t\t\t<div class=\"elementor-column-wrap elementor-element-populated\">\n\t\t\t\t\t\t\t<div class=\"elementor-widget-wrap\">\n\t\t\t\t\t\t<div class=\"elementor-element elementor-element-5f443a4 elementor-widget elementor-widget-m2k\" data-id=\"5f443a4\" data-element_type=\"widget\" data-widget_type=\"m2k.default\">\n\t\t\t\t<div class=\"elementor-widget-container\">\n\t\t\t<section class=\"mn-m2-d mn-bg-green\">\n    <div class=\"mn-grid\">\n        <div class=\"mn-grid-12 mn-introtext\">\n                            <h3>\n                    Katedra i&nbsp;Klinika Chor\u00f3b Wewn\u0119trznych Zwierz\u0105t                <\/h3>\n                        <\/div>\n    <\/div>\n    <\/section>\n\t\t<\/div>\n\t\t\t\t<\/div>\n\t\t\t\t\t\t<\/div>\n\t\t\t\t\t<\/div>\n\t\t<\/div>\n\t\t\t\t\t\t\t\t<\/div>\n\t\t\t\t\t<\/div>\n\t\t<\/section>\n\t\t\t\t<section class=\"elementor-section elementor-top-section elementor-element elementor-element-ec928ff elementor-section-boxed elementor-section-height-default elementor-section-height-default\" data-id=\"ec928ff\" data-element_type=\"section\">\n\t\t\t\t\t\t<div class=\"elementor-container elementor-column-gap-default\">\n\t\t\t\t\t\t\t<div class=\"elementor-row\">\n\t\t\t\t\t<div class=\"elementor-column elementor-col-100 elementor-top-column elementor-element elementor-element-b5a12f9\" data-id=\"b5a12f9\" data-element_type=\"column\">\n\t\t\t<div class=\"elementor-column-wrap elementor-element-populated\">\n\t\t\t\t\t\t\t<div class=\"elementor-widget-wrap\">\n\t\t\t\t\t\t<div class=\"elementor-element elementor-element-c3bdbc8 elementor-widget elementor-widget-m5c\" data-id=\"c3bdbc8\" data-element_type=\"widget\" data-widget_type=\"m5c.default\">\n\t\t\t\t<div class=\"elementor-widget-container\">\n\t\t\t<section class=\"mn-m5-c mn-bg-white\">\n\t<div class=\"mn-grid\">\n\t\t            <div class=\"mn-menu-container mn-grid-3\">\n                <ul class=\"mn-bg-yellow\">\n\t                                        <li>\n                            <a href=\"#\" class=\"active\" data-hash=\"#dydaktyka\">\n                                Dydaktyka                            <\/a>\n                        <\/li>\n                                                <li>\n                            <a href=\"#\" class=\"\" data-hash=\"#badania\">\n                                Badania                            <\/a>\n                        <\/li>\n                                                <li>\n                            <a href=\"#\" class=\"\" data-hash=\"#historia\">\n                                Historia                            <\/a>\n                        <\/li>\n                                                <li>\n                            <a href=\"#\" class=\"\" data-hash=\"#uslugi\">\n                                Us\u0142ugi                            <\/a>\n                        <\/li>\n                                        <\/ul>\n            <\/div>\n\t        \t\t<div class=\"mn-content mn-grid-8\">\n\t\t\t                <div class=\"mn-content-block active\">\n\t                                                        <div class=\"block-text\">\n\t                                        <p><strong>Przedmioty dydaktyczne<\/strong>: choroby wewn\u0119trzne zwierz\u0105t towarzysz\u0105cych, choroby wewn\u0119trzne zwierz\u0105t gospodarskich, dermatologia weterynaryjna, diagnostyka kliniczna, dietetyka kliniczna, analityka kliniczna, choroby metaboliczne zwierz\u0105t gospodarskich, geriatria weterynaryjna.<\/p>\n<p>Odr\u0119bn\u0105 form\u0105 zaj\u0119\u0107 dydaktycznych s\u0105 sta\u017ce kliniczne w&nbsp;wymiarze 90 godzin, polegaj\u0105ce na bezpo\u015brednim wsp\u00f3\u0142dzia\u0142aniu z&nbsp;lekarzem dy\u017curnym. Efektem sta\u017cu s\u0105 szczeg\u00f3\u0142owe opisy 3 przypadk\u00f3w chorobowych, uwzgl\u0119dniaj\u0105ce ca\u0142y tok post\u0119powania lekarskiego.<\/p>\n<p>Tre\u015b\u0107 i&nbsp;forma zaj\u0119\u0107 dydaktycznych podlegaj\u0105 corocznie ocenie, mi\u0119dzy innymi przez student\u00f3w na podstawie anonimowej ankiety.<\/p>\n                                        <\/div>\n\t\t\t\t\t\t                                <\/div>\n\t\t\t\t                <div class=\"mn-content-block\">\n\t                                                        <div class=\"block-text\">\n\t                                        <p><strong>G\u0142\u00f3wne kierunki bada\u0144<\/strong>:<\/p>\n<p>Katedra i&nbsp;Klinika prowadz\u0105 dzia\u0142alno\u015b\u0107 naukow\u0105 z&nbsp;zakresu szeroko rozumianej specjalno\u015bci choroby wewn\u0119trzne zwierz\u0105t. Opr\u00f3cz chor\u00f3b niezaka\u017anych poszczeg\u00f3lnych uk\u0142ad\u00f3w, przedmiotem zainteresowania s\u0105 tak\u017ce zagadnienia dotycz\u0105ce diagnostyki klinicznej, dietetyki weterynaryjnej i&nbsp;dermatologii weterynaryjnej oraz analityki klinicznej.<\/p>\n<p>Podstawowym kierunkiem bada\u0144 naukowych, realizowanych od wielu lat s\u0105 choroby metaboliczne zwierz\u0105t u\u017cytkowych, g\u0142\u00f3wnie byd\u0142a i&nbsp;owiec. Szczeg\u00f3ln\u0105 pozycj\u0119 zajmuj\u0105 zaburzenia przemiany mineralnej, g\u0142\u00f3wnie selenu, magnezu, miedzi i&nbsp;wapnia oraz zaburzenia przemiany energetycznej w&nbsp;postaci takich zespo\u0142\u00f3w jak ketoza i&nbsp;zesp\u00f3\u0142 mobilizacji t\u0142uszczu.<\/p>\n<p>Od wielu lat rozwijany jest drugi kierunek bada\u0144 dotycz\u0105cy schorze\u0144 uwarunkowanych zaburzeniami immunologicznymi, a&nbsp;ostatnio tak\u017ce problematyka toksykologiczna &#8211; niekorzystne oddzia\u0142ywanie siarki i&nbsp;metali ci\u0119\u017ckich na zdrowie zwierz\u0105t.<\/p>\n<p><strong>Dzia\u0142alno\u015b\u0107 kliniczna<\/strong>: <\/p>\n<p>Klinika prowadzi ca\u0142odobowe dy\u017cury lekarskie i&nbsp;leczenie stacjonarne wszystkich gatunk\u00f3w zwierz\u0105t. W&nbsp;ci\u0105gu roku przyjmuje oko\u0142o 7-10 tysi\u0119cy pacjent\u00f3w. Jest r\u00f3wnie\u017c o\u015brodkiem konsultacji dla lekarzy praktyk\u00f3w, organizacji zawodowych i&nbsp;zak\u0142ad\u00f3w produkuj\u0105cych leki.<\/p>\n<p>Pracownicy naukowo-dydaktyczni czynnie uczestnicz\u0105 w&nbsp;szkoleniu podyplomowym lekarzy weterynarii i&nbsp;hodowc\u00f3w zwierz\u0105t.<\/p>\n                                        <\/div>\n\t\t\t\t\t\t                                <\/div>\n\t\t\t\t                <div class=\"mn-content-block\">\n\t                                                        <div class=\"block-text\">\n\t                                        <p>Historia Katedry i&nbsp;Kliniki Chor\u00f3b Wewn\u0119trznych Zwierz\u0105t<\/p>\n<p>Katedra i&nbsp;klinika zosta\u0142y wydzielone z&nbsp;polikliniki weterynaryjnej jesieni\u0105 1945 roku. Formalnie struktura zosta\u0142a zaakceptowana rozporz\u0105dzeniem Ministra O\u015bwiaty z&nbsp;dnia 27 kwietnia 1946 roku. Pierwszym kierownikiem Polikliniki Weterynaryjnej i&nbsp;Kliniki Chor\u00f3b Wewn\u0119trznych by\u0142 dr W\u0142adys\u0142aw Bili\u0144ski, nast\u0119pnie przez 2 lata dr Feliks Anczykowski. Sk\u0142ad zespo\u0142u pracownik\u00f3w ulega\u0142 cz\u0119stym zamianom, praca naukowa ogranicza\u0142a sie do kazuistyki klinicznej. W&nbsp;1948 roku kierownictwo Katedry i&nbsp;Kliniki obj\u0105\u0142 prof. dr Zdzis\u0142aw Finik i&nbsp;sprawowa\u0142 t\u0119 funkcje do 1964 roku. 1955 roku Katedra obj\u0119\u0142a w&nbsp;posiadanie dwa nowe budynki przy ulicy G\u0142\u0119bokiej, w&nbsp;tym te\u017c roku pi\u0119\u0107 os\u00f3b uzyska\u0142o stopie\u0144 doktora (S. C\u0105ka\u0142a, R. Kurczab, W. Patyra, E. Pinkiewicz, S. Tarkiewicz), a&nbsp;dwie doktora habilitowanego (E. Pinkiewicz, S. Tarkiewicz). G\u0142\u00f3wne tematy bada\u0144 w&nbsp;tym czasie to choroby mo\u017cyskowe koni, ochwat i&nbsp;mi\u0119\u015bniochwat, pom\u00f3r \u015bwi\u0144, urazowe zapalenia czepca, ketoza, krwiomocz p\u0119cherzowy kr\u00f3w, zjawisko leukergii i&nbsp;zaburzenia czynno\u015bci nadnerczy.<\/p>\n<p>W 1965 roku kierownikiem Katedry i&nbsp;Kliniki zosta\u0142 prof. dr hab. Edward Pinkiewicz. Funkcj\u0119 t\u0119 sprawowa\u0142 przez 20 lat do roku 1986. W&nbsp;czasie sprawowania przez niego funkcji kierownika powsta\u0142 nowy zesp\u00f3\u0142 pracownik\u00f3w (J. Filar, S. Grzebu\u0142a, E. Madej, M. Pie\u0144kowski, Z. Pomorski, J. Szalecki, A. Zimowski), zaadaptowano nowoczesn\u0105 metodyk\u0119 badawcz\u0105 i&nbsp;wykrystalizowa\u0142 si\u0119 g\u0142\u00f3wny kierunek bada\u0144 naukowych \u2013 choroby przemiany materii zwierz\u0105t u\u017cytkowych. W&nbsp;tym czasie obroniono osiem prac doktorskich (E. Madej, S. Grzebu\u0142a, M. Pie\u0144kowski, A. Zimowski, T. \u0141ugowski, J. Filar, Z. Pomorski, A. Stec), dwie osoby uzyska\u0142y stopie\u0144 dr. hab. (E. Madej, Z. Pomorski).<\/p>\n<p>W 1970 Katedra jako klinika na prawach zak\u0142adu sta\u0142a si\u0119 jednostk\u0105 nowo utworzonego Instytutu Chor\u00f3b Niezaka\u017anych. Instytut od 1982 roku funkcjonowa\u0142 jako Instytut Nauk Klinicznych.<\/p>\n<p>Funkcj\u0119 dyrektora Instytutu pe\u0142ni\u0142 w&nbsp;latach 1970-1982 doc. dr hab Stanis\u0142aw Koper, a&nbsp;w latach 1982-1985 doc. dr hab. Eligiusz Madej. Kolejnymi dyrektorami (po rezygnacji z&nbsp;funkcji przez E. Madeja) byli doc. dr hab Edward Komar do 1986 roku a&nbsp;nast\u0119pnie do rozwi\u0105zania Instytutu w&nbsp;1988 roku prof. dr hab. Stanis\u0142aw Tarkiewicz.<\/p>\n<p>Po rozwi\u0105zaniu Instytutu powsta\u0142a samodzielna Katedra i&nbsp;Klinika Chor\u00f3b Wewn\u0119trznych, kt\u00f3rej kierownikiem zosta\u0142 E. Madej.<\/p>\n<p>W 1989 roku w&nbsp;ramach Katedry zosta\u0142 utworzony Zak\u0142ad Diagnostyki Klinicznej, kt\u00f3rego kierownikiem zosta\u0142 prof. dr hab Z. Pomorski. W&nbsp;1990 roku utworzono Zak\u0142ad Analityki Klinicznej, kt\u00f3rego kierownikiem zosta\u0142 doc. dr hab. J. Filar. W&nbsp;latach 1988-1993 dwie osoby uzyska\u0142y tytu\u0142 profesora (E. Madej, Z. Pomorski), dwie doktora habilitowanego (J. Filar, S. Grzebu\u0142a) jedna doktora (J. Madany). Dwie osoby w&nbsp;tym czasie odesz\u0142y na emerytur\u0119 \u2013 profesorowie E. Pie\u0144kiewicz i&nbsp;S. Tarkiewicz. W&nbsp;1992 roku zmar\u0142 nagle dr hab. S. Grzebu\u0142a.<\/p>\n<p>W latach 1994-2004 jedena\u015bcie os\u00f3b uzyska\u0142o stopie\u0144 doktora (M. Adamska, Z. Blimke, \u0141. Kurek, J. Marczuk, A. Milczak, T. Riha, M. Studzi\u0144ska, M. Szczepanik, K. Szymanek, I. Taszkun, J. Wieczorek), jedna stopie\u0144 dr. hab (A. Stec), dwie tytu\u0142 profesora J. Filar, A. Stec), dwie stanowisko profesora zwyczajnego (E. Madej).<\/p>\n<p>W roku 2003 zmieniono nazw\u0119 Zak\u0142adu Diagnostyki Klinicznej na Zak\u0142ad Diagnostyki Klinicznej i&nbsp;Dermatologii Weterynaryjnej.<\/p>\n<p>W ostatnich 6 latach kolejne cztery osoby uzyska\u0142y stopie\u0144 doktora (D. Pomorska, P. Wilko\u0142ek, K. Szymanek, J. Mochol), a&nbsp;jedna dr. hab. (J. Madany). Na emerytur\u0119 odeszli profesorowie E. Madej i&nbsp;J. Filar.<\/p>\n<p>W roku 2006 powo\u0142ano Zak\u0142ad Chor\u00f3b Wewn\u0119trznych Zwierz\u0105t Gospodarskich i&nbsp;Koni, kt\u00f3rego pierwszym kierownikiem zosta\u0142 prof dr. hab A. Stec. Niestety w&nbsp;lipcu 2007 roku Katedra ponios\u0142a ci\u0119\u017ck\u0105 strat\u0119. Po d\u0142ugiej i&nbsp;ci\u0119\u017ckiej chorobie zmar\u0142 prof. Adam Stec.<\/p>\n<p>W 2007 roku Kierownikiem Zak\u0142ad Chor\u00f3b Wewn\u0119trznych Zwierz\u0105t Gospodarskich i&nbsp;Koni zosta\u0142 dr hab. Krzysztof Lutnicki.<\/p>\n<p>W roku 2010 w&nbsp;ramach Katedry powo\u0142ano Zak\u0142ad Chor\u00f3b Wewn\u0119trznych Zwierz\u0105t Towarzysz\u0105cych, kt\u00f3rego kierownikiem zosta\u0142 dr hab. Jacek Madany.<\/p>\n                                        <\/div>\n\t\t\t\t\t\t                                <\/div>\n\t\t\t\t                <div class=\"mn-content-block\">\n\t                                                        <div class=\"mn-cards-list\">\n                                            <div class=\"mn-card-container\">\n                                                <div>\n                                                    <img src=\"https:\/\/up.lublin.pl\/weterynaria\/wp-content\/themes\/up-lublin\/assets\/images\/doc-ico.svg\" alt=\"\" \/>\n                                                    <h5>Dzia\u0142alno\u015b\u0107 us\u0142ugowa Katedry<\/h5>\n                                                <\/div>\n                                                <a href=\"https:\/\/up.lublin.pl\/uslugi\/klinika-weterynaryjna\/katedra-i-klinika-chorob-wewnetrznych-zwierzat\/\" class=\"mn-more\" target=\"_blank\">Zobacz<\/a>\n                                            <\/div>\n                                        <\/div>\n\t\t\t\t\t\t                                <\/div>\n\t\t\t\t\t\t<\/div>\n\t<\/div>\n<\/section>\n\t\t<\/div>\n\t\t\t\t<\/div>\n\t\t\t\t\t\t<\/div>\n\t\t\t\t\t<\/div>\n\t\t<\/div>\n\t\t\t\t\t\t\t\t<\/div>\n\t\t\t\t\t<\/div>\n\t\t<\/section>\n\t\t\t\t\t\t<\/div>\n\t\t\t\t\t\t<\/div>\n\t\t\t\t\t<\/div>\n\t\t","protected":false},"excerpt":{"rendered":"<p>Katedra i&nbsp;Klinika Chor\u00f3b Wewn\u0119trznych Zwierz\u0105t UP Wydzia\u0142 Medycyny Weterynaryjnej Dydaktyka Badania Historia Us\u0142ugi Przedmioty dydaktyczne: choroby wewn\u0119trzne zwierz\u0105t towarzysz\u0105cych, choroby wewn\u0119trzne zwierz\u0105t gospodarskich, dermatologia weterynaryjna, diagnostyka kliniczna, dietetyka kliniczna, analityka kliniczna, choroby metaboliczne zwierz\u0105t gospodarskich, geriatria weterynaryjna. Odr\u0119bn\u0105 form\u0105 zaj\u0119\u0107 dydaktycznych s\u0105 sta\u017ce kliniczne w&nbsp;wymiarze 90 godzin, polegaj\u0105ce na bezpo\u015brednim wsp\u00f3\u0142dzia\u0142aniu z&nbsp;lekarzem dy\u017curnym. Efektem sta\u017cu [&hellip;]<\/p>\n","protected":false},"author":2,"featured_media":0,"parent":317,"menu_order":0,"comment_status":"closed","ping_status":"closed","template":"elementor_header_footer","meta":{"_monsterinsights_skip_tracking":false,"_monsterinsights_sitenote_active":false,"_monsterinsights_sitenote_note":"","_monsterinsights_sitenote_category":0},"_links":{"self":[{"href":"https:\/\/up.lublin.pl\/weterynaria\/wp-json\/wp\/v2\/pages\/147767"}],"collection":[{"href":"https:\/\/up.lublin.pl\/weterynaria\/wp-json\/wp\/v2\/pages"}],"about":[{"href":"https:\/\/up.lublin.pl\/weterynaria\/wp-json\/wp\/v2\/types\/page"}],"author":[{"embeddable":true,"href":"https:\/\/up.lublin.pl\/weterynaria\/wp-json\/wp\/v2\/users\/2"}],"replies":[{"embeddable":true,"href":"https:\/\/up.lublin.pl\/weterynaria\/wp-json\/wp\/v2\/comments?post=147767"}],"version-history":[{"count":13,"href":"https:\/\/up.lublin.pl\/weterynaria\/wp-json\/wp\/v2\/pages\/147767\/revisions"}],"predecessor-version":[{"id":155613,"href":"https:\/\/up.lublin.pl\/weterynaria\/wp-json\/wp\/v2\/pages\/147767\/revisions\/155613"}],"up":[{"embeddable":true,"href":"https:\/\/up.lublin.pl\/weterynaria\/wp-json\/wp\/v2\/pages\/317"}],"wp:attachment":[{"href":"https:\/\/up.lublin.pl\/weterynaria\/wp-json\/wp\/v2\/media?parent=147767"}],"curies":[{"name":"wp","href":"https:\/\/api.w.org\/{rel}","templated":true}]}}