{"id":146950,"date":"2021-07-27T08:44:12","date_gmt":"2021-07-27T06:44:12","guid":{"rendered":"https:\/\/up.lublin.pl\/weterynaria\/?page_id=146950"},"modified":"2022-10-13T12:41:21","modified_gmt":"2022-10-13T10:41:21","slug":"katedra","status":"publish","type":"page","link":"https:\/\/up.lublin.pl\/weterynaria\/wydzial\/struktura-i-pracownicy\/biochwet\/katedra\/","title":{"rendered":"Katedra"},"content":{"rendered":"\t\t<div data-elementor-type=\"wp-page\" data-elementor-id=\"146950\" class=\"elementor elementor-146950\" data-elementor-settings=\"[]\">\n\t\t\t\t\t\t<div class=\"elementor-inner\">\n\t\t\t\t\t\t\t<div class=\"elementor-section-wrap\">\n\t\t\t\t\t\t\t<section class=\"elementor-section elementor-top-section elementor-element elementor-element-3440a11 elementor-section-boxed elementor-section-height-default elementor-section-height-default\" data-id=\"3440a11\" data-element_type=\"section\">\n\t\t\t\t\t\t<div class=\"elementor-container elementor-column-gap-default\">\n\t\t\t\t\t\t\t<div class=\"elementor-row\">\n\t\t\t\t\t<div class=\"elementor-column elementor-col-100 elementor-top-column elementor-element elementor-element-6c00792\" data-id=\"6c00792\" data-element_type=\"column\">\n\t\t\t<div class=\"elementor-column-wrap elementor-element-populated\">\n\t\t\t\t\t\t\t<div class=\"elementor-widget-wrap\">\n\t\t\t\t\t\t<div class=\"elementor-element elementor-element-a5b019f elementor-widget elementor-widget-m2k\" data-id=\"a5b019f\" data-element_type=\"widget\" data-widget_type=\"m2k.default\">\n\t\t\t\t<div class=\"elementor-widget-container\">\n\t\t\t<section class=\"mn-m2-d mn-bg-green\">\n    <div class=\"mn-grid\">\n        <div class=\"mn-grid-12 mn-introtext\">\n                            <h3>\n                    Katedra                <\/h3>\n                        <\/div>\n    <\/div>\n    <\/section>\n\t\t<\/div>\n\t\t\t\t<\/div>\n\t\t\t\t\t\t<\/div>\n\t\t\t\t\t<\/div>\n\t\t<\/div>\n\t\t\t\t\t\t\t\t<\/div>\n\t\t\t\t\t<\/div>\n\t\t<\/section>\n\t\t\t\t<section class=\"elementor-section elementor-top-section elementor-element elementor-element-170eb76 elementor-section-boxed elementor-section-height-default elementor-section-height-default\" data-id=\"170eb76\" data-element_type=\"section\">\n\t\t\t\t\t\t<div class=\"elementor-container elementor-column-gap-default\">\n\t\t\t\t\t\t\t<div class=\"elementor-row\">\n\t\t\t\t\t<div class=\"elementor-column elementor-col-100 elementor-top-column elementor-element elementor-element-57be8f2\" data-id=\"57be8f2\" data-element_type=\"column\">\n\t\t\t<div class=\"elementor-column-wrap elementor-element-populated\">\n\t\t\t\t\t\t\t<div class=\"elementor-widget-wrap\">\n\t\t\t\t\t\t<div class=\"elementor-element elementor-element-6d2022c elementor-widget elementor-widget-m5c\" data-id=\"6d2022c\" data-element_type=\"widget\" data-widget_type=\"m5c.default\">\n\t\t\t\t<div class=\"elementor-widget-container\">\n\t\t\t<section class=\"mn-m5-c mn-bg-white\">\n\t<div class=\"mn-grid\">\n\t\t            <div class=\"mn-menu-container mn-grid-3\">\n                <ul class=\"mn-bg-yellow\">\n\t                                        <li>\n                            <a href=\"#\" class=\"active\" data-hash=\"#kontakt\">\n                                Dane kontaktowe                            <\/a>\n                        <\/li>\n                                                <li>\n                            <a href=\"#\" class=\"\" data-hash=\"#historia\">\n                                Historia Katedry                            <\/a>\n                        <\/li>\n                                                <li>\n                            <a href=\"#\" class=\"\" data-hash=\"#dzialalnosc_naukowa\">\n                                Dzia\u0142alno\u015b\u0107 naukowo-badawcza                            <\/a>\n                        <\/li>\n                                                <li>\n                            <a href=\"#\" class=\"\" data-hash=\"#dzialalnosc_dydaktyczna\">\n                                Dzia\u0142alno\u015b\u0107 dydaktyczna                            <\/a>\n                        <\/li>\n                                        <\/ul>\n            <\/div>\n\t        \t\t<div class=\"mn-content mn-grid-8\">\n\t\t\t                <div class=\"mn-content-block active\">\n\t                                                        <div class=\"block-text\">\n\t                                        <table id=\"table1\" style=\"width: 100%; border-collapse: collapse;\" border=\"0\" cellpadding=\"0\">\n<tbody>\n<tr style=\"border-style: hidden;\">\n<td valign=\"top\">\n<p>Katedra Biochemii<br \/>20-033 Lublin<br \/>ul. Akademicka 12<br \/>(sekretariat: + 81\u00a0445 66 08)<\/p>\n<\/td>\n<td valign=\"top\">\n<p>Kierownik Katedry<br \/>prof. dr hab. Marta Kankofer<br \/>Tel: + 81\u00a0445 66 08<br \/>Faks: + 81\u00a0445 66 08<br \/>E-mail:<a href=\"mailto:marta.kankofer@up.lublin.pl\">marta.kankofer@up.lublin.pl<\/a><\/p>\n<\/td>\n<\/tr>\n<\/tbody>\n<\/table>\n                                        <\/div>\n\t\t\t\t\t\t                                <\/div>\n\t\t\t\t                <div class=\"mn-content-block\">\n\t                                                        <div class=\"block-text\">\n\t                                        <p>Pocz\u0105tki obecnej Katedry Biochemii si\u0119gaj\u0105 1944 r. W&nbsp;tym roku lek wet Henryk Kraczkowski, absolwent Akademii Medycyny Weterynaryjnej we Lwowie, oraz lekarz Leon Heller na wniosek w\u0142adz Uniwersytetu Marii Curie Sk\u0142odowskiej rozpocz\u0119li prowadzenie zaj\u0119\u0107 z&nbsp;Chemii Fizjologicznej dla student\u00f3w Wydzia\u0142u Weterynaryjnego i&nbsp;Lekarskiego.<\/p>\n<p>W 1949 r. utworzono pod kierunkiem doc. dr J\u00f3zefa Skulimowskiego Katedr\u0119 Chemii Og\u00f3lnej i&nbsp;Fizjologicznej Wydzia\u0142u Weterynaryjnego i&nbsp;zlokalizowano przy ul. Lubartowskiej 58a. Przez kolejne dziesi\u0119\u0107 lat prowadzono zaj\u0119cia dydaktyczne z&nbsp;chemii og\u00f3lnej i&nbsp;chemii fizjologicznej dla student\u00f3w macierzystego Wydzia\u0142u oraz Wydzia\u0142\u00f3w Zootechnicznego i&nbsp;Rolnego a&nbsp;tak\u017ce dla student\u00f3w Wydzia\u0142u Biologii i&nbsp;Nauk o&nbsp;Ziemi UMCS.<\/p>\n<p>W tym czasie prowadzono badania nad budow\u0105 antygenow\u0105 takich drobnoustroj\u00f3w chorobotw\u00f3rczych jak Brucela, Corynebacterium, Pasteurella czy Escherichia coli. W&nbsp;1960 r. jednostka zmieni\u0142a nazw\u0119 na Katedr\u0119 Chemii Fizjologicznej. W&nbsp;latach 1967-1968 kuratorstwo sprawowa\u0142 prof. Grzegorz Sta\u015bkiewicz a&nbsp;od 1968 r. na kierownika Katedry powo\u0142ano doc. dr hab. Henryka Kraczkowskiego. W&nbsp;1973 r. dokonano kolejnej reorganizacji &#8211; Katedr\u0119 przemianowano na Zak\u0142ad, kierownictwo powierzono prof. dr hab. Tadeuszowi Mierzejewskiemu i&nbsp;w\u0142\u0105czono jednostk\u0119 do Instytutu Nauk Fizjologicznych.<\/p>\n<p>Lata siedemdziesi\u0105te i&nbsp;osiemdziesi\u0105te to rozw\u00f3j bada\u0144 z&nbsp;u\u017cyciem chromatografii i&nbsp;elektroforezy do bada\u0144 enzymatycznych a&nbsp;tak\u017ce rozdzia\u0142u bia\u0142ek i&nbsp;aminokwas\u00f3w. W&nbsp;tym okresie poruszano w&nbsp;badaniach aspekty \u017cywieniowe obejmuj\u0105ce sk\u0142ad chemiczny pasz, pierwiastki \u015bladowe, warto\u015b\u0107 biologiczn\u0105 bia\u0142ka pasz tre\u015bciwych czy zielonek. Od 1977 r. do chwili obecnej jednostka prowadzi zaj\u0119cia z&nbsp;Chemii i&nbsp;Biochemii dla student\u00f3w macierzystego Wydzia\u0142u.<\/p>\n<p>W 1993 r. rozwi\u0105zano Instytut Nauk Fizjologicznych, przemianowano Zak\u0142ad Biochemii na Katedr\u0119 Biochemii i&nbsp;na kierownika powo\u0142ano dr hab. n. med. Mari\u0119 Podolak-Majczak.<\/p>\n<p>W latach dziewi\u0119\u0107dziesi\u0105tych prowadzono badania w&nbsp;zakresie biochemii toksykologicznej i&nbsp;wp\u0142ywu pestycyd\u00f3w na metabolizm. W&nbsp;tym czasie rozpocz\u0119to badania nad biochemicznymi mechanizmami procesu prawid\u0142owego i&nbsp;zaburzonego wydalania \u0142o\u017cyska u&nbsp;kr\u00f3w, stresem oksydacyjnym oraz mechanizmami wysi\u0142ku u&nbsp;koni. Te tematy s\u0105 aktualnie nadal realizowane.<\/p>\n<p>W 2003 r. dokonano kolejnej reorganizacji jednostek organizacyjnych Wydzia\u0142u w&nbsp;oparciu o&nbsp;wytyczne raportu ekspert\u00f3w European Association of Establishments for Veterinary Education i&nbsp;utworzono Katedr\u0119 Biochemii i&nbsp;Fizjologii Zwierz\u0105t w&nbsp;kt\u00f3rej znalaz\u0142 si\u0119 Zak\u0142ad Biochemii nadal pod kierownictwem prof. dr hab. Marii Podolak-Majczak.<\/p>\n<p>Od 2005 r. funkcj\u0119 kierownika Katedry a&nbsp;od 2006 r. tak\u017ce kierownika Zak\u0142adu Biochemii pe\u0142ni dr hab. Marta Kankofer, prof. nadzw Uniwersytetu Przyrodniczego. W&nbsp;kwietniu 2008 r. siedzib\u0119 Zak\u0142adu przeniesiono z&nbsp;ul. Lubartowskiej do budynku Teorii Weterynarii (ul. Akademicka 12).<\/p>\n<p>Na przestrzeni ponad 60 lat historii Zak\u0142adu stopnie i&nbsp;tytu\u0142u naukowe uzyskali: J\u00f3zef Skulimowski (1955, 1962), Tadeusz Mierzejewski (1955, 1966, 1976, 1991), Henryk Kraczkowski (1960, 1966, 1982), Maria Podolak (1969, 2001), Andrzej Lachowski (1969), Andrzej Figurski (1979), Janusz Zipser (1981), Ryszarda Misky-Pietrzak (1987), Marta Kankofer (1994, 2002), Witold K\u0119dzierski (1999), Janusz Wierci\u0144ski (1976), Halina Kowalska-Py\u0142ka (1982).<\/p>\n                                        <\/div>\n\t\t\t\t\t\t                                <\/div>\n\t\t\t\t                <div class=\"mn-content-block\">\n\t                                                        <div class=\"block-text\">\n\t                                        <p>Biochemiczne mechanizmy le\u017c\u0105ce u&nbsp;podstaw zar\u00f3wno prawid\u0142owego odklejania b\u0142on p\u0142odowych u&nbsp;kr\u00f3w jak r\u00f3wnie\u017c <i>retentio secundinarum<\/i> nadal wymagaj\u0105 wyja\u015bnienia nie tylko ze wzgl\u0119d\u00f3w ekonomicznych ale tak\u017ce ze wzgl\u0119d\u00f3w poznawczych, kt\u00f3re umo\u017cliwi\u0105\u00a0 prowadzenie efektywnej profilaktyki. W\u015br\u00f3d rozwa\u017canych przyczyn wymienia si\u0119 mi\u0119dzy innymi zaburzenia hormonalne w&nbsp;tym dotycz\u0105ce przemiany prostaglandyn, zaburzenia metabolizmu tkanki \u0142\u0105cznej a&nbsp;tak\u017ce stres oksydacyjny okresu oko\u0142oporodowego. W&nbsp;ramach prowadzonych w&nbsp;Katedrze Biochemii bada\u0144 wyizolowano po raz pierwszy z&nbsp;\u0142o\u017cyska kr\u00f3w i&nbsp;oznaczono aktywno\u015bci, kluczowych dla metabolizmu prostaglandyn, enzym\u00f3w: dehydrogenazy 15-hydroksyprostaglandynowej, inaktywuj\u0105cej PGF<sub>2a<\/sub>, oraz 9-ketoreduktazy prostaglandynowej, odpowiedzialnej za przemian\u0119 PGE<sub>2<\/sub> w&nbsp;PGF<sub>2a<\/sub>, pochodz\u0105cych z&nbsp;\u0142o\u017cysk prawid\u0142owo wydalonych i&nbsp;zatrzymanych. Badania por\u00f3wnawcze dotyczy\u0142y tak\u017ce badania aktywno\u015bci fosfolipazy A2, uwalniaj\u0105cej kwas arachidonowy z&nbsp;fosfolipidu oraz polimerazy i&nbsp;glikohydrolazy poliADP-rybozy bior\u0105cych udzia\u0142 w&nbsp;reperacji DNA po oksydacyjnym uszkodzeniu, ale ze wzgl\u0119du na wykorzystanie NAD jako substratu dla polimerazy poliADP-rybozy maj\u0105 \u015bcis\u0142y zwi\u0105zek i&nbsp;mog\u0105 mie\u0107 wp\u0142yw na st\u0119\u017cenie prostaglandyn czy aktywno\u015b\u0107 enzym\u00f3w uczestnicz\u0105cych w&nbsp;ich metabolizmie. Aktywno\u015bci enzym\u00f3w oznaczano metodami spektrofotometrycznymi, immunohistochemicznymi, elektroforetycznymi oraz poprzez Western Blotting.<\/p>\n<p>Przedmiotem zainteresowa\u0144 naukowych Zak\u0142adu w&nbsp;aspekcie zatrzymania \u0142o\u017cyska by\u0142y tak\u017ce metaloproteinazy (72 kDa i&nbsp;92 kDa), hialuronidaza oraz b-N-acetyl-glukozaminidaza \u2013 enzymy tkanki \u0142\u0105cznej.<\/p>\n<p>Kolejnym nurtem bada\u0144 nad biochemicznymi mechanizmami zatrzymania \u0142o\u017cyska by\u0142o opisanie aktywno\u015bci parametr\u00f3w antyoksydacyjnych oraz st\u0119\u017cenia produkt\u00f3w peroksydacji lipid\u00f3w, bia\u0142ek oraz kwas\u00f3w nukleinowych w&nbsp;tkankach \u0142o\u017cyska kr\u00f3w.<\/p>\n<p>Badania nad stresem oksydacyjnym zaowocowa\u0142y oznaczeniami tych parametr\u00f3w w&nbsp;siarze i&nbsp;mleku. Efektem tych bada\u0144 by\u0142y dwie rozprawy doktorskie (J. Lipko \u201eCharakterystyka w\u0142a\u015bciwo\u015bci antyoksydacyjnych siary kr\u00f3w, \u015bwi\u0144 i&nbsp;owiec\u201d, E. Albera \u201ePor\u00f3wnanie r\u00f3wnowagi oksydacyjno\/antyoksydacyjnej w&nbsp;siarze i&nbsp;mleku oraz krwi krowy i&nbsp;noworodka\u201d). Opublikowane zosta\u0142y tak\u017ce prace oryginalne opisuj\u0105ce aktywno\u015bci w&nbsp;siarze i&nbsp;mleku mniej znanych antyoksydant\u00f3w jak laktoperoksydaza, laktoferyna czy ceruloplazmina.<\/p>\n<p>Katedra Biochemii wsp\u00f3\u0142pracuje z&nbsp;Jednostkami macierzystego Wydzia\u0142u, Centralnym Laboratorium Aparaturowym Uniwersytetu a&nbsp;tak\u017ce Wydzia\u0142em Medycyny Weterynaryjnej w&nbsp;Olsztynie, Uniwersytetem Medycznym w&nbsp;Lublinie i&nbsp;o\u015brodkami zagranicznymi (University Of Veterinary Medicine in Vienna, University of Veterinary Medicine in Hannover, Faculty of Veterinary Medicine in Utrecht) czego wymiernym efektem s\u0105 wsp\u00f3lne publikacje.<\/p>\n<p>W Katedrze Biochemii prowadzone s\u0105 tak\u017ce badania nad biochemicznymi aspektami regulacji metabolizmu lipid\u00f3w podczas wysi\u0142ku i&nbsp;treningu koni. Badania nad wp\u0142ywem treningu na organizm konia oparte s\u0105 na wykonywaniu pr\u00f3b wysi\u0142kowych przeprowadzanych w&nbsp;kolejnych etapach treningu. Celem bada\u0144 jest opracowanie test\u00f3w biochemicznych przydatnych w&nbsp;monitorowaniu przebiegu treningu oraz s\u0142u\u017c\u0105cych dostosowaniu obci\u0105\u017ce\u0144 do aktualnego stopnia wytrenowania koni. Materia\u0142em do bada\u0144 jest krew pobierana w&nbsp;spoczynku, tu\u017c po zako\u0144czeniu pr\u00f3by oraz w&nbsp;okresie odpoczynku. W&nbsp;uzyskanych pr\u00f3bkach oznaczane s\u0105 parametry wskazuj\u0105ce na wzgl\u0119dn\u0105 intensywno\u015b\u0107 wysi\u0142ku (st\u0119\u017cenie kwasu mlekowego we krwi), stopie\u0144 zm\u0119czenia organizmu (hematokryt, poziom hemoglobiny, aktywno\u015b\u0107 enzym\u00f3w mi\u0119\u015bniowych &#8211; LDH, CK, AST) oraz wska\u017aniki przemian energetycznych (st\u0119\u017cenie triacylogliceroli, niezestryfikowanych kwas\u00f3w t\u0142uszczowych, glicerolu, glukozy, kwasu moczowego) oraz wybranych hormon\u00f3w maj\u0105cych wp\u0142yw na te przemiany (poziom katecholamin, leptyny, greliny, testosteronu i&nbsp;estrogen\u00f3w). Oznaczenia prowadzone s\u0105 metodami spektrometrycznymi, wysokosprawnej chromatografii cieczowej oraz testami ELISA.<\/p>\n                                        <\/div>\n\t\t\t\t\t\t                                <\/div>\n\t\t\t\t                <div class=\"mn-content-block\">\n\t                                                        <div class=\"block-text\">\n\t                                        <p>Pracownicy Katedry Biochemii prowadz\u0105 zaj\u0119cia dla student\u00f3w I&nbsp;i II roku Wydzia\u0142u Medycyny Weterynaryjnej z&nbsp;zakresu Chemii i&nbsp;Biochemii jako przedmiot\u00f3w obowi\u0105zkowych. Od 2008 prowadzone s\u0105 zaj\u0119cia dla doktorant\u00f3w Wydzia\u0142u Medycyny Weterynaryjnej oraz Biotechnologii z&nbsp;zakresu Biochemii i&nbsp;Fizjologii Zwierz\u0105t.<\/p>\n<p>Zaj\u0119cia fakultatywne dla student\u00f3w Medycyny Weterynaryjnej to: Behawioryzm zwierz\u0105t oraz Endokrynologia.<\/p>\n<p>Pracownicy Katedry Biochemii czynnie uczestnicz\u0105 w&nbsp;programie wymiany nauczycieli akademickich Erasmus i&nbsp;pog\u0142\u0119biaj\u0105 swoje do\u015bwiadczenia dydaktyczne w&nbsp;jednoimiennych jednostkach w&nbsp;Wiedniu oraz Antakya.<\/p>\n                                        <\/div>\n\t\t\t\t\t\t                                <\/div>\n\t\t\t\t\t\t<\/div>\n\t<\/div>\n<\/section>\n\t\t<\/div>\n\t\t\t\t<\/div>\n\t\t\t\t\t\t<\/div>\n\t\t\t\t\t<\/div>\n\t\t<\/div>\n\t\t\t\t\t\t\t\t<\/div>\n\t\t\t\t\t<\/div>\n\t\t<\/section>\n\t\t\t\t\t\t<\/div>\n\t\t\t\t\t\t<\/div>\n\t\t\t\t\t<\/div>\n\t\t","protected":false},"excerpt":{"rendered":"<p>Katedra UP Wydzia\u0142 Medycyny Weterynaryjnej Dane kontaktowe Historia Katedry Dzia\u0142alno\u015b\u0107 naukowo-badawcza Dzia\u0142alno\u015b\u0107 dydaktyczna Katedra Biochemii20-033 Lublinul. Akademicka 12(sekretariat: + 81\u00a0445 66 08) Kierownik Katedryprof. dr hab. Marta KankoferTel: + 81\u00a0445 66 08Faks: + 81\u00a0445 66 08E-mail:marta.kankofer@up.lublin.pl Pocz\u0105tki obecnej Katedry Biochemii si\u0119gaj\u0105 1944 r. W&nbsp;tym roku lek wet Henryk Kraczkowski, absolwent Akademii Medycyny Weterynaryjnej we Lwowie, [&hellip;]<\/p>\n","protected":false},"author":2,"featured_media":0,"parent":146925,"menu_order":0,"comment_status":"closed","ping_status":"closed","template":"elementor_header_footer","meta":{"_monsterinsights_skip_tracking":false,"_monsterinsights_sitenote_active":false,"_monsterinsights_sitenote_note":"","_monsterinsights_sitenote_category":0},"_links":{"self":[{"href":"https:\/\/up.lublin.pl\/weterynaria\/wp-json\/wp\/v2\/pages\/146950"}],"collection":[{"href":"https:\/\/up.lublin.pl\/weterynaria\/wp-json\/wp\/v2\/pages"}],"about":[{"href":"https:\/\/up.lublin.pl\/weterynaria\/wp-json\/wp\/v2\/types\/page"}],"author":[{"embeddable":true,"href":"https:\/\/up.lublin.pl\/weterynaria\/wp-json\/wp\/v2\/users\/2"}],"replies":[{"embeddable":true,"href":"https:\/\/up.lublin.pl\/weterynaria\/wp-json\/wp\/v2\/comments?post=146950"}],"version-history":[{"count":16,"href":"https:\/\/up.lublin.pl\/weterynaria\/wp-json\/wp\/v2\/pages\/146950\/revisions"}],"predecessor-version":[{"id":155566,"href":"https:\/\/up.lublin.pl\/weterynaria\/wp-json\/wp\/v2\/pages\/146950\/revisions\/155566"}],"up":[{"embeddable":true,"href":"https:\/\/up.lublin.pl\/weterynaria\/wp-json\/wp\/v2\/pages\/146925"}],"wp:attachment":[{"href":"https:\/\/up.lublin.pl\/weterynaria\/wp-json\/wp\/v2\/media?parent=146950"}],"curies":[{"name":"wp","href":"https:\/\/api.w.org\/{rel}","templated":true}]}}