{"id":146925,"date":"2021-07-27T08:25:32","date_gmt":"2021-07-27T06:25:32","guid":{"rendered":"https:\/\/up.lublin.pl\/weterynaria\/?page_id=146925"},"modified":"2022-09-12T10:39:51","modified_gmt":"2022-09-12T08:39:51","slug":"biochwet","status":"publish","type":"page","link":"https:\/\/up.lublin.pl\/weterynaria\/wydzial\/struktura-i-pracownicy\/biochwet\/","title":{"rendered":"Katedra Biochemii"},"content":{"rendered":"\t\t<div data-elementor-type=\"wp-page\" data-elementor-id=\"146925\" class=\"elementor elementor-146925\" data-elementor-settings=\"[]\">\n\t\t\t\t\t\t<div class=\"elementor-inner\">\n\t\t\t\t\t\t\t<div class=\"elementor-section-wrap\">\n\t\t\t\t\t\t\t<section class=\"elementor-section elementor-top-section elementor-element elementor-element-31ced32 elementor-section-boxed elementor-section-height-default elementor-section-height-default\" data-id=\"31ced32\" data-element_type=\"section\">\n\t\t\t\t\t\t<div class=\"elementor-container elementor-column-gap-default\">\n\t\t\t\t\t\t\t<div class=\"elementor-row\">\n\t\t\t\t\t<div class=\"elementor-column elementor-col-100 elementor-top-column elementor-element elementor-element-101f99e\" data-id=\"101f99e\" data-element_type=\"column\">\n\t\t\t<div class=\"elementor-column-wrap elementor-element-populated\">\n\t\t\t\t\t\t\t<div class=\"elementor-widget-wrap\">\n\t\t\t\t\t\t<div class=\"elementor-element elementor-element-fd856a8 elementor-widget elementor-widget-m2k\" data-id=\"fd856a8\" data-element_type=\"widget\" data-widget_type=\"m2k.default\">\n\t\t\t\t<div class=\"elementor-widget-container\">\n\t\t\t<section class=\"mn-m2-d mn-bg-green\">\n    <div class=\"mn-grid\">\n        <div class=\"mn-grid-12 mn-introtext\">\n                            <h3>\n                     Katedra Biochemii                <\/h3>\n                        <\/div>\n    <\/div>\n    <\/section>\n\t\t<\/div>\n\t\t\t\t<\/div>\n\t\t\t\t\t\t<\/div>\n\t\t\t\t\t<\/div>\n\t\t<\/div>\n\t\t\t\t\t\t\t\t<\/div>\n\t\t\t\t\t<\/div>\n\t\t<\/section>\n\t\t\t\t<section class=\"elementor-section elementor-top-section elementor-element elementor-element-9aade64 elementor-section-boxed elementor-section-height-default elementor-section-height-default\" data-id=\"9aade64\" data-element_type=\"section\">\n\t\t\t\t\t\t<div class=\"elementor-container elementor-column-gap-default\">\n\t\t\t\t\t\t\t<div class=\"elementor-row\">\n\t\t\t\t\t<div class=\"elementor-column elementor-col-100 elementor-top-column elementor-element elementor-element-0baaaba\" data-id=\"0baaaba\" data-element_type=\"column\">\n\t\t\t<div class=\"elementor-column-wrap elementor-element-populated\">\n\t\t\t\t\t\t\t<div class=\"elementor-widget-wrap\">\n\t\t\t\t\t\t<div class=\"elementor-element elementor-element-23c8414 elementor-widget elementor-widget-m3a\" data-id=\"23c8414\" data-element_type=\"widget\" data-widget_type=\"m3a.default\">\n\t\t\t\t<div class=\"elementor-widget-container\">\n\t\t\t\t<section class=\"mn-m3-a mn-bg-green mn-m3-g\">\n\t\t<div class=\"mn-grid\">\n\t\t\t<h2 class=\"custom-mn-grid-4\">Aktualno\u015bci:<\/h2>\n\t\t\t                <div class=\"custom-mn-grid-8\">\n\t\t            \t<div class=\"mn-tabs\">\r\n                        <div class=\"mn-tabs\">\r\n                    <a href=\"https:\/\/up.lublin.pl\/weterynaria\/category\/katedra-biochemii\/\" class=\"mn-more\"  >Zobacz wszystkie<\/a>\r\n                <\/div>\r\n                    \t<\/div>\r\n\t                <\/div>\n\t            \t\t\t<div class=\"mn-grid-3 mn-introtext\">\n\t\t\t\t\t\t\t<\/div>\n\t\t\t                <div class=\"mn-grid-11 mn-slider-container\">\n\n                    <div class=\"mn-news-slider slider slider-69e643d09dd27\">\n\t\t\t\t\t\t                            <div class=\"slick-slide post-el  slick-current term-494\">\n\t\t\t\t\t\t\t\t                                <div class=\"mn-grid-3 mn-kat-m4-container\">\n\t\t\t\t\t\t\t\t\t\t\t\t\t\t\t\t\t\t\t\t\t\t\t\t\t\t\t                                        <h5 class=\"mn-date\">07.01.2026<\/h5>\n\t\t\t\t\t\t\t\t\t\t\t\t\t\t\t\t\t\t\t                                        <div class=\"mn-lead\">\n\t\t\t\t\t\t\t\t\t\t\t                                                <p>Konferencja 2026<\/p>\n\t\t\t\t\t\t\t\t\t\t\t\t                                        <\/div>\n\t\t\t\t\t\t\t\t\t\t                                    <a href=\"https:\/\/up.lublin.pl\/weterynaria\/konferencja-2026\/\" class=\"mn-more\">Zobacz wi\u0119cej<\/a>\n\n\t\t\t\t\t\t\t\t\t                                <\/div>\n\t\t\t\t\t\t\t                            <\/div>\n\t\t\t\t\t\t\t                            <div class=\"slick-slide post-el  term-494\">\n\t\t\t\t\t\t\t\t                                <div class=\"mn-grid-3 mn-kat-m4-container\">\n\t\t\t\t\t\t\t\t\t\t\t\t\t\t\t\t\t\t\t\t\t\t\t\t\t\t\t                                        <h5 class=\"mn-date\">22.12.2025<\/h5>\n\t\t\t\t\t\t\t\t\t\t\t\t\t\t\t\t\t\t\t                                        <div class=\"mn-lead\">\n\t\t\t\t\t\t\t\t\t\t\t                                                <p>Konferencja \u2013 informacja dla student\u00f3w realizuj\u0105cych przedmiot Biochemia II 2025\/2026<\/p>\n\t\t\t\t\t\t\t\t\t\t\t\t                                        <\/div>\n\t\t\t\t\t\t\t\t\t\t                                    <a href=\"https:\/\/up.lublin.pl\/weterynaria\/informacja-dla-studentow-realizujacych-przedmiot-biochemia-ii-2025-2026-2\/\" class=\"mn-more\">Zobacz wi\u0119cej<\/a>\n\n\t\t\t\t\t\t\t\t\t                                <\/div>\n\t\t\t\t\t\t\t                            <\/div>\n\t\t\t\t\t\t\t                            <div class=\"slick-slide post-el  term-494\">\n\t\t\t\t\t\t\t\t                                <div class=\"mn-grid-3 mn-kat-m4-container\">\n\t\t\t\t\t\t\t\t\t\t\t\t\t\t\t\t\t\t\t\t\t\t\t\t\t\t\t                                        <h5 class=\"mn-date\">03.11.2025<\/h5>\n\t\t\t\t\t\t\t\t\t\t\t\t\t\t\t\t\t\t\t                                        <div class=\"mn-lead\">\n\t\t\t\t\t\t\t\t\t\t\t                                                <p>Informacja dla student\u00f3w realizuj\u0105cych przedmiot Biochemia II 2025\/2026<\/p>\n\t\t\t\t\t\t\t\t\t\t\t\t                                        <\/div>\n\t\t\t\t\t\t\t\t\t\t                                    <a href=\"https:\/\/up.lublin.pl\/weterynaria\/informacja-dla-studentow-realizujacych-przedmiot-biochemia-ii-2025-2026\/\" class=\"mn-more\">Zobacz wi\u0119cej<\/a>\n\n\t\t\t\t\t\t\t\t\t                                <\/div>\n\t\t\t\t\t\t\t                            <\/div>\n\t\t\t\t\t\t\t                            <div class=\"slick-slide post-el  term-494\">\n\t\t\t\t\t\t\t\t                                <div class=\"mn-grid-3 mn-kat-m4-container\">\n\t\t\t\t\t\t\t\t\t\t\t\t\t\t\t\t\t\t\t\t\t\t\t\t\t\t\t                                        <h5 class=\"mn-date\">09.01.2025<\/h5>\n\t\t\t\t\t\t\t\t\t\t\t\t\t\t\t\t\t\t\t                                        <div class=\"mn-lead\">\n\t\t\t\t\t\t\t\t\t\t\t                                                <p>Konferencja - informacja dla student\u00f3w realizuj\u0105cych przedmiot Biochemia II 2024\/2025<\/p>\n\t\t\t\t\t\t\t\t\t\t\t\t                                        <\/div>\n\t\t\t\t\t\t\t\t\t\t                                    <a href=\"https:\/\/up.lublin.pl\/weterynaria\/informacja-dla-studentow-realizujacych-przedmiot-biochemia-ii-2024-2025-2\/\" class=\"mn-more\">Zobacz wi\u0119cej<\/a>\n\n\t\t\t\t\t\t\t\t\t                                <\/div>\n\t\t\t\t\t\t\t                            <\/div>\n\t\t\t\t\t\t\t                            <div class=\"slick-slide post-el  term-494\">\n\t\t\t\t\t\t\t\t                                <div class=\"mn-grid-3 mn-kat-m4-container\">\n\t\t\t\t\t\t\t\t\t\t\t\t\t\t\t\t\t\t\t\t\t\t\t\t\t\t\t                                        <h5 class=\"mn-date\">04.11.2024<\/h5>\n\t\t\t\t\t\t\t\t\t\t\t\t\t\t\t\t\t\t\t                                        <div class=\"mn-lead\">\n\t\t\t\t\t\t\t\t\t\t\t                                                <p>Informacja dla student\u00f3w realizuj\u0105cych przedmiot Biochemia II 2024\/2025<\/p>\n\t\t\t\t\t\t\t\t\t\t\t\t                                        <\/div>\n\t\t\t\t\t\t\t\t\t\t                                    <a href=\"https:\/\/up.lublin.pl\/weterynaria\/informacja-dla-studentow-realizujacych-przedmiot-biochemia-ii-2024-2025\/\" class=\"mn-more\">Zobacz wi\u0119cej<\/a>\n\n\t\t\t\t\t\t\t\t\t                                <\/div>\n\t\t\t\t\t\t\t                            <\/div>\n\t\t\t\t\t\t\t                            <div class=\"slick-slide post-el  term-494\">\n\t\t\t\t\t\t\t\t                                <div class=\"mn-grid-3 mn-kat-m4-container\">\n\t\t\t\t\t\t\t\t\t\t\t\t\t\t\t\t\t\t\t\t\t\t\t\t\t\t\t                                        <h5 class=\"mn-date\">17.02.2016<\/h5>\n\t\t\t\t\t\t\t\t\t\t\t\t\t\t\t\t\t\t\t                                        <div class=\"mn-lead\">\n\t\t\t\t\t\t\t\t\t\t\t                                                <p>Informacja dla Student\u00f3w kierunku In\u017cynieria Biomedyczna<\/p>\n\t\t\t\t\t\t\t\t\t\t\t\t                                        <\/div>\n\t\t\t\t\t\t\t\t\t\t                                    <a href=\"https:\/\/up.lublin.pl\/weterynaria\/informacja-dla-studentow-kierunku-inzynieria-biomedyczna\/\" class=\"mn-more\">Zobacz wi\u0119cej<\/a>\n\n\t\t\t\t\t\t\t\t\t                                <\/div>\n\t\t\t\t\t\t\t                            <\/div>\n\t\t\t\t\t\t\t                            <div class=\"slick-slide post-el  term-494\">\n\t\t\t\t\t\t\t\t                                <div class=\"mn-grid-3 mn-kat-m4-container\">\n\t\t\t\t\t\t\t\t\t\t\t\t\t\t\t\t\t\t\t\t\t\t\t\t\t\t\t                                        <h5 class=\"mn-date\">12.01.2016<\/h5>\n\t\t\t\t\t\t\t\t\t\t\t\t\t\t\t\t\t\t\t                                        <div class=\"mn-lead\">\n\t\t\t\t\t\t\t\t\t\t\t                                                <p>Materia\u0142y uzupe\u0142niaj\u0105ce dla student\u00f3w I roku, biochemia<\/p>\n\t\t\t\t\t\t\t\t\t\t\t\t                                        <\/div>\n\t\t\t\t\t\t\t\t\t\t                                    <a href=\"https:\/\/up.lublin.pl\/weterynaria\/materialy-uzupelniajace-dla-studentow-i-roku-biochemia-2\/\" class=\"mn-more\">Zobacz wi\u0119cej<\/a>\n\n\t\t\t\t\t\t\t\t\t                                <\/div>\n\t\t\t\t\t\t\t                            <\/div>\n\t\t\t\t\t\t\t                            <div class=\"slick-slide post-el  term-494\">\n\t\t\t\t\t\t\t\t                                <div class=\"mn-grid-3 mn-kat-m4-container\">\n\t\t\t\t\t\t\t\t\t\t\t\t\t\t\t\t\t\t\t\t\t\t\t\t\t\t\t                                        <h5 class=\"mn-date\">19.02.2013<\/h5>\n\t\t\t\t\t\t\t\t\t\t\t\t\t\t\t\t\t\t\t                                        <div class=\"mn-lead\">\n\t\t\t\t\t\t\t\t\t\t\t                                                <p>Dwukierunkowa elektroforeza - seminarium<\/p>\n\t\t\t\t\t\t\t\t\t\t\t\t                                        <\/div>\n\t\t\t\t\t\t\t\t\t\t                                    <a href=\"https:\/\/up.lublin.pl\/weterynaria\/dwukierunkowa-elektroforeza-seminarium\/\" class=\"mn-more\">Zobacz wi\u0119cej<\/a>\n\n\t\t\t\t\t\t\t\t\t                                <\/div>\n\t\t\t\t\t\t\t                            <\/div>\n\t\t\t\t\t\t\t                            <div class=\"slick-slide post-el  term-494\">\n\t\t\t\t\t\t\t\t                                <div class=\"mn-grid-3 mn-kat-m4-container\">\n\t\t\t\t\t\t\t\t\t\t\t\t\t\t\t\t\t\t\t\t\t\t\t\t\t\t\t                                        <h5 class=\"mn-date\">10.05.2011<\/h5>\n\t\t\t\t\t\t\t\t\t\t\t\t\t\t\t\t\t\t\t                                        <div class=\"mn-lead\">\n\t\t\t\t\t\t\t\t\t\t\t                                                <p>Strony internetowe dla student\u00f3w weterynarii<\/p>\n\t\t\t\t\t\t\t\t\t\t\t\t                                        <\/div>\n\t\t\t\t\t\t\t\t\t\t                                    <a href=\"https:\/\/up.lublin.pl\/weterynaria\/strony-internetowe-dla-studentow-weterynarii\/\" class=\"mn-more\">Zobacz wi\u0119cej<\/a>\n\n\t\t\t\t\t\t\t\t\t                                <\/div>\n\t\t\t\t\t\t\t                            <\/div>\n\t\t\t\t\t\t\t                    <\/div>\n                <\/div>\n\t\t\t\t\t\t<\/div>\n\t<\/section>\n\t\t<\/div>\n\t\t\t\t<\/div>\n\t\t\t\t\t\t<\/div>\n\t\t\t\t\t<\/div>\n\t\t<\/div>\n\t\t\t\t\t\t\t\t<\/div>\n\t\t\t\t\t<\/div>\n\t\t<\/section>\n\t\t\t\t<section class=\"elementor-section elementor-top-section elementor-element elementor-element-82b1745 elementor-section-boxed elementor-section-height-default elementor-section-height-default\" data-id=\"82b1745\" data-element_type=\"section\">\n\t\t\t\t\t\t<div class=\"elementor-container elementor-column-gap-default\">\n\t\t\t\t\t\t\t<div class=\"elementor-row\">\n\t\t\t\t\t<div class=\"elementor-column elementor-col-100 elementor-top-column elementor-element elementor-element-b61869a\" data-id=\"b61869a\" data-element_type=\"column\">\n\t\t\t<div class=\"elementor-column-wrap elementor-element-populated\">\n\t\t\t\t\t\t\t<div class=\"elementor-widget-wrap\">\n\t\t\t\t\t\t<div class=\"elementor-element elementor-element-4e0279d elementor-widget elementor-widget-m4a\" data-id=\"4e0279d\" data-element_type=\"widget\" data-widget_type=\"m4a.default\">\n\t\t\t\t<div class=\"elementor-widget-container\">\n\t\t\t\t<section class=\"mn-m4_b mn-bg-green\">\n\t\t\t\t<div class=\"mn-grid\">\n\t\t\t\t\t\t\t<div class=\"mn-grid-3 mn-kat-m4-container\">\n\t\t\t\t\t\t\t\t\t\t\t\t\t\t\t\t<h3>Katedra<\/h3>\n\t\t\t\t\t\t\t\t\t\t\t\t\t\t\t\t\t\t\t\t\t\t<a href=\"https:\/\/up.lublin.pl\/weterynaria\/wydzial\/struktura-i-pracownicy\/biochwet\/katedra\/\" class=\"mn-more\">Zobacz wi\u0119cej<\/a>\n\t\t\t\t\t\t\t\t\t\t<\/div>\n\t\t\t\t\t\t\t\t<div class=\"mn-grid-3 mn-kat-m4-container\">\n\t\t\t\t\t\t\t\t\t\t\t\t\t\t\t\t<h3>Pracownicy<\/h3>\n\t\t\t\t\t\t\t\t\t\t\t\t\t\t\t\t\t\t\t\t\t\t<a href=\"https:\/\/up.lublin.pl\/weterynaria\/wydzial\/struktura-i-pracownicy\/biochwet\/pracownicy\/\" class=\"mn-more\">Zobacz wi\u0119cej<\/a>\n\t\t\t\t\t\t\t\t\t\t<\/div>\n\t\t\t\t\t\t\t\t<div class=\"mn-grid-3 mn-kat-m4-container\">\n\t\t\t\t\t\t\t\t\t\t\t\t\t\t\t\t<h3>Publikacje<\/h3>\n\t\t\t\t\t\t\t\t\t\t\t\t\t\t\t\t\t\t\t\t\t\t<a href=\"https:\/\/publikacje.up.lublin.pl\/bpp\/jednostka\/Katedra-Biochemii\/\" class=\"mn-more\">Zobacz wi\u0119cej<\/a>\n\t\t\t\t\t\t\t\t\t\t<\/div>\n\t\t\t\t\t\t\t\t<div class=\"mn-grid-3 mn-kat-m4-container\">\n\t\t\t\t\t\t\t\t\t\t\t\t\t\t\t\t<h3>Studenci<\/h3>\n\t\t\t\t\t\t\t\t\t\t\t\t\t\t\t\t\t\t\t\t\t\t<a href=\"https:\/\/up.lublin.pl\/weterynaria\/wydzial\/struktura-i-pracownicy\/biochwet\/studenci\/\" class=\"mn-more\">Zobacz wi\u0119cej<\/a>\n\t\t\t\t\t\t\t\t\t\t<\/div>\n\t\t\t\t\t\t<\/div>\n\t<\/section>\n\t\t\t<\/div>\n\t\t\t\t<\/div>\n\t\t\t\t\t\t<\/div>\n\t\t\t\t\t<\/div>\n\t\t<\/div>\n\t\t\t\t\t\t\t\t<\/div>\n\t\t\t\t\t<\/div>\n\t\t<\/section>\n\t\t\t\t\t\t<\/div>\n\t\t\t\t\t\t<\/div>\n\t\t\t\t\t<\/div>\n\t\t","protected":false},"excerpt":{"rendered":"<p>Katedra Biochemii UP Wydzia\u0142 Medycyny Weterynaryjnej Aktualno\u015bci: Zobacz wszystkie 17.02.2016 Informacja dla Student\u00f3w kierunku In\u017cynieria Biomedyczna Zobacz wi\u0119cej 12.01.2016 Materia\u0142y uzupe\u0142niaj\u0105ce dla student\u00f3w I roku, biochemia Zobacz wi\u0119cej 19.02.2013 Dwukierunkowa elektroforeza &#8211; seminarium Zobacz wi\u0119cej 10.05.2011 Strony internetowe dla student\u00f3w weterynarii Zobacz wi\u0119cej Katedra Zobacz wi\u0119cej Pracownicy Zobacz wi\u0119cej Publikacje Zobacz wi\u0119cej Studenci Zobacz wi\u0119cej<\/p>\n","protected":false},"author":2,"featured_media":0,"parent":317,"menu_order":0,"comment_status":"closed","ping_status":"closed","template":"elementor_header_footer","meta":{"_monsterinsights_skip_tracking":false,"_monsterinsights_sitenote_active":false,"_monsterinsights_sitenote_note":"","_monsterinsights_sitenote_category":0},"_links":{"self":[{"href":"https:\/\/up.lublin.pl\/weterynaria\/wp-json\/wp\/v2\/pages\/146925"}],"collection":[{"href":"https:\/\/up.lublin.pl\/weterynaria\/wp-json\/wp\/v2\/pages"}],"about":[{"href":"https:\/\/up.lublin.pl\/weterynaria\/wp-json\/wp\/v2\/types\/page"}],"author":[{"embeddable":true,"href":"https:\/\/up.lublin.pl\/weterynaria\/wp-json\/wp\/v2\/users\/2"}],"replies":[{"embeddable":true,"href":"https:\/\/up.lublin.pl\/weterynaria\/wp-json\/wp\/v2\/comments?post=146925"}],"version-history":[{"count":40,"href":"https:\/\/up.lublin.pl\/weterynaria\/wp-json\/wp\/v2\/pages\/146925\/revisions"}],"predecessor-version":[{"id":162412,"href":"https:\/\/up.lublin.pl\/weterynaria\/wp-json\/wp\/v2\/pages\/146925\/revisions\/162412"}],"up":[{"embeddable":true,"href":"https:\/\/up.lublin.pl\/weterynaria\/wp-json\/wp\/v2\/pages\/317"}],"wp:attachment":[{"href":"https:\/\/up.lublin.pl\/weterynaria\/wp-json\/wp\/v2\/media?parent=146925"}],"curies":[{"name":"wp","href":"https:\/\/api.w.org\/{rel}","templated":true}]}}