{"id":146893,"date":"2021-07-26T13:06:05","date_gmt":"2021-07-26T11:06:05","guid":{"rendered":"https:\/\/up.lublin.pl\/weterynaria\/?page_id=146893"},"modified":"2021-07-26T13:40:14","modified_gmt":"2021-07-26T11:40:14","slug":"wbs-biotechnologia","status":"publish","type":"page","link":"https:\/\/up.lublin.pl\/weterynaria\/wydzial\/struktura-i-pracownicy\/anathist\/histologia\/dydaktyka\/wbs-biotechnologia\/","title":{"rendered":"Wydzia\u0142 Biologii \u015arodowiskowej &#8211; kierunek Biotechnologia"},"content":{"rendered":"\t\t<div data-elementor-type=\"wp-page\" data-elementor-id=\"146893\" class=\"elementor elementor-146893\" data-elementor-settings=\"[]\">\n\t\t\t\t\t\t<div class=\"elementor-inner\">\n\t\t\t\t\t\t\t<div class=\"elementor-section-wrap\">\n\t\t\t\t\t\t\t<section class=\"elementor-section elementor-top-section elementor-element elementor-element-438cf5f elementor-section-boxed elementor-section-height-default elementor-section-height-default\" data-id=\"438cf5f\" data-element_type=\"section\">\n\t\t\t\t\t\t<div class=\"elementor-container elementor-column-gap-default\">\n\t\t\t\t\t\t\t<div class=\"elementor-row\">\n\t\t\t\t\t<div class=\"elementor-column elementor-col-100 elementor-top-column elementor-element elementor-element-39600d8\" data-id=\"39600d8\" data-element_type=\"column\">\n\t\t\t<div class=\"elementor-column-wrap elementor-element-populated\">\n\t\t\t\t\t\t\t<div class=\"elementor-widget-wrap\">\n\t\t\t\t\t\t<div class=\"elementor-element elementor-element-f5b23bd elementor-widget elementor-widget-m2e\" data-id=\"f5b23bd\" data-element_type=\"widget\" data-widget_type=\"m2e.default\">\n\t\t\t\t<div class=\"elementor-widget-container\">\n\t\t\t<section class=\"mn-m2-e mn-bg-green\">\n\t<div class=\"mn-grid\">\n\t\t<div class=\"mn-grid-3 mn-introtext\">\n\t\t\t\t\t\t\t\t\t\t\t\t\t\t\t\t<div class=\"mn-content\">\n\t\t\t\t\t<h2>Wydzia\u0142 Biologii \u015arodowiskowej &#8211; kierunek Biotechnologia<\/h2>\n\t\t\t\t<\/div>\n\t\t\t\t\t\t<\/div>\n\t\t<div class=\"mn-grid-9 mn-image-container\">\n\t\t\t\t\t<\/div>\n\t<\/div>\n\t<\/section>\n\t\t<\/div>\n\t\t\t\t<\/div>\n\t\t\t\t\t\t<\/div>\n\t\t\t\t\t<\/div>\n\t\t<\/div>\n\t\t\t\t\t\t\t\t<\/div>\n\t\t\t\t\t<\/div>\n\t\t<\/section>\n\t\t\t\t<section class=\"elementor-section elementor-top-section elementor-element elementor-element-1b7b453 elementor-section-boxed elementor-section-height-default elementor-section-height-default\" data-id=\"1b7b453\" data-element_type=\"section\">\n\t\t\t\t\t\t<div class=\"elementor-container elementor-column-gap-default\">\n\t\t\t\t\t\t\t<div class=\"elementor-row\">\n\t\t\t\t\t<div class=\"elementor-column elementor-col-100 elementor-top-column elementor-element elementor-element-9a07b20\" data-id=\"9a07b20\" data-element_type=\"column\">\n\t\t\t<div class=\"elementor-column-wrap elementor-element-populated\">\n\t\t\t\t\t\t\t<div class=\"elementor-widget-wrap\">\n\t\t\t\t\t\t<div class=\"elementor-element elementor-element-1a32ed4 elementor-widget elementor-widget-m5c\" data-id=\"1a32ed4\" data-element_type=\"widget\" data-widget_type=\"m5c.default\">\n\t\t\t\t<div class=\"elementor-widget-container\">\n\t\t\t<section class=\"mn-m5-c mn-bg-white\">\n\t<div class=\"mn-grid\">\n\t\t            <div class=\"mn-menu-container mn-grid-3\">\n                <ul class=\"mn-bg-yellow\">\n\t                                        <li>\n                            <a href=\"#\" class=\"active\" data-hash=\"#\">\n                                Harmonogram \u0107wicze\u0144, wyk\u0142ad\u00f3w i&nbsp;zalicze\u0144 - stacjonarne                            <\/a>\n                        <\/li>\n                                                <li>\n                            <a href=\"#\" class=\"\" data-hash=\"#\">\n                                Harmonogram \u0107wicze\u0144, wyk\u0142ad\u00f3w i&nbsp;zalicze\u0144 - niestacjonarne                            <\/a>\n                        <\/li>\n                                                <li>\n                            <a href=\"#\" class=\"\" data-hash=\"#\">\n                                Polecana literatura                            <\/a>\n                        <\/li>\n                                        <\/ul>\n            <\/div>\n\t        \t\t<div class=\"mn-content mn-grid-8\">\n\t\t\t                <div class=\"mn-content-block active\">\n\t                                                        <div class=\"block-text\">\n\t                                        <p><strong>Studia I&nbsp;stopnia stacjonarne <\/strong><\/p>\n<p><strong>Histologia<\/strong> 2019\/2020<\/p>\n<p><strong>Wyk\u0142ady<\/strong> \u2013\u00a0 sala A&nbsp;Teoria Wet.\u00a0 pi\u0105tek godz. 11<sup>00<\/sup> \u2013 12<sup>00<\/sup>\u00a0<\/p>\n<p><strong>\u0106wiczenia <\/strong>\u2013 sala 236 Teoria Wet. wg \u015broda rozk\u0142adu zaj\u0119\u0107 <strong>\u00a0\u00a0\u00a0\u00a0\u00a0\u00a0\u00a0\u00a0\u00a0\u00a0\u00a0\u00a0\u00a0\u00a0\u00a0\u00a0\u00a0\u00a0\u00a0\u00a0\u00a0\u00a0\u00a0\u00a0\u00a0\u00a0\u00a0\u00a0\u00a0\u00a0\u00a0\u00a0\u00a0<\/strong><\/p>\n<p><strong>Wyk\u0142ady:<\/strong><\/p>\n<table style=\"width: 100%;\">\n<tbody>\n<tr>\n<td style=\"width: 3.97237%;\">\n<p>1.<\/p>\n<\/td>\n<td style=\"width: 16.9257%;\">\n<p>04.10.19r.<\/p>\n<\/td>\n<td style=\"width: 77.3748%;\">\n<p>Tkanki nab\u0142onkowe.<\/p>\n<\/td>\n<\/tr>\n<tr>\n<td style=\"width: 3.97237%;\">\n<p>2.<\/p>\n<\/td>\n<td style=\"width: 16.9257%;\">\n<p>11.10.19r.<\/p>\n<\/td>\n<td style=\"width: 77.3748%;\">\n<p>Podzia\u0142 tkanek \u0142\u0105cznych. Tkanki \u0142\u0105czne w\u0142a\u015bciwe.<\/p>\n<\/td>\n<\/tr>\n<tr>\n<td style=\"width: 3.97237%;\">\n<p>3.<\/p>\n<\/td>\n<td style=\"width: 16.9257%;\">\n<p>18.10.19r.<\/p>\n<\/td>\n<td style=\"width: 77.3748%;\">\n<p>Krew i&nbsp;limfa.<\/p>\n<\/td>\n<\/tr>\n<tr>\n<td style=\"width: 3.97237%;\">\n<p>4.<\/p>\n<\/td>\n<td style=\"width: 16.9257%;\">\n<p>25.10.19r.<\/p>\n<\/td>\n<td style=\"width: 77.3748%;\">\n<p>Tkanki mi\u0119\u015bniowe.<\/p>\n<\/td>\n<\/tr>\n<tr>\n<td style=\"width: 3.97237%;\">\n<p>5.<\/p>\n<\/td>\n<td style=\"width: 16.9257%;\">\n<p>08.11.19r.<\/p>\n<\/td>\n<td style=\"width: 77.3748%;\">\n<p>Tkanka nerwowa i&nbsp;glejowa, zako\u0144czenia nerwowe.<\/p>\n<\/td>\n<\/tr>\n<tr>\n<td style=\"width: 3.97237%;\">\n<p>6.<\/p>\n<\/td>\n<td style=\"width: 16.9257%;\">\n<p>15.11.19r.<\/p>\n<\/td>\n<td style=\"width: 77.3748%;\">\n<p>Uk\u0142ad krwiono\u015bny.<\/p>\n<\/td>\n<\/tr>\n<tr>\n<td style=\"width: 3.97237%;\">\n<p>7.<\/p>\n<\/td>\n<td style=\"width: 16.9257%;\">\n<p>22.11.19r.<\/p>\n<\/td>\n<td style=\"width: 77.3748%;\">\n<p>Uk\u0142ad limfatyczny.<\/p>\n<\/td>\n<\/tr>\n<tr>\n<td style=\"width: 3.97237%;\">\n<p>8.<\/p>\n<\/td>\n<td style=\"width: 16.9257%;\">\n<p>29.11.19r.<\/p>\n<\/td>\n<td style=\"width: 77.3748%;\">\n<p>Budowa sk\u00f3ry z&nbsp;r\u00f3\u017cnych okolic cia\u0142a.<\/p>\n<\/td>\n<\/tr>\n<tr>\n<td style=\"width: 3.97237%;\">\n<p>9.<\/p>\n<\/td>\n<td style=\"width: 16.9257%;\">\n<p>06.12.19r.<\/p>\n<\/td>\n<td style=\"width: 77.3748%;\">\n<p>Nask\u00f3rek \u2013 budowa<\/p>\n<\/td>\n<\/tr>\n<tr>\n<td style=\"width: 3.97237%;\">\n<p>10.<\/p>\n<\/td>\n<td style=\"width: 16.9257%;\">\n<p>13.12.19r.<\/p>\n<\/td>\n<td style=\"width: 77.3748%;\">\n<p>Rozw\u00f3j, wzrost i&nbsp;wymiana w\u0142osa<\/p>\n<\/td>\n<\/tr>\n<tr>\n<td style=\"width: 3.97237%;\">\n<p>11.<\/p>\n<\/td>\n<td style=\"width: 16.9257%;\">\n<p>20.12.19r.<\/p>\n<\/td>\n<td style=\"width: 77.3748%;\">\n<p>Funkcje sk\u00f3ry.<\/p>\n<\/td>\n<\/tr>\n<tr>\n<td style=\"width: 3.97237%;\">\n<p>12.<\/p>\n<\/td>\n<td style=\"width: 16.9257%;\">\n<p>10.01.20r.<\/p>\n<\/td>\n<td style=\"width: 77.3748%;\">\n<p>Paznokie\u0107, powieka, ma\u0142\u017cowina uszna<\/p>\n<\/td>\n<\/tr>\n<tr>\n<td style=\"width: 3.97237%;\">\n<p>13.<\/p>\n<\/td>\n<td style=\"width: 16.9257%;\">\n<p>17.01.20r.<\/p>\n<\/td>\n<td style=\"width: 77.3748%;\">\n<p>Regeneracja sk\u00f3ry.<\/p>\n<\/td>\n<\/tr>\n<tr>\n<td style=\"width: 3.97237%;\">\n<p>14.<\/p>\n<\/td>\n<td style=\"width: 16.9257%;\">\n<p>24.01.20r.<\/p>\n<\/td>\n<td style=\"width: 77.3748%;\">\n<p>Starzenie sk\u00f3ry.<\/p>\n<\/td>\n<\/tr>\n<tr>\n<td style=\"width: 3.97237%;\">\n<p>15.<\/p>\n<\/td>\n<td style=\"width: 16.9257%;\">\n<p>29.01.20r.<\/p>\n<\/td>\n<td style=\"width: 77.3748%;\">\n<p>Fotostarzenie<\/p>\n<\/td>\n<\/tr>\n<\/tbody>\n<\/table>\n<p>\u00a0<\/p>\n<p style=\"text-align: center;\"><strong>\u0106wiczenia:<\/strong><\/p>\n<table style=\"width: 100%; border-collapse: collapse; height: 795px;\">\n<tbody>\n<tr style=\"height: 53px;\">\n<td style=\"height: 53px; width: 5.69948%;\">\n<p>1.<\/p>\n<\/td>\n<td style=\"height: 53px; width: 10.19%;\">\n<p>2.10.19r.<\/p>\n<\/td>\n<td style=\"height: 53px; width: 83.9378%;\">\n<p>Om\u00f3wienie modu\u0142u, zasad prowadzenia i&nbsp;zaliczenia przedmiotu. Wprowadzenie do \u0107wicze\u0144.<\/p>\n<\/td>\n<\/tr>\n<tr style=\"height: 53px;\">\n<td style=\"height: 53px; width: 5.69948%;\">\n<p>2.<\/p>\n<\/td>\n<td style=\"height: 53px; width: 10.19%;\">\n<p>09.10.19r.<\/p>\n<\/td>\n<td style=\"height: 53px; width: 83.9378%;\">\n<p>Budowa wybranych nab\u0142onk\u00f3w.<\/p>\n<\/td>\n<\/tr>\n<tr style=\"height: 53px;\">\n<td style=\"height: 53px; width: 5.69948%;\">\n<p>3.<\/p>\n<\/td>\n<td style=\"height: 53px; width: 10.19%;\">\n<p>16.10.19r.<\/p>\n<\/td>\n<td style=\"height: 53px; width: 83.9378%;\">\n<p>Tkanki \u0142\u0105czne: w\u0142\u00f3knista lu\u017ana, t\u0142uszczowa, \u015bci\u0119gno.<\/p>\n<\/td>\n<\/tr>\n<tr style=\"height: 53px;\">\n<td style=\"height: 53px; width: 5.69948%;\">\n<p>4.<\/p>\n<\/td>\n<td style=\"height: 53px; width: 10.19%;\">\n<p>23.10.19r.<\/p>\n<\/td>\n<td style=\"height: 53px; width: 83.9378%;\">\n<p>Tkanki oporowe. Chrz\u0105stka szklista i&nbsp;spr\u0119\u017cysta.<\/p>\n<\/td>\n<\/tr>\n<tr style=\"height: 53px;\">\n<td style=\"height: 53px; width: 5.69948%;\">\n<p>5.<\/p>\n<\/td>\n<td style=\"height: 53px; width: 10.19%;\">\n<p>30.10.19r.<\/p>\n<\/td>\n<td style=\"height: 53px; width: 83.9378%;\">\n<p>Tkanka mi\u0119\u015bniowa<\/p>\n<\/td>\n<\/tr>\n<tr style=\"height: 53px;\">\n<td style=\"height: 53px; width: 5.69948%;\">\n<p>6.<\/p>\n<\/td>\n<td style=\"height: 53px; width: 10.19%;\">\n<p>6.11.19r.<\/p>\n<\/td>\n<td style=\"height: 53px; width: 83.9378%;\">\n<p>Zaliczenie cz\u0105stkowe (\u0107wiczenia 2,3,4,5).<\/p>\n<\/td>\n<\/tr>\n<tr style=\"height: 53px;\">\n<td style=\"height: 53px; width: 5.69948%;\">\n<p>7.<\/p>\n<\/td>\n<td style=\"height: 53px; width: 10.19%;\">\n<p>13.11.19r.<\/p>\n<\/td>\n<td style=\"height: 53px; width: 83.9378%;\">\n<p>Budowa i&nbsp;cytofizjologia neuronu. Receptory<\/p>\n<\/td>\n<\/tr>\n<tr style=\"height: 53px;\">\n<td style=\"height: 53px; width: 5.69948%;\">\n<p>8.<\/p>\n<\/td>\n<td style=\"height: 53px; width: 10.19%;\">\n<p>20.11.19r.<\/p>\n<\/td>\n<td style=\"height: 53px; width: 83.9378%;\">\n<p>Uk\u0142ad krwiono\u015bny. T\u0119tnica mi\u0119\u015bniowa, \u017cy\u0142a z&nbsp;zastawkami, naczynia w\u0142osowate.<\/p>\n<\/td>\n<\/tr>\n<tr style=\"height: 53px;\">\n<td style=\"height: 53px; width: 5.69948%;\">\n<p>9.<\/p>\n<\/td>\n<td style=\"height: 53px; width: 10.19%;\">\n<p>27.11.19r.<\/p>\n<\/td>\n<td style=\"height: 53px; width: 83.9378%;\">\n<p>Wybrane narz\u0105dy uk\u0142adu limfatycznego.<\/p>\n<\/td>\n<\/tr>\n<tr style=\"height: 53px;\">\n<td style=\"height: 53px; width: 5.69948%;\">\n<p>10.<\/p>\n<\/td>\n<td style=\"height: 53px; width: 10.19%;\">\n<p>04.12.19r.<\/p>\n<\/td>\n<td style=\"height: 53px; width: 83.9378%;\">\n<p>Zaliczenie cz\u0105stkowe (\u0107wiczenie 7,8,9).<\/p>\n<\/td>\n<\/tr>\n<tr style=\"height: 53px;\">\n<td style=\"height: 53px; width: 5.69948%;\">\n<p>11.<\/p>\n<\/td>\n<td style=\"height: 53px; width: 10.19%;\">\n<p>11.12.19r.<\/p>\n<\/td>\n<td style=\"height: 53px; width: 83.9378%;\">\n<p>Budowa nask\u00f3rka, sk\u00f3ry w\u0142a\u015bciwej i&nbsp;tkanki podsk\u00f3rnej.<\/p>\n<\/td>\n<\/tr>\n<tr style=\"height: 53px;\">\n<td style=\"height: 53px; width: 5.69948%;\">\n<p>12.<\/p>\n<\/td>\n<td style=\"height: 53px; width: 10.19%;\">\n<p>18.12.19r.<\/p>\n<\/td>\n<td style=\"height: 53px; width: 83.9378%;\">\n<p>Budowa w\u0142osa.<\/p>\n<\/td>\n<\/tr>\n<tr style=\"height: 53px;\">\n<td style=\"height: 53px; width: 5.69948%;\">\n<p>13.<\/p>\n<\/td>\n<td style=\"height: 53px; width: 10.19%;\">\n<p>08.01.20r.<\/p>\n<\/td>\n<td style=\"height: 53px; width: 83.9378%;\">\n<p>Budowa gruczo\u0142\u00f3w sk\u00f3rnych.<\/p>\n<\/td>\n<\/tr>\n<tr style=\"height: 53px;\">\n<td style=\"height: 53px; width: 5.69948%;\">\n<p>14.<\/p>\n<\/td>\n<td style=\"height: 53px; width: 10.19%;\">\n<p>15.01.20r.<\/p>\n<\/td>\n<td style=\"height: 53px; width: 83.9378%;\">\n<p>Budowa wargi i&nbsp;j\u0119zyka.<\/p>\n<\/td>\n<\/tr>\n<tr style=\"height: 53px;\">\n<td style=\"height: 53px; width: 5.69948%;\">\n<p>15.<\/p>\n<\/td>\n<td style=\"height: 53px; width: 10.19%;\">\n<p>22.01.20r.<\/p>\n<\/td>\n<td style=\"height: 53px; width: 83.9378%;\">\n<p>Zaliczenie cz\u0105stkowe (\u0107wiczenie 11,12,13,14).<\/p>\n<\/td>\n<\/tr>\n<\/tbody>\n<\/table>\n                                        <\/div>\n\t\t\t\t\t\t                                <\/div>\n\t\t\t\t                <div class=\"mn-content-block\">\n\t                                                        <div class=\"block-text\">\n\t                                        <p><strong>I rok BIOKOSMETOLOGIA <\/strong><\/p>\n<p><strong>Studia I&nbsp;stopnia Niestacjonarne <\/strong><\/p>\n<p><strong>Histologia<\/strong> 2019\/2020<\/p>\n<p><strong>Wyk\u0142ady<\/strong> \u2013\u00a0 sala 236 Teoria Wet.\u00a0 sobota godz. 14<sup>30<\/sup> \u2013 15<sup>15<\/sup>\u00a0<\/p>\n<p><strong>\u0106wiczenia <\/strong>\u2013 sala 236 Teoria Wet. sobota godz. 15<sup>15<\/sup> \u2013 16<sup>00<\/sup>\u00a0<\/p>\n<p>\u00a0<\/p>\n<p><strong>Wyk\u0142ady:<\/strong><\/p>\n<table style=\"width: 100%;\">\n<tbody>\n<tr>\n<td style=\"width: 3.62694%;\">\n<p>1.<\/p>\n<\/td>\n<td style=\"width: 12.4352%;\">\n<p>05.10.19r.<\/p>\n<\/td>\n<td style=\"width: 82.2107%;\">\n<p>Om\u00f3wienie modu\u0142u, zasad prowadzenia i&nbsp;zaliczenia przedmiotu. Tkanki nab\u0142onkowe.<\/p>\n<\/td>\n<\/tr>\n<tr>\n<td style=\"width: 3.62694%;\">\n<p>2.<\/p>\n<\/td>\n<td style=\"width: 12.4352%;\">\n<p>12.10.19r.<\/p>\n<\/td>\n<td style=\"width: 82.2107%;\">\n<p>Podzia\u0142 tkanek \u0142\u0105cznych. Tkanki \u0142\u0105czne w\u0142a\u015bciwe i&nbsp;oporowe.<\/p>\n<\/td>\n<\/tr>\n<tr>\n<td style=\"width: 3.62694%;\">\n<p>3.<\/p>\n<\/td>\n<td style=\"width: 12.4352%;\">\n<p>19.10.19r.<\/p>\n<\/td>\n<td style=\"width: 82.2107%;\">\n<p>Krew i&nbsp;limfa.<\/p>\n<\/td>\n<\/tr>\n<tr>\n<td style=\"width: 3.62694%;\">\n<p>4.<\/p>\n<\/td>\n<td style=\"width: 12.4352%;\">\n<p>26.10.19r.<\/p>\n<\/td>\n<td style=\"width: 82.2107%;\">\n<p>Tkanka nerwowa i&nbsp;glejowa,\u00a0 zako\u0144czenia nerwowe.<\/p>\n<\/td>\n<\/tr>\n<tr>\n<td style=\"width: 3.62694%;\">\n<p>5.<\/p>\n<\/td>\n<td style=\"width: 12.4352%;\">\n<p>16.11.19r.<\/p>\n<\/td>\n<td style=\"width: 82.2107%;\">\n<p>Uk\u0142ad krwiono\u015bny.<\/p>\n<\/td>\n<\/tr>\n<tr>\n<td style=\"width: 3.62694%;\">\n<p>6.<\/p>\n<\/td>\n<td style=\"width: 12.4352%;\">\n<p>23.11.19r.<\/p>\n<\/td>\n<td style=\"width: 82.2107%;\">\n<p>Uk\u0142ad limfatyczny.<\/p>\n<\/td>\n<\/tr>\n<tr>\n<td style=\"width: 3.62694%;\">\n<p>7.<\/p>\n<\/td>\n<td style=\"width: 12.4352%;\">\n<p>30.11.19r.<\/p>\n<\/td>\n<td style=\"width: 82.2107%;\">\n<p>Budowa sk\u00f3ry z&nbsp;r\u00f3\u017cnych okolic cia\u0142a. Funkcje sk\u00f3ry<\/p>\n<\/td>\n<\/tr>\n<tr>\n<td style=\"width: 3.62694%;\">\n<p>8.<\/p>\n<\/td>\n<td style=\"width: 12.4352%;\">\n<p>14.11.19r.<\/p>\n<\/td>\n<td style=\"width: 82.2107%;\">\n<p>Rozw\u00f3j, wzrost i&nbsp;wymiana w\u0142osa. Gruczo\u0142y sk\u00f3rne.<\/p>\n<\/td>\n<\/tr>\n<tr>\n<td style=\"width: 3.62694%;\">\n<p>9.<\/p>\n<\/td>\n<td style=\"width: 12.4352%;\">\n<p>18.02.20r.<\/p>\n<\/td>\n<td style=\"width: 82.2107%;\">\n<p>Paznokie\u0107, powieka, ma\u0142\u017cowina uszna<\/p>\n<\/td>\n<\/tr>\n<tr>\n<td style=\"width: 3.62694%;\">\n<p>10.<\/p>\n<\/td>\n<td style=\"width: 12.4352%;\">\n<p>01.02.20r.<\/p>\n<\/td>\n<td style=\"width: 82.2107%;\">\n<p>Regeneracja, starzenie i&nbsp;fotostarzenie sk\u00f3ry.<\/p>\n<\/td>\n<\/tr>\n<\/tbody>\n<\/table>\n<p><strong>\u00a0<\/strong><\/p>\n<p><strong>\u0106wiczenia:<\/strong><\/p>\n<table style=\"width: 100%;\">\n<tbody>\n<tr>\n<td style=\"width: 6.39033%;\">\n<p>1.<\/p>\n<\/td>\n<td style=\"width: 9.67186%;\">\n<p>05.10.19r.<\/p>\n<\/td>\n<td style=\"width: 82.2107%;\">\n<p>Wprowadzenie do \u0107wicze\u0144. Budowa wybranych nab\u0142onk\u00f3w.<\/p>\n<\/td>\n<\/tr>\n<tr>\n<td style=\"width: 6.39033%;\">\n<p>2.<\/p>\n<\/td>\n<td style=\"width: 9.67186%;\">\n<p>12.10.19r.<\/p>\n<\/td>\n<td style=\"width: 82.2107%;\">\n<p>Tkanki \u0142\u0105czne: w\u0142\u00f3knista lu\u017ana, t\u0142uszczowa, \u015bci\u0119gno. Tkanka chrz\u0119stna szklista i&nbsp;spr\u0119\u017cysta.<\/p>\n<\/td>\n<\/tr>\n<tr>\n<td style=\"width: 6.39033%;\">\n<p>3.<\/p>\n<\/td>\n<td style=\"width: 9.67186%;\">\n<p>19.10.19r.<\/p>\n<\/td>\n<td style=\"width: 82.2107%;\">\n<p>Tkanki mi\u0119\u015bniowe.<\/p>\n<\/td>\n<\/tr>\n<tr>\n<td style=\"width: 6.39033%;\">\n<p>4.<\/p>\n<\/td>\n<td style=\"width: 9.67186%;\">\n<p>26.10.19r.<\/p>\n<\/td>\n<td style=\"width: 82.2107%;\">\n<p>Budowa i&nbsp;cytofizjologia neuronu. Receptory Zaliczenie cz\u0105stkowe (\u0107wiczenia 1,2,3).<\/p>\n<\/td>\n<\/tr>\n<tr>\n<td style=\"width: 6.39033%;\">\n<p>5.<\/p>\n<\/td>\n<td style=\"width: 9.67186%;\">\n<p>16.11.19r.<\/p>\n<\/td>\n<td style=\"width: 82.2107%;\">\n<p>Uk\u0142ad krwiono\u015bny. T\u0119tnica mi\u0119\u015bniowa, \u017cy\u0142a z&nbsp;zastawkami, naczynia w\u0142osowate.<\/p>\n<\/td>\n<\/tr>\n<tr>\n<td style=\"width: 6.39033%;\">\n<p>6.<\/p>\n<\/td>\n<td style=\"width: 9.67186%;\">\n<p>23.11.19r.<\/p>\n<\/td>\n<td style=\"width: 82.2107%;\">\n<p>Wybrane narz\u0105dy uk\u0142adu limfatycznego.<\/p>\n<\/td>\n<\/tr>\n<tr>\n<td style=\"width: 6.39033%;\">\n<p>7.<\/p>\n<\/td>\n<td style=\"width: 9.67186%;\">\n<p>30.11.19r.<\/p>\n<\/td>\n<td style=\"width: 82.2107%;\">\n<p>Budowa nask\u00f3rka, sk\u00f3ry w\u0142a\u015bciwej i&nbsp;tkanki podsk\u00f3rnej. Zaliczenie cz\u0105stkowe (\u0107wiczenie 4,5,6).<\/p>\n<\/td>\n<\/tr>\n<tr>\n<td style=\"width: 6.39033%;\">\n<p>8.<\/p>\n<\/td>\n<td style=\"width: 9.67186%;\">\n<p>14.11.19r.<\/p>\n<\/td>\n<td style=\"width: 82.2107%;\">\n<p>Budowa w\u0142osa i&nbsp;gruczo\u0142\u00f3w sk\u00f3rnych.<\/p>\n<\/td>\n<\/tr>\n<tr>\n<td style=\"width: 6.39033%;\">\n<p>9.<\/p>\n<\/td>\n<td style=\"width: 9.67186%;\">\n<p>18.02.20r.<\/p>\n<\/td>\n<td style=\"width: 82.2107%;\">\n<p>Budowa wargi i&nbsp;j\u0119zyka.<\/p>\n<\/td>\n<\/tr>\n<tr>\n<td style=\"width: 6.39033%;\">\n<p>10.<\/p>\n<\/td>\n<td style=\"width: 9.67186%;\">\n<p>01.02.20r.<\/p>\n<\/td>\n<td style=\"width: 82.2107%;\">\n<p>Zaliczenie cz\u0105stkowe (\u0107wiczenie 7,8,9).<\/p>\n<\/td>\n<\/tr>\n<\/tbody>\n<\/table>\n<p style=\"text-align: right;\"><strong>Lublin, 01.10.2019r.<\/strong><\/p>\n                                        <\/div>\n\t\t\t\t\t\t                                <\/div>\n\t\t\t\t                <div class=\"mn-content-block\">\n\t                                                        <div class=\"block-text\">\n\t                                        <p><strong>Lektura obowi\u0105zkowa:<\/strong><\/p>\n<p>Zabel M. Histologia. Urban &amp; Partner, Wroc\u0142aw 2013.<\/p>\n<p><strong>Lektura zalecana:<\/strong><\/p>\n<p>Cichocki T, Litwin A.J, Mirecka J: Kompendium histologii. Collegium Medicum UJ, Krak\u00f3w 2016.<\/p>\n                                        <\/div>\n\t\t\t\t\t\t                                <\/div>\n\t\t\t\t\t\t<\/div>\n\t<\/div>\n<\/section>\n\t\t<\/div>\n\t\t\t\t<\/div>\n\t\t\t\t\t\t<\/div>\n\t\t\t\t\t<\/div>\n\t\t<\/div>\n\t\t\t\t\t\t\t\t<\/div>\n\t\t\t\t\t<\/div>\n\t\t<\/section>\n\t\t\t\t\t\t<\/div>\n\t\t\t\t\t\t<\/div>\n\t\t\t\t\t<\/div>\n\t\t","protected":false},"excerpt":{"rendered":"<p>Wydzia\u0142 Biologii \u015arodowiskowej &#8211; kierunek Biotechnologia UP Wydzia\u0142 Medycyny Weterynaryjnej Harmonogram \u0107wicze\u0144, wyk\u0142ad\u00f3w i&nbsp;zalicze\u0144 &#8211; stacjonarne Harmonogram \u0107wicze\u0144, wyk\u0142ad\u00f3w i&nbsp;zalicze\u0144 &#8211; niestacjonarne Polecana literatura Studia I&nbsp;stopnia stacjonarne Histologia 2019\/2020 Wyk\u0142ady \u2013\u00a0 sala A&nbsp;Teoria Wet.\u00a0 pi\u0105tek godz. 1100 \u2013 1200\u00a0 \u0106wiczenia \u2013 sala 236 Teoria Wet. wg \u015broda rozk\u0142adu zaj\u0119\u0107 \u00a0\u00a0\u00a0\u00a0\u00a0\u00a0\u00a0\u00a0\u00a0\u00a0\u00a0\u00a0\u00a0\u00a0\u00a0\u00a0\u00a0\u00a0\u00a0\u00a0\u00a0\u00a0\u00a0\u00a0\u00a0\u00a0\u00a0\u00a0\u00a0\u00a0\u00a0\u00a0\u00a0 Wyk\u0142ady: 1. 04.10.19r. Tkanki nab\u0142onkowe. [&hellip;]<\/p>\n","protected":false},"author":2,"featured_media":0,"parent":146342,"menu_order":0,"comment_status":"closed","ping_status":"closed","template":"elementor_header_footer","meta":{"_monsterinsights_skip_tracking":false,"_monsterinsights_sitenote_active":false,"_monsterinsights_sitenote_note":"","_monsterinsights_sitenote_category":0},"_links":{"self":[{"href":"https:\/\/up.lublin.pl\/weterynaria\/wp-json\/wp\/v2\/pages\/146893"}],"collection":[{"href":"https:\/\/up.lublin.pl\/weterynaria\/wp-json\/wp\/v2\/pages"}],"about":[{"href":"https:\/\/up.lublin.pl\/weterynaria\/wp-json\/wp\/v2\/types\/page"}],"author":[{"embeddable":true,"href":"https:\/\/up.lublin.pl\/weterynaria\/wp-json\/wp\/v2\/users\/2"}],"replies":[{"embeddable":true,"href":"https:\/\/up.lublin.pl\/weterynaria\/wp-json\/wp\/v2\/comments?post=146893"}],"version-history":[{"count":13,"href":"https:\/\/up.lublin.pl\/weterynaria\/wp-json\/wp\/v2\/pages\/146893\/revisions"}],"predecessor-version":[{"id":146909,"href":"https:\/\/up.lublin.pl\/weterynaria\/wp-json\/wp\/v2\/pages\/146893\/revisions\/146909"}],"up":[{"embeddable":true,"href":"https:\/\/up.lublin.pl\/weterynaria\/wp-json\/wp\/v2\/pages\/146342"}],"wp:attachment":[{"href":"https:\/\/up.lublin.pl\/weterynaria\/wp-json\/wp\/v2\/media?parent=146893"}],"curies":[{"name":"wp","href":"https:\/\/api.w.org\/{rel}","templated":true}]}}