{"id":146869,"date":"2021-07-26T12:49:07","date_gmt":"2021-07-26T10:49:07","guid":{"rendered":"https:\/\/up.lublin.pl\/weterynaria\/?page_id=146869"},"modified":"2021-07-26T12:54:40","modified_gmt":"2021-07-26T10:54:40","slug":"wmw-kierunek-analityka-weterynaryjna","status":"publish","type":"page","link":"https:\/\/up.lublin.pl\/weterynaria\/wydzial\/struktura-i-pracownicy\/anathist\/histologia\/dydaktyka\/wmw-kierunek-analityka-weterynaryjna\/","title":{"rendered":"WMW &#8211; Kierunek Analityka Weterynaryjna"},"content":{"rendered":"\t\t<div data-elementor-type=\"wp-page\" data-elementor-id=\"146869\" class=\"elementor elementor-146869\" data-elementor-settings=\"[]\">\n\t\t\t\t\t\t<div class=\"elementor-inner\">\n\t\t\t\t\t\t\t<div class=\"elementor-section-wrap\">\n\t\t\t\t\t\t\t<section class=\"elementor-section elementor-top-section elementor-element elementor-element-6a7adf4 elementor-section-boxed elementor-section-height-default elementor-section-height-default\" data-id=\"6a7adf4\" data-element_type=\"section\">\n\t\t\t\t\t\t<div class=\"elementor-container elementor-column-gap-default\">\n\t\t\t\t\t\t\t<div class=\"elementor-row\">\n\t\t\t\t\t<div class=\"elementor-column elementor-col-100 elementor-top-column elementor-element elementor-element-3b5504d\" data-id=\"3b5504d\" data-element_type=\"column\">\n\t\t\t<div class=\"elementor-column-wrap elementor-element-populated\">\n\t\t\t\t\t\t\t<div class=\"elementor-widget-wrap\">\n\t\t\t\t\t\t<div class=\"elementor-element elementor-element-233caf4 elementor-widget elementor-widget-m2e\" data-id=\"233caf4\" data-element_type=\"widget\" data-widget_type=\"m2e.default\">\n\t\t\t\t<div class=\"elementor-widget-container\">\n\t\t\t<section class=\"mn-m2-e mn-bg-green\">\n\t<div class=\"mn-grid\">\n\t\t<div class=\"mn-grid-3 mn-introtext\">\n\t\t\t\t\t\t\t\t\t\t\t\t\t\t\t\t<div class=\"mn-content\">\n\t\t\t\t\t<h2>Wydzia\u0142 Medycyny Weterynaryjnej \u2013 Kierunek Weterynaria<\/h2>\n\t\t\t\t<\/div>\n\t\t\t\t\t\t<\/div>\n\t\t<div class=\"mn-grid-9 mn-image-container\">\n\t\t\t\t\t<\/div>\n\t<\/div>\n\t<\/section>\n\t\t<\/div>\n\t\t\t\t<\/div>\n\t\t\t\t\t\t<\/div>\n\t\t\t\t\t<\/div>\n\t\t<\/div>\n\t\t\t\t\t\t\t\t<\/div>\n\t\t\t\t\t<\/div>\n\t\t<\/section>\n\t\t\t\t<section class=\"elementor-section elementor-top-section elementor-element elementor-element-27542be elementor-section-boxed elementor-section-height-default elementor-section-height-default\" data-id=\"27542be\" data-element_type=\"section\">\n\t\t\t\t\t\t<div class=\"elementor-container elementor-column-gap-default\">\n\t\t\t\t\t\t\t<div class=\"elementor-row\">\n\t\t\t\t\t<div class=\"elementor-column elementor-col-100 elementor-top-column elementor-element elementor-element-3f36c62\" data-id=\"3f36c62\" data-element_type=\"column\">\n\t\t\t<div class=\"elementor-column-wrap elementor-element-populated\">\n\t\t\t\t\t\t\t<div class=\"elementor-widget-wrap\">\n\t\t\t\t\t\t<div class=\"elementor-element elementor-element-9ddb49b elementor-widget elementor-widget-m5c\" data-id=\"9ddb49b\" data-element_type=\"widget\" data-widget_type=\"m5c.default\">\n\t\t\t\t<div class=\"elementor-widget-container\">\n\t\t\t<section class=\"mn-m5-c mn-bg-white\">\n\t<div class=\"mn-grid\">\n\t\t            <div class=\"mn-menu-container mn-grid-3\">\n                <ul class=\"mn-bg-yellow\">\n\t                                        <li>\n                            <a href=\"#\" class=\"active\" data-hash=\"#\">\n                                Harmonogram wyk\u0142ad\u00f3w                            <\/a>\n                        <\/li>\n                                                <li>\n                            <a href=\"#\" class=\"\" data-hash=\"#\">\n                                Harmonogram \u0107wicze\u0144 i&nbsp;zalicze\u0144                            <\/a>\n                        <\/li>\n                                                <li>\n                            <a href=\"#\" class=\"\" data-hash=\"#\">\n                                Polecana literatura                            <\/a>\n                        <\/li>\n                                        <\/ul>\n            <\/div>\n\t        \t\t<div class=\"mn-content mn-grid-8\">\n\t\t\t                <div class=\"mn-content-block active\">\n\t                                                        <div class=\"block-text\">\n\t                                        <p><strong><span style=\"text-decoration: underline;\">I rok Wydz. Med. Wet. &#8211;<\/span><\/strong><strong> kierunek Analityka weterynaryjna <\/strong><\/p>\n<p><strong>Histologia <\/strong>2020\/2021<\/p>\n<p><strong>Wyk\u0142ady-<\/strong> sala A&nbsp;Coll.Vet.\u00a0 \u015brody godz. 10.00-10.45<\/p>\n<p>\u0106wiczenia- sala 236 Coll. Vet. czwartki godz. 9.30-11.00<\/p>\n<table style=\"width: 100%;\">\n<tbody>\n<tr>\n<td style=\"width: 5.8722%;\">\n<p>1.<\/p>\n<\/td>\n<td style=\"width: 14.1624%;\">\n<p>07.10.2020r.<\/p>\n<\/td>\n<td style=\"width: 78.5838%;\">\n<p>Om\u00f3wienie zarz\u0105dzenia Rektora nr 82 z&nbsp;dn. 1.09.2020r. i&nbsp;za\u0142\u0105cznika nr 2, om\u00f3wienie modu\u0142u, organizacja przedmiotu.<\/p>\n<\/td>\n<\/tr>\n<tr>\n<td style=\"width: 5.8722%;\">\n<p>2.<\/p>\n<\/td>\n<td style=\"width: 14.1624%;\">\n<p>14.10.2020r.<\/p>\n<\/td>\n<td style=\"width: 78.5838%;\">\n<p>Tkanki nab\u0142onkowe i&nbsp;gruczo\u0142y.<\/p>\n<\/td>\n<\/tr>\n<tr>\n<td style=\"width: 5.8722%;\">\n<p>3.<\/p>\n<\/td>\n<td style=\"width: 14.1624%;\">\n<p>21.10.2020r.<\/p>\n<\/td>\n<td style=\"width: 78.5838%;\">\n<p>Tkanki \u0142\u0105czne.<\/p>\n<\/td>\n<\/tr>\n<tr>\n<td style=\"width: 5.8722%;\">\n<p>4.<\/p>\n<\/td>\n<td style=\"width: 14.1624%;\">\n<p>28.10.2020r.<\/p>\n<\/td>\n<td style=\"width: 78.5838%;\">\n<p>Tkanka mi\u0119sniowe.<\/p>\n<\/td>\n<\/tr>\n<tr>\n<td style=\"width: 5.8722%;\">\n<p>5.<\/p>\n<\/td>\n<td style=\"width: 14.1624%;\">\n<p>04.11.2020r.<\/p>\n<\/td>\n<td style=\"width: 78.5838%;\">\n<p>Uk\u0142ad krwiono\u015bny.<\/p>\n<\/td>\n<\/tr>\n<tr>\n<td style=\"width: 5.8722%;\">\n<p>6.<\/p>\n<\/td>\n<td style=\"width: 14.1624%;\">\n<p>18.11.2020r.<\/p>\n<\/td>\n<td style=\"width: 78.5838%;\">\n<p>Uk\u0142ad pokarmowy.<\/p>\n<\/td>\n<\/tr>\n<tr>\n<td style=\"width: 5.8722%;\">\n<p>7.<\/p>\n<\/td>\n<td style=\"width: 14.1624%;\">\n<p>25.11.2020r.<\/p>\n<\/td>\n<td style=\"width: 78.5838%;\">\n<p>Uk\u0142ad pokarmowy- cd.<\/p>\n<\/td>\n<\/tr>\n<tr>\n<td style=\"width: 5.8722%;\">\n<p>8.<\/p>\n<\/td>\n<td style=\"width: 14.1624%;\">\n<p>02.11.2020r.<\/p>\n<\/td>\n<td style=\"width: 78.5838%;\">Watroba i&nbsp;trzustka.<\/td>\n<\/tr>\n<tr>\n<td style=\"width: 5.8722%;\">\n<p>9.<\/p>\n<\/td>\n<td style=\"width: 14.1624%;\">\n<p>09.12.2020r.<\/p>\n<\/td>\n<td style=\"width: 78.5838%;\">\n<p>Uk\u0142ad oddechowy.<\/p>\n<\/td>\n<\/tr>\n<tr>\n<td style=\"width: 5.8722%;\">\n<p>10.<\/p>\n<\/td>\n<td style=\"width: 14.1624%;\">\n<p>16.12.2020r.<\/p>\n<\/td>\n<td style=\"width: 78.5838%;\">\n<p>Uk\u0142ad wydalniczy.<\/p>\n<\/td>\n<\/tr>\n<tr>\n<td style=\"width: 5.8722%;\">\n<p>11.<\/p>\n<\/td>\n<td style=\"width: 14.1624%;\">\n<p>13.01.2021r.<\/p>\n<\/td>\n<td style=\"width: 78.5838%;\">\n<p>Uk\u0142ad rozrodczy samca i&nbsp;samicy.<\/p>\n<\/td>\n<\/tr>\n<tr>\n<td style=\"width: 5.8722%;\">\n<p>12.<\/p>\n<\/td>\n<td style=\"width: 14.1624%;\">\n<p>20.01.2021r.<\/p>\n<\/td>\n<td style=\"width: 78.5838%;\">\n<p>Gruczo\u0142y dokrewne.<\/p>\n<\/td>\n<\/tr>\n<tr>\n<td style=\"width: 5.8722%;\">\n<p>13.<\/p>\n<\/td>\n<td style=\"width: 14.1624%;\">\n<p>27.01.2021r.<\/p>\n<\/td>\n<td style=\"width: 78.5838%;\">\n<p>Pow\u0142oka wsp\u00f3lna cia\u0142a.<\/p>\n<\/td>\n<\/tr>\n<tr>\n<td style=\"width: 5.8722%;\">\n<p>14.<\/p>\n<\/td>\n<td style=\"width: 14.1624%;\">\n<p>29.01.2021r.<\/p>\n<\/td>\n<td style=\"width: 78.5838%;\">\n<p>Tkanka nerwowa i&nbsp;glejowa.<\/p>\n<\/td>\n<\/tr>\n<\/tbody>\n<\/table>\n                                        <\/div>\n\t\t\t\t\t\t                                <\/div>\n\t\t\t\t                <div class=\"mn-content-block\">\n\t                                                        <div class=\"block-text\">\n\t                                        <p><strong><span style=\"text-decoration: underline;\">I rok Wydz. Med. Wet. &#8211;<\/span><\/strong><strong> kierunek Analityka weterynaryjna <\/strong><\/p>\n<p><strong>Histologia <\/strong>2020\/2021<\/p>\n<p><strong>\u0106wiczenia<\/strong> \u2013 sala 236 Teoria Wet. czwartki godz. 9.30-11.00<\/p>\n<p><strong>Grupa A<\/strong> 9.30-10.10<\/p>\n<p><strong>Grupa B&nbsp;<\/strong>10.20-11.00<\/p>\n<p>\u00a0<\/p>\n<table style=\"width: 96.5414%; height: 800px;\">\n<tbody>\n<tr>\n<td style=\"width: 3.04114%;\">\n<p>1.<\/p>\n<\/td>\n<td style=\"width: 19.678%;\">\n<p>08.10.2020r.<\/p>\n<\/td>\n<td style=\"width: 75.4919%;\">\n<p>Wprowadzenie do \u0107wicze\u0144, zasady bioasekuraci i&nbsp;BHP.<\/p>\n<\/td>\n<\/tr>\n<tr>\n<td style=\"width: 3.04114%;\">\n<p>2.<\/p>\n<\/td>\n<td style=\"width: 19.678%;\">\n<p>15.10.2020r.<\/p>\n<\/td>\n<td style=\"width: 75.4919%;\">\n<p>Tkanki nab\u0142onkowe i&nbsp;gruczo\u0142y.<\/p>\n<\/td>\n<\/tr>\n<tr>\n<td style=\"width: 3.04114%;\">\n<p>3.<\/p>\n<\/td>\n<td style=\"width: 19.678%;\">\n<p>22.10.2020r.<\/p>\n<\/td>\n<td style=\"width: 75.4919%;\">Tkanki \u0142\u0105czne.<\/td>\n<\/tr>\n<tr>\n<td style=\"width: 3.04114%;\">\n<p>4.<\/p>\n<\/td>\n<td style=\"width: 19.678%;\">\n<p>29.10.2020r.<\/p>\n<\/td>\n<td style=\"width: 75.4919%;\">\n<p>Tkanki mi\u0119\u015bniowe.<\/p>\n<\/td>\n<\/tr>\n<tr>\n<td style=\"width: 3.04114%;\">\n<p>5.<\/p>\n<\/td>\n<td style=\"width: 19.678%;\">\n<p>5.11.2020r.<\/p>\n<\/td>\n<td style=\"width: 75.4919%;\">\n<p>Uk\u0142ad krwiono\u015bny (zaliczenie \u0107w. 2, 3, 4).<\/p>\n<\/td>\n<\/tr>\n<tr>\n<td style=\"width: 3.04114%;\">\n<p>6.<\/p>\n<\/td>\n<td style=\"width: 19.678%;\">\n<p>12.11.2020r.<\/p>\n<\/td>\n<td style=\"width: 75.4919%;\">\n<p>Uk\u0142ad ch\u0142onny.(materia\u0142y)<\/p>\n<\/td>\n<\/tr>\n<tr>\n<td style=\"width: 3.04114%;\">\n<p>7.<\/p>\n<\/td>\n<td style=\"width: 19.678%;\">\n<p>19,11,2019r.<\/p>\n<\/td>\n<td style=\"width: 75.4919%;\">\n<p>Uk\u0142ad pokarmowy.<\/p>\n<\/td>\n<\/tr>\n<tr>\n<td style=\"width: 3.04114%;\">\n<p>8.<\/p>\n<\/td>\n<td style=\"width: 19.678%;\">\n<p>21.11.2020r.<\/p>\n<\/td>\n<td style=\"width: 75.4919%;\">\n<p>Uk\u0142ad pokarmowy c.d.<\/p>\n<\/td>\n<\/tr>\n<tr>\n<td style=\"width: 3.04114%;\">\n<p>9.<\/p>\n<\/td>\n<td style=\"width: 19.678%;\">\n<p>26.11.2020r.<\/p>\n<\/td>\n<td style=\"width: 75.4919%;\">\n<p>W\u0105troba i&nbsp;trzustka.<\/p>\n<\/td>\n<\/tr>\n<tr>\n<td style=\"width: 3.04114%;\">\n<p>10.<\/p>\n<\/td>\n<td style=\"width: 19.678%;\">\n<p>03.12.2020r.<\/p>\n<\/td>\n<td style=\"width: 75.4919%;\">\n<p>Uk\u0142ad oddechowy (zaliczenie \u0107w. 5,6,7,8,9).<\/p>\n<\/td>\n<\/tr>\n<tr>\n<td style=\"width: 3.04114%;\">\n<p>11.<\/p>\n<\/td>\n<td style=\"width: 19.678%;\">\n<p>10.12.2020r.<\/p>\n<\/td>\n<td style=\"width: 75.4919%;\">\n<p>Uk\u0142ad wydalniczy.<\/p>\n<\/td>\n<\/tr>\n<tr>\n<td style=\"width: 3.04114%;\">\n<p>12.<\/p>\n<\/td>\n<td style=\"width: 19.678%;\">\n<p>14.12.2020r.<\/p>\n<\/td>\n<td style=\"width: 75.4919%;\">\n<p>Uk\u0142ad rozrodczy samca i&nbsp;samicy.<\/p>\n<\/td>\n<\/tr>\n<tr>\n<td style=\"width: 3.04114%;\">\n<p>13.<\/p>\n<\/td>\n<td style=\"width: 19.678%;\">\n<p>21.01.2021r.<\/p>\n<\/td>\n<td style=\"width: 75.4919%;\">\n<p>Gruczo\u0142y dokrewne (zaliczenie \u0107w. 10,11,12,13)<\/p>\n<\/td>\n<\/tr>\n<tr>\n<td style=\"width: 3.04114%;\">\n<p>14.<\/p>\n<\/td>\n<td style=\"width: 19.678%;\">\n<p>28.01.2021r.<\/p>\n<\/td>\n<td style=\"width: 75.4919%;\">\n<p>Pow\u0142oka wsp\u00f3lna cia\u0142a.<\/p>\n<\/td>\n<\/tr>\n<\/tbody>\n<\/table>\n                                        <\/div>\n\t\t\t\t\t\t                                <\/div>\n\t\t\t\t                <div class=\"mn-content-block\">\n\t                                                        <div class=\"block-text\">\n\t                                        <p><strong>Zalecana lista lektur<\/strong><\/p>\n<p>1. Zabel M. Histologia. Urban &amp; Partner, Wroc\u0142aw 2013.<\/p>\n<p>2. Kuryszko J., Zarzycki J. Histologia zwierz\u0105t. PZWL, Warszawa 2013.<\/p>\n                                        <\/div>\n\t\t\t\t\t\t                                <\/div>\n\t\t\t\t\t\t<\/div>\n\t<\/div>\n<\/section>\n\t\t<\/div>\n\t\t\t\t<\/div>\n\t\t\t\t\t\t<\/div>\n\t\t\t\t\t<\/div>\n\t\t<\/div>\n\t\t\t\t\t\t\t\t<\/div>\n\t\t\t\t\t<\/div>\n\t\t<\/section>\n\t\t\t\t\t\t<\/div>\n\t\t\t\t\t\t<\/div>\n\t\t\t\t\t<\/div>\n\t\t","protected":false},"excerpt":{"rendered":"<p>Wydzia\u0142 Medycyny Weterynaryjnej \u2013 Kierunek Weterynaria UP Wydzia\u0142 Medycyny Weterynaryjnej Harmonogram wyk\u0142ad\u00f3w Harmonogram \u0107wicze\u0144 i&nbsp;zalicze\u0144 Polecana literatura I rok Wydz. Med. Wet. &#8211; kierunek Analityka weterynaryjna Histologia 2020\/2021 Wyk\u0142ady- sala A&nbsp;Coll.Vet.\u00a0 \u015brody godz. 10.00-10.45 \u0106wiczenia- sala 236 Coll. Vet. czwartki godz. 9.30-11.00 1. 07.10.2020r. Om\u00f3wienie zarz\u0105dzenia Rektora nr 82 z&nbsp;dn. 1.09.2020r. i&nbsp;za\u0142\u0105cznika nr 2, om\u00f3wienie [&hellip;]<\/p>\n","protected":false},"author":2,"featured_media":0,"parent":146342,"menu_order":0,"comment_status":"closed","ping_status":"closed","template":"elementor_header_footer","meta":{"_monsterinsights_skip_tracking":false,"_monsterinsights_sitenote_active":false,"_monsterinsights_sitenote_note":"","_monsterinsights_sitenote_category":0},"_links":{"self":[{"href":"https:\/\/up.lublin.pl\/weterynaria\/wp-json\/wp\/v2\/pages\/146869"}],"collection":[{"href":"https:\/\/up.lublin.pl\/weterynaria\/wp-json\/wp\/v2\/pages"}],"about":[{"href":"https:\/\/up.lublin.pl\/weterynaria\/wp-json\/wp\/v2\/types\/page"}],"author":[{"embeddable":true,"href":"https:\/\/up.lublin.pl\/weterynaria\/wp-json\/wp\/v2\/users\/2"}],"replies":[{"embeddable":true,"href":"https:\/\/up.lublin.pl\/weterynaria\/wp-json\/wp\/v2\/comments?post=146869"}],"version-history":[{"count":7,"href":"https:\/\/up.lublin.pl\/weterynaria\/wp-json\/wp\/v2\/pages\/146869\/revisions"}],"predecessor-version":[{"id":146877,"href":"https:\/\/up.lublin.pl\/weterynaria\/wp-json\/wp\/v2\/pages\/146869\/revisions\/146877"}],"up":[{"embeddable":true,"href":"https:\/\/up.lublin.pl\/weterynaria\/wp-json\/wp\/v2\/pages\/146342"}],"wp:attachment":[{"href":"https:\/\/up.lublin.pl\/weterynaria\/wp-json\/wp\/v2\/media?parent=146869"}],"curies":[{"name":"wp","href":"https:\/\/api.w.org\/{rel}","templated":true}]}}