{"id":146328,"date":"2021-07-26T10:59:04","date_gmt":"2021-07-26T08:59:04","guid":{"rendered":"https:\/\/up.lublin.pl\/weterynaria\/?page_id=146328"},"modified":"2021-07-26T11:00:11","modified_gmt":"2021-07-26T09:00:11","slug":"historia","status":"publish","type":"page","link":"https:\/\/up.lublin.pl\/weterynaria\/wydzial\/struktura-i-pracownicy\/anathist\/histologia\/historia\/","title":{"rendered":"Historia"},"content":{"rendered":"\t\t<div data-elementor-type=\"wp-page\" data-elementor-id=\"146328\" class=\"elementor elementor-146328\" data-elementor-settings=\"[]\">\n\t\t\t\t\t\t<div class=\"elementor-inner\">\n\t\t\t\t\t\t\t<div class=\"elementor-section-wrap\">\n\t\t\t\t\t\t\t<section class=\"elementor-section elementor-top-section elementor-element elementor-element-157dd01 elementor-section-boxed elementor-section-height-default elementor-section-height-default\" data-id=\"157dd01\" data-element_type=\"section\">\n\t\t\t\t\t\t<div class=\"elementor-container elementor-column-gap-default\">\n\t\t\t\t\t\t\t<div class=\"elementor-row\">\n\t\t\t\t\t<div class=\"elementor-column elementor-col-100 elementor-top-column elementor-element elementor-element-d091eaf\" data-id=\"d091eaf\" data-element_type=\"column\">\n\t\t\t<div class=\"elementor-column-wrap elementor-element-populated\">\n\t\t\t\t\t\t\t<div class=\"elementor-widget-wrap\">\n\t\t\t\t\t\t<div class=\"elementor-element elementor-element-c98eb4a elementor-widget elementor-widget-m2e\" data-id=\"c98eb4a\" data-element_type=\"widget\" data-widget_type=\"m2e.default\">\n\t\t\t\t<div class=\"elementor-widget-container\">\n\t\t\t<section class=\"mn-m2-e mn-bg-green\">\n\t<div class=\"mn-grid\">\n\t\t<div class=\"mn-grid-3 mn-introtext\">\n\t\t\t\t\t\t\t\t\t\t<h3>\n\t\t\t\t\tHistoria\t\t\t\t<\/h3>\n\t\t\t\t\t\t\t\t\t\t\t\t<\/div>\n\t\t<div class=\"mn-grid-9 mn-image-container\">\n\t\t\t\t\t<\/div>\n\t<\/div>\n\t<\/section>\n\t\t<\/div>\n\t\t\t\t<\/div>\n\t\t\t\t\t\t<\/div>\n\t\t\t\t\t<\/div>\n\t\t<\/div>\n\t\t\t\t\t\t\t\t<\/div>\n\t\t\t\t\t<\/div>\n\t\t<\/section>\n\t\t\t\t<section class=\"elementor-section elementor-top-section elementor-element elementor-element-e1d33bc elementor-section-boxed elementor-section-height-default elementor-section-height-default\" data-id=\"e1d33bc\" data-element_type=\"section\">\n\t\t\t\t\t\t<div class=\"elementor-container elementor-column-gap-default\">\n\t\t\t\t\t\t\t<div class=\"elementor-row\">\n\t\t\t\t\t<div class=\"elementor-column elementor-col-100 elementor-top-column elementor-element elementor-element-93fe515\" data-id=\"93fe515\" data-element_type=\"column\">\n\t\t\t<div class=\"elementor-column-wrap elementor-element-populated\">\n\t\t\t\t\t\t\t<div class=\"elementor-widget-wrap\">\n\t\t\t\t\t\t<div class=\"elementor-element elementor-element-165590c elementor-widget elementor-widget-m5c\" data-id=\"165590c\" data-element_type=\"widget\" data-widget_type=\"m5c.default\">\n\t\t\t\t<div class=\"elementor-widget-container\">\n\t\t\t<section class=\"mn-m5-c mn-m5-d2 mn-bg-white\">\n\t<div class=\"mn-grid\">\n\t\t\t\t<div class=\"mn-content mn-grid-9\">\n\t\t\t                <div class=\"mn-content-block active\">\n\t                                                        <div class=\"block-text\">\n\t                                        <p>Historia Zak\u0142adu datuje si\u0119 od powstania w&nbsp;1944r. Lubelskiego Wydzia\u0142u Weterynaryjnego w&nbsp;Uniwersytecie Marii Curie-Sk\u0142odowskiej. Od pocz\u0105tku istnienia Zak\u0142adu Histologii i&nbsp;Embriologii prowadzone by\u0142y zaj\u0119cia ze studentami Wydzia\u0142u Weterynaryjnego oraz Wydzia\u0142u Lekarskiego przez zast\u0119pc\u0119 profesora dr hab. Stanis\u0142awa Grzyckiego. W&nbsp;1948 r. utworzono Katedr\u0119 Histologii i&nbsp;Embriologii, kt\u00f3ra do 1952r. mie\u015bci\u0142a si\u0119 w&nbsp;Collegium Maius przy ul. Lubartowskiej. Nast\u0119pnie zosta\u0142a przeniesiona do pomieszcze\u0144 przy Al. Rac\u0142awickich, gdzie przekszta\u0142cono j\u0105 w&nbsp;Zak\u0142ad i&nbsp;w\u0142\u0105czono do Katedry Anatomii Zwierz\u0105t. Od 1957r. do chwili obecnej Zak\u0142ad Histologii i&nbsp;Embriologii znajduje si\u0119 w&nbsp;Collegium Veterinarium przy ul. Akademickiej 12. W&nbsp;1970r. wraz z&nbsp;powstaniem instytut\u00f3w, Zak\u0142ad w\u0142\u0105czono do Instytutu Anatomii Zwierz\u0105t. Przej\u015bciowo w&nbsp;latach 2000-2003 funkcjonowa\u0142 w&nbsp;Katedrze Anatomii Zwierz\u0105t, a&nbsp;od roku 2003r. Zak\u0142ad Histologii i&nbsp;Embriologii jest jednostk\u0105 naukowo-dydaktyczn\u0105 w&nbsp;Katedrze Anatomii i&nbsp;Histologii Zwierz\u0105t.<\/p>\n<p>W latach 1948-1955 kierownikiem Katedry Histologii i&nbsp;Embriologii, a&nbsp;nast\u0119pnie Zak\u0142adu by\u0142a dr Stanis\u0142awa S\u0142owikowska pocz\u0105tkowo jako zast\u0119pca profesora, a&nbsp;potem jako docent. Od 1955r. prowadzenie dydaktyki przej\u0105\u0142 adiunkt dr Marek Wawrzyniak, absolwent Wydzia\u0142u Weterynaryjnego. W&nbsp;1960 r. uzyska\u0142 stopie\u0144 docenta i&nbsp;od pa\u017adziernika 1961 r. obj\u0105\u0142 funkcj\u0119 kierownika Zak\u0142adu. W&nbsp;1968r. uzyska\u0142 tytu\u0142 profesora nadzwyczajnego, a&nbsp;w roku 1977 tytu\u0142 profesora zwyczajnego. Funkcje kierownika Zak\u0142adu sprawowa\u0142 do sierpnia 1985 r.. Po \u015bmierci prof. dr hab. Marka Wawrzyniaka na stanowisko kierownika Zak\u0142adu powo\u0142ano doc. dr hab. Regin\u0119 Cybulsk\u0105 absolwentk\u0119 i&nbsp;doktorantk\u0119 Wydzia\u0142u Weterynaryjnego. Funkcj\u0119 t\u0105 sprawowa\u0142a do 31 sierpnia 2009r., po czym przesz\u0142a na emerytur\u0119. Od 1 wrze\u015bnia 2009r. kierownictwo Zak\u0142adu obj\u0119\u0142a absolwentka lubelskiego Wydzia\u0142u Weterynaryjnego, prof. dr hab. Jadwiga Jaworska-Adamu. Od 1 pa\u017adziernika 2013r. obj\u0119\u0142a kierownictwo Katedry Anatomii i&nbsp;Histologii Zwierz\u0105t.<\/p>\n<p>Nauczycielami akademickimi w&nbsp;Zak\u0142adzie Histologii i&nbsp;Embriologii byli:<br \/>prof. dr Stanis\u0142aw Grzycki, dr Tadeusz Wi\u015bniewski, dr Boles\u0142aw Goller, dr Stefan Kossakowski, lek. wet. Hieronim Kita, lek. wet. Danuta Bobkiewicz, lek. wet. J\u00f3zef Flis, lek. wet. Aleksander Wojtaszek, dr Tamara Majstruk-Majewska, mgr Krystyna Radymska-Wawrzyniak, mgr Marian Niespodziewa\u0144ski, mgr Maria Chudziak, lek. wet. Stanis\u0142aw Krzy\u017canowski, lek. wet. Marek Mucha, lek. wet. Tomasz Korze\u0144, lek. wet. Witold Cybulski, prof. dr hab. Marek Wawrzyniak, prof. dr hab. Regina Cybulska, dr hab. Agata Wawrzyniak. Na stanowiskach in\u017cynieryjno-technicznych pracowali: in\u017c. Irena Krzy\u017canowska, mgr Zofia Rzeszowska, mgr Teresa Grabowska, Halina Kowalska, mgr Janina Dul\u0119ba, lek. wet. Teresa D\u0142u\u017cniewska, lek. wet. Ma\u0142gorzata Kalinowska, Danuta S\u0142otwi\u0144ska, lek. wet. Izabela Krawczyk, mgr Ma\u0142gorzata Stola.<\/p>\n<p>Kierunek badawczy Zak\u0142adu dotyczy\u0142 g\u0142\u00f3wnie rozwoju, budowy, histochemii i&nbsp;cytochemii uk\u0142adu nerwowego zwierz\u0105t. Wykonano tak\u017ce cykl bada\u0144 nad wp\u0142ywem niekt\u00f3rych antybiotyk\u00f3w podawanych w&nbsp;celach \u017cywieniowych i&nbsp;terapeutycznych na b\u0142on\u0119 \u015bluzow\u0105 jelita kurcz\u0105t. Profil badawczy wytyczony przez prof. dr hab. Marka Wawrzyniaka zosta\u0142 rozszerzony przez prof. dr hab. Regin\u0119 Cybulsk\u0105 o&nbsp;badania neurogleju, kt\u00f3ry strukturalnie i&nbsp;czynno\u015bciowo zwi\u0105zany jest z&nbsp;o\u015brodkowym i&nbsp;obwodowym uk\u0142adem nerwowym. Obecnie prace s\u0105 kontynuowane i&nbsp;poszerzane o&nbsp;nowoczesne metody immunocytochemiczne i&nbsp;immunofluorescencyjne.<\/p>\n<p><!-- content --><\/p>\n                                        <\/div>\n\t\t\t\t\t\t                                <\/div>\n\t\t\t\t                <div class=\"mn-content-block\">\n\t                                <\/div>\n\t\t\t\t                <div class=\"mn-content-block\">\n\t                                <\/div>\n\t\t\t\t                <div class=\"mn-content-block\">\n\t                                <\/div>\n\t\t\t\t                <div class=\"mn-content-block\">\n\t                                <\/div>\n\t\t\t\t                <div class=\"mn-content-block\">\n\t                                <\/div>\n\t\t\t\t                <div class=\"mn-content-block\">\n\t                                <\/div>\n\t\t\t\t                <div class=\"mn-content-block\">\n\t                                <\/div>\n\t\t\t\t                <div class=\"mn-content-block\">\n\t                                <\/div>\n\t\t\t\t                <div class=\"mn-content-block\">\n\t                                <\/div>\n\t\t\t\t                <div class=\"mn-content-block\">\n\t                                <\/div>\n\t\t\t\t                <div class=\"mn-content-block\">\n\t                                <\/div>\n\t\t\t\t                <div class=\"mn-content-block\">\n\t                                <\/div>\n\t\t\t\t                <div class=\"mn-content-block\">\n\t                                <\/div>\n\t\t\t\t                <div class=\"mn-content-block\">\n\t                                <\/div>\n\t\t\t\t                <div class=\"mn-content-block\">\n\t                                <\/div>\n\t\t\t\t                <div class=\"mn-content-block\">\n\t                                <\/div>\n\t\t\t\t                <div class=\"mn-content-block\">\n\t                                <\/div>\n\t\t\t\t                <div class=\"mn-content-block\">\n\t                                <\/div>\n\t\t\t\t                <div class=\"mn-content-block\">\n\t                                <\/div>\n\t\t\t\t\t\t<\/div>\n\t<\/div>\n<\/section>\n\t\t<\/div>\n\t\t\t\t<\/div>\n\t\t\t\t\t\t<\/div>\n\t\t\t\t\t<\/div>\n\t\t<\/div>\n\t\t\t\t\t\t\t\t<\/div>\n\t\t\t\t\t<\/div>\n\t\t<\/section>\n\t\t\t\t\t\t<\/div>\n\t\t\t\t\t\t<\/div>\n\t\t\t\t\t<\/div>\n\t\t","protected":false},"excerpt":{"rendered":"<p>Historia UP Wydzia\u0142 Medycyny Weterynaryjnej Historia Zak\u0142adu datuje si\u0119 od powstania w&nbsp;1944r. Lubelskiego Wydzia\u0142u Weterynaryjnego w&nbsp;Uniwersytecie Marii Curie-Sk\u0142odowskiej. Od pocz\u0105tku istnienia Zak\u0142adu Histologii i&nbsp;Embriologii prowadzone by\u0142y zaj\u0119cia ze studentami Wydzia\u0142u Weterynaryjnego oraz Wydzia\u0142u Lekarskiego przez zast\u0119pc\u0119 profesora dr hab. Stanis\u0142awa Grzyckiego. W&nbsp;1948 r. utworzono Katedr\u0119 Histologii i&nbsp;Embriologii, kt\u00f3ra do 1952r. mie\u015bci\u0142a si\u0119 w&nbsp;Collegium Maius przy [&hellip;]<\/p>\n","protected":false},"author":2,"featured_media":0,"parent":146314,"menu_order":0,"comment_status":"closed","ping_status":"closed","template":"elementor_header_footer","meta":{"_monsterinsights_skip_tracking":false,"_monsterinsights_sitenote_active":false,"_monsterinsights_sitenote_note":"","_monsterinsights_sitenote_category":0},"_links":{"self":[{"href":"https:\/\/up.lublin.pl\/weterynaria\/wp-json\/wp\/v2\/pages\/146328"}],"collection":[{"href":"https:\/\/up.lublin.pl\/weterynaria\/wp-json\/wp\/v2\/pages"}],"about":[{"href":"https:\/\/up.lublin.pl\/weterynaria\/wp-json\/wp\/v2\/types\/page"}],"author":[{"embeddable":true,"href":"https:\/\/up.lublin.pl\/weterynaria\/wp-json\/wp\/v2\/users\/2"}],"replies":[{"embeddable":true,"href":"https:\/\/up.lublin.pl\/weterynaria\/wp-json\/wp\/v2\/comments?post=146328"}],"version-history":[{"count":4,"href":"https:\/\/up.lublin.pl\/weterynaria\/wp-json\/wp\/v2\/pages\/146328\/revisions"}],"predecessor-version":[{"id":146332,"href":"https:\/\/up.lublin.pl\/weterynaria\/wp-json\/wp\/v2\/pages\/146328\/revisions\/146332"}],"up":[{"embeddable":true,"href":"https:\/\/up.lublin.pl\/weterynaria\/wp-json\/wp\/v2\/pages\/146314"}],"wp:attachment":[{"href":"https:\/\/up.lublin.pl\/weterynaria\/wp-json\/wp\/v2\/media?parent=146328"}],"curies":[{"name":"wp","href":"https:\/\/api.w.org\/{rel}","templated":true}]}}