{"id":146319,"date":"2021-07-26T10:16:54","date_gmt":"2021-07-26T08:16:54","guid":{"rendered":"https:\/\/up.lublin.pl\/weterynaria\/?page_id=146319"},"modified":"2021-07-26T10:49:37","modified_gmt":"2021-07-26T08:49:37","slug":"badania","status":"publish","type":"page","link":"https:\/\/up.lublin.pl\/weterynaria\/wydzial\/struktura-i-pracownicy\/anathist\/histologia\/badania\/","title":{"rendered":"Badania"},"content":{"rendered":"\t\t<div data-elementor-type=\"wp-page\" data-elementor-id=\"146319\" class=\"elementor elementor-146319\" data-elementor-settings=\"[]\">\n\t\t\t\t\t\t<div class=\"elementor-inner\">\n\t\t\t\t\t\t\t<div class=\"elementor-section-wrap\">\n\t\t\t\t\t\t\t<section class=\"elementor-section elementor-top-section elementor-element elementor-element-1478be6 elementor-section-boxed elementor-section-height-default elementor-section-height-default\" data-id=\"1478be6\" data-element_type=\"section\">\n\t\t\t\t\t\t<div class=\"elementor-container elementor-column-gap-default\">\n\t\t\t\t\t\t\t<div class=\"elementor-row\">\n\t\t\t\t\t<div class=\"elementor-column elementor-col-100 elementor-top-column elementor-element elementor-element-e71f3f2\" data-id=\"e71f3f2\" data-element_type=\"column\">\n\t\t\t<div class=\"elementor-column-wrap elementor-element-populated\">\n\t\t\t\t\t\t\t<div class=\"elementor-widget-wrap\">\n\t\t\t\t\t\t<div class=\"elementor-element elementor-element-84714ae elementor-widget elementor-widget-m2e\" data-id=\"84714ae\" data-element_type=\"widget\" data-widget_type=\"m2e.default\">\n\t\t\t\t<div class=\"elementor-widget-container\">\n\t\t\t<section class=\"mn-m2-e mn-bg-green\">\n\t<div class=\"mn-grid\">\n\t\t<div class=\"mn-grid-3 mn-introtext\">\n\t\t\t\t\t\t\t\t\t\t<h3>\n\t\t\t\t\tBadania\t\t\t\t<\/h3>\n\t\t\t\t\t\t\t\t\t\t\t\t<\/div>\n\t\t<div class=\"mn-grid-9 mn-image-container\">\n\t\t\t\t\t<\/div>\n\t<\/div>\n\t<\/section>\n\t\t<\/div>\n\t\t\t\t<\/div>\n\t\t\t\t\t\t<\/div>\n\t\t\t\t\t<\/div>\n\t\t<\/div>\n\t\t\t\t\t\t\t\t<\/div>\n\t\t\t\t\t<\/div>\n\t\t<\/section>\n\t\t\t\t<section class=\"elementor-section elementor-top-section elementor-element elementor-element-4a67f18 elementor-section-boxed elementor-section-height-default elementor-section-height-default\" data-id=\"4a67f18\" data-element_type=\"section\">\n\t\t\t\t\t\t<div class=\"elementor-container elementor-column-gap-default\">\n\t\t\t\t\t\t\t<div class=\"elementor-row\">\n\t\t\t\t\t<div class=\"elementor-column elementor-col-100 elementor-top-column elementor-element elementor-element-bfdb626\" data-id=\"bfdb626\" data-element_type=\"column\">\n\t\t\t<div class=\"elementor-column-wrap elementor-element-populated\">\n\t\t\t\t\t\t\t<div class=\"elementor-widget-wrap\">\n\t\t\t\t\t\t<div class=\"elementor-element elementor-element-33bf6ba elementor-widget elementor-widget-m5c\" data-id=\"33bf6ba\" data-element_type=\"widget\" data-widget_type=\"m5c.default\">\n\t\t\t\t<div class=\"elementor-widget-container\">\n\t\t\t<section class=\"mn-m5-c mn-m5-d2 mn-bg-white\">\n\t<div class=\"mn-grid\">\n\t\t\t\t<div class=\"mn-content mn-grid-9\">\n\t\t\t                <div class=\"mn-content-block active\">\n\t                                                        <div class=\"block-text\">\n\t                                        <p>Badania naukowe w&nbsp;Zak\u0142adzie Histologii i&nbsp;Embriologii dotycz\u0105 rozwoju, budowy, histochemii, cytochemii, immunohistochemii struktur uk\u0142adu nerwowego zwierz\u0105t. G\u0142\u00f3wnie prowadzone s\u0105 analizy neurogleju czynno\u015bciowo zwi\u0105zanego z&nbsp;uk\u0142adem nerwowym oraz neuron\u00f3w. Badania koncentruj\u0105 si\u0119 na:<\/p>\n<ul>\n<li>roli neuroprotekcyjnej gleju satelitarnego zwoj\u00f3w kr\u0119gowych,<\/li>\n<li>ujawnieniu zmienno\u015bci morfologicznej i&nbsp;czynno\u015bciowej astrogleju pod wp\u0142ywem hormon\u00f3w gonadalnych w&nbsp;cyklu rujowym zwierz\u0105t,<\/li>\n<li>dystrybucji neuron\u00f3w immunopozytywnych dla wybranych bia\u0142ek wi\u0105\u017c\u0105cych wap\u0144 w&nbsp;m\u00f3zgowiu szynszyli ma\u0142ej,<\/li>\n<li>protekcyjnym wp\u0142ywie lipopolisacharydu na neurony i&nbsp;astrocyty hipokampa\u00a0 w&nbsp;do\u015bwiadczalnym modelu epilepsji,<\/li>\n<li>lokalizacji oligodendrocyt\u00f3w w&nbsp;obszarach s\u0142abo zmielinizowanych m\u00f3zgowia w&nbsp;rozwoju postnatalnym zwierz\u0105t do\u015bwiadczalnych,<\/li>\n<li>zmienno\u015bci astrogleju immunopozytywnego dla wybranych bia\u0142ek obszar\u00f3w o\u015brodkowego uk\u0142adu nerwowego w&nbsp;r\u00f3\u017cnych etapach ontogenezy postnatalnej,<\/li>\n<li>reaktywno\u015bci neuron\u00f3w i&nbsp;gleju o\u015brodkowego oraz obwodowego uk\u0142adu nerwowego pod wp\u0142ywem egzogennych substancji w&nbsp;r\u00f3\u017cnych grupach wiekowych zwierz\u0105t,<\/li>\n<li>wp\u0142ywie prenatalnego programowania rozwoju postnatalnego na morfologi\u0119 struktur m\u00f3zgowia myszy.<\/li>\n<\/ul>\n                                        <\/div>\n\t\t\t\t\t\t                                <\/div>\n\t\t\t\t                <div class=\"mn-content-block\">\n\t                                <\/div>\n\t\t\t\t                <div class=\"mn-content-block\">\n\t                                <\/div>\n\t\t\t\t                <div class=\"mn-content-block\">\n\t                                <\/div>\n\t\t\t\t                <div class=\"mn-content-block\">\n\t                                <\/div>\n\t\t\t\t                <div class=\"mn-content-block\">\n\t                                <\/div>\n\t\t\t\t                <div class=\"mn-content-block\">\n\t                                <\/div>\n\t\t\t\t                <div class=\"mn-content-block\">\n\t                                <\/div>\n\t\t\t\t                <div class=\"mn-content-block\">\n\t                                <\/div>\n\t\t\t\t                <div class=\"mn-content-block\">\n\t                                <\/div>\n\t\t\t\t                <div class=\"mn-content-block\">\n\t                                <\/div>\n\t\t\t\t                <div class=\"mn-content-block\">\n\t                                <\/div>\n\t\t\t\t                <div class=\"mn-content-block\">\n\t                                <\/div>\n\t\t\t\t                <div class=\"mn-content-block\">\n\t                                <\/div>\n\t\t\t\t                <div class=\"mn-content-block\">\n\t                                <\/div>\n\t\t\t\t                <div class=\"mn-content-block\">\n\t                                <\/div>\n\t\t\t\t                <div class=\"mn-content-block\">\n\t                                <\/div>\n\t\t\t\t                <div class=\"mn-content-block\">\n\t                                <\/div>\n\t\t\t\t                <div class=\"mn-content-block\">\n\t                                <\/div>\n\t\t\t\t                <div class=\"mn-content-block\">\n\t                                <\/div>\n\t\t\t\t\t\t<\/div>\n\t<\/div>\n<\/section>\n\t\t<\/div>\n\t\t\t\t<\/div>\n\t\t\t\t\t\t<\/div>\n\t\t\t\t\t<\/div>\n\t\t<\/div>\n\t\t\t\t\t\t\t\t<\/div>\n\t\t\t\t\t<\/div>\n\t\t<\/section>\n\t\t\t\t\t\t<\/div>\n\t\t\t\t\t\t<\/div>\n\t\t\t\t\t<\/div>\n\t\t","protected":false},"excerpt":{"rendered":"<p>Badania UP Wydzia\u0142 Medycyny Weterynaryjnej Badania naukowe w&nbsp;Zak\u0142adzie Histologii i&nbsp;Embriologii dotycz\u0105 rozwoju, budowy, histochemii, cytochemii, immunohistochemii struktur uk\u0142adu nerwowego zwierz\u0105t. G\u0142\u00f3wnie prowadzone s\u0105 analizy neurogleju czynno\u015bciowo zwi\u0105zanego z&nbsp;uk\u0142adem nerwowym oraz neuron\u00f3w. Badania koncentruj\u0105 si\u0119 na: roli neuroprotekcyjnej gleju satelitarnego zwoj\u00f3w kr\u0119gowych, ujawnieniu zmienno\u015bci morfologicznej i&nbsp;czynno\u015bciowej astrogleju pod wp\u0142ywem hormon\u00f3w gonadalnych w&nbsp;cyklu rujowym zwierz\u0105t, dystrybucji neuron\u00f3w [&hellip;]<\/p>\n","protected":false},"author":2,"featured_media":0,"parent":146314,"menu_order":0,"comment_status":"closed","ping_status":"closed","template":"elementor_header_footer","meta":{"_monsterinsights_skip_tracking":false,"_monsterinsights_sitenote_active":false,"_monsterinsights_sitenote_note":"","_monsterinsights_sitenote_category":0},"_links":{"self":[{"href":"https:\/\/up.lublin.pl\/weterynaria\/wp-json\/wp\/v2\/pages\/146319"}],"collection":[{"href":"https:\/\/up.lublin.pl\/weterynaria\/wp-json\/wp\/v2\/pages"}],"about":[{"href":"https:\/\/up.lublin.pl\/weterynaria\/wp-json\/wp\/v2\/types\/page"}],"author":[{"embeddable":true,"href":"https:\/\/up.lublin.pl\/weterynaria\/wp-json\/wp\/v2\/users\/2"}],"replies":[{"embeddable":true,"href":"https:\/\/up.lublin.pl\/weterynaria\/wp-json\/wp\/v2\/comments?post=146319"}],"version-history":[{"count":4,"href":"https:\/\/up.lublin.pl\/weterynaria\/wp-json\/wp\/v2\/pages\/146319\/revisions"}],"predecessor-version":[{"id":146327,"href":"https:\/\/up.lublin.pl\/weterynaria\/wp-json\/wp\/v2\/pages\/146319\/revisions\/146327"}],"up":[{"embeddable":true,"href":"https:\/\/up.lublin.pl\/weterynaria\/wp-json\/wp\/v2\/pages\/146314"}],"wp:attachment":[{"href":"https:\/\/up.lublin.pl\/weterynaria\/wp-json\/wp\/v2\/media?parent=146319"}],"curies":[{"name":"wp","href":"https:\/\/api.w.org\/{rel}","templated":true}]}}