{"id":146309,"date":"2021-07-26T10:13:12","date_gmt":"2021-07-26T08:13:12","guid":{"rendered":"https:\/\/up.lublin.pl\/weterynaria\/?page_id=146309"},"modified":"2024-09-09T21:13:30","modified_gmt":"2024-09-09T19:13:30","slug":"anathist","status":"publish","type":"page","link":"https:\/\/up.lublin.pl\/weterynaria\/wydzial\/struktura-i-pracownicy\/anathist\/","title":{"rendered":"Katedra Anatomii i Histologii Zwierz\u0105t"},"content":{"rendered":"<section>\n<h3>\n                     Katedra Anatomii i&nbsp;Histologii Zwierz\u0105t<\/h3>\n<ul>\n<li>\n                    <a href=\"http:\/\/up.lublin.pl\/\">UP<\/a><\/li>\n<li>\n\t\t\t\t\t\t<a href=\"https:\/\/up.lublin.pl\/weterynaria\/\">Wydzia\u0142 Medycyny Weterynaryjnej<\/a><\/li>\n<\/ul>\n<p><a href=\"\" target=\"_blank\" rel=\"noopener\"><br \/>\n<img src=\"https:\/\/up.lublin.pl\/weterynaria\/wp-content\/themes\/up-lublin\/assets\/images\/.svg\" alt=\"\"><br \/>\n<\/a><br \/>\n<\/section>\n<section>\n<h3>Zak\u0142ad Anatomii Zwierz\u0105t<\/h3>\n<p><a href=\"https:\/\/up.lublin.pl\/weterynaria\/wydzial\/struktura-i-pracownicy\/anathist\/anatomia-zwierzat\/\">Zobacz wi\u0119cej<\/a><\/p>\n<h3>Zak\u0142ad Histologii i&nbsp;Embriologii<\/h3>\n<p><a href=\"https:\/\/up.lublin.pl\/weterynaria\/wydzial\/struktura-i-pracownicy\/anathist\/histologia\/\">Zobacz wi\u0119cej<\/a><br \/>\n<\/section>\n","protected":false},"excerpt":{"rendered":"<p>Katedra Anatomii i&nbsp;Histologii Zwierz\u0105t UP Wydzia\u0142 Medycyny Weterynaryjnej Zak\u0142ad Anatomii Zwierz\u0105t Zobacz wi\u0119cej Zak\u0142ad Histologii i&nbsp;Embriologii Zobacz wi\u0119cej<\/p>\n","protected":false},"author":2,"featured_media":0,"parent":317,"menu_order":0,"comment_status":"closed","ping_status":"closed","template":"elementor_header_footer","meta":{"_monsterinsights_skip_tracking":false,"_monsterinsights_sitenote_active":false,"_monsterinsights_sitenote_note":"","_monsterinsights_sitenote_category":0},"_links":{"self":[{"href":"https:\/\/up.lublin.pl\/weterynaria\/wp-json\/wp\/v2\/pages\/146309"}],"collection":[{"href":"https:\/\/up.lublin.pl\/weterynaria\/wp-json\/wp\/v2\/pages"}],"about":[{"href":"https:\/\/up.lublin.pl\/weterynaria\/wp-json\/wp\/v2\/types\/page"}],"author":[{"embeddable":true,"href":"https:\/\/up.lublin.pl\/weterynaria\/wp-json\/wp\/v2\/users\/2"}],"replies":[{"embeddable":true,"href":"https:\/\/up.lublin.pl\/weterynaria\/wp-json\/wp\/v2\/comments?post=146309"}],"version-history":[{"count":11,"href":"https:\/\/up.lublin.pl\/weterynaria\/wp-json\/wp\/v2\/pages\/146309\/revisions"}],"predecessor-version":[{"id":161508,"href":"https:\/\/up.lublin.pl\/weterynaria\/wp-json\/wp\/v2\/pages\/146309\/revisions\/161508"}],"up":[{"embeddable":true,"href":"https:\/\/up.lublin.pl\/weterynaria\/wp-json\/wp\/v2\/pages\/317"}],"wp:attachment":[{"href":"https:\/\/up.lublin.pl\/weterynaria\/wp-json\/wp\/v2\/media?parent=146309"}],"curies":[{"name":"wp","href":"https:\/\/api.w.org\/{rel}","templated":true}]}}