{"id":144167,"date":"2021-06-21T08:42:28","date_gmt":"2021-06-21T06:42:28","guid":{"rendered":"https:\/\/up.lublin.pl\/weterynaria\/?page_id=144167"},"modified":"2024-06-04T14:20:08","modified_gmt":"2024-06-04T12:20:08","slug":"katedra-patomorfologii-i-weterynarii-sadowej","status":"publish","type":"page","link":"https:\/\/up.lublin.pl\/weterynaria\/wydzial\/struktura-i-pracownicy\/katedra-patomorfologii-i-weterynarii-sadowej\/","title":{"rendered":"Katedra Patomorfologii i Weterynarii S\u0105dowej"},"content":{"rendered":"\t\t<div data-elementor-type=\"wp-page\" data-elementor-id=\"144167\" class=\"elementor elementor-144167\" data-elementor-settings=\"[]\">\n\t\t\t\t\t\t<div class=\"elementor-inner\">\n\t\t\t\t\t\t\t<div class=\"elementor-section-wrap\">\n\t\t\t\t\t\t\t<section class=\"elementor-section elementor-top-section elementor-element elementor-element-cb92a2f elementor-section-boxed elementor-section-height-default elementor-section-height-default\" data-id=\"cb92a2f\" data-element_type=\"section\">\n\t\t\t\t\t\t<div class=\"elementor-container elementor-column-gap-default\">\n\t\t\t\t\t\t\t<div class=\"elementor-row\">\n\t\t\t\t\t<div class=\"elementor-column elementor-col-100 elementor-top-column elementor-element elementor-element-b5edda3\" data-id=\"b5edda3\" data-element_type=\"column\">\n\t\t\t<div class=\"elementor-column-wrap elementor-element-populated\">\n\t\t\t\t\t\t\t<div class=\"elementor-widget-wrap\">\n\t\t\t\t\t\t<div class=\"elementor-element elementor-element-f26a726 elementor-widget elementor-widget-m2k\" data-id=\"f26a726\" data-element_type=\"widget\" data-widget_type=\"m2k.default\">\n\t\t\t\t<div class=\"elementor-widget-container\">\n\t\t\t<section class=\"mn-m2-d mn-bg-green\">\n    <div class=\"mn-grid\">\n        <div class=\"mn-grid-12 mn-introtext\">\n                            <h3>\n                    Katedra Patomorfologii i&nbsp;Weterynarii S\u0105dowej                <\/h3>\n                        <\/div>\n    <\/div>\n    <\/section>\n\t\t<\/div>\n\t\t\t\t<\/div>\n\t\t\t\t\t\t<\/div>\n\t\t\t\t\t<\/div>\n\t\t<\/div>\n\t\t\t\t\t\t\t\t<\/div>\n\t\t\t\t\t<\/div>\n\t\t<\/section>\n\t\t\t\t<section class=\"elementor-section elementor-top-section elementor-element elementor-element-febc566 elementor-section-boxed elementor-section-height-default elementor-section-height-default\" data-id=\"febc566\" data-element_type=\"section\">\n\t\t\t\t\t\t<div class=\"elementor-container elementor-column-gap-default\">\n\t\t\t\t\t\t\t<div class=\"elementor-row\">\n\t\t\t\t\t<div class=\"elementor-column elementor-col-100 elementor-top-column elementor-element elementor-element-476d533\" data-id=\"476d533\" data-element_type=\"column\">\n\t\t\t<div class=\"elementor-column-wrap elementor-element-populated\">\n\t\t\t\t\t\t\t<div class=\"elementor-widget-wrap\">\n\t\t\t\t\t\t<div class=\"elementor-element elementor-element-7fee5a3 elementor-widget elementor-widget-m5c\" data-id=\"7fee5a3\" data-element_type=\"widget\" data-widget_type=\"m5c.default\">\n\t\t\t\t<div class=\"elementor-widget-container\">\n\t\t\t<section class=\"mn-m5-c mn-bg-white\">\n\t<div class=\"mn-grid\">\n\t\t            <div class=\"mn-menu-container mn-grid-3\">\n                <ul class=\"mn-bg-yellow\">\n\t                                        <li>\n                            <a href=\"#\" class=\"active\" data-hash=\"#dydaktyka\">\n                                Dydaktyka                            <\/a>\n                        <\/li>\n                                                <li>\n                            <a href=\"#\" class=\"\" data-hash=\"#badania\">\n                                Badania                            <\/a>\n                        <\/li>\n                                                <li>\n                            <a href=\"#\" class=\"\" data-hash=\"#uslugi\">\n                                Us\u0142ugi                            <\/a>\n                        <\/li>\n                                        <\/ul>\n            <\/div>\n\t        \t\t<div class=\"mn-content mn-grid-8\">\n\t\t\t                <div class=\"mn-content-block active\">\n\t                                                        <div class=\"block-text\">\n\t                                        <p>Przedmioty dydaktyczne:<\/p>\n<ul>\n<li>patomorfologia,<\/li>\n<li>weterynaria s\u0105dowa,<\/li>\n<\/ul>\n<p><a href=\"https:\/\/get.google.com\/albumarchive\/pwa\/anatomia.patologiczna\/PreparatyHistopatologiczneWiczenia\"><img loading=\"lazy\" class=\"wp-image-144169 size-full alignnone\" src=\"https:\/\/up.lublin.pl\/weterynaria\/wp-content\/uploads\/sites\/3\/2021\/06\/histopatologia_foto.jpg\" alt=\"\" width=\"152\" height=\"153\" \/><\/a><\/p>\n                                        <\/div>\n\t\t\t\t\t\t                                                        <div class=\"block-text\">\n\t                                        <p><b>Do pobrania<\/b>:<\/p>\n                                        <\/div>\n\t\t\t\t\t\t                                                        <div class=\"mn-cards-list\">\n                                            <div class=\"mn-card-container\">\n                                                <div>\n                                                    <img src=\"https:\/\/up.lublin.pl\/weterynaria\/wp-content\/themes\/up-lublin\/assets\/images\/doc-ico.svg\" alt=\"\" \/>\n                                                    <h5>Protok\u00f3\u0142 sekcji - formularz dla student\u00f3w<\/h5>\n                                                <\/div>\n                                                <a href=\"https:\/\/up.lublin.pl\/weterynaria\/wp-content\/uploads\/sites\/3\/2024\/03\/PROTOKOL-SEKCJI-formularz-dla-studentow-2024-3.pdf\" class=\"mn-more\" target=\"_blank\">Zobacz<\/a>\n                                            <\/div>\n                                        <\/div>\n\t\t\t\t\t\t                                                        <div class=\"mn-cards-list\">\n                                            <div class=\"mn-card-container\">\n                                                <div>\n                                                    <img src=\"https:\/\/up.lublin.pl\/weterynaria\/wp-content\/themes\/up-lublin\/assets\/images\/doc-ico.svg\" alt=\"\" \/>\n                                                    <h5>wykaz chor\u00f3b zaka\u017anych<\/h5>\n                                                <\/div>\n                                                <a href=\"https:\/\/up.lublin.pl\/weterynaria\/wp-content\/uploads\/sites\/3\/2021\/06\/wykaz_chorob_zakaznych_2018-19.pdf\" class=\"mn-more\" target=\"_blank\">Zobacz<\/a>\n                                            <\/div>\n                                        <\/div>\n\t\t\t\t\t\t                                                        <div class=\"mn-cards-list\">\n                                            <div class=\"mn-card-container\">\n                                                <div>\n                                                    <img src=\"https:\/\/up.lublin.pl\/weterynaria\/wp-content\/themes\/up-lublin\/assets\/images\/doc-ico.svg\" alt=\"\" \/>\n                                                    <h5>galeria 1<\/h5>\n                                                <\/div>\n                                                <a href=\"https:\/\/up.lublin.pl\/weterynaria\/wp-content\/uploads\/sites\/3\/2021\/06\/galeria-1.zip\" class=\"mn-more\" target=\"_blank\">Zobacz<\/a>\n                                            <\/div>\n                                        <\/div>\n\t\t\t\t\t\t                                                        <div class=\"mn-cards-list\">\n                                            <div class=\"mn-card-container\">\n                                                <div>\n                                                    <img src=\"https:\/\/up.lublin.pl\/weterynaria\/wp-content\/themes\/up-lublin\/assets\/images\/doc-ico.svg\" alt=\"\" \/>\n                                                    <h5>galeria 2<\/h5>\n                                                <\/div>\n                                                <a href=\"https:\/\/up.lublin.pl\/weterynaria\/wp-content\/uploads\/sites\/3\/2021\/06\/galeria-2.zip\" class=\"mn-more\" target=\"_blank\">Zobacz<\/a>\n                                            <\/div>\n                                        <\/div>\n\t\t\t\t\t\t                                                        <div class=\"block-text\">\n\t                                        <p><strong>Przydatne\u00a0linki:<\/strong><\/p>\n<p><a href=\"http:\/\/veterinariavirtual.uab.es\/archivopatologia\/index.php\" target=\"_blank\" rel=\"noopener\">http:\/\/veterinariavirtual.uab.es\/archivopatologia\/index.php<\/a><\/p>\n<div class=\"other-over-container\">\n<div class=\"other-container\">\n<blockquote class=\"wp-embedded-content\" data-secret=\"753W55Fcw4\"><p><a href=\"https:\/\/davisthompsonfoundation.org\/noahs-arkive\/\">Noah&#8217;s Arkive<\/a><\/p><\/blockquote>\n<p><iframe class=\"wp-embedded-content\" sandbox=\"allow-scripts\" security=\"restricted\" style=\"position: absolute; clip: rect(1px, 1px, 1px, 1px);\" title=\"&#8220;Noah&#8217;s Arkive&#8221; &#8212; The Davis-Thompson Foundation\" src=\"https:\/\/davisthompsonfoundation.org\/noahs-arkive\/embed\/#?secret=753W55Fcw4\" data-secret=\"753W55Fcw4\" width=\"500\" height=\"282\" frameborder=\"0\" marginwidth=\"0\" marginheight=\"0\" scrolling=\"no\"><\/iframe><\/div>\n<\/div>\n                                        <\/div>\n\t\t\t\t\t\t                                <\/div>\n\t\t\t\t                <div class=\"mn-content-block\">\n\t                                                        <div class=\"block-text\">\n\t                                        <p><strong>G\u0142\u00f3wne kierunki bada\u0144 <\/strong><\/p>\n<p>Diagnostyka anatomo i&nbsp;histopatologiczna schorze\u0144 zaka\u017anych, zatrucia u&nbsp;zwierz\u0105t, diagnostyka samoistnych nowotwor\u00f3w u&nbsp;zwierz\u0105t.<\/p>\n<p><strong>Osi\u0105gni\u0119cia <\/strong><\/p>\n<p>Katedra Anatomii Patologicznej prowadzi\u0142a badania patomorfologiczne z&nbsp;zakresu samoistnej arteriosklerozy naczy\u0144 u&nbsp;zwierz\u0105t oraz badania na temat stresu. Obecnie realizowany jest program bada\u0144 do\u015bwiadczalnych z&nbsp;zakresu patomorfologii zatru\u0107, z&nbsp;uwzgl\u0119dnieniem metali ci\u0119\u017ckich (rt\u0119\u0107, o\u0142\u00f3w, kadm), z&nbsp;zastosowaniem metod histopatologicznych, histochemicznych i&nbsp;ultrastrukturalnych. Przeprowadzone badania wykaza\u0142y toksyczne dzia\u0142anie wymienionych metali na narz\u0105dy mi\u0105\u017cszowe (w\u0105troba, nerki) i&nbsp;tkank\u0119 rozrodcz\u0105 badanych zwierz\u0105t. W&nbsp;zakresie onkologii dokonano w&nbsp;oparciu o&nbsp;obowi\u0105zuj\u0105c\u0105 klasyfikacj\u0119 WHO oceny patomorfologicznej samoistnych nowotwor\u00f3w u&nbsp;ps\u00f3w.<\/p>\n<p>Opracowano podr\u0119czniki anatomii patologicznej og\u00f3lnej i&nbsp;szczeg\u00f3\u0142owej zwierz\u0105t dla student\u00f3w i&nbsp;lekarzy weterynarii.<\/p>\n<p>W ramach Katedry Anatomii Patologicznej prowadzona jest dzia\u0142alno\u015b\u0107 us\u0142ugowa obejmuj\u0105ca diagnostyk\u0119 sekcyjn\u0105 i&nbsp;histopatologiczn\u0105.<\/p>\n                                        <\/div>\n\t\t\t\t\t\t                                <\/div>\n\t\t\t\t                <div class=\"mn-content-block\">\n\t                                                        <div class=\"mn-cards-list\">\n                                            <div class=\"mn-card-container\">\n                                                <div>\n                                                    <img src=\"https:\/\/up.lublin.pl\/weterynaria\/wp-content\/themes\/up-lublin\/assets\/images\/doc-ico.svg\" alt=\"\" \/>\n                                                    <h5>Informacja dotycz\u0105ca post\u0119powania ze zw\u0142okami zwierz\u0105t przed przekazaniem ich do Zak\u0142adu<\/h5>\n                                                <\/div>\n                                                <a href=\"https:\/\/up.lublin.pl\/weterynaria\/wp-content\/uploads\/sites\/3\/2024\/03\/Informacja-dotyczaca-postepowaniaze-zwlokami-zwierzat.pdf\" class=\"mn-more\" target=\"_blank\">Zobacz<\/a>\n                                            <\/div>\n                                        <\/div>\n\t\t\t\t\t\t                                                        <div class=\"block-text\">\n\t                                        <h1 style=\"text-align: left\">Dokumenty do pobrania zwi\u0105zane z&nbsp;prowadzon\u0105 dzia\u0142alno\u015bci\u0105 us\u0142ugowo-badawcz\u0105 Zak\u0142adu oraz zwi\u0105zane z&nbsp;przekazaniem zw\u0142ok zwierz\u0105t do Zak\u0142adu:<\/h1>\n                                        <\/div>\n\t\t\t\t\t\t                                                        <div class=\"mn-cards-list\">\n                                            <div class=\"mn-card-container\">\n                                                <div>\n                                                    <img src=\"https:\/\/up.lublin.pl\/weterynaria\/wp-content\/themes\/up-lublin\/assets\/images\/doc-ico.svg\" alt=\"\" \/>\n                                                    <h5>O\u015bwiadczenie posiadacza zwierz\u0119cia<\/h5>\n                                                <\/div>\n                                                <a href=\"https:\/\/up.lublin.pl\/weterynaria\/wp-content\/uploads\/sites\/3\/2024\/03\/Zal.-nr-2.-Oswiadczenie-Posiadacza-Zwierzecia.pdf\" class=\"mn-more\" target=\"_blank\">Zobacz<\/a>\n                                            <\/div>\n                                        <\/div>\n\t\t\t\t\t\t                                                        <div class=\"mn-cards-list\">\n                                            <div class=\"mn-card-container\">\n                                                <div>\n                                                    <img src=\"https:\/\/up.lublin.pl\/weterynaria\/wp-content\/themes\/up-lublin\/assets\/images\/doc-ico.svg\" alt=\"\" \/>\n                                                    <h5>Skierowanie na badanie sekcyjne lub w&nbsp;celu przekazania do utylizacji<\/h5>\n                                                <\/div>\n                                                <a href=\"https:\/\/up.lublin.pl\/weterynaria\/wp-content\/uploads\/sites\/3\/2021\/06\/skierowanie_na_badanie_sekcyjne_lub_w_celu_przekazania_zwlok_zwierzecia_do_utylizacji.pdf\" class=\"mn-more\" target=\"_blank\">Zobacz<\/a>\n                                            <\/div>\n                                        <\/div>\n\t\t\t\t\t\t                                                        <div class=\"mn-cards-list\">\n                                            <div class=\"mn-card-container\">\n                                                <div>\n                                                    <img src=\"https:\/\/up.lublin.pl\/weterynaria\/wp-content\/themes\/up-lublin\/assets\/images\/doc-ico.svg\" alt=\"\" \/>\n                                                    <h5>Skierowanie na badanie histo- lub cytopatologiczne<\/h5>\n                                                <\/div>\n                                                <a href=\"https:\/\/up.lublin.pl\/weterynaria\/wp-content\/uploads\/sites\/3\/2021\/06\/skierowanie_na_badanie_histo-_lub_cytopatologiczne.pdf\" class=\"mn-more\" target=\"_blank\">Zobacz<\/a>\n                                            <\/div>\n                                        <\/div>\n\t\t\t\t\t\t                                                        <div class=\"mn-cards-list\">\n                                            <div class=\"mn-card-container\">\n                                                <div>\n                                                    <img src=\"https:\/\/up.lublin.pl\/weterynaria\/wp-content\/themes\/up-lublin\/assets\/images\/doc-ico.svg\" alt=\"\" \/>\n                                                    <h5>Dokument handlowy obowi\u0105zuj\u0105cy przy przekazywaniu zw\u0142ok zwierz\u0105t do Zak\u0142adu<\/h5>\n                                                <\/div>\n                                                <a href=\"https:\/\/up.lublin.pl\/weterynaria\/wp-content\/uploads\/sites\/3\/2021\/06\/dokument_handlowy_obowiazujacy_przy_przekazywaniu_zwlok_zwierzat_do_zakladu.pdf\" class=\"mn-more\" target=\"_blank\">Zobacz<\/a>\n                                            <\/div>\n                                        <\/div>\n\t\t\t\t\t\t                                                        <div class=\"mn-cards-list\">\n                                            <div class=\"mn-card-container\">\n                                                <div>\n                                                    <img src=\"https:\/\/up.lublin.pl\/weterynaria\/wp-content\/themes\/up-lublin\/assets\/images\/doc-ico.svg\" alt=\"\" \/>\n                                                    <h5>O\u015bwiadczenie Producenta Rolnego (druk ARiMR) <\/h5>\n                                                <\/div>\n                                                <a href=\"https:\/\/up.lublin.pl\/weterynaria\/wp-content\/uploads\/sites\/3\/2024\/03\/oswiadczenie-producenta-rolnego-2023.xlsx\" class=\"mn-more\" target=\"_blank\">Zobacz<\/a>\n                                            <\/div>\n                                        <\/div>\n\t\t\t\t\t\t                                                        <div class=\"mn-cards-list\">\n                                            <div class=\"mn-card-container\">\n                                                <div>\n                                                    <img src=\"https:\/\/up.lublin.pl\/weterynaria\/wp-content\/themes\/up-lublin\/assets\/images\/doc-ico.svg\" alt=\"\" \/>\n                                                    <h5>Zg\u0142oszenie padni\u0119cia zwierz\u0119cia w&nbsp;gospodarstwie z&nbsp;gatunku byd\u0142a, owiec, k\u00f3z<\/h5>\n                                                <\/div>\n                                                <a href=\"https:\/\/up.lublin.pl\/weterynaria\/wp-content\/uploads\/sites\/3\/2021\/06\/zgloszenie_padniecia_zwierzecia_w_gospodarstwie_z_gatunku_bydla_owiec_koz.pdf\" class=\"mn-more\" target=\"_blank\">Zobacz<\/a>\n                                            <\/div>\n                                        <\/div>\n\t\t\t\t\t\t                                                        <div class=\"mn-cards-list\">\n                                            <div class=\"mn-card-container\">\n                                                <div>\n                                                    <img src=\"https:\/\/up.lublin.pl\/weterynaria\/wp-content\/themes\/up-lublin\/assets\/images\/doc-ico.svg\" alt=\"\" \/>\n                                                    <h5>Informacja Producenta Rolnego o&nbsp;spe\u0142nieniu obowi\u0105zku zg\u0142oszenia padni\u0119cia zwierz\u0119cia z&nbsp;gatunku konie <\/h5>\n                                                <\/div>\n                                                <a href=\"https:\/\/up.lublin.pl\/weterynaria\/wp-content\/uploads\/sites\/3\/2021\/06\/informacja_producenta_rolnego_o_spelnieniu_obowiazku_zgloszenia_padniecia_zwierzecia_z_gatunku_konie.pdf\" class=\"mn-more\" target=\"_blank\">Zobacz<\/a>\n                                            <\/div>\n                                        <\/div>\n\t\t\t\t\t\t                                <\/div>\n\t\t\t\t\t\t<\/div>\n\t<\/div>\n<\/section>\n\t\t<\/div>\n\t\t\t\t<\/div>\n\t\t\t\t\t\t<\/div>\n\t\t\t\t\t<\/div>\n\t\t<\/div>\n\t\t\t\t\t\t\t\t<\/div>\n\t\t\t\t\t<\/div>\n\t\t<\/section>\n\t\t\t\t\t\t<\/div>\n\t\t\t\t\t\t<\/div>\n\t\t\t\t\t<\/div>\n\t\t","protected":false},"excerpt":{"rendered":"<p>Katedra Patomorfologii i&nbsp;Weterynarii S\u0105dowej UP Wydzia\u0142 Medycyny Weterynaryjnej Dydaktyka Badania Us\u0142ugi Przedmioty dydaktyczne: patomorfologia, weterynaria s\u0105dowa, Do pobrania: Protok\u00f3\u0142 sekcji &#8211; formularz dla student\u00f3w Zobacz wykaz chor\u00f3b zaka\u017anych Zobacz galeria 1 Zobacz galeria 2 Zobacz Przydatne\u00a0linki: http:\/\/veterinariavirtual.uab.es\/archivopatologia\/index.php Noah&#8217;s Arkive G\u0142\u00f3wne kierunki bada\u0144 Diagnostyka anatomo i&nbsp;histopatologiczna schorze\u0144 zaka\u017anych, zatrucia u&nbsp;zwierz\u0105t, diagnostyka samoistnych nowotwor\u00f3w u&nbsp;zwierz\u0105t. Osi\u0105gni\u0119cia Katedra [&hellip;]<\/p>\n","protected":false},"author":2,"featured_media":0,"parent":317,"menu_order":0,"comment_status":"closed","ping_status":"closed","template":"elementor_header_footer","meta":{"_monsterinsights_skip_tracking":false,"_monsterinsights_sitenote_active":false,"_monsterinsights_sitenote_note":"","_monsterinsights_sitenote_category":0},"_links":{"self":[{"href":"https:\/\/up.lublin.pl\/weterynaria\/wp-json\/wp\/v2\/pages\/144167"}],"collection":[{"href":"https:\/\/up.lublin.pl\/weterynaria\/wp-json\/wp\/v2\/pages"}],"about":[{"href":"https:\/\/up.lublin.pl\/weterynaria\/wp-json\/wp\/v2\/types\/page"}],"author":[{"embeddable":true,"href":"https:\/\/up.lublin.pl\/weterynaria\/wp-json\/wp\/v2\/users\/2"}],"replies":[{"embeddable":true,"href":"https:\/\/up.lublin.pl\/weterynaria\/wp-json\/wp\/v2\/comments?post=144167"}],"version-history":[{"count":46,"href":"https:\/\/up.lublin.pl\/weterynaria\/wp-json\/wp\/v2\/pages\/144167\/revisions"}],"predecessor-version":[{"id":161101,"href":"https:\/\/up.lublin.pl\/weterynaria\/wp-json\/wp\/v2\/pages\/144167\/revisions\/161101"}],"up":[{"embeddable":true,"href":"https:\/\/up.lublin.pl\/weterynaria\/wp-json\/wp\/v2\/pages\/317"}],"wp:attachment":[{"href":"https:\/\/up.lublin.pl\/weterynaria\/wp-json\/wp\/v2\/media?parent=144167"}],"curies":[{"name":"wp","href":"https:\/\/api.w.org\/{rel}","templated":true}]}}