{"id":143702,"date":"2021-06-16T11:29:16","date_gmt":"2021-06-16T09:29:16","guid":{"rendered":"https:\/\/up.lublin.pl\/weterynaria\/?page_id=143702"},"modified":"2022-10-13T14:38:39","modified_gmt":"2022-10-13T12:38:39","slug":"zaklad-parazytologii-i-chorob-inwazyjnych","status":"publish","type":"page","link":"https:\/\/up.lublin.pl\/weterynaria\/wydzial\/struktura-i-pracownicy\/zaklad-parazytologii-i-chorob-inwazyjnych\/","title":{"rendered":"Zak\u0142ad Parazytologii i Chor\u00f3b Inwazyjnych"},"content":{"rendered":"\t\t<div data-elementor-type=\"wp-page\" data-elementor-id=\"143702\" class=\"elementor elementor-143702\" data-elementor-settings=\"[]\">\n\t\t\t\t\t\t<div class=\"elementor-inner\">\n\t\t\t\t\t\t\t<div class=\"elementor-section-wrap\">\n\t\t\t\t\t\t\t<section class=\"elementor-section elementor-top-section elementor-element elementor-element-7e37c34 elementor-section-boxed elementor-section-height-default elementor-section-height-default\" data-id=\"7e37c34\" data-element_type=\"section\">\n\t\t\t\t\t\t<div class=\"elementor-container elementor-column-gap-default\">\n\t\t\t\t\t\t\t<div class=\"elementor-row\">\n\t\t\t\t\t<div class=\"elementor-column elementor-col-100 elementor-top-column elementor-element elementor-element-2f8e776\" data-id=\"2f8e776\" data-element_type=\"column\">\n\t\t\t<div class=\"elementor-column-wrap elementor-element-populated\">\n\t\t\t\t\t\t\t<div class=\"elementor-widget-wrap\">\n\t\t\t\t\t\t<div class=\"elementor-element elementor-element-98cc5bd elementor-widget elementor-widget-m2k\" data-id=\"98cc5bd\" data-element_type=\"widget\" data-widget_type=\"m2k.default\">\n\t\t\t\t<div class=\"elementor-widget-container\">\n\t\t\t<section class=\"mn-m2-d mn-bg-green\">\n    <div class=\"mn-grid\">\n        <div class=\"mn-grid-12 mn-introtext\">\n                            <h3>\n                    Zak\u0142ad Parazytologii i&nbsp;Chor\u00f3b Inwazyjnych                <\/h3>\n                        <\/div>\n    <\/div>\n    <\/section>\n\t\t<\/div>\n\t\t\t\t<\/div>\n\t\t\t\t\t\t<\/div>\n\t\t\t\t\t<\/div>\n\t\t<\/div>\n\t\t\t\t\t\t\t\t<\/div>\n\t\t\t\t\t<\/div>\n\t\t<\/section>\n\t\t\t\t<section class=\"elementor-section elementor-top-section elementor-element elementor-element-e8db508 elementor-section-boxed elementor-section-height-default elementor-section-height-default\" data-id=\"e8db508\" data-element_type=\"section\">\n\t\t\t\t\t\t<div class=\"elementor-container elementor-column-gap-default\">\n\t\t\t\t\t\t\t<div class=\"elementor-row\">\n\t\t\t\t\t<div class=\"elementor-column elementor-col-100 elementor-top-column elementor-element elementor-element-d11b9bf\" data-id=\"d11b9bf\" data-element_type=\"column\">\n\t\t\t<div class=\"elementor-column-wrap elementor-element-populated\">\n\t\t\t\t\t\t\t<div class=\"elementor-widget-wrap\">\n\t\t\t\t\t\t<div class=\"elementor-element elementor-element-a1169fc elementor-widget elementor-widget-m5c\" data-id=\"a1169fc\" data-element_type=\"widget\" data-widget_type=\"m5c.default\">\n\t\t\t\t<div class=\"elementor-widget-container\">\n\t\t\t<section class=\"mn-m5-c mn-bg-white\">\n\t<div class=\"mn-grid\">\n\t\t            <div class=\"mn-menu-container mn-grid-3\">\n                <ul class=\"mn-bg-yellow\">\n\t                                        <li>\n                            <a href=\"#\" class=\"active\" data-hash=\"#dydaktyka\">\n                                Dydaktyka                            <\/a>\n                        <\/li>\n                                                <li>\n                            <a href=\"#\" class=\"\" data-hash=\"#badania\">\n                                Badania                            <\/a>\n                        <\/li>\n                                                <li>\n                            <a href=\"#\" class=\"\" data-hash=\"#historia\">\n                                Historia                            <\/a>\n                        <\/li>\n                                                <li>\n                            <a href=\"#\" class=\"\" data-hash=\"#dzialalnosc\">\n                                Dzia\u0142alno\u015b\u0107 kliniczna                            <\/a>\n                        <\/li>\n                                        <\/ul>\n            <\/div>\n\t        \t\t<div class=\"mn-content mn-grid-8\">\n\t\t\t                <div class=\"mn-content-block active\">\n\t                                                        <div class=\"block-text\">\n\t                                        <ol>\n<li>Parazytologia i&nbsp;inwazjologia weterynaryjna, sem.VI i&nbsp;VII Med.Wet.<\/li>\n<li>Herpetologia i&nbsp;terrarystyka, sem. IV, Med.Wet.- fakultet<\/li>\n<li>Choroby zwierz\u0105t egzotycznych, sem.V, Med.Wet.- fakultet<\/li>\n<\/ol>\n<p>\u00a0<\/p>\n<p>Zak\u0142ad Prowadzi obowi\u0105zkowy sta\u017c w&nbsp;zakresie praktycznego wykorzystania wiedzy z&nbsp;zakresu parazytologii weterynaryjnej w&nbsp;wymiarze 15 godzin w&nbsp;ramach przedmiotu Parazytologia i&nbsp;inwazjologia weterynaryjna.<\/p>\n                                        <\/div>\n\t\t\t\t\t\t                                                        <ul class=\"mn-accordion\">\n                                            <li>\n                                                <h4 class=\"mn-accordion-title\"> TEMATYKA WYK\u0141AD\u00d3W z&nbsp;przedmiotu Parazytologia i&nbsp;Inwazjologia Wetewrynaryjna<\/h4>\n                                                <div>\n\t\t\t\t\t\t\t\t\t                <p><a href=\"https:\/\/up.lublin.pl\/weterynaria\/wp-content\/uploads\/sites\/3\/2021\/06\/parazytologia-semestr-VI.pdf\">parazytologia semestr VI<\/a><\/p>\n<p><a href=\"https:\/\/up.lublin.pl\/weterynaria\/wp-content\/uploads\/sites\/3\/2021\/06\/parazytologia-semestr-VII.pdf\">parazytologia semestr VII<\/a><\/p>\n                                                <\/div>\n                                            <\/li>\n                                        <\/ul>\n\t\t\t\t\t\t                                                        <ul class=\"mn-accordion\">\n                                            <li>\n                                                <h4 class=\"mn-accordion-title\">\u0106wiczenia do pobrania<\/h4>\n                                                <div>\n\t\t\t\t\t\t\t\t\t                <p><a href=\"https:\/\/up.lublin.pl\/weterynaria\/wp-content\/uploads\/sites\/3\/2021\/06\/plan-semestr-letni.pdf\">Plan \u0107wicze\u0144 semestr VI<\/a><\/p>\n<p><a href=\"https:\/\/up.lublin.pl\/weterynaria\/wp-content\/uploads\/sites\/3\/2021\/06\/Metody-rozpoznawania-inwazji-cwiczenie-1-4.pdf\">Metody rozpoznawania inwazji<\/a><br \/><a href=\"https:\/\/up.lublin.pl\/weterynaria\/wp-content\/uploads\/sites\/3\/2021\/06\/babesia_plasmodium_amoeba_2016.pdf\">Babesia, Plasmodium, Amoeba<\/a><br \/><a href=\"https:\/\/up.lublin.pl\/weterynaria\/wp-content\/uploads\/sites\/3\/2021\/06\/fascioloza_2016.pdf\">Przywry: Fascioloza<\/a> <br \/><a href=\"https:\/\/up.lublin.pl\/weterynaria\/wp-content\/uploads\/sites\/3\/2021\/06\/kokcydioza_2016.pdf\">Kokcydioza<\/a> <br \/><a href=\"https:\/\/up.lublin.pl\/weterynaria\/wp-content\/uploads\/sites\/3\/2021\/06\/przywry_dicrocoelium_paramphistomum_2016.pdf\">Przywry: Dicrocoelium, Paramphistomum<\/a><br \/><a href=\"https:\/\/up.lublin.pl\/weterynaria\/wp-content\/uploads\/sites\/3\/2021\/06\/przywry_miesozernych_i_drobiu_2016.pdf\">Przywry mi\u0119so\u017cernych i&nbsp;drobiu<\/a><br \/><a href=\"https:\/\/up.lublin.pl\/weterynaria\/wp-content\/uploads\/sites\/3\/2021\/06\/rzesistki_2016.pdf\">Rz\u0119sistki<\/a> <br \/><a href=\"https:\/\/up.lublin.pl\/weterynaria\/wp-content\/uploads\/sites\/3\/2021\/06\/swidrowce_2016.pdf\">\u015awidrowce<\/a> <br \/><a href=\"https:\/\/up.lublin.pl\/weterynaria\/wp-content\/uploads\/sites\/3\/2021\/06\/toksoplazmoza_neospora_cryptosporydium_2016.pdf\">Toksoplazmoza, Neospora, Cryptosporydium<\/a><\/p>\n<hr \/>\n<p><a href=\"https:\/\/up.lublin.pl\/weterynaria\/wp-content\/uploads\/sites\/3\/2021\/06\/parazytologia-plan-cwiczen.pdf\">Plan \u0107wicze\u0144 semestr VII<\/a><\/p>\n<p><a href=\"https:\/\/up.lublin.pl\/weterynaria\/wp-content\/uploads\/sites\/3\/2021\/06\/glistnica_zwierzat_miesozernych_2016._pdf.pdf\">Glistnica zwierz\u0105t mi\u0119so\u017cernych<\/a><br \/><a href=\"https:\/\/up.lublin.pl\/weterynaria\/wp-content\/uploads\/sites\/3\/2021\/06\/gzawice_2017.pdf\">Gzawice<\/a><br \/><a href=\"https:\/\/up.lublin.pl\/weterynaria\/wp-content\/uploads\/sites\/3\/2021\/06\/inwazje_nicieni_plucnych_2016.pdf\">Inwazje nicieni p\u0142ucnych<\/a> <br \/><a href=\"https:\/\/up.lublin.pl\/weterynaria\/wp-content\/uploads\/sites\/3\/2021\/06\/ogolna_charakterystyka_stawonogow_2016.pdf\">Og\u00f3lna charakterystyka stawonog\u00f3w<\/a><br \/><a href=\"https:\/\/up.lublin.pl\/weterynaria\/wp-content\/uploads\/sites\/3\/2021\/06\/ogolna_charakterystyka_nicieni_glistnica_nematodozy_ptakow.pdf\">Og\u00f3lna charakterystyka nicieni, glistnica, nematodozy ptak\u00f3w<\/a><br \/><a href=\"https:\/\/up.lublin.pl\/weterynaria\/wp-content\/uploads\/sites\/3\/2021\/06\/robaczyca_zoladkowo-jelitowa__2016.pdf\">Robaczyca \u017co\u0142\u0105dkowo-jelitowa<\/a> <a href=\"https:\/\/up.lublin.pl\/weterynaria\/wp-content\/uploads\/sites\/3\/2021\/06\/rodzina_strongylidae_2016.pdf\">Rodzina Strongylidae<\/a> <a href=\"https:\/\/up.lublin.pl\/weterynaria\/wp-content\/uploads\/sites\/3\/2021\/06\/swierzbowce_2016.pdf\">\u015awie\u017cbowce<\/a> <br \/><a href=\"https:\/\/up.lublin.pl\/weterynaria\/wp-content\/uploads\/sites\/3\/2021\/06\/tasiemce_-_wstep_ligula_diphylobothriuma.pdf\">Tasiemce wst\u0119p, Cyclophilidae<\/a><br \/><a href=\"https:\/\/up.lublin.pl\/weterynaria\/wp-content\/uploads\/sites\/3\/2021\/06\/tasiemce_drobiu__i_kolcoglowy_2016.pdf\">Tasiemce drobiu i&nbsp;kolcog\u0142owy<\/a><br \/><a href=\"https:\/\/up.lublin.pl\/weterynaria\/wp-content\/uploads\/sites\/3\/2021\/06\/tasiemce_u_koni_i_przezuwaczy_2016.pdf\">Tasiemce u&nbsp;koni i&nbsp;przezuwaczy<\/a> <br \/><a href=\"https:\/\/up.lublin.pl\/weterynaria\/wp-content\/uploads\/sites\/3\/2021\/06\/tasiemce_zwierzat_miesozernych_i_drobiu__2016.pdf\">Tasiemce zwierz\u0105t mi\u0119so\u017cernych i&nbsp;drobiu<\/a><br \/><a href=\"https:\/\/up.lublin.pl\/weterynaria\/wp-content\/uploads\/sites\/3\/2021\/06\/tasiemczyce_czlowieka_inwazje_form_larwalnych.pdf\">Tasiemczyce cz\u0142owieka, inwazje form larwalnych<\/a> <br \/><a href=\"https:\/\/up.lublin.pl\/weterynaria\/wp-content\/uploads\/sites\/3\/2021\/06\/wegorki___filariozy_kolcoglowy_2016.pdf\">W\u0119gorki, filariozy<\/a> <br \/><a href=\"https:\/\/up.lublin.pl\/weterynaria\/wp-content\/uploads\/sites\/3\/2021\/06\/wlosnica.pdf\">W\u0142o\u015bnica<\/a> <br \/><a href=\"https:\/\/up.lublin.pl\/weterynaria\/wp-content\/uploads\/sites\/3\/2021\/06\/wszoly__2016.pdf\">Wszo\u0142y<\/a><\/p>\n<hr \/>\n<p>Choroby zwierz\u0105t egzotycznych, sem.V, Med.Wet.- fakultet<\/p>\n<p><a href=\"https:\/\/up.lublin.pl\/weterynaria\/wp-content\/uploads\/sites\/3\/2021\/06\/Choroby-zwierzat-egzotycznych-plan-cwiczen.pdf\">choroby zwierz\u0105t egzotycznych &#8211; plan \u0107wicze\u0144<\/a> <br \/><a href=\"https:\/\/up.lublin.pl\/weterynaria\/wp-content\/uploads\/sites\/3\/2021\/06\/cwiczenie-2-3.pdf\">\u0107wiczenie 1-3<\/a><br \/><a href=\"https:\/\/up.lublin.pl\/weterynaria\/wp-content\/uploads\/sites\/3\/2021\/06\/cwiczenie-2-4-5.pdf\">\u0107wiczenie 4-5<\/a> <br \/><a href=\"https:\/\/up.lublin.pl\/weterynaria\/wp-content\/uploads\/sites\/3\/2021\/06\/cwiczenie-6-8.pdf\">\u0107wiczenie 6-8<\/a><br \/><a href=\"https:\/\/up.lublin.pl\/weterynaria\/wp-content\/uploads\/sites\/3\/2021\/06\/cwiczenie-10.pdf\">\u0107wiczenie 10<\/a> <br \/><a href=\"https:\/\/up.lublin.pl\/weterynaria\/wp-content\/uploads\/sites\/3\/2021\/06\/cwiczenie-11-12.pdf\">\u0107wiczenie 11-12<\/a><br \/><a href=\"https:\/\/up.lublin.pl\/weterynaria\/wp-content\/uploads\/sites\/3\/2021\/06\/cwiczenie-13.pdf\">\u0107wiczenie 13<\/a><\/p>\n<hr \/>\n<p><a href=\"https:\/\/up.lublin.pl\/weterynaria\/wp-content\/uploads\/sites\/3\/2021\/06\/Herpetologia-terrarystyka.pdf\">Herpetologia i&nbsp;terrarystyka &#8211; plan \u0107wicze\u0144<\/a> <br \/><a href=\"https:\/\/up.lublin.pl\/weterynaria\/wp-content\/uploads\/sites\/3\/2021\/06\/cwiczenia-1-15.pdf\">\u0106wiczenia 1-15<\/a><\/p>\n                                                <\/div>\n                                            <\/li>\n                                        <\/ul>\n\t\t\t\t\t\t                                                        <ul class=\"mn-accordion\">\n                                            <li>\n                                                <h4 class=\"mn-accordion-title\">przydatne stron\/linki<\/h4>\n                                                <div>\n\t\t\t\t\t\t\t\t\t                <ul>\n<li>CDC Division of Parasitic Disease &#8211; <a href=\"https:\/\/www.cdc.gov\/parasites\/\">https:\/\/www.cdc.gov\/parasites\/<\/a><\/li>\n<li>ECDC European Center for Disease Control &#8211; <a href=\"https:\/\/www.ecdc.europa.eu\/en\">https:\/\/www.ecdc.europa.eu\/en<\/a><\/li>\n<li>EDEN Emerg Dis Changing European Environ &#8211; <a href=\"http:\/\/www.eden-fp6project.net\/\">http:\/\/www.eden-fp6project.net\/<\/a><\/li>\n<li>ESCCAP European Scientific Counsel Companion Animal Parasites &#8211; <a href=\"https:\/\/www.esccap.org\/\">https:\/\/www.esccap.org\/<\/a><\/li>\n<li>ESGCP ESCMID group clinical parasitology &#8211; <a href=\"https:\/\/www.escmid.org\/research_projects\/study_groups\/study_groups_a_f\/clinical_parasitology\/\">https:\/\/www.escmid.org\/research_projects\/study_groups\/study_groups_a_f\/clinical_parasitology\/<\/a><\/li>\n<li>EVPC European Vet Parasitology College &#8211; <a href=\"http:\/\/www.eurovetpar.org\/\">http:\/\/www.eurovetpar.org\/<\/a><\/li>\n<li>OIE World Organisation Animal Health &#8211; <a href=\"https:\/\/www.oie.int\/en\/home\/?id=1&amp;L=0\">https:\/\/www.oie.int\/en\/home\/?id=1&amp;L=0<\/a><\/li>\n<li>SCIENTIFIC PARASITOLOGICAL JOURNALS &#8211; <a href=\"https:\/\/www.wfpnet.org\/links\/publications\/\">https:\/\/www.wfpnet.org\/links\/publications\/<\/a><\/li>\n<li>THE COCCIDIA OF THE WORLD &#8211; <a href=\"https:\/\/www.k-state.edu\/parasitology\/worldcoccidia\/\">https:\/\/www.k-state.edu\/parasitology\/worldcoccidia\/<\/a><\/li>\n<li>Web Atlas Medical Parasitology (Korea) &#8211; <a href=\"http:\/\/www.atlas.or.kr\/about\/index.html\">http:\/\/www.atlas.or.kr\/about\/index.html<\/a><\/li>\n<li>WFP World Federation of Parasitologists &#8211; <a href=\"https:\/\/www.wfpnet.org\/\">https:\/\/www.wfpnet.org\/<\/a><\/li>\n<li>WHO World health Organisation &#8211; <a href=\"https:\/\/www.who.int\/en\/\">https:\/\/www.who.int\/en\/<\/a><\/li>\n<\/ul>\n                                                <\/div>\n                                            <\/li>\n                                        <\/ul>\n\t\t\t\t\t\t                                <\/div>\n\t\t\t\t                <div class=\"mn-content-block\">\n\t                                                        <div class=\"block-text\">\n\t                                        <p><strong>G\u0142\u00f3wne kierunki bada\u0144:<\/strong><\/p>\n<p>Kompleksowe badania nad inwazjologi\u0105 patogenez\u0105 i&nbsp;zjawiskami odporno\u015bciowymi w&nbsp;przebiegu istotnych z&nbsp;gospodarczego i&nbsp;sanitarnego punkt\u00f3w widzenia parazytoz zwierz\u0105t domowych: mi\u0119dzy innymi fasciolozy, toksokarozy, w\u0142o\u015bnicy, \u015bwierzbu, echinokokozy, protoparazytoz zwierz\u0105t mi\u0119so\u017cernych, inwazji tasiemc\u00f3w z&nbsp;rodziny Anoplocephalidae. Badania nad zanieczyszczeniem \u015brodowiska formami rozwojowymi paso\u017cyt\u00f3w zwierz\u0105t mi\u0119so\u017cernych. Ocena przydatno\u015bci nowych lek\u00f3w przeciwpaso\u017cytniczych oraz doskonalenie strategii diagnostyki i&nbsp;zwalczania parazytoz. <\/p>\n<p><strong>Osi\u0105gni\u0119cia<\/strong>:<\/p>\n<p>Szeroki aspekt praktyczny i&nbsp;poznawczy maj\u0105 prace inwazjologiczne i&nbsp;ekologiczne dotycz\u0105ce bada\u0144 zanieczyszczenia \u015brodowiska formami rozwojowymi paso\u017cyt\u00f3w, g\u0142\u00f3wnie pochodz\u0105cymi od zwierz\u0105t mi\u0119so\u017cernych, stanowi\u0105cych potencjalne zagro\u017cenie zdrowia cz\u0142owieka oraz badania nad wyst\u0119powaniem i&nbsp;rozprzestrzenianiem si\u0119 w\u0142o\u015bni &#8211; Trichinella spiralis. Okre\u015blono warunki utrzymywania si\u0119 i&nbsp;przenoszenia \u015bwierzbowc\u00f3w Sarcoptes scabiei vUP. suis u&nbsp;\u015bwi\u0144 w&nbsp;r\u00f3\u017cnych warunkach hodowlanych. Badano rozprzestrzenienie inwazji tasiemc\u00f3w u&nbsp;koni ,oraz inwazji pierwotniak\u00f3w u&nbsp;zwierz\u0105t mi\u0119so\u017cernych. <\/p>\n<p>Opracowano podr\u0119czniki i&nbsp;skrypty przeznaczone dla technik\u00f3w weterynaryjnych i&nbsp;lekarzy weterynarii, ujmuj\u0105ce w&nbsp;nowoczesny spos\u00f3b zagadnienia praktycznej parazytologii weterynaryjnej. W&nbsp;ramach Zak\u0142adu Parazytologii i&nbsp;Chor\u00f3b Inwazyjnych jest prowadzona dzia\u0142alno\u015b\u0107 obejmuj\u0105ca rozpoznawanie i&nbsp;leczenie parazytoz, a&nbsp;tak\u017ce ocen\u0119 skuteczno\u015bci nowowprowadzanych preparat\u00f3w przeciwpaso\u017cytniczych.<\/p>\n                                        <\/div>\n\t\t\t\t\t\t                                <\/div>\n\t\t\t\t                <div class=\"mn-content-block\">\n\t                                                        <div class=\"block-text\">\n\t                                        <p><strong>Byli pracownicy Zak\u0142adu Parazytologii<\/strong><\/p>\n<p>Prof. dr hab. Bernard Bezubik, prof. dr hab. Stefan Furmaga, prof. dr hab. Jerzy Lech Gund\u0142ach, prof. dr hab. Zbigniew Kozar, prof. dr hab. Maria Prost, prof. dr hab. Zdzis\u0142aw Raabe, prof. dr hab. Andrzej Bernard Sadzikowski, prof. dr hab. Witold Stefa\u0144ski,\u00a0 prof.dr hab. Maria Stadnicka, prof. dr hab. Eugeniusz \u017barnowski, dr hab. Bogna Borkowska, dr Marek Mucha, dr Kazimierz Sobieszowski, dr Adam So\u0142tys, dr Stanis\u0142aw Wadowski,\u00a0 dr Kazimiera Werda, dr Krystyna Zimowska, lek. wet. Tadeusz Bia\u0142ob\u0142ocki, mgr Krystyna Kossowska, lek. wet. Miros\u0142aw Ko\u015bcia\u0144ski, mgr. W\u0142odzimierz Mai\u0144ski, lek. wet. Tadeusz Naczas, lek. wet. Janina Rajska, mgr. Barbara Sta\u0144ska,\u00a0 lek. wet. Wojciech Tereszkiewicz, lek. wet. Eugeniusz Wysocki<\/p>\n<p><strong>Historia<\/strong><\/p>\n<ul>\n<li>1945 r. \u2013 utworzenie Katedry Zoologii i&nbsp;Parazytologii Wydzia\u0142u Weterynaryjnego Uniwersytetu Marii Curie- Sk\u0142odowskiej<\/li>\n<li>1972 r. \u2013 przemianowanie na Zak\u0142ad Parazytologii i&nbsp;Chor\u00f3b Inwazyjnych i&nbsp;w\u0142\u0105czenie do Instytutu Chor\u00f3b Zaka\u017anych i&nbsp;Inwazyjnych<\/li>\n<li>1991 r. \u2013 utworzenie samodzielnej jednostki Katedra Parazytologii i&nbsp;Klinika Chor\u00f3b Paso\u017cytniczych.<\/li>\n<li>2000 r. \u2013 przemianowanie zgodnie ze statutem Akademii Rolniczej na Zak\u0142ad Parazytologii i&nbsp;Chor\u00f3b Inwazyjnych<\/li>\n<li>2003 r. \u2013 w\u0142\u0105czenie Zak\u0142adu Parazytologii i&nbsp;chor\u00f3b Inwazyjnych do nowoutworzonego Instytutu Chor\u00f3b Zaka\u017anych i&nbsp;Inwazyjnych<\/li>\n<\/ul>\n<p><strong>Kierownicy jednostki<\/strong><\/p>\n<p>1945-1947- prof. dr Witold Stefa\u0144ski<br \/>1947-1954- prof. dr Zdzis\u0142aw Raabe<br \/>1954-1964- prof. dr Eugeniusz \u017barnowski<br \/>1964-1983- prof. dr hab. Stefan Furmaga<br \/>1984-2006- prof. dr hab. Jerzy Lech Gund\u0142ach<br \/>2006-2010- prof. dr hab. Andrzej Bernard Sadzikowski<\/p>\n                                        <\/div>\n\t\t\t\t\t\t                                <\/div>\n\t\t\t\t                <div class=\"mn-content-block\">\n\t                                                        <div class=\"mn-cards-list\">\n                                            <div class=\"mn-card-container\">\n                                                <div>\n                                                    <img src=\"https:\/\/up.lublin.pl\/weterynaria\/wp-content\/themes\/up-lublin\/assets\/images\/doc-ico.svg\" alt=\"\" \/>\n                                                    <h5>Klinika weterynaryjna - us\u0142ugi Zak\u0142adu<\/h5>\n                                                <\/div>\n                                                <a href=\"https:\/\/up.lublin.pl\/uslugi\/klinika-weterynaryjna\/zaklad-parazytologii-i-chorob-inwazyjnych\/\" class=\"mn-more\" target=\"_blank\">Zobacz<\/a>\n                                            <\/div>\n                                        <\/div>\n\t\t\t\t\t\t                                <\/div>\n\t\t\t\t\t\t<\/div>\n\t<\/div>\n<\/section>\n\t\t<\/div>\n\t\t\t\t<\/div>\n\t\t\t\t\t\t<\/div>\n\t\t\t\t\t<\/div>\n\t\t<\/div>\n\t\t\t\t\t\t\t\t<\/div>\n\t\t\t\t\t<\/div>\n\t\t<\/section>\n\t\t\t\t\t\t<\/div>\n\t\t\t\t\t\t<\/div>\n\t\t\t\t\t<\/div>\n\t\t","protected":false},"excerpt":{"rendered":"<p>Zak\u0142ad Parazytologii i&nbsp;Chor\u00f3b Inwazyjnych UP Wydzia\u0142 Medycyny Weterynaryjnej Dydaktyka Badania Historia Dzia\u0142alno\u015b\u0107 kliniczna Parazytologia i&nbsp;inwazjologia weterynaryjna, sem.VI i&nbsp;VII Med.Wet. Herpetologia i&nbsp;terrarystyka, sem. IV, Med.Wet.- fakultet Choroby zwierz\u0105t egzotycznych, sem.V, Med.Wet.- fakultet \u00a0 Zak\u0142ad Prowadzi obowi\u0105zkowy sta\u017c w&nbsp;zakresie praktycznego wykorzystania wiedzy z&nbsp;zakresu parazytologii weterynaryjnej w&nbsp;wymiarze 15 godzin w&nbsp;ramach przedmiotu Parazytologia i&nbsp;inwazjologia weterynaryjna. TEMATYKA WYK\u0141AD\u00d3W z&nbsp;przedmiotu Parazytologia [&hellip;]<\/p>\n","protected":false},"author":2,"featured_media":0,"parent":317,"menu_order":0,"comment_status":"closed","ping_status":"closed","template":"elementor_header_footer","meta":{"_monsterinsights_skip_tracking":false,"_monsterinsights_sitenote_active":false,"_monsterinsights_sitenote_note":"","_monsterinsights_sitenote_category":0},"_links":{"self":[{"href":"https:\/\/up.lublin.pl\/weterynaria\/wp-json\/wp\/v2\/pages\/143702"}],"collection":[{"href":"https:\/\/up.lublin.pl\/weterynaria\/wp-json\/wp\/v2\/pages"}],"about":[{"href":"https:\/\/up.lublin.pl\/weterynaria\/wp-json\/wp\/v2\/types\/page"}],"author":[{"embeddable":true,"href":"https:\/\/up.lublin.pl\/weterynaria\/wp-json\/wp\/v2\/users\/2"}],"replies":[{"embeddable":true,"href":"https:\/\/up.lublin.pl\/weterynaria\/wp-json\/wp\/v2\/comments?post=143702"}],"version-history":[{"count":22,"href":"https:\/\/up.lublin.pl\/weterynaria\/wp-json\/wp\/v2\/pages\/143702\/revisions"}],"predecessor-version":[{"id":155616,"href":"https:\/\/up.lublin.pl\/weterynaria\/wp-json\/wp\/v2\/pages\/143702\/revisions\/155616"}],"up":[{"embeddable":true,"href":"https:\/\/up.lublin.pl\/weterynaria\/wp-json\/wp\/v2\/pages\/317"}],"wp:attachment":[{"href":"https:\/\/up.lublin.pl\/weterynaria\/wp-json\/wp\/v2\/media?parent=143702"}],"curies":[{"name":"wp","href":"https:\/\/api.w.org\/{rel}","templated":true}]}}