{"id":143644,"date":"2021-06-16T11:16:24","date_gmt":"2021-06-16T09:16:24","guid":{"rendered":"https:\/\/up.lublin.pl\/weterynaria\/?page_id=143644"},"modified":"2024-10-02T13:50:17","modified_gmt":"2024-10-02T11:50:17","slug":"zaklad-biologii-i-chorob-ryb","status":"publish","type":"page","link":"https:\/\/up.lublin.pl\/weterynaria\/wydzial\/struktura-i-pracownicy\/zaklad-biologii-i-chorob-ryb\/","title":{"rendered":"Zak\u0142ad Biologii i Chor\u00f3b Ryb"},"content":{"rendered":"\t\t<div data-elementor-type=\"wp-page\" data-elementor-id=\"143644\" class=\"elementor elementor-143644\" data-elementor-settings=\"[]\">\n\t\t\t\t\t\t<div class=\"elementor-inner\">\n\t\t\t\t\t\t\t<div class=\"elementor-section-wrap\">\n\t\t\t\t\t\t\t<section class=\"elementor-section elementor-top-section elementor-element elementor-element-af1e0e5 elementor-section-boxed elementor-section-height-default elementor-section-height-default\" data-id=\"af1e0e5\" data-element_type=\"section\">\n\t\t\t\t\t\t<div class=\"elementor-container elementor-column-gap-default\">\n\t\t\t\t\t\t\t<div class=\"elementor-row\">\n\t\t\t\t\t<div class=\"elementor-column elementor-col-100 elementor-top-column elementor-element elementor-element-4d1898f\" data-id=\"4d1898f\" data-element_type=\"column\">\n\t\t\t<div class=\"elementor-column-wrap elementor-element-populated\">\n\t\t\t\t\t\t\t<div class=\"elementor-widget-wrap\">\n\t\t\t\t\t\t<div class=\"elementor-element elementor-element-68ec93c elementor-widget elementor-widget-m2k\" data-id=\"68ec93c\" data-element_type=\"widget\" data-widget_type=\"m2k.default\">\n\t\t\t\t<div class=\"elementor-widget-container\">\n\t\t\t<section class=\"mn-m2-d mn-bg-green\">\n    <div class=\"mn-grid\">\n        <div class=\"mn-grid-12 mn-introtext\">\n                            <h3>\n                    Zak\u0142ad Biologii i&nbsp;Chor\u00f3b Ryb                <\/h3>\n                        <\/div>\n    <\/div>\n    <\/section>\n\t\t<\/div>\n\t\t\t\t<\/div>\n\t\t\t\t\t\t<\/div>\n\t\t\t\t\t<\/div>\n\t\t<\/div>\n\t\t\t\t\t\t\t\t<\/div>\n\t\t\t\t\t<\/div>\n\t\t<\/section>\n\t\t\t\t<section class=\"elementor-section elementor-top-section elementor-element elementor-element-67159ec elementor-section-boxed elementor-section-height-default elementor-section-height-default\" data-id=\"67159ec\" data-element_type=\"section\">\n\t\t\t\t\t\t<div class=\"elementor-container elementor-column-gap-default\">\n\t\t\t\t\t\t\t<div class=\"elementor-row\">\n\t\t\t\t\t<div class=\"elementor-column elementor-col-100 elementor-top-column elementor-element elementor-element-7076886\" data-id=\"7076886\" data-element_type=\"column\">\n\t\t\t<div class=\"elementor-column-wrap elementor-element-populated\">\n\t\t\t\t\t\t\t<div class=\"elementor-widget-wrap\">\n\t\t\t\t\t\t<div class=\"elementor-element elementor-element-6775e5f elementor-widget elementor-widget-m5c\" data-id=\"6775e5f\" data-element_type=\"widget\" data-widget_type=\"m5c.default\">\n\t\t\t\t<div class=\"elementor-widget-container\">\n\t\t\t<section class=\"mn-m5-c mn-bg-white\">\n\t<div class=\"mn-grid\">\n\t\t            <div class=\"mn-menu-container mn-grid-3\">\n                <ul class=\"mn-bg-yellow\">\n\t                                        <li>\n                            <a href=\"#\" class=\"active\" data-hash=\"#dydaktyka\">\n                                Dydaktyka                            <\/a>\n                        <\/li>\n                                                <li>\n                            <a href=\"#\" class=\"\" data-hash=\"#badania\">\n                                Badania                            <\/a>\n                        <\/li>\n                                                <li>\n                            <a href=\"#\" class=\"\" data-hash=\"#historia\">\n                                Historia                            <\/a>\n                        <\/li>\n                                        <\/ul>\n            <\/div>\n\t        \t\t<div class=\"mn-content mn-grid-8\">\n\t\t\t                <div class=\"mn-content-block active\">\n\t                                                        <ul class=\"mn-accordion\">\n                                            <li>\n                                                <h4 class=\"mn-accordion-title\">Zagadnienia do \u0107wicze\u0144 z&nbsp;biologii kom\u00f3rki<\/h4>\n                                                <div>\n\t\t\t\t\t\t\t\t\t                <p><a href=\"https:\/\/up.lublin.pl\/weterynaria\/wp-content\/uploads\/sites\/3\/2023\/09\/2023-Cwiczenie-1-z-BK-Jadro-komorkowe.doc\">\u0106wiczenie 1 z&nbsp;BK &#8211; J\u0105dro kom\u00f3rkowe<\/a><\/p>\n<p><a href=\"https:\/\/up.lublin.pl\/weterynaria\/wp-content\/uploads\/sites\/3\/2023\/09\/2023-Cwiczenie-2-z-BK-Mitochondria.doc\">\u0106wiczenie 2 z&nbsp;BK &#8211; Mitochondria<\/a><\/p>\n<p><a href=\"https:\/\/up.lublin.pl\/weterynaria\/wp-content\/uploads\/sites\/3\/2023\/09\/2023-Cwiczenie-3-z-BK-Cytoszkielet.docx\">\u0106wiczenie 3 z&nbsp;BK &#8211; Cytoszkielet<\/a><\/p>\n<p><a href=\"https:\/\/up.lublin.pl\/weterynaria\/wp-content\/uploads\/sites\/3\/2023\/09\/2023-Cwiczenie-4-z-BK-Apoptoza-i-nekroza.doc\">\u0106wiczenie 4 z&nbsp;BK &#8211; Apoptoza i&nbsp;nekroza<\/a><\/p>\n<p><a href=\"https:\/\/up.lublin.pl\/weterynaria\/wp-content\/uploads\/sites\/3\/2023\/09\/2023-Cwiczenie-5-z-BK-Komorki-krwi.doc\">\u0106wiczenie 5 z&nbsp;BK &#8211; Kom\u00f3rki krwi<\/a><\/p>\n                                                <\/div>\n                                            <\/li>\n                                        <\/ul>\n\t\t\t\t\t\t                                                        <ul class=\"mn-accordion\">\n                                            <li>\n                                                <h4 class=\"mn-accordion-title\">Zagadnienia do \u0107wicze\u0144 z&nbsp;biologii<\/h4>\n                                                <div>\n\t\t\t\t\t\t\t\t\t                <p><a href=\"https:\/\/up.lublin.pl\/weterynaria\/wp-content\/uploads\/sites\/3\/2023\/09\/2023-Zagadnienia-z-biologii-cwiczenie-1.doc\">Zagadnienia z&nbsp;biologii &#8211; \u0107wiczenie 1<\/a><\/p>\n<p><a href=\"https:\/\/up.lublin.pl\/weterynaria\/wp-content\/uploads\/sites\/3\/2023\/09\/2023-Zagadnienia-z-biologii-cwiczenie-2.doc\">Zagadnienia z&nbsp;biologii &#8211; \u0107wiczenie 2<\/a><\/p>\n<p><a href=\"https:\/\/up.lublin.pl\/weterynaria\/wp-content\/uploads\/sites\/3\/2023\/09\/2023-Zagadnienia-z-biologii-cwiczenie-3.doc\">Zagadnienia z&nbsp;biologii &#8211; \u0107wiczenie 3<\/a><\/p>\n<p><a href=\"https:\/\/up.lublin.pl\/weterynaria\/wp-content\/uploads\/sites\/3\/2023\/09\/2023-Zagadnienia-z-biologii-cwiczenie-4.doc\">Zagadnienia z&nbsp;biologii &#8211; \u0107wiczenie 4<\/a><\/p>\n<p><a href=\"https:\/\/up.lublin.pl\/weterynaria\/wp-content\/uploads\/sites\/3\/2023\/09\/2023-Zagadnienia-z-biologii-cwiczenie-5.doc\">Zagadnienia z&nbsp;biologii &#8211; \u0107wiczenie 5<\/a><\/p>\n<p><a href=\"https:\/\/up.lublin.pl\/weterynaria\/wp-content\/uploads\/sites\/3\/2023\/09\/2023-Zagadnienia-z-biologii-cwiczenie-6.doc\">Zagadnienia z&nbsp;biologii &#8211; \u0107wiczenie 6<\/a><\/p>\n<p><a href=\"https:\/\/up.lublin.pl\/weterynaria\/wp-content\/uploads\/sites\/3\/2023\/09\/2023-Zagadnienia-z-biologii-cwiczenie-7.doc\">Zagadnienia z&nbsp;biologii &#8211; \u0107wiczenie 7<\/a><\/p>\n<p><a href=\"https:\/\/up.lublin.pl\/weterynaria\/wp-content\/uploads\/sites\/3\/2023\/09\/2023-Zwierzeta-modelowe.docx\">Zwierz\u0119ta modelowe<\/a><\/p>\n                                                <\/div>\n                                            <\/li>\n                                        <\/ul>\n\t\t\t\t\t\t                                <\/div>\n\t\t\t\t                <div class=\"mn-content-block\">\n\t                                                        <div class=\"block-text\">\n\t                                        <p>Kierunki badawcze, kt\u00f3re dominowa\u0142y w&nbsp;ostatnich latach i&nbsp;kt\u00f3re s\u0105 pog\u0142\u0119biane i&nbsp;rozwijane: hematologia ryb, immunomodulacja uk\u0142adu odporno\u015bciowego u&nbsp;ryb, ocena immunogenno\u015bci szczep\u00f3w bakteryjnych z&nbsp;rodzaju <i>Aeromonas, <\/i>doskonalenie metod diagnozowania i&nbsp;zwalczania chor\u00f3b ryb hodowlanych i&nbsp;akwariowych, identyfikowanie gatunk\u00f3w bakterii oraz gen\u00f3w wirulencji i&nbsp;oporno\u015bci na chemioterapeutyki.<\/p>\n                                        <\/div>\n\t\t\t\t\t\t                                <\/div>\n\t\t\t\t                <div class=\"mn-content-block\">\n\t                                                        <div class=\"block-text\">\n\t                                        <h1 style=\"text-align: center;\">Historia Zak\u0142adu Biologii i&nbsp;Chor\u00f3b Ryb<strong><br \/><\/strong><\/h1>\n<p><strong>Zak\u0142ad Chor\u00f3b Ryb<\/strong> powsta\u0142 w&nbsp;1963 roku w&nbsp;strukturze Katedry Parazytologii i&nbsp;Chor\u00f3b Inwazyjnych. W&nbsp;latach 1972 \u2013 1991 zosta\u0142 w\u0142\u0105czony do Instytutu Chor\u00f3b Zaka\u017anych i&nbsp;Inwazyjnych. W&nbsp;latach 1991 \u2013 2003 stanowi\u0142 samodzieln\u0105 jednostk\u0119 organizacyjn\u0105 jako Katedra Chor\u00f3b Ryb i&nbsp;Biologii. W&nbsp;pa\u017adzierniku 2003 roku, w&nbsp;nast\u0119pstwie zmian organizacyjnych Wydzia\u0142u Medycyny Weterynaryjnej, zmieniono nazw\u0119 na <strong>Zak\u0142ad Chor\u00f3b Ryb i&nbsp;Biologii<\/strong> i&nbsp;w\u0142\u0105czono do Instytutu Biologicznych Podstaw Chor\u00f3b Zwierz\u0105t, w&nbsp;kt\u00f3rym funkcjonuje obecnie.<\/p>\n<p>Kierownikiem Zak\u0142adu w&nbsp;latach 1963 \u2013 1991 by\u0142a prof. dr hab. Maria Prost, nast\u0119pnie od 1991 r. do sierpnia 2020 r. &#8211; prof. dr hab. Antonina Sopi\u0144ska, a&nbsp;od wrze\u015bnia 2020 r. &#8211; dr hab. Leszek Guz, prof. ucz.<\/p>\n<p>W dzia\u0142alno\u015bci naukowo-dydaktycznej Zak\u0142adu uczestniczy\u0142y: prof. dr hab. Maria Prost (1963-1991), prof. dr hab. Maria Studnicka (1963-1978), dr hab. Hanna Lutnicka (1980-2008), lek. wet. Kamila Bulak (2008-2009).<\/p>\n<p>Obsad\u0119 techniczn\u0105 Zak\u0142adu stanowili: mgr Barbara Sta\u0144ska (1963-1968), mgr Barbara Karwa\u0144ska (1963-1968), mgr Jadwiga Niezgoda (1968-2005), mgr in\u017c. Marian Jamroz (1973-2013), lek. wet. Monika Wiater.<\/p>\n<p><strong>Obecnie w&nbsp;Zak\u0142adzie Chor\u00f3b Ryb i&nbsp;Biologii pracuj\u0105: <\/strong><\/p>\n<p>dr hab. Leszek Guz, prof. ucz. \u2013 kierownik,<br \/>dr Krzysztof Puk \u2013 adiunkt,<br \/>lek. wet. Paulina Le\u015bniak \u2013 asystent,<br \/>dr Anna Grocho\u0142a \u2013 pracownik techniczny.<\/p>\n<p>Badania naukowe realizowane w&nbsp;Zak\u0142adzie by\u0142y podstaw\u0105 uzyskania stopni naukowych. Stopie\u0144 naukowy doktora uzyskali: Maria Studnicka (1969), Antonina Sopi\u0144ska (1981), Hanna Lutnicka (1988), Leszek Guz (1998), Anna Grocho\u0142a (1999), Dagna Szubstarska (2003), Krzysztof Puk (2018), Natalia Walczak (2018). Stopie\u0144 naukowy doktora habilitowanego uzyskali: Maria Prost (1963), Maria Studnicka (1977), Antonina Sopi\u0144ska (1991), Hanna Lutnicka (2002), Leszek Guz (2012).<\/p>\n                                        <\/div>\n\t\t\t\t\t\t                                <\/div>\n\t\t\t\t\t\t<\/div>\n\t<\/div>\n<\/section>\n\t\t<\/div>\n\t\t\t\t<\/div>\n\t\t\t\t\t\t<\/div>\n\t\t\t\t\t<\/div>\n\t\t<\/div>\n\t\t\t\t\t\t\t\t<\/div>\n\t\t\t\t\t<\/div>\n\t\t<\/section>\n\t\t\t\t\t\t<\/div>\n\t\t\t\t\t\t<\/div>\n\t\t\t\t\t<\/div>\n\t\t","protected":false},"excerpt":{"rendered":"<p>Zak\u0142ad Biologii i&nbsp;Chor\u00f3b Ryb UP Wydzia\u0142 Medycyny Weterynaryjnej Dydaktyka Badania Historia Zagadnienia do \u0107wicze\u0144 z&nbsp;biologii kom\u00f3rki \u0106wiczenie 1 z&nbsp;BK &#8211; J\u0105dro kom\u00f3rkowe \u0106wiczenie 2 z&nbsp;BK &#8211; Mitochondria \u0106wiczenie 3 z&nbsp;BK &#8211; Cytoszkielet \u0106wiczenie 4 z&nbsp;BK &#8211; Apoptoza i&nbsp;nekroza \u0106wiczenie 5 z&nbsp;BK &#8211; Kom\u00f3rki krwi Zagadnienia do \u0107wicze\u0144 z&nbsp;biologii Zagadnienia z&nbsp;biologii &#8211; \u0107wiczenie 1 Zagadnienia z&nbsp;biologii [&hellip;]<\/p>\n","protected":false},"author":2,"featured_media":0,"parent":317,"menu_order":0,"comment_status":"closed","ping_status":"closed","template":"elementor_header_footer","meta":{"_monsterinsights_skip_tracking":false,"_monsterinsights_sitenote_active":false,"_monsterinsights_sitenote_note":"","_monsterinsights_sitenote_category":0},"_links":{"self":[{"href":"https:\/\/up.lublin.pl\/weterynaria\/wp-json\/wp\/v2\/pages\/143644"}],"collection":[{"href":"https:\/\/up.lublin.pl\/weterynaria\/wp-json\/wp\/v2\/pages"}],"about":[{"href":"https:\/\/up.lublin.pl\/weterynaria\/wp-json\/wp\/v2\/types\/page"}],"author":[{"embeddable":true,"href":"https:\/\/up.lublin.pl\/weterynaria\/wp-json\/wp\/v2\/users\/2"}],"replies":[{"embeddable":true,"href":"https:\/\/up.lublin.pl\/weterynaria\/wp-json\/wp\/v2\/comments?post=143644"}],"version-history":[{"count":25,"href":"https:\/\/up.lublin.pl\/weterynaria\/wp-json\/wp\/v2\/pages\/143644\/revisions"}],"predecessor-version":[{"id":162432,"href":"https:\/\/up.lublin.pl\/weterynaria\/wp-json\/wp\/v2\/pages\/143644\/revisions\/162432"}],"up":[{"embeddable":true,"href":"https:\/\/up.lublin.pl\/weterynaria\/wp-json\/wp\/v2\/pages\/317"}],"wp:attachment":[{"href":"https:\/\/up.lublin.pl\/weterynaria\/wp-json\/wp\/v2\/media?parent=143644"}],"curies":[{"name":"wp","href":"https:\/\/api.w.org\/{rel}","templated":true}]}}