{"id":140744,"date":"2021-04-25T16:53:17","date_gmt":"2021-04-25T14:53:17","guid":{"rendered":"https:\/\/up.lublin.pl\/weterynaria\/?page_id=140744"},"modified":"2022-10-13T14:39:55","modified_gmt":"2022-10-13T12:39:55","slug":"zaklad-mikrobiologii","status":"publish","type":"page","link":"https:\/\/up.lublin.pl\/weterynaria\/wydzial\/struktura-i-pracownicy\/zaklad-mikrobiologii\/","title":{"rendered":"Zak\u0142ad Mikrobiologii"},"content":{"rendered":"\t\t<div data-elementor-type=\"wp-page\" data-elementor-id=\"140744\" class=\"elementor elementor-140744\" data-elementor-settings=\"[]\">\n\t\t\t\t\t\t<div class=\"elementor-inner\">\n\t\t\t\t\t\t\t<div class=\"elementor-section-wrap\">\n\t\t\t\t\t\t\t<section class=\"elementor-section elementor-top-section elementor-element elementor-element-0fc90ad elementor-section-boxed elementor-section-height-default elementor-section-height-default\" data-id=\"0fc90ad\" data-element_type=\"section\">\n\t\t\t\t\t\t<div class=\"elementor-container elementor-column-gap-default\">\n\t\t\t\t\t\t\t<div class=\"elementor-row\">\n\t\t\t\t\t<div class=\"elementor-column elementor-col-100 elementor-top-column elementor-element elementor-element-81aed0d\" data-id=\"81aed0d\" data-element_type=\"column\">\n\t\t\t<div class=\"elementor-column-wrap elementor-element-populated\">\n\t\t\t\t\t\t\t<div class=\"elementor-widget-wrap\">\n\t\t\t\t\t\t<div class=\"elementor-element elementor-element-ea5be20 elementor-widget elementor-widget-m2k\" data-id=\"ea5be20\" data-element_type=\"widget\" data-widget_type=\"m2k.default\">\n\t\t\t\t<div class=\"elementor-widget-container\">\n\t\t\t<section class=\"mn-m2-d mn-bg-green\">\n    <div class=\"mn-grid\">\n        <div class=\"mn-grid-12 mn-introtext\">\n                            <h3>\n                    Zak\u0142ad Mikrobiologii                 <\/h3>\n                        <\/div>\n    <\/div>\n    <\/section>\n\t\t<\/div>\n\t\t\t\t<\/div>\n\t\t\t\t\t\t<\/div>\n\t\t\t\t\t<\/div>\n\t\t<\/div>\n\t\t\t\t\t\t\t\t<\/div>\n\t\t\t\t\t<\/div>\n\t\t<\/section>\n\t\t\t\t<section class=\"elementor-section elementor-top-section elementor-element elementor-element-5185dd7 elementor-section-boxed elementor-section-height-default elementor-section-height-default\" data-id=\"5185dd7\" data-element_type=\"section\">\n\t\t\t\t\t\t<div class=\"elementor-container elementor-column-gap-default\">\n\t\t\t\t\t\t\t<div class=\"elementor-row\">\n\t\t\t\t\t<div class=\"elementor-column elementor-col-100 elementor-top-column elementor-element elementor-element-ce9dfeb\" data-id=\"ce9dfeb\" data-element_type=\"column\">\n\t\t\t<div class=\"elementor-column-wrap elementor-element-populated\">\n\t\t\t\t\t\t\t<div class=\"elementor-widget-wrap\">\n\t\t\t\t\t\t<div class=\"elementor-element elementor-element-bc8a307 elementor-widget elementor-widget-m5c\" data-id=\"bc8a307\" data-element_type=\"widget\" data-widget_type=\"m5c.default\">\n\t\t\t\t<div class=\"elementor-widget-container\">\n\t\t\t<section class=\"mn-m5-c mn-bg-white\">\n\t<div class=\"mn-grid\">\n\t\t            <div class=\"mn-menu-container mn-grid-3\">\n                <ul class=\"mn-bg-yellow\">\n\t                                        <li>\n                            <a href=\"#\" class=\"active\" data-hash=\"#dydaktyka\">\n                                Dydaktyka                            <\/a>\n                        <\/li>\n                                                <li>\n                            <a href=\"#\" class=\"\" data-hash=\"#badania\">\n                                Badania                            <\/a>\n                        <\/li>\n                                        <\/ul>\n            <\/div>\n\t        \t\t<div class=\"mn-content mn-grid-8\">\n\t\t\t                <div class=\"mn-content-block active\">\n\t                                                        <div class=\"block-text\">\n\t                                        <p><b>Przedmioty dydaktyczne:<\/b><\/p>\n<ul>\n<li>\u00a0 mikrobiologia og\u00f3lna,<\/li>\n<li>\u00a0 immunologia zaka\u017ana,<\/li>\n<li>\u00a0 bakteriologia,<\/li>\n<li>\u00a0 mikologia i&nbsp;wirusologia weterynaryjna.<\/li>\n<\/ul>\n<hr \/>\n<p><strong><br \/>Konspekty do \u0107wicze\u0144 i&nbsp;wyk\u0142ad\u00f3w z&nbsp;przedmiotu Mikrobiologia weterynaryjna:<\/strong><\/p>\n<ul>\n<li><a href=\"https:\/\/up.lublin.pl\/weterynaria\/wp-content\/uploads\/sites\/3\/2021\/06\/cwiczenia-mikrobiologia-weterynaryjna.pdf\">Skrypt I&nbsp;semestr<\/a><\/li>\n<li><a href=\"https:\/\/up.lublin.pl\/weterynaria\/wp-content\/uploads\/sites\/3\/2021\/06\/skrypt-ii_semestr.pdf\">Skrypt II semestr<\/a><\/li>\n<\/ul>\n                                        <\/div>\n\t\t\t\t\t\t                                <\/div>\n\t\t\t\t                <div class=\"mn-content-block\">\n\t                                                        <div class=\"block-text\">\n\t                                        <p><strong>Osi\u0105gni\u0119cia:<\/strong><\/p>\n<p><strong>Izolacja i&nbsp;charakterystyka:<\/strong><br \/>&#8211; dysocjacyjnej formy Erysipelothrix rhusiopathiae (forma X) <br \/>&#8211; bakterii z&nbsp;rodzaju Moraxella od byd\u0142a (M. bovis)<br \/>&#8211; bakterii beztlenowych z&nbsp;rodzaju Clostridium i&nbsp;rodzaju Bacterioides (B. nodosus) pod k\u0105tem ich przydatno\u015bci do opracowania szczepionek<\/p>\n<p><strong>Badania dotycz\u0105ce izolacji i&nbsp;charakterystyki wirus\u00f3w<\/strong>:<br \/>&#8211; wirusa osutki p\u0119cherzykowej \u015bwi\u0144 <br \/>&#8211; wirus\u00f3w parainfluenzy 3 byd\u0142a (PI-3) <br \/>&#8211; paramiksowirusa go\u0142\u0119bi <br \/>&#8211; wirus\u00f3w IBR i&nbsp;IPV byd\u0142a <br \/>&#8211; wirusa choroby Aujeszky\u2019ego <br \/>&#8211; adenowirusa byd\u0142a <br \/>&#8211; wirusa niesztowicy <br \/>&#8211; enterowirus\u00f3w byd\u0142a i&nbsp;\u015bwi\u0144 <br \/>&#8211; parwowirusa patogennego dla ps\u00f3w <\/p>\n<p><strong>Okre\u015blenie w\u0142a\u015bciwo\u015bci morfologicznych, hodowlanych oraz fizjologicznych grzyb\u00f3w<\/strong>:<br \/>&#8211; dermatofit\u00f3w: Trichophyton verrucosum, Trichophyton mentagrophytes oraz Microsporum canis <br \/>&#8211; grzyb\u00f3w dro\u017cd\u017copodobnych : Malassezia pachydermatis w&nbsp;badaniach uwzgl\u0119dniono, przede wszystkim zagadnienia z&nbsp;zakresu patogenno\u015bci oraz diagnostyki poszczeg\u00f3lnych infekcji.<br \/>&#8211; opracowano swoisty preparat antygenowy z&nbsp;M. canis.<br \/>&#8211; opracowano i&nbsp;przeprowadzono standaryzacj\u0119 warunk\u00f3w wykonywania testu ELISA do okre\u015blania poziomu przeciwcia\u0142 przy dermatofitozach kot\u00f3w.<\/p>\n<p><strong>Opracowanie swoistej immunoprofilaktyki i&nbsp;terapii<\/strong>:<br \/>&#8211; grzybic sk\u00f3rnych dla byd\u0142a \u2013 Bovitrichovac II<br \/>&#8211; dla zwierz\u0105t futerkowych \u2013 Alopevac<br \/>&#8211; dla kot\u00f3w \u2013 Felisvac<br \/>&#8211; parwowirozy ps\u00f3w \u2013 Parvoglobulina<\/p>\n<p>W\/w. preparaty po uprzedniej rejestracji s\u0105 produkowane w&nbsp;Zak\u0142adach Przemys\u0142u Bioweterynaryjnego \u201eBiowet\u201d w&nbsp;Pu\u0142awach<\/p>\n                                        <\/div>\n\t\t\t\t\t\t                                <\/div>\n\t\t\t\t\t\t<\/div>\n\t<\/div>\n<\/section>\n\t\t<\/div>\n\t\t\t\t<\/div>\n\t\t\t\t\t\t<\/div>\n\t\t\t\t\t<\/div>\n\t\t<\/div>\n\t\t\t\t\t\t\t\t<\/div>\n\t\t\t\t\t<\/div>\n\t\t<\/section>\n\t\t\t\t\t\t<\/div>\n\t\t\t\t\t\t<\/div>\n\t\t\t\t\t<\/div>\n\t\t","protected":false},"excerpt":{"rendered":"<p>Zak\u0142ad Mikrobiologii UP Wydzia\u0142 Medycyny Weterynaryjnej Dydaktyka Badania Przedmioty dydaktyczne: \u00a0 mikrobiologia og\u00f3lna, \u00a0 immunologia zaka\u017ana, \u00a0 bakteriologia, \u00a0 mikologia i&nbsp;wirusologia weterynaryjna. Konspekty do \u0107wicze\u0144 i&nbsp;wyk\u0142ad\u00f3w z&nbsp;przedmiotu Mikrobiologia weterynaryjna: Skrypt I&nbsp;semestr Skrypt II semestr Osi\u0105gni\u0119cia: Izolacja i&nbsp;charakterystyka:&#8211; dysocjacyjnej formy Erysipelothrix rhusiopathiae (forma X) &#8211; bakterii z&nbsp;rodzaju Moraxella od byd\u0142a (M. bovis)&#8211; bakterii beztlenowych z&nbsp;rodzaju Clostridium [&hellip;]<\/p>\n","protected":false},"author":2,"featured_media":0,"parent":317,"menu_order":0,"comment_status":"closed","ping_status":"closed","template":"elementor_header_footer","meta":{"_monsterinsights_skip_tracking":false,"_monsterinsights_sitenote_active":false,"_monsterinsights_sitenote_note":"","_monsterinsights_sitenote_category":0},"_links":{"self":[{"href":"https:\/\/up.lublin.pl\/weterynaria\/wp-json\/wp\/v2\/pages\/140744"}],"collection":[{"href":"https:\/\/up.lublin.pl\/weterynaria\/wp-json\/wp\/v2\/pages"}],"about":[{"href":"https:\/\/up.lublin.pl\/weterynaria\/wp-json\/wp\/v2\/types\/page"}],"author":[{"embeddable":true,"href":"https:\/\/up.lublin.pl\/weterynaria\/wp-json\/wp\/v2\/users\/2"}],"replies":[{"embeddable":true,"href":"https:\/\/up.lublin.pl\/weterynaria\/wp-json\/wp\/v2\/comments?post=140744"}],"version-history":[{"count":19,"href":"https:\/\/up.lublin.pl\/weterynaria\/wp-json\/wp\/v2\/pages\/140744\/revisions"}],"predecessor-version":[{"id":155622,"href":"https:\/\/up.lublin.pl\/weterynaria\/wp-json\/wp\/v2\/pages\/140744\/revisions\/155622"}],"up":[{"embeddable":true,"href":"https:\/\/up.lublin.pl\/weterynaria\/wp-json\/wp\/v2\/pages\/317"}],"wp:attachment":[{"href":"https:\/\/up.lublin.pl\/weterynaria\/wp-json\/wp\/v2\/media?parent=140744"}],"curies":[{"name":"wp","href":"https:\/\/api.w.org\/{rel}","templated":true}]}}