{"id":140721,"date":"2021-04-25T16:28:26","date_gmt":"2021-04-25T14:28:26","guid":{"rendered":"https:\/\/up.lublin.pl\/weterynaria\/?page_id=140721"},"modified":"2022-10-13T14:37:21","modified_gmt":"2022-10-13T12:37:21","slug":"katedra-farmakologii-toksykologii-i-ochrony-srodowiska","status":"publish","type":"page","link":"https:\/\/up.lublin.pl\/weterynaria\/wydzial\/struktura-i-pracownicy\/katedra-farmakologii-toksykologii-i-ochrony-srodowiska\/","title":{"rendered":"Katedra Farmakologii, Toksykologii i Ochrony \u015arodowiska"},"content":{"rendered":"\t\t<div data-elementor-type=\"wp-page\" data-elementor-id=\"140721\" class=\"elementor elementor-140721\" data-elementor-settings=\"[]\">\n\t\t\t\t\t\t<div class=\"elementor-inner\">\n\t\t\t\t\t\t\t<div class=\"elementor-section-wrap\">\n\t\t\t\t\t\t\t<section class=\"elementor-section elementor-top-section elementor-element elementor-element-5baadbe elementor-section-boxed elementor-section-height-default elementor-section-height-default\" data-id=\"5baadbe\" data-element_type=\"section\">\n\t\t\t\t\t\t<div class=\"elementor-container elementor-column-gap-default\">\n\t\t\t\t\t\t\t<div class=\"elementor-row\">\n\t\t\t\t\t<div class=\"elementor-column elementor-col-100 elementor-top-column elementor-element elementor-element-9ba7618\" data-id=\"9ba7618\" data-element_type=\"column\">\n\t\t\t<div class=\"elementor-column-wrap elementor-element-populated\">\n\t\t\t\t\t\t\t<div class=\"elementor-widget-wrap\">\n\t\t\t\t\t\t<div class=\"elementor-element elementor-element-9becc8c elementor-widget elementor-widget-m2k\" data-id=\"9becc8c\" data-element_type=\"widget\" data-widget_type=\"m2k.default\">\n\t\t\t\t<div class=\"elementor-widget-container\">\n\t\t\t<section class=\"mn-m2-d mn-bg-green\">\n    <div class=\"mn-grid\">\n        <div class=\"mn-grid-12 mn-introtext\">\n                            <h3>\n                    Katedra Farmakologii, Toksykologii i&nbsp;Ochrony \u015arodowiska                <\/h3>\n                        <\/div>\n    <\/div>\n    <\/section>\n\t\t<\/div>\n\t\t\t\t<\/div>\n\t\t\t\t\t\t<\/div>\n\t\t\t\t\t<\/div>\n\t\t<\/div>\n\t\t\t\t\t\t\t\t<\/div>\n\t\t\t\t\t<\/div>\n\t\t<\/section>\n\t\t\t\t<section class=\"elementor-section elementor-top-section elementor-element elementor-element-aa3090e elementor-section-boxed elementor-section-height-default elementor-section-height-default\" data-id=\"aa3090e\" data-element_type=\"section\">\n\t\t\t\t\t\t<div class=\"elementor-container elementor-column-gap-default\">\n\t\t\t\t\t\t\t<div class=\"elementor-row\">\n\t\t\t\t\t<div class=\"elementor-column elementor-col-100 elementor-top-column elementor-element elementor-element-428b1b1\" data-id=\"428b1b1\" data-element_type=\"column\">\n\t\t\t<div class=\"elementor-column-wrap elementor-element-populated\">\n\t\t\t\t\t\t\t<div class=\"elementor-widget-wrap\">\n\t\t\t\t\t\t<div class=\"elementor-element elementor-element-244e181 elementor-widget elementor-widget-m5c\" data-id=\"244e181\" data-element_type=\"widget\" data-widget_type=\"m5c.default\">\n\t\t\t\t<div class=\"elementor-widget-container\">\n\t\t\t<section class=\"mn-m5-c mn-bg-white\">\n\t<div class=\"mn-grid\">\n\t\t            <div class=\"mn-menu-container mn-grid-3\">\n                <ul class=\"mn-bg-yellow\">\n\t                                        <li>\n                            <a href=\"#\" class=\"active\" data-hash=\"#dydaktyka\">\n                                Dydaktyka                            <\/a>\n                        <\/li>\n                                                <li>\n                            <a href=\"#\" class=\"\" data-hash=\"#badania\">\n                                Badania                            <\/a>\n                        <\/li>\n                                                <li>\n                            <a href=\"#\" class=\"\" data-hash=\"#historia\">\n                                Historia                            <\/a>\n                        <\/li>\n                                        <\/ul>\n            <\/div>\n\t        \t\t<div class=\"mn-content mn-grid-8\">\n\t\t\t                <div class=\"mn-content-block active\">\n\t                                                        <div class=\"block-text\">\n\t                                        <p>Zaj\u0119cia prowadzone w&nbsp;Katedrze Farmakologii, Toksykologii i&nbsp;Ochrony \u015arodowiska obejmuj\u0105 wyk\u0142ady oraz \u0107wiczenia laboratoryjne i&nbsp;terenowe z&nbsp;zakresu Farmakologii Weterynaryjnej, Farmacji Weterynaryjnej, Ochrony \u015arodowiska, Toksykologii Weterynaryjnej, Podstaw Farmakokinetyki Lek\u00f3w oraz Farmacji Klinicznej.<\/p>\n<p>Przyk\u0142ady zakres\u00f3w wiedzy w&nbsp;ramach wybranych modu\u0142\u00f3w.<\/p>\n<p>Farmakologia weterynaryjna1- studenci zapoznawani s\u0105 z&nbsp;wiedz\u0105 dotycz\u0105c\u0105 farmakologii weterynaryjnej w&nbsp;tym: farmakokinetyka i&nbsp;farmakodynamika lek\u00f3w w&nbsp;organizmie \u2013 wch\u0142anianie, biodost\u0119pno\u015b\u0107, rozmieszczenie w&nbsp;tkankach, biotransformacja, wydalanie, interakcje; charakterystyka grup \u015brodk\u00f3w leczniczych \u2013 efekty i&nbsp;mechanizmy ich dzia\u0142ania na organizm i&nbsp;poszczeg\u00f3lne narz\u0105dy; podstawowe wskazania i&nbsp;przeciwwskazania do stosowania poszczeg\u00f3lnych grup lek\u00f3w u&nbsp;r\u00f3\u017cnych gatunk\u00f3w zwierz\u0105t (podstawy farmakoterapii); prowadzenie, nadzorowanie i&nbsp;modyfikowanie terapii zgodnie z&nbsp;najnowszymi osi\u0105gni\u0119ciami nauk farmaceutycznych; samodzielna ocena bezpiecze\u0144stwa i&nbsp;racjonalizacji u\u017cytkowania lek\u00f3w; nabycie umiej\u0119tno\u015bci prawid\u0142owego pisania recepty lekarskiej oraz rozwini\u0119cie kompetencji w&nbsp;zakresie \u015bwiadomego i&nbsp;odpowiedzialnego stosowania wiedzy zdobytej w&nbsp;trakcie realizacji przedmiotu.<\/p>\n<p>Farmakologia weterynaryjna2- studenci zapoznawani s\u0105 z&nbsp;wiedz\u0105 dotycz\u0105c\u0105 szczeg\u00f3\u0142owej farmakologii weterynaryjnej w&nbsp;tym charakterystyka grup \u015brodk\u00f3w leczniczych \u2013 efekty i&nbsp;mechanizmy ich dzia\u0142ania na organizm i&nbsp;poszczeg\u00f3lne narz\u0105dy; podstawowe wskazania i&nbsp;przeciwwskazania do stosowania poszczeg\u00f3lnych grup lek\u00f3w u&nbsp;r\u00f3\u017cnych gatunk\u00f3w zwierz\u0105t (podstawy farmakoterapii w&nbsp;tym racjonalnej antybiotykoterapii); prowadzenie, nadzorowanie i&nbsp;modyfikowanie terapii zgodnie z&nbsp;najnowszymi osi\u0105gni\u0119ciami nauk farmaceutycznych; samodzielna ocena bezpiecze\u0144stwa i&nbsp;racjonalizacji u\u017cytkowania lek\u00f3w; rozwini\u0119cie kompetencji w&nbsp;zakresie \u015bwiadomego i&nbsp;odpowiedzialnego stosowania wiedzy zdobytej w&nbsp;trakcie realizacji przedmiotu.<\/p>\n<p>Farmacja weterynaryjna- studenci zapoznawani s\u0105 z&nbsp;wiedz\u0105 dotycz\u0105c\u0105 farmacji stosowanej w&nbsp;tym z&nbsp;zakresu prawa farmaceutycznego i&nbsp;w\u0142a\u015bciwo\u015bci wa\u017cniejszych postaci leku gotowego i&nbsp;recepturowego; Poznanie g\u0142\u00f3wnych element\u00f3w technologii produkt\u00f3w leczniczych, zapoznanie student\u00f3w z&nbsp;wiedz\u0105 dotycz\u0105c\u0105 stosowania alternatywnych metod terapii oraz skutecznej aseptyki i&nbsp;antyseptyki; rozwini\u0119cie kompetencji w&nbsp;zakresie \u015bwiadomego i&nbsp;odpowiedzialnego stosowania wiedzy zdobytej w&nbsp;trakcie realizacji przedmiotu.<\/p>\n<p>W Zak\u0142adzie zosta\u0142y przeprowadzone 4 przewody habilitacyjne i&nbsp;13 przewod\u00f3w doktorskich. Obecnie trzy przewody doktorskie s\u0105 w&nbsp;trakcie realizacji.<\/p>\n                                        <\/div>\n\t\t\t\t\t\t                                <\/div>\n\t\t\t\t                <div class=\"mn-content-block\">\n\t                                                        <div class=\"block-text\">\n\t                                        <p>&#8211; Farmakokinetyka i&nbsp;farmakodynamika lek\u00f3w weterynaryjnych, przeciwbakteryjnych, przeciwpaso\u017cytniczych i&nbsp;przeciwb\u00f3lowych, umo\u017cliwiaj\u0105ca zar\u00f3wno precyzyjne ustalenie poziomu dawkowania, ocen\u0119 ich dzia\u0142ania<br \/>w organizmie, ponadto ustalenie czasu ich eliminacji z&nbsp;ustroju.<\/p>\n<p>&#8211; Opracowanie metod i&nbsp;procedur analitycznych posiadaj\u0105cych powtarzaln\u0105 oznaczalno\u015b\u0107, w&nbsp;kt\u00f3rych warunki analityczne s\u0105 dobierane w&nbsp;spos\u00f3b pozwalaj\u0105cy na oznaczania poziom\u00f3w substancji badanych (lek\u00f3w) w&nbsp;tkankach i&nbsp;produktach pochodzenia zwierz\u0119cego.<\/p>\n<p>&#8211; Rola wolnych rodnik\u00f3w i&nbsp;antyoksydant\u00f3w w&nbsp;funkcjonowaniu organizmu.<\/p>\n<p>&#8211; Ocena dzia\u0142ania toksycznego lek\u00f3w i&nbsp;oporno\u015bci szczep\u00f3w patogennych na chemioterapeutyki stosowane w&nbsp;lecznictwie weterynaryjnym.<\/p>\n<p>&#8211; Badania nad nowymi, skuteczniejszymi lekami (po\u0142\u0105czenia chemioterapeutyk\u00f3w).<\/p>\n                                        <\/div>\n\t\t\t\t\t\t                                <\/div>\n\t\t\t\t                <div class=\"mn-content-block\">\n\t                                                        <div class=\"block-text\">\n\t                                        <p>Zak\u0142ad Farmakologii, do 1 wrze\u015bnia 2003 roku Katedra Farmakologii, w&nbsp;latach 1944-1955 wchodzi\u0142 w&nbsp;sk\u0142ad Wydzia\u0142u Weterynaryjnego UMCS, a&nbsp;od 1 wrze\u015bnia 1955 roku &#8211; Wy\u017cszej Szko\u0142y Rolniczej. Funkcj\u0119 pierwszego Kierownika Katedry pe\u0142ni\u0142 doc. dr Stanis\u0142aw D\u0142u\u017cewski. W&nbsp;1947 roku na kierownika Katedry zosta\u0142 powo\u0142any prof. dr hab. Grzegorz Sta\u015bkiewicz \u2013 prof. nadzw. (1959), profesor zw. (1978), dr honoris causa AR w&nbsp;Lublinie (1989), organizator Wydz. Weterynaryjnego UMCS oraz Katedry Farmakologii Wydzia\u0142u Wet. UMCS, WSR i&nbsp;AR w&nbsp;Lublinie; prodziekan (1960-1962) i&nbsp;dziekan (1966-1969) tego Wydzia\u0142u. Tematyka realizowanych w\u00f3wczas bada\u0144 dotyczy\u0142a farmakokinetyki nowych postaci lek\u00f3w wet., a&nbsp;tak\u017ce fitochemicznych surowc\u00f3w leczniczych i&nbsp;pasz.<\/p>\n<p>W okresie od 1970 do 1992 roku Katedra Farmakologii znalaz\u0142a si\u0119 w&nbsp;ramach Instytutu Nauk Fizjologicznych jako Zak\u0142ad Farmakologii, a&nbsp;po rozwi\u0105zaniu Instytutu w&nbsp;1992 roku ponownie przyj\u0119\u0142a status Katedry.<\/p>\n<p>Po odej\u015bciu Prof. G. Sta\u015bkiewicza na emerytur\u0119 w&nbsp;1979 roku, kierownictwo \u00f3wczesnej Katedry Farmakologii obj\u0105\u0142 prof. dr hab. Zbigniew Roli\u0144ski \u2013 profesor nadzw. (1982), profesor zw. (1990), dyrektor Instytutu Nauk Fizjologicznych (1976-1992). Zakres bada\u0144 poszerzono o&nbsp;zagadnienie farmakologii o\u015brodkowego uk\u0142adu nerwowego w&nbsp;zakresie mechanizm\u00f3w dzia\u0142ania antyagresywnego i&nbsp;przeciwdrgawkowego lek\u00f3w. Kontynuowano r\u00f3wnie\u017c badania z&nbsp;dziedziny farmakokinetyki i&nbsp;dost\u0119pno\u015bci biologicznej chemioterapeutyk\u00f3w i&nbsp;ich po\u0142\u0105cze\u0144.<\/p>\n<p>Od 2001 roku, po odej\u015bciu Prof. Z. Roli\u0144skiego na emerytur\u0119, funkcj\u0119 kierownika Katedry, a&nbsp;od 1 pa\u017adziernika 2001 roku Zak\u0142adu Farmakologii obj\u0105\u0142 Prof. dr hab. Cezary Kowalski \u2013 prof. nadzw. (2007), profesor zw. (2009), prodziekan Wydzia\u0142u Med. Wet. UP w&nbsp;Lublinie (2008), kt\u00f3ry funkcj\u0119 t\u0119 pe\u0142ni do chwili obecnej. Profesor zorganizowa\u0142 nowoczesne laboratorium chromatograficzne podejmuj\u0105c czynno\u015bci i&nbsp;procedury do uzyskania GMP (Good Manufacturing Practice), wprowadzi\u0142 do bada\u0144 i&nbsp;oceny lek\u00f3w nowoczesne, selektywne metody analityczne, kontynuuje i&nbsp;rozwija badania w&nbsp;zakresie oceny farmakologicznej i&nbsp;toksycznej nowych lek\u00f3w weterynaryjnych. Zajmuje si\u0119 r\u00f3wnie\u017c badaniami dystrybucji i&nbsp;tempa eliminacji lek\u00f3w z&nbsp;organizmu i&nbsp;ich pozosta\u0142o\u015bci w&nbsp;\u017cywno\u015bci pochodzenia zwierz\u0119cego.<\/p>\n                                        <\/div>\n\t\t\t\t\t\t                                <\/div>\n\t\t\t\t\t\t<\/div>\n\t<\/div>\n<\/section>\n\t\t<\/div>\n\t\t\t\t<\/div>\n\t\t\t\t\t\t<\/div>\n\t\t\t\t\t<\/div>\n\t\t<\/div>\n\t\t\t\t\t\t\t\t<\/div>\n\t\t\t\t\t<\/div>\n\t\t<\/section>\n\t\t\t\t\t\t<\/div>\n\t\t\t\t\t\t<\/div>\n\t\t\t\t\t<\/div>\n\t\t","protected":false},"excerpt":{"rendered":"<p>Katedra Farmakologii, Toksykologii i&nbsp;Ochrony \u015arodowiska UP Wydzia\u0142 Medycyny Weterynaryjnej Dydaktyka Badania Historia Zaj\u0119cia prowadzone w&nbsp;Katedrze Farmakologii, Toksykologii i&nbsp;Ochrony \u015arodowiska obejmuj\u0105 wyk\u0142ady oraz \u0107wiczenia laboratoryjne i&nbsp;terenowe z&nbsp;zakresu Farmakologii Weterynaryjnej, Farmacji Weterynaryjnej, Ochrony \u015arodowiska, Toksykologii Weterynaryjnej, Podstaw Farmakokinetyki Lek\u00f3w oraz Farmacji Klinicznej. Przyk\u0142ady zakres\u00f3w wiedzy w&nbsp;ramach wybranych modu\u0142\u00f3w. Farmakologia weterynaryjna1- studenci zapoznawani s\u0105 z&nbsp;wiedz\u0105 dotycz\u0105c\u0105 farmakologii weterynaryjnej [&hellip;]<\/p>\n","protected":false},"author":2,"featured_media":0,"parent":317,"menu_order":0,"comment_status":"closed","ping_status":"closed","template":"elementor_header_footer","meta":{"_monsterinsights_skip_tracking":false,"_monsterinsights_sitenote_active":false,"_monsterinsights_sitenote_note":"","_monsterinsights_sitenote_category":0},"_links":{"self":[{"href":"https:\/\/up.lublin.pl\/weterynaria\/wp-json\/wp\/v2\/pages\/140721"}],"collection":[{"href":"https:\/\/up.lublin.pl\/weterynaria\/wp-json\/wp\/v2\/pages"}],"about":[{"href":"https:\/\/up.lublin.pl\/weterynaria\/wp-json\/wp\/v2\/types\/page"}],"author":[{"embeddable":true,"href":"https:\/\/up.lublin.pl\/weterynaria\/wp-json\/wp\/v2\/users\/2"}],"replies":[{"embeddable":true,"href":"https:\/\/up.lublin.pl\/weterynaria\/wp-json\/wp\/v2\/comments?post=140721"}],"version-history":[{"count":19,"href":"https:\/\/up.lublin.pl\/weterynaria\/wp-json\/wp\/v2\/pages\/140721\/revisions"}],"predecessor-version":[{"id":155610,"href":"https:\/\/up.lublin.pl\/weterynaria\/wp-json\/wp\/v2\/pages\/140721\/revisions\/155610"}],"up":[{"embeddable":true,"href":"https:\/\/up.lublin.pl\/weterynaria\/wp-json\/wp\/v2\/pages\/317"}],"wp:attachment":[{"href":"https:\/\/up.lublin.pl\/weterynaria\/wp-json\/wp\/v2\/media?parent=140721"}],"curies":[{"name":"wp","href":"https:\/\/api.w.org\/{rel}","templated":true}]}}