{"id":144278,"date":"2021-06-28T14:12:03","date_gmt":"2021-06-28T12:12:03","guid":{"rendered":"https:\/\/up.lublin.pl\/weterynaria\/?page_id=144278"},"modified":"2023-05-25T10:19:28","modified_gmt":"2023-05-25T08:19:28","slug":"department-of-parasitology-and-fish-diseases","status":"publish","type":"page","link":"https:\/\/up.lublin.pl\/weterynaria\/en\/about-faculty\/structure-and-employees\/department-of-parasitology-and-fish-diseases\/","title":{"rendered":"Department of Parasitology and Fish Diseases"},"content":{"rendered":"\t\t<div data-elementor-type=\"wp-page\" data-elementor-id=\"144278\" class=\"elementor elementor-144278\" data-elementor-settings=\"[]\">\n\t\t\t\t\t\t<div class=\"elementor-inner\">\n\t\t\t\t\t\t\t<div class=\"elementor-section-wrap\">\n\t\t\t\t\t\t\t<section class=\"elementor-section elementor-top-section elementor-element elementor-element-c572b49 elementor-section-boxed elementor-section-height-default elementor-section-height-default\" data-id=\"c572b49\" data-element_type=\"section\">\n\t\t\t\t\t\t<div class=\"elementor-container elementor-column-gap-default\">\n\t\t\t\t\t\t\t<div class=\"elementor-row\">\n\t\t\t\t\t<div class=\"elementor-column elementor-col-100 elementor-top-column elementor-element elementor-element-90fbd20\" data-id=\"90fbd20\" data-element_type=\"column\">\n\t\t\t<div class=\"elementor-column-wrap elementor-element-populated\">\n\t\t\t\t\t\t\t<div class=\"elementor-widget-wrap\">\n\t\t\t\t\t\t<div class=\"elementor-element elementor-element-e683f9c elementor-widget elementor-widget-m2k\" data-id=\"e683f9c\" data-element_type=\"widget\" data-widget_type=\"m2k.default\">\n\t\t\t\t<div class=\"elementor-widget-container\">\n\t\t\t<section class=\"mn-m2-d mn-bg-green\">\n    <div class=\"mn-grid\">\n        <div class=\"mn-grid-12 mn-introtext\">\n                            <h3>\n                    Department of Parasitology and Fish Diseases                <\/h3>\n                        <\/div>\n    <\/div>\n    <\/section>\n\t\t<\/div>\n\t\t\t\t<\/div>\n\t\t\t\t\t\t<\/div>\n\t\t\t\t\t<\/div>\n\t\t<\/div>\n\t\t\t\t\t\t\t\t<\/div>\n\t\t\t\t\t<\/div>\n\t\t<\/section>\n\t\t\t\t<section class=\"elementor-section elementor-top-section elementor-element elementor-element-98188f0 elementor-section-boxed elementor-section-height-default elementor-section-height-default\" data-id=\"98188f0\" data-element_type=\"section\">\n\t\t\t\t\t\t<div class=\"elementor-container elementor-column-gap-default\">\n\t\t\t\t\t\t\t<div class=\"elementor-row\">\n\t\t\t\t\t<div class=\"elementor-column elementor-col-100 elementor-top-column elementor-element elementor-element-90c93b2\" data-id=\"90c93b2\" data-element_type=\"column\">\n\t\t\t<div class=\"elementor-column-wrap elementor-element-populated\">\n\t\t\t\t\t\t\t<div class=\"elementor-widget-wrap\">\n\t\t\t\t\t\t<div class=\"elementor-element elementor-element-78e9ae1 elementor-widget elementor-widget-m4a\" data-id=\"78e9ae1\" data-element_type=\"widget\" data-widget_type=\"m4a.default\">\n\t\t\t\t<div class=\"elementor-widget-container\">\n\t\t\t\t<section class=\"mn-m4_b mn-bg-green\">\n\t\t\t\t<div class=\"mn-grid\">\n\t\t\t\t\t\t\t<div class=\"mn-grid-6 mn-kat-m4-container\">\n\t\t\t\t\t\t\t\t\t\t\t\t\t\t\t\t<h3>Sub-Depatmentof Biology and Fish Diseases<\/h3>\n\t\t\t\t\t\t\t\t\t\t\t\t\t\t\t\t\t\t\t\t\t\t<a href=\"https:\/\/up.lublin.pl\/weterynaria\/en\/about-faculty\/structure-and-employees\/fish-diseases\/\" class=\"mn-more\">Read more<\/a>\n\t\t\t\t\t\t\t\t\t\t<\/div>\n\t\t\t\t\t\t\t\t<div class=\"mn-grid-6 mn-kat-m4-container\">\n\t\t\t\t\t\t\t\t\t\t\t\t\t\t\t\t<h3>Sub-Department of Parasitology and Invasive Diseases<\/h3>\n\t\t\t\t\t\t\t\t\t\t\t\t\t\t\t\t\t\t\t\t\t\t<a href=\"https:\/\/up.lublin.pl\/weterynaria\/en\/about-faculty\/structure-and-employees\/sub-department-of-parasitology-and-invasive-diseases\/\" class=\"mn-more\">Read more<\/a>\n\t\t\t\t\t\t\t\t\t\t<\/div>\n\t\t\t\t\t\t<\/div>\n\t<\/section>\n\t\t\t<\/div>\n\t\t\t\t<\/div>\n\t\t\t\t\t\t<\/div>\n\t\t\t\t\t<\/div>\n\t\t<\/div>\n\t\t\t\t\t\t\t\t<\/div>\n\t\t\t\t\t<\/div>\n\t\t<\/section>\n\t\t\t\t\t\t<\/div>\n\t\t\t\t\t\t<\/div>\n\t\t\t\t\t<\/div>\n\t\t","protected":false},"excerpt":{"rendered":"<p>Department of Parasitology and Fish Diseases UP Wydzia\u0142 Medycyny Weterynaryjnej Sub-Depatmentof Biology and Fish Diseases Zobacz wi\u0119cej Sub-Department of Parasitology and Invasive Diseases Zobacz wi\u0119cej<\/p>\n","protected":false},"author":2,"featured_media":0,"parent":140878,"menu_order":0,"comment_status":"closed","ping_status":"closed","template":"elementor_header_footer","meta":{"_monsterinsights_skip_tracking":false,"_monsterinsights_sitenote_active":false,"_monsterinsights_sitenote_note":"","_monsterinsights_sitenote_category":0},"_links":{"self":[{"href":"https:\/\/up.lublin.pl\/weterynaria\/en\/wp-json\/wp\/v2\/pages\/144278"}],"collection":[{"href":"https:\/\/up.lublin.pl\/weterynaria\/en\/wp-json\/wp\/v2\/pages"}],"about":[{"href":"https:\/\/up.lublin.pl\/weterynaria\/en\/wp-json\/wp\/v2\/types\/page"}],"author":[{"embeddable":true,"href":"https:\/\/up.lublin.pl\/weterynaria\/en\/wp-json\/wp\/v2\/users\/2"}],"replies":[{"embeddable":true,"href":"https:\/\/up.lublin.pl\/weterynaria\/en\/wp-json\/wp\/v2\/comments?post=144278"}],"version-history":[{"count":10,"href":"https:\/\/up.lublin.pl\/weterynaria\/en\/wp-json\/wp\/v2\/pages\/144278\/revisions"}],"predecessor-version":[{"id":158050,"href":"https:\/\/up.lublin.pl\/weterynaria\/en\/wp-json\/wp\/v2\/pages\/144278\/revisions\/158050"}],"up":[{"embeddable":true,"href":"https:\/\/up.lublin.pl\/weterynaria\/en\/wp-json\/wp\/v2\/pages\/140878"}],"wp:attachment":[{"href":"https:\/\/up.lublin.pl\/weterynaria\/en\/wp-json\/wp\/v2\/media?parent=144278"}],"curies":[{"name":"wp","href":"https:\/\/api.w.org\/{rel}","templated":true}]}}