{"id":142833,"date":"2021-05-21T10:23:20","date_gmt":"2021-05-21T08:23:20","guid":{"rendered":"https:\/\/up.lublin.pl\/weterynaria\/?page_id=142833"},"modified":"2023-05-25T10:19:46","modified_gmt":"2023-05-25T08:19:46","slug":"sub-department-of-parasitology-and-invasive-diseases","status":"publish","type":"page","link":"https:\/\/up.lublin.pl\/weterynaria\/en\/about-faculty\/structure-and-employees\/sub-department-of-parasitology-and-invasive-diseases\/","title":{"rendered":"Sub-Department of Parasitology and Invasive Diseases"},"content":{"rendered":"\t\t<div data-elementor-type=\"wp-page\" data-elementor-id=\"142833\" class=\"elementor elementor-142833 elementor-143702\" data-elementor-settings=\"[]\">\n\t\t\t\t\t\t<div class=\"elementor-inner\">\n\t\t\t\t\t\t\t<div class=\"elementor-section-wrap\">\n\t\t\t\t\t\t\t<section class=\"elementor-section elementor-top-section elementor-element elementor-element-cc4b469 elementor-section-boxed elementor-section-height-default elementor-section-height-default\" data-id=\"cc4b469\" data-element_type=\"section\">\n\t\t\t\t\t\t<div class=\"elementor-container elementor-column-gap-default\">\n\t\t\t\t\t\t\t<div class=\"elementor-row\">\n\t\t\t\t\t<div class=\"elementor-column elementor-col-100 elementor-top-column elementor-element elementor-element-f1dcaa5\" data-id=\"f1dcaa5\" data-element_type=\"column\">\n\t\t\t<div class=\"elementor-column-wrap elementor-element-populated\">\n\t\t\t\t\t\t\t<div class=\"elementor-widget-wrap\">\n\t\t\t\t\t\t<div class=\"elementor-element elementor-element-a2cf1d5 elementor-widget elementor-widget-m2k\" data-id=\"a2cf1d5\" data-element_type=\"widget\" data-widget_type=\"m2k.default\">\n\t\t\t\t<div class=\"elementor-widget-container\">\n\t\t\t<section class=\"mn-m2-d mn-bg-green\">\n    <div class=\"mn-grid\">\n        <div class=\"mn-grid-12 mn-introtext\">\n                            <h3>\n                    Sub-Department of Parasitology and Invasive Diseases                <\/h3>\n                        <\/div>\n    <\/div>\n    <\/section>\n\t\t<\/div>\n\t\t\t\t<\/div>\n\t\t\t\t\t\t<\/div>\n\t\t\t\t\t<\/div>\n\t\t<\/div>\n\t\t\t\t\t\t\t\t<\/div>\n\t\t\t\t\t<\/div>\n\t\t<\/section>\n\t\t\t\t<section class=\"elementor-section elementor-top-section elementor-element elementor-element-c66f8db elementor-section-boxed elementor-section-height-default elementor-section-height-default\" data-id=\"c66f8db\" data-element_type=\"section\">\n\t\t\t\t\t\t<div class=\"elementor-container elementor-column-gap-default\">\n\t\t\t\t\t\t\t<div class=\"elementor-row\">\n\t\t\t\t\t<div class=\"elementor-column elementor-col-100 elementor-top-column elementor-element elementor-element-33f9c53\" data-id=\"33f9c53\" data-element_type=\"column\">\n\t\t\t<div class=\"elementor-column-wrap elementor-element-populated\">\n\t\t\t\t\t\t\t<div class=\"elementor-widget-wrap\">\n\t\t\t\t\t\t<div class=\"elementor-element elementor-element-4d40e18 elementor-widget elementor-widget-m5c\" data-id=\"4d40e18\" data-element_type=\"widget\" data-widget_type=\"m5c.default\">\n\t\t\t\t<div class=\"elementor-widget-container\">\n\t\t\t<section class=\"mn-m5-c mn-bg-white\">\n\t<div class=\"mn-grid\">\n\t\t            <div class=\"mn-menu-container mn-grid-3\">\n                <ul class=\"mn-bg-yellow\">\n\t                                        <li>\n                            <a href=\"#\" class=\"active\" data-hash=\"#\">\n                                Didactic activity                            <\/a>\n                        <\/li>\n                                        <\/ul>\n            <\/div>\n\t        \t\t<div class=\"mn-content mn-grid-8\">\n\t\t\t                <div class=\"mn-content-block active\">\n\t                                                        <div class=\"mn-cards-list\">\n                                            <div class=\"mn-card-container\">\n                                                <div>\n                                                    <img src=\"https:\/\/up.lublin.pl\/weterynaria\/wp-content\/themes\/up-lublin\/assets\/images\/doc-ico.svg\" alt=\"\" \/>\n                                                    <h5>Elective subject - herpetology with elements of herpetoculture<\/h5>\n                                                <\/div>\n                                                <a href=\"https:\/\/up.lublin.pl\/weterynaria\/en\/about-faculty\/didactic-units\/sub-department-of-parasitology-and-invasive-diseases\/herpetology-with-elements-of-herpetoculture\/\" class=\"mn-more\" target=\"_blank\">Read more<\/a>\n                                            <\/div>\n                                        <\/div>\n\t\t\t\t\t\t                                                        <div class=\"mn-cards-list\">\n                                            <div class=\"mn-card-container\">\n                                                <div>\n                                                    <img src=\"https:\/\/up.lublin.pl\/weterynaria\/wp-content\/themes\/up-lublin\/assets\/images\/doc-ico.svg\" alt=\"\" \/>\n                                                    <h5>Parasitology and Invasiology <\/h5>\n                                                <\/div>\n                                                <a href=\"https:\/\/up.lublin.pl\/weterynaria\/en\/about-faculty\/didactic-units\/sub-department-of-parasitology-and-invasive-diseases\/parasitology-and-invasiology\/\" class=\"mn-more\" target=\"_blank\">Read more<\/a>\n                                            <\/div>\n                                        <\/div>\n\t\t\t\t\t\t                                                        <ul class=\"mn-accordion\">\n                                            <li>\n                                                <h4 class=\"mn-accordion-title\">Diseases of amphibians and reptiles <\/h4>\n                                                <div>\n\t\t\t\t\t\t\t\t\t                <p><strong>General information:<\/strong><\/p>\n<p>Diseases of amphibians and reptiles course covers 1 semester and 15didactic hours.<\/p>\n<p>Lectures and classes are in weekly intervals.<\/p>\n<p>Students gain knowledge about the most important diseases, treatment and prevention amphibians and reptiles.<\/p>\n<p>Detailed rules of the classes and work safety will be described during the first class.<\/p>\n<p>Detailed description of topics are available in Syllabus.<\/p>\n<p>Lectures are held in room no 433 \u2013 Collegium Veterinarium (2nd floor)<\/p>\n<p>Classes are held in laboratory no 442 \u2013 Collegium Veterinarium (2nd floor)<\/p>\n<p>Person responsible for Diseases of amphibians and reptiles:<\/p>\n<p>DVM, PhD Klaudiusz Szczepaniak \u2013 Collegium Veterinarium, room no 433 (2nd floor)<\/p>\n<p>klaudiusz.szczepaniak@up.lublin.pl<\/p>\n<p>White coat is required for practical classes.<\/p>\n<p><strong>Lectures<\/strong><\/p>\n<ul>\n<li>1, 2 Characteristics of the most common species of reptiles and amphibians in veterinary practice<\/li>\n<li>2, 3 Breeding, holding and transport systems<\/li>\n<li>4, 5 Safety rules for working with reptiles and amphibians<\/li>\n<li>6.7 Legal requirements and necessary documentation when working with exotic animals in Poland and European Union countries<\/li>\n<li>8.9 Equipment of a&nbsp;diagnostic laboratory adapted to the diagnosis of diseases of reptiles and amphibians<\/li>\n<li>10 Anatomical basics of biological sampling from reptiles and amphibians<\/li>\n<li>11 Parasitic diseases of reptiles and amphibians<\/li>\n<li>12 Infectious diseases of reptiles and amphibians<\/li>\n<li>13 Non-communicable diseases in reptiles and amphibians<\/li>\n<li>14, 15 Additional test used in the diagnosis of diseases of reptiles and amphibians<\/li>\n<\/ul>\n<p><strong>Classes<\/strong> <span style=\"font-size: 12px\">(L &#8211; laboratory, A&nbsp;&#8211; auditorium)<\/span><\/p>\n<p><span style=\"font-size: 12px\">(total number of training hours: 15, including: L&nbsp;-10, A&nbsp;-5, ) H<\/span><\/p>\n<ol>\n<li><span style=\"font-size: 12px\">sampling diagnostic material from various species of reptiles and amphibians<\/span><\/li>\n<li><span style=\"font-size: 12px\">Post-mortem examination and post-mortem biological sampling L.<\/span><\/li>\n<li><span style=\"font-size: 12px\">Basic laboratory techniques in the diagnosis of reptiles and amphibians. A<\/span><\/li>\n<li><span style=\"font-size: 12px\">Parasitological examination of L.<\/span><\/li>\n<li><span style=\"font-size: 12px\">Microbiological examination of L<\/span><\/li>\n<li><span style=\"font-size: 12px\">Morphological and biochemical examination of the blood of reptiles and amphibians L<\/span><\/li>\n<li><span style=\"font-size: 12px\">Pathological section L<\/span><\/li>\n<li><span style=\"font-size: 12px\">The most common viral diseases L.<\/span><\/li>\n<li><span style=\"font-size: 12px\">The most common bacterial diseases L.<\/span><\/li>\n<li><span style=\"font-size: 12px\">The most common fungal diseases of L.<\/span><\/li>\n<li><span style=\"font-size: 12px\">The most common parasitic diseases L.<\/span><\/li>\n<li><span style=\"font-size: 12px\">Principles of administration and use of drugs in reptiles and amphibians<\/span><\/li>\n<li><span style=\"font-size: 12px\">Drug dosing for reptiles and amphibians A.<\/span><\/li>\n<li><span style=\"font-size: 12px\">Basic principles of sedation and anesthesia in reptiles and amphibians<\/span><\/li>\n<li><span style=\"font-size: 12px\">Basic surgical procedures on reptiles and amphibians L.<\/span><\/li>\n<\/ol>\n<p>Literature:<\/p>\n<ol>\n<li><span style=\"font-size: 12px\">Exotic Animal Formulary, autor: James W. Carpenter MS DVM Dipl ACZM, Saunders; 3 edition (December 28,2004)<\/span><\/li>\n<li><span style=\"font-size: 12px\">Infectious Diseases and Pathology of Reptiles: Color Atlas and Text, autor: Elliott Jacobson, CRC Press; 1 edition (April 11, 2007)<\/span><\/li>\n<li><span style=\"font-size: 12px\">Medicine and Surgery of Tortoises and Turtles. Stuart McArthur, Roger Wilkinson, Jean Meyer., Blackwell publishing, 2004<\/span><\/li>\n<li><span style=\"font-size: 12px\">Powszechnie wyst\u0119puj\u0105ce choroby gad\u00f3w i&nbsp;ich terapia &#8211; S. P. MessonnierWydawca SIMA WLW Rok wydania 1998<\/span><\/li>\n<li><span style=\"font-size: 12px\">Praktyka kliniczna : zwierz\u0119ta egzotyczne. Ssaki, ptaki i&nbsp;zwierz\u0119ta zmiennocieplne. AUTOR: KARL GABRISCH, PEERNEL ZWART. Wydawca: Galaktyka, ISBN: 978-83-7579-099-3<\/span><\/li>\n<li><span style=\"font-size: 12px\">Reptile Medicine and Surgery. autor: Douglas R. Mader MS DVM, Saunders; 2 edition 2007<\/span><\/li>\n<li><span style=\"font-size: 12px\">Understanding Reptile Parasites: A&nbsp;Basic Manual for Herpetoculturists &amp; Veterinarians : Roger Klingenberg, Advanced Vivarium Systems (June 1, 1997)<\/span><\/li>\n<\/ol>\n                                                <\/div>\n                                            <\/li>\n                                        <\/ul>\n\t\t\t\t\t\t                                                        <div class=\"block-text\">\n\t                                        <p><strong><span class=\"VIiyi\" lang=\"en\" style=\"color: #0000ff\"><span class=\"JLqJ4b ChMk0b\" data-language-for-alternatives=\"en\" data-language-to-translate-into=\"pl\" data-phrase-index=\"0\">useful pages and links:<\/span> <\/span><\/strong><\/p>\n<ul>\n<li>CDC Division of Parasitic Disease \u2013 https:\/\/www.cdc.gov\/parasites\/<\/li>\n<li>ECDC European Center for Disease Control \u2013 https:\/\/www.ecdc.europa.eu\/en<\/li>\n<li>EDEN Emerg Dis Changing European Environ \u2013 http:\/\/www.eden-fp6project.net\/<\/li>\n<li>ESCCAP European Scientific Counsel Companion Animal Parasites \u2013 https:\/\/www.esccap.org\/<\/li>\n<li>ESGCP ESCMID group clinical parasitology \u2013 https:\/\/www.escmid.org\/research_projects\/study_groups\/study_groups_a_f\/clinical_parasitology\/<\/li>\n<li>EVPC European Vet Parasitology College \u2013 http:\/\/www.eurovetpar.org\/<\/li>\n<li>OIE World Organisation Animal Health \u2013 https:\/\/www.oie.int\/en\/home\/?id=1&amp;L=0<\/li>\n<li>SCIENTIFIC PARASITOLOGICAL JOURNALS \u2013 https:\/\/www.wfpnet.org\/links\/publications\/<\/li>\n<li>THE COCCIDIA OF THE WORLD \u2013 https:\/\/www.k-state.edu\/parasitology\/worldcoccidia\/<\/li>\n<li>Web Atlas Medical Parasitology (Korea) \u2013 http:\/\/www.atlas.or.kr\/about\/index.html<\/li>\n<li>WFP World Federation of Parasitologists \u2013 https:\/\/www.wfpnet.org\/<\/li>\n<li>WHO World health Organisation \u2013 https:\/\/www.who.int\/en\/<\/li>\n<\/ul>\n                                        <\/div>\n\t\t\t\t\t\t                                <\/div>\n\t\t\t\t\t\t<\/div>\n\t<\/div>\n<\/section>\n\t\t<\/div>\n\t\t\t\t<\/div>\n\t\t\t\t\t\t<\/div>\n\t\t\t\t\t<\/div>\n\t\t<\/div>\n\t\t\t\t\t\t\t\t<\/div>\n\t\t\t\t\t<\/div>\n\t\t<\/section>\n\t\t\t\t\t\t<\/div>\n\t\t\t\t\t\t<\/div>\n\t\t\t\t\t<\/div>\n\t\t","protected":false},"excerpt":{"rendered":"<p>Sub-Department of Parasitology and Invasive Diseases UP Wydzia\u0142 Medycyny Weterynaryjnej Didactic activity Elective subject &#8211; herpetology with elements of herpetoculture Zobacz Parasitology and Invasiology Zobacz Diseases of amphibians and reptiles General information: Diseases of amphibians and reptiles course covers 1 semester and 15didactic hours. Lectures and classes are in weekly intervals. Students gain knowledge about [&hellip;]<\/p>\n","protected":false},"author":2,"featured_media":0,"parent":140878,"menu_order":0,"comment_status":"closed","ping_status":"closed","template":"elementor_header_footer","meta":{"_monsterinsights_skip_tracking":false,"_monsterinsights_sitenote_active":false,"_monsterinsights_sitenote_note":"","_monsterinsights_sitenote_category":0},"_links":{"self":[{"href":"https:\/\/up.lublin.pl\/weterynaria\/en\/wp-json\/wp\/v2\/pages\/142833"}],"collection":[{"href":"https:\/\/up.lublin.pl\/weterynaria\/en\/wp-json\/wp\/v2\/pages"}],"about":[{"href":"https:\/\/up.lublin.pl\/weterynaria\/en\/wp-json\/wp\/v2\/types\/page"}],"author":[{"embeddable":true,"href":"https:\/\/up.lublin.pl\/weterynaria\/en\/wp-json\/wp\/v2\/users\/2"}],"replies":[{"embeddable":true,"href":"https:\/\/up.lublin.pl\/weterynaria\/en\/wp-json\/wp\/v2\/comments?post=142833"}],"version-history":[{"count":59,"href":"https:\/\/up.lublin.pl\/weterynaria\/en\/wp-json\/wp\/v2\/pages\/142833\/revisions"}],"predecessor-version":[{"id":158053,"href":"https:\/\/up.lublin.pl\/weterynaria\/en\/wp-json\/wp\/v2\/pages\/142833\/revisions\/158053"}],"up":[{"embeddable":true,"href":"https:\/\/up.lublin.pl\/weterynaria\/en\/wp-json\/wp\/v2\/pages\/140878"}],"wp:attachment":[{"href":"https:\/\/up.lublin.pl\/weterynaria\/en\/wp-json\/wp\/v2\/media?parent=142833"}],"curies":[{"name":"wp","href":"https:\/\/api.w.org\/{rel}","templated":true}]}}