{"id":142652,"date":"2021-05-20T12:46:58","date_gmt":"2021-05-20T10:46:58","guid":{"rendered":"https:\/\/up.lublin.pl\/weterynaria\/?page_id=142652"},"modified":"2021-10-20T08:59:23","modified_gmt":"2021-10-20T06:59:23","slug":"histology","status":"publish","type":"page","link":"https:\/\/up.lublin.pl\/weterynaria\/en\/about-faculty\/structure-and-employees\/histology\/","title":{"rendered":"Department of Animal Anatomy and Histology"},"content":{"rendered":"\t\t<div data-elementor-type=\"wp-page\" data-elementor-id=\"142652\" class=\"elementor elementor-142652 elementor-146309\" data-elementor-settings=\"[]\">\n\t\t\t\t\t\t<div class=\"elementor-inner\">\n\t\t\t\t\t\t\t<div class=\"elementor-section-wrap\">\n\t\t\t\t\t\t\t<section class=\"elementor-section elementor-top-section elementor-element elementor-element-7c09314 elementor-section-boxed elementor-section-height-default elementor-section-height-default\" data-id=\"7c09314\" data-element_type=\"section\">\n\t\t\t\t\t\t<div class=\"elementor-container elementor-column-gap-default\">\n\t\t\t\t\t\t\t<div class=\"elementor-row\">\n\t\t\t\t\t<div class=\"elementor-column elementor-col-100 elementor-top-column elementor-element elementor-element-0ed6921\" data-id=\"0ed6921\" data-element_type=\"column\">\n\t\t\t<div class=\"elementor-column-wrap elementor-element-populated\">\n\t\t\t\t\t\t\t<div class=\"elementor-widget-wrap\">\n\t\t\t\t\t\t<div class=\"elementor-element elementor-element-4d8a5ed elementor-widget elementor-widget-m2k\" data-id=\"4d8a5ed\" data-element_type=\"widget\" data-widget_type=\"m2k.default\">\n\t\t\t\t<div class=\"elementor-widget-container\">\n\t\t\t<section class=\"mn-m2-d mn-bg-green\">\n    <div class=\"mn-grid\">\n        <div class=\"mn-grid-12 mn-introtext\">\n                            <h3>\n                    Department of Animal Anatomy and Histology                <\/h3>\n                        <\/div>\n    <\/div>\n    <\/section>\n\t\t<\/div>\n\t\t\t\t<\/div>\n\t\t\t\t\t\t<\/div>\n\t\t\t\t\t<\/div>\n\t\t<\/div>\n\t\t\t\t\t\t\t\t<\/div>\n\t\t\t\t\t<\/div>\n\t\t<\/section>\n\t\t\t\t<section class=\"elementor-section elementor-top-section elementor-element elementor-element-888fea3 elementor-section-boxed elementor-section-height-default elementor-section-height-default\" data-id=\"888fea3\" data-element_type=\"section\">\n\t\t\t\t\t\t<div class=\"elementor-container elementor-column-gap-default\">\n\t\t\t\t\t\t\t<div class=\"elementor-row\">\n\t\t\t\t\t<div class=\"elementor-column elementor-col-100 elementor-top-column elementor-element elementor-element-788add4\" data-id=\"788add4\" data-element_type=\"column\">\n\t\t\t<div class=\"elementor-column-wrap elementor-element-populated\">\n\t\t\t\t\t\t\t<div class=\"elementor-widget-wrap\">\n\t\t\t\t\t\t<div class=\"elementor-element elementor-element-c18a524 elementor-widget elementor-widget-m4a\" data-id=\"c18a524\" data-element_type=\"widget\" data-widget_type=\"m4a.default\">\n\t\t\t\t<div class=\"elementor-widget-container\">\n\t\t\t\t<section class=\"mn-m4_b mn-bg-green\">\n\t\t\t\t<div class=\"mn-grid\">\n\t\t\t\t\t\t\t<div class=\"mn-grid-6 mn-kat-m4-container\">\n\t\t\t\t\t\t\t\t\t\t\t\t\t\t\t\t<h3>Sub-Department of Animal Anatomy<\/h3>\n\t\t\t\t\t\t\t\t\t\t\t\t\t\t\t\t\t\t\t\t\t\t<a href=\"https:\/\/up.lublin.pl\/weterynaria\/en\/about-faculty\/structure-and-employees\/histology\/sub-department-of-animal-anatomy\/\" class=\"mn-more\">Read more<\/a>\n\t\t\t\t\t\t\t\t\t\t<\/div>\n\t\t\t\t\t\t\t\t<div class=\"mn-grid-6 mn-kat-m4-container\">\n\t\t\t\t\t\t\t\t\t\t\t\t\t\t\t\t<h3>Sub-Department of Histology and Embryology<\/h3>\n\t\t\t\t\t\t\t\t\t\t\t\t\t\t\t\t\t\t\t\t\t\t<a href=\"https:\/\/up.lublin.pl\/weterynaria\/en\/about-faculty\/structure-and-employees\/histology\/sub-department-of-histology-and-embryology\/\" class=\"mn-more\">Read more<\/a>\n\t\t\t\t\t\t\t\t\t\t<\/div>\n\t\t\t\t\t\t<\/div>\n\t<\/section>\n\t\t\t<\/div>\n\t\t\t\t<\/div>\n\t\t\t\t\t\t<\/div>\n\t\t\t\t\t<\/div>\n\t\t<\/div>\n\t\t\t\t\t\t\t\t<\/div>\n\t\t\t\t\t<\/div>\n\t\t<\/section>\n\t\t\t\t\t\t<\/div>\n\t\t\t\t\t\t<\/div>\n\t\t\t\t\t<\/div>\n\t\t","protected":false},"excerpt":{"rendered":"<p>Department of Animal Anatomy and Histology UP Wydzia\u0142 Medycyny Weterynaryjnej Sub-Department of Animal Anatomy Zobacz wi\u0119cej Sub-Department of Histology and Embryology Zobacz wi\u0119cej<\/p>\n","protected":false},"author":2,"featured_media":0,"parent":140878,"menu_order":0,"comment_status":"closed","ping_status":"closed","template":"elementor_header_footer","meta":{"_monsterinsights_skip_tracking":false,"_monsterinsights_sitenote_active":false,"_monsterinsights_sitenote_note":"","_monsterinsights_sitenote_category":0},"_links":{"self":[{"href":"https:\/\/up.lublin.pl\/weterynaria\/en\/wp-json\/wp\/v2\/pages\/142652"}],"collection":[{"href":"https:\/\/up.lublin.pl\/weterynaria\/en\/wp-json\/wp\/v2\/pages"}],"about":[{"href":"https:\/\/up.lublin.pl\/weterynaria\/en\/wp-json\/wp\/v2\/types\/page"}],"author":[{"embeddable":true,"href":"https:\/\/up.lublin.pl\/weterynaria\/en\/wp-json\/wp\/v2\/users\/2"}],"replies":[{"embeddable":true,"href":"https:\/\/up.lublin.pl\/weterynaria\/en\/wp-json\/wp\/v2\/comments?post=142652"}],"version-history":[{"count":16,"href":"https:\/\/up.lublin.pl\/weterynaria\/en\/wp-json\/wp\/v2\/pages\/142652\/revisions"}],"predecessor-version":[{"id":153282,"href":"https:\/\/up.lublin.pl\/weterynaria\/en\/wp-json\/wp\/v2\/pages\/142652\/revisions\/153282"}],"up":[{"embeddable":true,"href":"https:\/\/up.lublin.pl\/weterynaria\/en\/wp-json\/wp\/v2\/pages\/140878"}],"wp:attachment":[{"href":"https:\/\/up.lublin.pl\/weterynaria\/en\/wp-json\/wp\/v2\/media?parent=142652"}],"curies":[{"name":"wp","href":"https:\/\/api.w.org\/{rel}","templated":true}]}}